{"id":3694,"date":"2015-03-11T23:23:13","date_gmt":"2015-03-11T23:23:13","guid":{"rendered":"http:\/\/leathershopdoci.nl\/shop\/leren-jas-heren-versano-tr44-bruin\/"},"modified":"2020-10-10T10:24:15","modified_gmt":"2020-10-10T10:24:15","slug":"leren-jas-heren-versano-tr44-bruin","status":"publish","type":"product","link":"https:\/\/versano.nl\/es\/shop\/leren-jas-heren-versano-tr44-bruin\/","title":{"rendered":"mirada chaqueta de motociclista de los hombres de cuero marr\u00f3n de Versano"},"content":{"rendered":"<h2>mirada chaqueta de motociclista de los hombres de cuero marr\u00f3n de Versano<\/h2>\n<p>mirada chaqueta de motociclista de los hombres de cuero marr\u00f3n de Versano que llevar un abrigo en la casa que est\u00e1 seguro de amar. Este modelo robusto est\u00e1 hecha de piel de cordero suave. Se trata de un material que no s\u00f3lo es muy resistente, pero tambi\u00e9n es otra agradable. Es una chaqueta que puede detener la confianza en la m\u00e1quina, ya que este material perfectamente lavados. En otras palabras, como la capa crece, simplemente se ver\u00e1 mejor! Es una chaqueta fresco, que se debe principalmente a los elementos motorista similar que se pueden encontrar en los hombros.<\/p>\n<h3>Ordenar una chaqueta marr\u00f3n de los hombres de cuero de Versano en la mirada del motorista<\/h3>\n<p>Con esta chaqueta puede estar seguro de que pronto tendr\u00e1 una nueva capa a los hombros cuelgan en el que se puede ver en. La chaqueta tiene un acabado con dos bolsillos laterales rectas, as\u00ed como un par de bolsillos en el pecho. Se trata de una chaqueta en la que comienza a sentirse c\u00f3modo en. Nosotros recomendamos reservar con nosotros esta capa y tan seguro de que usted ha comprado una nueva capa fina. M\u00e1s informaci\u00f3n sobre este producto? Le recomendamos que simplemente env\u00eda un correo electr\u00f3nico a Versano. Se trata de siete d\u00edas a la semana.<\/p>\n<p>marca: <a href=\"https:\/\/versano.nl\/\" target=\"_blank\" rel=\"noopener noreferrer\">Versano<\/a><br \/>\nMaterial: 100% piel de cordero<br \/>\nForro: 100% poli\u00e9ster<br \/>\nlongitud: corto<br \/>\nPoner: muebles italianos (corre)<br \/>\nCierre: cremallera<br \/>\nBolsillos: bolsillo con cremallera<br \/>\nCollar: de pie cuello<br \/>\ncapa externa de material: Muy alta calidad y suave piel de cordero<br \/>\nTiempo: 1-3 d\u00edas<\/p>","protected":false},"excerpt":{"rendered":"<p>Bruine leren herenjas bikerlook van Versano Met de bruine leren herenjas bikerlook van Versano haalt u een jas in huis die u zeker zal bevallen. Dit stoere model is geheel gemaakt van soepel lamsleer. Dit is een materiaal dat niet alleen zeer duurzaam is, maar dat ook nog eens prettig [&hellip;]<\/p>\n","protected":false},"featured_media":13886,"comment_status":"closed","ping_status":"closed","template":"","meta":[],"product_brand":[],"product_cat":[147,908,913,910],"product_tag":[516,78,517,307,23,24],"class_list":{"0":"post-3694","1":"product","2":"type-product","3":"status-publish","4":"has-post-thumbnail","6":"product_cat-heren-leren-jassen","7":"product_cat-leren-heren-jassen","8":"product_cat-leren-jassen-heren-uitverkoop","9":"product_cat-leren-jassen-heren","10":"product_tag-bruine-leren-biker-jack-heren","11":"product_tag-heren-biker-jack-bruin","12":"product_tag-leren-heren-biker-jack-bruin","13":"product_tag-leren-heren-jas-bruin","14":"product_tag-motorjacks-heren","15":"product_tag-stoer-jasje-heren","16":"tm-no-options","18":"first","19":"outofstock","20":"taxable","21":"shipping-taxable","22":"product-type-variable"},"yoast_head":"<!-- This site is optimized with the Yoast SEO plugin v27.2 - https:\/\/yoast.com\/product\/yoast-seo-wordpress\/ -->\n<title>heren biker jack bruin, Bruine leren herenjas bikerlook van Versano<\/title>\n<meta name=\"description\" content=\"Met de mooie bikerachtige look op de schouders en mouwen, is Bruine leren herenjas bikerlook van Versano, met recht een top 3 jas! Naast de borstzakjes\" \/>\n<meta name=\"robots\" content=\"index, follow, max-snippet:-1, max-image-preview:large, max-video-preview:-1\" \/>\n<link rel=\"canonical\" href=\"https:\/\/versano.nl\/es\/shop\/leren-jas-heren-versano-tr44-bruin\/\" \/>\n<meta property=\"og:locale\" content=\"es_ES\" \/>\n<meta property=\"og:type\" content=\"article\" \/>\n<meta property=\"og:title\" content=\"heren biker jack bruin, Bruine leren herenjas bikerlook van Versano\" \/>\n<meta property=\"og:description\" content=\"Met de mooie bikerachtige look op de schouders en mouwen, is Bruine leren herenjas bikerlook van Versano, met recht een top 3 jas! Naast de borstzakjes\" \/>\n<meta property=\"og:url\" content=\"https:\/\/versano.nl\/es\/shop\/leren-jas-heren-versano-tr44-bruin\/\" \/>\n<meta property=\"og:site_name\" content=\"Versano\" \/>\n<meta property=\"article:modified_time\" content=\"2020-10-10T10:24:15+00:00\" \/>\n<meta property=\"og:image\" content=\"https:\/\/versano.nl\/wp-content\/uploads\/2019\/11\/leren-jas-heren-bruin-TR44-versano-voorkant-model3.jpg\" \/>\n\t<meta property=\"og:image:width\" content=\"900\" \/>\n\t<meta property=\"og:image:height\" content=\"1176\" \/>\n\t<meta property=\"og:image:type\" content=\"image\/jpeg\" \/>\n<meta name=\"twitter:card\" content=\"summary_large_image\" \/>\n<meta name=\"twitter:label1\" content=\"Tiempo de lectura\" \/>\n\t<meta name=\"twitter:data1\" content=\"1 minuto\" \/>\n<script type=\"application\/ld+json\" class=\"yoast-schema-graph\">{\"@context\":\"https:\/\/schema.org\",\"@graph\":[{\"@type\":\"WebPage\",\"@id\":\"https:\/\/versano.nl\/en\/shop\/leren-jas-heren-versano-tr44-bruin\/\",\"url\":\"https:\/\/versano.nl\/en\/shop\/leren-jas-heren-versano-tr44-bruin\/\",\"name\":\"heren biker jack bruin, Bruine leren herenjas bikerlook van Versano\",\"isPartOf\":{\"@id\":\"https:\/\/versano.nl\/#website\"},\"primaryImageOfPage\":{\"@id\":\"https:\/\/versano.nl\/en\/shop\/leren-jas-heren-versano-tr44-bruin\/#primaryimage\"},\"image\":{\"@id\":\"https:\/\/versano.nl\/en\/shop\/leren-jas-heren-versano-tr44-bruin\/#primaryimage\"},\"thumbnailUrl\":\"https:\/\/versano.nl\/wp-content\/uploads\/2019\/11\/leren-jas-heren-bruin-TR44-versano-voorkant-model3.jpg\",\"datePublished\":\"2015-03-11T23:23:13+00:00\",\"dateModified\":\"2020-10-10T10:24:15+00:00\",\"description\":\"Met de mooie bikerachtige look op de schouders en mouwen, is Bruine leren herenjas bikerlook van Versano, met recht een top 3 jas! Naast de borstzakjes\",\"breadcrumb\":{\"@id\":\"https:\/\/versano.nl\/en\/shop\/leren-jas-heren-versano-tr44-bruin\/#breadcrumb\"},\"inLanguage\":\"es\",\"potentialAction\":[{\"@type\":\"ReadAction\",\"target\":[\"https:\/\/versano.nl\/en\/shop\/leren-jas-heren-versano-tr44-bruin\/\"]}]},{\"@type\":\"ImageObject\",\"inLanguage\":\"es\",\"@id\":\"https:\/\/versano.nl\/en\/shop\/leren-jas-heren-versano-tr44-bruin\/#primaryimage\",\"url\":\"https:\/\/versano.nl\/wp-content\/uploads\/2019\/11\/leren-jas-heren-bruin-TR44-versano-voorkant-model3.jpg\",\"contentUrl\":\"https:\/\/versano.nl\/wp-content\/uploads\/2019\/11\/leren-jas-heren-bruin-TR44-versano-voorkant-model3.jpg\",\"width\":900,\"height\":1176,\"caption\":\"leren-jas-heren-bruin-TR44-versano-voorkant-model3\"},{\"@type\":\"BreadcrumbList\",\"@id\":\"https:\/\/versano.nl\/en\/shop\/leren-jas-heren-versano-tr44-bruin\/#breadcrumb\",\"itemListElement\":[{\"@type\":\"ListItem\",\"position\":1,\"name\":\"Home\",\"item\":\"https:\/\/versano.nl\/\"},{\"@type\":\"ListItem\",\"position\":2,\"name\":\"Shop\",\"item\":\"https:\/\/versano.nl\/shop\/\"},{\"@type\":\"ListItem\",\"position\":3,\"name\":\"Bruine leren herenjas bikerlook van Versano\"}]},{\"@type\":\"WebSite\",\"@id\":\"https:\/\/versano.nl\/#website\",\"url\":\"https:\/\/versano.nl\/\",\"name\":\"Versano\",\"description\":\"winterjassen met bontkraag | leren dames jassen | leren heren jassen\",\"potentialAction\":[{\"@type\":\"SearchAction\",\"target\":{\"@type\":\"EntryPoint\",\"urlTemplate\":\"https:\/\/versano.nl\/?s={search_term_string}\"},\"query-input\":{\"@type\":\"PropertyValueSpecification\",\"valueRequired\":true,\"valueName\":\"search_term_string\"}}],\"inLanguage\":\"es\"}]}<\/script>\n<!-- \/ Yoast SEO plugin. -->","yoast_head_json":{"title":"chaqueta biker para hombre marr\u00f3n, chaqueta de cuero marr\u00f3n, look motero de Versano","description":"Con la hermosa apariencia de motorista en los hombros y las mangas, la chaqueta de cuero marr\u00f3n para hombre de Versano es una de las 3 mejores. Al lado de los bolsillos del pecho","robots":{"index":"index","follow":"follow","max-snippet":"max-snippet:-1","max-image-preview":"max-image-preview:large","max-video-preview":"max-video-preview:-1"},"canonical":"https:\/\/versano.nl\/es\/shop\/leren-jas-heren-versano-tr44-bruin\/","og_locale":"es_ES","og_type":"article","og_title":"heren biker jack bruin, Bruine leren herenjas bikerlook van Versano","og_description":"Met de mooie bikerachtige look op de schouders en mouwen, is Bruine leren herenjas bikerlook van Versano, met recht een top 3 jas! Naast de borstzakjes","og_url":"https:\/\/versano.nl\/es\/shop\/leren-jas-heren-versano-tr44-bruin\/","og_site_name":"Versano","article_modified_time":"2020-10-10T10:24:15+00:00","og_image":[{"width":900,"height":1176,"url":"https:\/\/versano.nl\/wp-content\/uploads\/2019\/11\/leren-jas-heren-bruin-TR44-versano-voorkant-model3.jpg","type":"image\/jpeg"}],"twitter_card":"summary_large_image","twitter_misc":{"Tiempo de lectura":"1 minuto"},"schema":{"@context":"https:\/\/schema.org","@graph":[{"@type":"WebPage","@id":"https:\/\/versano.nl\/en\/shop\/leren-jas-heren-versano-tr44-bruin\/","url":"https:\/\/versano.nl\/en\/shop\/leren-jas-heren-versano-tr44-bruin\/","name":"chaqueta biker para hombre marr\u00f3n, chaqueta de cuero marr\u00f3n, look motero de Versano","isPartOf":{"@id":"https:\/\/versano.nl\/#website"},"primaryImageOfPage":{"@id":"https:\/\/versano.nl\/en\/shop\/leren-jas-heren-versano-tr44-bruin\/#primaryimage"},"image":{"@id":"https:\/\/versano.nl\/en\/shop\/leren-jas-heren-versano-tr44-bruin\/#primaryimage"},"thumbnailUrl":"https:\/\/versano.nl\/wp-content\/uploads\/2019\/11\/leren-jas-heren-bruin-TR44-versano-voorkant-model3.jpg","datePublished":"2015-03-11T23:23:13+00:00","dateModified":"2020-10-10T10:24:15+00:00","description":"Con la hermosa apariencia de motorista en los hombros y las mangas, la chaqueta de cuero marr\u00f3n para hombre de Versano es una de las 3 mejores. Al lado de los bolsillos del pecho","breadcrumb":{"@id":"https:\/\/versano.nl\/en\/shop\/leren-jas-heren-versano-tr44-bruin\/#breadcrumb"},"inLanguage":"es","potentialAction":[{"@type":"ReadAction","target":["https:\/\/versano.nl\/en\/shop\/leren-jas-heren-versano-tr44-bruin\/"]}]},{"@type":"ImageObject","inLanguage":"es","@id":"https:\/\/versano.nl\/en\/shop\/leren-jas-heren-versano-tr44-bruin\/#primaryimage","url":"https:\/\/versano.nl\/wp-content\/uploads\/2019\/11\/leren-jas-heren-bruin-TR44-versano-voorkant-model3.jpg","contentUrl":"https:\/\/versano.nl\/wp-content\/uploads\/2019\/11\/leren-jas-heren-bruin-TR44-versano-voorkant-model3.jpg","width":900,"height":1176,"caption":"leren-jas-heren-bruin-TR44-versano-voorkant-model3"},{"@type":"BreadcrumbList","@id":"https:\/\/versano.nl\/en\/shop\/leren-jas-heren-versano-tr44-bruin\/#breadcrumb","itemListElement":[{"@type":"ListItem","position":1,"name":"Home","item":"https:\/\/versano.nl\/"},{"@type":"ListItem","position":2,"name":"Shop","item":"https:\/\/versano.nl\/shop\/"},{"@type":"ListItem","position":3,"name":"Bruine leren herenjas bikerlook van Versano"}]},{"@type":"WebSite","@id":"https:\/\/versano.nl\/#website","url":"https:\/\/versano.nl\/","name":"Versano","description":"abrigos de invierno con cuello de piel | chaquetas de cuero para mujer | chaquetas de cuero para hombre","potentialAction":[{"@type":"SearchAction","target":{"@type":"EntryPoint","urlTemplate":"https:\/\/versano.nl\/?s={search_term_string}"},"query-input":{"@type":"PropertyValueSpecification","valueRequired":true,"valueName":"search_term_string"}}],"inLanguage":"es"}]}},"_links":{"self":[{"href":"https:\/\/versano.nl\/es\/wp-json\/wp\/v2\/product\/3694","targetHints":{"allow":["GET"]}}],"collection":[{"href":"https:\/\/versano.nl\/es\/wp-json\/wp\/v2\/product"}],"about":[{"href":"https:\/\/versano.nl\/es\/wp-json\/wp\/v2\/types\/product"}],"replies":[{"embeddable":true,"href":"https:\/\/versano.nl\/es\/wp-json\/wp\/v2\/comments?post=3694"}],"wp:featuredmedia":[{"embeddable":true,"href":"https:\/\/versano.nl\/es\/wp-json\/wp\/v2\/media\/13886"}],"wp:attachment":[{"href":"https:\/\/versano.nl\/es\/wp-json\/wp\/v2\/media?parent=3694"}],"wp:term":[{"taxonomy":"product_brand","embeddable":true,"href":"https:\/\/versano.nl\/es\/wp-json\/wp\/v2\/product_brand?post=3694"},{"taxonomy":"product_cat","embeddable":true,"href":"https:\/\/versano.nl\/es\/wp-json\/wp\/v2\/product_cat?post=3694"},{"taxonomy":"product_tag","embeddable":true,"href":"https:\/\/versano.nl\/es\/wp-json\/wp\/v2\/product_tag?post=3694"}],"curies":[{"name":"wp","href":"https:\/\/api.w.org\/{rel}","templated":true}]}}