{"id":343,"date":"2017-04-12T19:38:16","date_gmt":"2017-04-12T19:38:16","guid":{"rendered":"https:\/\/leathershopdoci.nl\/shop\/imitatieleren-dames-jas-zwart-miami-new\/"},"modified":"2026-04-19T11:47:30","modified_gmt":"2026-04-19T11:47:30","slug":"imitatieleren-dames-jas-zwart-miami-new","status":"publish","type":"product","link":"https:\/\/versano.nl\/es\/shop\/imitatieleren-dames-jas-zwart-miami-new\/","title":{"rendered":"Chaqueta de cuero de imitaci\u00f3n para mujer negra Miami Versano"},"content":{"rendered":"<h2>Chaqueta de cuero de imitaci\u00f3n para mujer negra Miami Versano<\/h2>\n<p>\u00bfEst\u00e1s buscando un modelo de chaqueta de mujer genial con aspecto de motociclista, pero en s\u00edmil piel o s\u00edmil piel? Entonces te recomendamos que eches un vistazo a esta chaqueta Versano. Esta es una hermosa chaqueta que se ve perfecta en cada detalle y te quedar\u00e1 perfectamente. Los dise\u00f1adores han confeccionado la chaqueta completamente en italiano, con el resultado de que obtienes una chaqueta que se ajustar\u00e1 perfectamente a tu cuerpo. Adem\u00e1s del elegante color negro, tambi\u00e9n vendemos esta chaqueta en otros seis colores diferentes. Con esta chaqueta tambi\u00e9n est\u00e1s bien equipado en t\u00e9rminos de bolsillos. La chaqueta de piel de imitaci\u00f3n para mujer negra Miami Versano est\u00e1 equipada con dos bolsillos laterales y dos bolsillos en el pecho, que se pueden cerrar con una cremallera. La chaqueta tambi\u00e9n tiene un pr\u00e1ctico bolsillo interior. Este es de nuevo uno de los hermosos modelos de la colecci\u00f3n de chaquetas de s\u00edmil piel, pero para los que no son suficientes, tenemos la versi\u00f3n de piel de cordero de las Miami. Puede encontrar f\u00e1cilmente el tama\u00f1o correcto en nuestro sitio web utilizando la tabla de tallas y el pr\u00e1ctico video.<\/p>\n<h2>Solicitar modelo Miami en negro<\/h2>\n<p>Con una chaqueta tan hermosa de Versano, puede estar seguro de que podr\u00e1 usarla durante todo el invierno. Puede pedir f\u00e1cilmente este modelo en la tienda web de Versano. Hemos reunido todas nuestras chaquetas aqu\u00ed para que pueda realizar un pedido f\u00e1cilmente. En Versano siempre puede estar seguro de que est\u00e1 comprando un hermoso abrigo que ha sido trabajado con mimo. Con nosotros, puede elegir f\u00e1cilmente el tama\u00f1o correcto seg\u00fan nuestros videos de instrucciones inteligentes. \u00bfTiene alguna pregunta o no est\u00e1 seguro de qu\u00e9 talla pedir? Entonces siempre puede contactarnos por correo o WhatsApp. \u00a1Nuestros empleados desean ayudarlo!<\/p>\n<p>marca: <a href=\"https:\/\/versano.nl\/\" target=\"_blank\" rel=\"noopener noreferrer\">Versano<\/a><br \/>\nMaterial: cuero de imitaci\u00f3n 100%<br \/>\nForro: 100% poli\u00e9ster<br \/>\nlongitud: corto<br \/>\nAjuste: ajustado<br \/>\nCierre: cremallera<br \/>\nBolsillos: bolsillo con cremallera<br \/>\nCollar: de pie cuello<br \/>\nCapa exterior de material: muy alta calidad y piel de imitaci\u00f3n suave.<br \/>\nPlazo de entrega: 2-3 d\u00edas laborables<\/p>","protected":false},"excerpt":{"rendered":"<p>ELIGE OTRO COLOR AQU\u00cd<\/p>\n<p><a href=\"https:\/\/versano.nl\/shop\/imitatieleren-dames-jas-blauw-miami-new\/\"><img loading=\"lazy\" decoding=\"async\" class=\"alignnone size-full wp-image-19887\" src=\"https:\/\/versano.nl\/wp-content\/uploads\/sites\/2\/2019\/06\/dames-imitatieleren-jas-blauw-versano-miami-thumb.jpg\" alt=\"\" width=\"58\" height=\"75\" \/><\/a><a href=\"https:\/\/versano.nl\/shop\/imitatieleren-dames-jas-bruin-miami-new\/\"><img loading=\"lazy\" decoding=\"async\" class=\"alignnone size-full wp-image-19888\" src=\"https:\/\/versano.nl\/wp-content\/uploads\/sites\/2\/2019\/06\/dames-imitatieleren-jas-bruin-versano-miami-thumb.jpg\" alt=\"\" width=\"58\" height=\"75\" \/><\/a><a href=\"https:\/\/versano.nl\/shop\/imitatieleren-dames-jas-cognac-miami-new\/\"><img loading=\"lazy\" decoding=\"async\" class=\"alignnone size-full wp-image-19889\" src=\"https:\/\/versano.nl\/wp-content\/uploads\/sites\/2\/2019\/06\/dames-imitatieleren-jas-cognac-versano-miami-thumb.jpg\" alt=\"\" width=\"58\" height=\"75\" \/><\/a><a href=\"https:\/\/versano.nl\/shop\/imitatieleren-dames-jas-tan-miami-new\/\"><img loading=\"lazy\" decoding=\"async\" class=\"alignnone size-full wp-image-19890\" src=\"https:\/\/versano.nl\/wp-content\/uploads\/sites\/2\/2019\/06\/dames-imitatieleren-jas-lichtbruin-versano-miami-thumb.jpg\" alt=\"\" width=\"58\" height=\"75\" \/><\/a><a href=\"https:\/\/versano.nl\/shop\/imitatieleren-dames-jas-rood-miami-new\/\"><img loading=\"lazy\" decoding=\"async\" class=\"alignnone size-full wp-image-19891\" src=\"https:\/\/versano.nl\/wp-content\/uploads\/sites\/2\/2019\/06\/dames-imitatieleren-jas-rood-versano-miami-thumb.jpg\" alt=\"\" width=\"58\" height=\"75\" \/><\/a><a href=\"https:\/\/versano.nl\/shop\/imitatieleren-dames-jasje-biker-model-groen-miami-versano\/\"><img loading=\"lazy\" decoding=\"async\" class=\"alignnone size-full wp-image-19893\" src=\"https:\/\/versano.nl\/wp-content\/uploads\/sites\/2\/2019\/06\/groene-imitatieleren-dames-jas-biker-model-versano-miami-thumb.jpg\" alt=\"\" width=\"57\" height=\"75\" \/><\/a><\/p>\n<p><span style=\"color: red;\">Consejos de ajuste:<\/span> El ajuste de esta chaqueta est\u00e1 bien ajustado. Nuestro modelo mide 1,68 cm de altura y lleva una talla S.<\/p>\n<p>Si no est\u00e1 seguro de sus medidas, le recomendamos que primero mida las medidas de su talla y las compare con nuestra tabla de tallas. Si no tiene experiencia en medir tama\u00f1os de circunferencia, haga clic en <a href=\"https:\/\/www.youtube.com\/watch?v=3ZSfY87v6pM\"><em><span style=\"text-decoration: none;\">AQU\u00cd<\/span><\/em>\u00a0<\/a>\u00a0para <a href=\"https:\/\/www.youtube.com\/watch?v=3ZSfY87v6pM\"><em><span style=\"color: red; text-decoration: none;\">VIDEO<\/span><\/em><\/a>\u00a0 con instrucciones. \u00a1Tambi\u00e9n puede llamarnos o enviarnos una aplicaci\u00f3n directamente! Nuestros empleados est\u00e1n siempre disponibles para ayudar.<\/p>\n<p><strong><span style=\"color: black;\">EL TIEMPO DE ENTREGA :<\/span><\/strong> 2 a 3 d\u00edas laborables.<\/p>","protected":false},"featured_media":32440,"comment_status":"closed","ping_status":"closed","template":"","meta":[],"product_brand":[],"product_cat":[1472,1487,1840,923,15,124],"product_tag":[143,1886,131,95,144,145,98,142,101,1838,1856,1813,1887,1888],"class_list":{"0":"post-343","1":"product","2":"type-product","3":"status-publish","4":"has-post-thumbnail","6":"product_cat-biker-jas-dames","7":"product_cat-dames-biker-jas","8":"product_cat-dames-imitatie-leren-jas","9":"product_cat-imitatie-leren-jas","10":"product_cat-imitatieleren-jassen","11":"product_cat-imitatieleren-jassen-dames","12":"product_tag-dames-imitatieleer-zwart","13":"product_tag-imitatie-leren-dames-jas","14":"product_tag-imitatieleren-motorlook-dames-jas","15":"product_tag-korte-leren-jassen","16":"product_tag-leatherlook-dames-jas-zwart","17":"product_tag-lederlook-dames-jas-zwart","18":"product_tag-leren-jasje","19":"product_tag-online-dames-leren-jassen","20":"product_tag-online-leren-jassen","21":"product_tag-versano-jassen-in-sale","22":"product_tag-versano-uitverkoop","23":"product_tag-zomerjassen-dames","24":"product_tag-zomerjassen-uitverkoop","25":"product_tag-zwarte-imitatie-leren-dames-jas","26":"product_shipping_class-verzendkosten-1","27":"tm-no-options","29":"first","30":"instock","31":"sale","32":"taxable","33":"shipping-taxable","34":"purchasable","35":"product-type-variable","36":"has-default-attributes"},"yoast_head":"<!-- This site is optimized with the Yoast SEO plugin v27.2 - https:\/\/yoast.com\/product\/yoast-seo-wordpress\/ -->\n<title>Imitatie leren dames jas Zwart Miami Versano, imitatie leren dames jas<\/title>\n<meta name=\"description\" content=\"Deze Imitatie leren dames jas Zwart Miami Versano jas is gemaakt van Italiaanse rexion leer en verkrijgbaar in verschillende kleuren.\" \/>\n<meta name=\"robots\" content=\"index, follow, max-snippet:-1, max-image-preview:large, max-video-preview:-1\" \/>\n<link rel=\"canonical\" href=\"https:\/\/versano.nl\/es\/shop\/imitatieleren-dames-jas-zwart-miami-new\/\" \/>\n<meta property=\"og:locale\" content=\"es_ES\" \/>\n<meta property=\"og:type\" content=\"article\" \/>\n<meta property=\"og:title\" content=\"Imitatie leren dames jas Zwart Miami Versano, imitatie leren dames jas\" \/>\n<meta property=\"og:description\" content=\"Deze Imitatie leren dames jas Zwart Miami Versano jas is gemaakt van Italiaanse rexion leer en verkrijgbaar in verschillende kleuren.\" \/>\n<meta property=\"og:url\" content=\"https:\/\/versano.nl\/es\/shop\/imitatieleren-dames-jas-zwart-miami-new\/\" \/>\n<meta property=\"og:site_name\" content=\"Versano\" \/>\n<meta property=\"article:modified_time\" content=\"2026-04-19T11:47:30+00:00\" \/>\n<meta property=\"og:image\" content=\"https:\/\/versano.nl\/wp-content\/uploads\/2017\/04\/miami-zwart.jpg\" \/>\n\t<meta property=\"og:image:width\" content=\"900\" \/>\n\t<meta property=\"og:image:height\" content=\"1176\" \/>\n\t<meta property=\"og:image:type\" content=\"image\/jpeg\" \/>\n<meta name=\"twitter:card\" content=\"summary_large_image\" \/>\n<meta name=\"twitter:label1\" content=\"Tiempo de lectura\" \/>\n\t<meta name=\"twitter:data1\" content=\"2 minutos\" \/>\n<script type=\"application\/ld+json\" class=\"yoast-schema-graph\">{\"@context\":\"https:\/\/schema.org\",\"@graph\":[{\"@type\":\"WebPage\",\"@id\":\"https:\/\/versano.nl\/shop\/imitatieleren-dames-jas-zwart-miami-new\/\",\"url\":\"https:\/\/versano.nl\/shop\/imitatieleren-dames-jas-zwart-miami-new\/\",\"name\":\"Imitatie leren dames jas Zwart Miami Versano, imitatie leren dames jas\",\"isPartOf\":{\"@id\":\"https:\/\/versano.nl\/#website\"},\"primaryImageOfPage\":{\"@id\":\"https:\/\/versano.nl\/shop\/imitatieleren-dames-jas-zwart-miami-new\/#primaryimage\"},\"image\":{\"@id\":\"https:\/\/versano.nl\/shop\/imitatieleren-dames-jas-zwart-miami-new\/#primaryimage\"},\"thumbnailUrl\":\"https:\/\/versano.nl\/wp-content\/uploads\/2017\/04\/miami-zwart.jpg\",\"datePublished\":\"2017-04-12T19:38:16+00:00\",\"dateModified\":\"2026-04-19T11:47:30+00:00\",\"description\":\"Deze Imitatie leren dames jas Zwart Miami Versano jas is gemaakt van Italiaanse rexion leer en verkrijgbaar in verschillende kleuren.\",\"breadcrumb\":{\"@id\":\"https:\/\/versano.nl\/shop\/imitatieleren-dames-jas-zwart-miami-new\/#breadcrumb\"},\"inLanguage\":\"es\",\"potentialAction\":[{\"@type\":\"ReadAction\",\"target\":[\"https:\/\/versano.nl\/shop\/imitatieleren-dames-jas-zwart-miami-new\/\"]}]},{\"@type\":\"ImageObject\",\"inLanguage\":\"es\",\"@id\":\"https:\/\/versano.nl\/shop\/imitatieleren-dames-jas-zwart-miami-new\/#primaryimage\",\"url\":\"https:\/\/versano.nl\/wp-content\/uploads\/2017\/04\/miami-zwart.jpg\",\"contentUrl\":\"https:\/\/versano.nl\/wp-content\/uploads\/2017\/04\/miami-zwart.jpg\",\"width\":900,\"height\":1176},{\"@type\":\"BreadcrumbList\",\"@id\":\"https:\/\/versano.nl\/shop\/imitatieleren-dames-jas-zwart-miami-new\/#breadcrumb\",\"itemListElement\":[{\"@type\":\"ListItem\",\"position\":1,\"name\":\"Home\",\"item\":\"https:\/\/versano.nl\/\"},{\"@type\":\"ListItem\",\"position\":2,\"name\":\"Shop\",\"item\":\"https:\/\/versano.nl\/shop\/\"},{\"@type\":\"ListItem\",\"position\":3,\"name\":\"Imitatie leren dames jas zwart Miami Versano\"}]},{\"@type\":\"WebSite\",\"@id\":\"https:\/\/versano.nl\/#website\",\"url\":\"https:\/\/versano.nl\/\",\"name\":\"Versano\",\"description\":\"winterjassen met bontkraag | leren dames jassen | leren heren jassen\",\"potentialAction\":[{\"@type\":\"SearchAction\",\"target\":{\"@type\":\"EntryPoint\",\"urlTemplate\":\"https:\/\/versano.nl\/?s={search_term_string}\"},\"query-input\":{\"@type\":\"PropertyValueSpecification\",\"valueRequired\":true,\"valueName\":\"search_term_string\"}}],\"inLanguage\":\"es\"}]}<\/script>\n<!-- \/ Yoast SEO plugin. -->","yoast_head_json":{"title":"Chaqueta de cuero de imitaci\u00f3n para mujer Black Miami Versano, chaqueta de cuero de imitaci\u00f3n para mujer","description":"Esta chaqueta de cuero de imitaci\u00f3n para mujer Black Miami Versano est\u00e1 hecha de cuero italiano rexion y est\u00e1 disponible en diferentes colores.","robots":{"index":"index","follow":"follow","max-snippet":"max-snippet:-1","max-image-preview":"max-image-preview:large","max-video-preview":"max-video-preview:-1"},"canonical":"https:\/\/versano.nl\/es\/shop\/imitatieleren-dames-jas-zwart-miami-new\/","og_locale":"es_ES","og_type":"article","og_title":"Imitatie leren dames jas Zwart Miami Versano, imitatie leren dames jas","og_description":"Deze Imitatie leren dames jas Zwart Miami Versano jas is gemaakt van Italiaanse rexion leer en verkrijgbaar in verschillende kleuren.","og_url":"https:\/\/versano.nl\/es\/shop\/imitatieleren-dames-jas-zwart-miami-new\/","og_site_name":"Versano","article_modified_time":"2026-04-19T11:47:30+00:00","og_image":[{"width":900,"height":1176,"url":"https:\/\/versano.nl\/wp-content\/uploads\/2017\/04\/miami-zwart.jpg","type":"image\/jpeg"}],"twitter_card":"summary_large_image","twitter_misc":{"Tiempo de lectura":"2 minutos"},"schema":{"@context":"https:\/\/schema.org","@graph":[{"@type":"WebPage","@id":"https:\/\/versano.nl\/shop\/imitatieleren-dames-jas-zwart-miami-new\/","url":"https:\/\/versano.nl\/shop\/imitatieleren-dames-jas-zwart-miami-new\/","name":"Chaqueta de cuero de imitaci\u00f3n para mujer Black Miami Versano, chaqueta de cuero de imitaci\u00f3n para mujer","isPartOf":{"@id":"https:\/\/versano.nl\/#website"},"primaryImageOfPage":{"@id":"https:\/\/versano.nl\/shop\/imitatieleren-dames-jas-zwart-miami-new\/#primaryimage"},"image":{"@id":"https:\/\/versano.nl\/shop\/imitatieleren-dames-jas-zwart-miami-new\/#primaryimage"},"thumbnailUrl":"https:\/\/versano.nl\/wp-content\/uploads\/2017\/04\/miami-zwart.jpg","datePublished":"2017-04-12T19:38:16+00:00","dateModified":"2026-04-19T11:47:30+00:00","description":"Esta chaqueta de cuero de imitaci\u00f3n para mujer Black Miami Versano est\u00e1 hecha de cuero italiano rexion y est\u00e1 disponible en diferentes colores.","breadcrumb":{"@id":"https:\/\/versano.nl\/shop\/imitatieleren-dames-jas-zwart-miami-new\/#breadcrumb"},"inLanguage":"es","potentialAction":[{"@type":"ReadAction","target":["https:\/\/versano.nl\/shop\/imitatieleren-dames-jas-zwart-miami-new\/"]}]},{"@type":"ImageObject","inLanguage":"es","@id":"https:\/\/versano.nl\/shop\/imitatieleren-dames-jas-zwart-miami-new\/#primaryimage","url":"https:\/\/versano.nl\/wp-content\/uploads\/2017\/04\/miami-zwart.jpg","contentUrl":"https:\/\/versano.nl\/wp-content\/uploads\/2017\/04\/miami-zwart.jpg","width":900,"height":1176},{"@type":"BreadcrumbList","@id":"https:\/\/versano.nl\/shop\/imitatieleren-dames-jas-zwart-miami-new\/#breadcrumb","itemListElement":[{"@type":"ListItem","position":1,"name":"Home","item":"https:\/\/versano.nl\/"},{"@type":"ListItem","position":2,"name":"Shop","item":"https:\/\/versano.nl\/shop\/"},{"@type":"ListItem","position":3,"name":"Imitatie leren dames jas zwart Miami Versano"}]},{"@type":"WebSite","@id":"https:\/\/versano.nl\/#website","url":"https:\/\/versano.nl\/","name":"Versano","description":"abrigos de invierno con cuello de piel | chaquetas de cuero para mujer | chaquetas de cuero para hombre","potentialAction":[{"@type":"SearchAction","target":{"@type":"EntryPoint","urlTemplate":"https:\/\/versano.nl\/?s={search_term_string}"},"query-input":{"@type":"PropertyValueSpecification","valueRequired":true,"valueName":"search_term_string"}}],"inLanguage":"es"}]}},"_links":{"self":[{"href":"https:\/\/versano.nl\/es\/wp-json\/wp\/v2\/product\/343","targetHints":{"allow":["GET"]}}],"collection":[{"href":"https:\/\/versano.nl\/es\/wp-json\/wp\/v2\/product"}],"about":[{"href":"https:\/\/versano.nl\/es\/wp-json\/wp\/v2\/types\/product"}],"replies":[{"embeddable":true,"href":"https:\/\/versano.nl\/es\/wp-json\/wp\/v2\/comments?post=343"}],"wp:featuredmedia":[{"embeddable":true,"href":"https:\/\/versano.nl\/es\/wp-json\/wp\/v2\/media\/32440"}],"wp:attachment":[{"href":"https:\/\/versano.nl\/es\/wp-json\/wp\/v2\/media?parent=343"}],"wp:term":[{"taxonomy":"product_brand","embeddable":true,"href":"https:\/\/versano.nl\/es\/wp-json\/wp\/v2\/product_brand?post=343"},{"taxonomy":"product_cat","embeddable":true,"href":"https:\/\/versano.nl\/es\/wp-json\/wp\/v2\/product_cat?post=343"},{"taxonomy":"product_tag","embeddable":true,"href":"https:\/\/versano.nl\/es\/wp-json\/wp\/v2\/product_tag?post=343"}],"curies":[{"name":"wp","href":"https:\/\/api.w.org\/{rel}","templated":true}]}}