{"id":32167,"date":"2024-08-14T11:41:11","date_gmt":"2024-08-14T11:41:11","guid":{"rendered":"https:\/\/versano.nl\/?post_type=product&#038;p=32167"},"modified":"2026-03-11T14:52:22","modified_gmt":"2026-03-11T14:52:22","slug":"leren-heren-jas-pilot-zwart-versano","status":"publish","type":"product","link":"https:\/\/versano.nl\/es\/shop\/leren-heren-jas-pilot-zwart-versano\/","title":{"rendered":"Leren heren jas Pilot zwart Versano"},"content":{"rendered":"<h2>Leren heren jas Pilot zwart Versano<\/h2>\n<p>Leren heren jas Pilot zwart is een piloten model leren jas van Versano. Dit model hoort bij de nieuwe collectie van Versano. Van deze jas is een speciaal model ontworpen door de talentvolle designers van Versano. De jas is uitgerust met een tweetal diepe steekzakken. Hij heeft een uitstekende afwerking en een slim-fit pasvorm. Deze leren heren jas is buiten de stoere kleur zwart ook in andere diverse kleuren verkrijgbaar en is geschikt voor alle seizoenen. Als u deze jas bij ons bestelt, dan haalt u een jas in huis die zeker levenslang mooi zal blijven. Met deze jas weet u zeker dat u straks een nieuwe jas om de schouders heeft hangen waar u in gezien mag worden.<\/p>\n<h2>Leren heren jas Pilot zwart bestellen bij Versano<\/h2>\n<p>\u00bfBuscas una chaqueta para todos los d\u00edas para cada temporada? Entonces podr\u00e1s lucir bien con esta chaqueta de piel de cordero. Esta es una hermosa chaqueta de corte ajustado que es completamente de estilo italiano. En otras palabras, con esta chaqueta no tienes que preocuparte por verte fuera de lugar. Puede pedir f\u00e1cilmente este modelo en nuestro sitio web en co\u00f1ac u otros colores diversos como el negro y el marr\u00f3n. Por lo tanto, le recomendamos que simplemente eche un vistazo a qu\u00e9 color cree que se adapta mejor a su propio estilo. El color es f\u00e1cil de combinar y va con casi todos tus outfits. \u00bfTiene alguna pregunta o no est\u00e1 seguro de qu\u00e9 talla pedir? Entonces siempre puede contactarnos por correo o WhatsApp. \u00a1Nuestros empleados desean ayudarlo!<\/p>\n<p>&nbsp;<\/p>\n<p>marca:\u00a0<a href=\"https:\/\/versano.nl\/\">Versano<\/a><br \/>\nMaterial: 100% piel de cordero<br \/>\nForro: 100% poli\u00e9ster<br \/>\nlongitud: corta-media<br \/>\nAjuste: corte ce\u00f1ido<br \/>\nCierre: cremallera<br \/>\nBolsillos: bolsillo con cremallera<br \/>\ncapa externa de material: Muy alta calidad y suave piel de cordero<br \/>\nPlazo de entrega: 2-3 d\u00edas laborables<\/p>","protected":false},"excerpt":{"rendered":"<p><span style=\"color: #ff0000;\">Consejos de ajuste<\/span> : De pasvorm van deze jas is slim-fit.<\/p>\n<p>Si no est\u00e1 seguro de sus medidas, le recomendamos que primero mida las medidas de su talla y las compare con nuestra tabla de tallas. Si no tiene experiencia en medir tama\u00f1os de circunferencia, haga clic en\u00a0<span style=\"color: #ff0000;\">AQU\u00cd<\/span>\u00a0\u00a0para\u00a0<span style=\"color: #ff0000;\">VIDEO<\/span>\u00a0 con instrucciones. \u00a1Tambi\u00e9n puede llamarnos o enviarnos una aplicaci\u00f3n directamente! Nuestros empleados est\u00e1n siempre disponibles para ayudar.<\/p>\n<p>PLAZO DE ENTREGA: 2 a 3 d\u00edas laborables.<\/p>","protected":false},"featured_media":32213,"comment_status":"closed","ping_status":"closed","template":"","meta":[],"product_brand":[],"product_cat":[1670,147,874,907,1671,908,1669,1712,913,910,882],"product_tag":[1691,1761,1692,1698,1782,1721,1758],"class_list":{"0":"post-32167","1":"product","2":"type-product","3":"status-publish","4":"has-post-thumbnail","6":"product_cat-heren-leren-jas","7":"product_cat-heren-leren-jassen","8":"product_cat-kort-leren-jasje","9":"product_cat-kort-leren-jasje-heren","10":"product_cat-leren-heren-jas","11":"product_cat-leren-heren-jassen","12":"product_cat-leren-jas-heren","13":"product_cat-leren-jassen","14":"product_cat-leren-jassen-heren-uitverkoop","15":"product_cat-leren-jassen-heren","16":"product_cat-versano","17":"product_tag-echt-leer-heren-jas","18":"product_tag-heren-jas-leer","19":"product_tag-lamsleer-heren-jas","20":"product_tag-leren-heren-jas-sale","21":"product_tag-leren-jassen-heren","22":"product_tag-uitverkoop-leren-heren-jas","23":"product_tag-versano-herencollectie","24":"tm-no-options","26":"first","27":"instock","28":"sale","29":"taxable","30":"shipping-taxable","31":"purchasable","32":"product-type-variable"},"yoast_head":"<!-- This site is optimized with the Yoast SEO plugin v27.2 - https:\/\/yoast.com\/product\/yoast-seo-wordpress\/ -->\n<title>Leren heren jas Pilot zwart Versano<\/title>\n<meta name=\"description\" content=\"Ben je op zoek naar een Leren heren jas Pilot zwart Versano? Dan zit je bij Versano goed, want wij hebben een ruime collectie jassen.\" \/>\n<meta name=\"robots\" content=\"index, follow, max-snippet:-1, max-image-preview:large, max-video-preview:-1\" \/>\n<link rel=\"canonical\" href=\"https:\/\/versano.nl\/es\/shop\/leren-heren-jas-pilot-zwart-versano\/\" \/>\n<meta property=\"og:locale\" content=\"es_ES\" \/>\n<meta property=\"og:type\" content=\"article\" \/>\n<meta property=\"og:title\" content=\"Leren heren jas Pilot zwart Versano\" \/>\n<meta property=\"og:description\" content=\"Ben je op zoek naar een Leren heren jas Pilot zwart Versano? Dan zit je bij Versano goed, want wij hebben een ruime collectie jassen.\" \/>\n<meta property=\"og:url\" content=\"https:\/\/versano.nl\/es\/shop\/leren-heren-jas-pilot-zwart-versano\/\" \/>\n<meta property=\"og:site_name\" content=\"Versano\" \/>\n<meta property=\"article:modified_time\" content=\"2026-03-11T14:52:22+00:00\" \/>\n<meta property=\"og:image\" content=\"https:\/\/versano.nl\/wp-content\/uploads\/2024\/08\/IMG_6638-1-scaled.jpg\" \/>\n\t<meta property=\"og:image:width\" content=\"1200\" \/>\n\t<meta property=\"og:image:height\" content=\"1704\" \/>\n\t<meta property=\"og:image:type\" content=\"image\/jpeg\" \/>\n<meta name=\"twitter:card\" content=\"summary_large_image\" \/>\n<meta name=\"twitter:label1\" content=\"Tiempo de lectura\" \/>\n\t<meta name=\"twitter:data1\" content=\"2 minutos\" \/>\n<script type=\"application\/ld+json\" class=\"yoast-schema-graph\">{\"@context\":\"https:\/\/schema.org\",\"@graph\":[{\"@type\":\"WebPage\",\"@id\":\"https:\/\/versano.nl\/shop\/leren-heren-jas-pilot-zwart-versano\/\",\"url\":\"https:\/\/versano.nl\/shop\/leren-heren-jas-pilot-zwart-versano\/\",\"name\":\"Leren heren jas Pilot zwart Versano\",\"isPartOf\":{\"@id\":\"https:\/\/versano.nl\/#website\"},\"primaryImageOfPage\":{\"@id\":\"https:\/\/versano.nl\/shop\/leren-heren-jas-pilot-zwart-versano\/#primaryimage\"},\"image\":{\"@id\":\"https:\/\/versano.nl\/shop\/leren-heren-jas-pilot-zwart-versano\/#primaryimage\"},\"thumbnailUrl\":\"https:\/\/versano.nl\/wp-content\/uploads\/2024\/08\/IMG_6638-1-scaled.jpg\",\"datePublished\":\"2024-08-14T11:41:11+00:00\",\"dateModified\":\"2026-03-11T14:52:22+00:00\",\"description\":\"Ben je op zoek naar een Leren heren jas Pilot zwart Versano? Dan zit je bij Versano goed, want wij hebben een ruime collectie jassen.\",\"breadcrumb\":{\"@id\":\"https:\/\/versano.nl\/shop\/leren-heren-jas-pilot-zwart-versano\/#breadcrumb\"},\"inLanguage\":\"es\",\"potentialAction\":[{\"@type\":\"ReadAction\",\"target\":[\"https:\/\/versano.nl\/shop\/leren-heren-jas-pilot-zwart-versano\/\"]}]},{\"@type\":\"ImageObject\",\"inLanguage\":\"es\",\"@id\":\"https:\/\/versano.nl\/shop\/leren-heren-jas-pilot-zwart-versano\/#primaryimage\",\"url\":\"https:\/\/versano.nl\/wp-content\/uploads\/2024\/08\/IMG_6638-1-scaled.jpg\",\"contentUrl\":\"https:\/\/versano.nl\/wp-content\/uploads\/2024\/08\/IMG_6638-1-scaled.jpg\",\"width\":1200,\"height\":1704,\"caption\":\"Leren heren jas Pilot zwart Versano\"},{\"@type\":\"BreadcrumbList\",\"@id\":\"https:\/\/versano.nl\/shop\/leren-heren-jas-pilot-zwart-versano\/#breadcrumb\",\"itemListElement\":[{\"@type\":\"ListItem\",\"position\":1,\"name\":\"Home\",\"item\":\"https:\/\/versano.nl\/\"},{\"@type\":\"ListItem\",\"position\":2,\"name\":\"Shop\",\"item\":\"https:\/\/versano.nl\/shop\/\"},{\"@type\":\"ListItem\",\"position\":3,\"name\":\"Leren heren jas Pilot zwart Versano\"}]},{\"@type\":\"WebSite\",\"@id\":\"https:\/\/versano.nl\/#website\",\"url\":\"https:\/\/versano.nl\/\",\"name\":\"Versano\",\"description\":\"winterjassen met bontkraag | leren dames jassen | leren heren jassen\",\"potentialAction\":[{\"@type\":\"SearchAction\",\"target\":{\"@type\":\"EntryPoint\",\"urlTemplate\":\"https:\/\/versano.nl\/?s={search_term_string}\"},\"query-input\":{\"@type\":\"PropertyValueSpecification\",\"valueRequired\":true,\"valueName\":\"search_term_string\"}}],\"inLanguage\":\"es\"}]}<\/script>\n<!-- \/ Yoast SEO plugin. -->","yoast_head_json":{"title":"Leren heren jas Pilot zwart Versano","description":"Ben je op zoek naar een Leren heren jas Pilot zwart Versano? Dan zit je bij Versano goed, want wij hebben een ruime collectie jassen.","robots":{"index":"index","follow":"follow","max-snippet":"max-snippet:-1","max-image-preview":"max-image-preview:large","max-video-preview":"max-video-preview:-1"},"canonical":"https:\/\/versano.nl\/es\/shop\/leren-heren-jas-pilot-zwart-versano\/","og_locale":"es_ES","og_type":"article","og_title":"Leren heren jas Pilot zwart Versano","og_description":"Ben je op zoek naar een Leren heren jas Pilot zwart Versano? Dan zit je bij Versano goed, want wij hebben een ruime collectie jassen.","og_url":"https:\/\/versano.nl\/es\/shop\/leren-heren-jas-pilot-zwart-versano\/","og_site_name":"Versano","article_modified_time":"2026-03-11T14:52:22+00:00","og_image":[{"width":1200,"height":1704,"url":"https:\/\/versano.nl\/wp-content\/uploads\/2024\/08\/IMG_6638-1-scaled.jpg","type":"image\/jpeg"}],"twitter_card":"summary_large_image","twitter_misc":{"Tiempo de lectura":"2 minutos"},"schema":{"@context":"https:\/\/schema.org","@graph":[{"@type":"WebPage","@id":"https:\/\/versano.nl\/shop\/leren-heren-jas-pilot-zwart-versano\/","url":"https:\/\/versano.nl\/shop\/leren-heren-jas-pilot-zwart-versano\/","name":"Leren heren jas Pilot zwart Versano","isPartOf":{"@id":"https:\/\/versano.nl\/#website"},"primaryImageOfPage":{"@id":"https:\/\/versano.nl\/shop\/leren-heren-jas-pilot-zwart-versano\/#primaryimage"},"image":{"@id":"https:\/\/versano.nl\/shop\/leren-heren-jas-pilot-zwart-versano\/#primaryimage"},"thumbnailUrl":"https:\/\/versano.nl\/wp-content\/uploads\/2024\/08\/IMG_6638-1-scaled.jpg","datePublished":"2024-08-14T11:41:11+00:00","dateModified":"2026-03-11T14:52:22+00:00","description":"Ben je op zoek naar een Leren heren jas Pilot zwart Versano? Dan zit je bij Versano goed, want wij hebben een ruime collectie jassen.","breadcrumb":{"@id":"https:\/\/versano.nl\/shop\/leren-heren-jas-pilot-zwart-versano\/#breadcrumb"},"inLanguage":"es","potentialAction":[{"@type":"ReadAction","target":["https:\/\/versano.nl\/shop\/leren-heren-jas-pilot-zwart-versano\/"]}]},{"@type":"ImageObject","inLanguage":"es","@id":"https:\/\/versano.nl\/shop\/leren-heren-jas-pilot-zwart-versano\/#primaryimage","url":"https:\/\/versano.nl\/wp-content\/uploads\/2024\/08\/IMG_6638-1-scaled.jpg","contentUrl":"https:\/\/versano.nl\/wp-content\/uploads\/2024\/08\/IMG_6638-1-scaled.jpg","width":1200,"height":1704,"caption":"Leren heren jas Pilot zwart Versano"},{"@type":"BreadcrumbList","@id":"https:\/\/versano.nl\/shop\/leren-heren-jas-pilot-zwart-versano\/#breadcrumb","itemListElement":[{"@type":"ListItem","position":1,"name":"Home","item":"https:\/\/versano.nl\/"},{"@type":"ListItem","position":2,"name":"Shop","item":"https:\/\/versano.nl\/shop\/"},{"@type":"ListItem","position":3,"name":"Leren heren jas Pilot zwart Versano"}]},{"@type":"WebSite","@id":"https:\/\/versano.nl\/#website","url":"https:\/\/versano.nl\/","name":"Versano","description":"abrigos de invierno con cuello de piel | chaquetas de cuero para mujer | chaquetas de cuero para hombre","potentialAction":[{"@type":"SearchAction","target":{"@type":"EntryPoint","urlTemplate":"https:\/\/versano.nl\/?s={search_term_string}"},"query-input":{"@type":"PropertyValueSpecification","valueRequired":true,"valueName":"search_term_string"}}],"inLanguage":"es"}]}},"_links":{"self":[{"href":"https:\/\/versano.nl\/es\/wp-json\/wp\/v2\/product\/32167","targetHints":{"allow":["GET"]}}],"collection":[{"href":"https:\/\/versano.nl\/es\/wp-json\/wp\/v2\/product"}],"about":[{"href":"https:\/\/versano.nl\/es\/wp-json\/wp\/v2\/types\/product"}],"replies":[{"embeddable":true,"href":"https:\/\/versano.nl\/es\/wp-json\/wp\/v2\/comments?post=32167"}],"wp:featuredmedia":[{"embeddable":true,"href":"https:\/\/versano.nl\/es\/wp-json\/wp\/v2\/media\/32213"}],"wp:attachment":[{"href":"https:\/\/versano.nl\/es\/wp-json\/wp\/v2\/media?parent=32167"}],"wp:term":[{"taxonomy":"product_brand","embeddable":true,"href":"https:\/\/versano.nl\/es\/wp-json\/wp\/v2\/product_brand?post=32167"},{"taxonomy":"product_cat","embeddable":true,"href":"https:\/\/versano.nl\/es\/wp-json\/wp\/v2\/product_cat?post=32167"},{"taxonomy":"product_tag","embeddable":true,"href":"https:\/\/versano.nl\/es\/wp-json\/wp\/v2\/product_tag?post=32167"}],"curies":[{"name":"wp","href":"https:\/\/api.w.org\/{rel}","templated":true}]}}