{"id":29923,"date":"2023-10-03T10:59:34","date_gmt":"2023-10-03T10:59:34","guid":{"rendered":"https:\/\/versano.nl\/shop\/dames-mantel-jas-camel-violet-ng-versano\/"},"modified":"2026-03-13T11:16:09","modified_gmt":"2026-03-13T11:16:09","slug":"dames-mantel-jas-camel-violet-ng-versano","status":"publish","type":"product","link":"https:\/\/versano.nl\/es\/shop\/dames-mantel-jas-camel-violet-ng-versano\/","title":{"rendered":"Dames mantel jas camel Violet NG Versano"},"content":{"rendered":"<h2>Dames mantel jas camel Violet NG Versano<\/h2>\n<p>Ben je toevallig op zoek naar een mooie dames mantel jas in de kleur camel? Kijk niet verder want je bent bij het bekende jassen merk versano aan het juiste adres. De Violet is de perfecte dames mantel jas die je lekker warm houd en je kan hem in meerdere seizoenen dragen! De Dames mantel jas camel Violet NG van het bekende jassen merk Versano zijn niet alleen stijlvol maar hij heeft ook een mooi getailleerde pasvorm. deze nieuwe model van Versano is een 3 kwart lange model met zakken die zich op heuphoogte bevinden. \u00a0De jas gaat dicht door middel van een knoopsluiting. Het is \u00e9\u00e9n model van de nieuwe collectie van Versano tegen een scherpe prijs. We hebben de Violet\u00a0jas met mooie ontwerp<\/p>\n<p>\u00bfYa conoces Versano? La marca Versano es mejor conocida por los hermosos y especiales modelos de chaquetas con corte italiano a medida, pero esto no es solo un dise\u00f1o, lo llamamos &quot;UN ESTADO DEL ARTE&quot;. Con un abrigo tan bonito de Versano, puede estar seguro de que lo usar\u00e1 durante todo el invierno. Estas son hermosas chaquetas que no solo est\u00e1n perfectamente dise\u00f1adas, sino que tambi\u00e9n est\u00e1n hechas de los mejores materiales. Puede pedir f\u00e1cilmente la chaqueta de abrigo para mujer Violet en color camel a trav\u00e9s de nuestra tienda web de Versano. Hemos reunido todas nuestras chaquetas aqu\u00ed para usted, para que pueda realizar un pedido f\u00e1cilmente. En Versano siempre puedes estar seguro de que est\u00e1s comprando una hermosa chaqueta que ha sido trabajada con cuidado y que disfrutar\u00e1s mucho.<\/p>\n<p>&nbsp;<\/p>\n<p>Marca: Versano<br \/>\nlongitud: 3 cuartos<br \/>\nmateriaal: 64% polyester, 34% Viscon , 2% lycra, syntetisch<br \/>\nAjuste: ajustado<br \/>\nForro: 100% poli\u00e9ster<br \/>\ncierre: cierre de botones<br \/>\nbolsillos: bolsillos laterales<br \/>\nFunci\u00f3n: impermeable, resistente al viento<\/p>","protected":false},"excerpt":{"rendered":"<p><span style=\"color: #ff0000;\"><strong>Consejos de ajuste:<\/strong><\/span><\/p>\n<p><span style=\"color: #ff0000;\">Getailleerde pasvorm, bekijk de maattabel voor de juiste maat.<\/span><\/p>\n<p><span style=\"color: #ff0000;\">Onze model is 1,68 m en weegt 60 kg, ze draagt maat Small.<\/span><\/p>\n<p>Si no est\u00e1 seguro de sus medidas, le recomendamos que primero mida las medidas de su talla y las compare con nuestra tabla de tallas. Si no tiene experiencia en medir tama\u00f1os de circunferencia, haga clic en <a href=\"https:\/\/www.youtube.com\/watch?v=3ZSfY87v6pM\"><em>AQU\u00cd<\/em>\u00a0<\/a>\u00a0para <span style=\"color: #ff0000;\"><a style=\"color: #ff0000;\" href=\"https:\/\/www.youtube.com\/watch?v=3ZSfY87v6pM\"><em>VIDEO<\/em><\/a>\u00a0<\/span> con instrucciones. \u00a1Tambi\u00e9n puede llamarnos o enviarnos una aplicaci\u00f3n directamente! Nuestros empleados est\u00e1n siempre disponibles para ayudar.<\/p>\n<p>&nbsp;<\/p>\n<p><strong><span style=\"color: #000000;\">EL TIEMPO DE ENTREGA<\/span> :<\/strong> 2 a 3 d\u00edas laborables.<\/p>","protected":false},"featured_media":35103,"comment_status":"closed","ping_status":"closed","template":"","meta":[],"product_brand":[],"product_cat":[2211,2207,1145,1382,2209,2208,2151,882,1143,1404,1339,2210],"product_tag":[],"class_list":{"0":"post-29923","1":"product","2":"type-product","3":"status-publish","4":"has-post-thumbnail","6":"product_cat-dames-getailleerde-manteljas","7":"product_cat-dames-manteljas","8":"product_cat-dames-winterjas","9":"product_cat-dames-winterjassen","10":"product_cat-dames-wollen-jas","11":"product_cat-lange-manteljas-dames","12":"product_cat-dames-mantel-jassen","13":"product_cat-versano","14":"product_cat-winterjas","15":"product_cat-winterjassen","16":"product_cat-winterjassen-dames","17":"product_cat-wollen-jas-dames","18":"tm-no-options","20":"first","21":"instock","22":"sale","23":"taxable","24":"shipping-taxable","25":"purchasable","26":"product-type-variable"},"yoast_head":"<!-- This site is optimized with the Yoast SEO plugin v27.2 - https:\/\/yoast.com\/product\/yoast-seo-wordpress\/ -->\n<title>Dames mantel jas camel Violet NG Versano<\/title>\n<meta name=\"description\" content=\"Bent u op zoek naar een nieuwe dames mantel jas in de kleur camel? Zoek niet verder en bekijk nu de Violet NG van Versano!\" \/>\n<meta name=\"robots\" content=\"index, follow, max-snippet:-1, max-image-preview:large, max-video-preview:-1\" \/>\n<link rel=\"canonical\" href=\"https:\/\/versano.nl\/es\/shop\/dames-mantel-jas-camel-violet-ng-versano\/\" \/>\n<meta property=\"og:locale\" content=\"es_ES\" \/>\n<meta property=\"og:type\" content=\"article\" \/>\n<meta property=\"og:title\" content=\"Dames mantel jas camel Violet NG Versano\" \/>\n<meta property=\"og:description\" content=\"Bent u op zoek naar een nieuwe dames mantel jas in de kleur camel? Zoek niet verder en bekijk nu de Violet NG van Versano!\" \/>\n<meta property=\"og:url\" content=\"https:\/\/versano.nl\/es\/shop\/dames-mantel-jas-camel-violet-ng-versano\/\" \/>\n<meta property=\"og:site_name\" content=\"Versano\" \/>\n<meta property=\"article:modified_time\" content=\"2026-03-13T11:16:09+00:00\" \/>\n<meta property=\"og:image\" content=\"https:\/\/versano.nl\/wp-content\/uploads\/2023\/10\/Dames-mantel-jas-camel-Violet-NG-Versano-1.jpg\" \/>\n\t<meta property=\"og:image:width\" content=\"801\" \/>\n\t<meta property=\"og:image:height\" content=\"1200\" \/>\n\t<meta property=\"og:image:type\" content=\"image\/jpeg\" \/>\n<meta name=\"twitter:card\" content=\"summary_large_image\" \/>\n<meta name=\"twitter:label1\" content=\"Tiempo de lectura\" \/>\n\t<meta name=\"twitter:data1\" content=\"2 minutos\" \/>\n<script type=\"application\/ld+json\" class=\"yoast-schema-graph\">{\"@context\":\"https:\/\/schema.org\",\"@graph\":[{\"@type\":\"WebPage\",\"@id\":\"https:\/\/versano.nl\/shop\/dames-mantel-jas-camel-violet-ng-versano\/\",\"url\":\"https:\/\/versano.nl\/shop\/dames-mantel-jas-camel-violet-ng-versano\/\",\"name\":\"Dames mantel jas camel Violet NG Versano\",\"isPartOf\":{\"@id\":\"https:\/\/versano.nl\/#website\"},\"primaryImageOfPage\":{\"@id\":\"https:\/\/versano.nl\/shop\/dames-mantel-jas-camel-violet-ng-versano\/#primaryimage\"},\"image\":{\"@id\":\"https:\/\/versano.nl\/shop\/dames-mantel-jas-camel-violet-ng-versano\/#primaryimage\"},\"thumbnailUrl\":\"https:\/\/versano.nl\/wp-content\/uploads\/2023\/10\/Dames-mantel-jas-camel-Violet-NG-Versano-1.jpg\",\"datePublished\":\"2023-10-03T10:59:34+00:00\",\"dateModified\":\"2026-03-13T11:16:09+00:00\",\"description\":\"Bent u op zoek naar een nieuwe dames mantel jas in de kleur camel? Zoek niet verder en bekijk nu de Violet NG van Versano!\",\"breadcrumb\":{\"@id\":\"https:\/\/versano.nl\/shop\/dames-mantel-jas-camel-violet-ng-versano\/#breadcrumb\"},\"inLanguage\":\"es\",\"potentialAction\":[{\"@type\":\"ReadAction\",\"target\":[\"https:\/\/versano.nl\/shop\/dames-mantel-jas-camel-violet-ng-versano\/\"]}]},{\"@type\":\"ImageObject\",\"inLanguage\":\"es\",\"@id\":\"https:\/\/versano.nl\/shop\/dames-mantel-jas-camel-violet-ng-versano\/#primaryimage\",\"url\":\"https:\/\/versano.nl\/wp-content\/uploads\/2023\/10\/Dames-mantel-jas-camel-Violet-NG-Versano-1.jpg\",\"contentUrl\":\"https:\/\/versano.nl\/wp-content\/uploads\/2023\/10\/Dames-mantel-jas-camel-Violet-NG-Versano-1.jpg\",\"width\":801,\"height\":1200},{\"@type\":\"BreadcrumbList\",\"@id\":\"https:\/\/versano.nl\/shop\/dames-mantel-jas-camel-violet-ng-versano\/#breadcrumb\",\"itemListElement\":[{\"@type\":\"ListItem\",\"position\":1,\"name\":\"Home\",\"item\":\"https:\/\/versano.nl\/\"},{\"@type\":\"ListItem\",\"position\":2,\"name\":\"Shop\",\"item\":\"https:\/\/versano.nl\/shop\/\"},{\"@type\":\"ListItem\",\"position\":3,\"name\":\"Dames mantel jas camel Violet NG Versano\"}]},{\"@type\":\"WebSite\",\"@id\":\"https:\/\/versano.nl\/#website\",\"url\":\"https:\/\/versano.nl\/\",\"name\":\"Versano\",\"description\":\"winterjassen met bontkraag | leren dames jassen | leren heren jassen\",\"potentialAction\":[{\"@type\":\"SearchAction\",\"target\":{\"@type\":\"EntryPoint\",\"urlTemplate\":\"https:\/\/versano.nl\/?s={search_term_string}\"},\"query-input\":{\"@type\":\"PropertyValueSpecification\",\"valueRequired\":true,\"valueName\":\"search_term_string\"}}],\"inLanguage\":\"es\"}]}<\/script>\n<!-- \/ Yoast SEO plugin. -->","yoast_head_json":{"title":"Dames mantel jas camel Violet NG Versano","description":"Bent u op zoek naar een nieuwe dames mantel jas in de kleur camel? Zoek niet verder en bekijk nu de Violet NG van Versano!","robots":{"index":"index","follow":"follow","max-snippet":"max-snippet:-1","max-image-preview":"max-image-preview:large","max-video-preview":"max-video-preview:-1"},"canonical":"https:\/\/versano.nl\/es\/shop\/dames-mantel-jas-camel-violet-ng-versano\/","og_locale":"es_ES","og_type":"article","og_title":"Dames mantel jas camel Violet NG Versano","og_description":"Bent u op zoek naar een nieuwe dames mantel jas in de kleur camel? Zoek niet verder en bekijk nu de Violet NG van Versano!","og_url":"https:\/\/versano.nl\/es\/shop\/dames-mantel-jas-camel-violet-ng-versano\/","og_site_name":"Versano","article_modified_time":"2026-03-13T11:16:09+00:00","og_image":[{"width":801,"height":1200,"url":"https:\/\/versano.nl\/wp-content\/uploads\/2023\/10\/Dames-mantel-jas-camel-Violet-NG-Versano-1.jpg","type":"image\/jpeg"}],"twitter_card":"summary_large_image","twitter_misc":{"Tiempo de lectura":"2 minutos"},"schema":{"@context":"https:\/\/schema.org","@graph":[{"@type":"WebPage","@id":"https:\/\/versano.nl\/shop\/dames-mantel-jas-camel-violet-ng-versano\/","url":"https:\/\/versano.nl\/shop\/dames-mantel-jas-camel-violet-ng-versano\/","name":"Dames mantel jas camel Violet NG Versano","isPartOf":{"@id":"https:\/\/versano.nl\/#website"},"primaryImageOfPage":{"@id":"https:\/\/versano.nl\/shop\/dames-mantel-jas-camel-violet-ng-versano\/#primaryimage"},"image":{"@id":"https:\/\/versano.nl\/shop\/dames-mantel-jas-camel-violet-ng-versano\/#primaryimage"},"thumbnailUrl":"https:\/\/versano.nl\/wp-content\/uploads\/2023\/10\/Dames-mantel-jas-camel-Violet-NG-Versano-1.jpg","datePublished":"2023-10-03T10:59:34+00:00","dateModified":"2026-03-13T11:16:09+00:00","description":"Bent u op zoek naar een nieuwe dames mantel jas in de kleur camel? Zoek niet verder en bekijk nu de Violet NG van Versano!","breadcrumb":{"@id":"https:\/\/versano.nl\/shop\/dames-mantel-jas-camel-violet-ng-versano\/#breadcrumb"},"inLanguage":"es","potentialAction":[{"@type":"ReadAction","target":["https:\/\/versano.nl\/shop\/dames-mantel-jas-camel-violet-ng-versano\/"]}]},{"@type":"ImageObject","inLanguage":"es","@id":"https:\/\/versano.nl\/shop\/dames-mantel-jas-camel-violet-ng-versano\/#primaryimage","url":"https:\/\/versano.nl\/wp-content\/uploads\/2023\/10\/Dames-mantel-jas-camel-Violet-NG-Versano-1.jpg","contentUrl":"https:\/\/versano.nl\/wp-content\/uploads\/2023\/10\/Dames-mantel-jas-camel-Violet-NG-Versano-1.jpg","width":801,"height":1200},{"@type":"BreadcrumbList","@id":"https:\/\/versano.nl\/shop\/dames-mantel-jas-camel-violet-ng-versano\/#breadcrumb","itemListElement":[{"@type":"ListItem","position":1,"name":"Home","item":"https:\/\/versano.nl\/"},{"@type":"ListItem","position":2,"name":"Shop","item":"https:\/\/versano.nl\/shop\/"},{"@type":"ListItem","position":3,"name":"Dames mantel jas camel Violet NG Versano"}]},{"@type":"WebSite","@id":"https:\/\/versano.nl\/#website","url":"https:\/\/versano.nl\/","name":"Versano","description":"abrigos de invierno con cuello de piel | chaquetas de cuero para mujer | chaquetas de cuero para hombre","potentialAction":[{"@type":"SearchAction","target":{"@type":"EntryPoint","urlTemplate":"https:\/\/versano.nl\/?s={search_term_string}"},"query-input":{"@type":"PropertyValueSpecification","valueRequired":true,"valueName":"search_term_string"}}],"inLanguage":"es"}]}},"_links":{"self":[{"href":"https:\/\/versano.nl\/es\/wp-json\/wp\/v2\/product\/29923","targetHints":{"allow":["GET"]}}],"collection":[{"href":"https:\/\/versano.nl\/es\/wp-json\/wp\/v2\/product"}],"about":[{"href":"https:\/\/versano.nl\/es\/wp-json\/wp\/v2\/types\/product"}],"replies":[{"embeddable":true,"href":"https:\/\/versano.nl\/es\/wp-json\/wp\/v2\/comments?post=29923"}],"wp:featuredmedia":[{"embeddable":true,"href":"https:\/\/versano.nl\/es\/wp-json\/wp\/v2\/media\/35103"}],"wp:attachment":[{"href":"https:\/\/versano.nl\/es\/wp-json\/wp\/v2\/media?parent=29923"}],"wp:term":[{"taxonomy":"product_brand","embeddable":true,"href":"https:\/\/versano.nl\/es\/wp-json\/wp\/v2\/product_brand?post=29923"},{"taxonomy":"product_cat","embeddable":true,"href":"https:\/\/versano.nl\/es\/wp-json\/wp\/v2\/product_cat?post=29923"},{"taxonomy":"product_tag","embeddable":true,"href":"https:\/\/versano.nl\/es\/wp-json\/wp\/v2\/product_tag?post=29923"}],"curies":[{"name":"wp","href":"https:\/\/api.w.org\/{rel}","templated":true}]}}