{"id":29803,"date":"2023-09-29T11:28:42","date_gmt":"2023-09-29T11:28:42","guid":{"rendered":"https:\/\/versano.nl\/shop\/dames-mantel-jas-creme-valentina-versano\/"},"modified":"2026-04-01T13:59:37","modified_gmt":"2026-04-01T13:59:37","slug":"dames-mantel-jas-creme-valentina-ng-versano","status":"publish","type":"product","link":"https:\/\/versano.nl\/es\/shop\/dames-mantel-jas-creme-valentina-ng-versano\/","title":{"rendered":"Dames mantel jas cr\u00e8me Valentina NG Versano"},"content":{"rendered":"<h2>Dames mantel jas cr\u00e8me Valentina NG Versano<\/h2>\n<p>Ben je toevallig op zoek naar een mooie dames mantel jas in de kleur creme? Kijk niet verder want je bent bij het bekende jassen merk versano aan het juiste adres. De Valentina is de perfecte dames mantel jas die je lekker warm houd en je kan hem in meerdere seizoenen dragen! De Dames mantel wol jas Valentina zwart van Versano is niet alleen stijlvol maar hij heeft ook een mooi getailleerde pasvorm. deze nieuwe model van Versano is een 3 kwart lange model met zakken die zich op heuphoogte bevinden. \u00a0De jas gaat dicht door middel van een knoopsluiting. Het is \u00e9\u00e9n model van de nieuwe collectie van Versano tegen een scherpe prijs. We hebben de Valentino NG ook in de kleuren camel en zwart te koop.<\/p>\n<h2>Un abrigo de capa con un hermoso dise\u00f1o.<\/h2>\n<p>Ben jij al bekend met Versano? Het merk Versano is vooral bekend om de mooie en aparte modellen jassen met getailleerde Italiaanse pasvormen, maar dit is niet zomaar een ontwerp, wij noemen het \u201cA STATE OF ART \u201c.\u00a0 Met zo\u2019n mooie mantel jas van Versano weet u zeker dat u er de hele winter patent bij loopt. Dit zijn mooie jassen die niet alleen perfect zijn ontworpen, maar die ook nog eens van de beste materialen zijn gemaakt. U bestelt de Dames mantel jas Valentina in de kleur creme eenvoudig via onze webshop van Versano. We hebben al onze jassen hier overzichtelijk voor u bij elkaar gezet, zodat u eenvoudig een bestelling kunt maken. Bij Versano bent u er altijd zeker van dat u een mooie jas koopt waar met zorg aan is gewerkt en waar u veel plezier van gaat krijgen.<\/p>\n<p>Marca: Versano<br \/>\nlongitud: 3 cuartos<br \/>\nmaterial: 64% poli\u00e9ster, 34% Viscon, 2% lycra, sint\u00e9tico<br \/>\nAjuste: ajustado<br \/>\nForro: 100% poli\u00e9ster<br \/>\ncierre: cierre de botones<br \/>\nBolsillos: bolsillos con v\u00e1lvula<\/p>\n<p>Funci\u00f3n: impermeable, resistente al viento<\/p>","protected":false},"excerpt":{"rendered":"<p><strong><span style=\"color: #ff0000;\">Consejos de ajuste:<\/span><\/strong><\/p>\n<p><span style=\"color: #ff0000;\">Slim fit pasvorm, bekijk de maattabel voor de juiste maat.<\/span><\/p>\n<p><span style=\"color: #ff0000;\">Onze model is 1,68 m en weegt 58 kg, ze draagt maat Small.<\/span><\/p>\n<p>Si no est\u00e1 seguro de sus medidas, le recomendamos que primero mida las medidas de su talla y las compare con nuestra tabla de tallas. Si no tiene experiencia en medir tama\u00f1os de circunferencia, haga clic en <a href=\"https:\/\/www.youtube.com\/watch?v=3ZSfY87v6pM\"><em>AQU\u00cd<\/em>\u00a0<\/a>\u00a0para <span style=\"color: #ff0000;\"><a style=\"color: #ff0000;\" href=\"https:\/\/www.youtube.com\/watch?v=3ZSfY87v6pM\"><em>VIDEO<\/em><\/a>\u00a0<\/span> con instrucciones. \u00a1Tambi\u00e9n puede llamarnos o enviarnos una aplicaci\u00f3n directamente! Nuestros empleados est\u00e1n siempre disponibles para ayudar.<\/p>\n<p><strong><span style=\"color: #000000;\">EL TIEMPO DE ENTREGA<\/span> :<\/strong> 2 a 3 d\u00edas laborables.<\/p>","protected":false},"featured_media":35136,"comment_status":"closed","ping_status":"closed","template":"","meta":[],"product_brand":[],"product_cat":[2211,2207,1145,1382,2209,2208,2221,2151,882,1143,1144,1404,1339,2210],"product_tag":[],"class_list":{"0":"post-29803","1":"product","2":"type-product","3":"status-publish","4":"has-post-thumbnail","6":"product_cat-dames-getailleerde-manteljas","7":"product_cat-dames-manteljas","8":"product_cat-dames-winterjas","9":"product_cat-dames-winterjassen","10":"product_cat-dames-wollen-jas","11":"product_cat-lange-manteljas-dames","12":"product_cat-manteljas-dames","13":"product_cat-dames-mantel-jassen","14":"product_cat-versano","15":"product_cat-winterjas","16":"product_cat-winterjas-dames","17":"product_cat-winterjassen","18":"product_cat-winterjassen-dames","19":"product_cat-wollen-jas-dames","20":"tm-no-options","22":"first","23":"instock","24":"sale","25":"taxable","26":"shipping-taxable","27":"purchasable","28":"product-type-variable"},"yoast_head":"<!-- This site is optimized with the Yoast SEO plugin v27.2 - https:\/\/yoast.com\/product\/yoast-seo-wordpress\/ -->\n<title>Dames mantel jas cr\u00e8me Valentina NG Versano<\/title>\n<meta name=\"description\" content=\"Ben je op zoek naar een mooie dames mantel jas in de kleur creme? Dan ben je bij Versano aan de juiste adres voor een nieuwe mantel jas!\" \/>\n<meta name=\"robots\" content=\"index, follow, max-snippet:-1, max-image-preview:large, max-video-preview:-1\" \/>\n<link rel=\"canonical\" href=\"https:\/\/versano.nl\/es\/shop\/dames-mantel-jas-creme-valentina-ng-versano\/\" \/>\n<meta property=\"og:locale\" content=\"es_ES\" \/>\n<meta property=\"og:type\" content=\"article\" \/>\n<meta property=\"og:title\" content=\"Dames mantel jas cr\u00e8me Valentina NG Versano\" \/>\n<meta property=\"og:description\" content=\"Ben je op zoek naar een mooie dames mantel jas in de kleur creme? Dan ben je bij Versano aan de juiste adres voor een nieuwe mantel jas!\" \/>\n<meta property=\"og:url\" content=\"https:\/\/versano.nl\/es\/shop\/dames-mantel-jas-creme-valentina-ng-versano\/\" \/>\n<meta property=\"og:site_name\" content=\"Versano\" \/>\n<meta property=\"article:modified_time\" content=\"2026-04-01T13:59:37+00:00\" \/>\n<meta property=\"og:image\" content=\"https:\/\/versano.nl\/wp-content\/uploads\/2023\/09\/IMG_0153.jpg\" \/>\n\t<meta property=\"og:image:width\" content=\"798\" \/>\n\t<meta property=\"og:image:height\" content=\"1200\" \/>\n\t<meta property=\"og:image:type\" content=\"image\/jpeg\" \/>\n<meta name=\"twitter:card\" content=\"summary_large_image\" \/>\n<meta name=\"twitter:label1\" content=\"Tiempo de lectura\" \/>\n\t<meta name=\"twitter:data1\" content=\"2 minutos\" \/>\n<script type=\"application\/ld+json\" class=\"yoast-schema-graph\">{\"@context\":\"https:\/\/schema.org\",\"@graph\":[{\"@type\":\"WebPage\",\"@id\":\"https:\/\/versano.nl\/shop\/dames-mantel-jas-creme-valentina-ng-versano\/\",\"url\":\"https:\/\/versano.nl\/shop\/dames-mantel-jas-creme-valentina-ng-versano\/\",\"name\":\"Dames mantel jas cr\u00e8me Valentina NG Versano\",\"isPartOf\":{\"@id\":\"https:\/\/versano.nl\/#website\"},\"primaryImageOfPage\":{\"@id\":\"https:\/\/versano.nl\/shop\/dames-mantel-jas-creme-valentina-ng-versano\/#primaryimage\"},\"image\":{\"@id\":\"https:\/\/versano.nl\/shop\/dames-mantel-jas-creme-valentina-ng-versano\/#primaryimage\"},\"thumbnailUrl\":\"https:\/\/versano.nl\/wp-content\/uploads\/2023\/09\/IMG_0153.jpg\",\"datePublished\":\"2023-09-29T11:28:42+00:00\",\"dateModified\":\"2026-04-01T13:59:37+00:00\",\"description\":\"Ben je op zoek naar een mooie dames mantel jas in de kleur creme? Dan ben je bij Versano aan de juiste adres voor een nieuwe mantel jas!\",\"breadcrumb\":{\"@id\":\"https:\/\/versano.nl\/shop\/dames-mantel-jas-creme-valentina-ng-versano\/#breadcrumb\"},\"inLanguage\":\"es\",\"potentialAction\":[{\"@type\":\"ReadAction\",\"target\":[\"https:\/\/versano.nl\/shop\/dames-mantel-jas-creme-valentina-ng-versano\/\"]}]},{\"@type\":\"ImageObject\",\"inLanguage\":\"es\",\"@id\":\"https:\/\/versano.nl\/shop\/dames-mantel-jas-creme-valentina-ng-versano\/#primaryimage\",\"url\":\"https:\/\/versano.nl\/wp-content\/uploads\/2023\/09\/IMG_0153.jpg\",\"contentUrl\":\"https:\/\/versano.nl\/wp-content\/uploads\/2023\/09\/IMG_0153.jpg\",\"width\":798,\"height\":1200,\"caption\":\"Dames mantel jas cr\u00e8me Valentina NG Versano\"},{\"@type\":\"BreadcrumbList\",\"@id\":\"https:\/\/versano.nl\/shop\/dames-mantel-jas-creme-valentina-ng-versano\/#breadcrumb\",\"itemListElement\":[{\"@type\":\"ListItem\",\"position\":1,\"name\":\"Home\",\"item\":\"https:\/\/versano.nl\/\"},{\"@type\":\"ListItem\",\"position\":2,\"name\":\"Shop\",\"item\":\"https:\/\/versano.nl\/shop\/\"},{\"@type\":\"ListItem\",\"position\":3,\"name\":\"Dames mantel jas cr\u00e8me Valentina NG Versano\"}]},{\"@type\":\"WebSite\",\"@id\":\"https:\/\/versano.nl\/#website\",\"url\":\"https:\/\/versano.nl\/\",\"name\":\"Versano\",\"description\":\"winterjassen met bontkraag | leren dames jassen | leren heren jassen\",\"potentialAction\":[{\"@type\":\"SearchAction\",\"target\":{\"@type\":\"EntryPoint\",\"urlTemplate\":\"https:\/\/versano.nl\/?s={search_term_string}\"},\"query-input\":{\"@type\":\"PropertyValueSpecification\",\"valueRequired\":true,\"valueName\":\"search_term_string\"}}],\"inLanguage\":\"es\"}]}<\/script>\n<!-- \/ Yoast SEO plugin. -->","yoast_head_json":{"title":"Dames mantel jas cr\u00e8me Valentina NG Versano","description":"Ben je op zoek naar een mooie dames mantel jas in de kleur creme? Dan ben je bij Versano aan de juiste adres voor een nieuwe mantel jas!","robots":{"index":"index","follow":"follow","max-snippet":"max-snippet:-1","max-image-preview":"max-image-preview:large","max-video-preview":"max-video-preview:-1"},"canonical":"https:\/\/versano.nl\/es\/shop\/dames-mantel-jas-creme-valentina-ng-versano\/","og_locale":"es_ES","og_type":"article","og_title":"Dames mantel jas cr\u00e8me Valentina NG Versano","og_description":"Ben je op zoek naar een mooie dames mantel jas in de kleur creme? Dan ben je bij Versano aan de juiste adres voor een nieuwe mantel jas!","og_url":"https:\/\/versano.nl\/es\/shop\/dames-mantel-jas-creme-valentina-ng-versano\/","og_site_name":"Versano","article_modified_time":"2026-04-01T13:59:37+00:00","og_image":[{"width":798,"height":1200,"url":"https:\/\/versano.nl\/wp-content\/uploads\/2023\/09\/IMG_0153.jpg","type":"image\/jpeg"}],"twitter_card":"summary_large_image","twitter_misc":{"Tiempo de lectura":"2 minutos"},"schema":{"@context":"https:\/\/schema.org","@graph":[{"@type":"WebPage","@id":"https:\/\/versano.nl\/shop\/dames-mantel-jas-creme-valentina-ng-versano\/","url":"https:\/\/versano.nl\/shop\/dames-mantel-jas-creme-valentina-ng-versano\/","name":"Dames mantel jas cr\u00e8me Valentina NG Versano","isPartOf":{"@id":"https:\/\/versano.nl\/#website"},"primaryImageOfPage":{"@id":"https:\/\/versano.nl\/shop\/dames-mantel-jas-creme-valentina-ng-versano\/#primaryimage"},"image":{"@id":"https:\/\/versano.nl\/shop\/dames-mantel-jas-creme-valentina-ng-versano\/#primaryimage"},"thumbnailUrl":"https:\/\/versano.nl\/wp-content\/uploads\/2023\/09\/IMG_0153.jpg","datePublished":"2023-09-29T11:28:42+00:00","dateModified":"2026-04-01T13:59:37+00:00","description":"Ben je op zoek naar een mooie dames mantel jas in de kleur creme? Dan ben je bij Versano aan de juiste adres voor een nieuwe mantel jas!","breadcrumb":{"@id":"https:\/\/versano.nl\/shop\/dames-mantel-jas-creme-valentina-ng-versano\/#breadcrumb"},"inLanguage":"es","potentialAction":[{"@type":"ReadAction","target":["https:\/\/versano.nl\/shop\/dames-mantel-jas-creme-valentina-ng-versano\/"]}]},{"@type":"ImageObject","inLanguage":"es","@id":"https:\/\/versano.nl\/shop\/dames-mantel-jas-creme-valentina-ng-versano\/#primaryimage","url":"https:\/\/versano.nl\/wp-content\/uploads\/2023\/09\/IMG_0153.jpg","contentUrl":"https:\/\/versano.nl\/wp-content\/uploads\/2023\/09\/IMG_0153.jpg","width":798,"height":1200,"caption":"Dames mantel jas cr\u00e8me Valentina NG Versano"},{"@type":"BreadcrumbList","@id":"https:\/\/versano.nl\/shop\/dames-mantel-jas-creme-valentina-ng-versano\/#breadcrumb","itemListElement":[{"@type":"ListItem","position":1,"name":"Home","item":"https:\/\/versano.nl\/"},{"@type":"ListItem","position":2,"name":"Shop","item":"https:\/\/versano.nl\/shop\/"},{"@type":"ListItem","position":3,"name":"Dames mantel jas cr\u00e8me Valentina NG Versano"}]},{"@type":"WebSite","@id":"https:\/\/versano.nl\/#website","url":"https:\/\/versano.nl\/","name":"Versano","description":"abrigos de invierno con cuello de piel | chaquetas de cuero para mujer | chaquetas de cuero para hombre","potentialAction":[{"@type":"SearchAction","target":{"@type":"EntryPoint","urlTemplate":"https:\/\/versano.nl\/?s={search_term_string}"},"query-input":{"@type":"PropertyValueSpecification","valueRequired":true,"valueName":"search_term_string"}}],"inLanguage":"es"}]}},"_links":{"self":[{"href":"https:\/\/versano.nl\/es\/wp-json\/wp\/v2\/product\/29803","targetHints":{"allow":["GET"]}}],"collection":[{"href":"https:\/\/versano.nl\/es\/wp-json\/wp\/v2\/product"}],"about":[{"href":"https:\/\/versano.nl\/es\/wp-json\/wp\/v2\/types\/product"}],"replies":[{"embeddable":true,"href":"https:\/\/versano.nl\/es\/wp-json\/wp\/v2\/comments?post=29803"}],"wp:featuredmedia":[{"embeddable":true,"href":"https:\/\/versano.nl\/es\/wp-json\/wp\/v2\/media\/35136"}],"wp:attachment":[{"href":"https:\/\/versano.nl\/es\/wp-json\/wp\/v2\/media?parent=29803"}],"wp:term":[{"taxonomy":"product_brand","embeddable":true,"href":"https:\/\/versano.nl\/es\/wp-json\/wp\/v2\/product_brand?post=29803"},{"taxonomy":"product_cat","embeddable":true,"href":"https:\/\/versano.nl\/es\/wp-json\/wp\/v2\/product_cat?post=29803"},{"taxonomy":"product_tag","embeddable":true,"href":"https:\/\/versano.nl\/es\/wp-json\/wp\/v2\/product_tag?post=29803"}],"curies":[{"name":"wp","href":"https:\/\/api.w.org\/{rel}","templated":true}]}}