{"id":29572,"date":"2023-09-22T11:14:12","date_gmt":"2023-09-22T11:14:12","guid":{"rendered":"https:\/\/versano.nl\/shop\/dames-winterjas-met-bontkraag-shamila-ecru-new-generation\/"},"modified":"2026-03-06T15:03:50","modified_gmt":"2026-03-06T15:03:50","slug":"dames-winterjas-met-bontkraag-shamila-ecru-new-generation","status":"publish","type":"product","link":"https:\/\/versano.nl\/es\/shop\/dames-winterjas-met-bontkraag-shamila-ecru-new-generation\/","title":{"rendered":"Dames jas met bontkraag Shamila ecru new generation"},"content":{"rendered":"<h2>Dames jas met bontkraag Shamila ecru new generation<\/h2>\n<p>Op zoek naar een lekker warme dames jas met bontkraag die er ook nog eens lekker hip uitziet? Kijk dan eens bij deze dames jas met bontkraag Shamila ecru new generation van Versano. Deze jas heeft niet alleen twee ritsen, het is ook nog eens een jas met twee flinke steekzakken. Hier kunt u uw handen mooi in kwijt als het buiten een gure dag is.<\/p>\n<p>Deze jas is niet alleen perfect\u00a0 ontworpen maar hij sluit ook erg mooi getailleerd aan. De jas is met de beste materialen en een special methode gemaakt waardoor hij erg comfortabel aan voelt op uw lichaam qua beweging en zal u ook warm houden in zelfs extreem koud weer.\u00a0 Deze jas heeft een dubbel ritssluiting en twee steekzakken. Hier kunt u uw handen mooi in kwijt als het buiten een gure dag is. U kunt deze dames jas met bontkraag shamila bij ons bestellen in verschillende kleuren en de bontkraag is optioneel. Bij de kraag heeft u de keuze uit een kraag van echt bont, of een imitatie bontkraag die niet van echt bontkraag te onderscheiden is.<\/p>\n<h3>Un topjas de Versano<\/h3>\n<p>Met zo\u2019n mooie jas van Versano weet u zeker dat u er de hele winter patent bij loopt. Dit zijn mooie jassen die niet alleen perfect zijn ontworpen, maar die ook nog eens van de beste materialen zijn gemaakt. U bestelt dames jas met bontkraag shamila ecru eenvoudig via onze webshop van Versano. We hebben al onze jassen hier overzichtelijk voor u bij elkaar gezet, zodat u eenvoudig een bestelling kunt maken. Bij Versano bent u er altijd zeker van dat u een mooie jas koopt waar met zorg aan is gewerkt.<\/p>\n<p>marca: <a title=\"versano\" href=\"https:\/\/versano.nl\" target=\"_blank\" rel=\"noopener noreferrer\">Versano<\/a><br \/>\nlongitud: corto<br \/>\nMontar: Largo<br \/>\nForro: 100% poli\u00e9ster<br \/>\nespesor del forro: 200 gramos alineados gruesa<br \/>\nlongitud de la manga: manga larga<br \/>\nHood, alineado, s\u00f3lida<br \/>\nLos extras: costuras reforzadas<br \/>\nCierre: cremallera<br \/>\nsacos de cremallera bolsillos laterales, en el interior<br \/>\nFunci\u00f3n: impermeable, resistente al viento<br \/>\ncapa externa de material: 100% poli\u00e9ster<br \/>\naccesorios: cuello de piel (opcional)<\/p>\n<p>Tiempo: 2-4 d\u00edas<\/p>\n<p><strong>OPCIONAL: piel real CUELLO DEL MAPACHE MAPACHE ART DE PIEL<\/strong><\/p>","protected":false},"excerpt":{"rendered":"<h4><strong>ELIGE OTRO COLOR AQU\u00cd<\/strong><\/h4>\n<p><span style=\"color: #ff0000;\"><strong><a href=\"https:\/\/versano.nl\/shop\/dames-winterjas-met-bontkraag-shamila-zwart-new-generation\/\"><img loading=\"lazy\" decoding=\"async\" class=\"alignnone size-full wp-image-26987\" src=\"https:\/\/versano.nl\/wp-content\/uploads\/sites\/2\/2021\/08\/dames-winterjas-myversano-shamila-new-zwart-voorkant-nw-thumb.jpg\" alt=\"\" width=\"56\" height=\"75\" srcset=\"https:\/\/versano.nl\/wp-content\/uploads\/2021\/08\/dames-winterjas-myversano-shamila-new-zwart-voorkant-nw-thumb.jpg 56w, https:\/\/versano.nl\/wp-content\/uploads\/2021\/08\/dames-winterjas-myversano-shamila-new-zwart-voorkant-nw-thumb-9x12.jpg 9w\" sizes=\"auto, (max-width: 56px) 100vw, 56px\" \/><\/a><\/strong><\/span><strong><span style=\"color: #ff0000;\"><a href=\"https:\/\/versano.nl\/shop\/dames-winterjas-met-bontkraag-shamila-groen-new-generation\/\"><img loading=\"lazy\" decoding=\"async\" class=\"alignnone size-full wp-image-26986\" src=\"https:\/\/versano.nl\/wp-content\/uploads\/sites\/2\/2021\/08\/dames-winterjas-myversano-shamila-new-groen-voorkant-nw-thumb.jpg\" alt=\"\" width=\"56\" height=\"75\" srcset=\"https:\/\/versano.nl\/wp-content\/uploads\/2021\/08\/dames-winterjas-myversano-shamila-new-groen-voorkant-nw-thumb.jpg 56w, https:\/\/versano.nl\/wp-content\/uploads\/2021\/08\/dames-winterjas-myversano-shamila-new-groen-voorkant-nw-thumb-9x12.jpg 9w\" sizes=\"auto, (max-width: 56px) 100vw, 56px\" \/><\/a><\/span><\/strong><\/p>\n<p>&nbsp;<\/p>\n<p><strong><span style=\"color: #ff0000;\">Consejos de ajuste:<\/span> <\/strong><\/p>\n<p><span style=\"color: #ff0000;\">Getailleerde pasvorm, bekijk de maattabel voor de juiste maat.<\/span><\/p>\n<p><span style=\"color: #ff0000;\">Ons model is 1.70 m en weegt 62 kilo, ze draagt een Small.<\/span><\/p>\n<p>&nbsp;<\/p>\n<p>Si no est\u00e1 seguro de sus medidas, le recomendamos que primero mida las medidas de su talla y las compare con nuestra tabla de tallas. Si no tiene experiencia en medir tama\u00f1os de circunferencia, haga clic en\u00a0<a href=\"https:\/\/www.youtube.com\/watch?v=3ZSfY87v6pM\"><em>AQU\u00cd<\/em>\u00a0<\/a>\u00a0para\u00a0<a href=\"https:\/\/www.youtube.com\/watch?v=3ZSfY87v6pM\"><em>VIDEO<\/em><\/a>\u00a0\u00a0con instrucciones. \u00a1Tambi\u00e9n puede llamarnos o enviarnos una aplicaci\u00f3n directamente! Nuestros empleados est\u00e1n siempre disponibles para ayudar.<\/p>\n<p>Plazo de entrega: 2 a 3 d\u00edas h\u00e1biles.<\/p>\n<p><span style=\"color: #ff0000;\">INFORMACION IMPORTANTE<\/span> :<\/p>\n<p>Wij hebben een gedetailleerd pasvorm advies aangegeven in de product afbeeldingen. Bekijk dit voordat u een bestelling plaatst.<\/p>\n<p>Puedes comprar cualquier chaqueta Versano con o sin cuello de piel, el cuello de piel no est\u00e1 incluido.<\/p>","protected":false},"featured_media":30616,"comment_status":"closed","ping_status":"closed","template":"","meta":[],"product_brand":[],"product_cat":[1403,89,1012,1353,1145,1384,1389,1382,1383,1037,1038,882,1143,1144,1415,1041,1042,215,1404,1339],"product_tag":[540,630,631,632,153,106,628,629],"class_list":{"0":"post-29572","1":"product","2":"type-product","3":"status-publish","4":"has-post-thumbnail","6":"product_cat-bontkraag-jas","7":"product_cat-dames","8":"product_cat-dames-jas-met-bontkraag","9":"product_cat-dames-jas-met-pels","10":"product_cat-dames-winterjas","11":"product_cat-dames-winterjas-met-bontkraag","12":"product_cat-dames-winterjas-met-pels","13":"product_cat-dames-winterjassen","14":"product_cat-dames-winterjassen-met-bontkraag","15":"product_cat-jas-met-bontkraag","16":"product_cat-jas-met-bontkraag-dames","17":"product_cat-versano","18":"product_cat-winterjas","19":"product_cat-winterjas-dames","20":"product_cat-winterjas-dames-met-bontkraag","21":"product_cat-winterjas-met-bontkraag","22":"product_cat-winterjas-met-bontkraag-dames","23":"product_cat-dames-jassen-met-bontkraag","24":"product_cat-winterjassen","25":"product_cat-winterjassen-dames","26":"product_tag-dames-vest-met-pels","27":"product_tag-imitatieleren-dames-jas-groen","28":"product_tag-imitatieleren-jas-dames-groen","29":"product_tag-imitatieleren-jassen-groen","30":"product_tag-leren-heren-jas-cognac","31":"product_tag-winter-leren-jassen","32":"product_tag-zwarte-leren-jas","33":"product_tag-zwarte-leren-versano-jas","34":"product_shipping_class-verzendkosten-1","35":"tm-has-options","37":"first","38":"instock","39":"sale","40":"taxable","41":"shipping-taxable","42":"purchasable","43":"product-type-variable"},"yoast_head":"<!-- This site is optimized with the Yoast SEO plugin v27.2 - https:\/\/yoast.com\/product\/yoast-seo-wordpress\/ -->\n<title>Dames jas met bontkraag Shamila ecru new generation<\/title>\n<meta name=\"description\" content=\"Ben je op zoek naar een Dames jas met bontkraag Shamila ecru new generation, shop dan in de Versano webshop.\" \/>\n<meta name=\"robots\" content=\"index, follow, max-snippet:-1, max-image-preview:large, max-video-preview:-1\" \/>\n<link rel=\"canonical\" href=\"https:\/\/versano.nl\/es\/shop\/dames-winterjas-met-bontkraag-shamila-ecru-new-generation\/\" \/>\n<meta property=\"og:locale\" content=\"es_ES\" \/>\n<meta property=\"og:type\" content=\"article\" \/>\n<meta property=\"og:title\" content=\"Dames jas met bontkraag Shamila ecru new generation\" \/>\n<meta property=\"og:description\" content=\"Ben je op zoek naar een Dames jas met bontkraag Shamila ecru new generation, shop dan in de Versano webshop.\" \/>\n<meta property=\"og:url\" content=\"https:\/\/versano.nl\/es\/shop\/dames-winterjas-met-bontkraag-shamila-ecru-new-generation\/\" \/>\n<meta property=\"og:site_name\" content=\"Versano\" \/>\n<meta property=\"article:modified_time\" content=\"2026-03-06T15:03:50+00:00\" \/>\n<meta property=\"og:image\" content=\"https:\/\/versano.nl\/wp-content\/uploads\/2023\/09\/999.jpg\" \/>\n\t<meta property=\"og:image:width\" content=\"600\" \/>\n\t<meta property=\"og:image:height\" content=\"800\" \/>\n\t<meta property=\"og:image:type\" content=\"image\/jpeg\" \/>\n<meta name=\"twitter:card\" content=\"summary_large_image\" \/>\n<meta name=\"twitter:label1\" content=\"Tiempo de lectura\" \/>\n\t<meta name=\"twitter:data1\" content=\"2 minutos\" \/>\n<script type=\"application\/ld+json\" class=\"yoast-schema-graph\">{\"@context\":\"https:\/\/schema.org\",\"@graph\":[{\"@type\":\"WebPage\",\"@id\":\"https:\/\/versano.nl\/shop\/dames-winterjas-met-bontkraag-shamila-ecru-new-generation\/\",\"url\":\"https:\/\/versano.nl\/shop\/dames-winterjas-met-bontkraag-shamila-ecru-new-generation\/\",\"name\":\"Dames jas met bontkraag Shamila ecru new generation\",\"isPartOf\":{\"@id\":\"https:\/\/versano.nl\/#website\"},\"primaryImageOfPage\":{\"@id\":\"https:\/\/versano.nl\/shop\/dames-winterjas-met-bontkraag-shamila-ecru-new-generation\/#primaryimage\"},\"image\":{\"@id\":\"https:\/\/versano.nl\/shop\/dames-winterjas-met-bontkraag-shamila-ecru-new-generation\/#primaryimage\"},\"thumbnailUrl\":\"https:\/\/versano.nl\/wp-content\/uploads\/2023\/09\/999.jpg\",\"datePublished\":\"2023-09-22T11:14:12+00:00\",\"dateModified\":\"2026-03-06T15:03:50+00:00\",\"description\":\"Ben je op zoek naar een Dames jas met bontkraag Shamila ecru new generation, shop dan in de Versano webshop.\",\"breadcrumb\":{\"@id\":\"https:\/\/versano.nl\/shop\/dames-winterjas-met-bontkraag-shamila-ecru-new-generation\/#breadcrumb\"},\"inLanguage\":\"es\",\"potentialAction\":[{\"@type\":\"ReadAction\",\"target\":[\"https:\/\/versano.nl\/shop\/dames-winterjas-met-bontkraag-shamila-ecru-new-generation\/\"]}]},{\"@type\":\"ImageObject\",\"inLanguage\":\"es\",\"@id\":\"https:\/\/versano.nl\/shop\/dames-winterjas-met-bontkraag-shamila-ecru-new-generation\/#primaryimage\",\"url\":\"https:\/\/versano.nl\/wp-content\/uploads\/2023\/09\/999.jpg\",\"contentUrl\":\"https:\/\/versano.nl\/wp-content\/uploads\/2023\/09\/999.jpg\",\"width\":600,\"height\":800},{\"@type\":\"BreadcrumbList\",\"@id\":\"https:\/\/versano.nl\/shop\/dames-winterjas-met-bontkraag-shamila-ecru-new-generation\/#breadcrumb\",\"itemListElement\":[{\"@type\":\"ListItem\",\"position\":1,\"name\":\"Home\",\"item\":\"https:\/\/versano.nl\/\"},{\"@type\":\"ListItem\",\"position\":2,\"name\":\"Shop\",\"item\":\"https:\/\/versano.nl\/shop\/\"},{\"@type\":\"ListItem\",\"position\":3,\"name\":\"Dames jas met bontkraag Shamila ecru new generation\"}]},{\"@type\":\"WebSite\",\"@id\":\"https:\/\/versano.nl\/#website\",\"url\":\"https:\/\/versano.nl\/\",\"name\":\"Versano\",\"description\":\"winterjassen met bontkraag | leren dames jassen | leren heren jassen\",\"potentialAction\":[{\"@type\":\"SearchAction\",\"target\":{\"@type\":\"EntryPoint\",\"urlTemplate\":\"https:\/\/versano.nl\/?s={search_term_string}\"},\"query-input\":{\"@type\":\"PropertyValueSpecification\",\"valueRequired\":true,\"valueName\":\"search_term_string\"}}],\"inLanguage\":\"es\"}]}<\/script>\n<!-- \/ Yoast SEO plugin. -->","yoast_head_json":{"title":"Dames jas met bontkraag Shamila ecru new generation","description":"Ben je op zoek naar een Dames jas met bontkraag Shamila ecru new generation, shop dan in de Versano webshop.","robots":{"index":"index","follow":"follow","max-snippet":"max-snippet:-1","max-image-preview":"max-image-preview:large","max-video-preview":"max-video-preview:-1"},"canonical":"https:\/\/versano.nl\/es\/shop\/dames-winterjas-met-bontkraag-shamila-ecru-new-generation\/","og_locale":"es_ES","og_type":"article","og_title":"Dames jas met bontkraag Shamila ecru new generation","og_description":"Ben je op zoek naar een Dames jas met bontkraag Shamila ecru new generation, shop dan in de Versano webshop.","og_url":"https:\/\/versano.nl\/es\/shop\/dames-winterjas-met-bontkraag-shamila-ecru-new-generation\/","og_site_name":"Versano","article_modified_time":"2026-03-06T15:03:50+00:00","og_image":[{"width":600,"height":800,"url":"https:\/\/versano.nl\/wp-content\/uploads\/2023\/09\/999.jpg","type":"image\/jpeg"}],"twitter_card":"summary_large_image","twitter_misc":{"Tiempo de lectura":"2 minutos"},"schema":{"@context":"https:\/\/schema.org","@graph":[{"@type":"WebPage","@id":"https:\/\/versano.nl\/shop\/dames-winterjas-met-bontkraag-shamila-ecru-new-generation\/","url":"https:\/\/versano.nl\/shop\/dames-winterjas-met-bontkraag-shamila-ecru-new-generation\/","name":"Dames jas met bontkraag Shamila ecru new generation","isPartOf":{"@id":"https:\/\/versano.nl\/#website"},"primaryImageOfPage":{"@id":"https:\/\/versano.nl\/shop\/dames-winterjas-met-bontkraag-shamila-ecru-new-generation\/#primaryimage"},"image":{"@id":"https:\/\/versano.nl\/shop\/dames-winterjas-met-bontkraag-shamila-ecru-new-generation\/#primaryimage"},"thumbnailUrl":"https:\/\/versano.nl\/wp-content\/uploads\/2023\/09\/999.jpg","datePublished":"2023-09-22T11:14:12+00:00","dateModified":"2026-03-06T15:03:50+00:00","description":"Ben je op zoek naar een Dames jas met bontkraag Shamila ecru new generation, shop dan in de Versano webshop.","breadcrumb":{"@id":"https:\/\/versano.nl\/shop\/dames-winterjas-met-bontkraag-shamila-ecru-new-generation\/#breadcrumb"},"inLanguage":"es","potentialAction":[{"@type":"ReadAction","target":["https:\/\/versano.nl\/shop\/dames-winterjas-met-bontkraag-shamila-ecru-new-generation\/"]}]},{"@type":"ImageObject","inLanguage":"es","@id":"https:\/\/versano.nl\/shop\/dames-winterjas-met-bontkraag-shamila-ecru-new-generation\/#primaryimage","url":"https:\/\/versano.nl\/wp-content\/uploads\/2023\/09\/999.jpg","contentUrl":"https:\/\/versano.nl\/wp-content\/uploads\/2023\/09\/999.jpg","width":600,"height":800},{"@type":"BreadcrumbList","@id":"https:\/\/versano.nl\/shop\/dames-winterjas-met-bontkraag-shamila-ecru-new-generation\/#breadcrumb","itemListElement":[{"@type":"ListItem","position":1,"name":"Home","item":"https:\/\/versano.nl\/"},{"@type":"ListItem","position":2,"name":"Shop","item":"https:\/\/versano.nl\/shop\/"},{"@type":"ListItem","position":3,"name":"Dames jas met bontkraag Shamila ecru new generation"}]},{"@type":"WebSite","@id":"https:\/\/versano.nl\/#website","url":"https:\/\/versano.nl\/","name":"Versano","description":"abrigos de invierno con cuello de piel | chaquetas de cuero para mujer | chaquetas de cuero para hombre","potentialAction":[{"@type":"SearchAction","target":{"@type":"EntryPoint","urlTemplate":"https:\/\/versano.nl\/?s={search_term_string}"},"query-input":{"@type":"PropertyValueSpecification","valueRequired":true,"valueName":"search_term_string"}}],"inLanguage":"es"}]}},"_links":{"self":[{"href":"https:\/\/versano.nl\/es\/wp-json\/wp\/v2\/product\/29572","targetHints":{"allow":["GET"]}}],"collection":[{"href":"https:\/\/versano.nl\/es\/wp-json\/wp\/v2\/product"}],"about":[{"href":"https:\/\/versano.nl\/es\/wp-json\/wp\/v2\/types\/product"}],"replies":[{"embeddable":true,"href":"https:\/\/versano.nl\/es\/wp-json\/wp\/v2\/comments?post=29572"}],"wp:featuredmedia":[{"embeddable":true,"href":"https:\/\/versano.nl\/es\/wp-json\/wp\/v2\/media\/30616"}],"wp:attachment":[{"href":"https:\/\/versano.nl\/es\/wp-json\/wp\/v2\/media?parent=29572"}],"wp:term":[{"taxonomy":"product_brand","embeddable":true,"href":"https:\/\/versano.nl\/es\/wp-json\/wp\/v2\/product_brand?post=29572"},{"taxonomy":"product_cat","embeddable":true,"href":"https:\/\/versano.nl\/es\/wp-json\/wp\/v2\/product_cat?post=29572"},{"taxonomy":"product_tag","embeddable":true,"href":"https:\/\/versano.nl\/es\/wp-json\/wp\/v2\/product_tag?post=29572"}],"curies":[{"name":"wp","href":"https:\/\/api.w.org\/{rel}","templated":true}]}}