{"id":2916,"date":"2015-05-31T14:33:59","date_gmt":"2015-05-31T14:33:59","guid":{"rendered":"http:\/\/leathershopdoci.nl\/?post_type=product&#038;p=6589"},"modified":"2021-02-05T14:50:52","modified_gmt":"2021-02-05T14:50:52","slug":"bruine-leren-herenjas-met-ribband","status":"publish","type":"product","link":"https:\/\/versano.nl\/es\/shop\/bruine-leren-herenjas-met-ribband\/","title":{"rendered":"chaqueta de los hombres de cuero marr\u00f3n con ribband"},"content":{"rendered":"<h2>chaqueta de los hombres de cuero marr\u00f3n con ribband<\/h2>\n<p>Dejar en manos de los dise\u00f1adores de Versano a punto de llegar una y otra vez con hermosas modelos nuevos. Estas son las chaquetas que se vea hermoso y que puedes estar seguro de que se sientan. Las chaquetas Versano est\u00e1n hechos de la m\u00e1s fina piel de cordero, un cuero que es suave y duradero y hermoso donde chaquetas est\u00e1n haciendo. chaqueta de los hombres de cuero marr\u00f3n con ribband de Versano es tambi\u00e9n un modelo muy deportivo, que todav\u00eda tiene un aspecto elegante.<\/p>\n<h3>comprar la chaqueta de los hombres de cuero marr\u00f3n con ribband<\/h3>\n<p>\u00bfQuieres chaqueta de este bello de los hombres de cuero marr\u00f3n con ribband de Versano comprar de nuestro alcance? A continuaci\u00f3n, le recomendamos que la primera capa la misma vista en detalle. Nuestros cuadros porque se puede ver todos los detalles de esta chaqueta. Para que pueda convencerse de que esta es la chaqueta que quieren tener un par de a\u00f1os por delante de ellos. La chaqueta tiene un acabado con dos bolsillos grandes, que est\u00e1n equipadas con una cremallera conveniente. Los papeles importantes todav\u00eda se puede perder en los bolsillos interiores de la chaqueta<\/p>\n<p>Material: 100% piel de cordero<br \/>\nForro: 100% poli\u00e9ster<br \/>\nlongitud: corto<br \/>\nPoner: muebles italianos (corre)<br \/>\nCierre: cremallera<br \/>\nBolsillos: bolsillo con cremallera<br \/>\nCollar: de pie cuello<br \/>\ncapa exterior Material: de alta calidad y de piel de cordero suave<br \/>\nTiempo: 1-3 d\u00edas<\/p>","protected":false},"excerpt":{"rendered":"<p>Esta chaqueta de cuero es un verdadero punto de atracci\u00f3n y sobresale en la comodidad y el modelo. duradera piel de cordero tiene un lavado precioso para una mirada pero elegante deportivo. Por ejemplo, llevar con jeans o chinos. La chaqueta tiene dos bolsillos con cremallera y un bolsillo interior. Estos chaqueta de cuero para hombre tiene un excelente acabado y equipado italiana.<\/p>","protected":false},"featured_media":9268,"comment_status":"closed","ping_status":"closed","template":"","meta":[],"product_brand":[],"product_cat":[147,1712],"product_tag":[403,23,24],"class_list":{"0":"post-2916","1":"product","2":"type-product","3":"status-publish","4":"has-post-thumbnail","6":"product_cat-heren-leren-jassen","7":"product_cat-leren-jassen","8":"product_tag-heren-blauw","9":"product_tag-motorjacks-heren","10":"product_tag-stoer-jasje-heren","11":"tm-no-options","13":"first","14":"outofstock","15":"taxable","16":"shipping-taxable","17":"purchasable","18":"product-type-variable"},"yoast_head":"<!-- This site is optimized with the Yoast SEO plugin v27.2 - https:\/\/yoast.com\/product\/yoast-seo-wordpress\/ -->\n<title>Bruine leren herenjas met ribband, bruine leren heren jas<\/title>\n<meta name=\"description\" content=\"Bent u op zoek naar een Bruine leren herenjas met ribband, dan bent u bij ons aan het goede adres, bekijk meerdere kleuren in de webshop.\" \/>\n<meta name=\"robots\" content=\"index, follow, max-snippet:-1, max-image-preview:large, max-video-preview:-1\" \/>\n<link rel=\"canonical\" href=\"https:\/\/versano.nl\/es\/shop\/bruine-leren-herenjas-met-ribband\/\" \/>\n<meta property=\"og:locale\" content=\"es_ES\" \/>\n<meta property=\"og:type\" content=\"article\" \/>\n<meta property=\"og:title\" content=\"Bruine leren herenjas met ribband, bruine leren heren jas\" \/>\n<meta property=\"og:description\" content=\"Bent u op zoek naar een Bruine leren herenjas met ribband, dan bent u bij ons aan het goede adres, bekijk meerdere kleuren in de webshop.\" \/>\n<meta property=\"og:url\" content=\"https:\/\/versano.nl\/es\/shop\/bruine-leren-herenjas-met-ribband\/\" \/>\n<meta property=\"og:site_name\" content=\"Versano\" \/>\n<meta property=\"article:modified_time\" content=\"2021-02-05T14:50:52+00:00\" \/>\n<meta property=\"og:image\" content=\"https:\/\/versano.nl\/wp-content\/uploads\/2014\/12\/leren-jas-heren-bruin-versano-502-model1.jpg\" \/>\n\t<meta property=\"og:image:width\" content=\"900\" \/>\n\t<meta property=\"og:image:height\" content=\"1196\" \/>\n\t<meta property=\"og:image:type\" content=\"image\/jpeg\" \/>\n<meta name=\"twitter:card\" content=\"summary_large_image\" \/>\n<meta name=\"twitter:label1\" content=\"Tiempo de lectura\" \/>\n\t<meta name=\"twitter:data1\" content=\"1 minuto\" \/>\n<script type=\"application\/ld+json\" class=\"yoast-schema-graph\">{\"@context\":\"https:\/\/schema.org\",\"@graph\":[{\"@type\":\"WebPage\",\"@id\":\"https:\/\/versano.nl\/en\/shop\/bruine-leren-herenjas-met-ribband\/\",\"url\":\"https:\/\/versano.nl\/en\/shop\/bruine-leren-herenjas-met-ribband\/\",\"name\":\"Bruine leren herenjas met ribband, bruine leren heren jas\",\"isPartOf\":{\"@id\":\"https:\/\/versano.nl\/#website\"},\"primaryImageOfPage\":{\"@id\":\"https:\/\/versano.nl\/en\/shop\/bruine-leren-herenjas-met-ribband\/#primaryimage\"},\"image\":{\"@id\":\"https:\/\/versano.nl\/en\/shop\/bruine-leren-herenjas-met-ribband\/#primaryimage\"},\"thumbnailUrl\":\"https:\/\/versano.nl\/wp-content\/uploads\/2014\/12\/leren-jas-heren-bruin-versano-502-model1.jpg\",\"datePublished\":\"2015-05-31T14:33:59+00:00\",\"dateModified\":\"2021-02-05T14:50:52+00:00\",\"description\":\"Bent u op zoek naar een Bruine leren herenjas met ribband, dan bent u bij ons aan het goede adres, bekijk meerdere kleuren in de webshop.\",\"breadcrumb\":{\"@id\":\"https:\/\/versano.nl\/en\/shop\/bruine-leren-herenjas-met-ribband\/#breadcrumb\"},\"inLanguage\":\"es\",\"potentialAction\":[{\"@type\":\"ReadAction\",\"target\":[\"https:\/\/versano.nl\/en\/shop\/bruine-leren-herenjas-met-ribband\/\"]}]},{\"@type\":\"ImageObject\",\"inLanguage\":\"es\",\"@id\":\"https:\/\/versano.nl\/en\/shop\/bruine-leren-herenjas-met-ribband\/#primaryimage\",\"url\":\"https:\/\/versano.nl\/wp-content\/uploads\/2014\/12\/leren-jas-heren-bruin-versano-502-model1.jpg\",\"contentUrl\":\"https:\/\/versano.nl\/wp-content\/uploads\/2014\/12\/leren-jas-heren-bruin-versano-502-model1.jpg\",\"width\":900,\"height\":1196,\"caption\":\"leren-jas-heren-bruin-versano-502-model1\"},{\"@type\":\"BreadcrumbList\",\"@id\":\"https:\/\/versano.nl\/en\/shop\/bruine-leren-herenjas-met-ribband\/#breadcrumb\",\"itemListElement\":[{\"@type\":\"ListItem\",\"position\":1,\"name\":\"Home\",\"item\":\"https:\/\/versano.nl\/\"},{\"@type\":\"ListItem\",\"position\":2,\"name\":\"Shop\",\"item\":\"https:\/\/versano.nl\/shop\/\"},{\"@type\":\"ListItem\",\"position\":3,\"name\":\"Bruine leren herenjas met ribband\"}]},{\"@type\":\"WebSite\",\"@id\":\"https:\/\/versano.nl\/#website\",\"url\":\"https:\/\/versano.nl\/\",\"name\":\"Versano\",\"description\":\"winterjassen met bontkraag | leren dames jassen | leren heren jassen\",\"potentialAction\":[{\"@type\":\"SearchAction\",\"target\":{\"@type\":\"EntryPoint\",\"urlTemplate\":\"https:\/\/versano.nl\/?s={search_term_string}\"},\"query-input\":{\"@type\":\"PropertyValueSpecification\",\"valueRequired\":true,\"valueName\":\"search_term_string\"}}],\"inLanguage\":\"es\"}]}<\/script>\n<!-- \/ Yoast SEO plugin. -->","yoast_head_json":{"title":"Chaqueta de cuero marr\u00f3n para hombre con cintur\u00f3n acanalado, chaqueta de cuero marr\u00f3n para hombre","description":"\u00bfEst\u00e1 buscando una chaqueta de cuero marr\u00f3n para hombres con cinta acanalada, entonces ha venido al lugar correcto, vea m\u00faltiples colores en la tienda web?","robots":{"index":"index","follow":"follow","max-snippet":"max-snippet:-1","max-image-preview":"max-image-preview:large","max-video-preview":"max-video-preview:-1"},"canonical":"https:\/\/versano.nl\/es\/shop\/bruine-leren-herenjas-met-ribband\/","og_locale":"es_ES","og_type":"article","og_title":"Bruine leren herenjas met ribband, bruine leren heren jas","og_description":"Bent u op zoek naar een Bruine leren herenjas met ribband, dan bent u bij ons aan het goede adres, bekijk meerdere kleuren in de webshop.","og_url":"https:\/\/versano.nl\/es\/shop\/bruine-leren-herenjas-met-ribband\/","og_site_name":"Versano","article_modified_time":"2021-02-05T14:50:52+00:00","og_image":[{"width":900,"height":1196,"url":"https:\/\/versano.nl\/wp-content\/uploads\/2014\/12\/leren-jas-heren-bruin-versano-502-model1.jpg","type":"image\/jpeg"}],"twitter_card":"summary_large_image","twitter_misc":{"Tiempo de lectura":"1 minuto"},"schema":{"@context":"https:\/\/schema.org","@graph":[{"@type":"WebPage","@id":"https:\/\/versano.nl\/en\/shop\/bruine-leren-herenjas-met-ribband\/","url":"https:\/\/versano.nl\/en\/shop\/bruine-leren-herenjas-met-ribband\/","name":"Chaqueta de cuero marr\u00f3n para hombre con cintur\u00f3n acanalado, chaqueta de cuero marr\u00f3n para hombre","isPartOf":{"@id":"https:\/\/versano.nl\/#website"},"primaryImageOfPage":{"@id":"https:\/\/versano.nl\/en\/shop\/bruine-leren-herenjas-met-ribband\/#primaryimage"},"image":{"@id":"https:\/\/versano.nl\/en\/shop\/bruine-leren-herenjas-met-ribband\/#primaryimage"},"thumbnailUrl":"https:\/\/versano.nl\/wp-content\/uploads\/2014\/12\/leren-jas-heren-bruin-versano-502-model1.jpg","datePublished":"2015-05-31T14:33:59+00:00","dateModified":"2021-02-05T14:50:52+00:00","description":"\u00bfEst\u00e1 buscando una chaqueta de cuero marr\u00f3n para hombres con cinta acanalada, entonces ha venido al lugar correcto, vea m\u00faltiples colores en la tienda web?","breadcrumb":{"@id":"https:\/\/versano.nl\/en\/shop\/bruine-leren-herenjas-met-ribband\/#breadcrumb"},"inLanguage":"es","potentialAction":[{"@type":"ReadAction","target":["https:\/\/versano.nl\/en\/shop\/bruine-leren-herenjas-met-ribband\/"]}]},{"@type":"ImageObject","inLanguage":"es","@id":"https:\/\/versano.nl\/en\/shop\/bruine-leren-herenjas-met-ribband\/#primaryimage","url":"https:\/\/versano.nl\/wp-content\/uploads\/2014\/12\/leren-jas-heren-bruin-versano-502-model1.jpg","contentUrl":"https:\/\/versano.nl\/wp-content\/uploads\/2014\/12\/leren-jas-heren-bruin-versano-502-model1.jpg","width":900,"height":1196,"caption":"leren-jas-heren-bruin-versano-502-model1"},{"@type":"BreadcrumbList","@id":"https:\/\/versano.nl\/en\/shop\/bruine-leren-herenjas-met-ribband\/#breadcrumb","itemListElement":[{"@type":"ListItem","position":1,"name":"Home","item":"https:\/\/versano.nl\/"},{"@type":"ListItem","position":2,"name":"Shop","item":"https:\/\/versano.nl\/shop\/"},{"@type":"ListItem","position":3,"name":"Bruine leren herenjas met ribband"}]},{"@type":"WebSite","@id":"https:\/\/versano.nl\/#website","url":"https:\/\/versano.nl\/","name":"Versano","description":"abrigos de invierno con cuello de piel | chaquetas de cuero para mujer | chaquetas de cuero para hombre","potentialAction":[{"@type":"SearchAction","target":{"@type":"EntryPoint","urlTemplate":"https:\/\/versano.nl\/?s={search_term_string}"},"query-input":{"@type":"PropertyValueSpecification","valueRequired":true,"valueName":"search_term_string"}}],"inLanguage":"es"}]}},"_links":{"self":[{"href":"https:\/\/versano.nl\/es\/wp-json\/wp\/v2\/product\/2916","targetHints":{"allow":["GET"]}}],"collection":[{"href":"https:\/\/versano.nl\/es\/wp-json\/wp\/v2\/product"}],"about":[{"href":"https:\/\/versano.nl\/es\/wp-json\/wp\/v2\/types\/product"}],"replies":[{"embeddable":true,"href":"https:\/\/versano.nl\/es\/wp-json\/wp\/v2\/comments?post=2916"}],"wp:featuredmedia":[{"embeddable":true,"href":"https:\/\/versano.nl\/es\/wp-json\/wp\/v2\/media\/9268"}],"wp:attachment":[{"href":"https:\/\/versano.nl\/es\/wp-json\/wp\/v2\/media?parent=2916"}],"wp:term":[{"taxonomy":"product_brand","embeddable":true,"href":"https:\/\/versano.nl\/es\/wp-json\/wp\/v2\/product_brand?post=2916"},{"taxonomy":"product_cat","embeddable":true,"href":"https:\/\/versano.nl\/es\/wp-json\/wp\/v2\/product_cat?post=2916"},{"taxonomy":"product_tag","embeddable":true,"href":"https:\/\/versano.nl\/es\/wp-json\/wp\/v2\/product_tag?post=2916"}],"curies":[{"name":"wp","href":"https:\/\/api.w.org\/{rel}","templated":true}]}}