{"id":28366,"date":"2023-01-03T23:23:49","date_gmt":"2023-01-03T23:23:49","guid":{"rendered":"https:\/\/versano.nl\/?post_type=product&#038;p=28366"},"modified":"2026-03-13T12:54:02","modified_gmt":"2026-03-13T12:54:02","slug":"halflange-heren-mantel-jas-camel-versano-johnson","status":"publish","type":"product","link":"https:\/\/versano.nl\/es\/shop\/halflange-heren-mantel-jas-camel-versano-johnson\/","title":{"rendered":"Chaqueta de invierno Mantle hombre camel Versano Johnson"},"content":{"rendered":"<h2>Chaqueta de invierno Mantle hombre camel Versano Johnson<\/h2>\n<p>Ben je toevallig op zoek naar een mooie heren mantel jas in de kleur camel? Kijk niet verder want je bent bij het bekende jassen merk versano aan het juiste adres. De Johnson\u00a0 is de perfecte heren mantel jas die je lekker warm houd en je kan hem in meerdere seizoenen dragen! De Mantel winterjas heren camel Johnson \u00a0van het bekende jassen merk Versano is niet alleen stijlvol maar hij heeft ook een mooi getailleerde pasvorm. deze nieuwe model van Versano is een half lange model met zakken die zich op heuphoogte bevinden. \u00a0De jas gaat dicht door middel van een knoopsluiting. Het is \u00e9\u00e9n model van de nieuwe collectie van Versano tegen een scherpe prijs. We hebben de Johnson ook in de kleuren zwart en grijs te koop.<\/p>\n<h2>Un abrigo de capa con un hermoso dise\u00f1o.<\/h2>\n<p>\u00bfYa conoces Versano? La marca Versano es mejor conocida por los hermosos y especiales modelos de chaquetas con corte italiano a medida, pero esto no es solo un dise\u00f1o, lo llamamos &quot;UN ESTADO DEL ARTE&quot;. Con un abrigo tan bonito de Versano, puede estar seguro de que lo usar\u00e1 durante todo el invierno. Estas son hermosas chaquetas que no solo est\u00e1n perfectamente dise\u00f1adas, sino que tambi\u00e9n est\u00e1n hechas de los mejores materiales. Puede pedir f\u00e1cilmente la chaqueta de abrigo de hombre de media longitud camel Versano Johnson a trav\u00e9s de nuestra tienda web Versano. Hemos reunido todas nuestras chaquetas aqu\u00ed para usted, para que pueda realizar un pedido f\u00e1cilmente. En Versano siempre puedes estar seguro de que est\u00e1s comprando una hermosa chaqueta que ha sido trabajada con cuidado y que disfrutar\u00e1s mucho.<\/p>\n<p>&nbsp;<\/p>\n<p>Marca: Versano<br \/>\nlongitud: media<br \/>\nmaterial: 64% poli\u00e9ster, 34% Viscon, 2% lycra, sint\u00e9tico<br \/>\nAjuste: corte ce\u00f1ido<br \/>\nForro: 100% poli\u00e9ster<\/p>\n<p><strong>extras<\/strong><br \/>\ncierre: cierre de bot\u00f3n<br \/>\nbolsillos: bolsillos laterales<br \/>\nfunci\u00f3n: repelente al agua, a prueba de viento<\/p>","protected":false},"excerpt":{"rendered":"<p><span style=\"color: #ff0000;\"><strong>Consejos de ajuste:\u00a0<\/strong><\/span>Ajuste entallado, se ajusta a las tallas holandesas normales. Nuestro modelo mide 1,85 cm y lleva una talla M.<\/p>\n<p>Si no est\u00e1 seguro de sus medidas, le recomendamos que primero mida las medidas de su talla y las compare con nuestra tabla de tallas. Si no tiene experiencia en medir tama\u00f1os de circunferencia, haga clic en <a href=\"https:\/\/www.youtube.com\/watch?v=3ZSfY87v6pM\"><em>AQU\u00cd<\/em>\u00a0<\/a>\u00a0para <span style=\"color: #ff0000;\"><a style=\"color: #ff0000;\" href=\"https:\/\/www.youtube.com\/watch?v=3ZSfY87v6pM\"><em>VIDEO<\/em><\/a>\u00a0<\/span> con instrucciones. \u00a1Tambi\u00e9n puede llamarnos o enviarnos una aplicaci\u00f3n directamente! Nuestros empleados est\u00e1n siempre disponibles para ayudar.<\/p>\n<p><strong><span style=\"color: #000000;\">EL TIEMPO DE ENTREGA<\/span> :<\/strong> 2 a 3 d\u00edas laborables.<\/p>","protected":false},"featured_media":29770,"comment_status":"closed","ping_status":"closed","template":"","meta":[],"product_brand":[],"product_cat":[2212,2213,2215,2180,1547,2214],"product_tag":[],"class_list":{"0":"post-28366","1":"product","2":"type-product","3":"status-publish","4":"has-post-thumbnail","6":"product_cat-heren-manteljas","7":"product_cat-heren-wollen-jas","8":"product_cat-manteljas-heren","9":"product_cat-heren-mantel-jassen","10":"product_cat-winterjassen-heren","11":"product_cat-wollen-jas-heren","12":"product_shipping_class-verzendkosten-1","13":"tm-no-options","15":"first","16":"instock","17":"sale","18":"taxable","19":"shipping-taxable","20":"purchasable","21":"product-type-variable"},"yoast_head":"<!-- This site is optimized with the Yoast SEO plugin v27.2 - https:\/\/yoast.com\/product\/yoast-seo-wordpress\/ -->\n<title>Mantel winterjas heren camel Versano Johnson<\/title>\n<meta name=\"description\" content=\"Ben je op zoek naar een mooie Mantel winterjas heren camel Versano Johnson? Dan ben je bij Versano aan het juiste adres.\" \/>\n<meta name=\"robots\" content=\"index, follow, max-snippet:-1, max-image-preview:large, max-video-preview:-1\" \/>\n<link rel=\"canonical\" href=\"https:\/\/versano.nl\/es\/shop\/halflange-heren-mantel-jas-camel-versano-johnson\/\" \/>\n<meta property=\"og:locale\" content=\"es_ES\" \/>\n<meta property=\"og:type\" content=\"article\" \/>\n<meta property=\"og:title\" content=\"Mantel winterjas heren camel Versano Johnson\" \/>\n<meta property=\"og:description\" content=\"Ben je op zoek naar een mooie Mantel winterjas heren camel Versano Johnson? Dan ben je bij Versano aan het juiste adres.\" \/>\n<meta property=\"og:url\" content=\"https:\/\/versano.nl\/es\/shop\/halflange-heren-mantel-jas-camel-versano-johnson\/\" \/>\n<meta property=\"og:site_name\" content=\"Versano\" \/>\n<meta property=\"article:modified_time\" content=\"2026-03-13T12:54:02+00:00\" \/>\n<meta property=\"og:image\" content=\"https:\/\/versano.nl\/wp-content\/uploads\/2023\/01\/Manteljas-heren-Johnsen-3.jpg\" \/>\n\t<meta property=\"og:image:width\" content=\"600\" \/>\n\t<meta property=\"og:image:height\" content=\"800\" \/>\n\t<meta property=\"og:image:type\" content=\"image\/jpeg\" \/>\n<meta name=\"twitter:card\" content=\"summary_large_image\" \/>\n<meta name=\"twitter:label1\" content=\"Tiempo de lectura\" \/>\n\t<meta name=\"twitter:data1\" content=\"2 minutos\" \/>\n<script type=\"application\/ld+json\" class=\"yoast-schema-graph\">{\"@context\":\"https:\/\/schema.org\",\"@graph\":[{\"@type\":\"WebPage\",\"@id\":\"https:\/\/versano.nl\/shop\/halflange-heren-mantel-jas-camel-versano-johnson\/\",\"url\":\"https:\/\/versano.nl\/shop\/halflange-heren-mantel-jas-camel-versano-johnson\/\",\"name\":\"Mantel winterjas heren camel Versano Johnson\",\"isPartOf\":{\"@id\":\"https:\/\/versano.nl\/#website\"},\"primaryImageOfPage\":{\"@id\":\"https:\/\/versano.nl\/shop\/halflange-heren-mantel-jas-camel-versano-johnson\/#primaryimage\"},\"image\":{\"@id\":\"https:\/\/versano.nl\/shop\/halflange-heren-mantel-jas-camel-versano-johnson\/#primaryimage\"},\"thumbnailUrl\":\"https:\/\/versano.nl\/wp-content\/uploads\/2023\/01\/Manteljas-heren-Johnsen-3.jpg\",\"datePublished\":\"2023-01-03T23:23:49+00:00\",\"dateModified\":\"2026-03-13T12:54:02+00:00\",\"description\":\"Ben je op zoek naar een mooie Mantel winterjas heren camel Versano Johnson? Dan ben je bij Versano aan het juiste adres.\",\"breadcrumb\":{\"@id\":\"https:\/\/versano.nl\/shop\/halflange-heren-mantel-jas-camel-versano-johnson\/#breadcrumb\"},\"inLanguage\":\"es\",\"potentialAction\":[{\"@type\":\"ReadAction\",\"target\":[\"https:\/\/versano.nl\/shop\/halflange-heren-mantel-jas-camel-versano-johnson\/\"]}]},{\"@type\":\"ImageObject\",\"inLanguage\":\"es\",\"@id\":\"https:\/\/versano.nl\/shop\/halflange-heren-mantel-jas-camel-versano-johnson\/#primaryimage\",\"url\":\"https:\/\/versano.nl\/wp-content\/uploads\/2023\/01\/Manteljas-heren-Johnsen-3.jpg\",\"contentUrl\":\"https:\/\/versano.nl\/wp-content\/uploads\/2023\/01\/Manteljas-heren-Johnsen-3.jpg\",\"width\":600,\"height\":800,\"caption\":\"Mantel winterjas heren camel Versano Johnson\"},{\"@type\":\"BreadcrumbList\",\"@id\":\"https:\/\/versano.nl\/shop\/halflange-heren-mantel-jas-camel-versano-johnson\/#breadcrumb\",\"itemListElement\":[{\"@type\":\"ListItem\",\"position\":1,\"name\":\"Home\",\"item\":\"https:\/\/versano.nl\/\"},{\"@type\":\"ListItem\",\"position\":2,\"name\":\"Shop\",\"item\":\"https:\/\/versano.nl\/shop\/\"},{\"@type\":\"ListItem\",\"position\":3,\"name\":\"Mantel winterjas heren camel Versano Johnson\"}]},{\"@type\":\"WebSite\",\"@id\":\"https:\/\/versano.nl\/#website\",\"url\":\"https:\/\/versano.nl\/\",\"name\":\"Versano\",\"description\":\"winterjassen met bontkraag | leren dames jassen | leren heren jassen\",\"potentialAction\":[{\"@type\":\"SearchAction\",\"target\":{\"@type\":\"EntryPoint\",\"urlTemplate\":\"https:\/\/versano.nl\/?s={search_term_string}\"},\"query-input\":{\"@type\":\"PropertyValueSpecification\",\"valueRequired\":true,\"valueName\":\"search_term_string\"}}],\"inLanguage\":\"es\"}]}<\/script>\n<!-- \/ Yoast SEO plugin. -->","yoast_head_json":{"title":"Chaqueta de invierno Mantle hombre camel Versano Johnson","description":"Ben je op zoek naar een mooie Mantel winterjas heren camel Versano Johnson? Dan ben je bij Versano aan het juiste adres.","robots":{"index":"index","follow":"follow","max-snippet":"max-snippet:-1","max-image-preview":"max-image-preview:large","max-video-preview":"max-video-preview:-1"},"canonical":"https:\/\/versano.nl\/es\/shop\/halflange-heren-mantel-jas-camel-versano-johnson\/","og_locale":"es_ES","og_type":"article","og_title":"Mantel winterjas heren camel Versano Johnson","og_description":"Ben je op zoek naar een mooie Mantel winterjas heren camel Versano Johnson? Dan ben je bij Versano aan het juiste adres.","og_url":"https:\/\/versano.nl\/es\/shop\/halflange-heren-mantel-jas-camel-versano-johnson\/","og_site_name":"Versano","article_modified_time":"2026-03-13T12:54:02+00:00","og_image":[{"width":600,"height":800,"url":"https:\/\/versano.nl\/wp-content\/uploads\/2023\/01\/Manteljas-heren-Johnsen-3.jpg","type":"image\/jpeg"}],"twitter_card":"summary_large_image","twitter_misc":{"Tiempo de lectura":"2 minutos"},"schema":{"@context":"https:\/\/schema.org","@graph":[{"@type":"WebPage","@id":"https:\/\/versano.nl\/shop\/halflange-heren-mantel-jas-camel-versano-johnson\/","url":"https:\/\/versano.nl\/shop\/halflange-heren-mantel-jas-camel-versano-johnson\/","name":"Chaqueta de invierno Mantle hombre camel Versano Johnson","isPartOf":{"@id":"https:\/\/versano.nl\/#website"},"primaryImageOfPage":{"@id":"https:\/\/versano.nl\/shop\/halflange-heren-mantel-jas-camel-versano-johnson\/#primaryimage"},"image":{"@id":"https:\/\/versano.nl\/shop\/halflange-heren-mantel-jas-camel-versano-johnson\/#primaryimage"},"thumbnailUrl":"https:\/\/versano.nl\/wp-content\/uploads\/2023\/01\/Manteljas-heren-Johnsen-3.jpg","datePublished":"2023-01-03T23:23:49+00:00","dateModified":"2026-03-13T12:54:02+00:00","description":"Ben je op zoek naar een mooie Mantel winterjas heren camel Versano Johnson? Dan ben je bij Versano aan het juiste adres.","breadcrumb":{"@id":"https:\/\/versano.nl\/shop\/halflange-heren-mantel-jas-camel-versano-johnson\/#breadcrumb"},"inLanguage":"es","potentialAction":[{"@type":"ReadAction","target":["https:\/\/versano.nl\/shop\/halflange-heren-mantel-jas-camel-versano-johnson\/"]}]},{"@type":"ImageObject","inLanguage":"es","@id":"https:\/\/versano.nl\/shop\/halflange-heren-mantel-jas-camel-versano-johnson\/#primaryimage","url":"https:\/\/versano.nl\/wp-content\/uploads\/2023\/01\/Manteljas-heren-Johnsen-3.jpg","contentUrl":"https:\/\/versano.nl\/wp-content\/uploads\/2023\/01\/Manteljas-heren-Johnsen-3.jpg","width":600,"height":800,"caption":"Mantel winterjas heren camel Versano Johnson"},{"@type":"BreadcrumbList","@id":"https:\/\/versano.nl\/shop\/halflange-heren-mantel-jas-camel-versano-johnson\/#breadcrumb","itemListElement":[{"@type":"ListItem","position":1,"name":"Home","item":"https:\/\/versano.nl\/"},{"@type":"ListItem","position":2,"name":"Shop","item":"https:\/\/versano.nl\/shop\/"},{"@type":"ListItem","position":3,"name":"Mantel winterjas heren camel Versano Johnson"}]},{"@type":"WebSite","@id":"https:\/\/versano.nl\/#website","url":"https:\/\/versano.nl\/","name":"Versano","description":"abrigos de invierno con cuello de piel | chaquetas de cuero para mujer | chaquetas de cuero para hombre","potentialAction":[{"@type":"SearchAction","target":{"@type":"EntryPoint","urlTemplate":"https:\/\/versano.nl\/?s={search_term_string}"},"query-input":{"@type":"PropertyValueSpecification","valueRequired":true,"valueName":"search_term_string"}}],"inLanguage":"es"}]}},"_links":{"self":[{"href":"https:\/\/versano.nl\/es\/wp-json\/wp\/v2\/product\/28366","targetHints":{"allow":["GET"]}}],"collection":[{"href":"https:\/\/versano.nl\/es\/wp-json\/wp\/v2\/product"}],"about":[{"href":"https:\/\/versano.nl\/es\/wp-json\/wp\/v2\/types\/product"}],"replies":[{"embeddable":true,"href":"https:\/\/versano.nl\/es\/wp-json\/wp\/v2\/comments?post=28366"}],"wp:featuredmedia":[{"embeddable":true,"href":"https:\/\/versano.nl\/es\/wp-json\/wp\/v2\/media\/29770"}],"wp:attachment":[{"href":"https:\/\/versano.nl\/es\/wp-json\/wp\/v2\/media?parent=28366"}],"wp:term":[{"taxonomy":"product_brand","embeddable":true,"href":"https:\/\/versano.nl\/es\/wp-json\/wp\/v2\/product_brand?post=28366"},{"taxonomy":"product_cat","embeddable":true,"href":"https:\/\/versano.nl\/es\/wp-json\/wp\/v2\/product_cat?post=28366"},{"taxonomy":"product_tag","embeddable":true,"href":"https:\/\/versano.nl\/es\/wp-json\/wp\/v2\/product_tag?post=28366"}],"curies":[{"name":"wp","href":"https:\/\/api.w.org\/{rel}","templated":true}]}}