{"id":28362,"date":"2023-01-03T22:43:07","date_gmt":"2023-01-03T22:43:07","guid":{"rendered":"https:\/\/versano.nl\/?post_type=product&#038;p=28362"},"modified":"2025-01-15T14:06:29","modified_gmt":"2025-01-15T14:06:29","slug":"korte-heren-mantel-grijs-versano-john","status":"publish","type":"product","link":"https:\/\/versano.nl\/es\/shop\/korte-heren-mantel-grijs-versano-john\/","title":{"rendered":"Chaqueta de manto hombre slim-fit gris Versano John"},"content":{"rendered":"<h2>Chaqueta de manto hombre slim-fit gris Versano John<\/h2>\n<p>\u00bfEst\u00e1s buscando por casualidad un hermoso abrigo de hombre en color gris? No busque m\u00e1s porque ha venido al lugar correcto en la conocida marca de chaquetas Versano. \u00a1El Johnson es el abrigo de hombre perfecto que te mantiene agradable y abrigado y lo puedes usar en varias temporadas! La chaqueta Mantel para hombre de corte ajustado gris John de la conocida marca de chaquetas Versano no solo es elegante, sino que tambi\u00e9n tiene un ajuste agradable a la medida. este nuevo modelo de Versano es un modelo corto con bolsillos que se ubican a la altura de la cadera. La chaqueta se cierra con un cierre de bot\u00f3n. Es un modelo de la nueva colecci\u00f3n Versano a un precio competitivo. Tambi\u00e9n tenemos a la venta la Johnson en los colores negro y camel.<\/p>\n<h2>Un abrigo de capa con un hermoso dise\u00f1o.<\/h2>\n<p>\u00bfYa conoces Versano? La marca Versano es mejor conocida por los hermosos y especiales modelos de chaquetas con corte italiano a medida, pero esto no es solo un dise\u00f1o, lo llamamos &quot;UN ESTADO DEL ARTE&quot;. Con un abrigo tan bonito de Versano, puede estar seguro de que lo usar\u00e1 durante todo el invierno. Estas son hermosas chaquetas que no solo est\u00e1n perfectamente dise\u00f1adas, sino que tambi\u00e9n est\u00e1n hechas de los mejores materiales. Puede pedir f\u00e1cilmente las chaquetas de abrigo para hombre gris Versano John a trav\u00e9s de nuestra tienda web Versano. Hemos reunido todas nuestras chaquetas aqu\u00ed para usted, para que pueda realizar un pedido f\u00e1cilmente. En Versano siempre puedes estar seguro de que est\u00e1s comprando una hermosa chaqueta que ha sido trabajada con cuidado y que disfrutar\u00e1s mucho.<\/p>\n<p>&nbsp;<\/p>\n<p>&nbsp;<\/p>\n<p>Marca: Versano<br \/>\nlongitud: longitud corta<br \/>\nmaterial: 64% poli\u00e9ster, 34% Viscon, 2% lycra, sint\u00e9tico<br \/>\nAjuste: corte ce\u00f1ido<br \/>\nForro: 100% poli\u00e9ster<\/p>\n<p><strong>extras<\/strong><br \/>\ncierre: cierre de bot\u00f3n<br \/>\nbolsillos: bolsillos laterales<br \/>\nfunci\u00f3n: repelente al agua, a prueba de viento<\/p>","protected":false},"excerpt":{"rendered":"<p><span style=\"color: #ff0000;\"><strong>Consejos de ajuste:\u00a0<\/strong><\/span>Ajuste entallado, se ajusta a las tallas holandesas normales. Nuestro modelo mide 1,85 cm y lleva una talla M.<\/p>\n<p>Si no est\u00e1 seguro de sus medidas, le recomendamos que primero mida las medidas de su talla y las compare con nuestra tabla de tallas. Si no tiene experiencia en medir tama\u00f1os de circunferencia, haga clic en <a href=\"https:\/\/www.youtube.com\/watch?v=3ZSfY87v6pM\"><em>AQU\u00cd<\/em>\u00a0<\/a>\u00a0para <span style=\"color: #ff0000;\"><a style=\"color: #ff0000;\" href=\"https:\/\/www.youtube.com\/watch?v=3ZSfY87v6pM\"><em>VIDEO<\/em><\/a>\u00a0<\/span> con instrucciones. \u00a1Tambi\u00e9n puede llamarnos o enviarnos una aplicaci\u00f3n directamente! Nuestros empleados est\u00e1n siempre disponibles para ayudar.<\/p>\n<p><strong><span style=\"color: #000000;\">EL TIEMPO DE ENTREGA<\/span> :<\/strong> 2 a 3 d\u00edas laborables.<\/p>","protected":false},"featured_media":28557,"comment_status":"closed","ping_status":"closed","template":"","meta":[],"product_brand":[],"product_cat":[2180,1547],"product_tag":[2183,2181,2182],"class_list":{"0":"post-28362","1":"product","2":"type-product","3":"status-publish","4":"has-post-thumbnail","6":"product_cat-heren-mantel-jassen","7":"product_cat-winterjassen-heren","8":"product_tag-grijze-heren-mantel","9":"product_tag-heren-mantel-grijs","10":"product_tag-korte-heren-mantel-grijs","11":"tm-no-options","13":"first","14":"instock","15":"taxable","16":"shipping-taxable","17":"product-type-variable"},"yoast_head":"<!-- This site is optimized with the Yoast SEO plugin v27.2 - https:\/\/yoast.com\/product\/yoast-seo-wordpress\/ -->\n<title>Mantel jas heren slim-fit grijs Versano John<\/title>\n<meta name=\"description\" content=\"Bent u op zoek naar een mooie Mantel jas heren slim-fit grijs Versano John? Dan ben je bij Versano aan het juiste adres.\" \/>\n<meta name=\"robots\" content=\"index, follow, max-snippet:-1, max-image-preview:large, max-video-preview:-1\" \/>\n<link rel=\"canonical\" href=\"https:\/\/versano.nl\/es\/shop\/korte-heren-mantel-grijs-versano-john\/\" \/>\n<meta property=\"og:locale\" content=\"es_ES\" \/>\n<meta property=\"og:type\" content=\"article\" \/>\n<meta property=\"og:title\" content=\"Mantel jas heren slim-fit grijs Versano John\" \/>\n<meta property=\"og:description\" content=\"Bent u op zoek naar een mooie Mantel jas heren slim-fit grijs Versano John? Dan ben je bij Versano aan het juiste adres.\" \/>\n<meta property=\"og:url\" content=\"https:\/\/versano.nl\/es\/shop\/korte-heren-mantel-grijs-versano-john\/\" \/>\n<meta property=\"og:site_name\" content=\"Versano\" \/>\n<meta property=\"article:modified_time\" content=\"2025-01-15T14:06:29+00:00\" \/>\n<meta property=\"og:image\" content=\"https:\/\/versano.nl\/wp-content\/uploads\/2023\/01\/mantel-jas-heren-grijs-john-1.jpg\" \/>\n\t<meta property=\"og:image:width\" content=\"900\" \/>\n\t<meta property=\"og:image:height\" content=\"1200\" \/>\n\t<meta property=\"og:image:type\" content=\"image\/jpeg\" \/>\n<meta name=\"twitter:card\" content=\"summary_large_image\" \/>\n<meta name=\"twitter:label1\" content=\"Tiempo de lectura\" \/>\n\t<meta name=\"twitter:data1\" content=\"2 minutos\" \/>\n<script type=\"application\/ld+json\" class=\"yoast-schema-graph\">{\"@context\":\"https:\/\/schema.org\",\"@graph\":[{\"@type\":\"WebPage\",\"@id\":\"https:\/\/versano.nl\/shop\/korte-heren-mantel-grijs-versano-john\/\",\"url\":\"https:\/\/versano.nl\/shop\/korte-heren-mantel-grijs-versano-john\/\",\"name\":\"Mantel jas heren slim-fit grijs Versano John\",\"isPartOf\":{\"@id\":\"https:\/\/versano.nl\/#website\"},\"primaryImageOfPage\":{\"@id\":\"https:\/\/versano.nl\/shop\/korte-heren-mantel-grijs-versano-john\/#primaryimage\"},\"image\":{\"@id\":\"https:\/\/versano.nl\/shop\/korte-heren-mantel-grijs-versano-john\/#primaryimage\"},\"thumbnailUrl\":\"https:\/\/versano.nl\/wp-content\/uploads\/2023\/01\/mantel-jas-heren-grijs-john-1.jpg\",\"datePublished\":\"2023-01-03T22:43:07+00:00\",\"dateModified\":\"2025-01-15T14:06:29+00:00\",\"description\":\"Bent u op zoek naar een mooie Mantel jas heren slim-fit grijs Versano John? Dan ben je bij Versano aan het juiste adres.\",\"breadcrumb\":{\"@id\":\"https:\/\/versano.nl\/shop\/korte-heren-mantel-grijs-versano-john\/#breadcrumb\"},\"inLanguage\":\"es\",\"potentialAction\":[{\"@type\":\"ReadAction\",\"target\":[\"https:\/\/versano.nl\/shop\/korte-heren-mantel-grijs-versano-john\/\"]}]},{\"@type\":\"ImageObject\",\"inLanguage\":\"es\",\"@id\":\"https:\/\/versano.nl\/shop\/korte-heren-mantel-grijs-versano-john\/#primaryimage\",\"url\":\"https:\/\/versano.nl\/wp-content\/uploads\/2023\/01\/mantel-jas-heren-grijs-john-1.jpg\",\"contentUrl\":\"https:\/\/versano.nl\/wp-content\/uploads\/2023\/01\/mantel-jas-heren-grijs-john-1.jpg\",\"width\":900,\"height\":1200,\"caption\":\"Mantel jas heren slim-fit grijs Versano John\"},{\"@type\":\"BreadcrumbList\",\"@id\":\"https:\/\/versano.nl\/shop\/korte-heren-mantel-grijs-versano-john\/#breadcrumb\",\"itemListElement\":[{\"@type\":\"ListItem\",\"position\":1,\"name\":\"Home\",\"item\":\"https:\/\/versano.nl\/\"},{\"@type\":\"ListItem\",\"position\":2,\"name\":\"Shop\",\"item\":\"https:\/\/versano.nl\/shop\/\"},{\"@type\":\"ListItem\",\"position\":3,\"name\":\"Mantel jas heren slim-fit grijs Versano John\"}]},{\"@type\":\"WebSite\",\"@id\":\"https:\/\/versano.nl\/#website\",\"url\":\"https:\/\/versano.nl\/\",\"name\":\"Versano\",\"description\":\"winterjassen met bontkraag | leren dames jassen | leren heren jassen\",\"potentialAction\":[{\"@type\":\"SearchAction\",\"target\":{\"@type\":\"EntryPoint\",\"urlTemplate\":\"https:\/\/versano.nl\/?s={search_term_string}\"},\"query-input\":{\"@type\":\"PropertyValueSpecification\",\"valueRequired\":true,\"valueName\":\"search_term_string\"}}],\"inLanguage\":\"es\"}]}<\/script>\n<!-- \/ Yoast SEO plugin. -->","yoast_head_json":{"title":"Chaqueta de manto hombre slim-fit gris Versano John","description":"\u00bfEst\u00e1s buscando una bonita chaqueta Mantel de hombre slim-fit gris Versano John? Entonces ha venido al lugar correcto en Versano.","robots":{"index":"index","follow":"follow","max-snippet":"max-snippet:-1","max-image-preview":"max-image-preview:large","max-video-preview":"max-video-preview:-1"},"canonical":"https:\/\/versano.nl\/es\/shop\/korte-heren-mantel-grijs-versano-john\/","og_locale":"es_ES","og_type":"article","og_title":"Mantel jas heren slim-fit grijs Versano John","og_description":"Bent u op zoek naar een mooie Mantel jas heren slim-fit grijs Versano John? Dan ben je bij Versano aan het juiste adres.","og_url":"https:\/\/versano.nl\/es\/shop\/korte-heren-mantel-grijs-versano-john\/","og_site_name":"Versano","article_modified_time":"2025-01-15T14:06:29+00:00","og_image":[{"width":900,"height":1200,"url":"https:\/\/versano.nl\/wp-content\/uploads\/2023\/01\/mantel-jas-heren-grijs-john-1.jpg","type":"image\/jpeg"}],"twitter_card":"summary_large_image","twitter_misc":{"Tiempo de lectura":"2 minutos"},"schema":{"@context":"https:\/\/schema.org","@graph":[{"@type":"WebPage","@id":"https:\/\/versano.nl\/shop\/korte-heren-mantel-grijs-versano-john\/","url":"https:\/\/versano.nl\/shop\/korte-heren-mantel-grijs-versano-john\/","name":"Chaqueta de manto hombre slim-fit gris Versano John","isPartOf":{"@id":"https:\/\/versano.nl\/#website"},"primaryImageOfPage":{"@id":"https:\/\/versano.nl\/shop\/korte-heren-mantel-grijs-versano-john\/#primaryimage"},"image":{"@id":"https:\/\/versano.nl\/shop\/korte-heren-mantel-grijs-versano-john\/#primaryimage"},"thumbnailUrl":"https:\/\/versano.nl\/wp-content\/uploads\/2023\/01\/mantel-jas-heren-grijs-john-1.jpg","datePublished":"2023-01-03T22:43:07+00:00","dateModified":"2025-01-15T14:06:29+00:00","description":"\u00bfEst\u00e1s buscando una bonita chaqueta Mantel de hombre slim-fit gris Versano John? Entonces ha venido al lugar correcto en Versano.","breadcrumb":{"@id":"https:\/\/versano.nl\/shop\/korte-heren-mantel-grijs-versano-john\/#breadcrumb"},"inLanguage":"es","potentialAction":[{"@type":"ReadAction","target":["https:\/\/versano.nl\/shop\/korte-heren-mantel-grijs-versano-john\/"]}]},{"@type":"ImageObject","inLanguage":"es","@id":"https:\/\/versano.nl\/shop\/korte-heren-mantel-grijs-versano-john\/#primaryimage","url":"https:\/\/versano.nl\/wp-content\/uploads\/2023\/01\/mantel-jas-heren-grijs-john-1.jpg","contentUrl":"https:\/\/versano.nl\/wp-content\/uploads\/2023\/01\/mantel-jas-heren-grijs-john-1.jpg","width":900,"height":1200,"caption":"Mantel jas heren slim-fit grijs Versano John"},{"@type":"BreadcrumbList","@id":"https:\/\/versano.nl\/shop\/korte-heren-mantel-grijs-versano-john\/#breadcrumb","itemListElement":[{"@type":"ListItem","position":1,"name":"Home","item":"https:\/\/versano.nl\/"},{"@type":"ListItem","position":2,"name":"Shop","item":"https:\/\/versano.nl\/shop\/"},{"@type":"ListItem","position":3,"name":"Mantel jas heren slim-fit grijs Versano John"}]},{"@type":"WebSite","@id":"https:\/\/versano.nl\/#website","url":"https:\/\/versano.nl\/","name":"Versano","description":"abrigos de invierno con cuello de piel | chaquetas de cuero para mujer | chaquetas de cuero para hombre","potentialAction":[{"@type":"SearchAction","target":{"@type":"EntryPoint","urlTemplate":"https:\/\/versano.nl\/?s={search_term_string}"},"query-input":{"@type":"PropertyValueSpecification","valueRequired":true,"valueName":"search_term_string"}}],"inLanguage":"es"}]}},"_links":{"self":[{"href":"https:\/\/versano.nl\/es\/wp-json\/wp\/v2\/product\/28362","targetHints":{"allow":["GET"]}}],"collection":[{"href":"https:\/\/versano.nl\/es\/wp-json\/wp\/v2\/product"}],"about":[{"href":"https:\/\/versano.nl\/es\/wp-json\/wp\/v2\/types\/product"}],"replies":[{"embeddable":true,"href":"https:\/\/versano.nl\/es\/wp-json\/wp\/v2\/comments?post=28362"}],"wp:featuredmedia":[{"embeddable":true,"href":"https:\/\/versano.nl\/es\/wp-json\/wp\/v2\/media\/28557"}],"wp:attachment":[{"href":"https:\/\/versano.nl\/es\/wp-json\/wp\/v2\/media?parent=28362"}],"wp:term":[{"taxonomy":"product_brand","embeddable":true,"href":"https:\/\/versano.nl\/es\/wp-json\/wp\/v2\/product_brand?post=28362"},{"taxonomy":"product_cat","embeddable":true,"href":"https:\/\/versano.nl\/es\/wp-json\/wp\/v2\/product_cat?post=28362"},{"taxonomy":"product_tag","embeddable":true,"href":"https:\/\/versano.nl\/es\/wp-json\/wp\/v2\/product_tag?post=28362"}],"curies":[{"name":"wp","href":"https:\/\/api.w.org\/{rel}","templated":true}]}}