{"id":28288,"date":"2023-01-01T20:26:43","date_gmt":"2023-01-01T20:26:43","guid":{"rendered":"https:\/\/versano.nl\/shop\/dames-mantel-jas-versano-violet-camel\/"},"modified":"2024-12-13T11:32:46","modified_gmt":"2024-12-13T11:32:46","slug":"dames-mantel-jas-versano-violet-camel","status":"publish","type":"product","link":"https:\/\/versano.nl\/es\/shop\/dames-mantel-jas-versano-violet-camel\/","title":{"rendered":"Abrigo chaqueta de invierno damas Versano Violeta camello"},"content":{"rendered":"<h2>Abrigo chaqueta de invierno damas Versano Violeta camello<\/h2>\n<p>Ben je toevallig op zoek naar een mooie dames mantel jas in de kleur camel? Kijk niet verder want je bent bij het bekende jassen merk versano aan het juiste adres. De Violet is de perfecte dames mantel jas die je lekker warm houd en je kan hem in meerdere seizoenen dragen! De Mantel winterjas dames Violet camel van het bekende jassen merk Versano zijn niet alleen stijlvol maar hij heeft ook een mooi getailleerde pasvorm. deze nieuwe model van Versano is een 3 kwart lange model met zakken die zich op heuphoogte bevinden. \u00a0De jas gaat dicht door middel van een knoopsluiting. Het is \u00e9\u00e9n model van de nieuwe collectie van Versano tegen een scherpe prijs. We hebben de Valentino ook in de kleuren zwart en rood te koop.<\/p>\n<h2>Un abrigo de capa con un hermoso dise\u00f1o.<\/h2>\n<p>\u00bfYa conoces Versano? La marca Versano es mejor conocida por los hermosos y especiales modelos de chaquetas con corte italiano a medida, pero esto no es solo un dise\u00f1o, lo llamamos &quot;UN ESTADO DEL ARTE&quot;. Con un abrigo tan bonito de Versano, puede estar seguro de que lo usar\u00e1 durante todo el invierno. Estas son hermosas chaquetas que no solo est\u00e1n perfectamente dise\u00f1adas, sino que tambi\u00e9n est\u00e1n hechas de los mejores materiales. Puede pedir f\u00e1cilmente la chaqueta de abrigo para mujer Violet en color camel a trav\u00e9s de nuestra tienda web de Versano. Hemos reunido todas nuestras chaquetas aqu\u00ed para usted, para que pueda realizar un pedido f\u00e1cilmente. En Versano siempre puedes estar seguro de que est\u00e1s comprando una hermosa chaqueta que ha sido trabajada con cuidado y que disfrutar\u00e1s mucho.<\/p>\n<p>&nbsp;<\/p>\n<p>Marca: Versano<br \/>\nlongitud: 3 cuartos<br \/>\nmateriaal: 64% polyester, 34% Viscon , 2% lycra, syntetisch<br \/>\nAjuste: ajustado<br \/>\nForro: 100% poli\u00e9ster<br \/>\ncierre: cierre de botones<br \/>\nbolsillos: bolsillos laterales<br \/>\nFunci\u00f3n: impermeable, resistente al viento<\/p>","protected":false},"excerpt":{"rendered":"<p>Si no est\u00e1 seguro de sus medidas, le recomendamos que primero mida las medidas de su talla y las compare con nuestra tabla de tallas. Si no tiene experiencia en medir tama\u00f1os de circunferencia, haga clic en <a href=\"https:\/\/www.youtube.com\/watch?v=3ZSfY87v6pM\"><em>AQU\u00cd<\/em>\u00a0<\/a>\u00a0para <span style=\"color: #ff0000;\"><a style=\"color: #ff0000;\" href=\"https:\/\/www.youtube.com\/watch?v=3ZSfY87v6pM\"><em>VIDEO<\/em><\/a>\u00a0<\/span> con instrucciones. \u00a1Tambi\u00e9n puede llamarnos o enviarnos una aplicaci\u00f3n directamente! Nuestros empleados est\u00e1n siempre disponibles para ayudar.<\/p>\n<p>Dit model valt 1 maat kleiner dan gewoonlijk. Bestel 1 maat groter dan dat u normaal heeft.<\/p>\n<p><strong><span style=\"color: #000000;\">EL TIEMPO DE ENTREGA<\/span> :<\/strong> 2 a 3 d\u00edas laborables.<\/p>","protected":false},"featured_media":28517,"comment_status":"closed","ping_status":"closed","template":"","meta":[],"product_brand":[],"product_cat":[2151,1339],"product_tag":[2168,2171,2169,2170],"class_list":{"0":"post-28288","1":"product","2":"type-product","3":"status-publish","4":"has-post-thumbnail","6":"product_cat-dames-mantel-jassen","7":"product_cat-winterjassen-dames","8":"product_tag-camel-mantel-dames-jassen","9":"product_tag-camel-manteljas-dames","10":"product_tag-dames-jassen-camel","11":"product_tag-mantel-dames-jassen-camel","12":"product_shipping_class-verzendkosten-1","13":"tm-no-options","15":"first","16":"instock","17":"taxable","18":"shipping-taxable","19":"purchasable","20":"product-type-variable"},"yoast_head":"<!-- This site is optimized with the Yoast SEO plugin v27.2 - https:\/\/yoast.com\/product\/yoast-seo-wordpress\/ -->\n<title>Mantel winterjas dames Versano Violet camel<\/title>\n<meta name=\"description\" content=\"Ben je op zoek naar een mooie Mantel winterjas dames Versano Violet camel? Dan ben je bij Versano aan het juiste adres.\" \/>\n<meta name=\"robots\" content=\"index, follow, max-snippet:-1, max-image-preview:large, max-video-preview:-1\" \/>\n<link rel=\"canonical\" href=\"https:\/\/versano.nl\/es\/shop\/dames-mantel-jas-versano-violet-camel\/\" \/>\n<meta property=\"og:locale\" content=\"es_ES\" \/>\n<meta property=\"og:type\" content=\"article\" \/>\n<meta property=\"og:title\" content=\"Mantel winterjas dames Versano Violet camel\" \/>\n<meta property=\"og:description\" content=\"Ben je op zoek naar een mooie Mantel winterjas dames Versano Violet camel? Dan ben je bij Versano aan het juiste adres.\" \/>\n<meta property=\"og:url\" content=\"https:\/\/versano.nl\/es\/shop\/dames-mantel-jas-versano-violet-camel\/\" \/>\n<meta property=\"og:site_name\" content=\"Versano\" \/>\n<meta property=\"article:modified_time\" content=\"2024-12-13T11:32:46+00:00\" \/>\n<meta property=\"og:image\" content=\"https:\/\/versano.nl\/wp-content\/uploads\/2023\/01\/violet1-2.jpg\" \/>\n\t<meta property=\"og:image:width\" content=\"900\" \/>\n\t<meta property=\"og:image:height\" content=\"1200\" \/>\n\t<meta property=\"og:image:type\" content=\"image\/jpeg\" \/>\n<meta name=\"twitter:card\" content=\"summary_large_image\" \/>\n<meta name=\"twitter:label1\" content=\"Tiempo de lectura\" \/>\n\t<meta name=\"twitter:data1\" content=\"2 minutos\" \/>\n<script type=\"application\/ld+json\" class=\"yoast-schema-graph\">{\"@context\":\"https:\/\/schema.org\",\"@graph\":[{\"@type\":\"WebPage\",\"@id\":\"https:\/\/versano.nl\/shop\/dames-mantel-jas-versano-violet-camel\/\",\"url\":\"https:\/\/versano.nl\/shop\/dames-mantel-jas-versano-violet-camel\/\",\"name\":\"Mantel winterjas dames Versano Violet camel\",\"isPartOf\":{\"@id\":\"https:\/\/versano.nl\/#website\"},\"primaryImageOfPage\":{\"@id\":\"https:\/\/versano.nl\/shop\/dames-mantel-jas-versano-violet-camel\/#primaryimage\"},\"image\":{\"@id\":\"https:\/\/versano.nl\/shop\/dames-mantel-jas-versano-violet-camel\/#primaryimage\"},\"thumbnailUrl\":\"https:\/\/versano.nl\/wp-content\/uploads\/2023\/01\/violet1-2.jpg\",\"datePublished\":\"2023-01-01T20:26:43+00:00\",\"dateModified\":\"2024-12-13T11:32:46+00:00\",\"description\":\"Ben je op zoek naar een mooie Mantel winterjas dames Versano Violet camel? Dan ben je bij Versano aan het juiste adres.\",\"breadcrumb\":{\"@id\":\"https:\/\/versano.nl\/shop\/dames-mantel-jas-versano-violet-camel\/#breadcrumb\"},\"inLanguage\":\"es\",\"potentialAction\":[{\"@type\":\"ReadAction\",\"target\":[\"https:\/\/versano.nl\/shop\/dames-mantel-jas-versano-violet-camel\/\"]}]},{\"@type\":\"ImageObject\",\"inLanguage\":\"es\",\"@id\":\"https:\/\/versano.nl\/shop\/dames-mantel-jas-versano-violet-camel\/#primaryimage\",\"url\":\"https:\/\/versano.nl\/wp-content\/uploads\/2023\/01\/violet1-2.jpg\",\"contentUrl\":\"https:\/\/versano.nl\/wp-content\/uploads\/2023\/01\/violet1-2.jpg\",\"width\":900,\"height\":1200,\"caption\":\"Mantel winterjas dames Versano Violet camel\"},{\"@type\":\"BreadcrumbList\",\"@id\":\"https:\/\/versano.nl\/shop\/dames-mantel-jas-versano-violet-camel\/#breadcrumb\",\"itemListElement\":[{\"@type\":\"ListItem\",\"position\":1,\"name\":\"Home\",\"item\":\"https:\/\/versano.nl\/\"},{\"@type\":\"ListItem\",\"position\":2,\"name\":\"Shop\",\"item\":\"https:\/\/versano.nl\/shop\/\"},{\"@type\":\"ListItem\",\"position\":3,\"name\":\"Mantel winterjas dames Versano Violet camel\"}]},{\"@type\":\"WebSite\",\"@id\":\"https:\/\/versano.nl\/#website\",\"url\":\"https:\/\/versano.nl\/\",\"name\":\"Versano\",\"description\":\"winterjassen met bontkraag | leren dames jassen | leren heren jassen\",\"potentialAction\":[{\"@type\":\"SearchAction\",\"target\":{\"@type\":\"EntryPoint\",\"urlTemplate\":\"https:\/\/versano.nl\/?s={search_term_string}\"},\"query-input\":{\"@type\":\"PropertyValueSpecification\",\"valueRequired\":true,\"valueName\":\"search_term_string\"}}],\"inLanguage\":\"es\"}]}<\/script>\n<!-- \/ Yoast SEO plugin. -->","yoast_head_json":{"title":"Abrigo chaqueta de invierno damas Versano Violeta camello","description":"Ben je op zoek naar een mooie Mantel winterjas dames Versano Violet camel? Dan ben je bij Versano aan het juiste adres.","robots":{"index":"index","follow":"follow","max-snippet":"max-snippet:-1","max-image-preview":"max-image-preview:large","max-video-preview":"max-video-preview:-1"},"canonical":"https:\/\/versano.nl\/es\/shop\/dames-mantel-jas-versano-violet-camel\/","og_locale":"es_ES","og_type":"article","og_title":"Mantel winterjas dames Versano Violet camel","og_description":"Ben je op zoek naar een mooie Mantel winterjas dames Versano Violet camel? Dan ben je bij Versano aan het juiste adres.","og_url":"https:\/\/versano.nl\/es\/shop\/dames-mantel-jas-versano-violet-camel\/","og_site_name":"Versano","article_modified_time":"2024-12-13T11:32:46+00:00","og_image":[{"width":900,"height":1200,"url":"https:\/\/versano.nl\/wp-content\/uploads\/2023\/01\/violet1-2.jpg","type":"image\/jpeg"}],"twitter_card":"summary_large_image","twitter_misc":{"Tiempo de lectura":"2 minutos"},"schema":{"@context":"https:\/\/schema.org","@graph":[{"@type":"WebPage","@id":"https:\/\/versano.nl\/shop\/dames-mantel-jas-versano-violet-camel\/","url":"https:\/\/versano.nl\/shop\/dames-mantel-jas-versano-violet-camel\/","name":"Abrigo chaqueta de invierno damas Versano Violeta camello","isPartOf":{"@id":"https:\/\/versano.nl\/#website"},"primaryImageOfPage":{"@id":"https:\/\/versano.nl\/shop\/dames-mantel-jas-versano-violet-camel\/#primaryimage"},"image":{"@id":"https:\/\/versano.nl\/shop\/dames-mantel-jas-versano-violet-camel\/#primaryimage"},"thumbnailUrl":"https:\/\/versano.nl\/wp-content\/uploads\/2023\/01\/violet1-2.jpg","datePublished":"2023-01-01T20:26:43+00:00","dateModified":"2024-12-13T11:32:46+00:00","description":"Ben je op zoek naar een mooie Mantel winterjas dames Versano Violet camel? Dan ben je bij Versano aan het juiste adres.","breadcrumb":{"@id":"https:\/\/versano.nl\/shop\/dames-mantel-jas-versano-violet-camel\/#breadcrumb"},"inLanguage":"es","potentialAction":[{"@type":"ReadAction","target":["https:\/\/versano.nl\/shop\/dames-mantel-jas-versano-violet-camel\/"]}]},{"@type":"ImageObject","inLanguage":"es","@id":"https:\/\/versano.nl\/shop\/dames-mantel-jas-versano-violet-camel\/#primaryimage","url":"https:\/\/versano.nl\/wp-content\/uploads\/2023\/01\/violet1-2.jpg","contentUrl":"https:\/\/versano.nl\/wp-content\/uploads\/2023\/01\/violet1-2.jpg","width":900,"height":1200,"caption":"Mantel winterjas dames Versano Violet camel"},{"@type":"BreadcrumbList","@id":"https:\/\/versano.nl\/shop\/dames-mantel-jas-versano-violet-camel\/#breadcrumb","itemListElement":[{"@type":"ListItem","position":1,"name":"Home","item":"https:\/\/versano.nl\/"},{"@type":"ListItem","position":2,"name":"Shop","item":"https:\/\/versano.nl\/shop\/"},{"@type":"ListItem","position":3,"name":"Mantel winterjas dames Versano Violet camel"}]},{"@type":"WebSite","@id":"https:\/\/versano.nl\/#website","url":"https:\/\/versano.nl\/","name":"Versano","description":"abrigos de invierno con cuello de piel | chaquetas de cuero para mujer | chaquetas de cuero para hombre","potentialAction":[{"@type":"SearchAction","target":{"@type":"EntryPoint","urlTemplate":"https:\/\/versano.nl\/?s={search_term_string}"},"query-input":{"@type":"PropertyValueSpecification","valueRequired":true,"valueName":"search_term_string"}}],"inLanguage":"es"}]}},"_links":{"self":[{"href":"https:\/\/versano.nl\/es\/wp-json\/wp\/v2\/product\/28288","targetHints":{"allow":["GET"]}}],"collection":[{"href":"https:\/\/versano.nl\/es\/wp-json\/wp\/v2\/product"}],"about":[{"href":"https:\/\/versano.nl\/es\/wp-json\/wp\/v2\/types\/product"}],"replies":[{"embeddable":true,"href":"https:\/\/versano.nl\/es\/wp-json\/wp\/v2\/comments?post=28288"}],"wp:featuredmedia":[{"embeddable":true,"href":"https:\/\/versano.nl\/es\/wp-json\/wp\/v2\/media\/28517"}],"wp:attachment":[{"href":"https:\/\/versano.nl\/es\/wp-json\/wp\/v2\/media?parent=28288"}],"wp:term":[{"taxonomy":"product_brand","embeddable":true,"href":"https:\/\/versano.nl\/es\/wp-json\/wp\/v2\/product_brand?post=28288"},{"taxonomy":"product_cat","embeddable":true,"href":"https:\/\/versano.nl\/es\/wp-json\/wp\/v2\/product_cat?post=28288"},{"taxonomy":"product_tag","embeddable":true,"href":"https:\/\/versano.nl\/es\/wp-json\/wp\/v2\/product_tag?post=28288"}],"curies":[{"name":"wp","href":"https:\/\/api.w.org\/{rel}","templated":true}]}}