{"id":2818,"date":"2014-12-02T07:38:43","date_gmt":"2014-12-02T07:38:43","guid":{"rendered":"http:\/\/leathershopdoci.nl\/shop\/versano-dames-leren-jassen-315-blauw\/"},"modified":"2026-02-26T13:58:50","modified_gmt":"2026-02-26T13:58:50","slug":"dames-leren-jas-versano-315-blauw","status":"publish","type":"product","link":"https:\/\/versano.nl\/es\/shop\/dames-leren-jas-versano-315-blauw\/","title":{"rendered":"Chaqueta de cuero para mujer 315 azul Versano"},"content":{"rendered":"<h2>Chaqueta de cuero para mujer 315 azul Versano<\/h2>\n<p>\u00bfBuscas una chaqueta de cuero elegante con la que disfrutes caminar? En Versano saben c\u00f3mo dise\u00f1ar y producir una chaqueta de este tipo. Tomemos, por ejemplo, esta hermosa chaqueta de cuero para mujer 315 Versano azul. Esta es una chaqueta que, no puedes negarlo, luce sublime. El acabado es absolutamente perfecto y todos los elementos est\u00e1n muy bien coordinados. Este es uno de los modelos b\u00e1sicos de Versano y, como tal, tambi\u00e9n uno de nuestros \u00e9xitos. Est\u00e1 disponible en piel de cordero resistente, pero si prefieres no llevarla, tambi\u00e9n hemos hecho esta chaqueta en piel sint\u00e9tica. Este modelo est\u00e1 disponible en varios colores y tambi\u00e9n en tama\u00f1os mayores hasta 5xl.<\/p>\n<h2><strong>Solicitar Versano modelo 315<\/strong><\/h2>\n<p>Esta elegante chaqueta de mujer de Versano es uno de los mejores modelos b\u00e1sicos de la marca italiana Versano. Es una chaqueta que se puede combinar muy bien con diferentes tipos de ropa. Piense en una falda, pero tambi\u00e9n en un par de jeans geniales. La chaqueta tiene cuatro bolsillos, dos bolsillos laterales y dos bolsillos m\u00e1s peque\u00f1os en el pecho. El 315 azul de Versano est\u00e1 fabricado con los mejores materiales y es suave y flexible porque es piel de cordero 100%. Si nos encarga esta chaqueta, recibir\u00e1 una chaqueta que permanecer\u00e1 hermosa para toda la vida. El color azul es f\u00e1cil de combinar y va con casi todos tus outfits. Su dise\u00f1o italiano garantiza que la chaqueta se ajuste bien y sea c\u00f3moda de llevar. Este modelo no est\u00e1 demasiado ocupado, lo que lo convierte en un cl\u00e1sico superior. puede ordenar f\u00e1cilmente en nuestro sitio web.<\/p>\n<p>marca: <a href=\"https:\/\/versano.nl\/\" target=\"_blank\" rel=\"noopener noreferrer\">Versano<\/a><br \/>\nMaterial: 100% piel de cordero<br \/>\nForro: 100% poli\u00e9ster<br \/>\nlongitud: corto<br \/>\nAjuste: ajustado<br \/>\nCierre: cremallera<br \/>\nBolsillos: bolsillo con cremallera<br \/>\nCollar: de pie cuello<br \/>\ncapa exterior Material: de alta calidad y de piel de cordero suave<br \/>\nPlazo de entrega: 2-3 d\u00edas laborables<\/p>","protected":false},"excerpt":{"rendered":"<p><strong>ELIGE OTRO COLOR AQU\u00cd<\/strong><\/p>\n<p><a href=\"https:\/\/versano.nl\/shop\/dames-leren-jas-315-cognac-versano\/\"><img loading=\"lazy\" decoding=\"async\" class=\"alignnone size-full wp-image-19827\" src=\"https:\/\/versano.nl\/wp-content\/uploads\/sites\/2\/2019\/01\/dames-leren-jassen-cognac-ronde-kraag-315-model2-thumb.jpg\" alt=\"\" width=\"57\" height=\"75\" \/><\/a><a href=\"https:\/\/versano.nl\/shop\/leren-dames-jas-groen-versano-315\/\"><img loading=\"lazy\" decoding=\"async\" class=\"alignnone size-full wp-image-19829\" src=\"https:\/\/versano.nl\/wp-content\/uploads\/sites\/2\/2019\/01\/leren-dames-jas-groen-ronde-kraag-315-model4-thumb.jpg\" alt=\"\" width=\"57\" height=\"75\" \/><\/a><a href=\"https:\/\/versano.nl\/shop\/leren-dames-jas-315-bruin-versano\/\"><img loading=\"lazy\" decoding=\"async\" class=\"alignnone size-full wp-image-19830\" src=\"https:\/\/versano.nl\/wp-content\/uploads\/sites\/2\/2019\/01\/leren-dames-jassen-bruin-ronde-kraag-315-model3-thumb.jpg\" alt=\"\" width=\"57\" height=\"75\" \/><\/a><a href=\"https:\/\/versano.nl\/shop\/dames-leren-jas-versano-315-zwart\/\"><img loading=\"lazy\" decoding=\"async\" class=\"alignnone size-full wp-image-19831\" src=\"https:\/\/versano.nl\/wp-content\/uploads\/sites\/2\/2019\/01\/leren-dames-jassen-zwart-ronde-kraag-315-model3-thumb.jpg\" alt=\"\" width=\"57\" height=\"75\" \/><\/a><a href=\"https:\/\/versano.nl\/shop\/leren-dames-jas-rood-versano-315\/\"><img loading=\"lazy\" decoding=\"async\" class=\"alignnone size-full wp-image-19833\" src=\"https:\/\/versano.nl\/wp-content\/uploads\/sites\/2\/2019\/01\/leren-jasje-rood-ronde-kraag-315-model2-thumb.jpg\" alt=\"\" width=\"57\" height=\"75\" \/><\/a><a href=\"https:\/\/versano.nl\/shop\/leren-dames-jas-beige-versano-315\/\"><img loading=\"lazy\" decoding=\"async\" class=\"alignnone size-full wp-image-19832\" src=\"https:\/\/versano.nl\/wp-content\/uploads\/sites\/2\/2019\/01\/leren-jasje-beige-ronde-kraag-315-model3-thumb.jpg\" alt=\"\" width=\"57\" height=\"75\" \/><\/a><a href=\"https:\/\/versano.nl\/shop\/leren-dames-jas-beige-versano-315\/\"><img loading=\"lazy\" decoding=\"async\" class=\"alignnone size-full wp-image-27050\" src=\"https:\/\/versano.nl\/wp-content\/uploads\/sites\/2\/2017\/04\/leren-dames-jas-taupe-camel-myversano-315-thumb.jpg\" alt=\"\" width=\"57\" height=\"76\" srcset=\"https:\/\/versano.nl\/wp-content\/uploads\/2017\/04\/leren-dames-jas-taupe-camel-myversano-315-thumb.jpg 57w, https:\/\/versano.nl\/wp-content\/uploads\/2017\/04\/leren-dames-jas-taupe-camel-myversano-315-thumb-9x12.jpg 9w\" sizes=\"auto, (max-width: 57px) 100vw, 57px\" \/><\/a><\/p>\n<p><span style=\"color: red;\">Consejos de ajuste:<\/span> El ajuste de esta chaqueta est\u00e1 bien ajustado. Nuestro modelo mide 1,68 cm de altura y lleva una talla S.<\/p>\n<p>Si no est\u00e1 seguro de sus medidas, le recomendamos que primero mida las medidas de su talla y las compare con nuestra tabla de tallas. Si no tiene experiencia en medir tama\u00f1os de circunferencia, haga clic en <a href=\"https:\/\/www.youtube.com\/watch?v=3ZSfY87v6pM\"><em><span style=\"text-decoration: none;\">AQU\u00cd<\/span><\/em>\u00a0<\/a>\u00a0para <a href=\"https:\/\/www.youtube.com\/watch?v=3ZSfY87v6pM\"><em><span style=\"color: red; text-decoration: none;\">VIDEO<\/span><\/em><\/a>\u00a0 con instrucciones. \u00a1Tambi\u00e9n puede llamarnos o enviarnos una aplicaci\u00f3n directamente! Nuestros empleados est\u00e1n siempre disponibles para ayudar.<\/p>\n<p><strong><span style=\"color: black;\">EL TIEMPO DE ENTREGA :<\/span><\/strong> 2 a 3 d\u00edas laborables.<\/p>","protected":false},"featured_media":33522,"comment_status":"closed","ping_status":"closed","template":"","meta":[],"product_brand":[],"product_cat":[90,874,875,1470,879,1469,880,881,2051,878,882],"product_tag":[354,95,98,349,142,101,105,106,107],"class_list":{"0":"post-2818","1":"product","2":"type-product","3":"status-publish","4":"has-post-thumbnail","6":"product_cat-dames-leren-jassen","7":"product_cat-kort-leren-jasje","8":"product_cat-kort-leren-jasje-dames","9":"product_cat-leren-dames-jas","10":"product_cat-leren-dames-jassen","11":"product_cat-leren-jas-dames","12":"product_cat-leren-jasje-dames","13":"product_cat-leren-jassen-dames","14":"product_cat-leren-jassen-dames-grote-maten","15":"product_cat-leren-jassen-dames-uitverkoop","16":"product_cat-versano","17":"product_tag-dames-blauw","18":"product_tag-korte-leren-jassen","19":"product_tag-leren-jasje","20":"product_tag-leren-jassen","21":"product_tag-online-dames-leren-jassen","22":"product_tag-online-leren-jassen","23":"product_tag-versano-leren-jassen","24":"product_tag-winter-leren-jassen","25":"product_tag-zomer-leren-jassen","26":"tm-no-options","28":"first","29":"instock","30":"sale","31":"taxable","32":"shipping-taxable","33":"purchasable","34":"product-type-variable"},"yoast_head":"<!-- This site is optimized with the Yoast SEO plugin v27.2 - https:\/\/yoast.com\/product\/yoast-seo-wordpress\/ -->\n<title>Dames leren jasje 315 blauw Versano, Dames Leren Jas Versano Blauw<\/title>\n<meta name=\"description\" content=\"Bent u op zoek naar een Dames leren jasje 315 blauw Versano? dan bent u bij Versano aan het juiste adres voor een nieuwe dames leren jas.\" \/>\n<meta name=\"robots\" content=\"index, follow, max-snippet:-1, max-image-preview:large, max-video-preview:-1\" \/>\n<link rel=\"canonical\" href=\"https:\/\/versano.nl\/es\/shop\/dames-leren-jas-versano-315-blauw\/\" \/>\n<meta property=\"og:locale\" content=\"es_ES\" \/>\n<meta property=\"og:type\" content=\"article\" \/>\n<meta property=\"og:title\" content=\"Dames leren jasje 315 blauw Versano, Dames Leren Jas Versano Blauw\" \/>\n<meta property=\"og:description\" content=\"Bent u op zoek naar een Dames leren jasje 315 blauw Versano? dan bent u bij Versano aan het juiste adres voor een nieuwe dames leren jas.\" \/>\n<meta property=\"og:url\" content=\"https:\/\/versano.nl\/es\/shop\/dames-leren-jas-versano-315-blauw\/\" \/>\n<meta property=\"og:site_name\" content=\"Versano\" \/>\n<meta property=\"article:modified_time\" content=\"2026-02-26T13:58:50+00:00\" \/>\n<meta property=\"og:image\" content=\"https:\/\/versano.nl\/wp-content\/uploads\/2014\/12\/315-blauw.jpg\" \/>\n\t<meta property=\"og:image:width\" content=\"600\" \/>\n\t<meta property=\"og:image:height\" content=\"800\" \/>\n\t<meta property=\"og:image:type\" content=\"image\/jpeg\" \/>\n<meta name=\"twitter:card\" content=\"summary_large_image\" \/>\n<meta name=\"twitter:label1\" content=\"Tiempo de lectura\" \/>\n\t<meta name=\"twitter:data1\" content=\"2 minutos\" \/>\n<script type=\"application\/ld+json\" class=\"yoast-schema-graph\">{\"@context\":\"https:\/\/schema.org\",\"@graph\":[{\"@type\":\"WebPage\",\"@id\":\"https:\/\/versano.nl\/shop\/dames-leren-jas-versano-315-blauw\/\",\"url\":\"https:\/\/versano.nl\/shop\/dames-leren-jas-versano-315-blauw\/\",\"name\":\"Dames leren jasje 315 blauw Versano, Dames Leren Jas Versano Blauw\",\"isPartOf\":{\"@id\":\"https:\/\/versano.nl\/#website\"},\"primaryImageOfPage\":{\"@id\":\"https:\/\/versano.nl\/shop\/dames-leren-jas-versano-315-blauw\/#primaryimage\"},\"image\":{\"@id\":\"https:\/\/versano.nl\/shop\/dames-leren-jas-versano-315-blauw\/#primaryimage\"},\"thumbnailUrl\":\"https:\/\/versano.nl\/wp-content\/uploads\/2014\/12\/315-blauw.jpg\",\"datePublished\":\"2014-12-02T07:38:43+00:00\",\"dateModified\":\"2026-02-26T13:58:50+00:00\",\"description\":\"Bent u op zoek naar een Dames leren jasje 315 blauw Versano? dan bent u bij Versano aan het juiste adres voor een nieuwe dames leren jas.\",\"breadcrumb\":{\"@id\":\"https:\/\/versano.nl\/shop\/dames-leren-jas-versano-315-blauw\/#breadcrumb\"},\"inLanguage\":\"es\",\"potentialAction\":[{\"@type\":\"ReadAction\",\"target\":[\"https:\/\/versano.nl\/shop\/dames-leren-jas-versano-315-blauw\/\"]}]},{\"@type\":\"ImageObject\",\"inLanguage\":\"es\",\"@id\":\"https:\/\/versano.nl\/shop\/dames-leren-jas-versano-315-blauw\/#primaryimage\",\"url\":\"https:\/\/versano.nl\/wp-content\/uploads\/2014\/12\/315-blauw.jpg\",\"contentUrl\":\"https:\/\/versano.nl\/wp-content\/uploads\/2014\/12\/315-blauw.jpg\",\"width\":600,\"height\":800,\"caption\":\"315 blauw\"},{\"@type\":\"BreadcrumbList\",\"@id\":\"https:\/\/versano.nl\/shop\/dames-leren-jas-versano-315-blauw\/#breadcrumb\",\"itemListElement\":[{\"@type\":\"ListItem\",\"position\":1,\"name\":\"Home\",\"item\":\"https:\/\/versano.nl\/\"},{\"@type\":\"ListItem\",\"position\":2,\"name\":\"Shop\",\"item\":\"https:\/\/versano.nl\/shop\/\"},{\"@type\":\"ListItem\",\"position\":3,\"name\":\"Dames leren jasje 315 blauw Versano\"}]},{\"@type\":\"WebSite\",\"@id\":\"https:\/\/versano.nl\/#website\",\"url\":\"https:\/\/versano.nl\/\",\"name\":\"Versano\",\"description\":\"winterjassen met bontkraag | leren dames jassen | leren heren jassen\",\"potentialAction\":[{\"@type\":\"SearchAction\",\"target\":{\"@type\":\"EntryPoint\",\"urlTemplate\":\"https:\/\/versano.nl\/?s={search_term_string}\"},\"query-input\":{\"@type\":\"PropertyValueSpecification\",\"valueRequired\":true,\"valueName\":\"search_term_string\"}}],\"inLanguage\":\"es\"}]}<\/script>\n<!-- \/ Yoast SEO plugin. -->","yoast_head_json":{"title":"Chaqueta de cuero para mujer 315 azul Versano, Chaqueta de cuero para mujer Azul Versano","description":"\u00bfEst\u00e1s buscando una chaqueta de cuero para mujer 315 azul Versano? entonces ha venido al lugar correcto en Versano para una nueva chaqueta de cuero de mujer.","robots":{"index":"index","follow":"follow","max-snippet":"max-snippet:-1","max-image-preview":"max-image-preview:large","max-video-preview":"max-video-preview:-1"},"canonical":"https:\/\/versano.nl\/es\/shop\/dames-leren-jas-versano-315-blauw\/","og_locale":"es_ES","og_type":"article","og_title":"Dames leren jasje 315 blauw Versano, Dames Leren Jas Versano Blauw","og_description":"Bent u op zoek naar een Dames leren jasje 315 blauw Versano? dan bent u bij Versano aan het juiste adres voor een nieuwe dames leren jas.","og_url":"https:\/\/versano.nl\/es\/shop\/dames-leren-jas-versano-315-blauw\/","og_site_name":"Versano","article_modified_time":"2026-02-26T13:58:50+00:00","og_image":[{"width":600,"height":800,"url":"https:\/\/versano.nl\/wp-content\/uploads\/2014\/12\/315-blauw.jpg","type":"image\/jpeg"}],"twitter_card":"summary_large_image","twitter_misc":{"Tiempo de lectura":"2 minutos"},"schema":{"@context":"https:\/\/schema.org","@graph":[{"@type":"WebPage","@id":"https:\/\/versano.nl\/shop\/dames-leren-jas-versano-315-blauw\/","url":"https:\/\/versano.nl\/shop\/dames-leren-jas-versano-315-blauw\/","name":"Chaqueta de cuero para mujer 315 azul Versano, Chaqueta de cuero para mujer Azul Versano","isPartOf":{"@id":"https:\/\/versano.nl\/#website"},"primaryImageOfPage":{"@id":"https:\/\/versano.nl\/shop\/dames-leren-jas-versano-315-blauw\/#primaryimage"},"image":{"@id":"https:\/\/versano.nl\/shop\/dames-leren-jas-versano-315-blauw\/#primaryimage"},"thumbnailUrl":"https:\/\/versano.nl\/wp-content\/uploads\/2014\/12\/315-blauw.jpg","datePublished":"2014-12-02T07:38:43+00:00","dateModified":"2026-02-26T13:58:50+00:00","description":"\u00bfEst\u00e1s buscando una chaqueta de cuero para mujer 315 azul Versano? entonces ha venido al lugar correcto en Versano para una nueva chaqueta de cuero de mujer.","breadcrumb":{"@id":"https:\/\/versano.nl\/shop\/dames-leren-jas-versano-315-blauw\/#breadcrumb"},"inLanguage":"es","potentialAction":[{"@type":"ReadAction","target":["https:\/\/versano.nl\/shop\/dames-leren-jas-versano-315-blauw\/"]}]},{"@type":"ImageObject","inLanguage":"es","@id":"https:\/\/versano.nl\/shop\/dames-leren-jas-versano-315-blauw\/#primaryimage","url":"https:\/\/versano.nl\/wp-content\/uploads\/2014\/12\/315-blauw.jpg","contentUrl":"https:\/\/versano.nl\/wp-content\/uploads\/2014\/12\/315-blauw.jpg","width":600,"height":800,"caption":"315 blauw"},{"@type":"BreadcrumbList","@id":"https:\/\/versano.nl\/shop\/dames-leren-jas-versano-315-blauw\/#breadcrumb","itemListElement":[{"@type":"ListItem","position":1,"name":"Home","item":"https:\/\/versano.nl\/"},{"@type":"ListItem","position":2,"name":"Shop","item":"https:\/\/versano.nl\/shop\/"},{"@type":"ListItem","position":3,"name":"Dames leren jasje 315 blauw Versano"}]},{"@type":"WebSite","@id":"https:\/\/versano.nl\/#website","url":"https:\/\/versano.nl\/","name":"Versano","description":"abrigos de invierno con cuello de piel | chaquetas de cuero para mujer | chaquetas de cuero para hombre","potentialAction":[{"@type":"SearchAction","target":{"@type":"EntryPoint","urlTemplate":"https:\/\/versano.nl\/?s={search_term_string}"},"query-input":{"@type":"PropertyValueSpecification","valueRequired":true,"valueName":"search_term_string"}}],"inLanguage":"es"}]}},"_links":{"self":[{"href":"https:\/\/versano.nl\/es\/wp-json\/wp\/v2\/product\/2818","targetHints":{"allow":["GET"]}}],"collection":[{"href":"https:\/\/versano.nl\/es\/wp-json\/wp\/v2\/product"}],"about":[{"href":"https:\/\/versano.nl\/es\/wp-json\/wp\/v2\/types\/product"}],"replies":[{"embeddable":true,"href":"https:\/\/versano.nl\/es\/wp-json\/wp\/v2\/comments?post=2818"}],"wp:featuredmedia":[{"embeddable":true,"href":"https:\/\/versano.nl\/es\/wp-json\/wp\/v2\/media\/33522"}],"wp:attachment":[{"href":"https:\/\/versano.nl\/es\/wp-json\/wp\/v2\/media?parent=2818"}],"wp:term":[{"taxonomy":"product_brand","embeddable":true,"href":"https:\/\/versano.nl\/es\/wp-json\/wp\/v2\/product_brand?post=2818"},{"taxonomy":"product_cat","embeddable":true,"href":"https:\/\/versano.nl\/es\/wp-json\/wp\/v2\/product_cat?post=2818"},{"taxonomy":"product_tag","embeddable":true,"href":"https:\/\/versano.nl\/es\/wp-json\/wp\/v2\/product_tag?post=2818"}],"curies":[{"name":"wp","href":"https:\/\/api.w.org\/{rel}","templated":true}]}}