{"id":27899,"date":"2016-10-07T21:42:01","date_gmt":"2016-10-07T21:42:01","guid":{"rendered":"https:\/\/versano.nl\/shop\/echte-bontkraag-naturel-versano-small\/"},"modified":"2022-12-09T06:52:43","modified_gmt":"2022-12-09T06:52:43","slug":"echte-bontkraag-naturel-versano-small","status":"publish","type":"product","link":"https:\/\/versano.nl\/es\/shop\/echte-bontkraag-naturel-versano-small\/","title":{"rendered":"Cuello de piel aut\u00e9ntica Versano est\u00e1ndar natural"},"content":{"rendered":"<p><strong>collar verdadero de la piel natural Versano Peque\u00f1o<br \/>\n<\/strong><\/p>\n<p>Material: mapache americano<br \/>\nde fijaci\u00f3n: -botones o leng\u00fcetas el\u00e1sticos<\/p>\n<p>Tiempo: 2-4 d\u00edas<\/p>","protected":false},"excerpt":{"rendered":"<p>cuellos de piel real Versano del mapache americano. Los cuellos de piel est\u00e1n disponibles en varios colores.<\/p>\n<p><span style=\"color: #ff0000;\">Estos peque\u00f1os collar de la piel es de 60 cm de largo y 13 cm de ancho<\/span><\/p>","protected":false},"featured_media":11451,"comment_status":"closed","ping_status":"closed","template":"","meta":[],"product_brand":[],"product_cat":[986],"product_tag":[592,588,584,119,120,121,122],"class_list":{"0":"post-27899","1":"product","2":"type-product","3":"status-publish","4":"has-post-thumbnail","6":"product_cat-unkategorisiert","7":"product_tag-airforce-dames-winterjas-rose","8":"product_tag-blauwe-heren-jas","9":"product_tag-dames-imitatieleer-cognac","10":"product_tag-dames-leren-jas-beige","11":"product_tag-goedkope-dames-leren-jas-beige","12":"product_tag-leren-beige-jas-dames","13":"product_tag-leren-jas-dames-beige","14":"product_shipping_class-verzendkosten-1","15":"tm-no-options","17":"first","18":"instock","19":"sale","20":"taxable","21":"shipping-taxable","22":"purchasable","23":"product-type-simple"},"yoast_head":"<!-- This site is optimized with the Yoast SEO plugin v27.2 - https:\/\/yoast.com\/product\/yoast-seo-wordpress\/ -->\n<title>Echte Bontkraag Naturel Versano Small<\/title>\n<meta name=\"description\" content=\"Versano Echte Bontkraag Naturel Versano Small. Als u geen echte bontkraag op uw jas wil, dan zijn de kunst bontkragen van Versano ideaal.\" \/>\n<meta name=\"robots\" content=\"index, follow, max-snippet:-1, max-image-preview:large, max-video-preview:-1\" \/>\n<link rel=\"canonical\" href=\"https:\/\/versano.nl\/es\/shop\/echte-bontkraag-naturel-versano-small\/\" \/>\n<meta property=\"og:locale\" content=\"es_ES\" \/>\n<meta property=\"og:type\" content=\"article\" \/>\n<meta property=\"og:title\" content=\"Echte Bontkraag Naturel Versano Small\" \/>\n<meta property=\"og:description\" content=\"Versano Echte Bontkraag Naturel Versano Small. Als u geen echte bontkraag op uw jas wil, dan zijn de kunst bontkragen van Versano ideaal.\" \/>\n<meta property=\"og:url\" content=\"https:\/\/versano.nl\/es\/shop\/echte-bontkraag-naturel-versano-small\/\" \/>\n<meta property=\"og:site_name\" content=\"Versano\" \/>\n<meta property=\"article:modified_time\" content=\"2022-12-09T06:52:43+00:00\" \/>\n<meta name=\"twitter:card\" content=\"summary_large_image\" \/>\n<script type=\"application\/ld+json\" class=\"yoast-schema-graph\">{\"@context\":\"https:\/\/schema.org\",\"@graph\":[{\"@type\":\"WebPage\",\"@id\":\"https:\/\/versano.nl\/shop\/echte-bontkraag-naturel-versano-small\/\",\"url\":\"https:\/\/versano.nl\/shop\/echte-bontkraag-naturel-versano-small\/\",\"name\":\"Echte Bontkraag Naturel Versano Small\",\"isPartOf\":{\"@id\":\"https:\/\/versano.nl\/#website\"},\"primaryImageOfPage\":{\"@id\":\"https:\/\/versano.nl\/shop\/echte-bontkraag-naturel-versano-small\/#primaryimage\"},\"image\":{\"@id\":\"https:\/\/versano.nl\/shop\/echte-bontkraag-naturel-versano-small\/#primaryimage\"},\"thumbnailUrl\":\"\",\"datePublished\":\"2016-10-07T21:42:01+00:00\",\"dateModified\":\"2022-12-09T06:52:43+00:00\",\"description\":\"Versano Echte Bontkraag Naturel Versano Small. Als u geen echte bontkraag op uw jas wil, dan zijn de kunst bontkragen van Versano ideaal.\",\"breadcrumb\":{\"@id\":\"https:\/\/versano.nl\/shop\/echte-bontkraag-naturel-versano-small\/#breadcrumb\"},\"inLanguage\":\"es\",\"potentialAction\":[{\"@type\":\"ReadAction\",\"target\":[\"https:\/\/versano.nl\/shop\/echte-bontkraag-naturel-versano-small\/\"]}]},{\"@type\":\"ImageObject\",\"inLanguage\":\"es\",\"@id\":\"https:\/\/versano.nl\/shop\/echte-bontkraag-naturel-versano-small\/#primaryimage\",\"url\":\"\",\"contentUrl\":\"\"},{\"@type\":\"BreadcrumbList\",\"@id\":\"https:\/\/versano.nl\/shop\/echte-bontkraag-naturel-versano-small\/#breadcrumb\",\"itemListElement\":[{\"@type\":\"ListItem\",\"position\":1,\"name\":\"Home\",\"item\":\"https:\/\/versano.nl\/\"},{\"@type\":\"ListItem\",\"position\":2,\"name\":\"Shop\",\"item\":\"https:\/\/versano.nl\/shop\/\"},{\"@type\":\"ListItem\",\"position\":3,\"name\":\"Echte Bontkraag Naturel standaard Versano\"}]},{\"@type\":\"WebSite\",\"@id\":\"https:\/\/versano.nl\/#website\",\"url\":\"https:\/\/versano.nl\/\",\"name\":\"Versano\",\"description\":\"winterjassen met bontkraag | leren dames jassen | leren heren jassen\",\"potentialAction\":[{\"@type\":\"SearchAction\",\"target\":{\"@type\":\"EntryPoint\",\"urlTemplate\":\"https:\/\/versano.nl\/?s={search_term_string}\"},\"query-input\":{\"@type\":\"PropertyValueSpecification\",\"valueRequired\":true,\"valueName\":\"search_term_string\"}}],\"inLanguage\":\"es\"}]}<\/script>\n<!-- \/ Yoast SEO plugin. -->","yoast_head_json":{"title":"collar verdadero de la piel natural Versano Peque\u00f1o","description":"Versano Real Fur Collar Natural Versano Peque\u00f1o. Si no quieres un collar de piel real en tu chaqueta, entonces los collares art\u00edsticos de Versano son ideales.","robots":{"index":"index","follow":"follow","max-snippet":"max-snippet:-1","max-image-preview":"max-image-preview:large","max-video-preview":"max-video-preview:-1"},"canonical":"https:\/\/versano.nl\/es\/shop\/echte-bontkraag-naturel-versano-small\/","og_locale":"es_ES","og_type":"article","og_title":"Echte Bontkraag Naturel Versano Small","og_description":"Versano Echte Bontkraag Naturel Versano Small. Als u geen echte bontkraag op uw jas wil, dan zijn de kunst bontkragen van Versano ideaal.","og_url":"https:\/\/versano.nl\/es\/shop\/echte-bontkraag-naturel-versano-small\/","og_site_name":"Versano","article_modified_time":"2022-12-09T06:52:43+00:00","twitter_card":"summary_large_image","schema":{"@context":"https:\/\/schema.org","@graph":[{"@type":"WebPage","@id":"https:\/\/versano.nl\/shop\/echte-bontkraag-naturel-versano-small\/","url":"https:\/\/versano.nl\/shop\/echte-bontkraag-naturel-versano-small\/","name":"collar verdadero de la piel natural Versano Peque\u00f1o","isPartOf":{"@id":"https:\/\/versano.nl\/#website"},"primaryImageOfPage":{"@id":"https:\/\/versano.nl\/shop\/echte-bontkraag-naturel-versano-small\/#primaryimage"},"image":{"@id":"https:\/\/versano.nl\/shop\/echte-bontkraag-naturel-versano-small\/#primaryimage"},"thumbnailUrl":"","datePublished":"2016-10-07T21:42:01+00:00","dateModified":"2022-12-09T06:52:43+00:00","description":"Versano Real Fur Collar Natural Versano Peque\u00f1o. Si no quieres un collar de piel real en tu chaqueta, entonces los collares art\u00edsticos de Versano son ideales.","breadcrumb":{"@id":"https:\/\/versano.nl\/shop\/echte-bontkraag-naturel-versano-small\/#breadcrumb"},"inLanguage":"es","potentialAction":[{"@type":"ReadAction","target":["https:\/\/versano.nl\/shop\/echte-bontkraag-naturel-versano-small\/"]}]},{"@type":"ImageObject","inLanguage":"es","@id":"https:\/\/versano.nl\/shop\/echte-bontkraag-naturel-versano-small\/#primaryimage","url":"","contentUrl":""},{"@type":"BreadcrumbList","@id":"https:\/\/versano.nl\/shop\/echte-bontkraag-naturel-versano-small\/#breadcrumb","itemListElement":[{"@type":"ListItem","position":1,"name":"Home","item":"https:\/\/versano.nl\/"},{"@type":"ListItem","position":2,"name":"Shop","item":"https:\/\/versano.nl\/shop\/"},{"@type":"ListItem","position":3,"name":"Echte Bontkraag Naturel standaard Versano"}]},{"@type":"WebSite","@id":"https:\/\/versano.nl\/#website","url":"https:\/\/versano.nl\/","name":"Versano","description":"abrigos de invierno con cuello de piel | chaquetas de cuero para mujer | chaquetas de cuero para hombre","potentialAction":[{"@type":"SearchAction","target":{"@type":"EntryPoint","urlTemplate":"https:\/\/versano.nl\/?s={search_term_string}"},"query-input":{"@type":"PropertyValueSpecification","valueRequired":true,"valueName":"search_term_string"}}],"inLanguage":"es"}]}},"_links":{"self":[{"href":"https:\/\/versano.nl\/es\/wp-json\/wp\/v2\/product\/27899","targetHints":{"allow":["GET"]}}],"collection":[{"href":"https:\/\/versano.nl\/es\/wp-json\/wp\/v2\/product"}],"about":[{"href":"https:\/\/versano.nl\/es\/wp-json\/wp\/v2\/types\/product"}],"replies":[{"embeddable":true,"href":"https:\/\/versano.nl\/es\/wp-json\/wp\/v2\/comments?post=27899"}],"wp:featuredmedia":[{"embeddable":true,"href":"https:\/\/versano.nl\/es\/wp-json\/"}],"wp:attachment":[{"href":"https:\/\/versano.nl\/es\/wp-json\/wp\/v2\/media?parent=27899"}],"wp:term":[{"taxonomy":"product_brand","embeddable":true,"href":"https:\/\/versano.nl\/es\/wp-json\/wp\/v2\/product_brand?post=27899"},{"taxonomy":"product_cat","embeddable":true,"href":"https:\/\/versano.nl\/es\/wp-json\/wp\/v2\/product_cat?post=27899"},{"taxonomy":"product_tag","embeddable":true,"href":"https:\/\/versano.nl\/es\/wp-json\/wp\/v2\/product_tag?post=27899"}],"curies":[{"name":"wp","href":"https:\/\/api.w.org\/{rel}","templated":true}]}}