{"id":2598,"date":"2015-03-07T00:23:39","date_gmt":"2015-03-07T00:23:39","guid":{"rendered":"http:\/\/leathershopdoci.nl\/shop\/dames-leren-jas-versano-336-blauw\/"},"modified":"2021-02-05T14:50:56","modified_gmt":"2021-02-05T14:50:56","slug":"leren-dames-biker-jas-blauw-versano","status":"publish","type":"product","link":"https:\/\/versano.nl\/es\/shop\/leren-dames-biker-jas-blauw-versano\/","title":{"rendered":"chaqueta de motociclista de cuero de las mujeres Versano azul"},"content":{"rendered":"<h2>chaqueta de motociclista de cuero de las mujeres Versano azul<\/h2>\n<p>En Versano que no les gusta llevar a cabo sus capas, pero un pu\u00f1ado de diferentes colores. Esta es una empresa donde el uso de diferentes colores en las chaquetas es muy importante. Considere estos cuero de las se\u00f1oras chaqueta de motociclista Versano azul. Se trata de una chaqueta que se parece mucho a todos y que sin duda puede llevar a la aprobaci\u00f3n de los dem\u00e1s se salgan. Es especialmente una chaqueta que se va a llevar con el placer mismo. Est\u00e1 hecho de piel de cordero suave, que proporciona un confort especial. Este es un material que tiene un buen lavado, que hace esto, entonces no hay necesidad de preocuparse.<\/p>\n<p><strong>Para chaqueta de motociclista de cuero de las mujeres azules de Versano<\/strong><br \/>\nPara pedir esta chaqueta con nosotros, entonces le recomendamos que tenga cualquier duda aqu\u00ed. Este es de hecho uno de los mejores modelos de la gama. Se trata de una chaqueta que es perfecto y que tambi\u00e9n se ve muy bien. Est\u00e1 equipado con dos bolsillos profundos, sino tambi\u00e9n con un interior, sin duda, tambi\u00e9n son \u00fatiles. Tambi\u00e9n en el pecho son dos bolsillos. Todas las bolsas en esta chaqueta se pueden cerrar con una cremallera. As\u00ed que usted puede rellenar en aqu\u00ed para detener usted no quiere que se caen f\u00e1cilmente de nuevo.<\/p>\n<p>marca: <a title=\"versano\" href=\"https:\/\/versano.nl\" target=\"_blank\" rel=\"noopener noreferrer\">Versano<\/a><br \/>\nMaterial: 100% piel de cordero<br \/>\nForro: 100% poli\u00e9ster<br \/>\nlongitud: corto<br \/>\nPoner: Equipada italiana (es peque\u00f1o)<br \/>\nCierre: cremallera<br \/>\nBolsillos: bolsillo con cremallera<br \/>\nCuello: cuello hacia abajo<br \/>\ncapa exterior Material: de alta calidad y de piel de cordero suave<br \/>\nTiempo: 1-3 d\u00edas<\/p>","protected":false},"excerpt":{"rendered":"<p><strong>Si selecciona un tama\u00f1o, a continuaci\u00f3n, aparece un dibujo con dimensiones de tama\u00f1o. Para determinar el tama\u00f1o adecuado, se recomienda medir primero sus medidas de la circunferencia y compararla con las dimensiones en el dibujo. \u00bfTiene alguna experiencia en la medici\u00f3n de las dimensiones, por favor haga clic <a href=\"https:\/\/www.youtube.com\/watch?v=MmcpCx4GsdU\" target=\"_blank\" rel=\"noopener noreferrer\"><span style=\"color: #ff0000;\"><em>AQU\u00cd<\/em><\/span>\u00a0<\/a> para <span style=\"color: #ff0000;\"><em><a style=\"color: #ff0000;\" href=\"https:\/\/www.youtube.com\/watch?v=MmcpCx4GsdU\" target=\"_blank\" rel=\"noopener noreferrer\">VIDEO<\/a><\/em><\/span> para ver c\u00f3mo hacer esto<\/strong>.<\/p>\n<p>Este negro de motociclista de cuero chaqueta de las se\u00f1oras de Versano tiene una cremallera en \u00e1ngulo con dos bolsillos laterales y dos bolsillos en el pecho con cremallera. La chaqueta est\u00e1 hecha de piel de cordero y el italiano equipado con un ajuste regular y tambi\u00e9n disponible en marr\u00f3n, negro y co\u00f1ac.<\/p>","protected":false},"featured_media":8717,"comment_status":"closed","ping_status":"closed","template":"","meta":[],"product_brand":[],"product_cat":[90,1712],"product_tag":[178,464,126,465,466,98,349,101,105],"class_list":{"0":"post-2598","1":"product","2":"type-product","3":"status-publish","4":"has-post-thumbnail","6":"product_cat-dames-leren-jassen","7":"product_cat-leren-jassen","8":"product_tag-biker-jack-blauw","9":"product_tag-bikerjack-blauw","10":"product_tag-blauwe-dames-biker-jack","11":"product_tag-dames-biker-jack-blauw","12":"product_tag-dames-bikerjack-blauw","13":"product_tag-leren-jasje","14":"product_tag-leren-jassen","15":"product_tag-online-leren-jassen","16":"product_tag-versano-leren-jassen","17":"tm-no-options","19":"first","20":"outofstock","21":"taxable","22":"shipping-taxable","23":"product-type-variable"},"yoast_head":"<!-- This site is optimized with the Yoast SEO plugin v27.2 - https:\/\/yoast.com\/product\/yoast-seo-wordpress\/ -->\n<title>leren dames biker jas blauw Versano, dames biker jack blauw<\/title>\n<meta name=\"description\" content=\"Deze leren dames biker jas blauw Versano is een echte blikvanger en blinkt uit in draagcomfort en model. Het duurzame lamsleer\" \/>\n<meta name=\"robots\" content=\"index, follow, max-snippet:-1, max-image-preview:large, max-video-preview:-1\" \/>\n<link rel=\"canonical\" href=\"https:\/\/versano.nl\/es\/shop\/leren-dames-biker-jas-blauw-versano\/\" \/>\n<meta property=\"og:locale\" content=\"es_ES\" \/>\n<meta property=\"og:type\" content=\"article\" \/>\n<meta property=\"og:title\" content=\"leren dames biker jas blauw Versano, dames biker jack blauw\" \/>\n<meta property=\"og:description\" content=\"Deze leren dames biker jas blauw Versano is een echte blikvanger en blinkt uit in draagcomfort en model. Het duurzame lamsleer\" \/>\n<meta property=\"og:url\" content=\"https:\/\/versano.nl\/es\/shop\/leren-dames-biker-jas-blauw-versano\/\" \/>\n<meta property=\"og:site_name\" content=\"Versano\" \/>\n<meta property=\"article:modified_time\" content=\"2021-02-05T14:50:56+00:00\" \/>\n<meta property=\"og:image\" content=\"https:\/\/versano.nl\/wp-content\/uploads\/2018\/05\/dames-leren-jas-blauw-336-versano-model2.jpg\" \/>\n\t<meta property=\"og:image:width\" content=\"900\" \/>\n\t<meta property=\"og:image:height\" content=\"1176\" \/>\n\t<meta property=\"og:image:type\" content=\"image\/jpeg\" \/>\n<meta name=\"twitter:card\" content=\"summary_large_image\" \/>\n<meta name=\"twitter:label1\" content=\"Tiempo de lectura\" \/>\n\t<meta name=\"twitter:data1\" content=\"1 minuto\" \/>\n<script type=\"application\/ld+json\" class=\"yoast-schema-graph\">{\"@context\":\"https:\/\/schema.org\",\"@graph\":[{\"@type\":\"WebPage\",\"@id\":\"https:\/\/versano.nl\/shop\/leren-dames-biker-jas-blauw-versano\/\",\"url\":\"https:\/\/versano.nl\/shop\/leren-dames-biker-jas-blauw-versano\/\",\"name\":\"leren dames biker jas blauw Versano, dames biker jack blauw\",\"isPartOf\":{\"@id\":\"https:\/\/versano.nl\/#website\"},\"primaryImageOfPage\":{\"@id\":\"https:\/\/versano.nl\/shop\/leren-dames-biker-jas-blauw-versano\/#primaryimage\"},\"image\":{\"@id\":\"https:\/\/versano.nl\/shop\/leren-dames-biker-jas-blauw-versano\/#primaryimage\"},\"thumbnailUrl\":\"https:\/\/versano.nl\/wp-content\/uploads\/2018\/05\/dames-leren-jas-blauw-336-versano-model2.jpg\",\"datePublished\":\"2015-03-07T00:23:39+00:00\",\"dateModified\":\"2021-02-05T14:50:56+00:00\",\"description\":\"Deze leren dames biker jas blauw Versano is een echte blikvanger en blinkt uit in draagcomfort en model. Het duurzame lamsleer\",\"breadcrumb\":{\"@id\":\"https:\/\/versano.nl\/shop\/leren-dames-biker-jas-blauw-versano\/#breadcrumb\"},\"inLanguage\":\"es\",\"potentialAction\":[{\"@type\":\"ReadAction\",\"target\":[\"https:\/\/versano.nl\/shop\/leren-dames-biker-jas-blauw-versano\/\"]}]},{\"@type\":\"ImageObject\",\"inLanguage\":\"es\",\"@id\":\"https:\/\/versano.nl\/shop\/leren-dames-biker-jas-blauw-versano\/#primaryimage\",\"url\":\"https:\/\/versano.nl\/wp-content\/uploads\/2018\/05\/dames-leren-jas-blauw-336-versano-model2.jpg\",\"contentUrl\":\"https:\/\/versano.nl\/wp-content\/uploads\/2018\/05\/dames-leren-jas-blauw-336-versano-model2.jpg\",\"width\":900,\"height\":1176,\"caption\":\"dames-leren-jas-blauw-336-versano-model2\"},{\"@type\":\"BreadcrumbList\",\"@id\":\"https:\/\/versano.nl\/shop\/leren-dames-biker-jas-blauw-versano\/#breadcrumb\",\"itemListElement\":[{\"@type\":\"ListItem\",\"position\":1,\"name\":\"Home\",\"item\":\"https:\/\/versano.nl\/\"},{\"@type\":\"ListItem\",\"position\":2,\"name\":\"Shop\",\"item\":\"https:\/\/versano.nl\/shop\/\"},{\"@type\":\"ListItem\",\"position\":3,\"name\":\"leren dames biker jas blauw Versano\"}]},{\"@type\":\"WebSite\",\"@id\":\"https:\/\/versano.nl\/#website\",\"url\":\"https:\/\/versano.nl\/\",\"name\":\"Versano\",\"description\":\"winterjassen met bontkraag | leren dames jassen | leren heren jassen\",\"potentialAction\":[{\"@type\":\"SearchAction\",\"target\":{\"@type\":\"EntryPoint\",\"urlTemplate\":\"https:\/\/versano.nl\/?s={search_term_string}\"},\"query-input\":{\"@type\":\"PropertyValueSpecification\",\"valueRequired\":true,\"valueName\":\"search_term_string\"}}],\"inLanguage\":\"es\"}]}<\/script>\n<!-- \/ Yoast SEO plugin. -->","yoast_head_json":{"title":"Chaqueta motera de cuero azul para mujer Versano, Chaqueta motera azul para mujer","description":"Esta chaqueta motera de cuero azul Versano es un verdadero atractivo y sobresale en comodidad y modelo. La piel de cordero sostenible.","robots":{"index":"index","follow":"follow","max-snippet":"max-snippet:-1","max-image-preview":"max-image-preview:large","max-video-preview":"max-video-preview:-1"},"canonical":"https:\/\/versano.nl\/es\/shop\/leren-dames-biker-jas-blauw-versano\/","og_locale":"es_ES","og_type":"article","og_title":"leren dames biker jas blauw Versano, dames biker jack blauw","og_description":"Deze leren dames biker jas blauw Versano is een echte blikvanger en blinkt uit in draagcomfort en model. Het duurzame lamsleer","og_url":"https:\/\/versano.nl\/es\/shop\/leren-dames-biker-jas-blauw-versano\/","og_site_name":"Versano","article_modified_time":"2021-02-05T14:50:56+00:00","og_image":[{"width":900,"height":1176,"url":"https:\/\/versano.nl\/wp-content\/uploads\/2018\/05\/dames-leren-jas-blauw-336-versano-model2.jpg","type":"image\/jpeg"}],"twitter_card":"summary_large_image","twitter_misc":{"Tiempo de lectura":"1 minuto"},"schema":{"@context":"https:\/\/schema.org","@graph":[{"@type":"WebPage","@id":"https:\/\/versano.nl\/shop\/leren-dames-biker-jas-blauw-versano\/","url":"https:\/\/versano.nl\/shop\/leren-dames-biker-jas-blauw-versano\/","name":"Chaqueta motera de cuero azul para mujer Versano, Chaqueta motera azul para mujer","isPartOf":{"@id":"https:\/\/versano.nl\/#website"},"primaryImageOfPage":{"@id":"https:\/\/versano.nl\/shop\/leren-dames-biker-jas-blauw-versano\/#primaryimage"},"image":{"@id":"https:\/\/versano.nl\/shop\/leren-dames-biker-jas-blauw-versano\/#primaryimage"},"thumbnailUrl":"https:\/\/versano.nl\/wp-content\/uploads\/2018\/05\/dames-leren-jas-blauw-336-versano-model2.jpg","datePublished":"2015-03-07T00:23:39+00:00","dateModified":"2021-02-05T14:50:56+00:00","description":"Esta chaqueta motera de cuero azul Versano es un verdadero atractivo y sobresale en comodidad y modelo. La piel de cordero sostenible.","breadcrumb":{"@id":"https:\/\/versano.nl\/shop\/leren-dames-biker-jas-blauw-versano\/#breadcrumb"},"inLanguage":"es","potentialAction":[{"@type":"ReadAction","target":["https:\/\/versano.nl\/shop\/leren-dames-biker-jas-blauw-versano\/"]}]},{"@type":"ImageObject","inLanguage":"es","@id":"https:\/\/versano.nl\/shop\/leren-dames-biker-jas-blauw-versano\/#primaryimage","url":"https:\/\/versano.nl\/wp-content\/uploads\/2018\/05\/dames-leren-jas-blauw-336-versano-model2.jpg","contentUrl":"https:\/\/versano.nl\/wp-content\/uploads\/2018\/05\/dames-leren-jas-blauw-336-versano-model2.jpg","width":900,"height":1176,"caption":"dames-leren-jas-blauw-336-versano-model2"},{"@type":"BreadcrumbList","@id":"https:\/\/versano.nl\/shop\/leren-dames-biker-jas-blauw-versano\/#breadcrumb","itemListElement":[{"@type":"ListItem","position":1,"name":"Home","item":"https:\/\/versano.nl\/"},{"@type":"ListItem","position":2,"name":"Shop","item":"https:\/\/versano.nl\/shop\/"},{"@type":"ListItem","position":3,"name":"leren dames biker jas blauw Versano"}]},{"@type":"WebSite","@id":"https:\/\/versano.nl\/#website","url":"https:\/\/versano.nl\/","name":"Versano","description":"abrigos de invierno con cuello de piel | chaquetas de cuero para mujer | chaquetas de cuero para hombre","potentialAction":[{"@type":"SearchAction","target":{"@type":"EntryPoint","urlTemplate":"https:\/\/versano.nl\/?s={search_term_string}"},"query-input":{"@type":"PropertyValueSpecification","valueRequired":true,"valueName":"search_term_string"}}],"inLanguage":"es"}]}},"_links":{"self":[{"href":"https:\/\/versano.nl\/es\/wp-json\/wp\/v2\/product\/2598","targetHints":{"allow":["GET"]}}],"collection":[{"href":"https:\/\/versano.nl\/es\/wp-json\/wp\/v2\/product"}],"about":[{"href":"https:\/\/versano.nl\/es\/wp-json\/wp\/v2\/types\/product"}],"replies":[{"embeddable":true,"href":"https:\/\/versano.nl\/es\/wp-json\/wp\/v2\/comments?post=2598"}],"wp:featuredmedia":[{"embeddable":true,"href":"https:\/\/versano.nl\/es\/wp-json\/wp\/v2\/media\/8717"}],"wp:attachment":[{"href":"https:\/\/versano.nl\/es\/wp-json\/wp\/v2\/media?parent=2598"}],"wp:term":[{"taxonomy":"product_brand","embeddable":true,"href":"https:\/\/versano.nl\/es\/wp-json\/wp\/v2\/product_brand?post=2598"},{"taxonomy":"product_cat","embeddable":true,"href":"https:\/\/versano.nl\/es\/wp-json\/wp\/v2\/product_cat?post=2598"},{"taxonomy":"product_tag","embeddable":true,"href":"https:\/\/versano.nl\/es\/wp-json\/wp\/v2\/product_tag?post=2598"}],"curies":[{"name":"wp","href":"https:\/\/api.w.org\/{rel}","templated":true}]}}