{"id":25489,"date":"2022-03-08T22:24:19","date_gmt":"2022-03-08T22:24:19","guid":{"rendered":"https:\/\/versano.nl\/shop\/kunstleren-dames-motor-jack-met-riem-zwart-versano-350\/"},"modified":"2026-01-20T20:02:54","modified_gmt":"2026-01-20T20:02:54","slug":"kunstleren-dames-motor-jack-met-riem-zwart-versano-350","status":"publish","type":"product","link":"https:\/\/versano.nl\/es\/shop\/kunstleren-dames-motor-jack-met-riem-zwart-versano-350\/","title":{"rendered":"Chaqueta biker de cuero artificial se\u00f1oras 350 negro Versano"},"content":{"rendered":"<h2>Chaqueta biker de cuero artificial se\u00f1oras 350 negro Versano<\/h2>\n<p>Versano es la elecci\u00f3n correcta para una chaqueta de cuero negro para mujer. Esta cazadora biker de piel sint\u00e9tica para mujer 350 negra de Versano est\u00e1 hecha de piel de cordero flexible. Es una chaqueta con cuello asim\u00e9trico. El cuero es cuero de cordero de alta calidad. Este precioso abrigo tiene dos bolsillos laterales que puedes cerrar con cremallera. Adem\u00e1s, hay un peque\u00f1o bolsillo con cremallera en el pecho y en este modelo tambi\u00e9n tienes un bolsillo interior. Vendemos esta chaqueta en tres colores diferentes. Adem\u00e1s del elegante negro, la chaqueta tambi\u00e9n est\u00e1 disponible en una versi\u00f3n fresca de co\u00f1ac y rojo. Esta chaqueta es completamente italiana ajustada por los dise\u00f1adores de Versano. Como resultado, la chaqueta se adapta muy bien a tu cuerpo y realmente te queda como un guante.<\/p>\n<h2>350 en el orden de color negro<\/h2>\n<p>\u00bfBuscas una chaqueta de cuero perfecta para mujer? \u00a1Entonces definitivamente recomendamos este modelo y nunca te arrepentir\u00e1s! Las chaquetas de cuero perfecto de Versano son realmente geniales y tienen un dise\u00f1o hermoso. Esta chaqueta se usa generalmente para la vida cotidiana para hacer que su atuendo est\u00e9 m\u00e1s a la moda. Si nos encarga esta hermosa chaqueta, obtendr\u00e1 una chaqueta que est\u00e1 hecha de un hermoso material. Debido a que est\u00e1 hecha de una hermosa piel de cordero fina, la chaqueta tambi\u00e9n es muy adecuada para usar en interiores. Es una chaqueta que se puede combinar muy bien con diferentes tipos de ropa. Piense en una falda, pero tambi\u00e9n en unos vaqueros geniales. Su dise\u00f1o italiano asegura que la chaqueta tenga un ajuste ce\u00f1ido y a\u00fan sea c\u00f3moda de llevar. Es un modelo muy trendy y cool de Versano.<\/p>\n<p>&nbsp;<\/p>\n<p>marca: <a href=\"https:\/\/versano.nl\/\">Versano<\/a><br \/>\nMaterial: cuero de imitaci\u00f3n 100%<br \/>\nForro: 100% poli\u00e9ster<br \/>\nlongitud: corto<br \/>\nAjuste: regular ajustado<br \/>\nCierre: cremallera<br \/>\nBolsillos: bolsillo con cremallera<br \/>\nCollar: a-sim\u00e9trica cuello<br \/>\ncapa exterior Material: de alta calidad y de piel de cordero suave<\/p>\n<p>Plazo de entrega: 2-3 d\u00edas laborables<\/p>","protected":false},"excerpt":{"rendered":"<p><span style=\"color: red;\">Consejos de ajuste:<\/span> El ajuste de esta chaqueta normalmente se hace a medida. Nuestro modelo mide 1,68 cm de altura y lleva una talla S.<\/p>\n<p>Si no est\u00e1 seguro de sus medidas, le recomendamos que primero mida las medidas de su talla y las compare con nuestra tabla de tallas. Si no tiene experiencia en medir tama\u00f1os de circunferencia, haga clic en <a href=\"https:\/\/www.youtube.com\/watch?v=3ZSfY87v6pM\"><em><span style=\"text-decoration: none;\">AQU\u00cd<\/span><\/em>\u00a0<\/a>\u00a0para <span style=\"color: red;\"><a href=\"https:\/\/www.youtube.com\/watch?v=3ZSfY87v6pM\"><em><span style=\"color: red; text-decoration: none;\">VIDEO<\/span><\/em><\/a><\/span>\u00a0 con instrucciones. \u00a1Tambi\u00e9n puede llamarnos o enviarnos una aplicaci\u00f3n directamente! Nuestros empleados est\u00e1n siempre disponibles para ayudar.<\/p>\n<p><strong><span style=\"color: black;\">EL TIEMPO DE ENTREGA :<\/span><\/strong> 2 a 3 d\u00edas laborables.<\/p>","protected":false},"featured_media":16555,"comment_status":"closed","ping_status":"closed","template":"","meta":[],"product_brand":[],"product_cat":[1472,1487,1840,733,923,15,124,882],"product_tag":[2140,2142,1814,2138,2139,2141,1938],"class_list":{"0":"post-25489","1":"product","2":"type-product","3":"status-publish","4":"has-post-thumbnail","6":"product_cat-biker-jas-dames","7":"product_cat-dames-biker-jas","8":"product_cat-dames-imitatie-leren-jas","9":"product_cat-dames-leatherlook-jassen-lederlook-jassen","10":"product_cat-imitatie-leren-jas","11":"product_cat-imitatieleren-jassen","12":"product_cat-imitatieleren-jassen-dames","13":"product_cat-versano","14":"product_tag-dames-biker-jas-imitatieleer","15":"product_tag-dames-imitatie-leren-biker-jas","16":"product_tag-dames-zomerjas","17":"product_tag-imiatie-leren-biker-jas","18":"product_tag-kunst-leren-dames-jas","19":"product_tag-kunstleren-jas-dames","20":"product_tag-versano-zomerjas","21":"product_shipping_class-verzendkosten-1","22":"tm-no-options","24":"first","25":"instock","26":"sale","27":"taxable","28":"shipping-taxable","29":"purchasable","30":"product-type-variable","31":"has-default-attributes"},"yoast_head":"<!-- This site is optimized with the Yoast SEO plugin v27.2 - https:\/\/yoast.com\/product\/yoast-seo-wordpress\/ -->\n<title>Imitatie leren biker jas dames 350 zwart Versano, imitatie leren jas<\/title>\n<meta name=\"description\" content=\"Ben je op zoek naar een Imitatie leren biker jas dames 350 zwart Versano, dan zit je in de webshop van Versano aan het juiste adres\" \/>\n<meta name=\"robots\" content=\"index, follow, max-snippet:-1, max-image-preview:large, max-video-preview:-1\" \/>\n<link rel=\"canonical\" href=\"https:\/\/versano.nl\/es\/shop\/kunstleren-dames-motor-jack-met-riem-zwart-versano-350\/\" \/>\n<meta property=\"og:locale\" content=\"es_ES\" \/>\n<meta property=\"og:type\" content=\"article\" \/>\n<meta property=\"og:title\" content=\"Imitatie leren biker jas dames 350 zwart Versano, imitatie leren jas\" \/>\n<meta property=\"og:description\" content=\"Ben je op zoek naar een Imitatie leren biker jas dames 350 zwart Versano, dan zit je in de webshop van Versano aan het juiste adres\" \/>\n<meta property=\"og:url\" content=\"https:\/\/versano.nl\/es\/shop\/kunstleren-dames-motor-jack-met-riem-zwart-versano-350\/\" \/>\n<meta property=\"og:site_name\" content=\"Versano\" \/>\n<meta property=\"article:modified_time\" content=\"2026-01-20T20:02:54+00:00\" \/>\n<meta property=\"og:image\" content=\"https:\/\/versano.nl\/wp-content\/uploads\/2020\/07\/dames-biker-jack-zwart-met-riem-versano-350-schuin.jpg\" \/>\n\t<meta property=\"og:image:width\" content=\"900\" \/>\n\t<meta property=\"og:image:height\" content=\"1200\" \/>\n\t<meta property=\"og:image:type\" content=\"image\/jpeg\" \/>\n<meta name=\"twitter:card\" content=\"summary_large_image\" \/>\n<meta name=\"twitter:label1\" content=\"Tiempo de lectura\" \/>\n\t<meta name=\"twitter:data1\" content=\"2 minutos\" \/>\n<script type=\"application\/ld+json\" class=\"yoast-schema-graph\">{\"@context\":\"https:\/\/schema.org\",\"@graph\":[{\"@type\":\"WebPage\",\"@id\":\"https:\/\/versano.nl\/shop\/kunstleren-dames-motor-jack-met-riem-zwart-versano-350\/\",\"url\":\"https:\/\/versano.nl\/shop\/kunstleren-dames-motor-jack-met-riem-zwart-versano-350\/\",\"name\":\"Imitatie leren biker jas dames 350 zwart Versano, imitatie leren jas\",\"isPartOf\":{\"@id\":\"https:\/\/versano.nl\/#website\"},\"primaryImageOfPage\":{\"@id\":\"https:\/\/versano.nl\/shop\/kunstleren-dames-motor-jack-met-riem-zwart-versano-350\/#primaryimage\"},\"image\":{\"@id\":\"https:\/\/versano.nl\/shop\/kunstleren-dames-motor-jack-met-riem-zwart-versano-350\/#primaryimage\"},\"thumbnailUrl\":\"https:\/\/versano.nl\/wp-content\/uploads\/2020\/07\/dames-biker-jack-zwart-met-riem-versano-350-schuin.jpg\",\"datePublished\":\"2022-03-08T22:24:19+00:00\",\"dateModified\":\"2026-01-20T20:02:54+00:00\",\"description\":\"Ben je op zoek naar een Imitatie leren biker jas dames 350 zwart Versano, dan zit je in de webshop van Versano aan het juiste adres\",\"breadcrumb\":{\"@id\":\"https:\/\/versano.nl\/shop\/kunstleren-dames-motor-jack-met-riem-zwart-versano-350\/#breadcrumb\"},\"inLanguage\":\"es\",\"potentialAction\":[{\"@type\":\"ReadAction\",\"target\":[\"https:\/\/versano.nl\/shop\/kunstleren-dames-motor-jack-met-riem-zwart-versano-350\/\"]}]},{\"@type\":\"ImageObject\",\"inLanguage\":\"es\",\"@id\":\"https:\/\/versano.nl\/shop\/kunstleren-dames-motor-jack-met-riem-zwart-versano-350\/#primaryimage\",\"url\":\"https:\/\/versano.nl\/wp-content\/uploads\/2020\/07\/dames-biker-jack-zwart-met-riem-versano-350-schuin.jpg\",\"contentUrl\":\"https:\/\/versano.nl\/wp-content\/uploads\/2020\/07\/dames-biker-jack-zwart-met-riem-versano-350-schuin.jpg\",\"width\":900,\"height\":1200,\"caption\":\"Imitatie leren biker jas dames 350 zwart Versano\"},{\"@type\":\"BreadcrumbList\",\"@id\":\"https:\/\/versano.nl\/shop\/kunstleren-dames-motor-jack-met-riem-zwart-versano-350\/#breadcrumb\",\"itemListElement\":[{\"@type\":\"ListItem\",\"position\":1,\"name\":\"Home\",\"item\":\"https:\/\/versano.nl\/\"},{\"@type\":\"ListItem\",\"position\":2,\"name\":\"Shop\",\"item\":\"https:\/\/versano.nl\/shop\/\"},{\"@type\":\"ListItem\",\"position\":3,\"name\":\"Imitatie leren biker jas dames 350 zwart Versano\"}]},{\"@type\":\"WebSite\",\"@id\":\"https:\/\/versano.nl\/#website\",\"url\":\"https:\/\/versano.nl\/\",\"name\":\"Versano\",\"description\":\"winterjassen met bontkraag | leren dames jassen | leren heren jassen\",\"potentialAction\":[{\"@type\":\"SearchAction\",\"target\":{\"@type\":\"EntryPoint\",\"urlTemplate\":\"https:\/\/versano.nl\/?s={search_term_string}\"},\"query-input\":{\"@type\":\"PropertyValueSpecification\",\"valueRequired\":true,\"valueName\":\"search_term_string\"}}],\"inLanguage\":\"es\"}]}<\/script>\n<!-- \/ Yoast SEO plugin. -->","yoast_head_json":{"title":"Chaqueta biker de imitaci\u00f3n de cuero se\u00f1oras 350 negro Versano, chaqueta de imitaci\u00f3n de cuero","description":"Si est\u00e1 buscando una chaqueta de motociclista de cuero de imitaci\u00f3n para damas 350 negro Versano, entonces ha venido al lugar correcto en la tienda web de Versano.","robots":{"index":"index","follow":"follow","max-snippet":"max-snippet:-1","max-image-preview":"max-image-preview:large","max-video-preview":"max-video-preview:-1"},"canonical":"https:\/\/versano.nl\/es\/shop\/kunstleren-dames-motor-jack-met-riem-zwart-versano-350\/","og_locale":"es_ES","og_type":"article","og_title":"Imitatie leren biker jas dames 350 zwart Versano, imitatie leren jas","og_description":"Ben je op zoek naar een Imitatie leren biker jas dames 350 zwart Versano, dan zit je in de webshop van Versano aan het juiste adres","og_url":"https:\/\/versano.nl\/es\/shop\/kunstleren-dames-motor-jack-met-riem-zwart-versano-350\/","og_site_name":"Versano","article_modified_time":"2026-01-20T20:02:54+00:00","og_image":[{"width":900,"height":1200,"url":"https:\/\/versano.nl\/wp-content\/uploads\/2020\/07\/dames-biker-jack-zwart-met-riem-versano-350-schuin.jpg","type":"image\/jpeg"}],"twitter_card":"summary_large_image","twitter_misc":{"Tiempo de lectura":"2 minutos"},"schema":{"@context":"https:\/\/schema.org","@graph":[{"@type":"WebPage","@id":"https:\/\/versano.nl\/shop\/kunstleren-dames-motor-jack-met-riem-zwart-versano-350\/","url":"https:\/\/versano.nl\/shop\/kunstleren-dames-motor-jack-met-riem-zwart-versano-350\/","name":"Chaqueta biker de imitaci\u00f3n de cuero se\u00f1oras 350 negro Versano, chaqueta de imitaci\u00f3n de cuero","isPartOf":{"@id":"https:\/\/versano.nl\/#website"},"primaryImageOfPage":{"@id":"https:\/\/versano.nl\/shop\/kunstleren-dames-motor-jack-met-riem-zwart-versano-350\/#primaryimage"},"image":{"@id":"https:\/\/versano.nl\/shop\/kunstleren-dames-motor-jack-met-riem-zwart-versano-350\/#primaryimage"},"thumbnailUrl":"https:\/\/versano.nl\/wp-content\/uploads\/2020\/07\/dames-biker-jack-zwart-met-riem-versano-350-schuin.jpg","datePublished":"2022-03-08T22:24:19+00:00","dateModified":"2026-01-20T20:02:54+00:00","description":"Si est\u00e1 buscando una chaqueta de motociclista de cuero de imitaci\u00f3n para damas 350 negro Versano, entonces ha venido al lugar correcto en la tienda web de Versano.","breadcrumb":{"@id":"https:\/\/versano.nl\/shop\/kunstleren-dames-motor-jack-met-riem-zwart-versano-350\/#breadcrumb"},"inLanguage":"es","potentialAction":[{"@type":"ReadAction","target":["https:\/\/versano.nl\/shop\/kunstleren-dames-motor-jack-met-riem-zwart-versano-350\/"]}]},{"@type":"ImageObject","inLanguage":"es","@id":"https:\/\/versano.nl\/shop\/kunstleren-dames-motor-jack-met-riem-zwart-versano-350\/#primaryimage","url":"https:\/\/versano.nl\/wp-content\/uploads\/2020\/07\/dames-biker-jack-zwart-met-riem-versano-350-schuin.jpg","contentUrl":"https:\/\/versano.nl\/wp-content\/uploads\/2020\/07\/dames-biker-jack-zwart-met-riem-versano-350-schuin.jpg","width":900,"height":1200,"caption":"Imitatie leren biker jas dames 350 zwart Versano"},{"@type":"BreadcrumbList","@id":"https:\/\/versano.nl\/shop\/kunstleren-dames-motor-jack-met-riem-zwart-versano-350\/#breadcrumb","itemListElement":[{"@type":"ListItem","position":1,"name":"Home","item":"https:\/\/versano.nl\/"},{"@type":"ListItem","position":2,"name":"Shop","item":"https:\/\/versano.nl\/shop\/"},{"@type":"ListItem","position":3,"name":"Imitatie leren biker jas dames 350 zwart Versano"}]},{"@type":"WebSite","@id":"https:\/\/versano.nl\/#website","url":"https:\/\/versano.nl\/","name":"Versano","description":"abrigos de invierno con cuello de piel | chaquetas de cuero para mujer | chaquetas de cuero para hombre","potentialAction":[{"@type":"SearchAction","target":{"@type":"EntryPoint","urlTemplate":"https:\/\/versano.nl\/?s={search_term_string}"},"query-input":{"@type":"PropertyValueSpecification","valueRequired":true,"valueName":"search_term_string"}}],"inLanguage":"es"}]}},"_links":{"self":[{"href":"https:\/\/versano.nl\/es\/wp-json\/wp\/v2\/product\/25489","targetHints":{"allow":["GET"]}}],"collection":[{"href":"https:\/\/versano.nl\/es\/wp-json\/wp\/v2\/product"}],"about":[{"href":"https:\/\/versano.nl\/es\/wp-json\/wp\/v2\/types\/product"}],"replies":[{"embeddable":true,"href":"https:\/\/versano.nl\/es\/wp-json\/wp\/v2\/comments?post=25489"}],"wp:featuredmedia":[{"embeddable":true,"href":"https:\/\/versano.nl\/es\/wp-json\/wp\/v2\/media\/16555"}],"wp:attachment":[{"href":"https:\/\/versano.nl\/es\/wp-json\/wp\/v2\/media?parent=25489"}],"wp:term":[{"taxonomy":"product_brand","embeddable":true,"href":"https:\/\/versano.nl\/es\/wp-json\/wp\/v2\/product_brand?post=25489"},{"taxonomy":"product_cat","embeddable":true,"href":"https:\/\/versano.nl\/es\/wp-json\/wp\/v2\/product_cat?post=25489"},{"taxonomy":"product_tag","embeddable":true,"href":"https:\/\/versano.nl\/es\/wp-json\/wp\/v2\/product_tag?post=25489"}],"curies":[{"name":"wp","href":"https:\/\/api.w.org\/{rel}","templated":true}]}}