{"id":2514,"date":"2015-03-07T00:51:30","date_gmt":"2015-03-07T00:51:30","guid":{"rendered":"http:\/\/leathershopdoci.nl\/shop\/dames-leren-jas-versano-336-zwart\/"},"modified":"2021-02-05T14:50:54","modified_gmt":"2021-02-05T14:50:54","slug":"zwarte-leren-dames-biker-jack-van-versano","status":"publish","type":"product","link":"https:\/\/versano.nl\/es\/shop\/zwarte-leren-dames-biker-jack-van-versano\/","title":{"rendered":"chaqueta de motociclista de cuero de las mujeres negras de Versano"},"content":{"rendered":"<h2>chaqueta de motociclista de cuero de las mujeres negras de Versano<\/h2>\n<p>En Versano que no les gusta llevar a cabo sus capas, pero un pu\u00f1ado de diferentes colores. Esta es una empresa donde el uso de diferentes colores en las chaquetas es muy importante. Tomemos por ejemplo esta negras de motociclista de cuero chaqueta de las se\u00f1oras de Versano. Se trata de una chaqueta que se parece mucho a todos y que sin duda puede llevar a la aprobaci\u00f3n de los dem\u00e1s se salgan. Es especialmente una chaqueta que se va a llevar con el placer mismo. Est\u00e1 hecho de piel de cordero suave, que proporciona un confort especial. Este es un material que tiene un buen lavado, que hace esto, entonces no hay necesidad de preocuparse.<\/p>\n<p><strong>Para chaqueta de motociclista de cuero de las mujeres negras de Versano<\/strong><br \/>\nPara pedir esta chaqueta con nosotros, entonces le recomendamos que tenga cualquier duda aqu\u00ed. Este es de hecho uno de los mejores modelos de la gama. Se trata de una chaqueta que es perfecto y que tambi\u00e9n se ve muy bien. Est\u00e1 equipado con dos bolsillos profundos, sino tambi\u00e9n con un interior, sin duda, tambi\u00e9n son \u00fatiles. Tambi\u00e9n en el pecho son dos bolsillos. Todas las bolsas en esta chaqueta se pueden cerrar con una cremallera. As\u00ed que usted puede rellenar en aqu\u00ed para detener usted no quiere que se caen f\u00e1cilmente de nuevo.<\/p>\n<p>marca: <a href=\"https:\/\/versano.nl\/\" target=\"_blank\" rel=\"noopener noreferrer\">Versano<\/a><br \/>\nMaterial: 100% piel de cordero<br \/>\nForro: 100% poli\u00e9ster<br \/>\nlongitud: corto<br \/>\nPoner: muebles italianos (corre)<br \/>\nCierre: cremallera<br \/>\nBolsillos: bolsillo con cremallera<br \/>\nCuello: cuello hacia abajo<br \/>\ncapa exterior Material: de alta calidad y de piel de cordero suave<br \/>\nTiempo: 1-3 d\u00edas<\/p>","protected":false},"excerpt":{"rendered":"<p><strong>Si selecciona un tama\u00f1o, a continuaci\u00f3n, aparece un dibujo con dimensiones de tama\u00f1o. Para determinar el tama\u00f1o adecuado, se recomienda medir primero sus medidas de la circunferencia y compararla con las dimensiones en el dibujo. \u00bfTiene alguna experiencia en la medici\u00f3n de las dimensiones, por favor haga clic <a href=\"https:\/\/www.youtube.com\/watch?v=MmcpCx4GsdU\" target=\"_blank\" rel=\"noopener noreferrer\"><span style=\"color: #ff0000;\"><em>AQU\u00cd<\/em><\/span>\u00a0<\/a> para <span style=\"color: #ff0000;\"><em><a style=\"color: #ff0000;\" href=\"https:\/\/www.youtube.com\/watch?v=MmcpCx4GsdU\" target=\"_blank\" rel=\"noopener noreferrer\">VIDEO<\/a><\/em><\/span> para ver c\u00f3mo hacer esto<\/strong>.<\/p>\n<p>Este negro de motociclista de cuero chaqueta de las se\u00f1oras de Versano tiene una cremallera en \u00e1ngulo con dos bolsillos laterales y dos bolsillos en el pecho con cremallera. La chaqueta est\u00e1 hecha de piel de cordero y el italiano equipado con un ajuste regular y tambi\u00e9n disponible en marr\u00f3n y co\u00f1ac.<\/p>","protected":false},"featured_media":8726,"comment_status":"closed","ping_status":"closed","template":"","meta":[],"product_brand":[],"product_cat":[90,1712],"product_tag":[156,414,415,416,417,418,95,419,420,421,422,311,349,423,424,142,359,101,425,105,106,107,426,363,427],"class_list":{"0":"post-2514","1":"product","2":"type-product","3":"status-publish","4":"has-post-thumbnail","6":"product_cat-dames-leren-jassen","7":"product_cat-leren-jassen","8":"product_tag-dames-bikerjack-zwart","9":"product_tag-dames-jas-leder-zwart","10":"product_tag-dames-jas-leer-zwart","11":"product_tag-dames-leren-jas-zwart","12":"product_tag-dames-leren-jassen-zwart","13":"product_tag-imitatieleren-dames-jas-zwart","14":"product_tag-korte-leren-jassen","15":"product_tag-lederen-dames-jas-zwart","16":"product_tag-lederen-damesjassen-zwart","17":"product_tag-leren-dames-jas-zwart","18":"product_tag-leren-jas-dames-zwart","19":"product_tag-leren-jasje-zwart","20":"product_tag-leren-jassen","21":"product_tag-leren-jassen-zwart","22":"product_tag-online-dames-bikerjack-zwart","23":"product_tag-online-dames-leren-jassen","24":"product_tag-online-dames-leren-jassen-zwart","25":"product_tag-online-leren-jassen","26":"product_tag-online-leren-jassen-zwart","27":"product_tag-versano-leren-jassen","28":"product_tag-winter-leren-jassen","29":"product_tag-zomer-leren-jassen","30":"product_tag-zwarte-leren-bikerjack-dames","31":"product_tag-zwarte-leren-dames-bikerjack","32":"product_tag-zwarte-leren-dames-jas","33":"tm-no-options","35":"first","36":"outofstock","37":"taxable","38":"shipping-taxable","39":"product-type-variable"},"yoast_head":"<!-- This site is optimized with the Yoast SEO plugin v27.2 - https:\/\/yoast.com\/product\/yoast-seo-wordpress\/ -->\n<title>zwarte leren dames biker jack van Versano, leren dames bikerjas<\/title>\n<meta name=\"description\" content=\"Deze zwarte leren dames biker jack van Versano heeft een schuine rits met 2 steekzakken, en 2 ritsen op de borstzakken. De jas is gemaakt van lamsleer\" \/>\n<meta name=\"robots\" content=\"index, follow, max-snippet:-1, max-image-preview:large, max-video-preview:-1\" \/>\n<link rel=\"canonical\" href=\"https:\/\/versano.nl\/es\/shop\/zwarte-leren-dames-biker-jack-van-versano\/\" \/>\n<meta property=\"og:locale\" content=\"es_ES\" \/>\n<meta property=\"og:type\" content=\"article\" \/>\n<meta property=\"og:title\" content=\"zwarte leren dames biker jack van Versano, leren dames bikerjas\" \/>\n<meta property=\"og:description\" content=\"Deze zwarte leren dames biker jack van Versano heeft een schuine rits met 2 steekzakken, en 2 ritsen op de borstzakken. De jas is gemaakt van lamsleer\" \/>\n<meta property=\"og:url\" content=\"https:\/\/versano.nl\/es\/shop\/zwarte-leren-dames-biker-jack-van-versano\/\" \/>\n<meta property=\"og:site_name\" content=\"Versano\" \/>\n<meta property=\"article:modified_time\" content=\"2021-02-05T14:50:54+00:00\" \/>\n<meta property=\"og:image\" content=\"https:\/\/versano.nl\/wp-content\/uploads\/2018\/05\/dames-leren-jas-zwart-336-versano-model2.jpg\" \/>\n\t<meta property=\"og:image:width\" content=\"900\" \/>\n\t<meta property=\"og:image:height\" content=\"1176\" \/>\n\t<meta property=\"og:image:type\" content=\"image\/jpeg\" \/>\n<meta name=\"twitter:card\" content=\"summary_large_image\" \/>\n<meta name=\"twitter:label1\" content=\"Tiempo de lectura\" \/>\n\t<meta name=\"twitter:data1\" content=\"1 minuto\" \/>\n<script type=\"application\/ld+json\" class=\"yoast-schema-graph\">{\"@context\":\"https:\/\/schema.org\",\"@graph\":[{\"@type\":\"WebPage\",\"@id\":\"https:\/\/versano.nl\/shop\/zwarte-leren-dames-biker-jack-van-versano\/\",\"url\":\"https:\/\/versano.nl\/shop\/zwarte-leren-dames-biker-jack-van-versano\/\",\"name\":\"zwarte leren dames biker jack van Versano, leren dames bikerjas\",\"isPartOf\":{\"@id\":\"https:\/\/versano.nl\/#website\"},\"primaryImageOfPage\":{\"@id\":\"https:\/\/versano.nl\/shop\/zwarte-leren-dames-biker-jack-van-versano\/#primaryimage\"},\"image\":{\"@id\":\"https:\/\/versano.nl\/shop\/zwarte-leren-dames-biker-jack-van-versano\/#primaryimage\"},\"thumbnailUrl\":\"https:\/\/versano.nl\/wp-content\/uploads\/2018\/05\/dames-leren-jas-zwart-336-versano-model2.jpg\",\"datePublished\":\"2015-03-07T00:51:30+00:00\",\"dateModified\":\"2021-02-05T14:50:54+00:00\",\"description\":\"Deze zwarte leren dames biker jack van Versano heeft een schuine rits met 2 steekzakken, en 2 ritsen op de borstzakken. De jas is gemaakt van lamsleer\",\"breadcrumb\":{\"@id\":\"https:\/\/versano.nl\/shop\/zwarte-leren-dames-biker-jack-van-versano\/#breadcrumb\"},\"inLanguage\":\"es\",\"potentialAction\":[{\"@type\":\"ReadAction\",\"target\":[\"https:\/\/versano.nl\/shop\/zwarte-leren-dames-biker-jack-van-versano\/\"]}]},{\"@type\":\"ImageObject\",\"inLanguage\":\"es\",\"@id\":\"https:\/\/versano.nl\/shop\/zwarte-leren-dames-biker-jack-van-versano\/#primaryimage\",\"url\":\"https:\/\/versano.nl\/wp-content\/uploads\/2018\/05\/dames-leren-jas-zwart-336-versano-model2.jpg\",\"contentUrl\":\"https:\/\/versano.nl\/wp-content\/uploads\/2018\/05\/dames-leren-jas-zwart-336-versano-model2.jpg\",\"width\":900,\"height\":1176,\"caption\":\"dames-leren-jas-zwart-336-versano-model2\"},{\"@type\":\"BreadcrumbList\",\"@id\":\"https:\/\/versano.nl\/shop\/zwarte-leren-dames-biker-jack-van-versano\/#breadcrumb\",\"itemListElement\":[{\"@type\":\"ListItem\",\"position\":1,\"name\":\"Home\",\"item\":\"https:\/\/versano.nl\/\"},{\"@type\":\"ListItem\",\"position\":2,\"name\":\"Shop\",\"item\":\"https:\/\/versano.nl\/shop\/\"},{\"@type\":\"ListItem\",\"position\":3,\"name\":\"Zwarte leren dames biker jack van Versano\"}]},{\"@type\":\"WebSite\",\"@id\":\"https:\/\/versano.nl\/#website\",\"url\":\"https:\/\/versano.nl\/\",\"name\":\"Versano\",\"description\":\"winterjassen met bontkraag | leren dames jassen | leren heren jassen\",\"potentialAction\":[{\"@type\":\"SearchAction\",\"target\":{\"@type\":\"EntryPoint\",\"urlTemplate\":\"https:\/\/versano.nl\/?s={search_term_string}\"},\"query-input\":{\"@type\":\"PropertyValueSpecification\",\"valueRequired\":true,\"valueName\":\"search_term_string\"}}],\"inLanguage\":\"es\"}]}<\/script>\n<!-- \/ Yoast SEO plugin. -->","yoast_head_json":{"title":"Chaqueta motera de cuero negra de Versano, chaqueta motera de cuero negra","description":"Esta chaqueta de motociclista de cuero negro de Versano tiene una cremallera inclinada con 2 bolsillos laterales y 2 cremalleras en los bolsillos del pecho. La chaqueta est\u00e1 hecha de piel de cordero.","robots":{"index":"index","follow":"follow","max-snippet":"max-snippet:-1","max-image-preview":"max-image-preview:large","max-video-preview":"max-video-preview:-1"},"canonical":"https:\/\/versano.nl\/es\/shop\/zwarte-leren-dames-biker-jack-van-versano\/","og_locale":"es_ES","og_type":"article","og_title":"zwarte leren dames biker jack van Versano, leren dames bikerjas","og_description":"Deze zwarte leren dames biker jack van Versano heeft een schuine rits met 2 steekzakken, en 2 ritsen op de borstzakken. De jas is gemaakt van lamsleer","og_url":"https:\/\/versano.nl\/es\/shop\/zwarte-leren-dames-biker-jack-van-versano\/","og_site_name":"Versano","article_modified_time":"2021-02-05T14:50:54+00:00","og_image":[{"width":900,"height":1176,"url":"https:\/\/versano.nl\/wp-content\/uploads\/2018\/05\/dames-leren-jas-zwart-336-versano-model2.jpg","type":"image\/jpeg"}],"twitter_card":"summary_large_image","twitter_misc":{"Tiempo de lectura":"1 minuto"},"schema":{"@context":"https:\/\/schema.org","@graph":[{"@type":"WebPage","@id":"https:\/\/versano.nl\/shop\/zwarte-leren-dames-biker-jack-van-versano\/","url":"https:\/\/versano.nl\/shop\/zwarte-leren-dames-biker-jack-van-versano\/","name":"Chaqueta motera de cuero negra de Versano, chaqueta motera de cuero negra","isPartOf":{"@id":"https:\/\/versano.nl\/#website"},"primaryImageOfPage":{"@id":"https:\/\/versano.nl\/shop\/zwarte-leren-dames-biker-jack-van-versano\/#primaryimage"},"image":{"@id":"https:\/\/versano.nl\/shop\/zwarte-leren-dames-biker-jack-van-versano\/#primaryimage"},"thumbnailUrl":"https:\/\/versano.nl\/wp-content\/uploads\/2018\/05\/dames-leren-jas-zwart-336-versano-model2.jpg","datePublished":"2015-03-07T00:51:30+00:00","dateModified":"2021-02-05T14:50:54+00:00","description":"Esta chaqueta de motociclista de cuero negro de Versano tiene una cremallera inclinada con 2 bolsillos laterales y 2 cremalleras en los bolsillos del pecho. La chaqueta est\u00e1 hecha de piel de cordero.","breadcrumb":{"@id":"https:\/\/versano.nl\/shop\/zwarte-leren-dames-biker-jack-van-versano\/#breadcrumb"},"inLanguage":"es","potentialAction":[{"@type":"ReadAction","target":["https:\/\/versano.nl\/shop\/zwarte-leren-dames-biker-jack-van-versano\/"]}]},{"@type":"ImageObject","inLanguage":"es","@id":"https:\/\/versano.nl\/shop\/zwarte-leren-dames-biker-jack-van-versano\/#primaryimage","url":"https:\/\/versano.nl\/wp-content\/uploads\/2018\/05\/dames-leren-jas-zwart-336-versano-model2.jpg","contentUrl":"https:\/\/versano.nl\/wp-content\/uploads\/2018\/05\/dames-leren-jas-zwart-336-versano-model2.jpg","width":900,"height":1176,"caption":"dames-leren-jas-zwart-336-versano-model2"},{"@type":"BreadcrumbList","@id":"https:\/\/versano.nl\/shop\/zwarte-leren-dames-biker-jack-van-versano\/#breadcrumb","itemListElement":[{"@type":"ListItem","position":1,"name":"Home","item":"https:\/\/versano.nl\/"},{"@type":"ListItem","position":2,"name":"Shop","item":"https:\/\/versano.nl\/shop\/"},{"@type":"ListItem","position":3,"name":"Zwarte leren dames biker jack van Versano"}]},{"@type":"WebSite","@id":"https:\/\/versano.nl\/#website","url":"https:\/\/versano.nl\/","name":"Versano","description":"abrigos de invierno con cuello de piel | chaquetas de cuero para mujer | chaquetas de cuero para hombre","potentialAction":[{"@type":"SearchAction","target":{"@type":"EntryPoint","urlTemplate":"https:\/\/versano.nl\/?s={search_term_string}"},"query-input":{"@type":"PropertyValueSpecification","valueRequired":true,"valueName":"search_term_string"}}],"inLanguage":"es"}]}},"_links":{"self":[{"href":"https:\/\/versano.nl\/es\/wp-json\/wp\/v2\/product\/2514","targetHints":{"allow":["GET"]}}],"collection":[{"href":"https:\/\/versano.nl\/es\/wp-json\/wp\/v2\/product"}],"about":[{"href":"https:\/\/versano.nl\/es\/wp-json\/wp\/v2\/types\/product"}],"replies":[{"embeddable":true,"href":"https:\/\/versano.nl\/es\/wp-json\/wp\/v2\/comments?post=2514"}],"wp:featuredmedia":[{"embeddable":true,"href":"https:\/\/versano.nl\/es\/wp-json\/wp\/v2\/media\/8726"}],"wp:attachment":[{"href":"https:\/\/versano.nl\/es\/wp-json\/wp\/v2\/media?parent=2514"}],"wp:term":[{"taxonomy":"product_brand","embeddable":true,"href":"https:\/\/versano.nl\/es\/wp-json\/wp\/v2\/product_brand?post=2514"},{"taxonomy":"product_cat","embeddable":true,"href":"https:\/\/versano.nl\/es\/wp-json\/wp\/v2\/product_cat?post=2514"},{"taxonomy":"product_tag","embeddable":true,"href":"https:\/\/versano.nl\/es\/wp-json\/wp\/v2\/product_tag?post=2514"}],"curies":[{"name":"wp","href":"https:\/\/api.w.org\/{rel}","templated":true}]}}