{"id":2354,"date":"2015-03-07T15:25:52","date_gmt":"2015-03-07T15:25:52","guid":{"rendered":"http:\/\/leathershopdoci.nl\/shop\/dames-leren-jas-versano-305-cognac\/"},"modified":"2024-12-13T12:07:25","modified_gmt":"2024-12-13T12:07:25","slug":"dames-leren-jas-versano-305-cognac","status":"publish","type":"product","link":"https:\/\/versano.nl\/es\/shop\/dames-leren-jas-versano-305-cognac\/","title":{"rendered":"chaqueta de cuero de motorista buscar co\u00f1ac Versano"},"content":{"rendered":"<h2>chaqueta de cuero de motorista buscar co\u00f1ac Versano<\/h2>\n<p>En busca de una chaqueta de cuero que se puede llamar un motociclista dura mirada sobre? A continuaci\u00f3n, s\u00f3lo necesita un momento para mirar a esta chaqueta de cuero de motorista buscar co\u00f1ac Versano. Se trata de una chaqueta que se ve perfecto y que puede estar seguro de que \u00e9l tambi\u00e9n lleva otro delicioso. Esto es debido en parte al anillo de cintura italiano, pero tambi\u00e9n a los materiales utilizados. Estamos hablando de piel de cordero suave que el lavado ideales tambi\u00e9n buscar\u00e1 consistentemente mejor. \u00bfQu\u00e9 m\u00e1s se puede pedir en una nueva capa? \u00bfQu\u00e9 pasa con la gran cantidad de bolsas que esta capa.<\/p>\n<h3>usar su nueva capa diversi\u00f3n<\/h3>\n<p>Con una chaqueta de cuero tan hermoso en ciclista buscar co\u00f1ac Versano se asegurar\u00e1 de que la patente siempre bijloopt. Es por eso que recomendamos este co\u00f1ac 305 se\u00f1oras de cuero de la chaqueta de acuerdo a Versano objeto de una investigaci\u00f3n si desea saber qu\u00e9 aspecto tiene. Puede abrigo para ver los detalles m\u00e1s peque\u00f1os en esta p\u00e1gina. M\u00e1s informaci\u00f3n sobre esta chaqueta? A continuaci\u00f3n, puede preguntar aqu\u00ed siete d\u00edas a la semana todas sus preguntas v\u00eda e-mail acerca. Estamos listos para responder a ellos para usted.<\/p>\n<p>marca: <a href=\"https:\/\/versano.nl\/\" target=\"_blank\" rel=\"noopener noreferrer\">Versano<\/a><br \/>\nMaterial: 100% piel de cordero<br \/>\nForro: 100% poli\u00e9ster<br \/>\nlongitud: corto<br \/>\nPoner: Equipada italiana<br \/>\nCierre: cremallera<br \/>\nBolsillos: bolsillo con cremallera<br \/>\nCollar: a-sim\u00e9trica cuello<br \/>\ncapa exterior Material: de alta calidad y de piel de cordero suave<br \/>\nTiempo: 1-3 d\u00edas<\/p>","protected":false},"excerpt":{"rendered":"<p><strong>ELIGE OTRO COLOR AQU\u00cd<\/strong><\/p>\n<p><a href=\"https:\/\/versano.nl\/shop\/leren-dames-jas-biker-305-blauw-versano\/\"><img loading=\"lazy\" decoding=\"async\" class=\"alignnone size-full wp-image-19834\" src=\"https:\/\/versano.nl\/wp-content\/uploads\/sites\/2\/2017\/05\/leren-dames-jas-blauw-305-model2-thumb.jpg\" alt=\"\" width=\"57\" height=\"75\" \/><\/a><a href=\"https:\/\/versano.nl\/shop\/dames-leren-jas-versano-305-zwart\"><img loading=\"lazy\" decoding=\"async\" class=\"alignnone size-full wp-image-19836\" src=\"https:\/\/versano.nl\/wp-content\/uploads\/sites\/2\/2017\/05\/leren-dames-jas-zwart-305-model3-thumb.jpg\" alt=\"\" width=\"57\" height=\"75\" \/><\/a><\/p>\n<p>El 305 es una chaqueta de cuero de cordero y tiene un aspecto motorista con un collar a-sim\u00e9trica. duradera piel de cordero tiene un lavado precioso para una mirada pero elegante deportivo. La chaqueta tiene dos bolsillos con cremallera, un bolsillo con cremallera en el pecho y en el interior. La chaqueta est\u00e1 disponible en varios colores y est\u00e1 equipado italiano.<\/p>","protected":false},"featured_media":15632,"comment_status":"closed","ping_status":"closed","template":"","meta":[],"product_brand":[],"product_cat":[90,874,875,877,879,880,881,882],"product_tag":[95,151,411,412,98,101,105,107],"class_list":{"0":"post-2354","1":"product","2":"type-product","3":"status-publish","4":"has-post-thumbnail","6":"product_cat-dames-leren-jassen","7":"product_cat-kort-leren-jasje","8":"product_cat-kort-leren-jasje-dames","9":"product_cat-leren-bikerjacks-dames","10":"product_cat-leren-dames-jassen","11":"product_cat-leren-jasje-dames","12":"product_cat-leren-jassen-dames","13":"product_cat-versano","14":"product_tag-korte-leren-jassen","15":"product_tag-leren-biker-jack-cognac","16":"product_tag-leren-cognac-jas","17":"product_tag-leren-dames-jas-motor-look-cognac","18":"product_tag-leren-jasje","19":"product_tag-online-leren-jassen","20":"product_tag-versano-leren-jassen","21":"product_tag-zomer-leren-jassen","22":"product_shipping_class-verzendkosten-1","23":"tm-no-options","25":"first","26":"instock","27":"taxable","28":"shipping-taxable","29":"product-type-variable"},"yoast_head":"<!-- This site is optimized with the Yoast SEO plugin v27.2 - https:\/\/yoast.com\/product\/yoast-seo-wordpress\/ -->\n<title>Leren damesjas in bikerlook Cognac van Versano, leren dames jas cognac<\/title>\n<meta name=\"description\" content=\"De Leren damesjas in bikerlook Cognac van Versano is gemaakt van lamsleder, en voelt erg soepel en glad aan. De jas heeft een stoere motor look\" \/>\n<meta name=\"robots\" content=\"index, follow, max-snippet:-1, max-image-preview:large, max-video-preview:-1\" \/>\n<link rel=\"canonical\" href=\"https:\/\/versano.nl\/es\/shop\/dames-leren-jas-versano-305-cognac\/\" \/>\n<meta property=\"og:locale\" content=\"es_ES\" \/>\n<meta property=\"og:type\" content=\"article\" \/>\n<meta property=\"og:title\" content=\"Leren damesjas in bikerlook Cognac van Versano, leren dames jas cognac\" \/>\n<meta property=\"og:description\" content=\"De Leren damesjas in bikerlook Cognac van Versano is gemaakt van lamsleder, en voelt erg soepel en glad aan. De jas heeft een stoere motor look\" \/>\n<meta property=\"og:url\" content=\"https:\/\/versano.nl\/es\/shop\/dames-leren-jas-versano-305-cognac\/\" \/>\n<meta property=\"og:site_name\" content=\"Versano\" \/>\n<meta property=\"article:modified_time\" content=\"2024-12-13T12:07:25+00:00\" \/>\n<meta property=\"og:image\" content=\"https:\/\/versano.nl\/wp-content\/uploads\/2020\/02\/leren-dames-jas-cognac-305-model3.jpg\" \/>\n\t<meta property=\"og:image:width\" content=\"900\" \/>\n\t<meta property=\"og:image:height\" content=\"1176\" \/>\n\t<meta property=\"og:image:type\" content=\"image\/jpeg\" \/>\n<meta name=\"twitter:card\" content=\"summary_large_image\" \/>\n<meta name=\"twitter:label1\" content=\"Tiempo de lectura\" \/>\n\t<meta name=\"twitter:data1\" content=\"1 minuto\" \/>\n<script type=\"application\/ld+json\" class=\"yoast-schema-graph\">{\"@context\":\"https:\/\/schema.org\",\"@graph\":[{\"@type\":\"WebPage\",\"@id\":\"https:\/\/versano.nl\/shop\/dames-leren-jas-versano-305-cognac\/\",\"url\":\"https:\/\/versano.nl\/shop\/dames-leren-jas-versano-305-cognac\/\",\"name\":\"Leren damesjas in bikerlook Cognac van Versano, leren dames jas cognac\",\"isPartOf\":{\"@id\":\"https:\/\/versano.nl\/#website\"},\"primaryImageOfPage\":{\"@id\":\"https:\/\/versano.nl\/shop\/dames-leren-jas-versano-305-cognac\/#primaryimage\"},\"image\":{\"@id\":\"https:\/\/versano.nl\/shop\/dames-leren-jas-versano-305-cognac\/#primaryimage\"},\"thumbnailUrl\":\"https:\/\/versano.nl\/wp-content\/uploads\/2020\/02\/leren-dames-jas-cognac-305-model3.jpg\",\"datePublished\":\"2015-03-07T15:25:52+00:00\",\"dateModified\":\"2024-12-13T12:07:25+00:00\",\"description\":\"De Leren damesjas in bikerlook Cognac van Versano is gemaakt van lamsleder, en voelt erg soepel en glad aan. De jas heeft een stoere motor look\",\"breadcrumb\":{\"@id\":\"https:\/\/versano.nl\/shop\/dames-leren-jas-versano-305-cognac\/#breadcrumb\"},\"inLanguage\":\"es\",\"potentialAction\":[{\"@type\":\"ReadAction\",\"target\":[\"https:\/\/versano.nl\/shop\/dames-leren-jas-versano-305-cognac\/\"]}]},{\"@type\":\"ImageObject\",\"inLanguage\":\"es\",\"@id\":\"https:\/\/versano.nl\/shop\/dames-leren-jas-versano-305-cognac\/#primaryimage\",\"url\":\"https:\/\/versano.nl\/wp-content\/uploads\/2020\/02\/leren-dames-jas-cognac-305-model3.jpg\",\"contentUrl\":\"https:\/\/versano.nl\/wp-content\/uploads\/2020\/02\/leren-dames-jas-cognac-305-model3.jpg\",\"width\":900,\"height\":1176,\"caption\":\"leren-dames-jas-cognac-305-model3\"},{\"@type\":\"BreadcrumbList\",\"@id\":\"https:\/\/versano.nl\/shop\/dames-leren-jas-versano-305-cognac\/#breadcrumb\",\"itemListElement\":[{\"@type\":\"ListItem\",\"position\":1,\"name\":\"Home\",\"item\":\"https:\/\/versano.nl\/\"},{\"@type\":\"ListItem\",\"position\":2,\"name\":\"Shop\",\"item\":\"https:\/\/versano.nl\/shop\/\"},{\"@type\":\"ListItem\",\"position\":3,\"name\":\"Leren damesjas in bikerlook Cognac van Versano\"}]},{\"@type\":\"WebSite\",\"@id\":\"https:\/\/versano.nl\/#website\",\"url\":\"https:\/\/versano.nl\/\",\"name\":\"Versano\",\"description\":\"winterjassen met bontkraag | leren dames jassen | leren heren jassen\",\"potentialAction\":[{\"@type\":\"SearchAction\",\"target\":{\"@type\":\"EntryPoint\",\"urlTemplate\":\"https:\/\/versano.nl\/?s={search_term_string}\"},\"query-input\":{\"@type\":\"PropertyValueSpecification\",\"valueRequired\":true,\"valueName\":\"search_term_string\"}}],\"inLanguage\":\"es\"}]}<\/script>\n<!-- \/ Yoast SEO plugin. -->","yoast_head_json":{"title":"Chaqueta de cuero para mujer en look biker Co\u00f1ac de Versano, chaqueta de cuero para mujer co\u00f1ac","description":"La chaqueta de cuero para mujer en look biker Cognac by Versano est\u00e1 hecha de piel de cordero, y se siente muy suave. La chaqueta tiene un look de moto genial.","robots":{"index":"index","follow":"follow","max-snippet":"max-snippet:-1","max-image-preview":"max-image-preview:large","max-video-preview":"max-video-preview:-1"},"canonical":"https:\/\/versano.nl\/es\/shop\/dames-leren-jas-versano-305-cognac\/","og_locale":"es_ES","og_type":"article","og_title":"Leren damesjas in bikerlook Cognac van Versano, leren dames jas cognac","og_description":"De Leren damesjas in bikerlook Cognac van Versano is gemaakt van lamsleder, en voelt erg soepel en glad aan. De jas heeft een stoere motor look","og_url":"https:\/\/versano.nl\/es\/shop\/dames-leren-jas-versano-305-cognac\/","og_site_name":"Versano","article_modified_time":"2024-12-13T12:07:25+00:00","og_image":[{"width":900,"height":1176,"url":"https:\/\/versano.nl\/wp-content\/uploads\/2020\/02\/leren-dames-jas-cognac-305-model3.jpg","type":"image\/jpeg"}],"twitter_card":"summary_large_image","twitter_misc":{"Tiempo de lectura":"1 minuto"},"schema":{"@context":"https:\/\/schema.org","@graph":[{"@type":"WebPage","@id":"https:\/\/versano.nl\/shop\/dames-leren-jas-versano-305-cognac\/","url":"https:\/\/versano.nl\/shop\/dames-leren-jas-versano-305-cognac\/","name":"Chaqueta de cuero para mujer en look biker Co\u00f1ac de Versano, chaqueta de cuero para mujer co\u00f1ac","isPartOf":{"@id":"https:\/\/versano.nl\/#website"},"primaryImageOfPage":{"@id":"https:\/\/versano.nl\/shop\/dames-leren-jas-versano-305-cognac\/#primaryimage"},"image":{"@id":"https:\/\/versano.nl\/shop\/dames-leren-jas-versano-305-cognac\/#primaryimage"},"thumbnailUrl":"https:\/\/versano.nl\/wp-content\/uploads\/2020\/02\/leren-dames-jas-cognac-305-model3.jpg","datePublished":"2015-03-07T15:25:52+00:00","dateModified":"2024-12-13T12:07:25+00:00","description":"La chaqueta de cuero para mujer en look biker Cognac by Versano est\u00e1 hecha de piel de cordero, y se siente muy suave. La chaqueta tiene un look de moto genial.","breadcrumb":{"@id":"https:\/\/versano.nl\/shop\/dames-leren-jas-versano-305-cognac\/#breadcrumb"},"inLanguage":"es","potentialAction":[{"@type":"ReadAction","target":["https:\/\/versano.nl\/shop\/dames-leren-jas-versano-305-cognac\/"]}]},{"@type":"ImageObject","inLanguage":"es","@id":"https:\/\/versano.nl\/shop\/dames-leren-jas-versano-305-cognac\/#primaryimage","url":"https:\/\/versano.nl\/wp-content\/uploads\/2020\/02\/leren-dames-jas-cognac-305-model3.jpg","contentUrl":"https:\/\/versano.nl\/wp-content\/uploads\/2020\/02\/leren-dames-jas-cognac-305-model3.jpg","width":900,"height":1176,"caption":"leren-dames-jas-cognac-305-model3"},{"@type":"BreadcrumbList","@id":"https:\/\/versano.nl\/shop\/dames-leren-jas-versano-305-cognac\/#breadcrumb","itemListElement":[{"@type":"ListItem","position":1,"name":"Home","item":"https:\/\/versano.nl\/"},{"@type":"ListItem","position":2,"name":"Shop","item":"https:\/\/versano.nl\/shop\/"},{"@type":"ListItem","position":3,"name":"Leren damesjas in bikerlook Cognac van Versano"}]},{"@type":"WebSite","@id":"https:\/\/versano.nl\/#website","url":"https:\/\/versano.nl\/","name":"Versano","description":"abrigos de invierno con cuello de piel | chaquetas de cuero para mujer | chaquetas de cuero para hombre","potentialAction":[{"@type":"SearchAction","target":{"@type":"EntryPoint","urlTemplate":"https:\/\/versano.nl\/?s={search_term_string}"},"query-input":{"@type":"PropertyValueSpecification","valueRequired":true,"valueName":"search_term_string"}}],"inLanguage":"es"}]}},"_links":{"self":[{"href":"https:\/\/versano.nl\/es\/wp-json\/wp\/v2\/product\/2354","targetHints":{"allow":["GET"]}}],"collection":[{"href":"https:\/\/versano.nl\/es\/wp-json\/wp\/v2\/product"}],"about":[{"href":"https:\/\/versano.nl\/es\/wp-json\/wp\/v2\/types\/product"}],"replies":[{"embeddable":true,"href":"https:\/\/versano.nl\/es\/wp-json\/wp\/v2\/comments?post=2354"}],"wp:featuredmedia":[{"embeddable":true,"href":"https:\/\/versano.nl\/es\/wp-json\/wp\/v2\/media\/15632"}],"wp:attachment":[{"href":"https:\/\/versano.nl\/es\/wp-json\/wp\/v2\/media?parent=2354"}],"wp:term":[{"taxonomy":"product_brand","embeddable":true,"href":"https:\/\/versano.nl\/es\/wp-json\/wp\/v2\/product_brand?post=2354"},{"taxonomy":"product_cat","embeddable":true,"href":"https:\/\/versano.nl\/es\/wp-json\/wp\/v2\/product_cat?post=2354"},{"taxonomy":"product_tag","embeddable":true,"href":"https:\/\/versano.nl\/es\/wp-json\/wp\/v2\/product_tag?post=2354"}],"curies":[{"name":"wp","href":"https:\/\/api.w.org\/{rel}","templated":true}]}}