{"id":22423,"date":"2021-08-30T12:24:37","date_gmt":"2021-08-30T12:24:37","guid":{"rendered":"https:\/\/versano.nl\/shop\/dames-winterjas-met-bontkraag-shamila-groen-new-generation\/"},"modified":"2026-04-02T18:47:00","modified_gmt":"2026-04-02T18:47:00","slug":"dames-winterjas-met-bontkraag-shamila-groen-new-generation","status":"publish","type":"product","link":"https:\/\/versano.nl\/es\/shop\/dames-winterjas-met-bontkraag-shamila-groen-new-generation\/","title":{"rendered":"Chaqueta de invierno para mujer Shamila nueva generaci\u00f3n Versano verde"},"content":{"rendered":"<h2>Chaqueta de invierno para mujer Shamila nueva generaci\u00f3n Versano verde<\/h2>\n<p>\u00bfBuscas una bonita chaqueta c\u00e1lida para mujer con cuello de piel que tambi\u00e9n se vea bonita y moderna? Entonces echa un vistazo a esta chaqueta de invierno para mujer Shamila nueva generaci\u00f3n Versano verde. Esta chaqueta no solo tiene dos cremalleras, tambi\u00e9n es una chaqueta con dos grandes bolsillos laterales. Puedes perder las manos en esto cuando hace fr\u00edo afuera. Esta chaqueta no solo est\u00e1 perfectamente dise\u00f1ada, sino que tambi\u00e9n se ajusta muy bien. La chaqueta est\u00e1 confeccionada con los mejores materiales y un m\u00e9todo especial que la hace sentir muy c\u00f3moda en tu cuerpo en cuanto a movimientos y adem\u00e1s te mantendr\u00e1 abrigado incluso en climas extremadamente fr\u00edos. Esta chaqueta tiene una cremallera doble y dos bolsillos laterales. Puedes perder las manos en esto cuando hace fr\u00edo afuera. Puede pedirnos esta chaqueta de invierno para mujer Shamila nueva generaci\u00f3n Versano verde en diferentes colores y el cuello de piel es opcional. Para el cuello, puede elegir entre un cuello de piel real o un cuello de piel de imitaci\u00f3n que es indistinguible de la piel real.<\/p>\n<h2>Un topjas de Versano<\/h2>\n<p>Con una chaqueta tan hermosa de Versano, puede estar seguro de que podr\u00e1 usarla durante todo el invierno. Estas son hermosas chaquetas que no solo est\u00e1n perfectamente dise\u00f1adas, sino que tambi\u00e9n est\u00e1n hechas con los mejores materiales. Puede pedir f\u00e1cilmente la chaqueta de invierno para mujer Shamila nueva generaci\u00f3n Versano verde a trav\u00e9s de nuestra tienda online Versano. Hemos reunido todas nuestras chaquetas aqu\u00ed para que pueda realizar un pedido f\u00e1cilmente. En Versano siempre puede estar seguro de que est\u00e1 comprando un hermoso abrigo que ha sido trabajado con mimo.<\/p>\n<p>marca: <a title=\"versano\" href=\"https:\/\/versano.nl\" target=\"_blank\" rel=\"noopener\">Versano<\/a><br \/>\nlongitud: corto<br \/>\nAjuste: ajustado<br \/>\nForro: 100% poli\u00e9ster<br \/>\nespesor del forro: 200 gramos alineados gruesa<br \/>\nforro: 100% poli\u00e9ster<br \/>\nHood, alineado, s\u00f3lida<br \/>\nLos extras: costuras reforzadas<br \/>\nCierre: cremallera<br \/>\nsacos de cremallera bolsillos laterales, en el interior<br \/>\nFunci\u00f3n: impermeable, resistente al viento<br \/>\ncapa externa de material: 100% poli\u00e9ster<br \/>\naccesorios: cuello de piel (opcional)<\/p>\n<p>Tiempo de entrega: 2-3 d\u00edas<\/p>\n<p><strong>OPCIONAL: piel real CUELLO DEL MAPACHE MAPACHE ART DE PIEL<\/strong><\/p>","protected":false},"excerpt":{"rendered":"<h4><strong>ELIGE OTRO COLOR AQU\u00cd<\/strong><\/h4>\n<p><span style=\"color: #ff0000;\"><strong><a href=\"https:\/\/versano.nl\/shop\/dames-winterjas-met-bontkraag-shamila-zwart-new-generation\/\"><img loading=\"lazy\" decoding=\"async\" class=\"alignnone size-full wp-image-26987\" src=\"https:\/\/versano.nl\/wp-content\/uploads\/sites\/2\/2021\/08\/dames-winterjas-myversano-shamila-new-zwart-voorkant-nw-thumb.jpg\" alt=\"\" width=\"56\" height=\"75\" srcset=\"https:\/\/versano.nl\/wp-content\/uploads\/2021\/08\/dames-winterjas-myversano-shamila-new-zwart-voorkant-nw-thumb.jpg 56w, https:\/\/versano.nl\/wp-content\/uploads\/2021\/08\/dames-winterjas-myversano-shamila-new-zwart-voorkant-nw-thumb-9x12.jpg 9w\" sizes=\"auto, (max-width: 56px) 100vw, 56px\" \/><\/a><\/strong><\/span><\/p>\n<p><strong><span style=\"color: #ff0000;\">Consejos de ajuste:<\/span> <\/strong><\/p>\n<p><span style=\"color: #ff0000;\">Getailleerde pasvorm, bekijk de maattabel voor de juiste maat.<\/span><\/p>\n<p><span style=\"color: #ff0000;\">Ons model is 1.70 m en weegt 62 kilo, ze draagt een Small.<\/span><\/p>\n<p>&nbsp;<\/p>\n<p>Si no est\u00e1 seguro de sus medidas, le recomendamos que primero mida las medidas de su talla y las compare con nuestra tabla de tallas. Si no tiene experiencia en medir tama\u00f1os de circunferencia, haga clic en\u00a0<a href=\"https:\/\/www.youtube.com\/watch?v=3ZSfY87v6pM\"><em>AQU\u00cd<\/em>\u00a0<\/a>\u00a0para\u00a0<a href=\"https:\/\/www.youtube.com\/watch?v=3ZSfY87v6pM\"><em>VIDEO<\/em><\/a>\u00a0\u00a0con instrucciones. \u00a1Tambi\u00e9n puede llamarnos o enviarnos una aplicaci\u00f3n directamente! Nuestros empleados est\u00e1n siempre disponibles para ayudar.<\/p>\n<p><strong>El tiempo de entrega :<\/strong> 2 a 3 d\u00edas h\u00e1biles.<\/p>\n<p><span style=\"color: #ff0000;\">INFORMACION IMPORTANTE:<\/span><\/p>\n<p>Wij hebben een gedetailleerd pasvorm advies aangegeven in de product afbeeldingen. Bekijk dit voordat u een bestelling plaatst.<\/p>\n<p><span style=\"color: #ff0000;\">\u00a0<\/span>Puedes comprar cualquier chaqueta Versano con o sin cuello de piel, el cuello de piel no est\u00e1 incluido.<\/p>","protected":false},"featured_media":35233,"comment_status":"closed","ping_status":"closed","template":"","meta":[],"product_brand":[],"product_cat":[1403,89,1012,1353,1145,1384,1389,1382,1383,1037,1038,882,1143,1144,1415,1041,1042,215,1404,1339],"product_tag":[860,2079,2059,2063,1210,2078,2077,225],"class_list":{"0":"post-22423","1":"product","2":"type-product","3":"status-publish","4":"has-post-thumbnail","6":"product_cat-bontkraag-jas","7":"product_cat-dames","8":"product_cat-dames-jas-met-bontkraag","9":"product_cat-dames-jas-met-pels","10":"product_cat-dames-winterjas","11":"product_cat-dames-winterjas-met-bontkraag","12":"product_cat-dames-winterjas-met-pels","13":"product_cat-dames-winterjassen","14":"product_cat-dames-winterjassen-met-bontkraag","15":"product_cat-jas-met-bontkraag","16":"product_cat-jas-met-bontkraag-dames","17":"product_cat-versano","18":"product_cat-winterjas","19":"product_cat-winterjas-dames","20":"product_cat-winterjas-dames-met-bontkraag","21":"product_cat-winterjas-met-bontkraag","22":"product_cat-winterjas-met-bontkraag-dames","23":"product_cat-dames-jassen-met-bontkraag","24":"product_cat-winterjassen","25":"product_cat-winterjassen-dames","26":"product_tag-dames-winterjas-groen","27":"product_tag-dames-winterjas-versano","28":"product_tag-groene-korte-dames-winterjas","29":"product_tag-groene-winterjas-dames","30":"product_tag-korte-winterjas-dames","31":"product_tag-merk-jas-dames","32":"product_tag-versano-dames-winterjassen","33":"product_tag-winterjas-met-bontkraag-dames","34":"product_shipping_class-verzendkosten-1","35":"tm-has-options","37":"first","38":"instock","39":"sale","40":"taxable","41":"shipping-taxable","42":"purchasable","43":"product-type-variable"},"yoast_head":"<!-- This site is optimized with the Yoast SEO plugin v27.2 - https:\/\/yoast.com\/product\/yoast-seo-wordpress\/ -->\n<title>Dames winterjas Shamila new generation Versano groen<\/title>\n<meta name=\"description\" content=\"Ben je op zoek naar een Dames winterjas Shamila new generation Versano groen? Dan bent u bij Versano aan het juiste adres.\" \/>\n<meta name=\"robots\" content=\"index, follow, max-snippet:-1, max-image-preview:large, max-video-preview:-1\" \/>\n<link rel=\"canonical\" href=\"https:\/\/versano.nl\/es\/shop\/dames-winterjas-met-bontkraag-shamila-groen-new-generation\/\" \/>\n<meta property=\"og:locale\" content=\"es_ES\" \/>\n<meta property=\"og:type\" content=\"article\" \/>\n<meta property=\"og:title\" content=\"Dames winterjas Shamila new generation Versano groen\" \/>\n<meta property=\"og:description\" content=\"Ben je op zoek naar een Dames winterjas Shamila new generation Versano groen? Dan bent u bij Versano aan het juiste adres.\" \/>\n<meta property=\"og:url\" content=\"https:\/\/versano.nl\/es\/shop\/dames-winterjas-met-bontkraag-shamila-groen-new-generation\/\" \/>\n<meta property=\"og:site_name\" content=\"Versano\" \/>\n<meta property=\"article:modified_time\" content=\"2026-04-02T18:47:00+00:00\" \/>\n<meta property=\"og:image\" content=\"https:\/\/versano.nl\/wp-content\/uploads\/2021\/08\/444-2.jpg\" \/>\n\t<meta property=\"og:image:width\" content=\"802\" \/>\n\t<meta property=\"og:image:height\" content=\"1200\" \/>\n\t<meta property=\"og:image:type\" content=\"image\/jpeg\" \/>\n<meta name=\"twitter:card\" content=\"summary_large_image\" \/>\n<meta name=\"twitter:label1\" content=\"Tiempo de lectura\" \/>\n\t<meta name=\"twitter:data1\" content=\"2 minutos\" \/>\n<script type=\"application\/ld+json\" class=\"yoast-schema-graph\">{\"@context\":\"https:\/\/schema.org\",\"@graph\":[{\"@type\":\"WebPage\",\"@id\":\"https:\/\/versano.nl\/shop\/dames-winterjas-met-bontkraag-shamila-groen-new-generation\/\",\"url\":\"https:\/\/versano.nl\/shop\/dames-winterjas-met-bontkraag-shamila-groen-new-generation\/\",\"name\":\"Dames winterjas Shamila new generation Versano groen\",\"isPartOf\":{\"@id\":\"https:\/\/versano.nl\/#website\"},\"primaryImageOfPage\":{\"@id\":\"https:\/\/versano.nl\/shop\/dames-winterjas-met-bontkraag-shamila-groen-new-generation\/#primaryimage\"},\"image\":{\"@id\":\"https:\/\/versano.nl\/shop\/dames-winterjas-met-bontkraag-shamila-groen-new-generation\/#primaryimage\"},\"thumbnailUrl\":\"https:\/\/versano.nl\/wp-content\/uploads\/2021\/08\/444-2.jpg\",\"datePublished\":\"2021-08-30T12:24:37+00:00\",\"dateModified\":\"2026-04-02T18:47:00+00:00\",\"description\":\"Ben je op zoek naar een Dames winterjas Shamila new generation Versano groen? Dan bent u bij Versano aan het juiste adres.\",\"breadcrumb\":{\"@id\":\"https:\/\/versano.nl\/shop\/dames-winterjas-met-bontkraag-shamila-groen-new-generation\/#breadcrumb\"},\"inLanguage\":\"es\",\"potentialAction\":[{\"@type\":\"ReadAction\",\"target\":[\"https:\/\/versano.nl\/shop\/dames-winterjas-met-bontkraag-shamila-groen-new-generation\/\"]}]},{\"@type\":\"ImageObject\",\"inLanguage\":\"es\",\"@id\":\"https:\/\/versano.nl\/shop\/dames-winterjas-met-bontkraag-shamila-groen-new-generation\/#primaryimage\",\"url\":\"https:\/\/versano.nl\/wp-content\/uploads\/2021\/08\/444-2.jpg\",\"contentUrl\":\"https:\/\/versano.nl\/wp-content\/uploads\/2021\/08\/444-2.jpg\",\"width\":802,\"height\":1200,\"caption\":\"Dames winterjas Shamila new generation Versano groen\"},{\"@type\":\"BreadcrumbList\",\"@id\":\"https:\/\/versano.nl\/shop\/dames-winterjas-met-bontkraag-shamila-groen-new-generation\/#breadcrumb\",\"itemListElement\":[{\"@type\":\"ListItem\",\"position\":1,\"name\":\"Home\",\"item\":\"https:\/\/versano.nl\/\"},{\"@type\":\"ListItem\",\"position\":2,\"name\":\"Shop\",\"item\":\"https:\/\/versano.nl\/shop\/\"},{\"@type\":\"ListItem\",\"position\":3,\"name\":\"Dames winterjas Shamila new generation Versano groen\"}]},{\"@type\":\"WebSite\",\"@id\":\"https:\/\/versano.nl\/#website\",\"url\":\"https:\/\/versano.nl\/\",\"name\":\"Versano\",\"description\":\"winterjassen met bontkraag | leren dames jassen | leren heren jassen\",\"potentialAction\":[{\"@type\":\"SearchAction\",\"target\":{\"@type\":\"EntryPoint\",\"urlTemplate\":\"https:\/\/versano.nl\/?s={search_term_string}\"},\"query-input\":{\"@type\":\"PropertyValueSpecification\",\"valueRequired\":true,\"valueName\":\"search_term_string\"}}],\"inLanguage\":\"es\"}]}<\/script>\n<!-- \/ Yoast SEO plugin. -->","yoast_head_json":{"title":"Chaqueta de invierno para mujer Shamila nueva generaci\u00f3n Versano verde","description":"\u00bfEst\u00e1s buscando una chaqueta de invierno para mujer Shamila nueva generaci\u00f3n Versano verde? Entonces ha venido al lugar correcto en Versano.","robots":{"index":"index","follow":"follow","max-snippet":"max-snippet:-1","max-image-preview":"max-image-preview:large","max-video-preview":"max-video-preview:-1"},"canonical":"https:\/\/versano.nl\/es\/shop\/dames-winterjas-met-bontkraag-shamila-groen-new-generation\/","og_locale":"es_ES","og_type":"article","og_title":"Dames winterjas Shamila new generation Versano groen","og_description":"Ben je op zoek naar een Dames winterjas Shamila new generation Versano groen? Dan bent u bij Versano aan het juiste adres.","og_url":"https:\/\/versano.nl\/es\/shop\/dames-winterjas-met-bontkraag-shamila-groen-new-generation\/","og_site_name":"Versano","article_modified_time":"2026-04-02T18:47:00+00:00","og_image":[{"width":802,"height":1200,"url":"https:\/\/versano.nl\/wp-content\/uploads\/2021\/08\/444-2.jpg","type":"image\/jpeg"}],"twitter_card":"summary_large_image","twitter_misc":{"Tiempo de lectura":"2 minutos"},"schema":{"@context":"https:\/\/schema.org","@graph":[{"@type":"WebPage","@id":"https:\/\/versano.nl\/shop\/dames-winterjas-met-bontkraag-shamila-groen-new-generation\/","url":"https:\/\/versano.nl\/shop\/dames-winterjas-met-bontkraag-shamila-groen-new-generation\/","name":"Chaqueta de invierno para mujer Shamila nueva generaci\u00f3n Versano verde","isPartOf":{"@id":"https:\/\/versano.nl\/#website"},"primaryImageOfPage":{"@id":"https:\/\/versano.nl\/shop\/dames-winterjas-met-bontkraag-shamila-groen-new-generation\/#primaryimage"},"image":{"@id":"https:\/\/versano.nl\/shop\/dames-winterjas-met-bontkraag-shamila-groen-new-generation\/#primaryimage"},"thumbnailUrl":"https:\/\/versano.nl\/wp-content\/uploads\/2021\/08\/444-2.jpg","datePublished":"2021-08-30T12:24:37+00:00","dateModified":"2026-04-02T18:47:00+00:00","description":"\u00bfEst\u00e1s buscando una chaqueta de invierno para mujer Shamila nueva generaci\u00f3n Versano verde? Entonces ha venido al lugar correcto en Versano.","breadcrumb":{"@id":"https:\/\/versano.nl\/shop\/dames-winterjas-met-bontkraag-shamila-groen-new-generation\/#breadcrumb"},"inLanguage":"es","potentialAction":[{"@type":"ReadAction","target":["https:\/\/versano.nl\/shop\/dames-winterjas-met-bontkraag-shamila-groen-new-generation\/"]}]},{"@type":"ImageObject","inLanguage":"es","@id":"https:\/\/versano.nl\/shop\/dames-winterjas-met-bontkraag-shamila-groen-new-generation\/#primaryimage","url":"https:\/\/versano.nl\/wp-content\/uploads\/2021\/08\/444-2.jpg","contentUrl":"https:\/\/versano.nl\/wp-content\/uploads\/2021\/08\/444-2.jpg","width":802,"height":1200,"caption":"Dames winterjas Shamila new generation Versano groen"},{"@type":"BreadcrumbList","@id":"https:\/\/versano.nl\/shop\/dames-winterjas-met-bontkraag-shamila-groen-new-generation\/#breadcrumb","itemListElement":[{"@type":"ListItem","position":1,"name":"Home","item":"https:\/\/versano.nl\/"},{"@type":"ListItem","position":2,"name":"Shop","item":"https:\/\/versano.nl\/shop\/"},{"@type":"ListItem","position":3,"name":"Dames winterjas Shamila new generation Versano groen"}]},{"@type":"WebSite","@id":"https:\/\/versano.nl\/#website","url":"https:\/\/versano.nl\/","name":"Versano","description":"abrigos de invierno con cuello de piel | chaquetas de cuero para mujer | chaquetas de cuero para hombre","potentialAction":[{"@type":"SearchAction","target":{"@type":"EntryPoint","urlTemplate":"https:\/\/versano.nl\/?s={search_term_string}"},"query-input":{"@type":"PropertyValueSpecification","valueRequired":true,"valueName":"search_term_string"}}],"inLanguage":"es"}]}},"_links":{"self":[{"href":"https:\/\/versano.nl\/es\/wp-json\/wp\/v2\/product\/22423","targetHints":{"allow":["GET"]}}],"collection":[{"href":"https:\/\/versano.nl\/es\/wp-json\/wp\/v2\/product"}],"about":[{"href":"https:\/\/versano.nl\/es\/wp-json\/wp\/v2\/types\/product"}],"replies":[{"embeddable":true,"href":"https:\/\/versano.nl\/es\/wp-json\/wp\/v2\/comments?post=22423"}],"wp:featuredmedia":[{"embeddable":true,"href":"https:\/\/versano.nl\/es\/wp-json\/wp\/v2\/media\/35233"}],"wp:attachment":[{"href":"https:\/\/versano.nl\/es\/wp-json\/wp\/v2\/media?parent=22423"}],"wp:term":[{"taxonomy":"product_brand","embeddable":true,"href":"https:\/\/versano.nl\/es\/wp-json\/wp\/v2\/product_brand?post=22423"},{"taxonomy":"product_cat","embeddable":true,"href":"https:\/\/versano.nl\/es\/wp-json\/wp\/v2\/product_cat?post=22423"},{"taxonomy":"product_tag","embeddable":true,"href":"https:\/\/versano.nl\/es\/wp-json\/wp\/v2\/product_tag?post=22423"}],"curies":[{"name":"wp","href":"https:\/\/api.w.org\/{rel}","templated":true}]}}