{"id":22266,"date":"2021-08-27T21:55:36","date_gmt":"2021-08-27T21:55:36","guid":{"rendered":"https:\/\/versano.nl\/shop\/halflange-dames-winterjas-met-capuchon-zita-rood-versano\/"},"modified":"2026-03-06T15:10:36","modified_gmt":"2026-03-06T15:10:36","slug":"halflange-dames-winterjas-met-capuchon-zita-rood-versano","status":"publish","type":"product","link":"https:\/\/versano.nl\/es\/shop\/halflange-dames-winterjas-met-capuchon-zita-rood-versano\/","title":{"rendered":"Chaqueta de invierno para mujer de longitud media con capucha Zita rojo Versano"},"content":{"rendered":"<h2>Chaqueta de invierno de mujer de media longitud con capucha Zita rojo Versano<\/h2>\n<p>\u00bfEst\u00e1s buscando una hermosa chaqueta de invierno para mujer de longitud media con capucha Zita rojo Versano? Entonces ha venido al lugar correcto en Versano. La zita es la chaqueta de invierno perfecta para pasar el invierno. La chaqueta de invierno de mujer de media longitud con capucha Zita black de Versano no solo es c\u00e1lida, sino que tambi\u00e9n tiene un corte muy bien entallado. Este modelo Versano es un modelo de longitud media con bolsillos laterales que se ubican a la altura de la cadera. Estos bolsillos se pueden cerrar con cremallera. El material de este modelo es el\u00e1stico, lo que hace que la chaqueta sea c\u00f3moda de llevar y este modelo tambi\u00e9n se ajusta muy bien. Es una de las chaquetas m\u00e1s vendidas de Versano a un precio competitivo.<\/p>\n<h2>Un abrigo de invierno superior con un hermoso dise\u00f1o.<\/h2>\n<p>La marca Versano es m\u00e1s conocida por los hermosos e inusuales modelos de chaquetas con un corte italiano a medida, pero eso no es solo un dise\u00f1o, lo llamamos &quot;UN ESTADO DEL ARTE&quot;. Con una chaqueta tan hermosa de Versano, puede estar seguro de que podr\u00e1 usarla durante todo el invierno. Estas son hermosas chaquetas que no solo est\u00e1n perfectamente dise\u00f1adas, sino que tambi\u00e9n est\u00e1n hechas con los mejores materiales. Puede pedir f\u00e1cilmente la chaqueta de invierno para mujer de longitud media con capucha Zita rojo Versano a trav\u00e9s de nuestra tienda online Versano. Hemos reunido todas nuestras chaquetas aqu\u00ed para que pueda realizar un pedido f\u00e1cilmente. En Versano siempre puede estar seguro de que est\u00e1 comprando un hermoso abrigo que ha sido trabajado con mimo.<\/p>\n<p>marca: <a title=\"versano\" href=\"https:\/\/versano.nl\" target=\"_blank\" rel=\"noopener noreferrer\">Versano<\/a><br \/>\nlongitud: media<br \/>\nmaterial: poliamida 76% spandex 24%<br \/>\nAjuste: ajustado<br \/>\nForro: 100% poli\u00e9ster<br \/>\nacolchado: plum\u00f3n artificial 100% poli\u00e9ster<br \/>\ncremalleras: cremalleras de esqu\u00ed<br \/>\nHood, alineado, s\u00f3lida<br \/>\nLos extras: costuras reforzadas<br \/>\nCierre: cremallera<br \/>\nsacos de cremallera bolsillos laterales, en el interior<br \/>\nFunci\u00f3n: impermeable, resistente al viento<br \/>\ncapa externa de material: 100% poli\u00e9ster<\/p>\n<p>Plazo de entrega: 2-3 d\u00edas laborables<\/p>","protected":false},"excerpt":{"rendered":"<p><strong>ELIGE OTRO COLOR AQU\u00cd<\/strong><\/p>\n<p><span style=\"color: #ff0000;\"><strong><a href=\"https:\/\/versano.nl\/shop\/halflange-dames-winterjas-met-capuchon-zwart-zita-versano\/\"><img loading=\"lazy\" decoding=\"async\" class=\"alignnone size-full wp-image-22150\" src=\"https:\/\/versano.nl\/wp-content\/uploads\/sites\/2\/2021\/08\/zita-zwart-thumb.png\" alt=\"\" width=\"57\" height=\"75\" srcset=\"https:\/\/versano.nl\/wp-content\/uploads\/2021\/08\/zita-zwart-thumb.png 57w, https:\/\/versano.nl\/wp-content\/uploads\/2021\/08\/zita-zwart-thumb-9x12.png 9w\" sizes=\"auto, (max-width: 57px) 100vw, 57px\" \/><\/a><a href=\"https:\/\/versano.nl\/shop\/halflange-dames-winterjas-met-capuchon-zita-blauw-versano\/\"><img loading=\"lazy\" decoding=\"async\" class=\"alignnone size-full wp-image-22148\" src=\"https:\/\/versano.nl\/wp-content\/uploads\/sites\/2\/2021\/08\/zita-blauw-thumb.png\" alt=\"\" width=\"57\" height=\"75\" srcset=\"https:\/\/versano.nl\/wp-content\/uploads\/2021\/08\/zita-blauw-thumb.png 57w, https:\/\/versano.nl\/wp-content\/uploads\/2021\/08\/zita-blauw-thumb-9x12.png 9w\" sizes=\"auto, (max-width: 57px) 100vw, 57px\" \/><\/a><\/strong><\/span><\/p>\n<p><span style=\"color: #ff0000;\"><strong>Consejos de ajuste:\u00a0<\/strong><\/span>Ajuste a medida, se ajusta como las tallas holandesas normales. Nuestro modelo mide 1,74 cm y lleva una S.<\/p>\n<p>Si no est\u00e1 seguro de sus medidas, le recomendamos que primero mida las medidas de su talla y las compare con nuestra tabla de tallas. Si no tiene experiencia en medir tama\u00f1os de circunferencia, haga clic en <a href=\"https:\/\/www.youtube.com\/watch?v=3ZSfY87v6pM\"><em>AQU\u00cd<\/em>\u00a0<\/a>\u00a0para <span style=\"color: #ff0000;\"><a style=\"color: #ff0000;\" href=\"https:\/\/www.youtube.com\/watch?v=3ZSfY87v6pM\"><em>VIDEO<\/em><\/a>\u00a0<\/span> con instrucciones. \u00a1Tambi\u00e9n puede llamarnos o enviarnos una aplicaci\u00f3n directamente! Nuestros empleados est\u00e1n siempre disponibles para ayudar.<\/p>\n<p><strong><span style=\"color: #000000;\">EL TIEMPO DE ENTREGA<\/span> :<\/strong> 2 a 3 d\u00edas laborables.<\/p>\n<p>&nbsp;<\/p>","protected":false},"featured_media":22262,"comment_status":"closed","ping_status":"closed","template":"","meta":[],"product_brand":[],"product_cat":[1145,1382,882,1143,1144,2204,1404,1339],"product_tag":[2069,218,2079,2068,2072,1059,2065,2089],"class_list":{"0":"post-22266","1":"product","2":"type-product","3":"status-publish","4":"has-post-thumbnail","6":"product_cat-dames-winterjas","7":"product_cat-dames-winterjassen","8":"product_cat-versano","9":"product_cat-winterjas","10":"product_cat-winterjas-dames","11":"product_cat-winterjas-dames-halflang","12":"product_cat-winterjassen","13":"product_cat-winterjassen-dames","14":"product_tag-dames-winterjas-halflang","15":"product_tag-dames-winterjas-rood","16":"product_tag-dames-winterjas-versano","17":"product_tag-halflange-winterjas-dames","18":"product_tag-merk-winterjas-dames","19":"product_tag-rode-winterjas-dames","20":"product_tag-winterjas-dames-merk","21":"product_tag-winterjas-halflang-dames","22":"product_shipping_class-verzendkosten-1","23":"tm-no-options","25":"first","26":"instock","27":"sale","28":"taxable","29":"shipping-taxable","30":"purchasable","31":"product-type-variable"},"yoast_head":"<!-- This site is optimized with the Yoast SEO plugin v27.2 - https:\/\/yoast.com\/product\/yoast-seo-wordpress\/ -->\n<title>Winterjas dames halflang met capuchon Zita rood Versano<\/title>\n<meta name=\"description\" content=\"Ben je op zoek naar een Winterjas dames halflang met capuchon Zita rood Versano, dan bent u bij versano aan het juiste adres.\" \/>\n<meta name=\"robots\" content=\"index, follow, max-snippet:-1, max-image-preview:large, max-video-preview:-1\" \/>\n<link rel=\"canonical\" href=\"https:\/\/versano.nl\/es\/shop\/halflange-dames-winterjas-met-capuchon-zita-rood-versano\/\" \/>\n<meta property=\"og:locale\" content=\"es_ES\" \/>\n<meta property=\"og:type\" content=\"article\" \/>\n<meta property=\"og:title\" content=\"Winterjas dames halflang met capuchon Zita rood Versano\" \/>\n<meta property=\"og:description\" content=\"Ben je op zoek naar een Winterjas dames halflang met capuchon Zita rood Versano, dan bent u bij versano aan het juiste adres.\" \/>\n<meta property=\"og:url\" content=\"https:\/\/versano.nl\/es\/shop\/halflange-dames-winterjas-met-capuchon-zita-rood-versano\/\" \/>\n<meta property=\"og:site_name\" content=\"Versano\" \/>\n<meta property=\"article:modified_time\" content=\"2026-03-06T15:10:36+00:00\" \/>\n<meta property=\"og:image\" content=\"https:\/\/versano.nl\/wp-content\/uploads\/2021\/08\/halflange-dames-winterjas-met-capuchon-rood-versano-voorkant-1.jpg\" \/>\n\t<meta property=\"og:image:width\" content=\"900\" \/>\n\t<meta property=\"og:image:height\" content=\"1200\" \/>\n\t<meta property=\"og:image:type\" content=\"image\/jpeg\" \/>\n<meta name=\"twitter:card\" content=\"summary_large_image\" \/>\n<meta name=\"twitter:label1\" content=\"Tiempo de lectura\" \/>\n\t<meta name=\"twitter:data1\" content=\"2 minutos\" \/>\n<script type=\"application\/ld+json\" class=\"yoast-schema-graph\">{\"@context\":\"https:\/\/schema.org\",\"@graph\":[{\"@type\":\"WebPage\",\"@id\":\"https:\/\/versano.nl\/shop\/halflange-dames-winterjas-met-capuchon-zita-rood-versano\/\",\"url\":\"https:\/\/versano.nl\/shop\/halflange-dames-winterjas-met-capuchon-zita-rood-versano\/\",\"name\":\"Winterjas dames halflang met capuchon Zita rood Versano\",\"isPartOf\":{\"@id\":\"https:\/\/versano.nl\/#website\"},\"primaryImageOfPage\":{\"@id\":\"https:\/\/versano.nl\/shop\/halflange-dames-winterjas-met-capuchon-zita-rood-versano\/#primaryimage\"},\"image\":{\"@id\":\"https:\/\/versano.nl\/shop\/halflange-dames-winterjas-met-capuchon-zita-rood-versano\/#primaryimage\"},\"thumbnailUrl\":\"https:\/\/versano.nl\/wp-content\/uploads\/2021\/08\/halflange-dames-winterjas-met-capuchon-rood-versano-voorkant-1.jpg\",\"datePublished\":\"2021-08-27T21:55:36+00:00\",\"dateModified\":\"2026-03-06T15:10:36+00:00\",\"description\":\"Ben je op zoek naar een Winterjas dames halflang met capuchon Zita rood Versano, dan bent u bij versano aan het juiste adres.\",\"breadcrumb\":{\"@id\":\"https:\/\/versano.nl\/shop\/halflange-dames-winterjas-met-capuchon-zita-rood-versano\/#breadcrumb\"},\"inLanguage\":\"es\",\"potentialAction\":[{\"@type\":\"ReadAction\",\"target\":[\"https:\/\/versano.nl\/shop\/halflange-dames-winterjas-met-capuchon-zita-rood-versano\/\"]}]},{\"@type\":\"ImageObject\",\"inLanguage\":\"es\",\"@id\":\"https:\/\/versano.nl\/shop\/halflange-dames-winterjas-met-capuchon-zita-rood-versano\/#primaryimage\",\"url\":\"https:\/\/versano.nl\/wp-content\/uploads\/2021\/08\/halflange-dames-winterjas-met-capuchon-rood-versano-voorkant-1.jpg\",\"contentUrl\":\"https:\/\/versano.nl\/wp-content\/uploads\/2021\/08\/halflange-dames-winterjas-met-capuchon-rood-versano-voorkant-1.jpg\",\"width\":900,\"height\":1200,\"caption\":\"Winterjas dames halflang met capuchon Zita rood Versano\"},{\"@type\":\"BreadcrumbList\",\"@id\":\"https:\/\/versano.nl\/shop\/halflange-dames-winterjas-met-capuchon-zita-rood-versano\/#breadcrumb\",\"itemListElement\":[{\"@type\":\"ListItem\",\"position\":1,\"name\":\"Home\",\"item\":\"https:\/\/versano.nl\/\"},{\"@type\":\"ListItem\",\"position\":2,\"name\":\"Shop\",\"item\":\"https:\/\/versano.nl\/shop\/\"},{\"@type\":\"ListItem\",\"position\":3,\"name\":\"Winterjas dames halflang met capuchon Zita rood Versano\"}]},{\"@type\":\"WebSite\",\"@id\":\"https:\/\/versano.nl\/#website\",\"url\":\"https:\/\/versano.nl\/\",\"name\":\"Versano\",\"description\":\"winterjassen met bontkraag | leren dames jassen | leren heren jassen\",\"potentialAction\":[{\"@type\":\"SearchAction\",\"target\":{\"@type\":\"EntryPoint\",\"urlTemplate\":\"https:\/\/versano.nl\/?s={search_term_string}\"},\"query-input\":{\"@type\":\"PropertyValueSpecification\",\"valueRequired\":true,\"valueName\":\"search_term_string\"}}],\"inLanguage\":\"es\"}]}<\/script>\n<!-- \/ Yoast SEO plugin. -->","yoast_head_json":{"title":"Chaqueta de invierno para mujer de longitud media con capucha Zita rojo Versano","description":"Si est\u00e1 buscando una chaqueta de invierno para mujer con capucha Zita rojo Versano, ha venido al lugar correcto en versano.","robots":{"index":"index","follow":"follow","max-snippet":"max-snippet:-1","max-image-preview":"max-image-preview:large","max-video-preview":"max-video-preview:-1"},"canonical":"https:\/\/versano.nl\/es\/shop\/halflange-dames-winterjas-met-capuchon-zita-rood-versano\/","og_locale":"es_ES","og_type":"article","og_title":"Winterjas dames halflang met capuchon Zita rood Versano","og_description":"Ben je op zoek naar een Winterjas dames halflang met capuchon Zita rood Versano, dan bent u bij versano aan het juiste adres.","og_url":"https:\/\/versano.nl\/es\/shop\/halflange-dames-winterjas-met-capuchon-zita-rood-versano\/","og_site_name":"Versano","article_modified_time":"2026-03-06T15:10:36+00:00","og_image":[{"width":900,"height":1200,"url":"https:\/\/versano.nl\/wp-content\/uploads\/2021\/08\/halflange-dames-winterjas-met-capuchon-rood-versano-voorkant-1.jpg","type":"image\/jpeg"}],"twitter_card":"summary_large_image","twitter_misc":{"Tiempo de lectura":"2 minutos"},"schema":{"@context":"https:\/\/schema.org","@graph":[{"@type":"WebPage","@id":"https:\/\/versano.nl\/shop\/halflange-dames-winterjas-met-capuchon-zita-rood-versano\/","url":"https:\/\/versano.nl\/shop\/halflange-dames-winterjas-met-capuchon-zita-rood-versano\/","name":"Chaqueta de invierno para mujer de longitud media con capucha Zita rojo Versano","isPartOf":{"@id":"https:\/\/versano.nl\/#website"},"primaryImageOfPage":{"@id":"https:\/\/versano.nl\/shop\/halflange-dames-winterjas-met-capuchon-zita-rood-versano\/#primaryimage"},"image":{"@id":"https:\/\/versano.nl\/shop\/halflange-dames-winterjas-met-capuchon-zita-rood-versano\/#primaryimage"},"thumbnailUrl":"https:\/\/versano.nl\/wp-content\/uploads\/2021\/08\/halflange-dames-winterjas-met-capuchon-rood-versano-voorkant-1.jpg","datePublished":"2021-08-27T21:55:36+00:00","dateModified":"2026-03-06T15:10:36+00:00","description":"Si est\u00e1 buscando una chaqueta de invierno para mujer con capucha Zita rojo Versano, ha venido al lugar correcto en versano.","breadcrumb":{"@id":"https:\/\/versano.nl\/shop\/halflange-dames-winterjas-met-capuchon-zita-rood-versano\/#breadcrumb"},"inLanguage":"es","potentialAction":[{"@type":"ReadAction","target":["https:\/\/versano.nl\/shop\/halflange-dames-winterjas-met-capuchon-zita-rood-versano\/"]}]},{"@type":"ImageObject","inLanguage":"es","@id":"https:\/\/versano.nl\/shop\/halflange-dames-winterjas-met-capuchon-zita-rood-versano\/#primaryimage","url":"https:\/\/versano.nl\/wp-content\/uploads\/2021\/08\/halflange-dames-winterjas-met-capuchon-rood-versano-voorkant-1.jpg","contentUrl":"https:\/\/versano.nl\/wp-content\/uploads\/2021\/08\/halflange-dames-winterjas-met-capuchon-rood-versano-voorkant-1.jpg","width":900,"height":1200,"caption":"Winterjas dames halflang met capuchon Zita rood Versano"},{"@type":"BreadcrumbList","@id":"https:\/\/versano.nl\/shop\/halflange-dames-winterjas-met-capuchon-zita-rood-versano\/#breadcrumb","itemListElement":[{"@type":"ListItem","position":1,"name":"Home","item":"https:\/\/versano.nl\/"},{"@type":"ListItem","position":2,"name":"Shop","item":"https:\/\/versano.nl\/shop\/"},{"@type":"ListItem","position":3,"name":"Winterjas dames halflang met capuchon Zita rood Versano"}]},{"@type":"WebSite","@id":"https:\/\/versano.nl\/#website","url":"https:\/\/versano.nl\/","name":"Versano","description":"abrigos de invierno con cuello de piel | chaquetas de cuero para mujer | chaquetas de cuero para hombre","potentialAction":[{"@type":"SearchAction","target":{"@type":"EntryPoint","urlTemplate":"https:\/\/versano.nl\/?s={search_term_string}"},"query-input":{"@type":"PropertyValueSpecification","valueRequired":true,"valueName":"search_term_string"}}],"inLanguage":"es"}]}},"_links":{"self":[{"href":"https:\/\/versano.nl\/es\/wp-json\/wp\/v2\/product\/22266","targetHints":{"allow":["GET"]}}],"collection":[{"href":"https:\/\/versano.nl\/es\/wp-json\/wp\/v2\/product"}],"about":[{"href":"https:\/\/versano.nl\/es\/wp-json\/wp\/v2\/types\/product"}],"replies":[{"embeddable":true,"href":"https:\/\/versano.nl\/es\/wp-json\/wp\/v2\/comments?post=22266"}],"wp:featuredmedia":[{"embeddable":true,"href":"https:\/\/versano.nl\/es\/wp-json\/wp\/v2\/media\/22262"}],"wp:attachment":[{"href":"https:\/\/versano.nl\/es\/wp-json\/wp\/v2\/media?parent=22266"}],"wp:term":[{"taxonomy":"product_brand","embeddable":true,"href":"https:\/\/versano.nl\/es\/wp-json\/wp\/v2\/product_brand?post=22266"},{"taxonomy":"product_cat","embeddable":true,"href":"https:\/\/versano.nl\/es\/wp-json\/wp\/v2\/product_cat?post=22266"},{"taxonomy":"product_tag","embeddable":true,"href":"https:\/\/versano.nl\/es\/wp-json\/wp\/v2\/product_tag?post=22266"}],"curies":[{"name":"wp","href":"https:\/\/api.w.org\/{rel}","templated":true}]}}