{"id":22234,"date":"2021-08-27T21:39:45","date_gmt":"2021-08-27T21:39:45","guid":{"rendered":"https:\/\/versano.nl\/shop\/lange-dames-winterjas-groen-alexa-versano-kopie\/"},"modified":"2026-03-23T12:27:21","modified_gmt":"2026-03-23T12:27:21","slug":"lange-dames-winterjas-alexa-versano-groen","status":"publish","type":"product","link":"https:\/\/versano.nl\/es\/shop\/lange-dames-winterjas-alexa-versano-groen\/","title":{"rendered":"Abrigo de invierno largo para mujer Alexa Versano verde"},"content":{"rendered":"<h2>Abrigo de invierno largo para mujer Alexa Versano verde<\/h2>\n<p>Esta chaqueta de invierno larga para mujer Alexa Versano verde es uno de los nuevos modelos de Versano. \u00bfEst\u00e1 buscando un abrigo largo de invierno que tambi\u00e9n le quede bien? Entonces este modelo es la elecci\u00f3n correcta para ti. La chaqueta tiene 2 bolsillos laterales rectos y est\u00e1 hecha de material de alta calidad. La chaqueta tiene cremalleras en la parte inferior a ambos lados. La chaqueta de invierno larga para mujer Alexa Versano verde es un modelo entallado de la colecci\u00f3n Versano. Por lo tanto, le recomendamos que compare las medidas de tama\u00f1o con nuestra tabla de tallas. \u00bfNo tiene experiencia en medir las medidas de su circunferencia? \u00a1Entonces puede llamarnos o enviarnos una aplicaci\u00f3n directamente! Nuestros empleados est\u00e1n siempre disponibles para ayudar.<\/p>\n<h2>Abrigos de invierno Versano<\/h2>\n<p>Dames winterjassen van Versano zijn erg populair door hun getailleerde pasvormen en hun Italiaanse ontwerp. U zult altijd veel aandacht trekken met elke winterjas die u van Versano kiest. Met zo\u2019n mooie jas weet u zeker dat u er de hele winter patent bij loopt. U bestelt deze Lange dames winterjas Alexa Versano groen eenvoudig in de webshop van Versano.\u00a0 We hebben al onze jassen hier overzichtelijk voor u bij elkaar gezet zodat u eenvoudig een bestelling kunt maken. Bij Versano bent u er altijd zeker van dat u een mooie jas koopt waar met zorg aan is gewerkt. . U kunt dit model bij ons bestellen in verschillende kleuren en de bontkraag is optioneel. Bij de kraag heeft u de keuze uit een kraag van echt bont, of een imitatie bontkraag die niet van echt bontkraag te onderscheiden is.<\/p>\n<p>marca:\u00a0<a title=\"versano\" href=\"https:\/\/versano.nl\/\" target=\"_blank\" rel=\"noopener\">Versano<\/a><br \/>\nlongitud: larga<br \/>\najuste: a medida<br \/>\nforro: 100% poli\u00e9ster<br \/>\nespesor del forro: 200 gramos alineados gruesa<br \/>\nlongitud de la manga: manga larga<br \/>\ncampana: alineado, s\u00f3lida<br \/>\nLos extras: costuras reforzadas<br \/>\nCierre: cremallera completa<br \/>\nsacos de cremallera bolsillos laterales, en el interior<br \/>\nFunci\u00f3n: impermeable, resistente al viento<br \/>\nmaterial de la capa exterior de material: 100% poli\u00e9ster<br \/>\naccesorios: cuello de piel (opcional)<\/p>\n<p>Plazo de entrega: 2-3 d\u00edas laborables<\/p>","protected":false},"excerpt":{"rendered":"<p style=\"text-align: left;\"><span style=\"color: #ff0000;\"><strong>Consejos de ajuste: <\/strong><\/span><\/p>\n<p style=\"text-align: left;\"><span style=\"color: #ff0000;\">Slim fit pasvorm, bekijk de maattabel voor de juiste maat.<\/span><\/p>\n<p style=\"text-align: left;\"><span style=\"color: #ff0000;\">Ons model is 1.73 cm lang en draagt een S.<\/span><\/p>\n<p style=\"text-align: left;\">Si no est\u00e1 seguro de sus medidas, le recomendamos que primero mida las medidas de su talla y las compare con nuestra tabla de tallas. Si no tiene experiencia en medir tama\u00f1os de circunferencia, haga clic en\u00a0<a href=\"https:\/\/www.youtube.com\/watch?v=3ZSfY87v6pM\"><em>AQU\u00cd<\/em>\u00a0<\/a>\u00a0para\u00a0<span style=\"color: #ff0000;\"><a style=\"color: #ff0000;\" href=\"https:\/\/www.youtube.com\/watch?v=3ZSfY87v6pM\"><em>VIDEO<\/em><\/a><\/span>\u00a0 con instrucciones. \u00a1Tambi\u00e9n puede llamarnos o enviarnos una aplicaci\u00f3n directamente! Nuestros empleados est\u00e1n siempre disponibles para ayudar.<\/p>\n<p><strong>EL TIEMPO DE ENTREGA:<\/strong> 2 a 3 d\u00edas laborables.<\/p>\n<p style=\"text-align: left;\"><span style=\"color: #ff0000;\">INFORMACION IMPORTANTE:<\/span><\/p>\n<p>Wij hebben een gedetailleerd pasvorm advies aangegeven in de product afbeeldingen. Bekijk dit voordat u een bestelling plaatst.<\/p>\n<p style=\"text-align: left;\">Puedes comprar cualquier chaqueta Versano con o sin cuello de piel, el cuello de piel no est\u00e1 incluido.<\/p>","protected":false},"featured_media":35223,"comment_status":"open","ping_status":"closed","template":"","meta":[],"product_brand":[],"product_cat":[1403,89,1012,1353,1145,1384,1389,1382,828,1383,1037,1038,1430,882,1143,1144,1415,1041,1042,215,1404,1339],"product_tag":[2067,1278,2063,2083,2085,2084,2077,1374,1375,707,2065,225],"class_list":{"0":"post-22234","1":"product","2":"type-product","3":"status-publish","4":"has-post-thumbnail","6":"product_cat-bontkraag-jas","7":"product_cat-dames","8":"product_cat-dames-jas-met-bontkraag","9":"product_cat-dames-jas-met-pels","10":"product_cat-dames-winterjas","11":"product_cat-dames-winterjas-met-bontkraag","12":"product_cat-dames-winterjas-met-pels","13":"product_cat-dames-winterjassen","14":"product_cat-dames-winterjassen-grote-maten","15":"product_cat-dames-winterjassen-met-bontkraag","16":"product_cat-jas-met-bontkraag","17":"product_cat-jas-met-bontkraag-dames","18":"product_cat-lange-winterjas-dames","19":"product_cat-versano","20":"product_cat-winterjas","21":"product_cat-winterjas-dames","22":"product_cat-winterjas-dames-met-bontkraag","23":"product_cat-winterjas-met-bontkraag","24":"product_cat-winterjas-met-bontkraag-dames","25":"product_cat-dames-jassen-met-bontkraag","26":"product_cat-winterjassen","27":"product_cat-winterjassen-dames","28":"product_tag-dames-groene-winterjas","29":"product_tag-donzenjas-dames-blauw","30":"product_tag-groene-winterjas-dames","31":"product_tag-lange-dames-winterjas","32":"product_tag-lange-winterjas-groen","33":"product_tag-lange-winterjas-met-bontkraag-dames","34":"product_tag-versano-dames-winterjassen","35":"product_tag-versano-winterjas","36":"product_tag-versano-winterjassen-dames","37":"product_tag-winterjas-dames-groen","38":"product_tag-winterjas-dames-merk","39":"product_tag-winterjas-met-bontkraag-dames","40":"tm-has-options","42":"first","43":"instock","44":"sale","45":"taxable","46":"shipping-taxable","47":"purchasable","48":"product-type-variable"},"yoast_head":"<!-- This site is optimized with the Yoast SEO plugin v27.2 - https:\/\/yoast.com\/product\/yoast-seo-wordpress\/ -->\n<title>Lange dames winterjas Alexa Versano groen, lange winterjas dames<\/title>\n<meta name=\"description\" content=\"Bent u op zoek naar een Lange dames winterjas Alexa Versano groen, dan bent u bij ons aan het juiste adres voor lange groene winterjassen.\" \/>\n<meta name=\"robots\" content=\"index, follow, max-snippet:-1, max-image-preview:large, max-video-preview:-1\" \/>\n<link rel=\"canonical\" href=\"https:\/\/versano.nl\/es\/shop\/lange-dames-winterjas-alexa-versano-groen\/\" \/>\n<meta property=\"og:locale\" content=\"es_ES\" \/>\n<meta property=\"og:type\" content=\"article\" \/>\n<meta property=\"og:title\" content=\"Lange dames winterjas Alexa Versano groen, lange winterjas dames\" \/>\n<meta property=\"og:description\" content=\"Bent u op zoek naar een Lange dames winterjas Alexa Versano groen, dan bent u bij ons aan het juiste adres voor lange groene winterjassen.\" \/>\n<meta property=\"og:url\" content=\"https:\/\/versano.nl\/es\/shop\/lange-dames-winterjas-alexa-versano-groen\/\" \/>\n<meta property=\"og:site_name\" content=\"Versano\" \/>\n<meta property=\"article:modified_time\" content=\"2026-03-23T12:27:21+00:00\" \/>\n<meta property=\"og:image\" content=\"https:\/\/versano.nl\/wp-content\/uploads\/2021\/08\/0002-1.jpg\" \/>\n\t<meta property=\"og:image:width\" content=\"801\" \/>\n\t<meta property=\"og:image:height\" content=\"1200\" \/>\n\t<meta property=\"og:image:type\" content=\"image\/jpeg\" \/>\n<meta name=\"twitter:card\" content=\"summary_large_image\" \/>\n<meta name=\"twitter:label1\" content=\"Tiempo de lectura\" \/>\n\t<meta name=\"twitter:data1\" content=\"2 minutos\" \/>\n<script type=\"application\/ld+json\" class=\"yoast-schema-graph\">{\"@context\":\"https:\/\/schema.org\",\"@graph\":[{\"@type\":\"WebPage\",\"@id\":\"https:\/\/versano.nl\/shop\/lange-dames-winterjas-alexa-versano-groen\/\",\"url\":\"https:\/\/versano.nl\/shop\/lange-dames-winterjas-alexa-versano-groen\/\",\"name\":\"Lange dames winterjas Alexa Versano groen, lange winterjas dames\",\"isPartOf\":{\"@id\":\"https:\/\/versano.nl\/#website\"},\"primaryImageOfPage\":{\"@id\":\"https:\/\/versano.nl\/shop\/lange-dames-winterjas-alexa-versano-groen\/#primaryimage\"},\"image\":{\"@id\":\"https:\/\/versano.nl\/shop\/lange-dames-winterjas-alexa-versano-groen\/#primaryimage\"},\"thumbnailUrl\":\"https:\/\/versano.nl\/wp-content\/uploads\/2021\/08\/0002-1.jpg\",\"datePublished\":\"2021-08-27T21:39:45+00:00\",\"dateModified\":\"2026-03-23T12:27:21+00:00\",\"description\":\"Bent u op zoek naar een Lange dames winterjas Alexa Versano groen, dan bent u bij ons aan het juiste adres voor lange groene winterjassen.\",\"breadcrumb\":{\"@id\":\"https:\/\/versano.nl\/shop\/lange-dames-winterjas-alexa-versano-groen\/#breadcrumb\"},\"inLanguage\":\"es\",\"potentialAction\":[{\"@type\":\"ReadAction\",\"target\":[\"https:\/\/versano.nl\/shop\/lange-dames-winterjas-alexa-versano-groen\/\"]}]},{\"@type\":\"ImageObject\",\"inLanguage\":\"es\",\"@id\":\"https:\/\/versano.nl\/shop\/lange-dames-winterjas-alexa-versano-groen\/#primaryimage\",\"url\":\"https:\/\/versano.nl\/wp-content\/uploads\/2021\/08\/0002-1.jpg\",\"contentUrl\":\"https:\/\/versano.nl\/wp-content\/uploads\/2021\/08\/0002-1.jpg\",\"width\":801,\"height\":1200,\"caption\":\"Lange dames winterjas Alexa Versano groen\"},{\"@type\":\"BreadcrumbList\",\"@id\":\"https:\/\/versano.nl\/shop\/lange-dames-winterjas-alexa-versano-groen\/#breadcrumb\",\"itemListElement\":[{\"@type\":\"ListItem\",\"position\":1,\"name\":\"Home\",\"item\":\"https:\/\/versano.nl\/\"},{\"@type\":\"ListItem\",\"position\":2,\"name\":\"Shop\",\"item\":\"https:\/\/versano.nl\/shop\/\"},{\"@type\":\"ListItem\",\"position\":3,\"name\":\"Lange dames winterjas Alexa Versano groen\"}]},{\"@type\":\"WebSite\",\"@id\":\"https:\/\/versano.nl\/#website\",\"url\":\"https:\/\/versano.nl\/\",\"name\":\"Versano\",\"description\":\"winterjassen met bontkraag | leren dames jassen | leren heren jassen\",\"potentialAction\":[{\"@type\":\"SearchAction\",\"target\":{\"@type\":\"EntryPoint\",\"urlTemplate\":\"https:\/\/versano.nl\/?s={search_term_string}\"},\"query-input\":{\"@type\":\"PropertyValueSpecification\",\"valueRequired\":true,\"valueName\":\"search_term_string\"}}],\"inLanguage\":\"es\"}]}<\/script>\n<!-- \/ Yoast SEO plugin. -->","yoast_head_json":{"title":"Lange dames winterjas Alexa Versano groen, lange winterjas dames","description":"Bent u op zoek naar een Lange dames winterjas Alexa Versano groen, dan bent u bij ons aan het juiste adres voor lange groene winterjassen.","robots":{"index":"index","follow":"follow","max-snippet":"max-snippet:-1","max-image-preview":"max-image-preview:large","max-video-preview":"max-video-preview:-1"},"canonical":"https:\/\/versano.nl\/es\/shop\/lange-dames-winterjas-alexa-versano-groen\/","og_locale":"es_ES","og_type":"article","og_title":"Lange dames winterjas Alexa Versano groen, lange winterjas dames","og_description":"Bent u op zoek naar een Lange dames winterjas Alexa Versano groen, dan bent u bij ons aan het juiste adres voor lange groene winterjassen.","og_url":"https:\/\/versano.nl\/es\/shop\/lange-dames-winterjas-alexa-versano-groen\/","og_site_name":"Versano","article_modified_time":"2026-03-23T12:27:21+00:00","og_image":[{"width":801,"height":1200,"url":"https:\/\/versano.nl\/wp-content\/uploads\/2021\/08\/0002-1.jpg","type":"image\/jpeg"}],"twitter_card":"summary_large_image","twitter_misc":{"Tiempo de lectura":"2 minutos"},"schema":{"@context":"https:\/\/schema.org","@graph":[{"@type":"WebPage","@id":"https:\/\/versano.nl\/shop\/lange-dames-winterjas-alexa-versano-groen\/","url":"https:\/\/versano.nl\/shop\/lange-dames-winterjas-alexa-versano-groen\/","name":"Lange dames winterjas Alexa Versano groen, lange winterjas dames","isPartOf":{"@id":"https:\/\/versano.nl\/#website"},"primaryImageOfPage":{"@id":"https:\/\/versano.nl\/shop\/lange-dames-winterjas-alexa-versano-groen\/#primaryimage"},"image":{"@id":"https:\/\/versano.nl\/shop\/lange-dames-winterjas-alexa-versano-groen\/#primaryimage"},"thumbnailUrl":"https:\/\/versano.nl\/wp-content\/uploads\/2021\/08\/0002-1.jpg","datePublished":"2021-08-27T21:39:45+00:00","dateModified":"2026-03-23T12:27:21+00:00","description":"Bent u op zoek naar een Lange dames winterjas Alexa Versano groen, dan bent u bij ons aan het juiste adres voor lange groene winterjassen.","breadcrumb":{"@id":"https:\/\/versano.nl\/shop\/lange-dames-winterjas-alexa-versano-groen\/#breadcrumb"},"inLanguage":"es","potentialAction":[{"@type":"ReadAction","target":["https:\/\/versano.nl\/shop\/lange-dames-winterjas-alexa-versano-groen\/"]}]},{"@type":"ImageObject","inLanguage":"es","@id":"https:\/\/versano.nl\/shop\/lange-dames-winterjas-alexa-versano-groen\/#primaryimage","url":"https:\/\/versano.nl\/wp-content\/uploads\/2021\/08\/0002-1.jpg","contentUrl":"https:\/\/versano.nl\/wp-content\/uploads\/2021\/08\/0002-1.jpg","width":801,"height":1200,"caption":"Lange dames winterjas Alexa Versano groen"},{"@type":"BreadcrumbList","@id":"https:\/\/versano.nl\/shop\/lange-dames-winterjas-alexa-versano-groen\/#breadcrumb","itemListElement":[{"@type":"ListItem","position":1,"name":"Home","item":"https:\/\/versano.nl\/"},{"@type":"ListItem","position":2,"name":"Shop","item":"https:\/\/versano.nl\/shop\/"},{"@type":"ListItem","position":3,"name":"Lange dames winterjas Alexa Versano groen"}]},{"@type":"WebSite","@id":"https:\/\/versano.nl\/#website","url":"https:\/\/versano.nl\/","name":"Versano","description":"abrigos de invierno con cuello de piel | chaquetas de cuero para mujer | chaquetas de cuero para hombre","potentialAction":[{"@type":"SearchAction","target":{"@type":"EntryPoint","urlTemplate":"https:\/\/versano.nl\/?s={search_term_string}"},"query-input":{"@type":"PropertyValueSpecification","valueRequired":true,"valueName":"search_term_string"}}],"inLanguage":"es"}]}},"_links":{"self":[{"href":"https:\/\/versano.nl\/es\/wp-json\/wp\/v2\/product\/22234","targetHints":{"allow":["GET"]}}],"collection":[{"href":"https:\/\/versano.nl\/es\/wp-json\/wp\/v2\/product"}],"about":[{"href":"https:\/\/versano.nl\/es\/wp-json\/wp\/v2\/types\/product"}],"replies":[{"embeddable":true,"href":"https:\/\/versano.nl\/es\/wp-json\/wp\/v2\/comments?post=22234"}],"wp:featuredmedia":[{"embeddable":true,"href":"https:\/\/versano.nl\/es\/wp-json\/wp\/v2\/media\/35223"}],"wp:attachment":[{"href":"https:\/\/versano.nl\/es\/wp-json\/wp\/v2\/media?parent=22234"}],"wp:term":[{"taxonomy":"product_brand","embeddable":true,"href":"https:\/\/versano.nl\/es\/wp-json\/wp\/v2\/product_brand?post=22234"},{"taxonomy":"product_cat","embeddable":true,"href":"https:\/\/versano.nl\/es\/wp-json\/wp\/v2\/product_cat?post=22234"},{"taxonomy":"product_tag","embeddable":true,"href":"https:\/\/versano.nl\/es\/wp-json\/wp\/v2\/product_tag?post=22234"}],"curies":[{"name":"wp","href":"https:\/\/api.w.org\/{rel}","templated":true}]}}