{"id":2006,"date":"2014-12-01T11:53:49","date_gmt":"2014-12-01T11:53:49","guid":{"rendered":"http:\/\/leathershopdoci.nl\/shop\/versano-dames-bontjas-charlet-copy\/"},"modified":"2020-08-22T11:01:44","modified_gmt":"2020-08-22T11:01:44","slug":"versano-dames-winterjas-met-bontkraag-charlet-beige","status":"publish","type":"product","link":"https:\/\/versano.nl\/es\/shop\/versano-dames-winterjas-met-bontkraag-charlet-beige\/","title":{"rendered":"se\u00f1oras de la capa de cuello de piel de color beige Versano"},"content":{"rendered":"<h2>se\u00f1oras de la capa de cuello de piel de color beige Versano<\/h2>\n<p>En Versano siempre se puede contar con los chalecos est\u00e1n hechos perfecto, igual que el art\u00edculo Charlet, el <strong>se\u00f1oras de la capa de cuello de piel de color beige Versano<\/strong>. dise\u00f1adores holandeses con talento aqu\u00ed sentado esperando a que los vestidos hermosos para que usted pueda dise\u00f1ar con el placer de caminar a su alrededor. \u00bfNo te gusta abrigos de invierno, ya que son grandes y no est\u00e1 de moda? Entonces usted lo hizo claro todav\u00eda no ha alcanzado la marca Versano. Ofrecemos a saber siempre la m\u00e1s alta calidad posible. En Versano hacemos abrigos hechos con los mejores materiales. Usted puede optar por equipar su chaqueta con un cuello de piel. Esto puede o no puede estar hecha de piel real o piel sint\u00e9tica.<\/p>\n<h3>comprar el abrigo de invierno de color beige con cuello de piel Versano<\/h3>\n<p>Si usted est\u00e1 buscando un abrigo de piel que con el placer de caminar a su alrededor, a continuaci\u00f3n, s\u00f3lo se necesita un momento para mirar a la gama de Versano. Podemos recomendar totalmente la capa de color beige \/ marr\u00f3n Charlet damas de invierno con cuello de piel Versano. Se trata de una chaqueta que no s\u00f3lo es muy bien dise\u00f1ado, pero tambi\u00e9n es perfecto. La chaqueta ser\u00e1 una especie de segunda piel para cerrar una y mantener el calor en el invierno.<\/p>\n<p>marca: <a title=\"versano\" href=\"https:\/\/versano.nl\" target=\"_blank\" rel=\"noopener noreferrer\">Versano<\/a><br \/>\nlongitud: media<br \/>\nencajar: Largo<br \/>\nforro: 100% poli\u00e9ster<br \/>\nespesor del forro: 200 gramos alineados gruesa<br \/>\nlongitud de la manga: manga larga<br \/>\ncampana: alineado, s\u00f3lida<br \/>\nLos extras: costuras reforzadas<br \/>\nCierre: cremallera con solapa de protecci\u00f3n, cremallera frontal<br \/>\nsacos de cremallera bolsillos laterales, en el interior<br \/>\nFunci\u00f3n: impermeable, resistente al viento<br \/>\nmaterial de la capa exterior de material: 100% poli\u00e9ster<br \/>\naccesorios: cuello de piel (opcional)<\/p>\n<p>Tiempo: 2-4 d\u00edas<\/p>\n<p><strong>OPCIONAL: piel real CUELLO DEL MAPACHE MAPACHE ART DE PIEL<\/strong><\/p>","protected":false},"excerpt":{"rendered":"<p><strong>Si selecciona una medida, se muestra un dibujo con dimensiones. Si no est\u00e1 seguro de sus medidas, le recomendamos que primero mida las medidas de su tama\u00f1o y las compare con las medidas del dibujo. Si no tiene experiencia en la medici\u00f3n de medidas de tama\u00f1o, haga clic en\u00a0<a href=\"https:\/\/www.youtube.com\/watch?v=3ZSfY87v6pM\" target=\"_blank\" rel=\"noopener noreferrer\"><span style=\"color: #ff0000\"><em>AQU\u00cd<\/em><\/span>\u00a0<\/a>\u00a0para <a href=\"https:\/\/www.youtube.com\/watch?v=3ZSfY87v6pM\" target=\"_blank\" rel=\"noopener noreferrer\"><span style=\"color: #ff0000\"><em>VIDEO<\/em><\/span><\/a>\u00a0 Con instrucciones.<\/strong><\/p>\n<p>Esta capa de damas Charlet con cuello de piel es un modelo mediano y tiene dos bolsillos con cremallera a nivel de la cintura. Bellos detalles sobre esta chaqueta son tuber\u00edas de color marr\u00f3n oscuro a lo largo de la cremallera y en las mu\u00f1ecas. El collar est\u00e1 hecho de 100% de la piel del mapache americano y opcional (se vende por separado). Por supuesto, el cuello de piel tambi\u00e9n est\u00e1 disponible en piel artificial en varios colores. Estos capa de las se\u00f1oras con cuello de piel est\u00e1 equipado italiano y tiene una cremallera en la parte posterior. Al abrir la cremallera, la chaqueta es de 5\/7 cm de ancho en la parte inferior. La longitud de la chaqueta tiene un aspecto elegante.<\/p>\n<p><strong>OPCIONAL: piel real CUELLO DEL MAPACHE MAPACHE ART DE PIEL<\/strong><\/p>","protected":false},"featured_media":14209,"comment_status":"closed","ping_status":"closed","template":"","meta":[],"product_brand":[],"product_cat":[1012,1145,828,1037,1038,882,1143,1144,1041,1042,215],"product_tag":[313,322,323,405,406,266,324,317,407,408],"class_list":{"0":"post-2006","1":"product","2":"type-product","3":"status-publish","4":"has-post-thumbnail","6":"product_cat-dames-jas-met-bontkraag","7":"product_cat-dames-winterjas","8":"product_cat-dames-winterjassen-grote-maten","9":"product_cat-jas-met-bontkraag","10":"product_cat-jas-met-bontkraag-dames","11":"product_cat-versano","12":"product_cat-winterjas","13":"product_cat-winterjas-dames","14":"product_cat-winterjas-met-bontkraag","15":"product_cat-winterjas-met-bontkraag-dames","16":"product_cat-dames-jassen-met-bontkraag","17":"product_tag-bontjassen","18":"product_tag-bontjassen-voor-dames","19":"product_tag-dames-bontjassen","20":"product_tag-dames-winterjas-beige","21":"product_tag-dames-winterjas-met-bontkraag-beige","22":"product_tag-jassen-met-bontkraag","23":"product_tag-online-bontjassen","24":"product_tag-versano-bontjassen","25":"product_tag-winterjassen","26":"product_tag-winterjassen-beige","27":"product_shipping_class-verzendkosten-1","28":"tm-has-options","30":"first","31":"outofstock","32":"taxable","33":"shipping-taxable","34":"purchasable","35":"product-type-variable"},"yoast_head":"<!-- This site is optimized with the Yoast SEO plugin v27.2 - https:\/\/yoast.com\/product\/yoast-seo-wordpress\/ -->\n<title>Winterjas dames met pels, Bontkraag jas dames beige van Versano<\/title>\n<meta name=\"description\" content=\"Bij de bontkraag jas dames beige van Versano zitten een aantal mooie details. De bruine mouwen en de donkerbruine biezen langs de rits\" \/>\n<meta name=\"robots\" content=\"index, follow, max-snippet:-1, max-image-preview:large, max-video-preview:-1\" \/>\n<link rel=\"canonical\" href=\"https:\/\/versano.nl\/es\/shop\/versano-dames-winterjas-met-bontkraag-charlet-beige\/\" \/>\n<meta property=\"og:locale\" content=\"es_ES\" \/>\n<meta property=\"og:type\" content=\"article\" \/>\n<meta property=\"og:title\" content=\"Winterjas dames met pels, Bontkraag jas dames beige van Versano\" \/>\n<meta property=\"og:description\" content=\"Bij de bontkraag jas dames beige van Versano zitten een aantal mooie details. De bruine mouwen en de donkerbruine biezen langs de rits\" \/>\n<meta property=\"og:url\" content=\"https:\/\/versano.nl\/es\/shop\/versano-dames-winterjas-met-bontkraag-charlet-beige\/\" \/>\n<meta property=\"og:site_name\" content=\"Versano\" \/>\n<meta property=\"article:modified_time\" content=\"2020-08-22T11:01:44+00:00\" \/>\n<meta property=\"og:image\" content=\"https:\/\/versano.nl\/wp-content\/uploads\/2019\/11\/winterjas-dames-met-grote-bontkraag-beige-versano-charlet-voorkant-model1.jpg\" \/>\n\t<meta property=\"og:image:width\" content=\"900\" \/>\n\t<meta property=\"og:image:height\" content=\"1176\" \/>\n\t<meta property=\"og:image:type\" content=\"image\/jpeg\" \/>\n<meta name=\"twitter:card\" content=\"summary_large_image\" \/>\n<meta name=\"twitter:label1\" content=\"Tiempo de lectura\" \/>\n\t<meta name=\"twitter:data1\" content=\"1 minuto\" \/>\n<script type=\"application\/ld+json\" class=\"yoast-schema-graph\">{\"@context\":\"https:\/\/schema.org\",\"@graph\":[{\"@type\":\"WebPage\",\"@id\":\"https:\/\/versano.nl\/shop\/versano-dames-winterjas-met-bontkraag-charlet-beige\/\",\"url\":\"https:\/\/versano.nl\/shop\/versano-dames-winterjas-met-bontkraag-charlet-beige\/\",\"name\":\"Winterjas dames met pels, Bontkraag jas dames beige van Versano\",\"isPartOf\":{\"@id\":\"https:\/\/versano.nl\/#website\"},\"primaryImageOfPage\":{\"@id\":\"https:\/\/versano.nl\/shop\/versano-dames-winterjas-met-bontkraag-charlet-beige\/#primaryimage\"},\"image\":{\"@id\":\"https:\/\/versano.nl\/shop\/versano-dames-winterjas-met-bontkraag-charlet-beige\/#primaryimage\"},\"thumbnailUrl\":\"https:\/\/versano.nl\/wp-content\/uploads\/2019\/11\/winterjas-dames-met-grote-bontkraag-beige-versano-charlet-voorkant-model1.jpg\",\"datePublished\":\"2014-12-01T11:53:49+00:00\",\"dateModified\":\"2020-08-22T11:01:44+00:00\",\"description\":\"Bij de bontkraag jas dames beige van Versano zitten een aantal mooie details. De bruine mouwen en de donkerbruine biezen langs de rits\",\"breadcrumb\":{\"@id\":\"https:\/\/versano.nl\/shop\/versano-dames-winterjas-met-bontkraag-charlet-beige\/#breadcrumb\"},\"inLanguage\":\"es\",\"potentialAction\":[{\"@type\":\"ReadAction\",\"target\":[\"https:\/\/versano.nl\/shop\/versano-dames-winterjas-met-bontkraag-charlet-beige\/\"]}]},{\"@type\":\"ImageObject\",\"inLanguage\":\"es\",\"@id\":\"https:\/\/versano.nl\/shop\/versano-dames-winterjas-met-bontkraag-charlet-beige\/#primaryimage\",\"url\":\"https:\/\/versano.nl\/wp-content\/uploads\/2019\/11\/winterjas-dames-met-grote-bontkraag-beige-versano-charlet-voorkant-model1.jpg\",\"contentUrl\":\"https:\/\/versano.nl\/wp-content\/uploads\/2019\/11\/winterjas-dames-met-grote-bontkraag-beige-versano-charlet-voorkant-model1.jpg\",\"width\":900,\"height\":1176,\"caption\":\"Versano Dames Winterjas Met Bontkraag Charlet Beige\"},{\"@type\":\"BreadcrumbList\",\"@id\":\"https:\/\/versano.nl\/shop\/versano-dames-winterjas-met-bontkraag-charlet-beige\/#breadcrumb\",\"itemListElement\":[{\"@type\":\"ListItem\",\"position\":1,\"name\":\"Home\",\"item\":\"https:\/\/versano.nl\/\"},{\"@type\":\"ListItem\",\"position\":2,\"name\":\"Shop\",\"item\":\"https:\/\/versano.nl\/shop\/\"},{\"@type\":\"ListItem\",\"position\":3,\"name\":\"Bontkraag jas dames beige van Versano\"}]},{\"@type\":\"WebSite\",\"@id\":\"https:\/\/versano.nl\/#website\",\"url\":\"https:\/\/versano.nl\/\",\"name\":\"Versano\",\"description\":\"winterjassen met bontkraag | leren dames jassen | leren heren jassen\",\"potentialAction\":[{\"@type\":\"SearchAction\",\"target\":{\"@type\":\"EntryPoint\",\"urlTemplate\":\"https:\/\/versano.nl\/?s={search_term_string}\"},\"query-input\":{\"@type\":\"PropertyValueSpecification\",\"valueRequired\":true,\"valueName\":\"search_term_string\"}}],\"inLanguage\":\"es\"}]}<\/script>\n<!-- \/ Yoast SEO plugin. -->","yoast_head_json":{"title":"Chaqueta de invierno para dama con piel, chaqueta de cuello de piel beige de Versano","description":"El abrigo beige de Versano para dama est\u00e1 cubierto con unos hermosos detalles. Las mangas marrones y las tuber\u00edas de color marr\u00f3n oscuro a lo largo de la cremallera.","robots":{"index":"index","follow":"follow","max-snippet":"max-snippet:-1","max-image-preview":"max-image-preview:large","max-video-preview":"max-video-preview:-1"},"canonical":"https:\/\/versano.nl\/es\/shop\/versano-dames-winterjas-met-bontkraag-charlet-beige\/","og_locale":"es_ES","og_type":"article","og_title":"Winterjas dames met pels, Bontkraag jas dames beige van Versano","og_description":"Bij de bontkraag jas dames beige van Versano zitten een aantal mooie details. De bruine mouwen en de donkerbruine biezen langs de rits","og_url":"https:\/\/versano.nl\/es\/shop\/versano-dames-winterjas-met-bontkraag-charlet-beige\/","og_site_name":"Versano","article_modified_time":"2020-08-22T11:01:44+00:00","og_image":[{"width":900,"height":1176,"url":"https:\/\/versano.nl\/wp-content\/uploads\/2019\/11\/winterjas-dames-met-grote-bontkraag-beige-versano-charlet-voorkant-model1.jpg","type":"image\/jpeg"}],"twitter_card":"summary_large_image","twitter_misc":{"Tiempo de lectura":"1 minuto"},"schema":{"@context":"https:\/\/schema.org","@graph":[{"@type":"WebPage","@id":"https:\/\/versano.nl\/shop\/versano-dames-winterjas-met-bontkraag-charlet-beige\/","url":"https:\/\/versano.nl\/shop\/versano-dames-winterjas-met-bontkraag-charlet-beige\/","name":"Chaqueta de invierno para dama con piel, chaqueta de cuello de piel beige de Versano","isPartOf":{"@id":"https:\/\/versano.nl\/#website"},"primaryImageOfPage":{"@id":"https:\/\/versano.nl\/shop\/versano-dames-winterjas-met-bontkraag-charlet-beige\/#primaryimage"},"image":{"@id":"https:\/\/versano.nl\/shop\/versano-dames-winterjas-met-bontkraag-charlet-beige\/#primaryimage"},"thumbnailUrl":"https:\/\/versano.nl\/wp-content\/uploads\/2019\/11\/winterjas-dames-met-grote-bontkraag-beige-versano-charlet-voorkant-model1.jpg","datePublished":"2014-12-01T11:53:49+00:00","dateModified":"2020-08-22T11:01:44+00:00","description":"El abrigo beige de Versano para dama est\u00e1 cubierto con unos hermosos detalles. Las mangas marrones y las tuber\u00edas de color marr\u00f3n oscuro a lo largo de la cremallera.","breadcrumb":{"@id":"https:\/\/versano.nl\/shop\/versano-dames-winterjas-met-bontkraag-charlet-beige\/#breadcrumb"},"inLanguage":"es","potentialAction":[{"@type":"ReadAction","target":["https:\/\/versano.nl\/shop\/versano-dames-winterjas-met-bontkraag-charlet-beige\/"]}]},{"@type":"ImageObject","inLanguage":"es","@id":"https:\/\/versano.nl\/shop\/versano-dames-winterjas-met-bontkraag-charlet-beige\/#primaryimage","url":"https:\/\/versano.nl\/wp-content\/uploads\/2019\/11\/winterjas-dames-met-grote-bontkraag-beige-versano-charlet-voorkant-model1.jpg","contentUrl":"https:\/\/versano.nl\/wp-content\/uploads\/2019\/11\/winterjas-dames-met-grote-bontkraag-beige-versano-charlet-voorkant-model1.jpg","width":900,"height":1176,"caption":"Versano Dames Winterjas Met Bontkraag Charlet Beige"},{"@type":"BreadcrumbList","@id":"https:\/\/versano.nl\/shop\/versano-dames-winterjas-met-bontkraag-charlet-beige\/#breadcrumb","itemListElement":[{"@type":"ListItem","position":1,"name":"Home","item":"https:\/\/versano.nl\/"},{"@type":"ListItem","position":2,"name":"Shop","item":"https:\/\/versano.nl\/shop\/"},{"@type":"ListItem","position":3,"name":"Bontkraag jas dames beige van Versano"}]},{"@type":"WebSite","@id":"https:\/\/versano.nl\/#website","url":"https:\/\/versano.nl\/","name":"Versano","description":"abrigos de invierno con cuello de piel | chaquetas de cuero para mujer | chaquetas de cuero para hombre","potentialAction":[{"@type":"SearchAction","target":{"@type":"EntryPoint","urlTemplate":"https:\/\/versano.nl\/?s={search_term_string}"},"query-input":{"@type":"PropertyValueSpecification","valueRequired":true,"valueName":"search_term_string"}}],"inLanguage":"es"}]}},"_links":{"self":[{"href":"https:\/\/versano.nl\/es\/wp-json\/wp\/v2\/product\/2006","targetHints":{"allow":["GET"]}}],"collection":[{"href":"https:\/\/versano.nl\/es\/wp-json\/wp\/v2\/product"}],"about":[{"href":"https:\/\/versano.nl\/es\/wp-json\/wp\/v2\/types\/product"}],"replies":[{"embeddable":true,"href":"https:\/\/versano.nl\/es\/wp-json\/wp\/v2\/comments?post=2006"}],"wp:featuredmedia":[{"embeddable":true,"href":"https:\/\/versano.nl\/es\/wp-json\/wp\/v2\/media\/14209"}],"wp:attachment":[{"href":"https:\/\/versano.nl\/es\/wp-json\/wp\/v2\/media?parent=2006"}],"wp:term":[{"taxonomy":"product_brand","embeddable":true,"href":"https:\/\/versano.nl\/es\/wp-json\/wp\/v2\/product_brand?post=2006"},{"taxonomy":"product_cat","embeddable":true,"href":"https:\/\/versano.nl\/es\/wp-json\/wp\/v2\/product_cat?post=2006"},{"taxonomy":"product_tag","embeddable":true,"href":"https:\/\/versano.nl\/es\/wp-json\/wp\/v2\/product_tag?post=2006"}],"curies":[{"name":"wp","href":"https:\/\/api.w.org\/{rel}","templated":true}]}}