{"id":17161,"date":"2020-08-15T21:10:44","date_gmt":"2020-08-15T21:10:44","guid":{"rendered":"https:\/\/versano.nl\/shop\/korte-heren-winterjas-zwart-aviation-versano\/"},"modified":"2026-03-30T13:49:07","modified_gmt":"2026-03-30T13:49:07","slug":"korte-heren-winterjas-zwart-aviation-versano","status":"publish","type":"product","link":"https:\/\/versano.nl\/es\/shop\/korte-heren-winterjas-zwart-aviation-versano\/","title":{"rendered":"Chaqueta de invierno corta para hombre negra Aviation Versano"},"content":{"rendered":"<h2>Chaqueta de invierno corta para hombre negra Aviation Versano<\/h2>\n<p>Esta chaqueta corta de invierno para hombre de Versano es una chaqueta modelo piloto con un bonito corte entallado. La chaqueta tiene un forro agradable, por lo que es agradable y abrigada. La capucha desmontable con cremallera tiene botones de presi\u00f3n en los que se puede colocar el cuello de piel, para que puedas comprar y usar la chaqueta sin cuello de piel. Esta chaqueta de invierno corta para hombre negra Aviation Versano tiene una cremallera que contin\u00faa en el cuello alto. La chaqueta tiene 4 bolsillos laterales con cremallera, 2 bolsillos en el pecho y 2 bolsillos en el lateral. Los 4 bolsillos exteriores est\u00e1n hechos con material de vell\u00f3n, por lo que las manos se mantienen c\u00e1lidas y agradables. Hay 2 bolsillos profundos en el interior. Se trata de una chaqueta con la que puedes estar seguro de que la disfrutar\u00e1s cuando la saques a las inclemencias del tiempo. Te mantiene abrigado y est\u00e1 tan bellamente dise\u00f1ado que sin duda atraer\u00e1s la atenci\u00f3n con \u00e9l.<\/p>\n<h2><span style=\"font-size: 14.0pt; font-family: 'Arial',sans-serif;\">Solicitar modelo de aviaci\u00f3n en negro<\/span><\/h2>\n<p><span style=\"font-size: 11.0pt; font-family: 'Arial',sans-serif;\">Con una chaqueta tan hermosa de Versano, puede estar seguro de que podr\u00e1 usarla durante todo el invierno. Puede pedir f\u00e1cilmente este modelo en la tienda web de Versano. Hemos reunido todas nuestras chaquetas aqu\u00ed para que pueda realizar un pedido f\u00e1cilmente. En Versano siempre puede estar seguro de que est\u00e1 comprando un hermoso abrigo que ha sido trabajado con mimo. Con nosotros, puede elegir f\u00e1cilmente el tama\u00f1o correcto seg\u00fan nuestros videos de instrucciones inteligentes. \u00bfTiene alguna pregunta o no est\u00e1 seguro de qu\u00e9 talla pedir? Entonces siempre puede contactarnos por correo o WhatsApp. \u00a1Nuestros empleados desean ayudarlo!<\/span><\/p>\n<p>marca:<a title=\"versano\" href=\"https:\/\/versano.nl\" target=\"_blank\" rel=\"noopener noreferrer\"> Versano<\/a><br \/>\nlongitud: media<br \/>\nAjuste: corte ce\u00f1ido<br \/>\nForro: 100% poli\u00e9ster<br \/>\nespesor del forro: 200 gramos alineados gruesa<br \/>\nlongitud de la manga: manga larga<br \/>\nHood, alineado, s\u00f3lida<br \/>\nLos extras: costuras reforzadas<br \/>\nCierre: cremallera, con solapa protectora.<br \/>\nbolsillos: bolsillos laterales en la cadera con botones autom\u00e1ticos + bolsillo interior<br \/>\nFunci\u00f3n: impermeable, resistente al viento<br \/>\ncapa externa de material: 100% poli\u00e9ster<br \/>\naccesorios: cuello de piel (opcional)<\/p>\n<p>Plazo de entrega: 2-3 d\u00edas laborables<\/p>\n<p>&nbsp;<\/p>","protected":false},"excerpt":{"rendered":"<p style=\"background: white; margin: 0cm 0cm 15.0pt 0cm;\"><strong><span style=\"font-size: 9.5pt; font-family: 'Arial',sans-serif; color: red;\">Consejos de ajuste:\u00a0<\/span><\/strong><span style=\"font-size: 9.5pt; font-family: 'Arial',sans-serif; color: #555555;\">El ajuste de esta chaqueta es ajustado. Nuestro modelo mide 1,85 cm de altura y lleva una talla M.<\/span><\/p>\n<p style=\"background: white; text-align: start; margin: 0cm 0cm 15.0pt 0cm;\"><span style=\"font-size: 9.5pt; font-family: 'Arial',sans-serif; color: #555555;\">Si no est\u00e1 seguro de sus medidas, le recomendamos que primero mida las medidas de su talla y las compare con nuestra tabla de tallas. Si no tiene experiencia en medir tama\u00f1os de circunferencia, haga clic en\u00a0<a style=\"line-height: inherit;\" href=\"https:\/\/www.youtube.com\/watch?v=3ZSfY87v6pM\"><em style=\"line-height: inherit;\"><span style=\"font-family: 'Arial',sans-serif; color: #333333; text-decoration: none;\">AQU\u00cd<\/span><\/em><span style=\"color: #333333;\">\u00a0<\/span><\/a>\u00a0para\u00a0<\/span><span style=\"font-size: 9.5pt; font-family: 'Arial',sans-serif; color: red;\"><a style=\"line-height: inherit;\" href=\"https:\/\/www.youtube.com\/watch?v=3ZSfY87v6pM\"><em style=\"line-height: inherit;\"><span style=\"font-family: 'Arial',sans-serif; color: red; text-decoration: none;\">VIDEO<\/span><\/em><\/a><\/span><span style=\"font-size: 9.5pt; font-family: 'Arial',sans-serif; color: #555555;\">\u00a0 con instrucciones. \u00a1Tambi\u00e9n puede llamarnos o enviarnos una aplicaci\u00f3n directamente! Nuestros empleados est\u00e1n siempre disponibles para ayudar.<\/span><\/p>\n<p style=\"background: white; text-align: start; margin: 0cm 0cm 15.0pt 0cm;\"><strong style=\"line-height: inherit;\"><span style=\"font-size: 9.5pt; font-family: 'Arial',sans-serif; color: #555555;\">EL TIEMPO DE ENTREGA :<\/span><\/strong><span style=\"font-size: 9.5pt; font-family: 'Arial',sans-serif; color: #555555;\">\u00a02 a 3 d\u00edas laborables.<\/span><\/p>\n<p style=\"background: white; text-align: start; margin: 0cm 0cm 15.0pt 0cm;\"><span style=\"font-size: 9.5pt; font-family: 'Arial',sans-serif; color: red;\">INFORMACION IMPORTANTE:<\/span><span style=\"font-size: 9.5pt; font-family: 'Arial',sans-serif; color: #555555;\">\u00a0Puedes comprar cualquier chaqueta Versano con o sin cuello de piel, el cuello de piel no est\u00e1 incluido.<\/span><\/p>","protected":false},"featured_media":30604,"comment_status":"closed","ping_status":"closed","template":"","meta":[],"product_brand":[],"product_cat":[1403,231,1146,1596,1601,2060,1037,1080,882,1143,1147,1041,1081,1404,1082,1547],"product_tag":[1617,1318,1321,1319,1322,1317,1642,1320,1641,1645,1325,1644,1626,1610,572,1643],"class_list":{"0":"post-17161","1":"product","2":"type-product","3":"status-publish","4":"has-post-thumbnail","6":"product_cat-bontkraag-jas","7":"product_cat-heren-jassen-met-bontkraag","8":"product_cat-heren-winterjas","9":"product_cat-heren-winterjas-met-bontkraag","10":"product_cat-heren-winterjas-met-pels","11":"product_cat-heren-winterjassen","12":"product_cat-jas-met-bontkraag","13":"product_cat-jas-met-bontkraag-heren","14":"product_cat-versano","15":"product_cat-winterjas","16":"product_cat-winterjas-heren","17":"product_cat-winterjas-met-bontkraag","18":"product_cat-winterjas-met-bontkraag-heren","19":"product_cat-winterjassen","20":"product_cat-winterjassen-met-bontkraag-heren","21":"product_cat-winterjassen-heren","22":"product_tag-goedkope-winterjassen-heren","23":"product_tag-heren-winterjas-kort","24":"product_tag-heren-winterjas-piloten-model","25":"product_tag-korte-heren-piloten-jas-zwart","26":"product_tag-korte-heren-versano-jas","27":"product_tag-korte-heren-winterjas","28":"product_tag-korte-winterjas-heren","29":"product_tag-piloten-winterjas-heren","30":"product_tag-uitverkoop-heren-winterjassen","31":"product_tag-versano-winterjas-voor-heren","32":"product_tag-versano-winterjassen","33":"product_tag-warme-winterjassen","34":"product_tag-winterjas-heren-in-sale","35":"product_tag-winterjas-heren-met-kraag","36":"product_tag-winterjas-met-bontkraag-heren","37":"product_tag-zwarte-winterjas-voor-heren","38":"tm-has-options","40":"first","41":"instock","42":"sale","43":"taxable","44":"shipping-taxable","45":"purchasable","46":"product-type-variable"},"yoast_head":"<!-- This site is optimized with the Yoast SEO plugin v27.2 - https:\/\/yoast.com\/product\/yoast-seo-wordpress\/ -->\n<title>Korte heren winterjas zwart Aviation Versano, korte winterjassen heren<\/title>\n<meta name=\"description\" content=\"Ben je op zoek naar een Korte heren winterjas zwart Aviation Versano, dan ben je bij Versano aan het juiste adres voor parka jassen.\" \/>\n<meta name=\"robots\" content=\"index, follow, max-snippet:-1, max-image-preview:large, max-video-preview:-1\" \/>\n<link rel=\"canonical\" href=\"https:\/\/versano.nl\/es\/shop\/korte-heren-winterjas-zwart-aviation-versano\/\" \/>\n<meta property=\"og:locale\" content=\"es_ES\" \/>\n<meta property=\"og:type\" content=\"article\" \/>\n<meta property=\"og:title\" content=\"Korte heren winterjas zwart Aviation Versano, korte winterjassen heren\" \/>\n<meta property=\"og:description\" content=\"Ben je op zoek naar een Korte heren winterjas zwart Aviation Versano, dan ben je bij Versano aan het juiste adres voor parka jassen.\" \/>\n<meta property=\"og:url\" content=\"https:\/\/versano.nl\/es\/shop\/korte-heren-winterjas-zwart-aviation-versano\/\" \/>\n<meta property=\"og:site_name\" content=\"Versano\" \/>\n<meta property=\"article:modified_time\" content=\"2026-03-30T13:49:07+00:00\" \/>\n<meta property=\"og:image\" content=\"https:\/\/versano.nl\/wp-content\/uploads\/2020\/08\/01-1-2.jpg\" \/>\n\t<meta property=\"og:image:width\" content=\"600\" \/>\n\t<meta property=\"og:image:height\" content=\"800\" \/>\n\t<meta property=\"og:image:type\" content=\"image\/jpeg\" \/>\n<meta name=\"twitter:card\" content=\"summary_large_image\" \/>\n<meta name=\"twitter:label1\" content=\"Tiempo de lectura\" \/>\n\t<meta name=\"twitter:data1\" content=\"2 minutos\" \/>\n<script type=\"application\/ld+json\" class=\"yoast-schema-graph\">{\"@context\":\"https:\/\/schema.org\",\"@graph\":[{\"@type\":\"WebPage\",\"@id\":\"https:\/\/versano.nl\/shop\/korte-heren-winterjas-zwart-aviation-versano\/\",\"url\":\"https:\/\/versano.nl\/shop\/korte-heren-winterjas-zwart-aviation-versano\/\",\"name\":\"Korte heren winterjas zwart Aviation Versano, korte winterjassen heren\",\"isPartOf\":{\"@id\":\"https:\/\/versano.nl\/#website\"},\"primaryImageOfPage\":{\"@id\":\"https:\/\/versano.nl\/shop\/korte-heren-winterjas-zwart-aviation-versano\/#primaryimage\"},\"image\":{\"@id\":\"https:\/\/versano.nl\/shop\/korte-heren-winterjas-zwart-aviation-versano\/#primaryimage\"},\"thumbnailUrl\":\"https:\/\/versano.nl\/wp-content\/uploads\/2020\/08\/01-1-2.jpg\",\"datePublished\":\"2020-08-15T21:10:44+00:00\",\"dateModified\":\"2026-03-30T13:49:07+00:00\",\"description\":\"Ben je op zoek naar een Korte heren winterjas zwart Aviation Versano, dan ben je bij Versano aan het juiste adres voor parka jassen.\",\"breadcrumb\":{\"@id\":\"https:\/\/versano.nl\/shop\/korte-heren-winterjas-zwart-aviation-versano\/#breadcrumb\"},\"inLanguage\":\"es\",\"potentialAction\":[{\"@type\":\"ReadAction\",\"target\":[\"https:\/\/versano.nl\/shop\/korte-heren-winterjas-zwart-aviation-versano\/\"]}]},{\"@type\":\"ImageObject\",\"inLanguage\":\"es\",\"@id\":\"https:\/\/versano.nl\/shop\/korte-heren-winterjas-zwart-aviation-versano\/#primaryimage\",\"url\":\"https:\/\/versano.nl\/wp-content\/uploads\/2020\/08\/01-1-2.jpg\",\"contentUrl\":\"https:\/\/versano.nl\/wp-content\/uploads\/2020\/08\/01-1-2.jpg\",\"width\":600,\"height\":800},{\"@type\":\"BreadcrumbList\",\"@id\":\"https:\/\/versano.nl\/shop\/korte-heren-winterjas-zwart-aviation-versano\/#breadcrumb\",\"itemListElement\":[{\"@type\":\"ListItem\",\"position\":1,\"name\":\"Home\",\"item\":\"https:\/\/versano.nl\/\"},{\"@type\":\"ListItem\",\"position\":2,\"name\":\"Shop\",\"item\":\"https:\/\/versano.nl\/shop\/\"},{\"@type\":\"ListItem\",\"position\":3,\"name\":\"Korte heren winterjas zwart Aviation Versano\"}]},{\"@type\":\"WebSite\",\"@id\":\"https:\/\/versano.nl\/#website\",\"url\":\"https:\/\/versano.nl\/\",\"name\":\"Versano\",\"description\":\"winterjassen met bontkraag | leren dames jassen | leren heren jassen\",\"potentialAction\":[{\"@type\":\"SearchAction\",\"target\":{\"@type\":\"EntryPoint\",\"urlTemplate\":\"https:\/\/versano.nl\/?s={search_term_string}\"},\"query-input\":{\"@type\":\"PropertyValueSpecification\",\"valueRequired\":true,\"valueName\":\"search_term_string\"}}],\"inLanguage\":\"es\"}]}<\/script>\n<!-- \/ Yoast SEO plugin. -->","yoast_head_json":{"title":"Abrigo de invierno corto para hombre negro Aviation Versano, abrigos cortos de invierno para hombre","description":"\u00bfEst\u00e1 buscando una chaqueta de invierno corta para hombre negra Aviation Versano, entonces Versano es el lugar adecuado para las chaquetas parka.","robots":{"index":"index","follow":"follow","max-snippet":"max-snippet:-1","max-image-preview":"max-image-preview:large","max-video-preview":"max-video-preview:-1"},"canonical":"https:\/\/versano.nl\/es\/shop\/korte-heren-winterjas-zwart-aviation-versano\/","og_locale":"es_ES","og_type":"article","og_title":"Korte heren winterjas zwart Aviation Versano, korte winterjassen heren","og_description":"Ben je op zoek naar een Korte heren winterjas zwart Aviation Versano, dan ben je bij Versano aan het juiste adres voor parka jassen.","og_url":"https:\/\/versano.nl\/es\/shop\/korte-heren-winterjas-zwart-aviation-versano\/","og_site_name":"Versano","article_modified_time":"2026-03-30T13:49:07+00:00","og_image":[{"width":600,"height":800,"url":"https:\/\/versano.nl\/wp-content\/uploads\/2020\/08\/01-1-2.jpg","type":"image\/jpeg"}],"twitter_card":"summary_large_image","twitter_misc":{"Tiempo de lectura":"2 minutos"},"schema":{"@context":"https:\/\/schema.org","@graph":[{"@type":"WebPage","@id":"https:\/\/versano.nl\/shop\/korte-heren-winterjas-zwart-aviation-versano\/","url":"https:\/\/versano.nl\/shop\/korte-heren-winterjas-zwart-aviation-versano\/","name":"Abrigo de invierno corto para hombre negro Aviation Versano, abrigos cortos de invierno para hombre","isPartOf":{"@id":"https:\/\/versano.nl\/#website"},"primaryImageOfPage":{"@id":"https:\/\/versano.nl\/shop\/korte-heren-winterjas-zwart-aviation-versano\/#primaryimage"},"image":{"@id":"https:\/\/versano.nl\/shop\/korte-heren-winterjas-zwart-aviation-versano\/#primaryimage"},"thumbnailUrl":"https:\/\/versano.nl\/wp-content\/uploads\/2020\/08\/01-1-2.jpg","datePublished":"2020-08-15T21:10:44+00:00","dateModified":"2026-03-30T13:49:07+00:00","description":"\u00bfEst\u00e1 buscando una chaqueta de invierno corta para hombre negra Aviation Versano, entonces Versano es el lugar adecuado para las chaquetas parka.","breadcrumb":{"@id":"https:\/\/versano.nl\/shop\/korte-heren-winterjas-zwart-aviation-versano\/#breadcrumb"},"inLanguage":"es","potentialAction":[{"@type":"ReadAction","target":["https:\/\/versano.nl\/shop\/korte-heren-winterjas-zwart-aviation-versano\/"]}]},{"@type":"ImageObject","inLanguage":"es","@id":"https:\/\/versano.nl\/shop\/korte-heren-winterjas-zwart-aviation-versano\/#primaryimage","url":"https:\/\/versano.nl\/wp-content\/uploads\/2020\/08\/01-1-2.jpg","contentUrl":"https:\/\/versano.nl\/wp-content\/uploads\/2020\/08\/01-1-2.jpg","width":600,"height":800},{"@type":"BreadcrumbList","@id":"https:\/\/versano.nl\/shop\/korte-heren-winterjas-zwart-aviation-versano\/#breadcrumb","itemListElement":[{"@type":"ListItem","position":1,"name":"Home","item":"https:\/\/versano.nl\/"},{"@type":"ListItem","position":2,"name":"Shop","item":"https:\/\/versano.nl\/shop\/"},{"@type":"ListItem","position":3,"name":"Korte heren winterjas zwart Aviation Versano"}]},{"@type":"WebSite","@id":"https:\/\/versano.nl\/#website","url":"https:\/\/versano.nl\/","name":"Versano","description":"abrigos de invierno con cuello de piel | chaquetas de cuero para mujer | chaquetas de cuero para hombre","potentialAction":[{"@type":"SearchAction","target":{"@type":"EntryPoint","urlTemplate":"https:\/\/versano.nl\/?s={search_term_string}"},"query-input":{"@type":"PropertyValueSpecification","valueRequired":true,"valueName":"search_term_string"}}],"inLanguage":"es"}]}},"_links":{"self":[{"href":"https:\/\/versano.nl\/es\/wp-json\/wp\/v2\/product\/17161","targetHints":{"allow":["GET"]}}],"collection":[{"href":"https:\/\/versano.nl\/es\/wp-json\/wp\/v2\/product"}],"about":[{"href":"https:\/\/versano.nl\/es\/wp-json\/wp\/v2\/types\/product"}],"replies":[{"embeddable":true,"href":"https:\/\/versano.nl\/es\/wp-json\/wp\/v2\/comments?post=17161"}],"wp:featuredmedia":[{"embeddable":true,"href":"https:\/\/versano.nl\/es\/wp-json\/wp\/v2\/media\/30604"}],"wp:attachment":[{"href":"https:\/\/versano.nl\/es\/wp-json\/wp\/v2\/media?parent=17161"}],"wp:term":[{"taxonomy":"product_brand","embeddable":true,"href":"https:\/\/versano.nl\/es\/wp-json\/wp\/v2\/product_brand?post=17161"},{"taxonomy":"product_cat","embeddable":true,"href":"https:\/\/versano.nl\/es\/wp-json\/wp\/v2\/product_cat?post=17161"},{"taxonomy":"product_tag","embeddable":true,"href":"https:\/\/versano.nl\/es\/wp-json\/wp\/v2\/product_tag?post=17161"}],"curies":[{"name":"wp","href":"https:\/\/api.w.org\/{rel}","templated":true}]}}