{"id":17047,"date":"2020-08-09T13:13:15","date_gmt":"2020-08-09T13:13:15","guid":{"rendered":"https:\/\/versano.nl\/shop\/slim-fit-dames-winterjas-zwart-jessica-versano\/"},"modified":"2026-02-23T11:24:03","modified_gmt":"2026-02-23T11:24:03","slug":"slim-fit-dames-winterjas-zwart-jessica-versano","status":"publish","type":"product","link":"https:\/\/versano.nl\/es\/shop\/slim-fit-dames-winterjas-zwart-jessica-versano\/","title":{"rendered":"abrigo de invierno para mujer con cuello de piel Jessica negro con cierre de bot\u00f3n magn\u00e9tico Versano"},"content":{"rendered":"<h2>abrigo de invierno para mujer con cuello de piel Jessica negro con cierre de bot\u00f3n magn\u00e9tico Versano<\/h2>\n<p>La Jessica tiene un cierre doble que consta de una cremallera y un cierre de bot\u00f3n magn\u00e9tico que contin\u00faa en el cuello alto. Como extra, esta chaqueta de invierno para mujer con cuello de piel Jessica negro Versano tambi\u00e9n tiene guantes sin dedos hechos de nervadura el\u00e1stica al final de las mangas en la mu\u00f1eca. Pasas el pulgar por esto y tienes la seguridad de tener unas manos c\u00e1lidas. La capucha desmontable con cremallera tiene botones con los que se puede sujetar un cuello de piel. Adem\u00e1s, la chaqueta tiene 6 bolsillos exteriores, 4 bolsillos inferiores de los cuales 2 bolsillos abiertos con cremallera a la altura de la cadera y 2 bolsillos de solapa con cierre de bot\u00f3n a la altura del ombligo. Los 2 bolsillos del pecho tienen cierre de bot\u00f3n. Todos los bolsillos exteriores est\u00e1n hechos de material polar para mantener las manos agradables y calientes y la chaqueta tambi\u00e9n tiene 2 bolsillos profundos en el interior.<\/p>\n<h2>\u00bfQuieres comprar chaqueta de invierno para mujer con cuello de piel Jessica Versano negro?<\/h2>\n<p>Con este nuevo modelo de chaqueta de invierno para mujer de 4 bolsillos de Versano, obtienes una chaqueta que sin duda disfrutar\u00e1s durante mucho tiempo. Se trata de una chaqueta con la que puedes estar seguro de que la disfrutar\u00e1s cuando la saques a las inclemencias del tiempo. Te mantiene abrigado y est\u00e1 tan bellamente dise\u00f1ado que sin duda atraer\u00e1s la atenci\u00f3n con \u00e9l. Hacer un pedido es muy sencillo y nuestros empleados se asegurar\u00e1n de que le env\u00eden su chaqueta lo antes posible.<\/p>\n<p>Marca: Versano<br \/>\nlongitud: media<br \/>\najuste: regular ajustado<br \/>\nforro: 100% poli\u00e9ster<br \/>\nespesor del forro: 200 gramos alineados gruesa<br \/>\nlongitud de la manga: manga larga<br \/>\ncampana: alineado, s\u00f3lida<br \/>\nLos extras: costuras reforzadas<br \/>\nCierre: cremallera y botones con solapa de protecci\u00f3n, cremallera frontal<br \/>\nbolsillos: bolsillos laterales, bolsillos rectos y bolsillo interior<br \/>\nFunci\u00f3n: impermeable, resistente al viento<br \/>\nmaterial: poli\u00e9ster<br \/>\naccesorios: cuello de piel (opcional)<br \/>\nextra: guantes sin dedos (extremo de la manga) de banda el\u00e1stica acanalada, cierre de bot\u00f3n magn\u00e9tico<\/p>\n<p>Tiempo de entrega: 2-3 d\u00edas<\/p>\n<p><strong>OPCIONAL: piel real CUELLO DEL MAPACHE MAPACHE ART DE PIEL<\/strong><\/p>","protected":false},"excerpt":{"rendered":"<p><span style=\"color: #ff0000;\">CONSEJOS DE FIT:<\/span> De pasvorm van deze jas is getailleerd. Onze model is 1.74 cm lang en draagt een maat XS.<\/p>\n<p>Si no est\u00e1 seguro de sus medidas, le recomendamos que primero mida las medidas de su talla y las compare con nuestra tabla de tallas. Si no tiene experiencia en medir tama\u00f1os de circunferencia, haga clic en\u00a0<a href=\"https:\/\/www.youtube.com\/watch?v=3ZSfY87v6pM\"><em>AQU\u00cd<\/em>\u00a0<\/a>\u00a0para\u00a0<span style=\"color: #ff0000;\"><a style=\"color: #ff0000;\" href=\"https:\/\/www.youtube.com\/watch?v=3ZSfY87v6pM\"><em>VIDEO<\/em><\/a><\/span>\u00a0 con instrucciones. \u00a1Tambi\u00e9n puede llamarnos o enviarnos una aplicaci\u00f3n directamente! Nuestros empleados est\u00e1n siempre disponibles para ayudar.<\/p>\n<p><span style=\"color: #000000;\"><strong>EL TIEMPO DE ENTREGA :<\/strong><\/span> 2 a 3 d\u00edas laborables.<\/p>\n<p><span style=\"color: #ff0000;\">INFORMACION IMPORTANTE:<\/span><\/p>\n<p>Wij hebben een gedetailleerd pasvorm advies aangegeven in de product afbeeldingen. Bekijk dit voordat u een bestelling plaatst.<\/p>\n<p>Puedes comprar cualquier chaqueta Versano con o sin cuello de piel, el cuello de piel no est\u00e1 incluido.<\/p>","protected":false},"featured_media":30562,"comment_status":"closed","ping_status":"closed","template":"","meta":[],"product_brand":[],"product_cat":[1403,1012,1353,1406,1145,1384,1389,1382,1383,1037,1038,882,1143,1144,2204,1415,1041,1042,215,1404,1339],"product_tag":[396,1374,1407,1157,225,1048,1046],"class_list":{"0":"post-17047","1":"product","2":"type-product","3":"status-publish","4":"has-post-thumbnail","6":"product_cat-bontkraag-jas","7":"product_cat-dames-jas-met-bontkraag","8":"product_cat-dames-jas-met-pels","9":"product_cat-dames-parka-winterjas","10":"product_cat-dames-winterjas","11":"product_cat-dames-winterjas-met-bontkraag","12":"product_cat-dames-winterjas-met-pels","13":"product_cat-dames-winterjassen","14":"product_cat-dames-winterjassen-met-bontkraag","15":"product_cat-jas-met-bontkraag","16":"product_cat-jas-met-bontkraag-dames","17":"product_cat-versano","18":"product_cat-winterjas","19":"product_cat-winterjas-dames","20":"product_cat-winterjas-dames-halflang","21":"product_cat-winterjas-dames-met-bontkraag","22":"product_cat-winterjas-met-bontkraag","23":"product_cat-winterjas-met-bontkraag-dames","24":"product_cat-dames-jassen-met-bontkraag","25":"product_cat-winterjassen","26":"product_cat-winterjassen-dames","27":"product_tag-dames-winterjas-zwart","28":"product_tag-versano-winterjas","29":"product_tag-winterjas-dames-met-bontkraag","30":"product_tag-winterjas-dames-zwart","31":"product_tag-winterjas-met-bontkraag-dames","32":"product_tag-zwarte-dames-winterjas","33":"product_tag-zwarte-dames-winterjas-met-pels","34":"product_shipping_class-verzendkosten-1","35":"tm-has-options","37":"first","38":"instock","39":"sale","40":"taxable","41":"shipping-taxable","42":"purchasable","43":"product-type-variable"},"yoast_head":"<!-- This site is optimized with the Yoast SEO plugin v27.2 - https:\/\/yoast.com\/product\/yoast-seo-wordpress\/ -->\n<title>dames winterjas met bontkraag Jessica zwart Versano<\/title>\n<meta name=\"description\" content=\"Bent u op zoek naar dames winterjas met bontkraag Jessica zwart Versano? Dan bent u bij ons aan het juiste adres voor winterjassen.\" \/>\n<meta name=\"robots\" content=\"index, follow, max-snippet:-1, max-image-preview:large, max-video-preview:-1\" \/>\n<link rel=\"canonical\" href=\"https:\/\/versano.nl\/es\/shop\/slim-fit-dames-winterjas-zwart-jessica-versano\/\" \/>\n<meta property=\"og:locale\" content=\"es_ES\" \/>\n<meta property=\"og:type\" content=\"article\" \/>\n<meta property=\"og:title\" content=\"dames winterjas met bontkraag Jessica zwart Versano\" \/>\n<meta property=\"og:description\" content=\"Bent u op zoek naar dames winterjas met bontkraag Jessica zwart Versano? Dan bent u bij ons aan het juiste adres voor winterjassen.\" \/>\n<meta property=\"og:url\" content=\"https:\/\/versano.nl\/es\/shop\/slim-fit-dames-winterjas-zwart-jessica-versano\/\" \/>\n<meta property=\"og:site_name\" content=\"Versano\" \/>\n<meta property=\"article:modified_time\" content=\"2026-02-23T11:24:03+00:00\" \/>\n<meta property=\"og:image\" content=\"https:\/\/versano.nl\/wp-content\/uploads\/2020\/08\/jessica-1-bewerkt.jpg\" \/>\n\t<meta property=\"og:image:width\" content=\"602\" \/>\n\t<meta property=\"og:image:height\" content=\"800\" \/>\n\t<meta property=\"og:image:type\" content=\"image\/jpeg\" \/>\n<meta name=\"twitter:card\" content=\"summary_large_image\" \/>\n<meta name=\"twitter:label1\" content=\"Tiempo de lectura\" \/>\n\t<meta name=\"twitter:data1\" content=\"2 minutos\" \/>\n<script type=\"application\/ld+json\" class=\"yoast-schema-graph\">{\"@context\":\"https:\/\/schema.org\",\"@graph\":[{\"@type\":\"WebPage\",\"@id\":\"https:\/\/versano.nl\/shop\/slim-fit-dames-winterjas-zwart-jessica-versano\/\",\"url\":\"https:\/\/versano.nl\/shop\/slim-fit-dames-winterjas-zwart-jessica-versano\/\",\"name\":\"dames winterjas met bontkraag Jessica zwart Versano\",\"isPartOf\":{\"@id\":\"https:\/\/versano.nl\/#website\"},\"primaryImageOfPage\":{\"@id\":\"https:\/\/versano.nl\/shop\/slim-fit-dames-winterjas-zwart-jessica-versano\/#primaryimage\"},\"image\":{\"@id\":\"https:\/\/versano.nl\/shop\/slim-fit-dames-winterjas-zwart-jessica-versano\/#primaryimage\"},\"thumbnailUrl\":\"https:\/\/versano.nl\/wp-content\/uploads\/2020\/08\/jessica-1-bewerkt.jpg\",\"datePublished\":\"2020-08-09T13:13:15+00:00\",\"dateModified\":\"2026-02-23T11:24:03+00:00\",\"description\":\"Bent u op zoek naar dames winterjas met bontkraag Jessica zwart Versano? Dan bent u bij ons aan het juiste adres voor winterjassen.\",\"breadcrumb\":{\"@id\":\"https:\/\/versano.nl\/shop\/slim-fit-dames-winterjas-zwart-jessica-versano\/#breadcrumb\"},\"inLanguage\":\"es\",\"potentialAction\":[{\"@type\":\"ReadAction\",\"target\":[\"https:\/\/versano.nl\/shop\/slim-fit-dames-winterjas-zwart-jessica-versano\/\"]}]},{\"@type\":\"ImageObject\",\"inLanguage\":\"es\",\"@id\":\"https:\/\/versano.nl\/shop\/slim-fit-dames-winterjas-zwart-jessica-versano\/#primaryimage\",\"url\":\"https:\/\/versano.nl\/wp-content\/uploads\/2020\/08\/jessica-1-bewerkt.jpg\",\"contentUrl\":\"https:\/\/versano.nl\/wp-content\/uploads\/2020\/08\/jessica-1-bewerkt.jpg\",\"width\":602,\"height\":800,\"caption\":\"dames winterjas met bontkraag Jessica zwart met magneet knoopsluiting Versano\"},{\"@type\":\"BreadcrumbList\",\"@id\":\"https:\/\/versano.nl\/shop\/slim-fit-dames-winterjas-zwart-jessica-versano\/#breadcrumb\",\"itemListElement\":[{\"@type\":\"ListItem\",\"position\":1,\"name\":\"Home\",\"item\":\"https:\/\/versano.nl\/\"},{\"@type\":\"ListItem\",\"position\":2,\"name\":\"Shop\",\"item\":\"https:\/\/versano.nl\/shop\/\"},{\"@type\":\"ListItem\",\"position\":3,\"name\":\"dames winterjas met bontkraag Jessica zwart met magneet knoopsluiting Versano\"}]},{\"@type\":\"WebSite\",\"@id\":\"https:\/\/versano.nl\/#website\",\"url\":\"https:\/\/versano.nl\/\",\"name\":\"Versano\",\"description\":\"winterjassen met bontkraag | leren dames jassen | leren heren jassen\",\"potentialAction\":[{\"@type\":\"SearchAction\",\"target\":{\"@type\":\"EntryPoint\",\"urlTemplate\":\"https:\/\/versano.nl\/?s={search_term_string}\"},\"query-input\":{\"@type\":\"PropertyValueSpecification\",\"valueRequired\":true,\"valueName\":\"search_term_string\"}}],\"inLanguage\":\"es\"}]}<\/script>\n<!-- \/ Yoast SEO plugin. -->","yoast_head_json":{"title":"abrigo de invierno para mujer con cuello de piel Jessica negro Versano","description":"\u00bfBuscas abrigo de invierno para mujer con cuello de piel Jessica Versano negro? Entonces ha venido al lugar adecuado para los abrigos de invierno.","robots":{"index":"index","follow":"follow","max-snippet":"max-snippet:-1","max-image-preview":"max-image-preview:large","max-video-preview":"max-video-preview:-1"},"canonical":"https:\/\/versano.nl\/es\/shop\/slim-fit-dames-winterjas-zwart-jessica-versano\/","og_locale":"es_ES","og_type":"article","og_title":"dames winterjas met bontkraag Jessica zwart Versano","og_description":"Bent u op zoek naar dames winterjas met bontkraag Jessica zwart Versano? Dan bent u bij ons aan het juiste adres voor winterjassen.","og_url":"https:\/\/versano.nl\/es\/shop\/slim-fit-dames-winterjas-zwart-jessica-versano\/","og_site_name":"Versano","article_modified_time":"2026-02-23T11:24:03+00:00","og_image":[{"width":602,"height":800,"url":"https:\/\/versano.nl\/wp-content\/uploads\/2020\/08\/jessica-1-bewerkt.jpg","type":"image\/jpeg"}],"twitter_card":"summary_large_image","twitter_misc":{"Tiempo de lectura":"2 minutos"},"schema":{"@context":"https:\/\/schema.org","@graph":[{"@type":"WebPage","@id":"https:\/\/versano.nl\/shop\/slim-fit-dames-winterjas-zwart-jessica-versano\/","url":"https:\/\/versano.nl\/shop\/slim-fit-dames-winterjas-zwart-jessica-versano\/","name":"abrigo de invierno para mujer con cuello de piel Jessica negro Versano","isPartOf":{"@id":"https:\/\/versano.nl\/#website"},"primaryImageOfPage":{"@id":"https:\/\/versano.nl\/shop\/slim-fit-dames-winterjas-zwart-jessica-versano\/#primaryimage"},"image":{"@id":"https:\/\/versano.nl\/shop\/slim-fit-dames-winterjas-zwart-jessica-versano\/#primaryimage"},"thumbnailUrl":"https:\/\/versano.nl\/wp-content\/uploads\/2020\/08\/jessica-1-bewerkt.jpg","datePublished":"2020-08-09T13:13:15+00:00","dateModified":"2026-02-23T11:24:03+00:00","description":"\u00bfBuscas abrigo de invierno para mujer con cuello de piel Jessica Versano negro? Entonces ha venido al lugar adecuado para los abrigos de invierno.","breadcrumb":{"@id":"https:\/\/versano.nl\/shop\/slim-fit-dames-winterjas-zwart-jessica-versano\/#breadcrumb"},"inLanguage":"es","potentialAction":[{"@type":"ReadAction","target":["https:\/\/versano.nl\/shop\/slim-fit-dames-winterjas-zwart-jessica-versano\/"]}]},{"@type":"ImageObject","inLanguage":"es","@id":"https:\/\/versano.nl\/shop\/slim-fit-dames-winterjas-zwart-jessica-versano\/#primaryimage","url":"https:\/\/versano.nl\/wp-content\/uploads\/2020\/08\/jessica-1-bewerkt.jpg","contentUrl":"https:\/\/versano.nl\/wp-content\/uploads\/2020\/08\/jessica-1-bewerkt.jpg","width":602,"height":800,"caption":"dames winterjas met bontkraag Jessica zwart met magneet knoopsluiting Versano"},{"@type":"BreadcrumbList","@id":"https:\/\/versano.nl\/shop\/slim-fit-dames-winterjas-zwart-jessica-versano\/#breadcrumb","itemListElement":[{"@type":"ListItem","position":1,"name":"Home","item":"https:\/\/versano.nl\/"},{"@type":"ListItem","position":2,"name":"Shop","item":"https:\/\/versano.nl\/shop\/"},{"@type":"ListItem","position":3,"name":"dames winterjas met bontkraag Jessica zwart met magneet knoopsluiting Versano"}]},{"@type":"WebSite","@id":"https:\/\/versano.nl\/#website","url":"https:\/\/versano.nl\/","name":"Versano","description":"abrigos de invierno con cuello de piel | chaquetas de cuero para mujer | chaquetas de cuero para hombre","potentialAction":[{"@type":"SearchAction","target":{"@type":"EntryPoint","urlTemplate":"https:\/\/versano.nl\/?s={search_term_string}"},"query-input":{"@type":"PropertyValueSpecification","valueRequired":true,"valueName":"search_term_string"}}],"inLanguage":"es"}]}},"_links":{"self":[{"href":"https:\/\/versano.nl\/es\/wp-json\/wp\/v2\/product\/17047","targetHints":{"allow":["GET"]}}],"collection":[{"href":"https:\/\/versano.nl\/es\/wp-json\/wp\/v2\/product"}],"about":[{"href":"https:\/\/versano.nl\/es\/wp-json\/wp\/v2\/types\/product"}],"replies":[{"embeddable":true,"href":"https:\/\/versano.nl\/es\/wp-json\/wp\/v2\/comments?post=17047"}],"wp:featuredmedia":[{"embeddable":true,"href":"https:\/\/versano.nl\/es\/wp-json\/wp\/v2\/media\/30562"}],"wp:attachment":[{"href":"https:\/\/versano.nl\/es\/wp-json\/wp\/v2\/media?parent=17047"}],"wp:term":[{"taxonomy":"product_brand","embeddable":true,"href":"https:\/\/versano.nl\/es\/wp-json\/wp\/v2\/product_brand?post=17047"},{"taxonomy":"product_cat","embeddable":true,"href":"https:\/\/versano.nl\/es\/wp-json\/wp\/v2\/product_cat?post=17047"},{"taxonomy":"product_tag","embeddable":true,"href":"https:\/\/versano.nl\/es\/wp-json\/wp\/v2\/product_tag?post=17047"}],"curies":[{"name":"wp","href":"https:\/\/api.w.org\/{rel}","templated":true}]}}