{"id":16925,"date":"2020-08-06T22:04:49","date_gmt":"2020-08-06T22:04:49","guid":{"rendered":"https:\/\/versano.nl\/shop\/dames-2-pocket-parka-winterjas-zwart-met-bontkraag-rani-n-versano\/"},"modified":"2026-04-23T17:37:23","modified_gmt":"2026-04-23T17:37:23","slug":"dames-2-pocket-parka-winterjas-zwart-met-bontkraag-rani-n-versano","status":"publish","type":"product","link":"https:\/\/versano.nl\/es\/shop\/dames-2-pocket-parka-winterjas-zwart-met-bontkraag-rani-n-versano\/","title":{"rendered":"Chaqueta de invierno para mujer con cuello de piel Rani N negro Versano"},"content":{"rendered":"<h2>Chaqueta de invierno para mujer con cuello de piel Rani N negro Versano<\/h2>\n<p>\u00bfEst\u00e1s buscando el abrigo de invierno de mujer perfecto para pasar el invierno? Entonces te recomendamos que eches un vistazo a esta chaqueta de invierno para mujer con los guantes sin dedos adicionales hechos con una banda el\u00e1stica el\u00e1stica al final de las mangas en la mu\u00f1eca. Esta es una de las nuevas chaquetas modelo parka de Versano. Esta chaqueta de invierno para damas con cuello de piel Rani N negro Versano es un modelo de longitud media con bolsillos laterales que se ubican a la altura de la cadera y terminados con un c\u00e1lido material polar. Estos bolsillos se pueden cerrar con cremallera y bot\u00f3n. La chaqueta tambi\u00e9n tiene un doble cierre que consiste en un cierre de cremallera y bot\u00f3n que se extiende hasta el cuello alto. La chaqueta tiene una capucha desmontable con cremallera y botones en los que se puede colocar el cuello de piel.<\/p>\n<h2>\u00bfQuieres comprar una chaqueta de invierno parka negra para mujer?<\/h2>\n<p>Con la chaqueta de invierno para mujer con cuello de piel Rani N negro Versano, obtienes una chaqueta que sin duda disfrutar\u00e1s durante mucho tiempo. Se trata de una chaqueta con la que puedes estar seguro de que la disfrutar\u00e1s cuando la saques a las inclemencias del tiempo. Te mantiene abrigado y est\u00e1 tan bellamente dise\u00f1ado que sin duda atraer\u00e1s la atenci\u00f3n con \u00e9l. Hacer un pedido es muy sencillo y nuestros empleados se asegurar\u00e1n de que le env\u00eden su chaqueta lo antes posible.<\/p>\n<p>Nuestro modelo mide 1,80 de altura y lleva una XS<\/p>\n<p>Marca: Versano<br \/>\nlongitud: media<br \/>\najuste: ajuste a medida<br \/>\nforro: 100% poli\u00e9ster<br \/>\nespesor del forro: 200 gramos alineados gruesa<br \/>\nlongitud de la manga: manga larga larga<br \/>\ncapucha: forrada, desmontable<br \/>\nLos extras: costuras reforzadas<br \/>\nCierre: cremallera y botones con solapa de protecci\u00f3n, cremallera frontal<br \/>\nbolsillos: bolsillos laterales y bolsillo interior<br \/>\nFunci\u00f3n: impermeable, resistente al viento<br \/>\nmaterial: poli\u00e9ster<br \/>\naccesorios: cuello de piel (opcional)<br \/>\nextra: guantes sin dedos (extremo de la manga) de pana el\u00e1stica<\/p>\n<p>Plazo de entrega: 2-3 d\u00edas laborales<\/p>","protected":false},"excerpt":{"rendered":"<p><strong>ELIGE OTRO COLOR AQU\u00cd<\/strong><\/p>\n<p><span style=\"color: #ff0000;\"><strong><a href=\"https:\/\/versano.nl\/shop\/dames-2-pocket-parka-winterjas-grijs-met-bontkraag-rani-n-versano\/\"><img loading=\"lazy\" decoding=\"async\" class=\"alignnone size-full wp-image-19661\" src=\"https:\/\/versano.nl\/wp-content\/uploads\/sites\/2\/2020\/08\/2pocket-halflange-dames-parka-winterjas-grijs-met-bontkraag-versano-rani-voorkant-thumb.jpg\" alt=\"\" width=\"56\" height=\"75\" \/><\/a><a href=\"https:\/\/versano.nl\/shop\/blauwe-2-pocket-parka-dames-winterjas-met-bontkraag-rani-n-versano\/\"><img loading=\"lazy\" decoding=\"async\" class=\"alignnone size-full wp-image-19660\" src=\"https:\/\/versano.nl\/wp-content\/uploads\/sites\/2\/2020\/08\/2pocket-halflange-dames-parka-winterjas-blauw-met-bontkraag-versano-rani-voorkant-thumb.jpg\" alt=\"\" width=\"56\" height=\"75\" \/><\/a><\/strong><\/span><\/p>\n<p><span style=\"color: #ff0000;\"><strong>Consejos de ajuste:<\/strong><\/span><\/p>\n<p><span style=\"color: #ff0000;\"> Getailleerde pasvorm, bekijk de maattabel voor de juiste maat.<\/span><\/p>\n<p><span style=\"color: #ff0000;\">Ons model is 1.74 m en weegt 64 kilo, ze draagt een Small.<\/span><\/p>\n<p>Si no est\u00e1 seguro de sus medidas, le recomendamos que primero mida las medidas de su talla y las compare con nuestra tabla de tallas. Si no tiene experiencia en medir tama\u00f1os de circunferencia, haga clic en <a href=\"https:\/\/www.youtube.com\/watch?v=3ZSfY87v6pM\"><em>AQU\u00cd<\/em>\u00a0<\/a>\u00a0para <span style=\"color: #ff0000;\"><a style=\"color: #ff0000;\" href=\"https:\/\/www.youtube.com\/watch?v=3ZSfY87v6pM\"><em>VIDEO<\/em><\/a><\/span>\u00a0 con instrucciones. \u00a1Tambi\u00e9n puede llamarnos o enviarnos una aplicaci\u00f3n directamente! Nuestros empleados est\u00e1n siempre disponibles para ayudar.<\/p>\n<p><strong>EL TIEMPO DE ENTREGA :<\/strong> 2 a 3 d\u00edas laborables.<\/p>\n<p><span style=\"color: #ff0000;\">INFORMACION IMPORTANTE<\/span> :<\/p>\n<p>Wij hebben een gedetailleerd pasvorm advies aangegeven in de product afbeeldingen. Bekijk dit voordat u een bestelling plaatst.<\/p>\n<p>Puedes comprar cualquier chaqueta Versano con o sin cuello de piel, el cuello de piel no est\u00e1 incluido.<\/p>","protected":false},"featured_media":35220,"comment_status":"closed","ping_status":"closed","template":"","meta":[],"product_brand":[],"product_cat":[1403,1012,1353,1406,1145,1384,1389,1382,828,1383,1037,1038,882,1143,1144,2204,1415,1041,1042,215,1404,1339],"product_tag":[1150,1290,518,1291,1407,1357,1437,386],"class_list":{"0":"post-16925","1":"product","2":"type-product","3":"status-publish","4":"has-post-thumbnail","6":"product_cat-bontkraag-jas","7":"product_cat-dames-jas-met-bontkraag","8":"product_cat-dames-jas-met-pels","9":"product_cat-dames-parka-winterjas","10":"product_cat-dames-winterjas","11":"product_cat-dames-winterjas-met-bontkraag","12":"product_cat-dames-winterjas-met-pels","13":"product_cat-dames-winterjassen","14":"product_cat-dames-winterjassen-grote-maten","15":"product_cat-dames-winterjassen-met-bontkraag","16":"product_cat-jas-met-bontkraag","17":"product_cat-jas-met-bontkraag-dames","18":"product_cat-versano","19":"product_cat-winterjas","20":"product_cat-winterjas-dames","21":"product_cat-winterjas-dames-halflang","22":"product_cat-winterjas-dames-met-bontkraag","23":"product_cat-winterjas-met-bontkraag","24":"product_cat-winterjas-met-bontkraag-dames","25":"product_cat-dames-jassen-met-bontkraag","26":"product_cat-winterjassen","27":"product_cat-winterjassen-dames","28":"product_tag-2-pockets-dames-winter-parka-met-bontkraag","29":"product_tag-dames-parka-jas-zwart","30":"product_tag-dames-parka-versano-zwart","31":"product_tag-versano-parka-dames-jas","32":"product_tag-winterjas-dames-met-bontkraag","33":"product_tag-winterjas-dames-parka","34":"product_tag-winterjas-dames-sale","35":"product_tag-zwarte-winterjas-dames","36":"product_shipping_class-verzendkosten-1","37":"tm-has-options","39":"first","40":"instock","41":"sale","42":"taxable","43":"shipping-taxable","44":"purchasable","45":"product-type-variable"},"yoast_head":"<!-- This site is optimized with the Yoast SEO plugin v27.2 - https:\/\/yoast.com\/product\/yoast-seo-wordpress\/ -->\n<title>Winterjas dames met bontkraag Rani N zwart Versano<\/title>\n<meta name=\"description\" content=\"Ben je op zoek naar een Winterjas dames met bontkraag Rani N zwart Versano? Dan bent u bij Versano aan het juiste adres voor winterjassen.\" \/>\n<meta name=\"robots\" content=\"index, follow, max-snippet:-1, max-image-preview:large, max-video-preview:-1\" \/>\n<link rel=\"canonical\" href=\"https:\/\/versano.nl\/es\/shop\/dames-2-pocket-parka-winterjas-zwart-met-bontkraag-rani-n-versano\/\" \/>\n<meta property=\"og:locale\" content=\"es_ES\" \/>\n<meta property=\"og:type\" content=\"article\" \/>\n<meta property=\"og:title\" content=\"Winterjas dames met bontkraag Rani N zwart Versano\" \/>\n<meta property=\"og:description\" content=\"Ben je op zoek naar een Winterjas dames met bontkraag Rani N zwart Versano? Dan bent u bij Versano aan het juiste adres voor winterjassen.\" \/>\n<meta property=\"og:url\" content=\"https:\/\/versano.nl\/es\/shop\/dames-2-pocket-parka-winterjas-zwart-met-bontkraag-rani-n-versano\/\" \/>\n<meta property=\"og:site_name\" content=\"Versano\" \/>\n<meta property=\"article:modified_time\" content=\"2026-04-23T17:37:23+00:00\" \/>\n<meta property=\"og:image\" content=\"https:\/\/versano.nl\/wp-content\/uploads\/2020\/08\/thumbnail_IMG_7931.jpg\" \/>\n\t<meta property=\"og:image:width\" content=\"802\" \/>\n\t<meta property=\"og:image:height\" content=\"1200\" \/>\n\t<meta property=\"og:image:type\" content=\"image\/jpeg\" \/>\n<meta name=\"twitter:card\" content=\"summary_large_image\" \/>\n<meta name=\"twitter:label1\" content=\"Tiempo de lectura\" \/>\n\t<meta name=\"twitter:data1\" content=\"2 minutos\" \/>\n<script type=\"application\/ld+json\" class=\"yoast-schema-graph\">{\"@context\":\"https:\/\/schema.org\",\"@graph\":[{\"@type\":\"WebPage\",\"@id\":\"https:\/\/versano.nl\/shop\/dames-2-pocket-parka-winterjas-zwart-met-bontkraag-rani-n-versano\/\",\"url\":\"https:\/\/versano.nl\/shop\/dames-2-pocket-parka-winterjas-zwart-met-bontkraag-rani-n-versano\/\",\"name\":\"Winterjas dames met bontkraag Rani N zwart Versano\",\"isPartOf\":{\"@id\":\"https:\/\/versano.nl\/#website\"},\"primaryImageOfPage\":{\"@id\":\"https:\/\/versano.nl\/shop\/dames-2-pocket-parka-winterjas-zwart-met-bontkraag-rani-n-versano\/#primaryimage\"},\"image\":{\"@id\":\"https:\/\/versano.nl\/shop\/dames-2-pocket-parka-winterjas-zwart-met-bontkraag-rani-n-versano\/#primaryimage\"},\"thumbnailUrl\":\"https:\/\/versano.nl\/wp-content\/uploads\/2020\/08\/thumbnail_IMG_7931.jpg\",\"datePublished\":\"2020-08-06T22:04:49+00:00\",\"dateModified\":\"2026-04-23T17:37:23+00:00\",\"description\":\"Ben je op zoek naar een Winterjas dames met bontkraag Rani N zwart Versano? Dan bent u bij Versano aan het juiste adres voor winterjassen.\",\"breadcrumb\":{\"@id\":\"https:\/\/versano.nl\/shop\/dames-2-pocket-parka-winterjas-zwart-met-bontkraag-rani-n-versano\/#breadcrumb\"},\"inLanguage\":\"es\",\"potentialAction\":[{\"@type\":\"ReadAction\",\"target\":[\"https:\/\/versano.nl\/shop\/dames-2-pocket-parka-winterjas-zwart-met-bontkraag-rani-n-versano\/\"]}]},{\"@type\":\"ImageObject\",\"inLanguage\":\"es\",\"@id\":\"https:\/\/versano.nl\/shop\/dames-2-pocket-parka-winterjas-zwart-met-bontkraag-rani-n-versano\/#primaryimage\",\"url\":\"https:\/\/versano.nl\/wp-content\/uploads\/2020\/08\/thumbnail_IMG_7931.jpg\",\"contentUrl\":\"https:\/\/versano.nl\/wp-content\/uploads\/2020\/08\/thumbnail_IMG_7931.jpg\",\"width\":802,\"height\":1200,\"caption\":\"Winterjas dames met bontkraag Rani N zwart Versano\"},{\"@type\":\"BreadcrumbList\",\"@id\":\"https:\/\/versano.nl\/shop\/dames-2-pocket-parka-winterjas-zwart-met-bontkraag-rani-n-versano\/#breadcrumb\",\"itemListElement\":[{\"@type\":\"ListItem\",\"position\":1,\"name\":\"Home\",\"item\":\"https:\/\/versano.nl\/\"},{\"@type\":\"ListItem\",\"position\":2,\"name\":\"Shop\",\"item\":\"https:\/\/versano.nl\/shop\/\"},{\"@type\":\"ListItem\",\"position\":3,\"name\":\"Winterjas dames met bontkraag Rani N zwart Versano\"}]},{\"@type\":\"WebSite\",\"@id\":\"https:\/\/versano.nl\/#website\",\"url\":\"https:\/\/versano.nl\/\",\"name\":\"Versano\",\"description\":\"winterjassen met bontkraag | leren dames jassen | leren heren jassen\",\"potentialAction\":[{\"@type\":\"SearchAction\",\"target\":{\"@type\":\"EntryPoint\",\"urlTemplate\":\"https:\/\/versano.nl\/?s={search_term_string}\"},\"query-input\":{\"@type\":\"PropertyValueSpecification\",\"valueRequired\":true,\"valueName\":\"search_term_string\"}}],\"inLanguage\":\"es\"}]}<\/script>\n<!-- \/ Yoast SEO plugin. -->","yoast_head_json":{"title":"Chaqueta de invierno para mujer con cuello de piel Rani N negro Versano","description":"\u00bfEst\u00e1s buscando una chaqueta de invierno para mujer con cuello de piel Rani N negro Versano? Entonces Versano es el lugar adecuado para las chaquetas de invierno.","robots":{"index":"index","follow":"follow","max-snippet":"max-snippet:-1","max-image-preview":"max-image-preview:large","max-video-preview":"max-video-preview:-1"},"canonical":"https:\/\/versano.nl\/es\/shop\/dames-2-pocket-parka-winterjas-zwart-met-bontkraag-rani-n-versano\/","og_locale":"es_ES","og_type":"article","og_title":"Winterjas dames met bontkraag Rani N zwart Versano","og_description":"Ben je op zoek naar een Winterjas dames met bontkraag Rani N zwart Versano? Dan bent u bij Versano aan het juiste adres voor winterjassen.","og_url":"https:\/\/versano.nl\/es\/shop\/dames-2-pocket-parka-winterjas-zwart-met-bontkraag-rani-n-versano\/","og_site_name":"Versano","article_modified_time":"2026-04-23T17:37:23+00:00","og_image":[{"width":802,"height":1200,"url":"https:\/\/versano.nl\/wp-content\/uploads\/2020\/08\/thumbnail_IMG_7931.jpg","type":"image\/jpeg"}],"twitter_card":"summary_large_image","twitter_misc":{"Tiempo de lectura":"2 minutos"},"schema":{"@context":"https:\/\/schema.org","@graph":[{"@type":"WebPage","@id":"https:\/\/versano.nl\/shop\/dames-2-pocket-parka-winterjas-zwart-met-bontkraag-rani-n-versano\/","url":"https:\/\/versano.nl\/shop\/dames-2-pocket-parka-winterjas-zwart-met-bontkraag-rani-n-versano\/","name":"Chaqueta de invierno para mujer con cuello de piel Rani N negro Versano","isPartOf":{"@id":"https:\/\/versano.nl\/#website"},"primaryImageOfPage":{"@id":"https:\/\/versano.nl\/shop\/dames-2-pocket-parka-winterjas-zwart-met-bontkraag-rani-n-versano\/#primaryimage"},"image":{"@id":"https:\/\/versano.nl\/shop\/dames-2-pocket-parka-winterjas-zwart-met-bontkraag-rani-n-versano\/#primaryimage"},"thumbnailUrl":"https:\/\/versano.nl\/wp-content\/uploads\/2020\/08\/thumbnail_IMG_7931.jpg","datePublished":"2020-08-06T22:04:49+00:00","dateModified":"2026-04-23T17:37:23+00:00","description":"\u00bfEst\u00e1s buscando una chaqueta de invierno para mujer con cuello de piel Rani N negro Versano? Entonces Versano es el lugar adecuado para las chaquetas de invierno.","breadcrumb":{"@id":"https:\/\/versano.nl\/shop\/dames-2-pocket-parka-winterjas-zwart-met-bontkraag-rani-n-versano\/#breadcrumb"},"inLanguage":"es","potentialAction":[{"@type":"ReadAction","target":["https:\/\/versano.nl\/shop\/dames-2-pocket-parka-winterjas-zwart-met-bontkraag-rani-n-versano\/"]}]},{"@type":"ImageObject","inLanguage":"es","@id":"https:\/\/versano.nl\/shop\/dames-2-pocket-parka-winterjas-zwart-met-bontkraag-rani-n-versano\/#primaryimage","url":"https:\/\/versano.nl\/wp-content\/uploads\/2020\/08\/thumbnail_IMG_7931.jpg","contentUrl":"https:\/\/versano.nl\/wp-content\/uploads\/2020\/08\/thumbnail_IMG_7931.jpg","width":802,"height":1200,"caption":"Winterjas dames met bontkraag Rani N zwart Versano"},{"@type":"BreadcrumbList","@id":"https:\/\/versano.nl\/shop\/dames-2-pocket-parka-winterjas-zwart-met-bontkraag-rani-n-versano\/#breadcrumb","itemListElement":[{"@type":"ListItem","position":1,"name":"Home","item":"https:\/\/versano.nl\/"},{"@type":"ListItem","position":2,"name":"Shop","item":"https:\/\/versano.nl\/shop\/"},{"@type":"ListItem","position":3,"name":"Winterjas dames met bontkraag Rani N zwart Versano"}]},{"@type":"WebSite","@id":"https:\/\/versano.nl\/#website","url":"https:\/\/versano.nl\/","name":"Versano","description":"abrigos de invierno con cuello de piel | chaquetas de cuero para mujer | chaquetas de cuero para hombre","potentialAction":[{"@type":"SearchAction","target":{"@type":"EntryPoint","urlTemplate":"https:\/\/versano.nl\/?s={search_term_string}"},"query-input":{"@type":"PropertyValueSpecification","valueRequired":true,"valueName":"search_term_string"}}],"inLanguage":"es"}]}},"_links":{"self":[{"href":"https:\/\/versano.nl\/es\/wp-json\/wp\/v2\/product\/16925","targetHints":{"allow":["GET"]}}],"collection":[{"href":"https:\/\/versano.nl\/es\/wp-json\/wp\/v2\/product"}],"about":[{"href":"https:\/\/versano.nl\/es\/wp-json\/wp\/v2\/types\/product"}],"replies":[{"embeddable":true,"href":"https:\/\/versano.nl\/es\/wp-json\/wp\/v2\/comments?post=16925"}],"wp:featuredmedia":[{"embeddable":true,"href":"https:\/\/versano.nl\/es\/wp-json\/wp\/v2\/media\/35220"}],"wp:attachment":[{"href":"https:\/\/versano.nl\/es\/wp-json\/wp\/v2\/media?parent=16925"}],"wp:term":[{"taxonomy":"product_brand","embeddable":true,"href":"https:\/\/versano.nl\/es\/wp-json\/wp\/v2\/product_brand?post=16925"},{"taxonomy":"product_cat","embeddable":true,"href":"https:\/\/versano.nl\/es\/wp-json\/wp\/v2\/product_cat?post=16925"},{"taxonomy":"product_tag","embeddable":true,"href":"https:\/\/versano.nl\/es\/wp-json\/wp\/v2\/product_tag?post=16925"}],"curies":[{"name":"wp","href":"https:\/\/api.w.org\/{rel}","templated":true}]}}