{"id":16845,"date":"2020-08-05T17:28:26","date_gmt":"2020-08-05T17:28:26","guid":{"rendered":"https:\/\/versano.nl\/shop\/dames-kunstdons-lightweight-jack-met-capuchon-groen-versano-jennifer\/"},"modified":"2026-03-17T19:19:33","modified_gmt":"2026-03-17T19:19:33","slug":"dames-kunstdons-lightweight-jack-met-capuchon-groen-versano-jennifer","status":"publish","type":"product","link":"https:\/\/versano.nl\/es\/shop\/dames-kunstdons-lightweight-jack-met-capuchon-groen-versano-jennifer\/","title":{"rendered":"Chaqueta acolchada mujer verde Jennifer Versano"},"content":{"rendered":"<h2>Chaqueta acolchada mujer verde Jennifer Versano<\/h2>\n<p>Esta chaqueta acolchada est\u00e1 forrada con plum\u00f3n artificial y est\u00e1 confeccionada con una capucha fija. La chaqueta est\u00e1 fabricada con materiales de muy alta calidad y pesa solo 250 gramos. Esta chaqueta de plum\u00f3n artificial es muy especial y se adapta muy bien a tu cuerpo debido a su peso ligero. La chaqueta acolchada de mujer verde Jennifer Versano tiene un corte entallado muy agradable, lo que la hace lucir excepcionalmente mejor que otras chaquetas de plumas. Puede usar esta chaqueta en primavera u oto\u00f1o, pero la chaqueta es adecuada para usar durante todo el a\u00f1o. La chaqueta tiene una cremallera central, 2 bolsillos laterales con cremalleras y tiene un bolsillo interior espacioso. La chaqueta acolchada para mujer viene en una bonita bolsa Versano, para que puedas enrollarla f\u00e1cilmente y llevarla a cualquier parte. Por tanto, es un modelo que podemos recomendar de todo coraz\u00f3n. Con esta chaqueta puedes estar seguro de que pronto tendr\u00e1s una nueva chaqueta colgando de tus hombros en la que se te podr\u00e1 ver.<\/p>\n<h2>Solicitar modelo Jennifer en verde<\/h2>\n<p>Este modelo Versano no solo est\u00e1 disponible en el hermoso color verde, sino tambi\u00e9n en los colores azul y negro. Con una chaqueta tan hermosa de Versano, puede estar seguro de que podr\u00e1 usarla durante todo el invierno. Puede pedir f\u00e1cilmente este modelo en la tienda web de Versano. Hemos reunido todas nuestras chaquetas aqu\u00ed para que pueda realizar un pedido f\u00e1cilmente. En Versano siempre puede estar seguro de que est\u00e1 comprando un hermoso abrigo que ha sido trabajado con mimo. Con nosotros, puede elegir f\u00e1cilmente el tama\u00f1o correcto seg\u00fan nuestros videos de instrucciones inteligentes. \u00bfTiene alguna pregunta o no est\u00e1 seguro de qu\u00e9 talla pedir? Entonces siempre puede contactarnos por correo o WhatsApp. \u00a1Nuestros empleados desean ayudarlo!<\/p>\n<p>marca:\u00a0<a href=\"https:\/\/versano.nl\/\">Versano<\/a><br \/>\nlongitud: corto<br \/>\nAjuste: corte ce\u00f1ido<br \/>\nForro: 100% poli\u00e9ster<br \/>\nlongitud de la manga: manga larga<br \/>\nbolsillos: bolsillos laterales, interiores<br \/>\nFunci\u00f3n: impermeable, resistente al viento<br \/>\ncapa externa de material: 100% poli\u00e9ster<\/p>\n<p>Plazo de entrega: 2-3 d\u00edas laborables<\/p>","protected":false},"excerpt":{"rendered":"<p><span style=\"color: red;\">Consejos de ajuste:<\/span> Esta chaqueta tiene un corte entallado regular. Nuestro modelo mide 1,74 cm y lleva una XS.<\/p>\n<p>Si no est\u00e1 seguro de sus medidas, le recomendamos que primero mida las medidas de su talla y las compare con nuestra tabla de tallas. Si no tiene experiencia en medir tama\u00f1os de circunferencia, haga clic en\u00a0<a href=\"https:\/\/www.youtube.com\/watch?v=3ZSfY87v6pM\"><em>AQU\u00cd<\/em>\u00a0<\/a>\u00a0para\u00a0<span style=\"color: red;\"><a href=\"https:\/\/www.youtube.com\/watch?v=3ZSfY87v6pM\"><em>VIDEO<\/em><\/a>\u00a0\u00a0<\/span>con instrucciones. \u00a1Tambi\u00e9n puede llamarnos o enviarnos una aplicaci\u00f3n directamente! Nuestros empleados est\u00e1n siempre disponibles para ayudar.<\/p>\n<p><strong>EL TIEMPO DE ENTREGA<\/strong>\u00a0: 2 a 3 d\u00edas h\u00e1biles.<\/p>","protected":false},"featured_media":16915,"comment_status":"closed","ping_status":"closed","template":"","meta":[],"product_brand":[],"product_cat":[2003,1334,2001,1333,2009,1335],"product_tag":[1287,1829,1286,1828,1285,1805,1284,1804,1831,1830,1813],"class_list":{"0":"post-16845","1":"product","2":"type-product","3":"status-publish","4":"has-post-thumbnail","6":"product_cat-dames-donsjas","7":"product_cat-donsjassen-dames","8":"product_cat-dames-gewatteerde-jas","9":"product_cat-gewatteerde-jassen-dames","10":"product_cat-lichtgewicht-donsjas-dames","11":"product_cat-lightweight-jas-dames","12":"product_tag-caupuchon-donsjas","13":"product_tag-dames-collectie-versano","14":"product_tag-dames-donsjasje-met-capuchon","15":"product_tag-dames-jas-gewatteerd","16":"product_tag-dons-jasje-dames-groen","17":"product_tag-donsjas-dames","18":"product_tag-donsjasje-dames-groen","19":"product_tag-gewatteerde-dames-jas","20":"product_tag-groene-donsjas","21":"product_tag-zomerjas-dames-kopen","22":"product_tag-zomerjassen-dames","23":"product_shipping_class-verzendkosten-1","24":"tm-no-options","26":"first","27":"instock","28":"sale","29":"taxable","30":"shipping-taxable","31":"purchasable","32":"product-type-variable"},"yoast_head":"<!-- This site is optimized with the Yoast SEO plugin v27.2 - https:\/\/yoast.com\/product\/yoast-seo-wordpress\/ -->\n<title>Dames gewatteerde jas groen Jennifer Versano, donsjassen voor dames<\/title>\n<meta name=\"description\" content=\"Ben je op zoek naar een Dames gewatteerde jas groen Jennifer Versano, dan zit je bij Versano aan het juiste adres voor dames donsjassen.\" \/>\n<meta name=\"robots\" content=\"index, follow, max-snippet:-1, max-image-preview:large, max-video-preview:-1\" \/>\n<link rel=\"canonical\" href=\"https:\/\/versano.nl\/es\/shop\/dames-kunstdons-lightweight-jack-met-capuchon-groen-versano-jennifer\/\" \/>\n<meta property=\"og:locale\" content=\"es_ES\" \/>\n<meta property=\"og:type\" content=\"article\" \/>\n<meta property=\"og:title\" content=\"Dames gewatteerde jas groen Jennifer Versano, donsjassen voor dames\" \/>\n<meta property=\"og:description\" content=\"Ben je op zoek naar een Dames gewatteerde jas groen Jennifer Versano, dan zit je bij Versano aan het juiste adres voor dames donsjassen.\" \/>\n<meta property=\"og:url\" content=\"https:\/\/versano.nl\/es\/shop\/dames-kunstdons-lightweight-jack-met-capuchon-groen-versano-jennifer\/\" \/>\n<meta property=\"og:site_name\" content=\"Versano\" \/>\n<meta property=\"article:modified_time\" content=\"2026-03-17T19:19:33+00:00\" \/>\n<meta property=\"og:image\" content=\"https:\/\/versano.nl\/wp-content\/uploads\/2020\/08\/dames-lightweight-donsjas-groen-met-capuchon-versano-jennifer-voorkant2.jpg\" \/>\n\t<meta property=\"og:image:width\" content=\"900\" \/>\n\t<meta property=\"og:image:height\" content=\"1200\" \/>\n\t<meta property=\"og:image:type\" content=\"image\/jpeg\" \/>\n<meta name=\"twitter:card\" content=\"summary_large_image\" \/>\n<meta name=\"twitter:label1\" content=\"Tiempo de lectura\" \/>\n\t<meta name=\"twitter:data1\" content=\"2 minutos\" \/>\n<script type=\"application\/ld+json\" class=\"yoast-schema-graph\">{\"@context\":\"https:\/\/schema.org\",\"@graph\":[{\"@type\":\"WebPage\",\"@id\":\"https:\/\/versano.nl\/shop\/dames-kunstdons-lightweight-jack-met-capuchon-groen-versano-jennifer\/\",\"url\":\"https:\/\/versano.nl\/shop\/dames-kunstdons-lightweight-jack-met-capuchon-groen-versano-jennifer\/\",\"name\":\"Dames gewatteerde jas groen Jennifer Versano, donsjassen voor dames\",\"isPartOf\":{\"@id\":\"https:\/\/versano.nl\/#website\"},\"primaryImageOfPage\":{\"@id\":\"https:\/\/versano.nl\/shop\/dames-kunstdons-lightweight-jack-met-capuchon-groen-versano-jennifer\/#primaryimage\"},\"image\":{\"@id\":\"https:\/\/versano.nl\/shop\/dames-kunstdons-lightweight-jack-met-capuchon-groen-versano-jennifer\/#primaryimage\"},\"thumbnailUrl\":\"https:\/\/versano.nl\/wp-content\/uploads\/2020\/08\/dames-lightweight-donsjas-groen-met-capuchon-versano-jennifer-voorkant2.jpg\",\"datePublished\":\"2020-08-05T17:28:26+00:00\",\"dateModified\":\"2026-03-17T19:19:33+00:00\",\"description\":\"Ben je op zoek naar een Dames gewatteerde jas groen Jennifer Versano, dan zit je bij Versano aan het juiste adres voor dames donsjassen.\",\"breadcrumb\":{\"@id\":\"https:\/\/versano.nl\/shop\/dames-kunstdons-lightweight-jack-met-capuchon-groen-versano-jennifer\/#breadcrumb\"},\"inLanguage\":\"es\",\"potentialAction\":[{\"@type\":\"ReadAction\",\"target\":[\"https:\/\/versano.nl\/shop\/dames-kunstdons-lightweight-jack-met-capuchon-groen-versano-jennifer\/\"]}]},{\"@type\":\"ImageObject\",\"inLanguage\":\"es\",\"@id\":\"https:\/\/versano.nl\/shop\/dames-kunstdons-lightweight-jack-met-capuchon-groen-versano-jennifer\/#primaryimage\",\"url\":\"https:\/\/versano.nl\/wp-content\/uploads\/2020\/08\/dames-lightweight-donsjas-groen-met-capuchon-versano-jennifer-voorkant2.jpg\",\"contentUrl\":\"https:\/\/versano.nl\/wp-content\/uploads\/2020\/08\/dames-lightweight-donsjas-groen-met-capuchon-versano-jennifer-voorkant2.jpg\",\"width\":900,\"height\":1200,\"caption\":\"Dames gewatteerde jas groen Jennifer Versano\"},{\"@type\":\"BreadcrumbList\",\"@id\":\"https:\/\/versano.nl\/shop\/dames-kunstdons-lightweight-jack-met-capuchon-groen-versano-jennifer\/#breadcrumb\",\"itemListElement\":[{\"@type\":\"ListItem\",\"position\":1,\"name\":\"Home\",\"item\":\"https:\/\/versano.nl\/\"},{\"@type\":\"ListItem\",\"position\":2,\"name\":\"Shop\",\"item\":\"https:\/\/versano.nl\/shop\/\"},{\"@type\":\"ListItem\",\"position\":3,\"name\":\"Dames gewatteerde jas groen Jennifer Versano\"}]},{\"@type\":\"WebSite\",\"@id\":\"https:\/\/versano.nl\/#website\",\"url\":\"https:\/\/versano.nl\/\",\"name\":\"Versano\",\"description\":\"winterjassen met bontkraag | leren dames jassen | leren heren jassen\",\"potentialAction\":[{\"@type\":\"SearchAction\",\"target\":{\"@type\":\"EntryPoint\",\"urlTemplate\":\"https:\/\/versano.nl\/?s={search_term_string}\"},\"query-input\":{\"@type\":\"PropertyValueSpecification\",\"valueRequired\":true,\"valueName\":\"search_term_string\"}}],\"inLanguage\":\"es\"}]}<\/script>\n<!-- \/ Yoast SEO plugin. -->","yoast_head_json":{"title":"Chaqueta acolchada de mujer verde Jennifer Versano, chaquetas de plumas para mujer","description":"Si buscas una chaqueta acolchada para mujer verde Jennifer Versano, Versano es el lugar adecuado para chaquetas de plumas para mujer.","robots":{"index":"index","follow":"follow","max-snippet":"max-snippet:-1","max-image-preview":"max-image-preview:large","max-video-preview":"max-video-preview:-1"},"canonical":"https:\/\/versano.nl\/es\/shop\/dames-kunstdons-lightweight-jack-met-capuchon-groen-versano-jennifer\/","og_locale":"es_ES","og_type":"article","og_title":"Dames gewatteerde jas groen Jennifer Versano, donsjassen voor dames","og_description":"Ben je op zoek naar een Dames gewatteerde jas groen Jennifer Versano, dan zit je bij Versano aan het juiste adres voor dames donsjassen.","og_url":"https:\/\/versano.nl\/es\/shop\/dames-kunstdons-lightweight-jack-met-capuchon-groen-versano-jennifer\/","og_site_name":"Versano","article_modified_time":"2026-03-17T19:19:33+00:00","og_image":[{"width":900,"height":1200,"url":"https:\/\/versano.nl\/wp-content\/uploads\/2020\/08\/dames-lightweight-donsjas-groen-met-capuchon-versano-jennifer-voorkant2.jpg","type":"image\/jpeg"}],"twitter_card":"summary_large_image","twitter_misc":{"Tiempo de lectura":"2 minutos"},"schema":{"@context":"https:\/\/schema.org","@graph":[{"@type":"WebPage","@id":"https:\/\/versano.nl\/shop\/dames-kunstdons-lightweight-jack-met-capuchon-groen-versano-jennifer\/","url":"https:\/\/versano.nl\/shop\/dames-kunstdons-lightweight-jack-met-capuchon-groen-versano-jennifer\/","name":"Chaqueta acolchada de mujer verde Jennifer Versano, chaquetas de plumas para mujer","isPartOf":{"@id":"https:\/\/versano.nl\/#website"},"primaryImageOfPage":{"@id":"https:\/\/versano.nl\/shop\/dames-kunstdons-lightweight-jack-met-capuchon-groen-versano-jennifer\/#primaryimage"},"image":{"@id":"https:\/\/versano.nl\/shop\/dames-kunstdons-lightweight-jack-met-capuchon-groen-versano-jennifer\/#primaryimage"},"thumbnailUrl":"https:\/\/versano.nl\/wp-content\/uploads\/2020\/08\/dames-lightweight-donsjas-groen-met-capuchon-versano-jennifer-voorkant2.jpg","datePublished":"2020-08-05T17:28:26+00:00","dateModified":"2026-03-17T19:19:33+00:00","description":"Si buscas una chaqueta acolchada para mujer verde Jennifer Versano, Versano es el lugar adecuado para chaquetas de plumas para mujer.","breadcrumb":{"@id":"https:\/\/versano.nl\/shop\/dames-kunstdons-lightweight-jack-met-capuchon-groen-versano-jennifer\/#breadcrumb"},"inLanguage":"es","potentialAction":[{"@type":"ReadAction","target":["https:\/\/versano.nl\/shop\/dames-kunstdons-lightweight-jack-met-capuchon-groen-versano-jennifer\/"]}]},{"@type":"ImageObject","inLanguage":"es","@id":"https:\/\/versano.nl\/shop\/dames-kunstdons-lightweight-jack-met-capuchon-groen-versano-jennifer\/#primaryimage","url":"https:\/\/versano.nl\/wp-content\/uploads\/2020\/08\/dames-lightweight-donsjas-groen-met-capuchon-versano-jennifer-voorkant2.jpg","contentUrl":"https:\/\/versano.nl\/wp-content\/uploads\/2020\/08\/dames-lightweight-donsjas-groen-met-capuchon-versano-jennifer-voorkant2.jpg","width":900,"height":1200,"caption":"Dames gewatteerde jas groen Jennifer Versano"},{"@type":"BreadcrumbList","@id":"https:\/\/versano.nl\/shop\/dames-kunstdons-lightweight-jack-met-capuchon-groen-versano-jennifer\/#breadcrumb","itemListElement":[{"@type":"ListItem","position":1,"name":"Home","item":"https:\/\/versano.nl\/"},{"@type":"ListItem","position":2,"name":"Shop","item":"https:\/\/versano.nl\/shop\/"},{"@type":"ListItem","position":3,"name":"Dames gewatteerde jas groen Jennifer Versano"}]},{"@type":"WebSite","@id":"https:\/\/versano.nl\/#website","url":"https:\/\/versano.nl\/","name":"Versano","description":"abrigos de invierno con cuello de piel | chaquetas de cuero para mujer | chaquetas de cuero para hombre","potentialAction":[{"@type":"SearchAction","target":{"@type":"EntryPoint","urlTemplate":"https:\/\/versano.nl\/?s={search_term_string}"},"query-input":{"@type":"PropertyValueSpecification","valueRequired":true,"valueName":"search_term_string"}}],"inLanguage":"es"}]}},"_links":{"self":[{"href":"https:\/\/versano.nl\/es\/wp-json\/wp\/v2\/product\/16845","targetHints":{"allow":["GET"]}}],"collection":[{"href":"https:\/\/versano.nl\/es\/wp-json\/wp\/v2\/product"}],"about":[{"href":"https:\/\/versano.nl\/es\/wp-json\/wp\/v2\/types\/product"}],"replies":[{"embeddable":true,"href":"https:\/\/versano.nl\/es\/wp-json\/wp\/v2\/comments?post=16845"}],"wp:featuredmedia":[{"embeddable":true,"href":"https:\/\/versano.nl\/es\/wp-json\/wp\/v2\/media\/16915"}],"wp:attachment":[{"href":"https:\/\/versano.nl\/es\/wp-json\/wp\/v2\/media?parent=16845"}],"wp:term":[{"taxonomy":"product_brand","embeddable":true,"href":"https:\/\/versano.nl\/es\/wp-json\/wp\/v2\/product_brand?post=16845"},{"taxonomy":"product_cat","embeddable":true,"href":"https:\/\/versano.nl\/es\/wp-json\/wp\/v2\/product_cat?post=16845"},{"taxonomy":"product_tag","embeddable":true,"href":"https:\/\/versano.nl\/es\/wp-json\/wp\/v2\/product_tag?post=16845"}],"curies":[{"name":"wp","href":"https:\/\/api.w.org\/{rel}","templated":true}]}}