{"id":16826,"date":"2020-08-04T23:13:34","date_gmt":"2020-08-04T23:13:34","guid":{"rendered":"https:\/\/versano.nl\/shop\/lightweight-dames-kunstdons-jack-groen-versano-simi\/"},"modified":"2026-03-11T11:22:36","modified_gmt":"2026-03-11T11:22:36","slug":"lightweight-dames-kunstdons-jack-groen-versano-simi","status":"publish","type":"product","link":"https:\/\/versano.nl\/es\/shop\/lightweight-dames-kunstdons-jack-groen-versano-simi\/","title":{"rendered":"Chaqueta de plumas para mujer verde Simi Versano"},"content":{"rendered":"<h2>Chaqueta de plumas para mujer verde Simi Versano<\/h2>\n<p>Esta chaqueta de plum\u00f3n para mujer verde Simi Versano tiene un plum\u00f3n artificial de alta calidad que hace que pese solo 265 gramos, esta chaqueta de plum\u00f3n artificial es muy especial y es muy c\u00f3moda debido al peso ligero en tu cuerpo. La chaqueta tiene un corte ce\u00f1ido muy agradable, lo que la hace lucir excepcionalmente mejor que otras chaquetas acolchadas. Puede usar esta chaqueta en primavera u oto\u00f1o, pero la chaqueta es adecuada para usar durante todo el a\u00f1o. La chaqueta tiene cremallera central, 2 bolsillos laterales con cremallera y un bolsillo interior espacioso. Este modelo Versano no solo est\u00e1 disponible en el color verde fr\u00edo, sino tambi\u00e9n en los colores azul y negro. La chaqueta viene en una bonita bolsa Versano, por lo que puede enrollarla f\u00e1cilmente y llevarla a cualquier parte. Por tanto, es un modelo que podemos recomendar de todo coraz\u00f3n. Con esta chaqueta puedes estar seguro de que pronto tendr\u00e1s una nueva chaqueta colgando de tus hombros en la que se te podr\u00e1 ver.<\/p>\n<h2>Solicitar modelo Simi en verde<\/h2>\n<p>Con una chaqueta tan hermosa de Versano, puede estar seguro de que podr\u00e1 usarla durante todo el invierno. Puede pedir f\u00e1cilmente este modelo en la tienda web de Versano. Hemos reunido todas nuestras chaquetas aqu\u00ed para que pueda realizar un pedido f\u00e1cilmente. En Versano siempre puede estar seguro de que est\u00e1 comprando un hermoso abrigo que ha sido trabajado con mimo. Con nosotros, puede elegir f\u00e1cilmente el tama\u00f1o correcto seg\u00fan nuestros videos de instrucciones inteligentes. \u00bfTiene alguna pregunta o no est\u00e1 seguro de qu\u00e9 talla pedir? Entonces siempre puede contactarnos por correo o WhatsApp. \u00a1Nuestros empleados desean ayudarlo!<\/p>\n<p>marca:\u00a0<a title=\"versano\" href=\"https:\/\/versano.nl\/\" target=\"_blank\" rel=\"noopener noreferrer\">Versano<\/a><br \/>\nlongitud: corto<br \/>\nAjuste: corte ce\u00f1ido<br \/>\nForro: 100% poli\u00e9ster<br \/>\nlongitud de la manga: manga larga<br \/>\nbolsillos: bolsillos laterales, interiores<br \/>\nFunci\u00f3n: impermeable, resistente al viento<br \/>\ncapa externa de material: 100% poli\u00e9ster<\/p>\n<p>Plazo de entrega: 2-3 d\u00edas laborables<\/p>","protected":false},"excerpt":{"rendered":"<p><span style=\"color: red;\">Consejos de ajuste:<\/span>\u00a0Esta chaqueta tiene un corte entallado regular. Nuestro modelo mide 1,68 cm de altura y lleva una XS.<\/p>\n<p>Si no est\u00e1 seguro de sus medidas, le recomendamos que primero mida las medidas de su talla y las compare con nuestra tabla de tallas. Si no tiene experiencia en medir tama\u00f1os de circunferencia, haga clic en\u00a0<a href=\"https:\/\/www.youtube.com\/watch?v=3ZSfY87v6pM\"><em><span style=\"text-decoration: none;\">AQU\u00cd<\/span><\/em>\u00a0<\/a>\u00a0para\u00a0<span style=\"color: red;\"><a href=\"https:\/\/www.youtube.com\/watch?v=3ZSfY87v6pM\"><em><span style=\"color: red; text-decoration: none;\">VIDEO<\/span><\/em><\/a>\u00a0\u00a0<\/span>con instrucciones. \u00a1Tambi\u00e9n puede llamarnos o enviarnos una aplicaci\u00f3n directamente! Nuestros empleados est\u00e1n siempre disponibles para ayudar.<\/p>\n<p><strong>EL TIEMPO DE ENTREGA<\/strong>\u00a0: 2 a 3 d\u00edas h\u00e1biles.<\/p>","protected":false},"featured_media":16836,"comment_status":"closed","ping_status":"closed","template":"","meta":[],"product_brand":[],"product_cat":[2003,1334,2001,1333,2009,1335],"product_tag":[1280,1283,1814,1805,1811,1281,1812,1810,1282,1816,1815,1819,1813],"class_list":{"0":"post-16826","1":"product","2":"type-product","3":"status-publish","4":"has-post-thumbnail","6":"product_cat-dames-donsjas","7":"product_cat-donsjassen-dames","8":"product_cat-dames-gewatteerde-jas","9":"product_cat-gewatteerde-jassen-dames","10":"product_cat-lichtgewicht-donsjas-dames","11":"product_cat-lightweight-jas-dames","12":"product_tag-dames-donsjasje-groen","13":"product_tag-dames-donsjasjes","14":"product_tag-dames-zomerjas","15":"product_tag-donsjas-dames","16":"product_tag-donsjas-dames-groen","17":"product_tag-donzen-dames-jassen","18":"product_tag-gewatteerde-dames-jas-groen","19":"product_tag-gewatteerde-jas-dames","20":"product_tag-groene-dames-dons-jack","21":"product_tag-versano-dames-collectie","22":"product_tag-versano-dames-zomerjas","23":"product_tag-zomerjas-online-kopen","24":"product_tag-zomerjassen-dames","25":"product_shipping_class-verzendkosten-1","26":"tm-no-options","28":"first","29":"instock","30":"taxable","31":"shipping-taxable","32":"purchasable","33":"product-type-variable"},"yoast_head":"<!-- This site is optimized with the Yoast SEO plugin v27.2 - https:\/\/yoast.com\/product\/yoast-seo-wordpress\/ -->\n<title>Donsjas dames groen Simi Versano, kunst donsjasje<\/title>\n<meta name=\"description\" content=\"Ben je op zoek naar een Donsjas dames groen Simi Versano, dan zit je bij Versano aan het juiste adres voor kunstdons jasjes.\" \/>\n<meta name=\"robots\" content=\"index, follow, max-snippet:-1, max-image-preview:large, max-video-preview:-1\" \/>\n<link rel=\"canonical\" href=\"https:\/\/versano.nl\/es\/shop\/lightweight-dames-kunstdons-jack-groen-versano-simi\/\" \/>\n<meta property=\"og:locale\" content=\"es_ES\" \/>\n<meta property=\"og:type\" content=\"article\" \/>\n<meta property=\"og:title\" content=\"Donsjas dames groen Simi Versano, kunst donsjasje\" \/>\n<meta property=\"og:description\" content=\"Ben je op zoek naar een Donsjas dames groen Simi Versano, dan zit je bij Versano aan het juiste adres voor kunstdons jasjes.\" \/>\n<meta property=\"og:url\" content=\"https:\/\/versano.nl\/es\/shop\/lightweight-dames-kunstdons-jack-groen-versano-simi\/\" \/>\n<meta property=\"og:site_name\" content=\"Versano\" \/>\n<meta property=\"article:modified_time\" content=\"2026-03-11T11:22:36+00:00\" \/>\n<meta property=\"og:image\" content=\"https:\/\/versano.nl\/wp-content\/uploads\/2020\/08\/lightweight-dames-donsjasje-groen-versano-simi-voorkant-1.jpg\" \/>\n\t<meta property=\"og:image:width\" content=\"900\" \/>\n\t<meta property=\"og:image:height\" content=\"1200\" \/>\n\t<meta property=\"og:image:type\" content=\"image\/jpeg\" \/>\n<meta name=\"twitter:card\" content=\"summary_large_image\" \/>\n<meta name=\"twitter:label1\" content=\"Tiempo de lectura\" \/>\n\t<meta name=\"twitter:data1\" content=\"2 minutos\" \/>\n<script type=\"application\/ld+json\" class=\"yoast-schema-graph\">{\"@context\":\"https:\/\/schema.org\",\"@graph\":[{\"@type\":\"WebPage\",\"@id\":\"https:\/\/versano.nl\/shop\/lightweight-dames-kunstdons-jack-groen-versano-simi\/\",\"url\":\"https:\/\/versano.nl\/shop\/lightweight-dames-kunstdons-jack-groen-versano-simi\/\",\"name\":\"Donsjas dames groen Simi Versano, kunst donsjasje\",\"isPartOf\":{\"@id\":\"https:\/\/versano.nl\/#website\"},\"primaryImageOfPage\":{\"@id\":\"https:\/\/versano.nl\/shop\/lightweight-dames-kunstdons-jack-groen-versano-simi\/#primaryimage\"},\"image\":{\"@id\":\"https:\/\/versano.nl\/shop\/lightweight-dames-kunstdons-jack-groen-versano-simi\/#primaryimage\"},\"thumbnailUrl\":\"https:\/\/versano.nl\/wp-content\/uploads\/2020\/08\/lightweight-dames-donsjasje-groen-versano-simi-voorkant-1.jpg\",\"datePublished\":\"2020-08-04T23:13:34+00:00\",\"dateModified\":\"2026-03-11T11:22:36+00:00\",\"description\":\"Ben je op zoek naar een Donsjas dames groen Simi Versano, dan zit je bij Versano aan het juiste adres voor kunstdons jasjes.\",\"breadcrumb\":{\"@id\":\"https:\/\/versano.nl\/shop\/lightweight-dames-kunstdons-jack-groen-versano-simi\/#breadcrumb\"},\"inLanguage\":\"es\",\"potentialAction\":[{\"@type\":\"ReadAction\",\"target\":[\"https:\/\/versano.nl\/shop\/lightweight-dames-kunstdons-jack-groen-versano-simi\/\"]}]},{\"@type\":\"ImageObject\",\"inLanguage\":\"es\",\"@id\":\"https:\/\/versano.nl\/shop\/lightweight-dames-kunstdons-jack-groen-versano-simi\/#primaryimage\",\"url\":\"https:\/\/versano.nl\/wp-content\/uploads\/2020\/08\/lightweight-dames-donsjasje-groen-versano-simi-voorkant-1.jpg\",\"contentUrl\":\"https:\/\/versano.nl\/wp-content\/uploads\/2020\/08\/lightweight-dames-donsjasje-groen-versano-simi-voorkant-1.jpg\",\"width\":900,\"height\":1200,\"caption\":\"Donsjas dames groen Simi Versano\"},{\"@type\":\"BreadcrumbList\",\"@id\":\"https:\/\/versano.nl\/shop\/lightweight-dames-kunstdons-jack-groen-versano-simi\/#breadcrumb\",\"itemListElement\":[{\"@type\":\"ListItem\",\"position\":1,\"name\":\"Home\",\"item\":\"https:\/\/versano.nl\/\"},{\"@type\":\"ListItem\",\"position\":2,\"name\":\"Shop\",\"item\":\"https:\/\/versano.nl\/shop\/\"},{\"@type\":\"ListItem\",\"position\":3,\"name\":\"Donsjas dames groen Simi Versano\"}]},{\"@type\":\"WebSite\",\"@id\":\"https:\/\/versano.nl\/#website\",\"url\":\"https:\/\/versano.nl\/\",\"name\":\"Versano\",\"description\":\"winterjassen met bontkraag | leren dames jassen | leren heren jassen\",\"potentialAction\":[{\"@type\":\"SearchAction\",\"target\":{\"@type\":\"EntryPoint\",\"urlTemplate\":\"https:\/\/versano.nl\/?s={search_term_string}\"},\"query-input\":{\"@type\":\"PropertyValueSpecification\",\"valueRequired\":true,\"valueName\":\"search_term_string\"}}],\"inLanguage\":\"es\"}]}<\/script>\n<!-- \/ Yoast SEO plugin. -->","yoast_head_json":{"title":"Chaqueta de plum\u00f3n para mujer verde Simi Versano, chaqueta de plum\u00f3n artificial","description":"\u00bfEst\u00e1 buscando una chaqueta de plum\u00f3n para damas verde Simi Versano, entonces Versano es el lugar adecuado para las chaquetas de plum\u00f3n artificiales.","robots":{"index":"index","follow":"follow","max-snippet":"max-snippet:-1","max-image-preview":"max-image-preview:large","max-video-preview":"max-video-preview:-1"},"canonical":"https:\/\/versano.nl\/es\/shop\/lightweight-dames-kunstdons-jack-groen-versano-simi\/","og_locale":"es_ES","og_type":"article","og_title":"Donsjas dames groen Simi Versano, kunst donsjasje","og_description":"Ben je op zoek naar een Donsjas dames groen Simi Versano, dan zit je bij Versano aan het juiste adres voor kunstdons jasjes.","og_url":"https:\/\/versano.nl\/es\/shop\/lightweight-dames-kunstdons-jack-groen-versano-simi\/","og_site_name":"Versano","article_modified_time":"2026-03-11T11:22:36+00:00","og_image":[{"width":900,"height":1200,"url":"https:\/\/versano.nl\/wp-content\/uploads\/2020\/08\/lightweight-dames-donsjasje-groen-versano-simi-voorkant-1.jpg","type":"image\/jpeg"}],"twitter_card":"summary_large_image","twitter_misc":{"Tiempo de lectura":"2 minutos"},"schema":{"@context":"https:\/\/schema.org","@graph":[{"@type":"WebPage","@id":"https:\/\/versano.nl\/shop\/lightweight-dames-kunstdons-jack-groen-versano-simi\/","url":"https:\/\/versano.nl\/shop\/lightweight-dames-kunstdons-jack-groen-versano-simi\/","name":"Chaqueta de plum\u00f3n para mujer verde Simi Versano, chaqueta de plum\u00f3n artificial","isPartOf":{"@id":"https:\/\/versano.nl\/#website"},"primaryImageOfPage":{"@id":"https:\/\/versano.nl\/shop\/lightweight-dames-kunstdons-jack-groen-versano-simi\/#primaryimage"},"image":{"@id":"https:\/\/versano.nl\/shop\/lightweight-dames-kunstdons-jack-groen-versano-simi\/#primaryimage"},"thumbnailUrl":"https:\/\/versano.nl\/wp-content\/uploads\/2020\/08\/lightweight-dames-donsjasje-groen-versano-simi-voorkant-1.jpg","datePublished":"2020-08-04T23:13:34+00:00","dateModified":"2026-03-11T11:22:36+00:00","description":"\u00bfEst\u00e1 buscando una chaqueta de plum\u00f3n para damas verde Simi Versano, entonces Versano es el lugar adecuado para las chaquetas de plum\u00f3n artificiales.","breadcrumb":{"@id":"https:\/\/versano.nl\/shop\/lightweight-dames-kunstdons-jack-groen-versano-simi\/#breadcrumb"},"inLanguage":"es","potentialAction":[{"@type":"ReadAction","target":["https:\/\/versano.nl\/shop\/lightweight-dames-kunstdons-jack-groen-versano-simi\/"]}]},{"@type":"ImageObject","inLanguage":"es","@id":"https:\/\/versano.nl\/shop\/lightweight-dames-kunstdons-jack-groen-versano-simi\/#primaryimage","url":"https:\/\/versano.nl\/wp-content\/uploads\/2020\/08\/lightweight-dames-donsjasje-groen-versano-simi-voorkant-1.jpg","contentUrl":"https:\/\/versano.nl\/wp-content\/uploads\/2020\/08\/lightweight-dames-donsjasje-groen-versano-simi-voorkant-1.jpg","width":900,"height":1200,"caption":"Donsjas dames groen Simi Versano"},{"@type":"BreadcrumbList","@id":"https:\/\/versano.nl\/shop\/lightweight-dames-kunstdons-jack-groen-versano-simi\/#breadcrumb","itemListElement":[{"@type":"ListItem","position":1,"name":"Home","item":"https:\/\/versano.nl\/"},{"@type":"ListItem","position":2,"name":"Shop","item":"https:\/\/versano.nl\/shop\/"},{"@type":"ListItem","position":3,"name":"Donsjas dames groen Simi Versano"}]},{"@type":"WebSite","@id":"https:\/\/versano.nl\/#website","url":"https:\/\/versano.nl\/","name":"Versano","description":"abrigos de invierno con cuello de piel | chaquetas de cuero para mujer | chaquetas de cuero para hombre","potentialAction":[{"@type":"SearchAction","target":{"@type":"EntryPoint","urlTemplate":"https:\/\/versano.nl\/?s={search_term_string}"},"query-input":{"@type":"PropertyValueSpecification","valueRequired":true,"valueName":"search_term_string"}}],"inLanguage":"es"}]}},"_links":{"self":[{"href":"https:\/\/versano.nl\/es\/wp-json\/wp\/v2\/product\/16826","targetHints":{"allow":["GET"]}}],"collection":[{"href":"https:\/\/versano.nl\/es\/wp-json\/wp\/v2\/product"}],"about":[{"href":"https:\/\/versano.nl\/es\/wp-json\/wp\/v2\/types\/product"}],"replies":[{"embeddable":true,"href":"https:\/\/versano.nl\/es\/wp-json\/wp\/v2\/comments?post=16826"}],"wp:featuredmedia":[{"embeddable":true,"href":"https:\/\/versano.nl\/es\/wp-json\/wp\/v2\/media\/16836"}],"wp:attachment":[{"href":"https:\/\/versano.nl\/es\/wp-json\/wp\/v2\/media?parent=16826"}],"wp:term":[{"taxonomy":"product_brand","embeddable":true,"href":"https:\/\/versano.nl\/es\/wp-json\/wp\/v2\/product_brand?post=16826"},{"taxonomy":"product_cat","embeddable":true,"href":"https:\/\/versano.nl\/es\/wp-json\/wp\/v2\/product_cat?post=16826"},{"taxonomy":"product_tag","embeddable":true,"href":"https:\/\/versano.nl\/es\/wp-json\/wp\/v2\/product_tag?post=16826"}],"curies":[{"name":"wp","href":"https:\/\/api.w.org\/{rel}","templated":true}]}}