{"id":165,"date":"2017-04-21T09:32:01","date_gmt":"2017-04-21T09:32:01","guid":{"rendered":"https:\/\/leathershopdoci.nl\/shop\/imitatieleren-heren-jas-cognac-biker-model-versano-tr-36-b\/"},"modified":"2025-05-09T10:25:16","modified_gmt":"2025-05-09T10:25:16","slug":"imitatieleren-heren-jas-cognac-biker-model-versano-trr-36-b","status":"publish","type":"product","link":"https:\/\/versano.nl\/es\/shop\/imitatieleren-heren-jas-cognac-biker-model-versano-trr-36-b\/","title":{"rendered":"Chaqueta de cuero imitaci\u00f3n hombre cognac TRR 36 B Versano"},"content":{"rendered":"<h2>Chaqueta de cuero imitaci\u00f3n hombre cognac TRR 36 B Versano<\/h2>\n<p>\u00a1Uno de los mejores modelos de Versano! El co\u00f1ac TRR 36 B de la chaqueta de imitaci\u00f3n de cuero para hombre es un adorno de Versano. Estamos ante una chaqueta que se ve genial, pero que tambi\u00e9n ser\u00e1 muy c\u00f3moda. El material es un cuero de imitaci\u00f3n realmente hermoso y casi indistinguible del cuero real. La chaqueta tiene dos bolsillos laterales profundos con cremallera, 2 bolsillos en el pecho con cremallera y un bolsillo interior. Esta chaqueta de motociclista tiene un acabado excelente y un corte ajustado italiano y es un poco m\u00e1s resistente que las otras versiones elegantes. Adem\u00e1s del color fr\u00edo negro, este modelo tambi\u00e9n est\u00e1 disponible en los colores marr\u00f3n, verde. co\u00f1ac y azul. Para los aficionados, tambi\u00e9n tenemos este modelo en piel de cordero en diferentes colores. Con esta chaqueta puedes estar seguro de que pronto tendr\u00e1s una nueva chaqueta colgando de tus hombros en la que se te podr\u00e1 ver.<\/p>\n<h2>Solicitar modelo TRR 36 B en co\u00f1ac<\/h2>\n<p><span style=\"font-family: 'Arial',sans-serif;\">Con una chaqueta tan hermosa de Versano, puede estar seguro de que podr\u00e1 usarla durante todo el invierno. Puede pedir f\u00e1cilmente este modelo en la tienda web de Versano. Hemos reunido todas nuestras chaquetas aqu\u00ed para que pueda realizar un pedido f\u00e1cilmente. En Versano siempre puede estar seguro de que est\u00e1 comprando un hermoso abrigo que ha sido trabajado con mimo. Con nosotros, puede elegir f\u00e1cilmente el tama\u00f1o correcto seg\u00fan nuestros videos de instrucciones inteligentes. \u00bfTiene alguna pregunta o no est\u00e1 seguro de qu\u00e9 talla pedir? Entonces siempre puede contactarnos por correo o WhatsApp. \u00a1Nuestros empleados desean ayudarlo!<\/span><\/p>\n<p><a href=\"https:\/\/versano.nl\/\">Versano<\/a><br \/>\nMaterial: piel sint\u00e9tica<br \/>\nForro: 100% poli\u00e9ster<br \/>\nlongitud: corto<br \/>\nAjuste: corte ce\u00f1ido<br \/>\nCierre: cremallera<br \/>\nBolsillos: bolsillo con cremallera<br \/>\nCollar: de pie cuello<br \/>\ncapa externa de material: cuero de imitaci\u00f3n muy alta calidad<br \/>\nPlazo de entrega: 2-3 d\u00edas laborables<\/p>","protected":false},"excerpt":{"rendered":"<p>ELIGE OTRO COLOR AQU\u00cd<\/p>\n<p><a href=\"https:\/\/versano.nl\/shop\/imitatieleren-heren-jas-blauw-biker-model-versano-tr-36-b\/\"><img loading=\"lazy\" decoding=\"async\" class=\"alignnone size-full wp-image-19903\" src=\"https:\/\/versano.nl\/wp-content\/uploads\/sites\/2\/2017\/03\/leren-jassen-heren-blauw-biker-model-TR36B-versano-thumb.jpg\" alt=\"\" width=\"57\" height=\"75\" \/><\/a><a href=\"https:\/\/versano.nl\/shop\/imitatieleren-heren-jas-bruin-biker-model-versano-trr-36-b\/\"><img loading=\"lazy\" decoding=\"async\" class=\"alignnone size-full wp-image-19904\" src=\"https:\/\/versano.nl\/wp-content\/uploads\/sites\/2\/2017\/03\/leren-jassen-heren-bruin-biker-model-TR36B-versano-thumb.jpg\" alt=\"\" width=\"57\" height=\"75\" \/><\/a><a href=\"https:\/\/versano.nl\/shop\/imitatieleren-heren-jas-zwart-biker-model-versano-tr-36-b\/\"><img loading=\"lazy\" decoding=\"async\" class=\"alignnone size-full wp-image-19906\" src=\"https:\/\/versano.nl\/wp-content\/uploads\/sites\/2\/2017\/03\/leren-jassen-heren-zwart-biker-model-TR36B-thumb.jpg\" alt=\"\" width=\"57\" height=\"75\" \/><\/a><a href=\"https:\/\/versano.nl\/shop\/imitatieleren-heren-jas-groen-biker-model-versano-trr-36-b\/\"><img loading=\"lazy\" decoding=\"async\" class=\"alignnone size-full wp-image-19902\" src=\"https:\/\/versano.nl\/wp-content\/uploads\/sites\/2\/2017\/03\/kunstleren-heren-bikerjack-groen-versano-TRR36B-thumb.jpg\" alt=\"\" width=\"56\" height=\"75\" \/><\/a><\/p>\n<p style=\"margin: 0cm 0cm 11.25pt 0cm;\"><span style=\"font-family: 'Arial',sans-serif; color: red;\">Consejos de ajuste:\u00a0<\/span><span style=\"font-family: 'Arial',sans-serif;\">El ajuste de esta chaqueta es ajustado. Nuestro modelo mide 1,75 cm y lleva una talla M.<\/span><\/p>\n<p style=\"margin: 0cm 0cm 11.25pt 0cm;\"><span style=\"font-family: 'Arial',sans-serif;\">Si no est\u00e1 seguro de sus medidas, le recomendamos que primero mida las medidas de su talla y las compare con nuestra tabla de tallas. Si no tiene experiencia en medir tama\u00f1os de circunferencia, haga clic en\u00a0<\/span><a href=\"https:\/\/www.youtube.com\/watch?v=3ZSfY87v6pM\"><em><span style=\"font-family: 'Arial',sans-serif; color: windowtext; text-decoration: none;\">AQU\u00cd<\/span><\/em><span style=\"font-family: 'Arial',sans-serif; color: windowtext; text-decoration: none;\">\u00a0<\/span><\/a><span style=\"font-family: 'Arial',sans-serif;\">\u00a0para\u00a0<\/span><a href=\"https:\/\/www.youtube.com\/watch?v=3ZSfY87v6pM\"><em><span style=\"font-family: 'Arial',sans-serif; color: red; text-decoration: none;\">VIDEO<\/span><\/em><\/a><span style=\"font-family: 'Arial',sans-serif;\">\u00a0 con instrucciones. \u00a1Tambi\u00e9n puede llamarnos o enviarnos una aplicaci\u00f3n directamente! Nuestros empleados est\u00e1n siempre disponibles para ayudar.<\/span><\/p>\n<p style=\"margin: 0cm;\"><strong><span style=\"font-family: 'Arial',sans-serif;\">EL TIEMPO DE ENTREGA :<\/span><\/strong><span style=\"font-family: 'Arial',sans-serif;\">\u00a02 a 3 d\u00edas laborables.<\/span><\/p>","protected":false},"featured_media":20809,"comment_status":"open","ping_status":"closed","template":"","meta":[],"product_brand":[],"product_cat":[1672,734,923,16,882],"product_tag":[83,84,1945,85,1943,86,87,1944,88,81,1716,1856,1774],"class_list":{"0":"post-165","1":"product","2":"type-product","3":"status-publish","4":"has-post-thumbnail","6":"product_cat-biker-jas-heren","7":"product_cat-heren-leatherlook-jassen-lederlook-jassen","8":"product_cat-imitatie-leren-jas","9":"product_cat-imitatieleren-jassen-heren","10":"product_cat-versano","11":"product_tag-biker-jack-cognac","12":"product_tag-biker-model-heren-jack-cognac","13":"product_tag-goedkope-imitatie-leren-jas","14":"product_tag-heren-biker-jack-cognac","15":"product_tag-heren-cognac-biker-jas","16":"product_tag-heren-jas-biker-model-cognac","17":"product_tag-imitatie-leren-heren-biker-jack-cognac","18":"product_tag-imitatie-leren-jas-sale","19":"product_tag-imitatieleren-bikerjack-cognac","20":"product_tag-imitatieleren-heren-biker-jack","21":"product_tag-versano-heren-collectie","22":"product_tag-versano-uitverkoop","23":"product_tag-zomerjas-heren","24":"product_shipping_class-verzendkosten-1","25":"tm-no-options","27":"first","28":"instock","29":"sale","30":"taxable","31":"shipping-taxable","32":"purchasable","33":"product-type-variable"},"yoast_head":"<!-- This site is optimized with the Yoast SEO plugin v27.2 - https:\/\/yoast.com\/product\/yoast-seo-wordpress\/ -->\n<title>Imitatie leren jas heren cognac TRR 36 B Versano, biker jas heren<\/title>\n<meta name=\"description\" content=\"Bent u op zoek naar een imitatie leren jas heren cognac TRR 36 B Versano? Bij Versano zit u goed, want hier treft u een ruime keuze aan.\" \/>\n<meta name=\"robots\" content=\"index, follow, max-snippet:-1, max-image-preview:large, max-video-preview:-1\" \/>\n<link rel=\"canonical\" href=\"https:\/\/versano.nl\/es\/shop\/imitatieleren-heren-jas-cognac-biker-model-versano-trr-36-b\/\" \/>\n<meta property=\"og:locale\" content=\"es_ES\" \/>\n<meta property=\"og:type\" content=\"article\" \/>\n<meta property=\"og:title\" content=\"Imitatie leren jas heren cognac TRR 36 B Versano, biker jas heren\" \/>\n<meta property=\"og:description\" content=\"Bent u op zoek naar een imitatie leren jas heren cognac TRR 36 B Versano? Bij Versano zit u goed, want hier treft u een ruime keuze aan.\" \/>\n<meta property=\"og:url\" content=\"https:\/\/versano.nl\/es\/shop\/imitatieleren-heren-jas-cognac-biker-model-versano-trr-36-b\/\" \/>\n<meta property=\"og:site_name\" content=\"Versano\" \/>\n<meta property=\"article:modified_time\" content=\"2025-05-09T10:25:16+00:00\" \/>\n<meta property=\"og:image\" content=\"https:\/\/versano.nl\/wp-content\/uploads\/2021\/03\/leren-jassen-heren-cognac-biker-model-TR36B-versano-model2.jpg\" \/>\n\t<meta property=\"og:image:width\" content=\"900\" \/>\n\t<meta property=\"og:image:height\" content=\"1176\" \/>\n\t<meta property=\"og:image:type\" content=\"image\/jpeg\" \/>\n<meta name=\"twitter:card\" content=\"summary_large_image\" \/>\n<meta name=\"twitter:label1\" content=\"Tiempo de lectura\" \/>\n\t<meta name=\"twitter:data1\" content=\"2 minutos\" \/>\n<script type=\"application\/ld+json\" class=\"yoast-schema-graph\">{\"@context\":\"https:\/\/schema.org\",\"@graph\":[{\"@type\":\"WebPage\",\"@id\":\"https:\/\/versano.nl\/shop\/imitatieleren-heren-jas-cognac-biker-model-versano-trr-36-b\/\",\"url\":\"https:\/\/versano.nl\/shop\/imitatieleren-heren-jas-cognac-biker-model-versano-trr-36-b\/\",\"name\":\"Imitatie leren jas heren cognac TRR 36 B Versano, biker jas heren\",\"isPartOf\":{\"@id\":\"https:\/\/versano.nl\/#website\"},\"primaryImageOfPage\":{\"@id\":\"https:\/\/versano.nl\/shop\/imitatieleren-heren-jas-cognac-biker-model-versano-trr-36-b\/#primaryimage\"},\"image\":{\"@id\":\"https:\/\/versano.nl\/shop\/imitatieleren-heren-jas-cognac-biker-model-versano-trr-36-b\/#primaryimage\"},\"thumbnailUrl\":\"https:\/\/versano.nl\/wp-content\/uploads\/2021\/03\/leren-jassen-heren-cognac-biker-model-TR36B-versano-model2.jpg\",\"datePublished\":\"2017-04-21T09:32:01+00:00\",\"dateModified\":\"2025-05-09T10:25:16+00:00\",\"description\":\"Bent u op zoek naar een imitatie leren jas heren cognac TRR 36 B Versano? Bij Versano zit u goed, want hier treft u een ruime keuze aan.\",\"breadcrumb\":{\"@id\":\"https:\/\/versano.nl\/shop\/imitatieleren-heren-jas-cognac-biker-model-versano-trr-36-b\/#breadcrumb\"},\"inLanguage\":\"es\",\"potentialAction\":[{\"@type\":\"ReadAction\",\"target\":[\"https:\/\/versano.nl\/shop\/imitatieleren-heren-jas-cognac-biker-model-versano-trr-36-b\/\"]}]},{\"@type\":\"ImageObject\",\"inLanguage\":\"es\",\"@id\":\"https:\/\/versano.nl\/shop\/imitatieleren-heren-jas-cognac-biker-model-versano-trr-36-b\/#primaryimage\",\"url\":\"https:\/\/versano.nl\/wp-content\/uploads\/2021\/03\/leren-jassen-heren-cognac-biker-model-TR36B-versano-model2.jpg\",\"contentUrl\":\"https:\/\/versano.nl\/wp-content\/uploads\/2021\/03\/leren-jassen-heren-cognac-biker-model-TR36B-versano-model2.jpg\",\"width\":900,\"height\":1176,\"caption\":\"Heren leren jas biker TR36 B cognac Versano\"},{\"@type\":\"BreadcrumbList\",\"@id\":\"https:\/\/versano.nl\/shop\/imitatieleren-heren-jas-cognac-biker-model-versano-trr-36-b\/#breadcrumb\",\"itemListElement\":[{\"@type\":\"ListItem\",\"position\":1,\"name\":\"Home\",\"item\":\"https:\/\/versano.nl\/\"},{\"@type\":\"ListItem\",\"position\":2,\"name\":\"Shop\",\"item\":\"https:\/\/versano.nl\/shop\/\"},{\"@type\":\"ListItem\",\"position\":3,\"name\":\"Imitatie leren jas heren cognac TRR 36 B Versano\"}]},{\"@type\":\"WebSite\",\"@id\":\"https:\/\/versano.nl\/#website\",\"url\":\"https:\/\/versano.nl\/\",\"name\":\"Versano\",\"description\":\"winterjassen met bontkraag | leren dames jassen | leren heren jassen\",\"potentialAction\":[{\"@type\":\"SearchAction\",\"target\":{\"@type\":\"EntryPoint\",\"urlTemplate\":\"https:\/\/versano.nl\/?s={search_term_string}\"},\"query-input\":{\"@type\":\"PropertyValueSpecification\",\"valueRequired\":true,\"valueName\":\"search_term_string\"}}],\"inLanguage\":\"es\"}]}<\/script>\n<!-- \/ Yoast SEO plugin. -->","yoast_head_json":{"title":"Chaqueta de cuero de imitaci\u00f3n para hombre cognac TRR 36 B Versano, chaqueta de motociclista para hombre","description":"\u00bfBuscas una chaqueta de cuero de imitaci\u00f3n para hombre co\u00f1ac TRR 36 B Versano? Versano es el lugar adecuado para usted, porque aqu\u00ed encontrar\u00e1 una amplia variedad de opciones.","robots":{"index":"index","follow":"follow","max-snippet":"max-snippet:-1","max-image-preview":"max-image-preview:large","max-video-preview":"max-video-preview:-1"},"canonical":"https:\/\/versano.nl\/es\/shop\/imitatieleren-heren-jas-cognac-biker-model-versano-trr-36-b\/","og_locale":"es_ES","og_type":"article","og_title":"Imitatie leren jas heren cognac TRR 36 B Versano, biker jas heren","og_description":"Bent u op zoek naar een imitatie leren jas heren cognac TRR 36 B Versano? Bij Versano zit u goed, want hier treft u een ruime keuze aan.","og_url":"https:\/\/versano.nl\/es\/shop\/imitatieleren-heren-jas-cognac-biker-model-versano-trr-36-b\/","og_site_name":"Versano","article_modified_time":"2025-05-09T10:25:16+00:00","og_image":[{"width":900,"height":1176,"url":"https:\/\/versano.nl\/wp-content\/uploads\/2021\/03\/leren-jassen-heren-cognac-biker-model-TR36B-versano-model2.jpg","type":"image\/jpeg"}],"twitter_card":"summary_large_image","twitter_misc":{"Tiempo de lectura":"2 minutos"},"schema":{"@context":"https:\/\/schema.org","@graph":[{"@type":"WebPage","@id":"https:\/\/versano.nl\/shop\/imitatieleren-heren-jas-cognac-biker-model-versano-trr-36-b\/","url":"https:\/\/versano.nl\/shop\/imitatieleren-heren-jas-cognac-biker-model-versano-trr-36-b\/","name":"Chaqueta de cuero de imitaci\u00f3n para hombre cognac TRR 36 B Versano, chaqueta de motociclista para hombre","isPartOf":{"@id":"https:\/\/versano.nl\/#website"},"primaryImageOfPage":{"@id":"https:\/\/versano.nl\/shop\/imitatieleren-heren-jas-cognac-biker-model-versano-trr-36-b\/#primaryimage"},"image":{"@id":"https:\/\/versano.nl\/shop\/imitatieleren-heren-jas-cognac-biker-model-versano-trr-36-b\/#primaryimage"},"thumbnailUrl":"https:\/\/versano.nl\/wp-content\/uploads\/2021\/03\/leren-jassen-heren-cognac-biker-model-TR36B-versano-model2.jpg","datePublished":"2017-04-21T09:32:01+00:00","dateModified":"2025-05-09T10:25:16+00:00","description":"\u00bfBuscas una chaqueta de cuero de imitaci\u00f3n para hombre co\u00f1ac TRR 36 B Versano? Versano es el lugar adecuado para usted, porque aqu\u00ed encontrar\u00e1 una amplia variedad de opciones.","breadcrumb":{"@id":"https:\/\/versano.nl\/shop\/imitatieleren-heren-jas-cognac-biker-model-versano-trr-36-b\/#breadcrumb"},"inLanguage":"es","potentialAction":[{"@type":"ReadAction","target":["https:\/\/versano.nl\/shop\/imitatieleren-heren-jas-cognac-biker-model-versano-trr-36-b\/"]}]},{"@type":"ImageObject","inLanguage":"es","@id":"https:\/\/versano.nl\/shop\/imitatieleren-heren-jas-cognac-biker-model-versano-trr-36-b\/#primaryimage","url":"https:\/\/versano.nl\/wp-content\/uploads\/2021\/03\/leren-jassen-heren-cognac-biker-model-TR36B-versano-model2.jpg","contentUrl":"https:\/\/versano.nl\/wp-content\/uploads\/2021\/03\/leren-jassen-heren-cognac-biker-model-TR36B-versano-model2.jpg","width":900,"height":1176,"caption":"Heren leren jas biker TR36 B cognac Versano"},{"@type":"BreadcrumbList","@id":"https:\/\/versano.nl\/shop\/imitatieleren-heren-jas-cognac-biker-model-versano-trr-36-b\/#breadcrumb","itemListElement":[{"@type":"ListItem","position":1,"name":"Home","item":"https:\/\/versano.nl\/"},{"@type":"ListItem","position":2,"name":"Shop","item":"https:\/\/versano.nl\/shop\/"},{"@type":"ListItem","position":3,"name":"Imitatie leren jas heren cognac TRR 36 B Versano"}]},{"@type":"WebSite","@id":"https:\/\/versano.nl\/#website","url":"https:\/\/versano.nl\/","name":"Versano","description":"abrigos de invierno con cuello de piel | chaquetas de cuero para mujer | chaquetas de cuero para hombre","potentialAction":[{"@type":"SearchAction","target":{"@type":"EntryPoint","urlTemplate":"https:\/\/versano.nl\/?s={search_term_string}"},"query-input":{"@type":"PropertyValueSpecification","valueRequired":true,"valueName":"search_term_string"}}],"inLanguage":"es"}]}},"_links":{"self":[{"href":"https:\/\/versano.nl\/es\/wp-json\/wp\/v2\/product\/165","targetHints":{"allow":["GET"]}}],"collection":[{"href":"https:\/\/versano.nl\/es\/wp-json\/wp\/v2\/product"}],"about":[{"href":"https:\/\/versano.nl\/es\/wp-json\/wp\/v2\/types\/product"}],"replies":[{"embeddable":true,"href":"https:\/\/versano.nl\/es\/wp-json\/wp\/v2\/comments?post=165"}],"wp:featuredmedia":[{"embeddable":true,"href":"https:\/\/versano.nl\/es\/wp-json\/wp\/v2\/media\/20809"}],"wp:attachment":[{"href":"https:\/\/versano.nl\/es\/wp-json\/wp\/v2\/media?parent=165"}],"wp:term":[{"taxonomy":"product_brand","embeddable":true,"href":"https:\/\/versano.nl\/es\/wp-json\/wp\/v2\/product_brand?post=165"},{"taxonomy":"product_cat","embeddable":true,"href":"https:\/\/versano.nl\/es\/wp-json\/wp\/v2\/product_cat?post=165"},{"taxonomy":"product_tag","embeddable":true,"href":"https:\/\/versano.nl\/es\/wp-json\/wp\/v2\/product_tag?post=165"}],"curies":[{"name":"wp","href":"https:\/\/api.w.org\/{rel}","templated":true}]}}