{"id":16280,"date":"2020-04-22T20:56:06","date_gmt":"2020-04-22T20:56:06","guid":{"rendered":"https:\/\/versano.nl\/shop\/grote-maat-dames-jas-in-lamsleer-versano-316\/"},"modified":"2024-12-13T12:07:56","modified_gmt":"2024-12-13T12:07:56","slug":"grote-maat-dames-jas-in-lamsleer-versano-316","status":"publish","type":"product","link":"https:\/\/versano.nl\/es\/shop\/grote-maat-dames-jas-in-lamsleer-versano-316\/","title":{"rendered":"chaqueta de cuero para mujer de gran tama\u00f1o negro Versano 316"},"content":{"rendered":"<h2>chaqueta de cuero para mujer de gran tama\u00f1o negro Versano 316<\/h2>\n<p>Si est\u00e1 buscando una chaqueta de cuero de mujer b\u00e1sica y moderna sin campanas ni silbatos, entonces esta chaqueta de cuero de mujer de gran tama\u00f1o negra Versano 316 es absolutamente imprescindible. Esta chaqueta de piel de cordero de Versano tiene un ajuste holgado con cuello redondo y es perfecta para cualquier ocasi\u00f3n, ya sea con falda o jeans. Esta chaqueta de cuero de Versano est\u00e1 perfectamente rematada con hermosas costuras y tiene 2 bolsillos con cremalleras. El acabado es absolutamente perfecto y todos los elementos est\u00e1n muy bien coordinados. Este es uno de los modelos b\u00e1sicos de Versano sin demasiados detalles y como tal tambi\u00e9n uno de nuestros n\u00fameros de \u00e9xito. Esta chaqueta est\u00e1 disponible en cuero de cordero duradero que es muy suave y tiene un material que durar\u00e1 toda la vida.<\/p>\n<h2>Ordene el modelo 316 en el color negro<\/h2>\n<p>Esta elegante chaqueta de mujer de Versano es uno de los mejores modelos b\u00e1sicos de la marca italiana Versano. El 316 negro de Versano est\u00e1 fabricado con los mejores materiales y es suave y flexible porque es piel de cordero 100%. El fresco color negro es f\u00e1cil de combinar y se adapta a casi todos tus atuendos. Esta cazadora de piel no solo est\u00e1 disponible en negro, sino tambi\u00e9n en azul petr\u00f3leo. Si nos pide esta chaqueta, recibir\u00e1 una chaqueta que permanecer\u00e1 hermosa durante toda la vida. Su dise\u00f1o italiano asegura que la chaqueta calce bien y a\u00fan se use c\u00f3modamente. Este modelo no est\u00e1 demasiado ocupado, lo que lo convierte en un cl\u00e1sico superior. usted puede ordenar f\u00e1cilmente en nuestro sitio web.<\/p>\n<p>marca: <a href=\"https:\/\/versano.nl\/\">Versano<\/a><br \/>\nMaterial: 100% piel de cordero<br \/>\nForro: 100% poli\u00e9ster<br \/>\nlongitud: corto<br \/>\nAjuste: tallas c\u00f3modas<br \/>\nCierre: cremallera<br \/>\nBolsillos: bolsillo con cremallera<br \/>\nCollar: de pie cuello<br \/>\ncapa exterior Material: de alta calidad y de piel de cordero suave<br \/>\nPlazo de entrega: 2-3 d\u00edas laborables<\/p>","protected":false},"excerpt":{"rendered":"<div class=\"short-description\">\n<p><strong>ELIGE OTRO COLOR AQU\u00cd<\/strong><\/p>\n<p><span style=\"color: #ff0000;\"><strong><a href=\"https:\/\/versano.nl\/shop\/grote-maat-dames-jas-blauw-in-lamsleer-versano-316\/\"><img loading=\"lazy\" decoding=\"async\" class=\"alignnone size-full wp-image-19870\" src=\"https:\/\/versano.nl\/wp-content\/uploads\/sites\/2\/2020\/04\/versano-316-blauw-thumb.jpg\" alt=\"\" width=\"56\" height=\"75\" \/><\/a><\/strong><\/span><\/p>\n<p><strong><span style=\"color: #ff0000;\">Consejos de ajuste:<\/span>\u00a0<\/strong>El calce de este modelo es espacioso. Nuestro modelo mide 1,80 cm de altura y lleva un Large.<\/p>\n<p>Si no est\u00e1 seguro de sus medidas, le recomendamos que primero mida las medidas de su talla y las compare con nuestra tabla de tallas. Si no tiene experiencia en medir tama\u00f1os de circunferencia, haga clic en\u00a0<a href=\"https:\/\/www.youtube.com\/watch?v=3ZSfY87v6pM\"><em>AQU\u00cd<\/em>\u00a0<\/a>\u00a0para\u00a0<a href=\"https:\/\/www.youtube.com\/watch?v=3ZSfY87v6pM\"><em><span style=\"color: #ff0000;\">VIDEO<\/span><\/em><\/a>\u00a0 con instrucciones. \u00a1Tambi\u00e9n puede llamarnos o enviarnos una aplicaci\u00f3n directamente! Nuestros empleados est\u00e1n siempre disponibles para ayudar.<\/p>\n<p><strong>EL TIEMPO DE ENTREGA :<\/strong>\u00a02 a 3 d\u00edas laborables.<\/p>\n<\/div>","protected":false},"featured_media":16571,"comment_status":"closed","ping_status":"closed","template":"","meta":[],"product_brand":[],"product_cat":[90,1248,874,875,1470,1247,879,1469,1474,880,1712,881,2051,878,882,890],"product_tag":[1250,1523,1256,416,2117,1542,1251,1257,2115,427,2116],"class_list":{"0":"post-16280","1":"product","2":"type-product","3":"status-publish","4":"has-post-thumbnail","6":"product_cat-dames-leren-jassen","7":"product_cat-grote-maten-leren-dames-jassen","8":"product_cat-kort-leren-jasje","9":"product_cat-kort-leren-jasje-dames","10":"product_cat-leren-dames-jas","11":"product_cat-leren-dames-jas-grote-maat","12":"product_cat-leren-dames-jassen","13":"product_cat-leren-jas-dames","14":"product_cat-leren-jas-dames-grote-maten","15":"product_cat-leren-jasje-dames","16":"product_cat-leren-jassen","17":"product_cat-leren-jassen-dames","18":"product_cat-leren-jassen-dames-grote-maten","19":"product_cat-leren-jassen-dames-uitverkoop","20":"product_cat-versano","21":"product_cat-zwarte-leren-jas-dames","22":"product_tag-dames-grote-maten-leren-jassen","23":"product_tag-dames-leren-jas","24":"product_tag-dames-leren-jas-grote-maat","25":"product_tag-dames-leren-jas-zwart","26":"product_tag-dames-leren-jasje","27":"product_tag-grote-maat-dames-leren-jas","28":"product_tag-grote-maat-leren-dames-jas","29":"product_tag-grote-maten-dames-leren-jassen","30":"product_tag-leren-jas-dames-grote-maat","31":"product_tag-zwarte-leren-dames-jas","32":"product_tag-zwarte-leren-jas-dames-grote-maat","33":"tm-no-options","35":"first","36":"instock","37":"taxable","38":"shipping-taxable","39":"purchasable","40":"product-type-variable"},"yoast_head":"<!-- This site is optimized with the Yoast SEO plugin v27.2 - https:\/\/yoast.com\/product\/yoast-seo-wordpress\/ -->\n<title>dames leren jas grote maat zwart Versano 316, grote maten damesjassen<\/title>\n<meta name=\"description\" content=\"Ben je op zoek naar een dames leren jas grote maat zwart Versano 316, dan moet je zeker even een kijkje nemen in de webshop van Versano.\" \/>\n<meta name=\"robots\" content=\"index, follow, max-snippet:-1, max-image-preview:large, max-video-preview:-1\" \/>\n<link rel=\"canonical\" href=\"https:\/\/versano.nl\/es\/shop\/grote-maat-dames-jas-in-lamsleer-versano-316\/\" \/>\n<meta property=\"og:locale\" content=\"es_ES\" \/>\n<meta property=\"og:type\" content=\"article\" \/>\n<meta property=\"og:title\" content=\"dames leren jas grote maat zwart Versano 316, grote maten damesjassen\" \/>\n<meta property=\"og:description\" content=\"Ben je op zoek naar een dames leren jas grote maat zwart Versano 316, dan moet je zeker even een kijkje nemen in de webshop van Versano.\" \/>\n<meta property=\"og:url\" content=\"https:\/\/versano.nl\/es\/shop\/grote-maat-dames-jas-in-lamsleer-versano-316\/\" \/>\n<meta property=\"og:site_name\" content=\"Versano\" \/>\n<meta property=\"article:modified_time\" content=\"2024-12-13T12:07:56+00:00\" \/>\n<meta property=\"og:image\" content=\"https:\/\/versano.nl\/wp-content\/uploads\/2020\/07\/grote-maat-leren-jas-dames-zwart-versano-316-voorkant.jpg\" \/>\n\t<meta property=\"og:image:width\" content=\"900\" \/>\n\t<meta property=\"og:image:height\" content=\"1200\" \/>\n\t<meta property=\"og:image:type\" content=\"image\/jpeg\" \/>\n<meta name=\"twitter:card\" content=\"summary_large_image\" \/>\n<meta name=\"twitter:label1\" content=\"Tiempo de lectura\" \/>\n\t<meta name=\"twitter:data1\" content=\"2 minutos\" \/>\n<script type=\"application\/ld+json\" class=\"yoast-schema-graph\">{\"@context\":\"https:\/\/schema.org\",\"@graph\":[{\"@type\":\"WebPage\",\"@id\":\"https:\/\/versano.nl\/shop\/grote-maat-dames-jas-in-lamsleer-versano-316\/\",\"url\":\"https:\/\/versano.nl\/shop\/grote-maat-dames-jas-in-lamsleer-versano-316\/\",\"name\":\"dames leren jas grote maat zwart Versano 316, grote maten damesjassen\",\"isPartOf\":{\"@id\":\"https:\/\/versano.nl\/#website\"},\"primaryImageOfPage\":{\"@id\":\"https:\/\/versano.nl\/shop\/grote-maat-dames-jas-in-lamsleer-versano-316\/#primaryimage\"},\"image\":{\"@id\":\"https:\/\/versano.nl\/shop\/grote-maat-dames-jas-in-lamsleer-versano-316\/#primaryimage\"},\"thumbnailUrl\":\"https:\/\/versano.nl\/wp-content\/uploads\/2020\/07\/grote-maat-leren-jas-dames-zwart-versano-316-voorkant.jpg\",\"datePublished\":\"2020-04-22T20:56:06+00:00\",\"dateModified\":\"2024-12-13T12:07:56+00:00\",\"description\":\"Ben je op zoek naar een dames leren jas grote maat zwart Versano 316, dan moet je zeker even een kijkje nemen in de webshop van Versano.\",\"breadcrumb\":{\"@id\":\"https:\/\/versano.nl\/shop\/grote-maat-dames-jas-in-lamsleer-versano-316\/#breadcrumb\"},\"inLanguage\":\"es\",\"potentialAction\":[{\"@type\":\"ReadAction\",\"target\":[\"https:\/\/versano.nl\/shop\/grote-maat-dames-jas-in-lamsleer-versano-316\/\"]}]},{\"@type\":\"ImageObject\",\"inLanguage\":\"es\",\"@id\":\"https:\/\/versano.nl\/shop\/grote-maat-dames-jas-in-lamsleer-versano-316\/#primaryimage\",\"url\":\"https:\/\/versano.nl\/wp-content\/uploads\/2020\/07\/grote-maat-leren-jas-dames-zwart-versano-316-voorkant.jpg\",\"contentUrl\":\"https:\/\/versano.nl\/wp-content\/uploads\/2020\/07\/grote-maat-leren-jas-dames-zwart-versano-316-voorkant.jpg\",\"width\":900,\"height\":1200,\"caption\":\"dames leren jas grote maat zwart Versano 316\"},{\"@type\":\"BreadcrumbList\",\"@id\":\"https:\/\/versano.nl\/shop\/grote-maat-dames-jas-in-lamsleer-versano-316\/#breadcrumb\",\"itemListElement\":[{\"@type\":\"ListItem\",\"position\":1,\"name\":\"Home\",\"item\":\"https:\/\/versano.nl\/\"},{\"@type\":\"ListItem\",\"position\":2,\"name\":\"Shop\",\"item\":\"https:\/\/versano.nl\/shop\/\"},{\"@type\":\"ListItem\",\"position\":3,\"name\":\"dames leren jas grote maat zwart Versano 316\"}]},{\"@type\":\"WebSite\",\"@id\":\"https:\/\/versano.nl\/#website\",\"url\":\"https:\/\/versano.nl\/\",\"name\":\"Versano\",\"description\":\"winterjassen met bontkraag | leren dames jassen | leren heren jassen\",\"potentialAction\":[{\"@type\":\"SearchAction\",\"target\":{\"@type\":\"EntryPoint\",\"urlTemplate\":\"https:\/\/versano.nl\/?s={search_term_string}\"},\"query-input\":{\"@type\":\"PropertyValueSpecification\",\"valueRequired\":true,\"valueName\":\"search_term_string\"}}],\"inLanguage\":\"es\"}]}<\/script>\n<!-- \/ Yoast SEO plugin. -->","yoast_head_json":{"title":"chaqueta de cuero para mujer de gran tama\u00f1o negro Versano 316, abrigos de gran tama\u00f1o para mujer","description":"\u00bfEst\u00e1s buscando una chaqueta de cuero para mujer de talla grande negra Versano 316? Entonces definitivamente deber\u00edas echar un vistazo a la tienda web de Versano.","robots":{"index":"index","follow":"follow","max-snippet":"max-snippet:-1","max-image-preview":"max-image-preview:large","max-video-preview":"max-video-preview:-1"},"canonical":"https:\/\/versano.nl\/es\/shop\/grote-maat-dames-jas-in-lamsleer-versano-316\/","og_locale":"es_ES","og_type":"article","og_title":"dames leren jas grote maat zwart Versano 316, grote maten damesjassen","og_description":"Ben je op zoek naar een dames leren jas grote maat zwart Versano 316, dan moet je zeker even een kijkje nemen in de webshop van Versano.","og_url":"https:\/\/versano.nl\/es\/shop\/grote-maat-dames-jas-in-lamsleer-versano-316\/","og_site_name":"Versano","article_modified_time":"2024-12-13T12:07:56+00:00","og_image":[{"width":900,"height":1200,"url":"https:\/\/versano.nl\/wp-content\/uploads\/2020\/07\/grote-maat-leren-jas-dames-zwart-versano-316-voorkant.jpg","type":"image\/jpeg"}],"twitter_card":"summary_large_image","twitter_misc":{"Tiempo de lectura":"2 minutos"},"schema":{"@context":"https:\/\/schema.org","@graph":[{"@type":"WebPage","@id":"https:\/\/versano.nl\/shop\/grote-maat-dames-jas-in-lamsleer-versano-316\/","url":"https:\/\/versano.nl\/shop\/grote-maat-dames-jas-in-lamsleer-versano-316\/","name":"chaqueta de cuero para mujer de gran tama\u00f1o negro Versano 316, abrigos de gran tama\u00f1o para mujer","isPartOf":{"@id":"https:\/\/versano.nl\/#website"},"primaryImageOfPage":{"@id":"https:\/\/versano.nl\/shop\/grote-maat-dames-jas-in-lamsleer-versano-316\/#primaryimage"},"image":{"@id":"https:\/\/versano.nl\/shop\/grote-maat-dames-jas-in-lamsleer-versano-316\/#primaryimage"},"thumbnailUrl":"https:\/\/versano.nl\/wp-content\/uploads\/2020\/07\/grote-maat-leren-jas-dames-zwart-versano-316-voorkant.jpg","datePublished":"2020-04-22T20:56:06+00:00","dateModified":"2024-12-13T12:07:56+00:00","description":"\u00bfEst\u00e1s buscando una chaqueta de cuero para mujer de talla grande negra Versano 316? Entonces definitivamente deber\u00edas echar un vistazo a la tienda web de Versano.","breadcrumb":{"@id":"https:\/\/versano.nl\/shop\/grote-maat-dames-jas-in-lamsleer-versano-316\/#breadcrumb"},"inLanguage":"es","potentialAction":[{"@type":"ReadAction","target":["https:\/\/versano.nl\/shop\/grote-maat-dames-jas-in-lamsleer-versano-316\/"]}]},{"@type":"ImageObject","inLanguage":"es","@id":"https:\/\/versano.nl\/shop\/grote-maat-dames-jas-in-lamsleer-versano-316\/#primaryimage","url":"https:\/\/versano.nl\/wp-content\/uploads\/2020\/07\/grote-maat-leren-jas-dames-zwart-versano-316-voorkant.jpg","contentUrl":"https:\/\/versano.nl\/wp-content\/uploads\/2020\/07\/grote-maat-leren-jas-dames-zwart-versano-316-voorkant.jpg","width":900,"height":1200,"caption":"dames leren jas grote maat zwart Versano 316"},{"@type":"BreadcrumbList","@id":"https:\/\/versano.nl\/shop\/grote-maat-dames-jas-in-lamsleer-versano-316\/#breadcrumb","itemListElement":[{"@type":"ListItem","position":1,"name":"Home","item":"https:\/\/versano.nl\/"},{"@type":"ListItem","position":2,"name":"Shop","item":"https:\/\/versano.nl\/shop\/"},{"@type":"ListItem","position":3,"name":"dames leren jas grote maat zwart Versano 316"}]},{"@type":"WebSite","@id":"https:\/\/versano.nl\/#website","url":"https:\/\/versano.nl\/","name":"Versano","description":"abrigos de invierno con cuello de piel | chaquetas de cuero para mujer | chaquetas de cuero para hombre","potentialAction":[{"@type":"SearchAction","target":{"@type":"EntryPoint","urlTemplate":"https:\/\/versano.nl\/?s={search_term_string}"},"query-input":{"@type":"PropertyValueSpecification","valueRequired":true,"valueName":"search_term_string"}}],"inLanguage":"es"}]}},"_links":{"self":[{"href":"https:\/\/versano.nl\/es\/wp-json\/wp\/v2\/product\/16280","targetHints":{"allow":["GET"]}}],"collection":[{"href":"https:\/\/versano.nl\/es\/wp-json\/wp\/v2\/product"}],"about":[{"href":"https:\/\/versano.nl\/es\/wp-json\/wp\/v2\/types\/product"}],"replies":[{"embeddable":true,"href":"https:\/\/versano.nl\/es\/wp-json\/wp\/v2\/comments?post=16280"}],"wp:featuredmedia":[{"embeddable":true,"href":"https:\/\/versano.nl\/es\/wp-json\/wp\/v2\/media\/16571"}],"wp:attachment":[{"href":"https:\/\/versano.nl\/es\/wp-json\/wp\/v2\/media?parent=16280"}],"wp:term":[{"taxonomy":"product_brand","embeddable":true,"href":"https:\/\/versano.nl\/es\/wp-json\/wp\/v2\/product_brand?post=16280"},{"taxonomy":"product_cat","embeddable":true,"href":"https:\/\/versano.nl\/es\/wp-json\/wp\/v2\/product_cat?post=16280"},{"taxonomy":"product_tag","embeddable":true,"href":"https:\/\/versano.nl\/es\/wp-json\/wp\/v2\/product_tag?post=16280"}],"curies":[{"name":"wp","href":"https:\/\/api.w.org\/{rel}","templated":true}]}}