{"id":16228,"date":"2020-04-19T20:25:43","date_gmt":"2020-04-19T20:25:43","guid":{"rendered":"https:\/\/versano.nl\/?post_type=product&#038;p=16228"},"modified":"2025-09-08T10:54:30","modified_gmt":"2025-09-08T10:54:30","slug":"grote-maat-dames-leren-jas-versano-pino-zwart","status":"publish","type":"product","link":"https:\/\/versano.nl\/es\/shop\/grote-maat-dames-leren-jas-versano-pino-zwart\/","title":{"rendered":"Cazadora de piel para mujer talla grande negra Pino Versano"},"content":{"rendered":"<h2>Cazadora de piel para mujer talla grande negra Pino Versano<\/h2>\n<p>\u00bfEst\u00e1s buscando una chaqueta de cuero fresca hecha de los mejores materiales? Entonces est\u00e1s en el lugar correcto con esta hermosa chaqueta de cuero de Versano. Estamos hablando de un modelo que est\u00e1 bellamente ajustado, completamente al m\u00e1s puro estilo italiano. La chaqueta est\u00e1 hecha de cuero de cordero hermoso y flexible. Este es un tipo de cuero que tiene un hermoso lavado, por lo que puede estar seguro de que se ver\u00e1 mejor y m\u00e1s resistente. La chaqueta de cuero para mujer talla grande negra Pino de Versano es una chaqueta que tiene dos amplios bolsillos laterales y dos bolsillos en el pecho. Todos estos bolsillos se pueden cerrar con una cremallera. Tambi\u00e9n hay un bolsillo interior en esta chaqueta para sus documentos importantes. Es una chaqueta que se puede combinar muy bien, por ejemplo, con una falda o unos vaqueros geniales.<\/p>\n<h2>Solicitar modelo Pino negro<\/h2>\n<p>Esta elegante chaqueta de mujer de Versano es uno de los mejores modelos b\u00e1sicos de la marca italiana Versano. El Pino black de Versano est\u00e1 fabricado con los mejores materiales y es suave y flexible porque es piel de cordero 100%. El color negro fresco es f\u00e1cil de combinar y se adapta a casi todos tus conjuntos. Este modelo no solo est\u00e1 disponible en negro sino tambi\u00e9n en azul. Si nos encarga esta chaqueta, recibir\u00e1 una chaqueta que permanecer\u00e1 hermosa para toda la vida. Su dise\u00f1o italiano asegura que la chaqueta le quede bien y a\u00fan se use c\u00f3modamente. Este modelo no est\u00e1 demasiado ocupado, lo que lo convierte en un cl\u00e1sico superior. puede ordenar f\u00e1cilmente en nuestro sitio web.<\/p>\n<p>marca: <a href=\"https:\/\/versano.nl\/\">Versano<\/a><br \/>\nMaterial: 100% piel de cordero<br \/>\nForro: 100% poli\u00e9ster<br \/>\nlongitud: corto<br \/>\nAjuste: tallas c\u00f3modas<br \/>\nCierre: cremallera<br \/>\nBolsillos: bolsillo con cremallera<br \/>\nCollar: de pie cuello<br \/>\ncapa exterior Material: de alta calidad y de piel de cordero suave<br \/>\nPlazo de entrega: 2-3 d\u00edas laborables<\/p>","protected":false},"excerpt":{"rendered":"<p><strong>ELIGE OTRO COLOR AQU\u00cd<\/strong><\/p>\n<p><strong><span style=\"color: #ff0000;\"><a href=\"https:\/\/versano.nl\/shop\/grote-maat-leren-dames-jas-blauw-versano-pino\/\"><img loading=\"lazy\" decoding=\"async\" class=\"alignnone size-full wp-image-19871\" src=\"https:\/\/versano.nl\/wp-content\/uploads\/sites\/2\/2020\/04\/grote-maat-dames-leren-jas-blauw-Pino-Versano-tumb.jpg\" alt=\"\" width=\"56\" height=\"75\" \/><\/a><\/span><\/strong><\/p>\n<p><strong><span style=\"color: #ff0000;\">Consejos de ajuste:<\/span>\u00a0<\/strong>El calce de este modelo es espacioso. Nuestro modelo mide 1,80 cm de altura y lleva un Large.<\/p>\n<p>Si no est\u00e1 seguro de sus medidas, le recomendamos que primero mida las medidas de su talla y las compare con nuestra tabla de tallas. Si no tiene experiencia en medir tama\u00f1os de circunferencia, haga clic en\u00a0<a href=\"https:\/\/www.youtube.com\/watch?v=3ZSfY87v6pM\"><em>AQU\u00cd<\/em>\u00a0<\/a>\u00a0para\u00a0<span style=\"color: #ff0000;\"><a style=\"color: #ff0000;\" href=\"https:\/\/www.youtube.com\/watch?v=3ZSfY87v6pM\"><em>VIDEO<\/em><\/a>\u00a0<\/span> con instrucciones. \u00a1Tambi\u00e9n puede llamarnos o enviarnos una aplicaci\u00f3n directamente! Nuestros empleados est\u00e1n siempre disponibles para ayudar.<\/p>\n<p><strong>EL TIEMPO DE ENTREGA :<\/strong>\u00a02 a 3 d\u00edas laborables.<\/p>","protected":false},"featured_media":16563,"comment_status":"closed","ping_status":"closed","template":"","meta":[],"product_brand":[],"product_cat":[90,1248,874,875,1470,1247,879,1469,1474,880,1712,881,878,882,890],"product_tag":[1250,1523,1256,2118,2119,1542,1251,2120,1249,427],"class_list":{"0":"post-16228","1":"product","2":"type-product","3":"status-publish","4":"has-post-thumbnail","6":"product_cat-dames-leren-jassen","7":"product_cat-grote-maten-leren-dames-jassen","8":"product_cat-kort-leren-jasje","9":"product_cat-kort-leren-jasje-dames","10":"product_cat-leren-dames-jas","11":"product_cat-leren-dames-jas-grote-maat","12":"product_cat-leren-dames-jassen","13":"product_cat-leren-jas-dames","14":"product_cat-leren-jas-dames-grote-maten","15":"product_cat-leren-jasje-dames","16":"product_cat-leren-jassen","17":"product_cat-leren-jassen-dames","18":"product_cat-leren-jassen-dames-uitverkoop","19":"product_cat-versano","20":"product_cat-zwarte-leren-jas-dames","21":"product_tag-dames-grote-maten-leren-jassen","22":"product_tag-dames-leren-jas","23":"product_tag-dames-leren-jas-grote-maat","24":"product_tag-dames-leren-jas-versano","25":"product_tag-dames-leren-jassen-grote-maat","26":"product_tag-grote-maat-dames-leren-jas","27":"product_tag-grote-maat-leren-dames-jas","28":"product_tag-grote-maat-leren-jas-dames","29":"product_tag-grote-maten-leren-jassen-dames","30":"product_tag-zwarte-leren-dames-jas","31":"tm-no-options","33":"first","34":"instock","35":"sale","36":"taxable","37":"shipping-taxable","38":"purchasable","39":"product-type-variable","40":"has-default-attributes"},"yoast_head":"<!-- This site is optimized with the Yoast SEO plugin v27.2 - https:\/\/yoast.com\/product\/yoast-seo-wordpress\/ -->\n<title>Leren dames jas grote maat zwart Pino Versano, dames leren jassen<\/title>\n<meta name=\"description\" content=\"Ben je op zoek naar een Leren dames jas grote maat zwart Pino Versano, dan moet je een kijkje nemen in de webshop van Versano.\" \/>\n<meta name=\"robots\" content=\"index, follow, max-snippet:-1, max-image-preview:large, max-video-preview:-1\" \/>\n<link rel=\"canonical\" href=\"https:\/\/versano.nl\/es\/shop\/grote-maat-dames-leren-jas-versano-pino-zwart\/\" \/>\n<meta property=\"og:locale\" content=\"es_ES\" \/>\n<meta property=\"og:type\" content=\"article\" \/>\n<meta property=\"og:title\" content=\"Leren dames jas grote maat zwart Pino Versano, dames leren jassen\" \/>\n<meta property=\"og:description\" content=\"Ben je op zoek naar een Leren dames jas grote maat zwart Pino Versano, dan moet je een kijkje nemen in de webshop van Versano.\" \/>\n<meta property=\"og:url\" content=\"https:\/\/versano.nl\/es\/shop\/grote-maat-dames-leren-jas-versano-pino-zwart\/\" \/>\n<meta property=\"og:site_name\" content=\"Versano\" \/>\n<meta property=\"article:modified_time\" content=\"2025-09-08T10:54:30+00:00\" \/>\n<meta property=\"og:image\" content=\"https:\/\/versano.nl\/wp-content\/uploads\/2020\/07\/grote-maat-leren-damesjas-zwart-Pino-Versano-voorkant.jpg\" \/>\n\t<meta property=\"og:image:width\" content=\"900\" \/>\n\t<meta property=\"og:image:height\" content=\"1200\" \/>\n\t<meta property=\"og:image:type\" content=\"image\/jpeg\" \/>\n<meta name=\"twitter:card\" content=\"summary_large_image\" \/>\n<meta name=\"twitter:label1\" content=\"Tiempo de lectura\" \/>\n\t<meta name=\"twitter:data1\" content=\"2 minutos\" \/>\n<script type=\"application\/ld+json\" class=\"yoast-schema-graph\">{\"@context\":\"https:\/\/schema.org\",\"@graph\":[{\"@type\":\"WebPage\",\"@id\":\"https:\/\/versano.nl\/shop\/grote-maat-dames-leren-jas-versano-pino-zwart\/\",\"url\":\"https:\/\/versano.nl\/shop\/grote-maat-dames-leren-jas-versano-pino-zwart\/\",\"name\":\"Leren dames jas grote maat zwart Pino Versano, dames leren jassen\",\"isPartOf\":{\"@id\":\"https:\/\/versano.nl\/#website\"},\"primaryImageOfPage\":{\"@id\":\"https:\/\/versano.nl\/shop\/grote-maat-dames-leren-jas-versano-pino-zwart\/#primaryimage\"},\"image\":{\"@id\":\"https:\/\/versano.nl\/shop\/grote-maat-dames-leren-jas-versano-pino-zwart\/#primaryimage\"},\"thumbnailUrl\":\"https:\/\/versano.nl\/wp-content\/uploads\/2020\/07\/grote-maat-leren-damesjas-zwart-Pino-Versano-voorkant.jpg\",\"datePublished\":\"2020-04-19T20:25:43+00:00\",\"dateModified\":\"2025-09-08T10:54:30+00:00\",\"description\":\"Ben je op zoek naar een Leren dames jas grote maat zwart Pino Versano, dan moet je een kijkje nemen in de webshop van Versano.\",\"breadcrumb\":{\"@id\":\"https:\/\/versano.nl\/shop\/grote-maat-dames-leren-jas-versano-pino-zwart\/#breadcrumb\"},\"inLanguage\":\"es\",\"potentialAction\":[{\"@type\":\"ReadAction\",\"target\":[\"https:\/\/versano.nl\/shop\/grote-maat-dames-leren-jas-versano-pino-zwart\/\"]}]},{\"@type\":\"ImageObject\",\"inLanguage\":\"es\",\"@id\":\"https:\/\/versano.nl\/shop\/grote-maat-dames-leren-jas-versano-pino-zwart\/#primaryimage\",\"url\":\"https:\/\/versano.nl\/wp-content\/uploads\/2020\/07\/grote-maat-leren-damesjas-zwart-Pino-Versano-voorkant.jpg\",\"contentUrl\":\"https:\/\/versano.nl\/wp-content\/uploads\/2020\/07\/grote-maat-leren-damesjas-zwart-Pino-Versano-voorkant.jpg\",\"width\":900,\"height\":1200,\"caption\":\"Leren dames jas grote maat zwart Pino Versano\"},{\"@type\":\"BreadcrumbList\",\"@id\":\"https:\/\/versano.nl\/shop\/grote-maat-dames-leren-jas-versano-pino-zwart\/#breadcrumb\",\"itemListElement\":[{\"@type\":\"ListItem\",\"position\":1,\"name\":\"Home\",\"item\":\"https:\/\/versano.nl\/\"},{\"@type\":\"ListItem\",\"position\":2,\"name\":\"Shop\",\"item\":\"https:\/\/versano.nl\/shop\/\"},{\"@type\":\"ListItem\",\"position\":3,\"name\":\"Leren dames jas grote maat zwart Pino Versano\"}]},{\"@type\":\"WebSite\",\"@id\":\"https:\/\/versano.nl\/#website\",\"url\":\"https:\/\/versano.nl\/\",\"name\":\"Versano\",\"description\":\"winterjassen met bontkraag | leren dames jassen | leren heren jassen\",\"potentialAction\":[{\"@type\":\"SearchAction\",\"target\":{\"@type\":\"EntryPoint\",\"urlTemplate\":\"https:\/\/versano.nl\/?s={search_term_string}\"},\"query-input\":{\"@type\":\"PropertyValueSpecification\",\"valueRequired\":true,\"valueName\":\"search_term_string\"}}],\"inLanguage\":\"es\"}]}<\/script>\n<!-- \/ Yoast SEO plugin. -->","yoast_head_json":{"title":"Chaqueta de cuero para dama talla grande negra Pino Versano, chaquetas de cuero para dama","description":"\u00bfEst\u00e1s buscando una chaqueta de cuero para mujer talla grande negra Pino Versano? Entonces deber\u00edas echar un vistazo a la tienda web de Versano.","robots":{"index":"index","follow":"follow","max-snippet":"max-snippet:-1","max-image-preview":"max-image-preview:large","max-video-preview":"max-video-preview:-1"},"canonical":"https:\/\/versano.nl\/es\/shop\/grote-maat-dames-leren-jas-versano-pino-zwart\/","og_locale":"es_ES","og_type":"article","og_title":"Leren dames jas grote maat zwart Pino Versano, dames leren jassen","og_description":"Ben je op zoek naar een Leren dames jas grote maat zwart Pino Versano, dan moet je een kijkje nemen in de webshop van Versano.","og_url":"https:\/\/versano.nl\/es\/shop\/grote-maat-dames-leren-jas-versano-pino-zwart\/","og_site_name":"Versano","article_modified_time":"2025-09-08T10:54:30+00:00","og_image":[{"width":900,"height":1200,"url":"https:\/\/versano.nl\/wp-content\/uploads\/2020\/07\/grote-maat-leren-damesjas-zwart-Pino-Versano-voorkant.jpg","type":"image\/jpeg"}],"twitter_card":"summary_large_image","twitter_misc":{"Tiempo de lectura":"2 minutos"},"schema":{"@context":"https:\/\/schema.org","@graph":[{"@type":"WebPage","@id":"https:\/\/versano.nl\/shop\/grote-maat-dames-leren-jas-versano-pino-zwart\/","url":"https:\/\/versano.nl\/shop\/grote-maat-dames-leren-jas-versano-pino-zwart\/","name":"Chaqueta de cuero para dama talla grande negra Pino Versano, chaquetas de cuero para dama","isPartOf":{"@id":"https:\/\/versano.nl\/#website"},"primaryImageOfPage":{"@id":"https:\/\/versano.nl\/shop\/grote-maat-dames-leren-jas-versano-pino-zwart\/#primaryimage"},"image":{"@id":"https:\/\/versano.nl\/shop\/grote-maat-dames-leren-jas-versano-pino-zwart\/#primaryimage"},"thumbnailUrl":"https:\/\/versano.nl\/wp-content\/uploads\/2020\/07\/grote-maat-leren-damesjas-zwart-Pino-Versano-voorkant.jpg","datePublished":"2020-04-19T20:25:43+00:00","dateModified":"2025-09-08T10:54:30+00:00","description":"\u00bfEst\u00e1s buscando una chaqueta de cuero para mujer talla grande negra Pino Versano? Entonces deber\u00edas echar un vistazo a la tienda web de Versano.","breadcrumb":{"@id":"https:\/\/versano.nl\/shop\/grote-maat-dames-leren-jas-versano-pino-zwart\/#breadcrumb"},"inLanguage":"es","potentialAction":[{"@type":"ReadAction","target":["https:\/\/versano.nl\/shop\/grote-maat-dames-leren-jas-versano-pino-zwart\/"]}]},{"@type":"ImageObject","inLanguage":"es","@id":"https:\/\/versano.nl\/shop\/grote-maat-dames-leren-jas-versano-pino-zwart\/#primaryimage","url":"https:\/\/versano.nl\/wp-content\/uploads\/2020\/07\/grote-maat-leren-damesjas-zwart-Pino-Versano-voorkant.jpg","contentUrl":"https:\/\/versano.nl\/wp-content\/uploads\/2020\/07\/grote-maat-leren-damesjas-zwart-Pino-Versano-voorkant.jpg","width":900,"height":1200,"caption":"Leren dames jas grote maat zwart Pino Versano"},{"@type":"BreadcrumbList","@id":"https:\/\/versano.nl\/shop\/grote-maat-dames-leren-jas-versano-pino-zwart\/#breadcrumb","itemListElement":[{"@type":"ListItem","position":1,"name":"Home","item":"https:\/\/versano.nl\/"},{"@type":"ListItem","position":2,"name":"Shop","item":"https:\/\/versano.nl\/shop\/"},{"@type":"ListItem","position":3,"name":"Leren dames jas grote maat zwart Pino Versano"}]},{"@type":"WebSite","@id":"https:\/\/versano.nl\/#website","url":"https:\/\/versano.nl\/","name":"Versano","description":"abrigos de invierno con cuello de piel | chaquetas de cuero para mujer | chaquetas de cuero para hombre","potentialAction":[{"@type":"SearchAction","target":{"@type":"EntryPoint","urlTemplate":"https:\/\/versano.nl\/?s={search_term_string}"},"query-input":{"@type":"PropertyValueSpecification","valueRequired":true,"valueName":"search_term_string"}}],"inLanguage":"es"}]}},"_links":{"self":[{"href":"https:\/\/versano.nl\/es\/wp-json\/wp\/v2\/product\/16228","targetHints":{"allow":["GET"]}}],"collection":[{"href":"https:\/\/versano.nl\/es\/wp-json\/wp\/v2\/product"}],"about":[{"href":"https:\/\/versano.nl\/es\/wp-json\/wp\/v2\/types\/product"}],"replies":[{"embeddable":true,"href":"https:\/\/versano.nl\/es\/wp-json\/wp\/v2\/comments?post=16228"}],"wp:featuredmedia":[{"embeddable":true,"href":"https:\/\/versano.nl\/es\/wp-json\/wp\/v2\/media\/16563"}],"wp:attachment":[{"href":"https:\/\/versano.nl\/es\/wp-json\/wp\/v2\/media?parent=16228"}],"wp:term":[{"taxonomy":"product_brand","embeddable":true,"href":"https:\/\/versano.nl\/es\/wp-json\/wp\/v2\/product_brand?post=16228"},{"taxonomy":"product_cat","embeddable":true,"href":"https:\/\/versano.nl\/es\/wp-json\/wp\/v2\/product_cat?post=16228"},{"taxonomy":"product_tag","embeddable":true,"href":"https:\/\/versano.nl\/es\/wp-json\/wp\/v2\/product_tag?post=16228"}],"curies":[{"name":"wp","href":"https:\/\/api.w.org\/{rel}","templated":true}]}}