{"id":16023,"date":"2020-04-10T20:20:29","date_gmt":"2020-04-10T20:20:29","guid":{"rendered":"https:\/\/versano.nl\/?post_type=product&#038;p=16023"},"modified":"2026-03-18T23:11:01","modified_gmt":"2026-03-18T23:11:01","slug":"leren-heren-jas-basic-bruin-versano-tr53","status":"publish","type":"product","link":"https:\/\/versano.nl\/es\/shop\/leren-heren-jas-basic-bruin-versano-tr53\/","title":{"rendered":"Chaqueta de cuero para hombre marr\u00f3n TR53 Versano"},"content":{"rendered":"<h2>Chaqueta de cuero para hombre marr\u00f3n TR53 Versano<\/h2>\n<p style=\"margin: 0cm 0cm 16.5pt 0cm;\"><span style=\"font-size: 10.5pt; font-family: 'Arial',sans-serif; color: #282828;\">La chaqueta de cuero para hombre marr\u00f3n TR53 Versano es una chaqueta superior de Versano y est\u00e1 hecha de cuero de cordero suave y flexible. Lo hemos mantenido bastante simple con esta chaqueta, y ese es el punto fuerte de este modelo. La chaqueta tiene 2 bolsillos laterales y un bolsillo interior. La cremallera de esta chaqueta de piel de cordero se extiende hasta el cuello acostado. El TR53 est\u00e1 disponible en negro, marr\u00f3n y co\u00f1ac. Esta es una hermosa chaqueta de corte ajustado que es completamente de estilo italiano. Si nos encarga esta chaqueta, recibir\u00e1 una chaqueta que permanecer\u00e1 hermosa para toda la vida. La chaqueta est\u00e1 hecha de piel de cordero y es de corte ajustado italiano con un buen ajuste. Es una aut\u00e9ntica chaqueta de hombre, que te har\u00e1 lucir patente en el futuro. \u00bfBuscas una chaqueta para el d\u00eda a d\u00eda? Entonces podr\u00e1s lucir bien con esta chaqueta de piel de cordero.<\/span><\/p>\n<h2 style=\"text-align: start; margin: 11.25pt 0cm 11.25pt 0cm;\"><span style=\"font-size: 15pt; font-family: Arial, sans-serif; color: #282828;\">Solicitar modelo TR 53 en marr\u00f3n<\/span><\/h2>\n<p style=\"text-align: start; margin: 0cm 0cm 16.5pt 0cm;\"><span style=\"font-size: 10.5pt; font-family: 'Arial',sans-serif; color: #282828;\">Esta chaqueta de cuero para hombre forma parte de la nueva colecci\u00f3n Versano. Esta chaqueta de cuero es una chaqueta para todos los d\u00edas y se adapta perfectamente a tu cuerpo. Esta es solo una bonita chaqueta b\u00e1sica para todas las estaciones. \u00a1Funciona tan bien como en una salida nocturna o simplemente para ir y volver del trabajo! Puede pedir f\u00e1cilmente este modelo en nuestro sitio web en co\u00f1ac u otros colores varios como marr\u00f3n y negro. Por lo tanto, le recomendamos que simplemente eche un vistazo a qu\u00e9 color cree que se adapta mejor a su propio estilo. \u00bfTiene alguna pregunta o no est\u00e1 seguro de qu\u00e9 talla pedir? Entonces siempre puede contactarnos por correo o WhatsApp. \u00a1Nuestros empleados desean ayudarlo!<\/span><\/p>\n<p style=\"margin: 0cm; text-align: start;\"><span style=\"font-size: 10.5pt; font-family: 'Arial',sans-serif; color: #282828;\">marca:\u00a0<a style=\"color: inherit;\" href=\"https:\/\/versano.nl\/\"><span style=\"text-decoration: none;\">Versano<\/span><\/a><br \/>\nMaterial: 100% piel de cordero<br \/>\nForro: 100% poli\u00e9ster<br \/>\nlongitud: corto<br \/>\nAjuste: corte ce\u00f1ido<br \/>\nCierre: cremallera<br \/>\nBolsillos: bolsillo con cremallera<br \/>\nCollar: de pie cuello<br \/>\ncapa externa de material: Muy alta calidad y suave piel de cordero<br \/>\nPlazo de entrega: 2-3 d\u00edas laborables<\/span><\/p>","protected":false},"excerpt":{"rendered":"<p>ELIGE OTRO COLOR AQU\u00cd<\/p>\n<p><a href=\"https:\/\/versano.nl\/shop\/leren-heren-jas-basic-cognac-versano-tr53\/\"><img loading=\"lazy\" decoding=\"async\" class=\"alignnone size-full wp-image-19925\" src=\"https:\/\/versano.nl\/wp-content\/uploads\/sites\/2\/2020\/04\/lamsleren-herenjas-met-platte-kraag-cognac-tr53-thumb.jpg\" alt=\"\" width=\"56\" height=\"75\" \/><\/a><a href=\"https:\/\/versano.nl\/shop\/leren-heren-jas-basic-zwart-versano-tr53\/\"><img loading=\"lazy\" decoding=\"async\" class=\"alignnone size-full wp-image-19926\" src=\"https:\/\/versano.nl\/wp-content\/uploads\/sites\/2\/2020\/04\/lamsleren-herenjas-met-platte-kraag-zwart-tr53-thumb.jpg\" alt=\"\" width=\"56\" height=\"75\" \/><\/a><\/p>\n<p style=\"margin: 0cm 0cm 11.25pt 0cm;\"><span style=\"font-size: 10.5pt; font-family: 'Arial',sans-serif; color: red;\">Consejos de ajuste:\u00a0<\/span><span style=\"font-size: 10.5pt; font-family: 'Arial',sans-serif; color: #5d5d5d;\">El ajuste de esta chaqueta es ajustado. Nuestro modelo mide 1,80 cm y lleva una talla M.<\/span><\/p>\n<p style=\"margin: 0cm 0cm 11.25pt 0cm;\"><span style=\"font-size: 10.5pt; font-family: 'Arial',sans-serif; color: #5d5d5d;\">Si no est\u00e1 seguro de sus medidas, le recomendamos que primero mida las medidas de su talla y las compare con nuestra tabla de tallas. Si no tiene experiencia en medir tama\u00f1os de circunferencia, haga clic en\u00a0<\/span><a href=\"https:\/\/www.youtube.com\/watch?v=3ZSfY87v6pM\"><em><span style=\"font-size: 10.5pt; font-family: 'Arial',sans-serif; text-decoration: none;\">AQU\u00cd<\/span><\/em><span style=\"font-size: 10.5pt; font-family: 'Arial',sans-serif; text-decoration: none;\">\u00a0<\/span><\/a><span style=\"font-size: 10.5pt; font-family: 'Arial',sans-serif; color: #5d5d5d;\">\u00a0para\u00a0<\/span><a href=\"https:\/\/www.youtube.com\/watch?v=3ZSfY87v6pM\"><em><span style=\"font-size: 10.5pt; font-family: 'Arial',sans-serif; color: red; text-decoration: none;\">VIDEO<\/span><\/em><\/a><span style=\"font-size: 10.5pt; font-family: 'Arial',sans-serif; color: #5d5d5d;\">\u00a0 con instrucciones. \u00a1Tambi\u00e9n puede llamarnos o enviarnos una aplicaci\u00f3n directamente! Nuestros empleados est\u00e1n siempre disponibles para ayudar.<\/span><\/p>\n<p style=\"margin: 0cm;\"><strong><span style=\"font-size: 10.5pt; font-family: 'Arial',sans-serif; color: #5d5d5d;\">EL TIEMPO DE ENTREGA :<\/span><\/strong><span style=\"font-size: 10.5pt; font-family: 'Arial',sans-serif; color: #5d5d5d;\">\u00a02 a 3 d\u00edas laborables.<\/span><\/p>","protected":false},"featured_media":33570,"comment_status":"closed","ping_status":"closed","template":"","meta":[],"product_brand":[],"product_cat":[1670,147,874,907,1671,908,1669,1712,910,882],"product_tag":[1765,1691,1761,1762,1760,1692,1763,1698,1766,1764,101,1697,1699,1708],"class_list":{"0":"post-16023","1":"product","2":"type-product","3":"status-publish","4":"has-post-thumbnail","6":"product_cat-heren-leren-jas","7":"product_cat-heren-leren-jassen","8":"product_cat-kort-leren-jasje","9":"product_cat-kort-leren-jasje-heren","10":"product_cat-leren-heren-jas","11":"product_cat-leren-heren-jassen","12":"product_cat-leren-jas-heren","13":"product_cat-leren-jassen","14":"product_cat-leren-jassen-heren","15":"product_cat-versano","16":"product_tag-bruine-zomerjas-heren","17":"product_tag-echt-leer-heren-jas","18":"product_tag-heren-jas-leer","19":"product_tag-heren-leren-jas-bruin","20":"product_tag-herencollectie-versano","21":"product_tag-lamsleer-heren-jas","22":"product_tag-leren-heren-jas-met-kraag","23":"product_tag-leren-heren-jas-sale","24":"product_tag-leren-jassen-uitverkoop","25":"product_tag-liggende-kraag-heren-leren-jas","26":"product_tag-online-leren-jassen","27":"product_tag-uitverkoop-heren-leren-jas","28":"product_tag-versano-heren-leren-jas","29":"product_tag-zomerjassen-heren","30":"tm-no-options","32":"first","33":"instock","34":"sale","35":"taxable","36":"shipping-taxable","37":"purchasable","38":"product-type-variable"},"yoast_head":"<!-- This site is optimized with the Yoast SEO plugin v27.2 - https:\/\/yoast.com\/product\/yoast-seo-wordpress\/ -->\n<title>Leren heren jas bruin TR53 Versano, bruine leren jas heren<\/title>\n<meta name=\"description\" content=\"Bent u opzoek naar een Leren heren jas bruin TR53 Versano, dan bent u bij ons aan het juiste adres voor leren jassen voor heren.\" \/>\n<meta name=\"robots\" content=\"index, follow, max-snippet:-1, max-image-preview:large, max-video-preview:-1\" \/>\n<link rel=\"canonical\" href=\"https:\/\/versano.nl\/es\/shop\/leren-heren-jas-basic-bruin-versano-tr53\/\" \/>\n<meta property=\"og:locale\" content=\"es_ES\" \/>\n<meta property=\"og:type\" content=\"article\" \/>\n<meta property=\"og:title\" content=\"Leren heren jas bruin TR53 Versano, bruine leren jas heren\" \/>\n<meta property=\"og:description\" content=\"Bent u opzoek naar een Leren heren jas bruin TR53 Versano, dan bent u bij ons aan het juiste adres voor leren jassen voor heren.\" \/>\n<meta property=\"og:url\" content=\"https:\/\/versano.nl\/es\/shop\/leren-heren-jas-basic-bruin-versano-tr53\/\" \/>\n<meta property=\"og:site_name\" content=\"Versano\" \/>\n<meta property=\"article:modified_time\" content=\"2026-03-18T23:11:01+00:00\" \/>\n<meta property=\"og:image\" content=\"https:\/\/versano.nl\/wp-content\/uploads\/2020\/04\/tr53-bruin.jpg\" \/>\n\t<meta property=\"og:image:width\" content=\"600\" \/>\n\t<meta property=\"og:image:height\" content=\"800\" \/>\n\t<meta property=\"og:image:type\" content=\"image\/jpeg\" \/>\n<meta name=\"twitter:card\" content=\"summary_large_image\" \/>\n<meta name=\"twitter:label1\" content=\"Tiempo de lectura\" \/>\n\t<meta name=\"twitter:data1\" content=\"2 minutos\" \/>\n<script type=\"application\/ld+json\" class=\"yoast-schema-graph\">{\"@context\":\"https:\/\/schema.org\",\"@graph\":[{\"@type\":\"WebPage\",\"@id\":\"https:\/\/versano.nl\/shop\/leren-heren-jas-basic-bruin-versano-tr53\/\",\"url\":\"https:\/\/versano.nl\/shop\/leren-heren-jas-basic-bruin-versano-tr53\/\",\"name\":\"Leren heren jas bruin TR53 Versano, bruine leren jas heren\",\"isPartOf\":{\"@id\":\"https:\/\/versano.nl\/#website\"},\"primaryImageOfPage\":{\"@id\":\"https:\/\/versano.nl\/shop\/leren-heren-jas-basic-bruin-versano-tr53\/#primaryimage\"},\"image\":{\"@id\":\"https:\/\/versano.nl\/shop\/leren-heren-jas-basic-bruin-versano-tr53\/#primaryimage\"},\"thumbnailUrl\":\"https:\/\/versano.nl\/wp-content\/uploads\/2020\/04\/tr53-bruin.jpg\",\"datePublished\":\"2020-04-10T20:20:29+00:00\",\"dateModified\":\"2026-03-18T23:11:01+00:00\",\"description\":\"Bent u opzoek naar een Leren heren jas bruin TR53 Versano, dan bent u bij ons aan het juiste adres voor leren jassen voor heren.\",\"breadcrumb\":{\"@id\":\"https:\/\/versano.nl\/shop\/leren-heren-jas-basic-bruin-versano-tr53\/#breadcrumb\"},\"inLanguage\":\"es\",\"potentialAction\":[{\"@type\":\"ReadAction\",\"target\":[\"https:\/\/versano.nl\/shop\/leren-heren-jas-basic-bruin-versano-tr53\/\"]}]},{\"@type\":\"ImageObject\",\"inLanguage\":\"es\",\"@id\":\"https:\/\/versano.nl\/shop\/leren-heren-jas-basic-bruin-versano-tr53\/#primaryimage\",\"url\":\"https:\/\/versano.nl\/wp-content\/uploads\/2020\/04\/tr53-bruin.jpg\",\"contentUrl\":\"https:\/\/versano.nl\/wp-content\/uploads\/2020\/04\/tr53-bruin.jpg\",\"width\":600,\"height\":800},{\"@type\":\"BreadcrumbList\",\"@id\":\"https:\/\/versano.nl\/shop\/leren-heren-jas-basic-bruin-versano-tr53\/#breadcrumb\",\"itemListElement\":[{\"@type\":\"ListItem\",\"position\":1,\"name\":\"Home\",\"item\":\"https:\/\/versano.nl\/\"},{\"@type\":\"ListItem\",\"position\":2,\"name\":\"Shop\",\"item\":\"https:\/\/versano.nl\/shop\/\"},{\"@type\":\"ListItem\",\"position\":3,\"name\":\"Leren heren jas bruin TR53 Versano\"}]},{\"@type\":\"WebSite\",\"@id\":\"https:\/\/versano.nl\/#website\",\"url\":\"https:\/\/versano.nl\/\",\"name\":\"Versano\",\"description\":\"winterjassen met bontkraag | leren dames jassen | leren heren jassen\",\"potentialAction\":[{\"@type\":\"SearchAction\",\"target\":{\"@type\":\"EntryPoint\",\"urlTemplate\":\"https:\/\/versano.nl\/?s={search_term_string}\"},\"query-input\":{\"@type\":\"PropertyValueSpecification\",\"valueRequired\":true,\"valueName\":\"search_term_string\"}}],\"inLanguage\":\"es\"}]}<\/script>\n<!-- \/ Yoast SEO plugin. -->","yoast_head_json":{"title":"Chaqueta de cuero para hombre marr\u00f3n TR53 Versano, chaqueta de cuero marr\u00f3n para hombre","description":"\u00bfEst\u00e1 buscando una chaqueta de cuero para hombre marr\u00f3n TR53 Versano, entonces ha venido al lugar correcto para las chaquetas de cuero para hombres?","robots":{"index":"index","follow":"follow","max-snippet":"max-snippet:-1","max-image-preview":"max-image-preview:large","max-video-preview":"max-video-preview:-1"},"canonical":"https:\/\/versano.nl\/es\/shop\/leren-heren-jas-basic-bruin-versano-tr53\/","og_locale":"es_ES","og_type":"article","og_title":"Leren heren jas bruin TR53 Versano, bruine leren jas heren","og_description":"Bent u opzoek naar een Leren heren jas bruin TR53 Versano, dan bent u bij ons aan het juiste adres voor leren jassen voor heren.","og_url":"https:\/\/versano.nl\/es\/shop\/leren-heren-jas-basic-bruin-versano-tr53\/","og_site_name":"Versano","article_modified_time":"2026-03-18T23:11:01+00:00","og_image":[{"width":600,"height":800,"url":"https:\/\/versano.nl\/wp-content\/uploads\/2020\/04\/tr53-bruin.jpg","type":"image\/jpeg"}],"twitter_card":"summary_large_image","twitter_misc":{"Tiempo de lectura":"2 minutos"},"schema":{"@context":"https:\/\/schema.org","@graph":[{"@type":"WebPage","@id":"https:\/\/versano.nl\/shop\/leren-heren-jas-basic-bruin-versano-tr53\/","url":"https:\/\/versano.nl\/shop\/leren-heren-jas-basic-bruin-versano-tr53\/","name":"Chaqueta de cuero para hombre marr\u00f3n TR53 Versano, chaqueta de cuero marr\u00f3n para hombre","isPartOf":{"@id":"https:\/\/versano.nl\/#website"},"primaryImageOfPage":{"@id":"https:\/\/versano.nl\/shop\/leren-heren-jas-basic-bruin-versano-tr53\/#primaryimage"},"image":{"@id":"https:\/\/versano.nl\/shop\/leren-heren-jas-basic-bruin-versano-tr53\/#primaryimage"},"thumbnailUrl":"https:\/\/versano.nl\/wp-content\/uploads\/2020\/04\/tr53-bruin.jpg","datePublished":"2020-04-10T20:20:29+00:00","dateModified":"2026-03-18T23:11:01+00:00","description":"\u00bfEst\u00e1 buscando una chaqueta de cuero para hombre marr\u00f3n TR53 Versano, entonces ha venido al lugar correcto para las chaquetas de cuero para hombres?","breadcrumb":{"@id":"https:\/\/versano.nl\/shop\/leren-heren-jas-basic-bruin-versano-tr53\/#breadcrumb"},"inLanguage":"es","potentialAction":[{"@type":"ReadAction","target":["https:\/\/versano.nl\/shop\/leren-heren-jas-basic-bruin-versano-tr53\/"]}]},{"@type":"ImageObject","inLanguage":"es","@id":"https:\/\/versano.nl\/shop\/leren-heren-jas-basic-bruin-versano-tr53\/#primaryimage","url":"https:\/\/versano.nl\/wp-content\/uploads\/2020\/04\/tr53-bruin.jpg","contentUrl":"https:\/\/versano.nl\/wp-content\/uploads\/2020\/04\/tr53-bruin.jpg","width":600,"height":800},{"@type":"BreadcrumbList","@id":"https:\/\/versano.nl\/shop\/leren-heren-jas-basic-bruin-versano-tr53\/#breadcrumb","itemListElement":[{"@type":"ListItem","position":1,"name":"Home","item":"https:\/\/versano.nl\/"},{"@type":"ListItem","position":2,"name":"Shop","item":"https:\/\/versano.nl\/shop\/"},{"@type":"ListItem","position":3,"name":"Leren heren jas bruin TR53 Versano"}]},{"@type":"WebSite","@id":"https:\/\/versano.nl\/#website","url":"https:\/\/versano.nl\/","name":"Versano","description":"abrigos de invierno con cuello de piel | chaquetas de cuero para mujer | chaquetas de cuero para hombre","potentialAction":[{"@type":"SearchAction","target":{"@type":"EntryPoint","urlTemplate":"https:\/\/versano.nl\/?s={search_term_string}"},"query-input":{"@type":"PropertyValueSpecification","valueRequired":true,"valueName":"search_term_string"}}],"inLanguage":"es"}]}},"_links":{"self":[{"href":"https:\/\/versano.nl\/es\/wp-json\/wp\/v2\/product\/16023","targetHints":{"allow":["GET"]}}],"collection":[{"href":"https:\/\/versano.nl\/es\/wp-json\/wp\/v2\/product"}],"about":[{"href":"https:\/\/versano.nl\/es\/wp-json\/wp\/v2\/types\/product"}],"replies":[{"embeddable":true,"href":"https:\/\/versano.nl\/es\/wp-json\/wp\/v2\/comments?post=16023"}],"wp:featuredmedia":[{"embeddable":true,"href":"https:\/\/versano.nl\/es\/wp-json\/wp\/v2\/media\/33570"}],"wp:attachment":[{"href":"https:\/\/versano.nl\/es\/wp-json\/wp\/v2\/media?parent=16023"}],"wp:term":[{"taxonomy":"product_brand","embeddable":true,"href":"https:\/\/versano.nl\/es\/wp-json\/wp\/v2\/product_brand?post=16023"},{"taxonomy":"product_cat","embeddable":true,"href":"https:\/\/versano.nl\/es\/wp-json\/wp\/v2\/product_cat?post=16023"},{"taxonomy":"product_tag","embeddable":true,"href":"https:\/\/versano.nl\/es\/wp-json\/wp\/v2\/product_tag?post=16023"}],"curies":[{"name":"wp","href":"https:\/\/api.w.org\/{rel}","templated":true}]}}