{"id":15887,"date":"2014-12-01T08:04:34","date_gmt":"2014-12-01T08:04:34","guid":{"rendered":"https:\/\/versano.nl\/shop\/leren-jas-heren-versano-tr43-cognac\/"},"modified":"2025-09-16T11:51:50","modified_gmt":"2025-09-16T11:51:50","slug":"versano-heren-leren-jas-tr43-cognac","status":"publish","type":"product","link":"https:\/\/versano.nl\/es\/shop\/versano-heren-leren-jas-tr43-cognac\/","title":{"rendered":"Chaqueta de cuero para hombre TR43 cognac Versano"},"content":{"rendered":"<h2>Chaqueta de cuero para hombre TR43 cognac Versano<\/h2>\n<p>Con la chaqueta de cuero para hombre TR43 cognac Versano, obtienes una chaqueta que destaca por su comodidad y un ajuste perfecto. Fue hecho por los dise\u00f1adores de Versano, que saben mejor que nadie c\u00f3mo dise\u00f1ar una hermosa chaqueta. Por ello, te recomendamos que eches un vistazo a nuestra gama de chaquetas de esta marca si est\u00e1s buscando un modelo deportivo y chic. Tambi\u00e9n es una chaqueta que est\u00e1 hecha de cuero de cordero duradero, que es un tipo de cuero flexible y resistente. Es una chaqueta de cuero para hombre que est\u00e1 terminada a la perfecci\u00f3n. Por tanto, es un modelo que podemos recomendar de todo coraz\u00f3n. Con esta chaqueta puedes estar seguro de que pronto tendr\u00e1s una nueva chaqueta colgando de tus hombros en la que se te podr\u00e1 ver.<\/p>\n<h2>Pida el modelo TR43 en co\u00f1ac<\/h2>\n<p>Si est\u00e1s buscando una chaqueta de cuero con la que puedas estar seguro de que te resultar\u00e1 c\u00f3moda, lo \u00fanico que tienes que hacer es echar un vistazo a nuestra gama. En My-Versano encontrar\u00e1 hermosas chaquetas de Versano, una marca que se ha ganado un buen nombre a lo largo de los a\u00f1os. El TR43 es un modelo que est\u00e1 dise\u00f1ado como estamos acostumbrados desde Versano. En otras palabras: una chaqueta que queda perfecta con su corte italiano. Es una chaqueta que est\u00e1 fabricada con piel de cordero de muy alta calidad. Con nosotros, puede elegir f\u00e1cilmente el tama\u00f1o correcto seg\u00fan nuestros videos de instrucciones inteligentes. Entonces siempre puede contactarnos por correo o WhatsApp. \u00a1Nuestros empleados desean ayudarlo!<\/p>\n<p>&nbsp;<\/p>\n<p>marca:\u00a0<a href=\"https:\/\/versano.nl\/\">Versano<\/a><br \/>\nMaterial: 100% piel de cordero<br \/>\nForro: 100% poli\u00e9ster<br \/>\nlongitud: corto<br \/>\nAjuste: corte ce\u00f1ido<br \/>\nCierre: cremallera<br \/>\nBolsillos: bolsillo con cremallera<br \/>\nCollar: de pie cuello<br \/>\ncapa externa de material: Muy alta calidad y suave piel de cordero<br \/>\nPlazo de entrega: 2-3 d\u00edas laborables<\/p>\n<p>&nbsp;<\/p>","protected":false},"excerpt":{"rendered":"<p>ELIGE OTRO COLOR AQU\u00cd<\/p>\n<p><strong> <a href=\"https:\/\/versano.nl\/shop\/leren-jas-heren-versano-tr43-bruin\/\"><img loading=\"lazy\" decoding=\"async\" class=\"alignnone size-full wp-image-19920\" src=\"https:\/\/versano.nl\/wp-content\/uploads\/sites\/2\/2016\/04\/echte-leren-jas-heren-bruin-versano-thumb.jpg\" alt=\"\" width=\"57\" height=\"75\" \/><\/a><a href=\"https:\/\/versano.nl\/shop\/leren-jas-heren-versano-tr43-blauw\/\"><img loading=\"lazy\" decoding=\"async\" class=\"alignnone size-full wp-image-19922\" src=\"https:\/\/versano.nl\/wp-content\/uploads\/sites\/2\/2016\/04\/leren-jassen-heren-blauw-versano-tr43-thumb.jpg\" alt=\"\" width=\"57\" height=\"75\" \/><\/a><a href=\"https:\/\/versano.nl\/shop\/leren-jas-heren-versano-tr43-zwart\/\"><img loading=\"lazy\" decoding=\"async\" class=\"alignnone size-full wp-image-19923\" src=\"https:\/\/versano.nl\/wp-content\/uploads\/sites\/2\/2016\/04\/zwarte-leren-heren-jas-versano-tr43-thumb.jpg\" alt=\"\" width=\"57\" height=\"75\" \/><\/a><\/strong><\/p>\n<p style=\"margin: 0cm 0cm 11.25pt 0cm;\"><span style=\"font-size: 10.5pt; font-family: 'Arial',sans-serif; color: red;\">Consejos de ajuste:\u00a0<\/span><span style=\"font-size: 10.5pt; font-family: 'Arial',sans-serif; color: #5d5d5d;\">El ajuste de esta chaqueta es ajustado. Nuestro modelo mide 1,75 cm y lleva una talla M.<\/span><\/p>\n<p style=\"margin: 0cm 0cm 11.25pt 0cm;\"><span style=\"font-size: 10.5pt; font-family: 'Arial',sans-serif; color: #5d5d5d;\">Si no est\u00e1 seguro de sus medidas, le recomendamos que primero mida las medidas de su talla y las compare con nuestra tabla de tallas. Si no tiene experiencia en medir tama\u00f1os de circunferencia, haga clic en\u00a0<\/span><a href=\"https:\/\/www.youtube.com\/watch?v=3ZSfY87v6pM\"><em><span style=\"font-size: 10.5pt; font-family: 'Arial',sans-serif; text-decoration: none;\">AQU\u00cd<\/span><\/em><span style=\"font-size: 10.5pt; font-family: 'Arial',sans-serif; text-decoration: none;\">\u00a0<\/span><\/a><span style=\"font-size: 10.5pt; font-family: 'Arial',sans-serif; color: #5d5d5d;\">\u00a0para\u00a0<\/span><a href=\"https:\/\/www.youtube.com\/watch?v=3ZSfY87v6pM\"><em><span style=\"font-size: 10.5pt; font-family: 'Arial',sans-serif; color: red; text-decoration: none;\">VIDEO<\/span><\/em><\/a><span style=\"font-size: 10.5pt; font-family: 'Arial',sans-serif; color: #5d5d5d;\">\u00a0 con instrucciones. \u00a1Tambi\u00e9n puede llamarnos o enviarnos una aplicaci\u00f3n directamente! Nuestros empleados est\u00e1n siempre disponibles para ayudar.<\/span><\/p>\n<p style=\"margin: 0cm;\"><strong><span style=\"font-size: 10.5pt; font-family: 'Arial',sans-serif; color: #5d5d5d;\">EL TIEMPO DE ENTREGA :<\/span><\/strong><span style=\"font-size: 10.5pt; font-family: 'Arial',sans-serif; color: #5d5d5d;\">\u00a02 a 3 d\u00edas laborables.<\/span><\/p>\n<p>&nbsp;<\/p>","protected":false},"featured_media":15983,"comment_status":"closed","ping_status":"closed","template":"","meta":[],"product_brand":[],"product_cat":[1670,147,874,907,912,1671,908,1669,910,882],"product_tag":[1696,1217,1221,1692,1220,1218,1694,1219,665,1752,1755,1754,1751,1716,1753],"class_list":{"0":"post-15887","1":"product","2":"type-product","3":"status-publish","4":"has-post-thumbnail","6":"product_cat-heren-leren-jas","7":"product_cat-heren-leren-jassen","8":"product_cat-kort-leren-jasje","9":"product_cat-kort-leren-jasje-heren","10":"product_cat-leren-bikerjacks-heren","11":"product_cat-leren-heren-jas","12":"product_cat-leren-heren-jassen","13":"product_cat-leren-jas-heren","14":"product_cat-leren-jassen-heren","15":"product_cat-versano","16":"product_tag-echt-leer-jassen-heren","17":"product_tag-heren-leren-jas-cognac","18":"product_tag-lamslederen-heren-jas-cognac","19":"product_tag-lamsleer-heren-jas","20":"product_tag-lamsleren-jassen-heren-cognac","21":"product_tag-leren-cognac-jas-heren","22":"product_tag-leren-heren-jas-in-sale","23":"product_tag-leren-heren-jassen-cogac","24":"product_tag-leren-jas-cognac","25":"product_tag-leren-jas-heren-cognac","26":"product_tag-leren-jassen-heren-lamsleer","27":"product_tag-leren-jassen-heren-versano","28":"product_tag-uitverkoop-heren-jas-leer","29":"product_tag-versano-heren-collectie","30":"product_tag-zomerjassen-heren-jas-leer","31":"tm-no-options","33":"first","34":"instock","35":"sale","36":"taxable","37":"shipping-taxable","38":"purchasable","39":"product-type-variable","40":"has-default-attributes"},"yoast_head":"<!-- This site is optimized with the Yoast SEO plugin v27.2 - https:\/\/yoast.com\/product\/yoast-seo-wordpress\/ -->\n<title>Leren heren jas TR43 cognac Versano, leren heren jassen<\/title>\n<meta name=\"description\" content=\"Op zoek naar een Leren heren jas TR43 cognac Versano? Dan bent u bij de bekende jassen merk Versano aan het juiste adres.\" \/>\n<meta name=\"robots\" content=\"index, follow, max-snippet:-1, max-image-preview:large, max-video-preview:-1\" \/>\n<link rel=\"canonical\" href=\"https:\/\/versano.nl\/es\/shop\/versano-heren-leren-jas-tr43-cognac\/\" \/>\n<meta property=\"og:locale\" content=\"es_ES\" \/>\n<meta property=\"og:type\" content=\"article\" \/>\n<meta property=\"og:title\" content=\"Leren heren jas TR43 cognac Versano, leren heren jassen\" \/>\n<meta property=\"og:description\" content=\"Op zoek naar een Leren heren jas TR43 cognac Versano? Dan bent u bij de bekende jassen merk Versano aan het juiste adres.\" \/>\n<meta property=\"og:url\" content=\"https:\/\/versano.nl\/es\/shop\/versano-heren-leren-jas-tr43-cognac\/\" \/>\n<meta property=\"og:site_name\" content=\"Versano\" \/>\n<meta property=\"article:modified_time\" content=\"2025-09-16T11:51:50+00:00\" \/>\n<meta property=\"og:image\" content=\"https:\/\/versano.nl\/wp-content\/uploads\/2020\/04\/heren-leren-jack-cognac-versano-TR43-voorkant.jpg\" \/>\n\t<meta property=\"og:image:width\" content=\"900\" \/>\n\t<meta property=\"og:image:height\" content=\"1200\" \/>\n\t<meta property=\"og:image:type\" content=\"image\/jpeg\" \/>\n<meta name=\"twitter:card\" content=\"summary_large_image\" \/>\n<meta name=\"twitter:label1\" content=\"Tiempo de lectura\" \/>\n\t<meta name=\"twitter:data1\" content=\"2 minutos\" \/>\n<script type=\"application\/ld+json\" class=\"yoast-schema-graph\">{\"@context\":\"https:\/\/schema.org\",\"@graph\":[{\"@type\":\"WebPage\",\"@id\":\"https:\/\/versano.nl\/shop\/versano-heren-leren-jas-tr43-cognac\/\",\"url\":\"https:\/\/versano.nl\/shop\/versano-heren-leren-jas-tr43-cognac\/\",\"name\":\"Leren heren jas TR43 cognac Versano, leren heren jassen\",\"isPartOf\":{\"@id\":\"https:\/\/versano.nl\/#website\"},\"primaryImageOfPage\":{\"@id\":\"https:\/\/versano.nl\/shop\/versano-heren-leren-jas-tr43-cognac\/#primaryimage\"},\"image\":{\"@id\":\"https:\/\/versano.nl\/shop\/versano-heren-leren-jas-tr43-cognac\/#primaryimage\"},\"thumbnailUrl\":\"https:\/\/versano.nl\/wp-content\/uploads\/2020\/04\/heren-leren-jack-cognac-versano-TR43-voorkant.jpg\",\"datePublished\":\"2014-12-01T08:04:34+00:00\",\"dateModified\":\"2025-09-16T11:51:50+00:00\",\"description\":\"Op zoek naar een Leren heren jas TR43 cognac Versano? Dan bent u bij de bekende jassen merk Versano aan het juiste adres.\",\"breadcrumb\":{\"@id\":\"https:\/\/versano.nl\/shop\/versano-heren-leren-jas-tr43-cognac\/#breadcrumb\"},\"inLanguage\":\"es\",\"potentialAction\":[{\"@type\":\"ReadAction\",\"target\":[\"https:\/\/versano.nl\/shop\/versano-heren-leren-jas-tr43-cognac\/\"]}]},{\"@type\":\"ImageObject\",\"inLanguage\":\"es\",\"@id\":\"https:\/\/versano.nl\/shop\/versano-heren-leren-jas-tr43-cognac\/#primaryimage\",\"url\":\"https:\/\/versano.nl\/wp-content\/uploads\/2020\/04\/heren-leren-jack-cognac-versano-TR43-voorkant.jpg\",\"contentUrl\":\"https:\/\/versano.nl\/wp-content\/uploads\/2020\/04\/heren-leren-jack-cognac-versano-TR43-voorkant.jpg\",\"width\":900,\"height\":1200,\"caption\":\"Leren heren jas TR43 cognac Versano\"},{\"@type\":\"BreadcrumbList\",\"@id\":\"https:\/\/versano.nl\/shop\/versano-heren-leren-jas-tr43-cognac\/#breadcrumb\",\"itemListElement\":[{\"@type\":\"ListItem\",\"position\":1,\"name\":\"Home\",\"item\":\"https:\/\/versano.nl\/\"},{\"@type\":\"ListItem\",\"position\":2,\"name\":\"Shop\",\"item\":\"https:\/\/versano.nl\/shop\/\"},{\"@type\":\"ListItem\",\"position\":3,\"name\":\"Leren heren jas TR43 cognac Versano\"}]},{\"@type\":\"WebSite\",\"@id\":\"https:\/\/versano.nl\/#website\",\"url\":\"https:\/\/versano.nl\/\",\"name\":\"Versano\",\"description\":\"winterjassen met bontkraag | leren dames jassen | leren heren jassen\",\"potentialAction\":[{\"@type\":\"SearchAction\",\"target\":{\"@type\":\"EntryPoint\",\"urlTemplate\":\"https:\/\/versano.nl\/?s={search_term_string}\"},\"query-input\":{\"@type\":\"PropertyValueSpecification\",\"valueRequired\":true,\"valueName\":\"search_term_string\"}}],\"inLanguage\":\"es\"}]}<\/script>\n<!-- \/ Yoast SEO plugin. -->","yoast_head_json":{"title":"Chaqueta de cuero para hombre TR43 cognac Versano, chaquetas de cuero para hombre","description":"\u00bfBuscas una chaqueta de cuero para hombre TR43 cognac Versano? Entonces ha venido al lugar correcto en la conocida marca de chaquetas Versano.","robots":{"index":"index","follow":"follow","max-snippet":"max-snippet:-1","max-image-preview":"max-image-preview:large","max-video-preview":"max-video-preview:-1"},"canonical":"https:\/\/versano.nl\/es\/shop\/versano-heren-leren-jas-tr43-cognac\/","og_locale":"es_ES","og_type":"article","og_title":"Leren heren jas TR43 cognac Versano, leren heren jassen","og_description":"Op zoek naar een Leren heren jas TR43 cognac Versano? Dan bent u bij de bekende jassen merk Versano aan het juiste adres.","og_url":"https:\/\/versano.nl\/es\/shop\/versano-heren-leren-jas-tr43-cognac\/","og_site_name":"Versano","article_modified_time":"2025-09-16T11:51:50+00:00","og_image":[{"width":900,"height":1200,"url":"https:\/\/versano.nl\/wp-content\/uploads\/2020\/04\/heren-leren-jack-cognac-versano-TR43-voorkant.jpg","type":"image\/jpeg"}],"twitter_card":"summary_large_image","twitter_misc":{"Tiempo de lectura":"2 minutos"},"schema":{"@context":"https:\/\/schema.org","@graph":[{"@type":"WebPage","@id":"https:\/\/versano.nl\/shop\/versano-heren-leren-jas-tr43-cognac\/","url":"https:\/\/versano.nl\/shop\/versano-heren-leren-jas-tr43-cognac\/","name":"Chaqueta de cuero para hombre TR43 cognac Versano, chaquetas de cuero para hombre","isPartOf":{"@id":"https:\/\/versano.nl\/#website"},"primaryImageOfPage":{"@id":"https:\/\/versano.nl\/shop\/versano-heren-leren-jas-tr43-cognac\/#primaryimage"},"image":{"@id":"https:\/\/versano.nl\/shop\/versano-heren-leren-jas-tr43-cognac\/#primaryimage"},"thumbnailUrl":"https:\/\/versano.nl\/wp-content\/uploads\/2020\/04\/heren-leren-jack-cognac-versano-TR43-voorkant.jpg","datePublished":"2014-12-01T08:04:34+00:00","dateModified":"2025-09-16T11:51:50+00:00","description":"\u00bfBuscas una chaqueta de cuero para hombre TR43 cognac Versano? Entonces ha venido al lugar correcto en la conocida marca de chaquetas Versano.","breadcrumb":{"@id":"https:\/\/versano.nl\/shop\/versano-heren-leren-jas-tr43-cognac\/#breadcrumb"},"inLanguage":"es","potentialAction":[{"@type":"ReadAction","target":["https:\/\/versano.nl\/shop\/versano-heren-leren-jas-tr43-cognac\/"]}]},{"@type":"ImageObject","inLanguage":"es","@id":"https:\/\/versano.nl\/shop\/versano-heren-leren-jas-tr43-cognac\/#primaryimage","url":"https:\/\/versano.nl\/wp-content\/uploads\/2020\/04\/heren-leren-jack-cognac-versano-TR43-voorkant.jpg","contentUrl":"https:\/\/versano.nl\/wp-content\/uploads\/2020\/04\/heren-leren-jack-cognac-versano-TR43-voorkant.jpg","width":900,"height":1200,"caption":"Leren heren jas TR43 cognac Versano"},{"@type":"BreadcrumbList","@id":"https:\/\/versano.nl\/shop\/versano-heren-leren-jas-tr43-cognac\/#breadcrumb","itemListElement":[{"@type":"ListItem","position":1,"name":"Home","item":"https:\/\/versano.nl\/"},{"@type":"ListItem","position":2,"name":"Shop","item":"https:\/\/versano.nl\/shop\/"},{"@type":"ListItem","position":3,"name":"Leren heren jas TR43 cognac Versano"}]},{"@type":"WebSite","@id":"https:\/\/versano.nl\/#website","url":"https:\/\/versano.nl\/","name":"Versano","description":"abrigos de invierno con cuello de piel | chaquetas de cuero para mujer | chaquetas de cuero para hombre","potentialAction":[{"@type":"SearchAction","target":{"@type":"EntryPoint","urlTemplate":"https:\/\/versano.nl\/?s={search_term_string}"},"query-input":{"@type":"PropertyValueSpecification","valueRequired":true,"valueName":"search_term_string"}}],"inLanguage":"es"}]}},"_links":{"self":[{"href":"https:\/\/versano.nl\/es\/wp-json\/wp\/v2\/product\/15887","targetHints":{"allow":["GET"]}}],"collection":[{"href":"https:\/\/versano.nl\/es\/wp-json\/wp\/v2\/product"}],"about":[{"href":"https:\/\/versano.nl\/es\/wp-json\/wp\/v2\/types\/product"}],"replies":[{"embeddable":true,"href":"https:\/\/versano.nl\/es\/wp-json\/wp\/v2\/comments?post=15887"}],"wp:featuredmedia":[{"embeddable":true,"href":"https:\/\/versano.nl\/es\/wp-json\/wp\/v2\/media\/15983"}],"wp:attachment":[{"href":"https:\/\/versano.nl\/es\/wp-json\/wp\/v2\/media?parent=15887"}],"wp:term":[{"taxonomy":"product_brand","embeddable":true,"href":"https:\/\/versano.nl\/es\/wp-json\/wp\/v2\/product_brand?post=15887"},{"taxonomy":"product_cat","embeddable":true,"href":"https:\/\/versano.nl\/es\/wp-json\/wp\/v2\/product_cat?post=15887"},{"taxonomy":"product_tag","embeddable":true,"href":"https:\/\/versano.nl\/es\/wp-json\/wp\/v2\/product_tag?post=15887"}],"curies":[{"name":"wp","href":"https:\/\/api.w.org\/{rel}","templated":true}]}}