{"id":1330,"date":"2014-12-02T06:24:24","date_gmt":"2014-12-02T06:24:24","guid":{"rendered":"http:\/\/leathershopdoci.nl\/shop\/versano-dames-leren-jas-311-rood\/"},"modified":"2024-12-13T12:10:21","modified_gmt":"2024-12-13T12:10:21","slug":"dames-leren-jas-versano-311-rood","status":"publish","type":"product","link":"https:\/\/versano.nl\/es\/shop\/dames-leren-jas-versano-311-rood\/","title":{"rendered":"Zapatos rojos chaqueta de motociclista Versano"},"content":{"rendered":"<h2>Zapatos rojos chaqueta de motociclista Versano<\/h2>\n<p>Las se\u00f1oras, buscando un buen abrigo nuevo? Si desea una vez m\u00e1s un color diferente para su abrigo, un color que nota algo m\u00e1s, se recomienda el rojo chaqueta de las se\u00f1oras del motorista Versano. Se trata de una chaqueta que es perfecto y tambi\u00e9n se desgasta con el placer. Le animamos a considerar este abrigo en ver sus detalles. Es una chaqueta de motociclista que no puede fallar si usted es simplemente una noche salir con. Esta chaqueta es excepcionalmente bien acabado, a trav\u00e9s de, entre otras hebillas de la cintura y m\u00faltiples bolsillos. Estamos hablando de dos grandes bolsillos y un bolsillo \u00fatil.<\/p>\n<p><strong>El robusto chaqueta de motociclista b\u00e1sica para usted<\/strong><br \/>\nEsta 311 rojo de las se\u00f1oras chaqueta de cuero Versano es totalmente de piel de cordero suave. Se trata de un material que no s\u00f3lo se ve perfecto, sino que tambi\u00e9n es un material que se siente muy bien. Es s\u00f3lido, se puede seguir lavando sin el estilo de la chaqueta se ve afectada. S\u00f3lo se suma a la apariencia retro fresco que irradia esta chaqueta. Es una chaqueta que s\u00f3lo est\u00e1 disponible en rojo, sino tambi\u00e9n en los colores negro y co\u00f1ac.<\/p>\n<p>marca: <a href=\"https:\/\/versano.nl\/\" target=\"_blank\" rel=\"noopener noreferrer\">Versano<\/a><br \/>\nMaterial: 100% piel de cordero<br \/>\nForro: 100% poli\u00e9ster<br \/>\nlongitud: corto<br \/>\nPoner: buena<br \/>\nCierre: cremallera<br \/>\nBolsillos: bolsillo con cremallera<br \/>\nCuello: cuello hacia abajo<br \/>\ncapa exterior Material: de alta calidad y de piel de cordero suave<br \/>\nTiempo: 1-3 d\u00edas<\/p>","protected":false},"excerpt":{"rendered":"<p>Rode dames biker jack van Versano Dames, op zoek naar een mooie nieuwe jas? Als u nu eens een keer een andere kleur wilt voor uw jas, een kleur waarmee u iets meer opvalt, dan raden wij deze Rode dames biker jack van Versano aan. Dit is een jas die [&hellip;]<\/p>\n","protected":false},"featured_media":14019,"comment_status":"closed","ping_status":"closed","template":"","meta":[],"product_brand":[],"product_cat":[90],"product_tag":[365,366,95,96,368,99,369,370,142,371,101,372,373,374,103,375,106,107],"class_list":{"0":"post-1330","1":"product","2":"type-product","3":"status-publish","4":"has-post-thumbnail","6":"product_cat-dames-leren-jassen","7":"product_tag-bikerjack-dames-rood","8":"product_tag-dames-bikerjack-rood","9":"product_tag-korte-leren-jassen","10":"product_tag-leren-dames-jas-rood","11":"product_tag-leren-jas-dames-rood","12":"product_tag-leren-jasje-rood","13":"product_tag-leren-jassen-dames-rood","14":"product_tag-leren-jassen-rood","15":"product_tag-online-dames-leren-jassen","16":"product_tag-online-dames-leren-jassen-rood","17":"product_tag-online-leren-jassen","18":"product_tag-online-rode-dames-bikerjack","19":"product_tag-rode-dames-bikerjack","20":"product_tag-rode-leren-dames-bikerjack","21":"product_tag-rode-leren-dames-jas","22":"product_tag-rode-leren-jassen","23":"product_tag-winter-leren-jassen","24":"product_tag-zomer-leren-jassen","25":"tm-no-options","27":"first","28":"instock","29":"taxable","30":"shipping-taxable","31":"product-type-variable"},"yoast_head":"<!-- This site is optimized with the Yoast SEO plugin v27.2 - https:\/\/yoast.com\/product\/yoast-seo-wordpress\/ -->\n<title>Rode dames biker jack van Versano, leren dames biker jack rood,<\/title>\n<meta name=\"description\" content=\"de rode dames biker jack van Versano mag je echt niet missen in je garderobe. De jas is gemaakt van lamsleer, en is mooi Italiaans getailleerd.\" \/>\n<meta name=\"robots\" content=\"index, follow, max-snippet:-1, max-image-preview:large, max-video-preview:-1\" \/>\n<link rel=\"canonical\" href=\"https:\/\/versano.nl\/es\/shop\/dames-leren-jas-versano-311-rood\/\" \/>\n<meta property=\"og:locale\" content=\"es_ES\" \/>\n<meta property=\"og:type\" content=\"article\" \/>\n<meta property=\"og:title\" content=\"Rode dames biker jack van Versano, leren dames biker jack rood,\" \/>\n<meta property=\"og:description\" content=\"de rode dames biker jack van Versano mag je echt niet missen in je garderobe. De jas is gemaakt van lamsleer, en is mooi Italiaans getailleerd.\" \/>\n<meta property=\"og:url\" content=\"https:\/\/versano.nl\/es\/shop\/dames-leren-jas-versano-311-rood\/\" \/>\n<meta property=\"og:site_name\" content=\"Versano\" \/>\n<meta property=\"article:modified_time\" content=\"2024-12-13T12:10:21+00:00\" \/>\n<meta property=\"og:image\" content=\"https:\/\/versano.nl\/wp-content\/uploads\/2019\/11\/leren-bikerjack-dames-rood-versano-311-model2.jpg\" \/>\n\t<meta property=\"og:image:width\" content=\"900\" \/>\n\t<meta property=\"og:image:height\" content=\"1176\" \/>\n\t<meta property=\"og:image:type\" content=\"image\/jpeg\" \/>\n<meta name=\"twitter:card\" content=\"summary_large_image\" \/>\n<meta name=\"twitter:label1\" content=\"Tiempo de lectura\" \/>\n\t<meta name=\"twitter:data1\" content=\"1 minuto\" \/>\n<script type=\"application\/ld+json\" class=\"yoast-schema-graph\">{\"@context\":\"https:\/\/schema.org\",\"@graph\":[{\"@type\":\"WebPage\",\"@id\":\"https:\/\/versano.nl\/shop\/dames-leren-jas-versano-311-rood\/\",\"url\":\"https:\/\/versano.nl\/shop\/dames-leren-jas-versano-311-rood\/\",\"name\":\"Rode dames biker jack van Versano, leren dames biker jack rood,\",\"isPartOf\":{\"@id\":\"https:\/\/versano.nl\/#website\"},\"primaryImageOfPage\":{\"@id\":\"https:\/\/versano.nl\/shop\/dames-leren-jas-versano-311-rood\/#primaryimage\"},\"image\":{\"@id\":\"https:\/\/versano.nl\/shop\/dames-leren-jas-versano-311-rood\/#primaryimage\"},\"thumbnailUrl\":\"https:\/\/versano.nl\/wp-content\/uploads\/2019\/11\/leren-bikerjack-dames-rood-versano-311-model2.jpg\",\"datePublished\":\"2014-12-02T06:24:24+00:00\",\"dateModified\":\"2024-12-13T12:10:21+00:00\",\"description\":\"de rode dames biker jack van Versano mag je echt niet missen in je garderobe. De jas is gemaakt van lamsleer, en is mooi Italiaans getailleerd.\",\"breadcrumb\":{\"@id\":\"https:\/\/versano.nl\/shop\/dames-leren-jas-versano-311-rood\/#breadcrumb\"},\"inLanguage\":\"es\",\"potentialAction\":[{\"@type\":\"ReadAction\",\"target\":[\"https:\/\/versano.nl\/shop\/dames-leren-jas-versano-311-rood\/\"]}]},{\"@type\":\"ImageObject\",\"inLanguage\":\"es\",\"@id\":\"https:\/\/versano.nl\/shop\/dames-leren-jas-versano-311-rood\/#primaryimage\",\"url\":\"https:\/\/versano.nl\/wp-content\/uploads\/2019\/11\/leren-bikerjack-dames-rood-versano-311-model2.jpg\",\"contentUrl\":\"https:\/\/versano.nl\/wp-content\/uploads\/2019\/11\/leren-bikerjack-dames-rood-versano-311-model2.jpg\",\"width\":900,\"height\":1176,\"caption\":\"leren-bikerjack-dames-rood-versano-311-model2\"},{\"@type\":\"BreadcrumbList\",\"@id\":\"https:\/\/versano.nl\/shop\/dames-leren-jas-versano-311-rood\/#breadcrumb\",\"itemListElement\":[{\"@type\":\"ListItem\",\"position\":1,\"name\":\"Home\",\"item\":\"https:\/\/versano.nl\/\"},{\"@type\":\"ListItem\",\"position\":2,\"name\":\"Shop\",\"item\":\"https:\/\/versano.nl\/shop\/\"},{\"@type\":\"ListItem\",\"position\":3,\"name\":\"Rode dames biker jack van Versano\"}]},{\"@type\":\"WebSite\",\"@id\":\"https:\/\/versano.nl\/#website\",\"url\":\"https:\/\/versano.nl\/\",\"name\":\"Versano\",\"description\":\"winterjassen met bontkraag | leren dames jassen | leren heren jassen\",\"potentialAction\":[{\"@type\":\"SearchAction\",\"target\":{\"@type\":\"EntryPoint\",\"urlTemplate\":\"https:\/\/versano.nl\/?s={search_term_string}\"},\"query-input\":{\"@type\":\"PropertyValueSpecification\",\"valueRequired\":true,\"valueName\":\"search_term_string\"}}],\"inLanguage\":\"es\"}]}<\/script>\n<!-- \/ Yoast SEO plugin. -->","yoast_head_json":{"title":"Chaqueta motera roja para damas Versano, chaqueta motera roja para damas de cuero,","description":"No te puedes perder la chaqueta motera roja de Versano en tu armario. La chaqueta est\u00e1 hecha de cuero de cordero, y est\u00e1 muy bien equipada italiana.","robots":{"index":"index","follow":"follow","max-snippet":"max-snippet:-1","max-image-preview":"max-image-preview:large","max-video-preview":"max-video-preview:-1"},"canonical":"https:\/\/versano.nl\/es\/shop\/dames-leren-jas-versano-311-rood\/","og_locale":"es_ES","og_type":"article","og_title":"Rode dames biker jack van Versano, leren dames biker jack rood,","og_description":"de rode dames biker jack van Versano mag je echt niet missen in je garderobe. De jas is gemaakt van lamsleer, en is mooi Italiaans getailleerd.","og_url":"https:\/\/versano.nl\/es\/shop\/dames-leren-jas-versano-311-rood\/","og_site_name":"Versano","article_modified_time":"2024-12-13T12:10:21+00:00","og_image":[{"width":900,"height":1176,"url":"https:\/\/versano.nl\/wp-content\/uploads\/2019\/11\/leren-bikerjack-dames-rood-versano-311-model2.jpg","type":"image\/jpeg"}],"twitter_card":"summary_large_image","twitter_misc":{"Tiempo de lectura":"1 minuto"},"schema":{"@context":"https:\/\/schema.org","@graph":[{"@type":"WebPage","@id":"https:\/\/versano.nl\/shop\/dames-leren-jas-versano-311-rood\/","url":"https:\/\/versano.nl\/shop\/dames-leren-jas-versano-311-rood\/","name":"Chaqueta motera roja para damas Versano, chaqueta motera roja para damas de cuero,","isPartOf":{"@id":"https:\/\/versano.nl\/#website"},"primaryImageOfPage":{"@id":"https:\/\/versano.nl\/shop\/dames-leren-jas-versano-311-rood\/#primaryimage"},"image":{"@id":"https:\/\/versano.nl\/shop\/dames-leren-jas-versano-311-rood\/#primaryimage"},"thumbnailUrl":"https:\/\/versano.nl\/wp-content\/uploads\/2019\/11\/leren-bikerjack-dames-rood-versano-311-model2.jpg","datePublished":"2014-12-02T06:24:24+00:00","dateModified":"2024-12-13T12:10:21+00:00","description":"No te puedes perder la chaqueta motera roja de Versano en tu armario. La chaqueta est\u00e1 hecha de cuero de cordero, y est\u00e1 muy bien equipada italiana.","breadcrumb":{"@id":"https:\/\/versano.nl\/shop\/dames-leren-jas-versano-311-rood\/#breadcrumb"},"inLanguage":"es","potentialAction":[{"@type":"ReadAction","target":["https:\/\/versano.nl\/shop\/dames-leren-jas-versano-311-rood\/"]}]},{"@type":"ImageObject","inLanguage":"es","@id":"https:\/\/versano.nl\/shop\/dames-leren-jas-versano-311-rood\/#primaryimage","url":"https:\/\/versano.nl\/wp-content\/uploads\/2019\/11\/leren-bikerjack-dames-rood-versano-311-model2.jpg","contentUrl":"https:\/\/versano.nl\/wp-content\/uploads\/2019\/11\/leren-bikerjack-dames-rood-versano-311-model2.jpg","width":900,"height":1176,"caption":"leren-bikerjack-dames-rood-versano-311-model2"},{"@type":"BreadcrumbList","@id":"https:\/\/versano.nl\/shop\/dames-leren-jas-versano-311-rood\/#breadcrumb","itemListElement":[{"@type":"ListItem","position":1,"name":"Home","item":"https:\/\/versano.nl\/"},{"@type":"ListItem","position":2,"name":"Shop","item":"https:\/\/versano.nl\/shop\/"},{"@type":"ListItem","position":3,"name":"Rode dames biker jack van Versano"}]},{"@type":"WebSite","@id":"https:\/\/versano.nl\/#website","url":"https:\/\/versano.nl\/","name":"Versano","description":"abrigos de invierno con cuello de piel | chaquetas de cuero para mujer | chaquetas de cuero para hombre","potentialAction":[{"@type":"SearchAction","target":{"@type":"EntryPoint","urlTemplate":"https:\/\/versano.nl\/?s={search_term_string}"},"query-input":{"@type":"PropertyValueSpecification","valueRequired":true,"valueName":"search_term_string"}}],"inLanguage":"es"}]}},"_links":{"self":[{"href":"https:\/\/versano.nl\/es\/wp-json\/wp\/v2\/product\/1330","targetHints":{"allow":["GET"]}}],"collection":[{"href":"https:\/\/versano.nl\/es\/wp-json\/wp\/v2\/product"}],"about":[{"href":"https:\/\/versano.nl\/es\/wp-json\/wp\/v2\/types\/product"}],"replies":[{"embeddable":true,"href":"https:\/\/versano.nl\/es\/wp-json\/wp\/v2\/comments?post=1330"}],"wp:featuredmedia":[{"embeddable":true,"href":"https:\/\/versano.nl\/es\/wp-json\/wp\/v2\/media\/14019"}],"wp:attachment":[{"href":"https:\/\/versano.nl\/es\/wp-json\/wp\/v2\/media?parent=1330"}],"wp:term":[{"taxonomy":"product_brand","embeddable":true,"href":"https:\/\/versano.nl\/es\/wp-json\/wp\/v2\/product_brand?post=1330"},{"taxonomy":"product_cat","embeddable":true,"href":"https:\/\/versano.nl\/es\/wp-json\/wp\/v2\/product_cat?post=1330"},{"taxonomy":"product_tag","embeddable":true,"href":"https:\/\/versano.nl\/es\/wp-json\/wp\/v2\/product_tag?post=1330"}],"curies":[{"name":"wp","href":"https:\/\/api.w.org\/{rel}","templated":true}]}}