{"id":13204,"date":"2019-11-02T16:07:28","date_gmt":"2019-11-02T16:07:28","guid":{"rendered":"https:\/\/versano.nl\/?post_type=product&#038;p=13204"},"modified":"2024-12-13T11:38:40","modified_gmt":"2024-12-13T11:38:40","slug":"winterjas-parka-heren-thompson-n-zwart-versano","status":"publish","type":"product","link":"https:\/\/versano.nl\/es\/shop\/winterjas-parka-heren-thompson-n-zwart-versano\/","title":{"rendered":"chaqueta de invierno parka hombres Thompson N negro Versano"},"content":{"rendered":"<h2>chaqueta de invierno parka hombres Thompson N negro Versano<\/h2>\n<p>Esta chaqueta de invierno parka de los hombres Thompson N negro Versano es completamente como debe ser. La chaqueta con cremallera tiene un ajuste perfecto y tambi\u00e9n se cierra con broches y una solapa contra el viento. La chaqueta tiene un bolsillo con cremallera en el pecho y una nervadura el\u00e1stica en la mu\u00f1eca. El collar est\u00e1 hecho de piel de mapache americano 100% y es opcional (se debe pedir por separado). Se trata de una chaqueta con la que puedes estar seguro de que la disfrutar\u00e1s cuando la saques a las inclemencias del tiempo. Te mantiene abrigado y est\u00e1 tan bellamente dise\u00f1ado que sin duda atraer\u00e1s la atenci\u00f3n con \u00e9l. Este modelo Thompson N tambi\u00e9n est\u00e1 disponible en color azul. Le recomendamos que tambi\u00e9n vea este color.<\/p>\n<h2><strong>Solicite el modelo Thompson N en negro<\/strong><\/h2>\n<p>Con una chaqueta tan hermosa de Versano, puede estar seguro de que podr\u00e1 usarla durante todo el invierno. Puede pedir f\u00e1cilmente este modelo en la tienda web de Versano. Hemos reunido todas nuestras chaquetas aqu\u00ed para que pueda realizar un pedido f\u00e1cilmente. En Versano siempre puede estar seguro de que est\u00e1 comprando un hermoso abrigo que ha sido trabajado con mimo. Con nosotros, puede elegir f\u00e1cilmente el tama\u00f1o correcto seg\u00fan nuestros videos de instrucciones inteligentes. \u00bfTiene alguna pregunta o no est\u00e1 seguro de qu\u00e9 talla pedir? Entonces siempre puede contactarnos por correo o WhatsApp. \u00a1Nuestros empleados desean ayudarlo!<\/p>\n<p>&nbsp;<\/p>\n<p>marca:<a href=\"https:\/\/versano.nl\"> Versano<\/a><br \/>\nlongitud: media<br \/>\nMontar: Largo<br \/>\nForro: 100% poli\u00e9ster<br \/>\nespesor del forro: 200 gramos alineados gruesa<br \/>\nlongitud de la manga: manga larga<br \/>\nHood, alineado, s\u00f3lida<br \/>\nLos extras: costuras reforzadas<br \/>\ncierre: cremallera + broches con solapa protectora<br \/>\nbolsillos: bolsillos laterales en la cadera con botones de presi\u00f3n + bolsillo interior y bolsillo en la manga<br \/>\nFunci\u00f3n: impermeable, resistente al viento<br \/>\ncapa externa de material: 100% poli\u00e9ster<br \/>\naccesorios: cuello de piel (opcional)<\/p>\n<p>Plazo de entrega: 2-3 d\u00edas laborables<\/p>\n<p>&nbsp;<\/p>\n<p><strong>OPCIONAL: piel real CUELLO DEL MAPACHE MAPACHE ART DE PIEL<\/strong><\/p>","protected":false},"excerpt":{"rendered":"<p>ELIGE OTRO COLOR AQU\u00cd<\/p>\n<p><a href=\"https:\/\/versano.nl\/shop\/heren-parka-winterjas-blauw-lang-model-thompson-versano\/\"><img loading=\"lazy\" decoding=\"async\" class=\"alignnone size-full wp-image-19721\" src=\"https:\/\/versano.nl\/wp-content\/uploads\/sites\/2\/2019\/11\/blauwe-heren-winterjas-halflang-versano-thomas-voorkant-thumb.jpg\" alt=\"\" width=\"57\" height=\"75\" \/><\/a><\/p>\n<p style=\"background: white; margin: 0cm 0cm 15.0pt 0cm;\"><strong><span style=\"font-size: 9.5pt; font-family: 'Arial',sans-serif; color: red;\">Consejos de ajuste:\u00a0<\/span><\/strong><span style=\"font-size: 9.5pt; font-family: 'Arial',sans-serif; color: #555555;\">El ajuste de esta chaqueta es ajustado. Nuestro modelo mide 1,80 cm y lleva una talla M.<\/span><\/p>\n<p style=\"background: white; box-sizing: border-box; text-rendering: optimizelegibility; font-variant-ligatures: normal; font-variant-caps: normal; orphans: 2; text-align: start; widows: 2; -webkit-text-stroke-width: 0px; text-decoration-thickness: initial; text-decoration-style: initial; text-decoration-color: initial; word-spacing: 0px; margin: 0cm 0cm 15.0pt 0cm;\"><span style=\"font-size: 9.5pt; font-family: 'Arial',sans-serif; color: #555555;\">Si no est\u00e1 seguro de sus medidas, le recomendamos que primero mida las medidas de su talla y las compare con nuestra tabla de tallas. Si no tiene experiencia en medir tama\u00f1os de circunferencia, haga clic en\u00a0<a style=\"box-sizing: border-box; line-height: inherit;\" href=\"https:\/\/www.youtube.com\/watch?v=3ZSfY87v6pM\"><em style=\"box-sizing: border-box; line-height: inherit;\"><span style=\"font-family: 'Arial',sans-serif; color: #333333; text-decoration: none; text-underline: none;\">AQU\u00cd<\/span><\/em><span style=\"color: #333333;\">\u00a0<\/span><\/a>\u00a0para\u00a0<\/span><span style=\"box-sizing: border-box;\"><span style=\"font-size: 9.5pt; font-family: 'Arial',sans-serif; color: red;\"><a style=\"box-sizing: border-box; line-height: inherit;\" href=\"https:\/\/www.youtube.com\/watch?v=3ZSfY87v6pM\"><em style=\"box-sizing: border-box; line-height: inherit;\"><span style=\"font-family: 'Arial',sans-serif; color: red; text-decoration: none; text-underline: none;\">VIDEO<\/span><\/em><\/a><\/span><\/span><span style=\"font-size: 9.5pt; font-family: 'Arial',sans-serif; color: #555555;\">\u00a0 con instrucciones. \u00a1Tambi\u00e9n puede llamarnos o enviarnos una aplicaci\u00f3n directamente! Nuestros empleados est\u00e1n siempre disponibles para ayudar.<\/span><\/p>\n<p style=\"background: white; box-sizing: border-box; text-rendering: optimizelegibility; font-variant-ligatures: normal; font-variant-caps: normal; orphans: 2; text-align: start; widows: 2; -webkit-text-stroke-width: 0px; text-decoration-thickness: initial; text-decoration-style: initial; text-decoration-color: initial; word-spacing: 0px; margin: 0cm 0cm 15.0pt 0cm;\"><strong style=\"box-sizing: border-box; line-height: inherit;\"><span style=\"font-size: 9.5pt; font-family: 'Arial',sans-serif; color: #555555;\">EL TIEMPO DE ENTREGA :<\/span><\/strong><span style=\"font-size: 9.5pt; font-family: 'Arial',sans-serif; color: #555555;\">\u00a02 a 3 d\u00edas laborables.<\/span><\/p>\n<p style=\"background: white; box-sizing: border-box; text-rendering: optimizelegibility; font-variant-ligatures: normal; font-variant-caps: normal; orphans: 2; text-align: start; widows: 2; -webkit-text-stroke-width: 0px; text-decoration-thickness: initial; text-decoration-style: initial; text-decoration-color: initial; word-spacing: 0px; margin: 0cm 0cm 15.0pt 0cm;\"><span style=\"box-sizing: border-box;\"><span style=\"font-size: 9.5pt; font-family: 'Arial',sans-serif; color: red;\">INFORMACION IMPORTANTE:<\/span><\/span><span style=\"font-size: 9.5pt; font-family: 'Arial',sans-serif; color: #555555;\">\u00a0Puedes comprar cualquier chaqueta Versano con o sin cuello de piel, el cuello de piel no est\u00e1 incluido.<\/span><\/p>\n<p>&nbsp;<\/p>","protected":false},"featured_media":13214,"comment_status":"closed","ping_status":"closed","template":"","meta":[],"product_brand":[],"product_cat":[1403,231,1146,1596,1601,1605,2060,1037,1080,882,1143,1147,1041,1081,1010,1404,1082,1547],"product_tag":[1617,1183,1186,1184,1630,1620,1624,1629,1185,1626,1610,1625,1181,1627,1628],"class_list":{"0":"post-13204","1":"product","2":"type-product","3":"status-publish","4":"has-post-thumbnail","6":"product_cat-bontkraag-jas","7":"product_cat-heren-jassen-met-bontkraag","8":"product_cat-heren-winterjas","9":"product_cat-heren-winterjas-met-bontkraag","10":"product_cat-heren-winterjas-met-pels","11":"product_cat-heren-winterjas-parka","12":"product_cat-heren-winterjassen","13":"product_cat-jas-met-bontkraag","14":"product_cat-jas-met-bontkraag-heren","15":"product_cat-versano","16":"product_cat-winterjas","17":"product_cat-winterjas-heren","18":"product_cat-winterjas-met-bontkraag","19":"product_cat-winterjas-met-bontkraag-heren","20":"product_cat-winterjas-met-bontkraag-jongens","21":"product_cat-winterjassen","22":"product_cat-winterjassen-met-bontkraag-heren","23":"product_cat-winterjassen-heren","24":"product_tag-goedkope-winterjassen-heren","25":"product_tag-heren-winterjas-lang-model","26":"product_tag-heren-winterjas-zwart","27":"product_tag-lange-heren-winterjas","28":"product_tag-merk-winterjassen-voor-heren","29":"product_tag-parka-winterjas-heren","30":"product_tag-parka-winterjassen-heren","31":"product_tag-versano-winterjas-heren","32":"product_tag-winterjas-heren","33":"product_tag-winterjas-heren-in-sale","34":"product_tag-winterjas-heren-met-kraag","35":"product_tag-winterjassen-uitverkoop","36":"product_tag-zwarte-heren-winterjas","37":"product_tag-zwarte-parka-jas","38":"product_tag-zwarte-parka-jas-heren","39":"product_shipping_class-verzendkosten-1","40":"tm-has-options","42":"first","43":"instock","44":"taxable","45":"shipping-taxable","46":"purchasable","47":"product-type-variable"},"yoast_head":"<!-- This site is optimized with the Yoast SEO plugin v27.2 - https:\/\/yoast.com\/product\/yoast-seo-wordpress\/ -->\n<title>winterjas parka heren Thompson N zwart Versano, heren parka jas<\/title>\n<meta name=\"description\" content=\"Ben je op zoek naar een winterjas parka heren Thompson N zwart Versano, dan ben je bij ons aan het juiste adres voor heren parkajassen.\" \/>\n<meta name=\"robots\" content=\"index, follow, max-snippet:-1, max-image-preview:large, max-video-preview:-1\" \/>\n<link rel=\"canonical\" href=\"https:\/\/versano.nl\/es\/shop\/winterjas-parka-heren-thompson-n-zwart-versano\/\" \/>\n<meta property=\"og:locale\" content=\"es_ES\" \/>\n<meta property=\"og:type\" content=\"article\" \/>\n<meta property=\"og:title\" content=\"winterjas parka heren Thompson N zwart Versano, heren parka jas\" \/>\n<meta property=\"og:description\" content=\"Ben je op zoek naar een winterjas parka heren Thompson N zwart Versano, dan ben je bij ons aan het juiste adres voor heren parkajassen.\" \/>\n<meta property=\"og:url\" content=\"https:\/\/versano.nl\/es\/shop\/winterjas-parka-heren-thompson-n-zwart-versano\/\" \/>\n<meta property=\"og:site_name\" content=\"Versano\" \/>\n<meta property=\"article:modified_time\" content=\"2024-12-13T11:38:40+00:00\" \/>\n<meta property=\"og:image\" content=\"https:\/\/versano.nl\/wp-content\/uploads\/2019\/11\/zwarte-heren-winterjas-halflang-versano-thomas-voorkant.jpg\" \/>\n\t<meta property=\"og:image:width\" content=\"900\" \/>\n\t<meta property=\"og:image:height\" content=\"1176\" \/>\n\t<meta property=\"og:image:type\" content=\"image\/jpeg\" \/>\n<meta name=\"twitter:card\" content=\"summary_large_image\" \/>\n<meta name=\"twitter:label1\" content=\"Tiempo de lectura\" \/>\n\t<meta name=\"twitter:data1\" content=\"2 minutos\" \/>\n<script type=\"application\/ld+json\" class=\"yoast-schema-graph\">{\"@context\":\"https:\/\/schema.org\",\"@graph\":[{\"@type\":\"WebPage\",\"@id\":\"https:\/\/versano.nl\/shop\/winterjas-parka-heren-thompson-n-zwart-versano\/\",\"url\":\"https:\/\/versano.nl\/shop\/winterjas-parka-heren-thompson-n-zwart-versano\/\",\"name\":\"winterjas parka heren Thompson N zwart Versano, heren parka jas\",\"isPartOf\":{\"@id\":\"https:\/\/versano.nl\/#website\"},\"primaryImageOfPage\":{\"@id\":\"https:\/\/versano.nl\/shop\/winterjas-parka-heren-thompson-n-zwart-versano\/#primaryimage\"},\"image\":{\"@id\":\"https:\/\/versano.nl\/shop\/winterjas-parka-heren-thompson-n-zwart-versano\/#primaryimage\"},\"thumbnailUrl\":\"https:\/\/versano.nl\/wp-content\/uploads\/2019\/11\/zwarte-heren-winterjas-halflang-versano-thomas-voorkant.jpg\",\"datePublished\":\"2019-11-02T16:07:28+00:00\",\"dateModified\":\"2024-12-13T11:38:40+00:00\",\"description\":\"Ben je op zoek naar een winterjas parka heren Thompson N zwart Versano, dan ben je bij ons aan het juiste adres voor heren parkajassen.\",\"breadcrumb\":{\"@id\":\"https:\/\/versano.nl\/shop\/winterjas-parka-heren-thompson-n-zwart-versano\/#breadcrumb\"},\"inLanguage\":\"es\",\"potentialAction\":[{\"@type\":\"ReadAction\",\"target\":[\"https:\/\/versano.nl\/shop\/winterjas-parka-heren-thompson-n-zwart-versano\/\"]}]},{\"@type\":\"ImageObject\",\"inLanguage\":\"es\",\"@id\":\"https:\/\/versano.nl\/shop\/winterjas-parka-heren-thompson-n-zwart-versano\/#primaryimage\",\"url\":\"https:\/\/versano.nl\/wp-content\/uploads\/2019\/11\/zwarte-heren-winterjas-halflang-versano-thomas-voorkant.jpg\",\"contentUrl\":\"https:\/\/versano.nl\/wp-content\/uploads\/2019\/11\/zwarte-heren-winterjas-halflang-versano-thomas-voorkant.jpg\",\"width\":900,\"height\":1176,\"caption\":\"winterjas parka heren Thompson N zwart Versano\"},{\"@type\":\"BreadcrumbList\",\"@id\":\"https:\/\/versano.nl\/shop\/winterjas-parka-heren-thompson-n-zwart-versano\/#breadcrumb\",\"itemListElement\":[{\"@type\":\"ListItem\",\"position\":1,\"name\":\"Home\",\"item\":\"https:\/\/versano.nl\/\"},{\"@type\":\"ListItem\",\"position\":2,\"name\":\"Shop\",\"item\":\"https:\/\/versano.nl\/shop\/\"},{\"@type\":\"ListItem\",\"position\":3,\"name\":\"winterjas parka heren Thompson N zwart Versano\"}]},{\"@type\":\"WebSite\",\"@id\":\"https:\/\/versano.nl\/#website\",\"url\":\"https:\/\/versano.nl\/\",\"name\":\"Versano\",\"description\":\"winterjassen met bontkraag | leren dames jassen | leren heren jassen\",\"potentialAction\":[{\"@type\":\"SearchAction\",\"target\":{\"@type\":\"EntryPoint\",\"urlTemplate\":\"https:\/\/versano.nl\/?s={search_term_string}\"},\"query-input\":{\"@type\":\"PropertyValueSpecification\",\"valueRequired\":true,\"valueName\":\"search_term_string\"}}],\"inLanguage\":\"es\"}]}<\/script>\n<!-- \/ Yoast SEO plugin. -->","yoast_head_json":{"title":"chaqueta de invierno parka hombre Thompson N negro Versano, chaqueta parka de hombre","description":"Si est\u00e1 buscando una chaqueta de invierno parka para hombre Thompson N negro Versano, entonces ha venido al lugar correcto para las chaquetas de parka para hombre.","robots":{"index":"index","follow":"follow","max-snippet":"max-snippet:-1","max-image-preview":"max-image-preview:large","max-video-preview":"max-video-preview:-1"},"canonical":"https:\/\/versano.nl\/es\/shop\/winterjas-parka-heren-thompson-n-zwart-versano\/","og_locale":"es_ES","og_type":"article","og_title":"winterjas parka heren Thompson N zwart Versano, heren parka jas","og_description":"Ben je op zoek naar een winterjas parka heren Thompson N zwart Versano, dan ben je bij ons aan het juiste adres voor heren parkajassen.","og_url":"https:\/\/versano.nl\/es\/shop\/winterjas-parka-heren-thompson-n-zwart-versano\/","og_site_name":"Versano","article_modified_time":"2024-12-13T11:38:40+00:00","og_image":[{"width":900,"height":1176,"url":"https:\/\/versano.nl\/wp-content\/uploads\/2019\/11\/zwarte-heren-winterjas-halflang-versano-thomas-voorkant.jpg","type":"image\/jpeg"}],"twitter_card":"summary_large_image","twitter_misc":{"Tiempo de lectura":"2 minutos"},"schema":{"@context":"https:\/\/schema.org","@graph":[{"@type":"WebPage","@id":"https:\/\/versano.nl\/shop\/winterjas-parka-heren-thompson-n-zwart-versano\/","url":"https:\/\/versano.nl\/shop\/winterjas-parka-heren-thompson-n-zwart-versano\/","name":"chaqueta de invierno parka hombre Thompson N negro Versano, chaqueta parka de hombre","isPartOf":{"@id":"https:\/\/versano.nl\/#website"},"primaryImageOfPage":{"@id":"https:\/\/versano.nl\/shop\/winterjas-parka-heren-thompson-n-zwart-versano\/#primaryimage"},"image":{"@id":"https:\/\/versano.nl\/shop\/winterjas-parka-heren-thompson-n-zwart-versano\/#primaryimage"},"thumbnailUrl":"https:\/\/versano.nl\/wp-content\/uploads\/2019\/11\/zwarte-heren-winterjas-halflang-versano-thomas-voorkant.jpg","datePublished":"2019-11-02T16:07:28+00:00","dateModified":"2024-12-13T11:38:40+00:00","description":"Si est\u00e1 buscando una chaqueta de invierno parka para hombre Thompson N negro Versano, entonces ha venido al lugar correcto para las chaquetas de parka para hombre.","breadcrumb":{"@id":"https:\/\/versano.nl\/shop\/winterjas-parka-heren-thompson-n-zwart-versano\/#breadcrumb"},"inLanguage":"es","potentialAction":[{"@type":"ReadAction","target":["https:\/\/versano.nl\/shop\/winterjas-parka-heren-thompson-n-zwart-versano\/"]}]},{"@type":"ImageObject","inLanguage":"es","@id":"https:\/\/versano.nl\/shop\/winterjas-parka-heren-thompson-n-zwart-versano\/#primaryimage","url":"https:\/\/versano.nl\/wp-content\/uploads\/2019\/11\/zwarte-heren-winterjas-halflang-versano-thomas-voorkant.jpg","contentUrl":"https:\/\/versano.nl\/wp-content\/uploads\/2019\/11\/zwarte-heren-winterjas-halflang-versano-thomas-voorkant.jpg","width":900,"height":1176,"caption":"winterjas parka heren Thompson N zwart Versano"},{"@type":"BreadcrumbList","@id":"https:\/\/versano.nl\/shop\/winterjas-parka-heren-thompson-n-zwart-versano\/#breadcrumb","itemListElement":[{"@type":"ListItem","position":1,"name":"Home","item":"https:\/\/versano.nl\/"},{"@type":"ListItem","position":2,"name":"Shop","item":"https:\/\/versano.nl\/shop\/"},{"@type":"ListItem","position":3,"name":"winterjas parka heren Thompson N zwart Versano"}]},{"@type":"WebSite","@id":"https:\/\/versano.nl\/#website","url":"https:\/\/versano.nl\/","name":"Versano","description":"abrigos de invierno con cuello de piel | chaquetas de cuero para mujer | chaquetas de cuero para hombre","potentialAction":[{"@type":"SearchAction","target":{"@type":"EntryPoint","urlTemplate":"https:\/\/versano.nl\/?s={search_term_string}"},"query-input":{"@type":"PropertyValueSpecification","valueRequired":true,"valueName":"search_term_string"}}],"inLanguage":"es"}]}},"_links":{"self":[{"href":"https:\/\/versano.nl\/es\/wp-json\/wp\/v2\/product\/13204","targetHints":{"allow":["GET"]}}],"collection":[{"href":"https:\/\/versano.nl\/es\/wp-json\/wp\/v2\/product"}],"about":[{"href":"https:\/\/versano.nl\/es\/wp-json\/wp\/v2\/types\/product"}],"replies":[{"embeddable":true,"href":"https:\/\/versano.nl\/es\/wp-json\/wp\/v2\/comments?post=13204"}],"wp:featuredmedia":[{"embeddable":true,"href":"https:\/\/versano.nl\/es\/wp-json\/wp\/v2\/media\/13214"}],"wp:attachment":[{"href":"https:\/\/versano.nl\/es\/wp-json\/wp\/v2\/media?parent=13204"}],"wp:term":[{"taxonomy":"product_brand","embeddable":true,"href":"https:\/\/versano.nl\/es\/wp-json\/wp\/v2\/product_brand?post=13204"},{"taxonomy":"product_cat","embeddable":true,"href":"https:\/\/versano.nl\/es\/wp-json\/wp\/v2\/product_cat?post=13204"},{"taxonomy":"product_tag","embeddable":true,"href":"https:\/\/versano.nl\/es\/wp-json\/wp\/v2\/product_tag?post=13204"}],"curies":[{"name":"wp","href":"https:\/\/api.w.org\/{rel}","templated":true}]}}