{"id":1271,"date":"2014-12-02T06:40:23","date_gmt":"2014-12-02T06:40:23","guid":{"rendered":"http:\/\/leathershopdoci.nl\/shop\/versano-dames-leren-jas-miami-l2-blauw\/"},"modified":"2025-11-22T19:46:23","modified_gmt":"2025-11-22T19:46:23","slug":"dames-leren-jas-versano-miami-blauw","status":"publish","type":"product","link":"https:\/\/versano.nl\/es\/shop\/dames-leren-jas-versano-miami-blauw\/","title":{"rendered":"Chaqueta biker de cuero para mujer azul Miami Versano"},"content":{"rendered":"<h2>Chaqueta biker de cuero para mujer azul Miami Versano<\/h2>\n<p>Se decidi\u00f3 elegir el nombre Miami para esta chaqueta de cuero de Versano. Esto se debe al hecho de que esta es una chaqueta que definitivamente no se ver\u00eda fuera de lugar en esta ciudad estadounidense. Pero seamos honestos, no importa d\u00f3nde uses la chaqueta de motociclista de cuero para damas azul Miami Versano, \u00a1te quedar\u00e1 bien en todas partes! Es una chaqueta que est\u00e1 hecha de cuero de cordero hermoso, flexible y suave. Esto significa que obtienes una chaqueta que te queda maravillosamente, se ve perfecta y tiene un lavado extremadamente hermoso. Este es uno de los modelos b\u00e1sicos de Versano y, como tal, tambi\u00e9n uno de nuestros \u00e9xitos. Esta chaqueta est\u00e1 disponible en cuero de cordero duradero, pero si prefiere no usarlo, tambi\u00e9n hay diferentes modelos disponibles en cuero de imitaci\u00f3n.<\/p>\n<h2>Pide Miami en color azul<\/h2>\n<p>En Versano saben c\u00f3mo dise\u00f1ar una chaqueta de motociclista genial, que tampoco es demasiado. En otras palabras, esta chaqueta queda perfecta en la motocicleta, pero tambi\u00e9n si sales por la noche o vas de compras por la tarde. Esta chaqueta no solo est\u00e1 disponible en azul, sino tambi\u00e9n en los colores: verde, rojo, negro, co\u00f1ac y marr\u00f3n. Por lo tanto, le recomendamos que simplemente eche un vistazo a qu\u00e9 color cree que se adapta mejor a su propio estilo. Si nos encarga esta chaqueta, recibir\u00e1 una chaqueta que permanecer\u00e1 hermosa para toda la vida. El color es f\u00e1cil de combinar y va con casi todos tus outfits. Su dise\u00f1o italiano garantiza que la chaqueta se ajuste bien y sea c\u00f3moda de llevar.<\/p>\n<p>marca:\u00a0<a href=\"https:\/\/versano.nl\/\" target=\"_blank\" rel=\"noopener noreferrer\">Versano<\/a><br \/>\nMaterial: 100% piel de cordero<br \/>\nForro: 100% poli\u00e9ster<br \/>\nlongitud: corto<br \/>\nAjuste: ajustado<br \/>\nCierre: cremallera<br \/>\nBolsillos: bolsillo con cremallera<br \/>\nCollar: de pie cuello<br \/>\ncapa exterior Material: de alta calidad y de piel de cordero suave<br \/>\nPlazo de entrega: 2-3 d\u00edas laborables<\/p>","protected":false},"excerpt":{"rendered":"<p><strong>ELIGE OTRO COLOR AQU\u00cd<\/strong><\/p>\n<p><span style=\"color: #ff0000;\"><a href=\"https:\/\/versano.nl\/shop\/leren-dames-jas-bikerlook-groen-versano-miami\/\"><img loading=\"lazy\" decoding=\"async\" class=\"alignnone size-full wp-image-19873\" src=\"https:\/\/versano.nl\/wp-content\/uploads\/sites\/2\/2020\/04\/groene-leren-dames-jas-biker-model-versano-miami-thumb.jpg\" alt=\"\" width=\"57\" height=\"75\" \/><\/a><a href=\"https:\/\/versano.nl\/shop\/biker-jas-dames-leer-bruin-miami-versano\/\"><img loading=\"lazy\" decoding=\"async\" class=\"alignnone size-full wp-image-19876\" src=\"https:\/\/versano.nl\/wp-content\/uploads\/sites\/2\/2020\/04\/leren-jas-dames-bruin-biker-jack-miami-versano-voorkant-thumb.jpg\" alt=\"\" width=\"57\" height=\"75\" \/><\/a><a href=\"https:\/\/versano.nl\/shop\/dames-leren-jas-cognac-miami-versano\/\"><img loading=\"lazy\" decoding=\"async\" class=\"alignnone size-full wp-image-19877\" src=\"https:\/\/versano.nl\/wp-content\/uploads\/sites\/2\/2020\/04\/leren-jas-dames-cognac-biker-jack-miami-versano-voorkant-thumb.jpg\" alt=\"\" width=\"57\" height=\"75\" \/><\/a><a href=\"https:\/\/versano.nl\/shop\/leren-dames-jas-biker-model-zwart-versano-miami\/\"><img loading=\"lazy\" decoding=\"async\" class=\"alignnone size-full wp-image-19878\" src=\"https:\/\/versano.nl\/wp-content\/uploads\/sites\/2\/2020\/04\/leren-jas-dames-zwart-biker-jack-miami-versano-thumb.jpg\" alt=\"\" width=\"57\" height=\"75\" \/><\/a><a href=\"https:\/\/versano.nl\/shop\/dames-leren-jasje-versano-miami-rood\/\"><img loading=\"lazy\" decoding=\"async\" class=\"alignnone size-full wp-image-19874\" src=\"https:\/\/versano.nl\/wp-content\/uploads\/sites\/2\/2020\/04\/leren-dames-biker-jack-rood-miami-versano-thumb.jpg\" alt=\"\" width=\"56\" height=\"75\" \/><\/a><\/span><\/p>\n<p><span style=\"color: #ff0000;\">Consejos de ajuste:<\/span>\u00a0El ajuste de esta chaqueta est\u00e1 bien ajustado. Nuestro modelo mide 1,68 cm de altura y lleva una talla S.<\/p>\n<p>Si no est\u00e1 seguro de sus medidas, le recomendamos que primero mida las medidas de su talla y las compare con nuestra tabla de tallas. Si no tiene experiencia en medir tama\u00f1os de circunferencia, haga clic en\u00a0<a href=\"https:\/\/www.youtube.com\/watch?v=3ZSfY87v6pM\"><em>AQU\u00cd<\/em>\u00a0<\/a>\u00a0para<span style=\"color: #ff0000;\">\u00a0<a style=\"color: #ff0000;\" href=\"https:\/\/www.youtube.com\/watch?v=3ZSfY87v6pM\"><em>VIDEO<\/em><\/a>\u00a0<\/span> con instrucciones. \u00a1Tambi\u00e9n puede llamarnos o enviarnos una aplicaci\u00f3n directamente! Nuestros empleados est\u00e1n siempre disponibles para ayudar.<\/p>\n<p><strong>EL TIEMPO DE ENTREGA :<\/strong>\u00a02 a 3 d\u00edas laborables.<\/p>","protected":false},"featured_media":20669,"comment_status":"closed","ping_status":"closed","template":"","meta":[],"product_brand":[],"product_cat":[90,874,875,877,879,880,881,878,882],"product_tag":[1583,1584,354,1581,95,1582,98,349,1579,1580,142,101,105,106,107],"class_list":{"0":"post-1271","1":"product","2":"type-product","3":"status-publish","4":"has-post-thumbnail","6":"product_cat-dames-leren-jassen","7":"product_cat-kort-leren-jasje","8":"product_cat-kort-leren-jasje-dames","9":"product_cat-leren-bikerjacks-dames","10":"product_cat-leren-dames-jassen","11":"product_cat-leren-jasje-dames","12":"product_cat-leren-jassen-dames","13":"product_cat-leren-jassen-dames-uitverkoop","14":"product_cat-versano","15":"product_tag-dames-biker-jassen","16":"product_tag-dames-biker-jassen-blauw","17":"product_tag-dames-blauw","18":"product_tag-goedkope-leren-jassen-dames","19":"product_tag-korte-leren-jassen","20":"product_tag-leren-biker-jassen-dames-blauw","21":"product_tag-leren-jasje","22":"product_tag-leren-jassen","23":"product_tag-leren-jassen-dames","24":"product_tag-leren-jassen-dames-sale","25":"product_tag-online-dames-leren-jassen","26":"product_tag-online-leren-jassen","27":"product_tag-versano-leren-jassen","28":"product_tag-winter-leren-jassen","29":"product_tag-zomer-leren-jassen","30":"tm-no-options","32":"first","33":"instock","34":"sale","35":"taxable","36":"shipping-taxable","37":"purchasable","38":"product-type-variable"},"yoast_head":"<!-- This site is optimized with the Yoast SEO plugin v27.2 - https:\/\/yoast.com\/product\/yoast-seo-wordpress\/ -->\n<title>leren biker jas dames blauw Miami Versano, blauwe leren dames jas<\/title>\n<meta name=\"description\" content=\"Deze leren biker jas dames blauw Miami Versano is een echte blikvanger. Het duurzame lamsleer heeft een bijzonder mooie wassing\" \/>\n<meta name=\"robots\" content=\"index, follow, max-snippet:-1, max-image-preview:large, max-video-preview:-1\" \/>\n<link rel=\"canonical\" href=\"https:\/\/versano.nl\/es\/shop\/dames-leren-jas-versano-miami-blauw\/\" \/>\n<meta property=\"og:locale\" content=\"es_ES\" \/>\n<meta property=\"og:type\" content=\"article\" \/>\n<meta property=\"og:title\" content=\"leren biker jas dames blauw Miami Versano, blauwe leren dames jas\" \/>\n<meta property=\"og:description\" content=\"Deze leren biker jas dames blauw Miami Versano is een echte blikvanger. Het duurzame lamsleer heeft een bijzonder mooie wassing\" \/>\n<meta property=\"og:url\" content=\"https:\/\/versano.nl\/es\/shop\/dames-leren-jas-versano-miami-blauw\/\" \/>\n<meta property=\"og:site_name\" content=\"Versano\" \/>\n<meta property=\"article:modified_time\" content=\"2025-11-22T19:46:23+00:00\" \/>\n<meta property=\"og:image\" content=\"https:\/\/versano.nl\/wp-content\/uploads\/2014\/12\/leren-jas-dames-blauw-biker-jack-miami-versano-voorkant-dicht-1.jpg\" \/>\n\t<meta property=\"og:image:width\" content=\"900\" \/>\n\t<meta property=\"og:image:height\" content=\"1176\" \/>\n\t<meta property=\"og:image:type\" content=\"image\/jpeg\" \/>\n<meta name=\"twitter:card\" content=\"summary_large_image\" \/>\n<meta name=\"twitter:label1\" content=\"Tiempo de lectura\" \/>\n\t<meta name=\"twitter:data1\" content=\"2 minutos\" \/>\n<script type=\"application\/ld+json\" class=\"yoast-schema-graph\">{\"@context\":\"https:\/\/schema.org\",\"@graph\":[{\"@type\":\"WebPage\",\"@id\":\"https:\/\/versano.nl\/shop\/dames-leren-jas-versano-miami-blauw\/\",\"url\":\"https:\/\/versano.nl\/shop\/dames-leren-jas-versano-miami-blauw\/\",\"name\":\"leren biker jas dames blauw Miami Versano, blauwe leren dames jas\",\"isPartOf\":{\"@id\":\"https:\/\/versano.nl\/#website\"},\"primaryImageOfPage\":{\"@id\":\"https:\/\/versano.nl\/shop\/dames-leren-jas-versano-miami-blauw\/#primaryimage\"},\"image\":{\"@id\":\"https:\/\/versano.nl\/shop\/dames-leren-jas-versano-miami-blauw\/#primaryimage\"},\"thumbnailUrl\":\"https:\/\/versano.nl\/wp-content\/uploads\/2014\/12\/leren-jas-dames-blauw-biker-jack-miami-versano-voorkant-dicht-1.jpg\",\"datePublished\":\"2014-12-02T06:40:23+00:00\",\"dateModified\":\"2025-11-22T19:46:23+00:00\",\"description\":\"Deze leren biker jas dames blauw Miami Versano is een echte blikvanger. Het duurzame lamsleer heeft een bijzonder mooie wassing\",\"breadcrumb\":{\"@id\":\"https:\/\/versano.nl\/shop\/dames-leren-jas-versano-miami-blauw\/#breadcrumb\"},\"inLanguage\":\"es\",\"potentialAction\":[{\"@type\":\"ReadAction\",\"target\":[\"https:\/\/versano.nl\/shop\/dames-leren-jas-versano-miami-blauw\/\"]}]},{\"@type\":\"ImageObject\",\"inLanguage\":\"es\",\"@id\":\"https:\/\/versano.nl\/shop\/dames-leren-jas-versano-miami-blauw\/#primaryimage\",\"url\":\"https:\/\/versano.nl\/wp-content\/uploads\/2014\/12\/leren-jas-dames-blauw-biker-jack-miami-versano-voorkant-dicht-1.jpg\",\"contentUrl\":\"https:\/\/versano.nl\/wp-content\/uploads\/2014\/12\/leren-jas-dames-blauw-biker-jack-miami-versano-voorkant-dicht-1.jpg\",\"width\":900,\"height\":1176,\"caption\":\"leren-jas-dames-blauw-biker-jack-miami-versano-voorkant-dicht\"},{\"@type\":\"BreadcrumbList\",\"@id\":\"https:\/\/versano.nl\/shop\/dames-leren-jas-versano-miami-blauw\/#breadcrumb\",\"itemListElement\":[{\"@type\":\"ListItem\",\"position\":1,\"name\":\"Home\",\"item\":\"https:\/\/versano.nl\/\"},{\"@type\":\"ListItem\",\"position\":2,\"name\":\"Shop\",\"item\":\"https:\/\/versano.nl\/shop\/\"},{\"@type\":\"ListItem\",\"position\":3,\"name\":\"leren biker jas dames blauw Miami Versano\"}]},{\"@type\":\"WebSite\",\"@id\":\"https:\/\/versano.nl\/#website\",\"url\":\"https:\/\/versano.nl\/\",\"name\":\"Versano\",\"description\":\"winterjassen met bontkraag | leren dames jassen | leren heren jassen\",\"potentialAction\":[{\"@type\":\"SearchAction\",\"target\":{\"@type\":\"EntryPoint\",\"urlTemplate\":\"https:\/\/versano.nl\/?s={search_term_string}\"},\"query-input\":{\"@type\":\"PropertyValueSpecification\",\"valueRequired\":true,\"valueName\":\"search_term_string\"}}],\"inLanguage\":\"es\"}]}<\/script>\n<!-- \/ Yoast SEO plugin. -->","yoast_head_json":{"title":"chaqueta biker de cuero para mujer azul Miami Versano, chaqueta de cuero azul para mujer","description":"Esta chaqueta de motociclista de cuero para mujer azul Miami Versano es un verdadero punto de atracci\u00f3n. El cuero de cordero duradero tiene un lavado particularmente hermoso.","robots":{"index":"index","follow":"follow","max-snippet":"max-snippet:-1","max-image-preview":"max-image-preview:large","max-video-preview":"max-video-preview:-1"},"canonical":"https:\/\/versano.nl\/es\/shop\/dames-leren-jas-versano-miami-blauw\/","og_locale":"es_ES","og_type":"article","og_title":"leren biker jas dames blauw Miami Versano, blauwe leren dames jas","og_description":"Deze leren biker jas dames blauw Miami Versano is een echte blikvanger. Het duurzame lamsleer heeft een bijzonder mooie wassing","og_url":"https:\/\/versano.nl\/es\/shop\/dames-leren-jas-versano-miami-blauw\/","og_site_name":"Versano","article_modified_time":"2025-11-22T19:46:23+00:00","og_image":[{"width":900,"height":1176,"url":"https:\/\/versano.nl\/wp-content\/uploads\/2014\/12\/leren-jas-dames-blauw-biker-jack-miami-versano-voorkant-dicht-1.jpg","type":"image\/jpeg"}],"twitter_card":"summary_large_image","twitter_misc":{"Tiempo de lectura":"2 minutos"},"schema":{"@context":"https:\/\/schema.org","@graph":[{"@type":"WebPage","@id":"https:\/\/versano.nl\/shop\/dames-leren-jas-versano-miami-blauw\/","url":"https:\/\/versano.nl\/shop\/dames-leren-jas-versano-miami-blauw\/","name":"chaqueta biker de cuero para mujer azul Miami Versano, chaqueta de cuero azul para mujer","isPartOf":{"@id":"https:\/\/versano.nl\/#website"},"primaryImageOfPage":{"@id":"https:\/\/versano.nl\/shop\/dames-leren-jas-versano-miami-blauw\/#primaryimage"},"image":{"@id":"https:\/\/versano.nl\/shop\/dames-leren-jas-versano-miami-blauw\/#primaryimage"},"thumbnailUrl":"https:\/\/versano.nl\/wp-content\/uploads\/2014\/12\/leren-jas-dames-blauw-biker-jack-miami-versano-voorkant-dicht-1.jpg","datePublished":"2014-12-02T06:40:23+00:00","dateModified":"2025-11-22T19:46:23+00:00","description":"Esta chaqueta de motociclista de cuero para mujer azul Miami Versano es un verdadero punto de atracci\u00f3n. El cuero de cordero duradero tiene un lavado particularmente hermoso.","breadcrumb":{"@id":"https:\/\/versano.nl\/shop\/dames-leren-jas-versano-miami-blauw\/#breadcrumb"},"inLanguage":"es","potentialAction":[{"@type":"ReadAction","target":["https:\/\/versano.nl\/shop\/dames-leren-jas-versano-miami-blauw\/"]}]},{"@type":"ImageObject","inLanguage":"es","@id":"https:\/\/versano.nl\/shop\/dames-leren-jas-versano-miami-blauw\/#primaryimage","url":"https:\/\/versano.nl\/wp-content\/uploads\/2014\/12\/leren-jas-dames-blauw-biker-jack-miami-versano-voorkant-dicht-1.jpg","contentUrl":"https:\/\/versano.nl\/wp-content\/uploads\/2014\/12\/leren-jas-dames-blauw-biker-jack-miami-versano-voorkant-dicht-1.jpg","width":900,"height":1176,"caption":"leren-jas-dames-blauw-biker-jack-miami-versano-voorkant-dicht"},{"@type":"BreadcrumbList","@id":"https:\/\/versano.nl\/shop\/dames-leren-jas-versano-miami-blauw\/#breadcrumb","itemListElement":[{"@type":"ListItem","position":1,"name":"Home","item":"https:\/\/versano.nl\/"},{"@type":"ListItem","position":2,"name":"Shop","item":"https:\/\/versano.nl\/shop\/"},{"@type":"ListItem","position":3,"name":"leren biker jas dames blauw Miami Versano"}]},{"@type":"WebSite","@id":"https:\/\/versano.nl\/#website","url":"https:\/\/versano.nl\/","name":"Versano","description":"abrigos de invierno con cuello de piel | chaquetas de cuero para mujer | chaquetas de cuero para hombre","potentialAction":[{"@type":"SearchAction","target":{"@type":"EntryPoint","urlTemplate":"https:\/\/versano.nl\/?s={search_term_string}"},"query-input":{"@type":"PropertyValueSpecification","valueRequired":true,"valueName":"search_term_string"}}],"inLanguage":"es"}]}},"_links":{"self":[{"href":"https:\/\/versano.nl\/es\/wp-json\/wp\/v2\/product\/1271","targetHints":{"allow":["GET"]}}],"collection":[{"href":"https:\/\/versano.nl\/es\/wp-json\/wp\/v2\/product"}],"about":[{"href":"https:\/\/versano.nl\/es\/wp-json\/wp\/v2\/types\/product"}],"replies":[{"embeddable":true,"href":"https:\/\/versano.nl\/es\/wp-json\/wp\/v2\/comments?post=1271"}],"wp:featuredmedia":[{"embeddable":true,"href":"https:\/\/versano.nl\/es\/wp-json\/wp\/v2\/media\/20669"}],"wp:attachment":[{"href":"https:\/\/versano.nl\/es\/wp-json\/wp\/v2\/media?parent=1271"}],"wp:term":[{"taxonomy":"product_brand","embeddable":true,"href":"https:\/\/versano.nl\/es\/wp-json\/wp\/v2\/product_brand?post=1271"},{"taxonomy":"product_cat","embeddable":true,"href":"https:\/\/versano.nl\/es\/wp-json\/wp\/v2\/product_cat?post=1271"},{"taxonomy":"product_tag","embeddable":true,"href":"https:\/\/versano.nl\/es\/wp-json\/wp\/v2\/product_tag?post=1271"}],"curies":[{"name":"wp","href":"https:\/\/api.w.org\/{rel}","templated":true}]}}