{"id":12619,"date":"2019-10-07T21:47:09","date_gmt":"2019-10-07T21:47:09","guid":{"rendered":"https:\/\/versano.nl\/shop\/halflange-dames-winterjas-met-bontkraag-rood-genny-versano\/"},"modified":"2026-02-23T11:24:14","modified_gmt":"2026-02-23T11:24:14","slug":"halflange-dames-winterjas-met-bontkraag-rood-genny-versano","status":"publish","type":"product","link":"https:\/\/versano.nl\/es\/shop\/halflange-dames-winterjas-met-bontkraag-rood-genny-versano\/","title":{"rendered":"Abrigo de invierno para mujer con cuello de piel jenny red Versano"},"content":{"rendered":"<h2>Abrigo de invierno para mujer con cuello de piel jenny red Versano<\/h2>\n<p>\u00bfEst\u00e1s buscando un abrigo de invierno de mujer bien ajustado con cuello de piel jenny red Versano? Entonces ha venido al lugar correcto en Versano. Jenny es la chaqueta de invierno perfecta para pasar el invierno. Un abrigo que se puede suministrar con o sin cuello de piel. El abrigo de invierno para mujer con cuello de piel jenny red Versano no solo es c\u00e1lido sino que tambi\u00e9n tiene un ajuste muy bien adaptado. Esta chaqueta de invierno para mujer de Versano es un modelo de longitud media con bolsillos laterales que se encuentran a la altura de la cadera. Estos bolsillos se pueden cerrar con una cremallera, la chaqueta tambi\u00e9n tiene un cierre de cremallera que consta de una cremallera. Es una de las chaquetas m\u00e1s vendidas de Versano a un precio competitivo.<\/p>\n<h2><span style=\"color: #000000;\"><strong>Una chaqueta de invierno superior con un hermoso dise\u00f1o.<\/strong><\/span><\/h2>\n<p>Abrigo de invierno para mujer con cuello de piel jenny red Versano es una de las obras maestras y est\u00e1 muy bien dise\u00f1ado por los dise\u00f1adores de Versano. La marca Versano es m\u00e1s conocida por sus hermosos e inusuales modelos de chaquetas con un corte italiano a medida, pero eso no es solo un dise\u00f1o, lo llamamos &quot;UN ESTADO DEL ARTE&quot;. Jenny tambi\u00e9n tiene una cremallera en la espalda que est\u00e1 hecha para darle a la chaqueta un aspecto fresco y al abrir la cremallera, la chaqueta se vuelve un poco m\u00e1s ancha para que puedas sentarte o andar en bicicleta f\u00e1cilmente. La chaqueta tiene una capucha fija y botones de presi\u00f3n en los que se puede colocar el cuello de piel. Por supuesto, tambi\u00e9n puede comprar y usar el abrigo de invierno para damas de Versano sin cuello de piel.<\/p>\n<p>&nbsp;<\/p>\n<p>marca: <a title=\"versano\" href=\"https:\/\/versano.nl\/\" target=\"_blank\" rel=\"noopener noreferrer\">Versano<\/a><br \/>\nlongitud: media<br \/>\najuste: ajustado<br \/>\nforro: 100% poli\u00e9ster<br \/>\nespesor del forro: 200 gramos alineados gruesa<br \/>\nlongitud de la manga: manga larga<br \/>\ncampana: alineado, s\u00f3lida<br \/>\nLos extras: costuras reforzadas<br \/>\nCierre: cremallera completa<br \/>\nsacos de cremallera bolsillos laterales, en el interior<br \/>\nFunci\u00f3n: impermeable, resistente al viento<br \/>\nmaterial de la capa exterior de material: 100% poli\u00e9ster<br \/>\naccesorios: cuello de piel (opcional)<\/p>\n<p>Tiempo de entrega: 2-3 d\u00edas<\/p>\n<p><span style=\"color: #ff0000;\">INFORMACION IMPORTANTE:<\/span>\u00a0Puedes comprar cualquier chaqueta Versano con o sin cuello de piel, el cuello de piel no est\u00e1 incluido.<\/p>","protected":false},"excerpt":{"rendered":"<h4>ELIGE OTRO COLOR AQU\u00cd<\/h4>\n<p><span style=\"color: #ff0000;\"><a href=\"https:\/\/versano.nl\/shop\/lange-dames-winterjas-beige-genny-versano\/\"><img loading=\"lazy\" decoding=\"async\" class=\"alignnone size-full wp-image-19636\" src=\"https:\/\/versano.nl\/wp-content\/uploads\/sites\/2\/2019\/11\/dames-winterjas-beige-halflang-model-zilveren-rits-versano-voorkant-thumb.jpg\" alt=\"\" width=\"57\" height=\"75\" \/><\/a><a href=\"https:\/\/versano.nl\/shop\/halflange-dames-winterjas-rose-genny-versano-silver-zip\/\"><img loading=\"lazy\" decoding=\"async\" class=\"alignnone size-full wp-image-19638\" src=\"https:\/\/versano.nl\/wp-content\/uploads\/sites\/2\/2019\/11\/dames-winterjas-zalmroze-halflang-model-zilveren-rits-versano-voorkant-thumb.jpg\" alt=\"\" width=\"57\" height=\"75\" \/><\/a><a href=\"https:\/\/versano.nl\/shop\/halflange-dames-winterjas-rose-genny-versano-black-zip\/\"><img loading=\"lazy\" decoding=\"async\" class=\"alignnone size-full wp-image-19639\" src=\"https:\/\/versano.nl\/wp-content\/uploads\/sites\/2\/2019\/11\/dames-winterjas-zalmroze-halflang-model-zwarte-rits-versano-voorkant-thumb.jpg\" alt=\"\" width=\"57\" height=\"75\" \/><\/a><a href=\"https:\/\/versano.nl\/shop\/halflange-dames-winterjas-met-bontkraag-blauw-genny-versano\/\"><img loading=\"lazy\" decoding=\"async\" class=\"alignnone size-full wp-image-19640\" src=\"https:\/\/versano.nl\/wp-content\/uploads\/sites\/2\/2019\/11\/Genny-blauw.jpg\" alt=\"\" width=\"57\" height=\"75\" \/><\/a><a href=\"https:\/\/versano.nl\/shop\/halflange-dames-winterjas-met-bontkraag-zwart-genny-versano\/\"><img loading=\"lazy\" decoding=\"async\" class=\"alignnone size-full wp-image-19641\" src=\"https:\/\/versano.nl\/wp-content\/uploads\/sites\/2\/2019\/11\/Genny-zwart-thumb.jpg\" alt=\"\" width=\"57\" height=\"75\" \/><\/a><a href=\"https:\/\/versano.nl\/shop\/dames-winterjas-met-pels-blauw-cognac-jenny-merk-versano\/\"><img loading=\"lazy\" decoding=\"async\" class=\"alignnone size-full wp-image-19642\" src=\"https:\/\/versano.nl\/wp-content\/uploads\/sites\/2\/2019\/11\/halflange-dames-winterjas-met-bontkraag-blauw-met-cognac-biezen-versano-voorkant-model1-thumb.jpg\" alt=\"\" width=\"57\" height=\"75\" \/><\/a><a href=\"https:\/\/versano.nl\/shop\/halflange-dames-winterjas-met-bontkraag-groen-genny-versano\"><img loading=\"lazy\" decoding=\"async\" class=\"alignnone size-full wp-image-19643\" src=\"https:\/\/versano.nl\/wp-content\/uploads\/sites\/2\/2019\/11\/versano-dames-winterjas-genny-groen.jpg\" alt=\"\" width=\"57\" height=\"76\" \/><\/a><a href=\"https:\/\/versano.nl\/shop\/lange-witte-dames-winterjas-genny-versano-silver-zip\/\"><img loading=\"lazy\" decoding=\"async\" class=\"alignnone size-full wp-image-19644\" src=\"https:\/\/versano.nl\/wp-content\/uploads\/sites\/2\/2019\/11\/witte-dames-winterjas-halflang-bontkraag-versano-voorkant-thumb.jpg\" alt=\"\" width=\"57\" height=\"75\" \/><\/a><a href=\"https:\/\/versano.nl\/shop\/halflange-witte-dames-winterjas-genny-versano-black-zip\/\"><img loading=\"lazy\" decoding=\"async\" class=\"alignnone size-full wp-image-19645\" src=\"https:\/\/versano.nl\/wp-content\/uploads\/sites\/2\/2019\/11\/witte-dames-winterjas-halflang-bontkraag-zwarte-rits-versano-voorkant-thumb.jpg\" alt=\"\" width=\"57\" height=\"75\" \/><\/a><\/span><\/p>\n<p><span style=\"color: #ff0000;\"><strong>Consejos de ajuste:<\/strong><\/span> El ajuste de esta chaqueta est\u00e1 bien ajustado. Nuestro modelo mide 1,80 cm de altura y lleva un Medium.<\/p>\n<p>Si no est\u00e1 seguro de sus medidas, le recomendamos que primero mida las medidas de su talla y las compare con nuestra tabla de tallas. Si no tiene experiencia en medir tama\u00f1os de circunferencia, haga clic en <a href=\"https:\/\/www.youtube.com\/watch?v=3ZSfY87v6pM\"><em>AQU\u00cd<\/em>\u00a0<\/a>\u00a0para <span style=\"color: #ff0000;\"><a style=\"color: #ff0000;\" href=\"https:\/\/www.youtube.com\/watch?v=3ZSfY87v6pM\"><em>VIDEO<\/em><\/a><\/span>\u00a0 con instrucciones. \u00a1Tambi\u00e9n puede llamarnos o enviarnos una aplicaci\u00f3n directamente! Nuestros empleados est\u00e1n siempre disponibles para ayudar.<\/p>\n<p><span style=\"color: #000000;\">EL TIEMPO DE ENTREGA :<\/span> 2 a 3 d\u00edas laborables.<\/p>\n<p><strong>INFORMACION IMPORTANTE:\u00a0<\/strong>Puedes comprar cualquier chaqueta Versano con o sin cuello de piel, el cuello de piel no est\u00e1 incluido.<\/p>","protected":false},"featured_media":12616,"comment_status":"open","ping_status":"closed","template":"","meta":[],"product_brand":[],"product_cat":[1403,1012,1353,1145,1384,1389,1382,1383,1037,1038,882,1143,1144,2204,1415,1041,1042,215,1404,1339],"product_tag":[217,1456,1450,218,1051,1053,1058,1195,1196],"class_list":{"0":"post-12619","1":"product","2":"type-product","3":"status-publish","4":"has-post-thumbnail","6":"product_cat-bontkraag-jas","7":"product_cat-dames-jas-met-bontkraag","8":"product_cat-dames-jas-met-pels","9":"product_cat-dames-winterjas","10":"product_cat-dames-winterjas-met-bontkraag","11":"product_cat-dames-winterjas-met-pels","12":"product_cat-dames-winterjassen","13":"product_cat-dames-winterjassen-met-bontkraag","14":"product_cat-jas-met-bontkraag","15":"product_cat-jas-met-bontkraag-dames","16":"product_cat-versano","17":"product_cat-winterjas","18":"product_cat-winterjas-dames","19":"product_cat-winterjas-dames-halflang","20":"product_cat-winterjas-dames-met-bontkraag","21":"product_cat-winterjas-met-bontkraag","22":"product_cat-winterjas-met-bontkraag-dames","23":"product_cat-dames-jassen-met-bontkraag","24":"product_cat-winterjassen","25":"product_cat-winterjassen-dames","26":"product_tag-dames-winterjas-met-bontkraag-rood","27":"product_tag-dames-winterjas-met-bontkraag-sale","28":"product_tag-dames-winterjas-met-grote-bontkraag","29":"product_tag-dames-winterjas-rood","30":"product_tag-halflange-rode-dames-winterjas-met-bontkraag","31":"product_tag-rode-dames-winterjas-met-pels","32":"product_tag-rode-dames-winterjassen","33":"product_tag-rode-lange-dames-winterjas","34":"product_tag-winterjassen-dames-rood","35":"product_shipping_class-verzendkosten-1","36":"tm-has-options","38":"first","39":"instock","40":"sale","41":"taxable","42":"shipping-taxable","43":"purchasable","44":"product-type-variable"},"yoast_head":"<!-- This site is optimized with the Yoast SEO plugin v27.2 - https:\/\/yoast.com\/product\/yoast-seo-wordpress\/ -->\n<title>Dames winterjas met bontkraag jenny rood Versano<\/title>\n<meta name=\"description\" content=\"Ben u op zoek naar een Dames winterjas met bontkraag jenny rood Versano, kijk dan gerust in de webshop voor onze collectie voor winterjassen.\" \/>\n<meta name=\"robots\" content=\"index, follow, max-snippet:-1, max-image-preview:large, max-video-preview:-1\" \/>\n<link rel=\"canonical\" href=\"https:\/\/versano.nl\/es\/shop\/halflange-dames-winterjas-met-bontkraag-rood-genny-versano\/\" \/>\n<meta property=\"og:locale\" content=\"es_ES\" \/>\n<meta property=\"og:type\" content=\"article\" \/>\n<meta property=\"og:title\" content=\"Dames winterjas met bontkraag jenny rood Versano\" \/>\n<meta property=\"og:description\" content=\"Ben u op zoek naar een Dames winterjas met bontkraag jenny rood Versano, kijk dan gerust in de webshop voor onze collectie voor winterjassen.\" \/>\n<meta property=\"og:url\" content=\"https:\/\/versano.nl\/es\/shop\/halflange-dames-winterjas-met-bontkraag-rood-genny-versano\/\" \/>\n<meta property=\"og:site_name\" content=\"Versano\" \/>\n<meta property=\"article:modified_time\" content=\"2026-02-23T11:24:14+00:00\" \/>\n<meta property=\"og:image\" content=\"https:\/\/versano.nl\/wp-content\/uploads\/2019\/10\/dames-winterjas-met-bontkraag-halflang-rood-versano-genny-voorkant.jpg\" \/>\n\t<meta property=\"og:image:width\" content=\"900\" \/>\n\t<meta property=\"og:image:height\" content=\"1176\" \/>\n\t<meta property=\"og:image:type\" content=\"image\/jpeg\" \/>\n<meta name=\"twitter:card\" content=\"summary_large_image\" \/>\n<meta name=\"twitter:label1\" content=\"Tiempo de lectura\" \/>\n\t<meta name=\"twitter:data1\" content=\"2 minutos\" \/>\n<script type=\"application\/ld+json\" class=\"yoast-schema-graph\">{\"@context\":\"https:\/\/schema.org\",\"@graph\":[{\"@type\":\"WebPage\",\"@id\":\"https:\/\/versano.nl\/shop\/halflange-dames-winterjas-met-bontkraag-rood-genny-versano\/\",\"url\":\"https:\/\/versano.nl\/shop\/halflange-dames-winterjas-met-bontkraag-rood-genny-versano\/\",\"name\":\"Dames winterjas met bontkraag jenny rood Versano\",\"isPartOf\":{\"@id\":\"https:\/\/versano.nl\/#website\"},\"primaryImageOfPage\":{\"@id\":\"https:\/\/versano.nl\/shop\/halflange-dames-winterjas-met-bontkraag-rood-genny-versano\/#primaryimage\"},\"image\":{\"@id\":\"https:\/\/versano.nl\/shop\/halflange-dames-winterjas-met-bontkraag-rood-genny-versano\/#primaryimage\"},\"thumbnailUrl\":\"https:\/\/versano.nl\/wp-content\/uploads\/2019\/10\/dames-winterjas-met-bontkraag-halflang-rood-versano-genny-voorkant.jpg\",\"datePublished\":\"2019-10-07T21:47:09+00:00\",\"dateModified\":\"2026-02-23T11:24:14+00:00\",\"description\":\"Ben u op zoek naar een Dames winterjas met bontkraag jenny rood Versano, kijk dan gerust in de webshop voor onze collectie voor winterjassen.\",\"breadcrumb\":{\"@id\":\"https:\/\/versano.nl\/shop\/halflange-dames-winterjas-met-bontkraag-rood-genny-versano\/#breadcrumb\"},\"inLanguage\":\"es\",\"potentialAction\":[{\"@type\":\"ReadAction\",\"target\":[\"https:\/\/versano.nl\/shop\/halflange-dames-winterjas-met-bontkraag-rood-genny-versano\/\"]}]},{\"@type\":\"ImageObject\",\"inLanguage\":\"es\",\"@id\":\"https:\/\/versano.nl\/shop\/halflange-dames-winterjas-met-bontkraag-rood-genny-versano\/#primaryimage\",\"url\":\"https:\/\/versano.nl\/wp-content\/uploads\/2019\/10\/dames-winterjas-met-bontkraag-halflang-rood-versano-genny-voorkant.jpg\",\"contentUrl\":\"https:\/\/versano.nl\/wp-content\/uploads\/2019\/10\/dames-winterjas-met-bontkraag-halflang-rood-versano-genny-voorkant.jpg\",\"width\":900,\"height\":1176,\"caption\":\"Dames winterjas met bontkraag jenny rood Versano\"},{\"@type\":\"BreadcrumbList\",\"@id\":\"https:\/\/versano.nl\/shop\/halflange-dames-winterjas-met-bontkraag-rood-genny-versano\/#breadcrumb\",\"itemListElement\":[{\"@type\":\"ListItem\",\"position\":1,\"name\":\"Home\",\"item\":\"https:\/\/versano.nl\/\"},{\"@type\":\"ListItem\",\"position\":2,\"name\":\"Shop\",\"item\":\"https:\/\/versano.nl\/shop\/\"},{\"@type\":\"ListItem\",\"position\":3,\"name\":\"Dames winterjas met bontkraag jenny rood Versano\"}]},{\"@type\":\"WebSite\",\"@id\":\"https:\/\/versano.nl\/#website\",\"url\":\"https:\/\/versano.nl\/\",\"name\":\"Versano\",\"description\":\"winterjassen met bontkraag | leren dames jassen | leren heren jassen\",\"potentialAction\":[{\"@type\":\"SearchAction\",\"target\":{\"@type\":\"EntryPoint\",\"urlTemplate\":\"https:\/\/versano.nl\/?s={search_term_string}\"},\"query-input\":{\"@type\":\"PropertyValueSpecification\",\"valueRequired\":true,\"valueName\":\"search_term_string\"}}],\"inLanguage\":\"es\"}]}<\/script>\n<!-- \/ Yoast SEO plugin. -->","yoast_head_json":{"title":"Abrigo de invierno para mujer con cuello de piel jenny red Versano","description":"\u00bfEst\u00e1 buscando una chaqueta de invierno para mujer con cuello de piel jenny red Versano? Eche un vistazo en la tienda web para ver nuestra colecci\u00f3n de chaquetas de invierno.","robots":{"index":"index","follow":"follow","max-snippet":"max-snippet:-1","max-image-preview":"max-image-preview:large","max-video-preview":"max-video-preview:-1"},"canonical":"https:\/\/versano.nl\/es\/shop\/halflange-dames-winterjas-met-bontkraag-rood-genny-versano\/","og_locale":"es_ES","og_type":"article","og_title":"Dames winterjas met bontkraag jenny rood Versano","og_description":"Ben u op zoek naar een Dames winterjas met bontkraag jenny rood Versano, kijk dan gerust in de webshop voor onze collectie voor winterjassen.","og_url":"https:\/\/versano.nl\/es\/shop\/halflange-dames-winterjas-met-bontkraag-rood-genny-versano\/","og_site_name":"Versano","article_modified_time":"2026-02-23T11:24:14+00:00","og_image":[{"width":900,"height":1176,"url":"https:\/\/versano.nl\/wp-content\/uploads\/2019\/10\/dames-winterjas-met-bontkraag-halflang-rood-versano-genny-voorkant.jpg","type":"image\/jpeg"}],"twitter_card":"summary_large_image","twitter_misc":{"Tiempo de lectura":"2 minutos"},"schema":{"@context":"https:\/\/schema.org","@graph":[{"@type":"WebPage","@id":"https:\/\/versano.nl\/shop\/halflange-dames-winterjas-met-bontkraag-rood-genny-versano\/","url":"https:\/\/versano.nl\/shop\/halflange-dames-winterjas-met-bontkraag-rood-genny-versano\/","name":"Abrigo de invierno para mujer con cuello de piel jenny red Versano","isPartOf":{"@id":"https:\/\/versano.nl\/#website"},"primaryImageOfPage":{"@id":"https:\/\/versano.nl\/shop\/halflange-dames-winterjas-met-bontkraag-rood-genny-versano\/#primaryimage"},"image":{"@id":"https:\/\/versano.nl\/shop\/halflange-dames-winterjas-met-bontkraag-rood-genny-versano\/#primaryimage"},"thumbnailUrl":"https:\/\/versano.nl\/wp-content\/uploads\/2019\/10\/dames-winterjas-met-bontkraag-halflang-rood-versano-genny-voorkant.jpg","datePublished":"2019-10-07T21:47:09+00:00","dateModified":"2026-02-23T11:24:14+00:00","description":"\u00bfEst\u00e1 buscando una chaqueta de invierno para mujer con cuello de piel jenny red Versano? Eche un vistazo en la tienda web para ver nuestra colecci\u00f3n de chaquetas de invierno.","breadcrumb":{"@id":"https:\/\/versano.nl\/shop\/halflange-dames-winterjas-met-bontkraag-rood-genny-versano\/#breadcrumb"},"inLanguage":"es","potentialAction":[{"@type":"ReadAction","target":["https:\/\/versano.nl\/shop\/halflange-dames-winterjas-met-bontkraag-rood-genny-versano\/"]}]},{"@type":"ImageObject","inLanguage":"es","@id":"https:\/\/versano.nl\/shop\/halflange-dames-winterjas-met-bontkraag-rood-genny-versano\/#primaryimage","url":"https:\/\/versano.nl\/wp-content\/uploads\/2019\/10\/dames-winterjas-met-bontkraag-halflang-rood-versano-genny-voorkant.jpg","contentUrl":"https:\/\/versano.nl\/wp-content\/uploads\/2019\/10\/dames-winterjas-met-bontkraag-halflang-rood-versano-genny-voorkant.jpg","width":900,"height":1176,"caption":"Dames winterjas met bontkraag jenny rood Versano"},{"@type":"BreadcrumbList","@id":"https:\/\/versano.nl\/shop\/halflange-dames-winterjas-met-bontkraag-rood-genny-versano\/#breadcrumb","itemListElement":[{"@type":"ListItem","position":1,"name":"Home","item":"https:\/\/versano.nl\/"},{"@type":"ListItem","position":2,"name":"Shop","item":"https:\/\/versano.nl\/shop\/"},{"@type":"ListItem","position":3,"name":"Dames winterjas met bontkraag jenny rood Versano"}]},{"@type":"WebSite","@id":"https:\/\/versano.nl\/#website","url":"https:\/\/versano.nl\/","name":"Versano","description":"abrigos de invierno con cuello de piel | chaquetas de cuero para mujer | chaquetas de cuero para hombre","potentialAction":[{"@type":"SearchAction","target":{"@type":"EntryPoint","urlTemplate":"https:\/\/versano.nl\/?s={search_term_string}"},"query-input":{"@type":"PropertyValueSpecification","valueRequired":true,"valueName":"search_term_string"}}],"inLanguage":"es"}]}},"_links":{"self":[{"href":"https:\/\/versano.nl\/es\/wp-json\/wp\/v2\/product\/12619","targetHints":{"allow":["GET"]}}],"collection":[{"href":"https:\/\/versano.nl\/es\/wp-json\/wp\/v2\/product"}],"about":[{"href":"https:\/\/versano.nl\/es\/wp-json\/wp\/v2\/types\/product"}],"replies":[{"embeddable":true,"href":"https:\/\/versano.nl\/es\/wp-json\/wp\/v2\/comments?post=12619"}],"wp:featuredmedia":[{"embeddable":true,"href":"https:\/\/versano.nl\/es\/wp-json\/wp\/v2\/media\/12616"}],"wp:attachment":[{"href":"https:\/\/versano.nl\/es\/wp-json\/wp\/v2\/media?parent=12619"}],"wp:term":[{"taxonomy":"product_brand","embeddable":true,"href":"https:\/\/versano.nl\/es\/wp-json\/wp\/v2\/product_brand?post=12619"},{"taxonomy":"product_cat","embeddable":true,"href":"https:\/\/versano.nl\/es\/wp-json\/wp\/v2\/product_cat?post=12619"},{"taxonomy":"product_tag","embeddable":true,"href":"https:\/\/versano.nl\/es\/wp-json\/wp\/v2\/product_tag?post=12619"}],"curies":[{"name":"wp","href":"https:\/\/api.w.org\/{rel}","templated":true}]}}