{"id":11803,"date":"2019-06-10T14:36:11","date_gmt":"2019-06-10T14:36:11","guid":{"rendered":"https:\/\/versano.nl\/?post_type=product&#038;p=11803"},"modified":"2024-05-15T20:25:47","modified_gmt":"2024-05-15T20:25:47","slug":"lederen-biker-jack-heren-versano-tr57-cognac","status":"publish","type":"product","link":"https:\/\/versano.nl\/es\/shop\/lederen-biker-jack-heren-versano-tr57-cognac\/","title":{"rendered":"Chaqueta de cuero hombre co\u00f1ac TR57 Versano"},"content":{"rendered":"<h2>Chaqueta de cuero hombre co\u00f1ac TR57 Versano<\/h2>\n<p>\u00bfBuscas una chaqueta de cuero fresca para hombre? Entonces definitivamente eche un vistazo a la colecci\u00f3n Versano, porque en la gama Versano encontrar\u00e1 las chaquetas de cuero para hombres m\u00e1s bellas y resistentes. Vendemos las chaquetas de cuero de la conocida marca superior Versano. Aqu\u00ed se utilizan los materiales m\u00e1s hermosos, que son moldeados por los mejores dise\u00f1adores en un modelo atractivo y resistente. Con una Chaqueta de cuero de hombre co\u00f1ac TR57 Versano obtienes una chaqueta que sin duda te gustar\u00e1. Esta es una chaqueta que se ve muy bien, se ajusta bien y tiene un corte entallado perfecto. Por lo tanto, podemos recomendarle de todo coraz\u00f3n que pruebe este modelo si est\u00e1 buscando una chaqueta de cuero perfecta. Esta chaqueta est\u00e1 confeccionada en piel de cordero, tiene 2 bolsillos laterales con cremallera y est\u00e1 rematada con el famoso canal\u00e9 modelo biker en la cintura y parte superior de las mangas. Esta genial chaqueta de cuero para hombre tiene un excelente acabado y un ajuste italiano.<\/p>\n<h2>Pida el modelo tr57 en co\u00f1ac<\/h2>\n<p><span style=\"font-size: 11.0pt;font-family: 'Arial',sans-serif\">Con una chaqueta tan bonita de Versano, puedes estar seguro de que siempre tendr\u00e1s una patente. Puede pedir f\u00e1cilmente este modelo en la tienda web de Versano. Hemos reunido todas nuestras chaquetas aqu\u00ed para que pueda realizar un pedido f\u00e1cilmente. En Versano siempre puede estar seguro de que est\u00e1 comprando un hermoso abrigo que ha sido trabajado con mimo. Con nosotros, puede elegir f\u00e1cilmente el tama\u00f1o correcto seg\u00fan nuestros videos de instrucciones inteligentes. \u00bfTiene alguna pregunta o no est\u00e1 seguro de qu\u00e9 talla pedir? Entonces siempre puede contactarnos por correo o WhatsApp. \u00a1Nuestros empleados desean ayudarlo!<\/span><\/p>\n<p><a href=\"https:\/\/versano.nl\/\">Versano<\/a><br \/>\nMaterial: 100% piel de cordero<br \/>\nForro: 100% poli\u00e9ster<br \/>\nlongitud: corto<br \/>\nAjuste: corte ce\u00f1ido<br \/>\nCierre: cremallera<br \/>\nBolsillos: bolsillo con cremallera<br \/>\nCollar: de pie cuello<br \/>\ncapa externa de material: Muy alta calidad y suave piel de cordero<br \/>\nPlazo de entrega: 2-3 d\u00edas laborables<\/p>","protected":false},"excerpt":{"rendered":"<p>ELIGE OTRO COLOR AQU\u00cd<\/p>\n<p><a href=\"https:\/\/versano.nl\/shop\/lederen-biker-jack-heren-versano-tr57-zwart\/\"><img loading=\"lazy\" decoding=\"async\" class=\"alignnone size-full wp-image-19914\" src=\"https:\/\/versano.nl\/wp-content\/uploads\/sites\/2\/2020\/04\/lederen-biker-jack-heren-versano-tr57-zwart-thumbs.jpg\" alt=\"\" width=\"56\" height=\"75\" \/><\/a><\/p>\n<p style=\"margin: 0cm 0cm 11.25pt 0cm\"><span style=\"font-size: 10.5pt;font-family: 'Arial',sans-serif;color: red\">Consejos de ajuste:\u00a0<\/span><span style=\"font-size: 10.5pt;font-family: 'Arial',sans-serif;color: #5d5d5d\">El ajuste de esta chaqueta es ajustado. Nuestro modelo es 1.80 <\/span><span style=\"font-size: 10.5pt;font-family: 'Arial',sans-serif;color: #5d5d5d\">cm de altura y viste una talla M.<\/span><\/p>\n<p style=\"margin: 0cm 0cm 11.25pt 0cm\"><span style=\"font-size: 10.5pt;font-family: 'Arial',sans-serif;color: #5d5d5d\">Si no est\u00e1 seguro de sus medidas, le recomendamos que primero mida las medidas de su talla y las compare con nuestra tabla de tallas. Si no tiene experiencia en medir tama\u00f1os de circunferencia, haga clic en\u00a0<\/span><a href=\"https:\/\/www.youtube.com\/watch?v=3ZSfY87v6pM\"><em><span style=\"font-size: 10.5pt;font-family: 'Arial',sans-serif;text-decoration: none\">AQU\u00cd<\/span><\/em><span style=\"font-size: 10.5pt;font-family: 'Arial',sans-serif;text-decoration: none\">\u00a0<\/span><\/a><span style=\"font-size: 10.5pt;font-family: 'Arial',sans-serif;color: #5d5d5d\">\u00a0para\u00a0<\/span><a href=\"https:\/\/www.youtube.com\/watch?v=3ZSfY87v6pM\"><em><span style=\"font-size: 10.5pt;font-family: 'Arial',sans-serif;color: red;text-decoration: none\">VIDEO<\/span><\/em><\/a><span style=\"font-size: 10.5pt;font-family: 'Arial',sans-serif;color: #5d5d5d\">\u00a0 con instrucciones. \u00a1Tambi\u00e9n puede llamarnos o enviarnos una aplicaci\u00f3n directamente! Nuestros empleados est\u00e1n siempre disponibles para ayudar.<\/span><\/p>\n<p style=\"margin: 0cm\"><strong><span style=\"font-size: 10.5pt;font-family: 'Arial',sans-serif;color: #5d5d5d\">EL TIEMPO DE ENTREGA :<\/span><\/strong><span style=\"font-size: 10.5pt;font-family: 'Arial',sans-serif;color: #5d5d5d\">\u00a02 a 3 d\u00edas laborables.<\/span><\/p>","protected":false},"featured_media":15989,"comment_status":"closed","ping_status":"closed","template":"","meta":[],"product_brand":[],"product_cat":[1672,147,874,907,912,1671,908,1669,1712,913,910,882],"product_tag":[300,648,1691,301,1136,1692,649,1694,1137,1138,23,647,24,1721,1708],"class_list":{"0":"post-11803","1":"product","2":"type-product","3":"status-publish","4":"has-post-thumbnail","6":"product_cat-biker-jas-heren","7":"product_cat-heren-leren-jassen","8":"product_cat-kort-leren-jasje","9":"product_cat-kort-leren-jasje-heren","10":"product_cat-leren-bikerjacks-heren","11":"product_cat-leren-heren-jas","12":"product_cat-leren-heren-jassen","13":"product_cat-leren-jas-heren","14":"product_cat-leren-jassen","15":"product_cat-leren-jassen-heren-uitverkoop","16":"product_cat-leren-jassen-heren","17":"product_cat-versano","18":"product_tag-bikerjack-heren","19":"product_tag-bikerjack-leer-heren","20":"product_tag-echt-leer-heren-jas","21":"product_tag-heren-bikerjack-cognac","22":"product_tag-heren-bikerjack-dubbele-rits-cognac","23":"product_tag-lamsleer-heren-jas","24":"product_tag-leren-heren-bikerjack","25":"product_tag-leren-heren-jas-in-sale","26":"product_tag-leren-motorjack-heren-cgnac","27":"product_tag-motorjack-heren-cognac","28":"product_tag-motorjacks-heren","29":"product_tag-online-heren-bikerjacks","30":"product_tag-stoer-jasje-heren","31":"product_tag-uitverkoop-leren-heren-jas","32":"product_tag-zomerjassen-heren","33":"product_shipping_class-verzendkosten-1","34":"tm-no-options","36":"first","37":"instock","38":"sale","39":"taxable","40":"shipping-taxable","41":"purchasable","42":"product-type-variable","43":"has-default-attributes"},"yoast_head":"<!-- This site is optimized with the Yoast SEO plugin v27.2 - https:\/\/yoast.com\/product\/yoast-seo-wordpress\/ -->\n<title>Leren jas heren cognac TR57 Versano, leren heren jassen<\/title>\n<meta name=\"description\" content=\"Bent u op zoek naar een Leren jas heren cognac TR57 Versano, dan bent u bij Versano aan het juiste adres voor heren leren jassen.\" \/>\n<meta name=\"robots\" content=\"index, follow, max-snippet:-1, max-image-preview:large, max-video-preview:-1\" \/>\n<link rel=\"canonical\" href=\"https:\/\/versano.nl\/es\/shop\/lederen-biker-jack-heren-versano-tr57-cognac\/\" \/>\n<meta property=\"og:locale\" content=\"es_ES\" \/>\n<meta property=\"og:type\" content=\"article\" \/>\n<meta property=\"og:title\" content=\"Leren jas heren cognac TR57 Versano, leren heren jassen\" \/>\n<meta property=\"og:description\" content=\"Bent u op zoek naar een Leren jas heren cognac TR57 Versano, dan bent u bij Versano aan het juiste adres voor heren leren jassen.\" \/>\n<meta property=\"og:url\" content=\"https:\/\/versano.nl\/es\/shop\/lederen-biker-jack-heren-versano-tr57-cognac\/\" \/>\n<meta property=\"og:site_name\" content=\"Versano\" \/>\n<meta property=\"article:modified_time\" content=\"2024-05-15T20:25:47+00:00\" \/>\n<meta property=\"og:image\" content=\"https:\/\/versano.nl\/wp-content\/uploads\/2020\/04\/lederen-biker-jack-heren-versano-tr57-cognac-voorkant-schuin.jpg\" \/>\n\t<meta property=\"og:image:width\" content=\"900\" \/>\n\t<meta property=\"og:image:height\" content=\"1200\" \/>\n\t<meta property=\"og:image:type\" content=\"image\/jpeg\" \/>\n<meta name=\"twitter:card\" content=\"summary_large_image\" \/>\n<meta name=\"twitter:label1\" content=\"Tiempo de lectura\" \/>\n\t<meta name=\"twitter:data1\" content=\"2 minutos\" \/>\n<script type=\"application\/ld+json\" class=\"yoast-schema-graph\">{\"@context\":\"https:\/\/schema.org\",\"@graph\":[{\"@type\":\"WebPage\",\"@id\":\"https:\/\/versano.nl\/shop\/lederen-biker-jack-heren-versano-tr57-cognac\/\",\"url\":\"https:\/\/versano.nl\/shop\/lederen-biker-jack-heren-versano-tr57-cognac\/\",\"name\":\"Leren jas heren cognac TR57 Versano, leren heren jassen\",\"isPartOf\":{\"@id\":\"https:\/\/versano.nl\/#website\"},\"primaryImageOfPage\":{\"@id\":\"https:\/\/versano.nl\/shop\/lederen-biker-jack-heren-versano-tr57-cognac\/#primaryimage\"},\"image\":{\"@id\":\"https:\/\/versano.nl\/shop\/lederen-biker-jack-heren-versano-tr57-cognac\/#primaryimage\"},\"thumbnailUrl\":\"https:\/\/versano.nl\/wp-content\/uploads\/2020\/04\/lederen-biker-jack-heren-versano-tr57-cognac-voorkant-schuin.jpg\",\"datePublished\":\"2019-06-10T14:36:11+00:00\",\"dateModified\":\"2024-05-15T20:25:47+00:00\",\"description\":\"Bent u op zoek naar een Leren jas heren cognac TR57 Versano, dan bent u bij Versano aan het juiste adres voor heren leren jassen.\",\"breadcrumb\":{\"@id\":\"https:\/\/versano.nl\/shop\/lederen-biker-jack-heren-versano-tr57-cognac\/#breadcrumb\"},\"inLanguage\":\"es\",\"potentialAction\":[{\"@type\":\"ReadAction\",\"target\":[\"https:\/\/versano.nl\/shop\/lederen-biker-jack-heren-versano-tr57-cognac\/\"]}]},{\"@type\":\"ImageObject\",\"inLanguage\":\"es\",\"@id\":\"https:\/\/versano.nl\/shop\/lederen-biker-jack-heren-versano-tr57-cognac\/#primaryimage\",\"url\":\"https:\/\/versano.nl\/wp-content\/uploads\/2020\/04\/lederen-biker-jack-heren-versano-tr57-cognac-voorkant-schuin.jpg\",\"contentUrl\":\"https:\/\/versano.nl\/wp-content\/uploads\/2020\/04\/lederen-biker-jack-heren-versano-tr57-cognac-voorkant-schuin.jpg\",\"width\":900,\"height\":1200,\"caption\":\"Leren jas heren cognac TR57 Versano\"},{\"@type\":\"BreadcrumbList\",\"@id\":\"https:\/\/versano.nl\/shop\/lederen-biker-jack-heren-versano-tr57-cognac\/#breadcrumb\",\"itemListElement\":[{\"@type\":\"ListItem\",\"position\":1,\"name\":\"Home\",\"item\":\"https:\/\/versano.nl\/\"},{\"@type\":\"ListItem\",\"position\":2,\"name\":\"Shop\",\"item\":\"https:\/\/versano.nl\/shop\/\"},{\"@type\":\"ListItem\",\"position\":3,\"name\":\"Leren jas heren cognac TR57 Versano\"}]},{\"@type\":\"WebSite\",\"@id\":\"https:\/\/versano.nl\/#website\",\"url\":\"https:\/\/versano.nl\/\",\"name\":\"Versano\",\"description\":\"winterjassen met bontkraag | leren dames jassen | leren heren jassen\",\"potentialAction\":[{\"@type\":\"SearchAction\",\"target\":{\"@type\":\"EntryPoint\",\"urlTemplate\":\"https:\/\/versano.nl\/?s={search_term_string}\"},\"query-input\":{\"@type\":\"PropertyValueSpecification\",\"valueRequired\":true,\"valueName\":\"search_term_string\"}}],\"inLanguage\":\"es\"}]}<\/script>\n<!-- \/ Yoast SEO plugin. -->","yoast_head_json":{"title":"Chaqueta de cuero hombre co\u00f1ac TR57 Versano, chaquetas de cuero hombre","description":"\u00bfEst\u00e1 buscando una chaqueta de cuero para hombre co\u00f1ac TR57 Versano? Entonces Versano es el lugar adecuado para las chaquetas de cuero para hombre.","robots":{"index":"index","follow":"follow","max-snippet":"max-snippet:-1","max-image-preview":"max-image-preview:large","max-video-preview":"max-video-preview:-1"},"canonical":"https:\/\/versano.nl\/es\/shop\/lederen-biker-jack-heren-versano-tr57-cognac\/","og_locale":"es_ES","og_type":"article","og_title":"Leren jas heren cognac TR57 Versano, leren heren jassen","og_description":"Bent u op zoek naar een Leren jas heren cognac TR57 Versano, dan bent u bij Versano aan het juiste adres voor heren leren jassen.","og_url":"https:\/\/versano.nl\/es\/shop\/lederen-biker-jack-heren-versano-tr57-cognac\/","og_site_name":"Versano","article_modified_time":"2024-05-15T20:25:47+00:00","og_image":[{"width":900,"height":1200,"url":"https:\/\/versano.nl\/wp-content\/uploads\/2020\/04\/lederen-biker-jack-heren-versano-tr57-cognac-voorkant-schuin.jpg","type":"image\/jpeg"}],"twitter_card":"summary_large_image","twitter_misc":{"Tiempo de lectura":"2 minutos"},"schema":{"@context":"https:\/\/schema.org","@graph":[{"@type":"WebPage","@id":"https:\/\/versano.nl\/shop\/lederen-biker-jack-heren-versano-tr57-cognac\/","url":"https:\/\/versano.nl\/shop\/lederen-biker-jack-heren-versano-tr57-cognac\/","name":"Chaqueta de cuero hombre co\u00f1ac TR57 Versano, chaquetas de cuero hombre","isPartOf":{"@id":"https:\/\/versano.nl\/#website"},"primaryImageOfPage":{"@id":"https:\/\/versano.nl\/shop\/lederen-biker-jack-heren-versano-tr57-cognac\/#primaryimage"},"image":{"@id":"https:\/\/versano.nl\/shop\/lederen-biker-jack-heren-versano-tr57-cognac\/#primaryimage"},"thumbnailUrl":"https:\/\/versano.nl\/wp-content\/uploads\/2020\/04\/lederen-biker-jack-heren-versano-tr57-cognac-voorkant-schuin.jpg","datePublished":"2019-06-10T14:36:11+00:00","dateModified":"2024-05-15T20:25:47+00:00","description":"\u00bfEst\u00e1 buscando una chaqueta de cuero para hombre co\u00f1ac TR57 Versano? Entonces Versano es el lugar adecuado para las chaquetas de cuero para hombre.","breadcrumb":{"@id":"https:\/\/versano.nl\/shop\/lederen-biker-jack-heren-versano-tr57-cognac\/#breadcrumb"},"inLanguage":"es","potentialAction":[{"@type":"ReadAction","target":["https:\/\/versano.nl\/shop\/lederen-biker-jack-heren-versano-tr57-cognac\/"]}]},{"@type":"ImageObject","inLanguage":"es","@id":"https:\/\/versano.nl\/shop\/lederen-biker-jack-heren-versano-tr57-cognac\/#primaryimage","url":"https:\/\/versano.nl\/wp-content\/uploads\/2020\/04\/lederen-biker-jack-heren-versano-tr57-cognac-voorkant-schuin.jpg","contentUrl":"https:\/\/versano.nl\/wp-content\/uploads\/2020\/04\/lederen-biker-jack-heren-versano-tr57-cognac-voorkant-schuin.jpg","width":900,"height":1200,"caption":"Leren jas heren cognac TR57 Versano"},{"@type":"BreadcrumbList","@id":"https:\/\/versano.nl\/shop\/lederen-biker-jack-heren-versano-tr57-cognac\/#breadcrumb","itemListElement":[{"@type":"ListItem","position":1,"name":"Home","item":"https:\/\/versano.nl\/"},{"@type":"ListItem","position":2,"name":"Shop","item":"https:\/\/versano.nl\/shop\/"},{"@type":"ListItem","position":3,"name":"Leren jas heren cognac TR57 Versano"}]},{"@type":"WebSite","@id":"https:\/\/versano.nl\/#website","url":"https:\/\/versano.nl\/","name":"Versano","description":"abrigos de invierno con cuello de piel | chaquetas de cuero para mujer | chaquetas de cuero para hombre","potentialAction":[{"@type":"SearchAction","target":{"@type":"EntryPoint","urlTemplate":"https:\/\/versano.nl\/?s={search_term_string}"},"query-input":{"@type":"PropertyValueSpecification","valueRequired":true,"valueName":"search_term_string"}}],"inLanguage":"es"}]}},"_links":{"self":[{"href":"https:\/\/versano.nl\/es\/wp-json\/wp\/v2\/product\/11803","targetHints":{"allow":["GET"]}}],"collection":[{"href":"https:\/\/versano.nl\/es\/wp-json\/wp\/v2\/product"}],"about":[{"href":"https:\/\/versano.nl\/es\/wp-json\/wp\/v2\/types\/product"}],"replies":[{"embeddable":true,"href":"https:\/\/versano.nl\/es\/wp-json\/wp\/v2\/comments?post=11803"}],"wp:featuredmedia":[{"embeddable":true,"href":"https:\/\/versano.nl\/es\/wp-json\/wp\/v2\/media\/15989"}],"wp:attachment":[{"href":"https:\/\/versano.nl\/es\/wp-json\/wp\/v2\/media?parent=11803"}],"wp:term":[{"taxonomy":"product_brand","embeddable":true,"href":"https:\/\/versano.nl\/es\/wp-json\/wp\/v2\/product_brand?post=11803"},{"taxonomy":"product_cat","embeddable":true,"href":"https:\/\/versano.nl\/es\/wp-json\/wp\/v2\/product_cat?post=11803"},{"taxonomy":"product_tag","embeddable":true,"href":"https:\/\/versano.nl\/es\/wp-json\/wp\/v2\/product_tag?post=11803"}],"curies":[{"name":"wp","href":"https:\/\/api.w.org\/{rel}","templated":true}]}}