{"id":11256,"date":"2014-12-01T08:19:30","date_gmt":"2014-12-01T08:19:30","guid":{"rendered":"https:\/\/versano.nl\/shop\/heren-leren-bikerjack-versano-tr42-blauw\/"},"modified":"2022-10-04T13:41:58","modified_gmt":"2022-10-04T13:41:58","slug":"heren-leren-bikerjack-versano-tr42-blauw","status":"publish","type":"product","link":"https:\/\/versano.nl\/es\/shop\/heren-leren-bikerjack-versano-tr42-blauw\/","title":{"rendered":"Chaqueta motera de cuero para hombre Versano tr42 Azul"},"content":{"rendered":"<h1>Chaqueta motera de cuero para hombre Versano tr42 Azul<\/h1>\n<p><a href=\"https:\/\/versano.nl\/\">Versano<\/a><br \/>\nMaterial: 100% piel de cordero<br \/>\nForro: 100% poli\u00e9ster<br \/>\nlongitud: corto<br \/>\nPoner: muebles italianos (corre)<br \/>\nCierre: cremallera<br \/>\nBolsillos: bolsillo con cremallera<br \/>\nCuello: cuello hacia abajo<br \/>\ncapa exterior Material: de alta calidad y de piel de cordero suave<br \/>\nTiempo: 1-3 d\u00edas<\/p>","protected":false},"excerpt":{"rendered":"<p>Una chaqueta de motociclista dura es la TR42. duradera piel de cordero tiene un lavado precioso para un aspecto robusto. Por ejemplo, llevar con jeans o chinos. La chaqueta tiene dos bolsillos con un bolsillo con cremallera y un bolsillo con cremallera en el pecho. Esta chaqueta de motociclista tiene un excelente acabado y est\u00e1 equipado e italiano tambi\u00e9n est\u00e1 disponible en el co\u00f1ac.<\/p>","protected":false},"featured_media":11250,"comment_status":"closed","ping_status":"closed","template":"","meta":[],"product_brand":[],"product_cat":[147],"product_tag":[302,303,23,24],"class_list":{"0":"post-11256","1":"product","2":"type-product","3":"status-publish","4":"has-post-thumbnail","6":"product_cat-heren-leren-jassen","7":"product_tag-heren-bikerjack-blauw","8":"product_tag-leren-bikerjack-blauw","9":"product_tag-motorjacks-heren","10":"product_tag-stoer-jasje-heren","11":"tm-no-options","13":"first","14":"outofstock","15":"sale","16":"taxable","17":"shipping-taxable","18":"purchasable","19":"product-type-variable","20":"has-default-attributes"},"yoast_head":"<!-- This site is optimized with the Yoast SEO plugin v27.2 - https:\/\/yoast.com\/product\/yoast-seo-wordpress\/ -->\n<title>Heren Leren Bikerjack Versano tr42 Blauw - Versano<\/title>\n<meta name=\"description\" content=\"Een stoere bikerjack is de Heren Leren Bikerjack Versano tr42 Blauw. Het duurzame lamsleer heeft een bijzonder mooie wassing voor een stoere look. Draag hem\" \/>\n<meta name=\"robots\" content=\"index, follow, max-snippet:-1, max-image-preview:large, max-video-preview:-1\" \/>\n<link rel=\"canonical\" href=\"https:\/\/versano.nl\/es\/shop\/heren-leren-bikerjack-versano-tr42-blauw\/\" \/>\n<meta property=\"og:locale\" content=\"es_ES\" \/>\n<meta property=\"og:type\" content=\"article\" \/>\n<meta property=\"og:title\" content=\"Heren Leren Bikerjack Versano tr42 Blauw - Versano\" \/>\n<meta property=\"og:description\" content=\"Een stoere bikerjack is de Heren Leren Bikerjack Versano tr42 Blauw. Het duurzame lamsleer heeft een bijzonder mooie wassing voor een stoere look. Draag hem\" \/>\n<meta property=\"og:url\" content=\"https:\/\/versano.nl\/es\/shop\/heren-leren-bikerjack-versano-tr42-blauw\/\" \/>\n<meta property=\"og:site_name\" content=\"Versano\" \/>\n<meta property=\"article:modified_time\" content=\"2022-10-04T13:41:58+00:00\" \/>\n<meta property=\"og:image\" content=\"https:\/\/versano.nl\/wp-content\/uploads\/2019\/02\/leren-heren-bikerjack-blauw-versano-tr42-voor.jpg\" \/>\n\t<meta property=\"og:image:width\" content=\"750\" \/>\n\t<meta property=\"og:image:height\" content=\"975\" \/>\n\t<meta property=\"og:image:type\" content=\"image\/jpeg\" \/>\n<meta name=\"twitter:card\" content=\"summary_large_image\" \/>\n<script type=\"application\/ld+json\" class=\"yoast-schema-graph\">{\"@context\":\"https:\/\/schema.org\",\"@graph\":[{\"@type\":\"WebPage\",\"@id\":\"https:\/\/versano.nl\/shop\/heren-leren-bikerjack-versano-tr42-blauw\/\",\"url\":\"https:\/\/versano.nl\/shop\/heren-leren-bikerjack-versano-tr42-blauw\/\",\"name\":\"Heren Leren Bikerjack Versano tr42 Blauw - Versano\",\"isPartOf\":{\"@id\":\"https:\/\/versano.nl\/#website\"},\"primaryImageOfPage\":{\"@id\":\"https:\/\/versano.nl\/shop\/heren-leren-bikerjack-versano-tr42-blauw\/#primaryimage\"},\"image\":{\"@id\":\"https:\/\/versano.nl\/shop\/heren-leren-bikerjack-versano-tr42-blauw\/#primaryimage\"},\"thumbnailUrl\":\"https:\/\/versano.nl\/wp-content\/uploads\/2019\/02\/leren-heren-bikerjack-blauw-versano-tr42-voor.jpg\",\"datePublished\":\"2014-12-01T08:19:30+00:00\",\"dateModified\":\"2022-10-04T13:41:58+00:00\",\"description\":\"Een stoere bikerjack is de Heren Leren Bikerjack Versano tr42 Blauw. Het duurzame lamsleer heeft een bijzonder mooie wassing voor een stoere look. Draag hem\",\"breadcrumb\":{\"@id\":\"https:\/\/versano.nl\/shop\/heren-leren-bikerjack-versano-tr42-blauw\/#breadcrumb\"},\"inLanguage\":\"es\",\"potentialAction\":[{\"@type\":\"ReadAction\",\"target\":[\"https:\/\/versano.nl\/shop\/heren-leren-bikerjack-versano-tr42-blauw\/\"]}]},{\"@type\":\"ImageObject\",\"inLanguage\":\"es\",\"@id\":\"https:\/\/versano.nl\/shop\/heren-leren-bikerjack-versano-tr42-blauw\/#primaryimage\",\"url\":\"https:\/\/versano.nl\/wp-content\/uploads\/2019\/02\/leren-heren-bikerjack-blauw-versano-tr42-voor.jpg\",\"contentUrl\":\"https:\/\/versano.nl\/wp-content\/uploads\/2019\/02\/leren-heren-bikerjack-blauw-versano-tr42-voor.jpg\",\"width\":750,\"height\":975,\"caption\":\"Heren Leren Bikerjack Versano tr42 Blauw\"},{\"@type\":\"BreadcrumbList\",\"@id\":\"https:\/\/versano.nl\/shop\/heren-leren-bikerjack-versano-tr42-blauw\/#breadcrumb\",\"itemListElement\":[{\"@type\":\"ListItem\",\"position\":1,\"name\":\"Home\",\"item\":\"https:\/\/versano.nl\/\"},{\"@type\":\"ListItem\",\"position\":2,\"name\":\"Shop\",\"item\":\"https:\/\/versano.nl\/shop\/\"},{\"@type\":\"ListItem\",\"position\":3,\"name\":\"Heren Leren Bikerjack Versano tr42 Blauw\"}]},{\"@type\":\"WebSite\",\"@id\":\"https:\/\/versano.nl\/#website\",\"url\":\"https:\/\/versano.nl\/\",\"name\":\"Versano\",\"description\":\"winterjassen met bontkraag | leren dames jassen | leren heren jassen\",\"potentialAction\":[{\"@type\":\"SearchAction\",\"target\":{\"@type\":\"EntryPoint\",\"urlTemplate\":\"https:\/\/versano.nl\/?s={search_term_string}\"},\"query-input\":{\"@type\":\"PropertyValueSpecification\",\"valueRequired\":true,\"valueName\":\"search_term_string\"}}],\"inLanguage\":\"es\"}]}<\/script>\n<!-- \/ Yoast SEO plugin. -->","yoast_head_json":{"title":"Chaqueta motera de cuero para hombre Versano tr42 Azul - Versano","description":"Una chaqueta de motorista genial es la chaqueta de motorista de cuero para hombre Versano tr42 azul. El cuero de cordero duradero tiene un lavado particularmente hermoso para una apariencia resistente. P\u00f3ntelo","robots":{"index":"index","follow":"follow","max-snippet":"max-snippet:-1","max-image-preview":"max-image-preview:large","max-video-preview":"max-video-preview:-1"},"canonical":"https:\/\/versano.nl\/es\/shop\/heren-leren-bikerjack-versano-tr42-blauw\/","og_locale":"es_ES","og_type":"article","og_title":"Heren Leren Bikerjack Versano tr42 Blauw - Versano","og_description":"Een stoere bikerjack is de Heren Leren Bikerjack Versano tr42 Blauw. Het duurzame lamsleer heeft een bijzonder mooie wassing voor een stoere look. Draag hem","og_url":"https:\/\/versano.nl\/es\/shop\/heren-leren-bikerjack-versano-tr42-blauw\/","og_site_name":"Versano","article_modified_time":"2022-10-04T13:41:58+00:00","og_image":[{"width":750,"height":975,"url":"https:\/\/versano.nl\/wp-content\/uploads\/2019\/02\/leren-heren-bikerjack-blauw-versano-tr42-voor.jpg","type":"image\/jpeg"}],"twitter_card":"summary_large_image","schema":{"@context":"https:\/\/schema.org","@graph":[{"@type":"WebPage","@id":"https:\/\/versano.nl\/shop\/heren-leren-bikerjack-versano-tr42-blauw\/","url":"https:\/\/versano.nl\/shop\/heren-leren-bikerjack-versano-tr42-blauw\/","name":"Chaqueta motera de cuero para hombre Versano tr42 Azul - Versano","isPartOf":{"@id":"https:\/\/versano.nl\/#website"},"primaryImageOfPage":{"@id":"https:\/\/versano.nl\/shop\/heren-leren-bikerjack-versano-tr42-blauw\/#primaryimage"},"image":{"@id":"https:\/\/versano.nl\/shop\/heren-leren-bikerjack-versano-tr42-blauw\/#primaryimage"},"thumbnailUrl":"https:\/\/versano.nl\/wp-content\/uploads\/2019\/02\/leren-heren-bikerjack-blauw-versano-tr42-voor.jpg","datePublished":"2014-12-01T08:19:30+00:00","dateModified":"2022-10-04T13:41:58+00:00","description":"Una chaqueta de motorista genial es la chaqueta de motorista de cuero para hombre Versano tr42 azul. El cuero de cordero duradero tiene un lavado particularmente hermoso para una apariencia resistente. P\u00f3ntelo","breadcrumb":{"@id":"https:\/\/versano.nl\/shop\/heren-leren-bikerjack-versano-tr42-blauw\/#breadcrumb"},"inLanguage":"es","potentialAction":[{"@type":"ReadAction","target":["https:\/\/versano.nl\/shop\/heren-leren-bikerjack-versano-tr42-blauw\/"]}]},{"@type":"ImageObject","inLanguage":"es","@id":"https:\/\/versano.nl\/shop\/heren-leren-bikerjack-versano-tr42-blauw\/#primaryimage","url":"https:\/\/versano.nl\/wp-content\/uploads\/2019\/02\/leren-heren-bikerjack-blauw-versano-tr42-voor.jpg","contentUrl":"https:\/\/versano.nl\/wp-content\/uploads\/2019\/02\/leren-heren-bikerjack-blauw-versano-tr42-voor.jpg","width":750,"height":975,"caption":"Heren Leren Bikerjack Versano tr42 Blauw"},{"@type":"BreadcrumbList","@id":"https:\/\/versano.nl\/shop\/heren-leren-bikerjack-versano-tr42-blauw\/#breadcrumb","itemListElement":[{"@type":"ListItem","position":1,"name":"Home","item":"https:\/\/versano.nl\/"},{"@type":"ListItem","position":2,"name":"Shop","item":"https:\/\/versano.nl\/shop\/"},{"@type":"ListItem","position":3,"name":"Heren Leren Bikerjack Versano tr42 Blauw"}]},{"@type":"WebSite","@id":"https:\/\/versano.nl\/#website","url":"https:\/\/versano.nl\/","name":"Versano","description":"abrigos de invierno con cuello de piel | chaquetas de cuero para mujer | chaquetas de cuero para hombre","potentialAction":[{"@type":"SearchAction","target":{"@type":"EntryPoint","urlTemplate":"https:\/\/versano.nl\/?s={search_term_string}"},"query-input":{"@type":"PropertyValueSpecification","valueRequired":true,"valueName":"search_term_string"}}],"inLanguage":"es"}]}},"_links":{"self":[{"href":"https:\/\/versano.nl\/es\/wp-json\/wp\/v2\/product\/11256","targetHints":{"allow":["GET"]}}],"collection":[{"href":"https:\/\/versano.nl\/es\/wp-json\/wp\/v2\/product"}],"about":[{"href":"https:\/\/versano.nl\/es\/wp-json\/wp\/v2\/types\/product"}],"replies":[{"embeddable":true,"href":"https:\/\/versano.nl\/es\/wp-json\/wp\/v2\/comments?post=11256"}],"wp:featuredmedia":[{"embeddable":true,"href":"https:\/\/versano.nl\/es\/wp-json\/wp\/v2\/media\/11250"}],"wp:attachment":[{"href":"https:\/\/versano.nl\/es\/wp-json\/wp\/v2\/media?parent=11256"}],"wp:term":[{"taxonomy":"product_brand","embeddable":true,"href":"https:\/\/versano.nl\/es\/wp-json\/wp\/v2\/product_brand?post=11256"},{"taxonomy":"product_cat","embeddable":true,"href":"https:\/\/versano.nl\/es\/wp-json\/wp\/v2\/product_cat?post=11256"},{"taxonomy":"product_tag","embeddable":true,"href":"https:\/\/versano.nl\/es\/wp-json\/wp\/v2\/product_tag?post=11256"}],"curies":[{"name":"wp","href":"https:\/\/api.w.org\/{rel}","templated":true}]}}