{"id":11095,"date":"2019-02-02T19:42:43","date_gmt":"2019-02-02T19:42:43","guid":{"rendered":"https:\/\/leathershopdoci.nl\/?post_type=product&#038;p=18471"},"modified":"2025-03-04T02:56:32","modified_gmt":"2025-03-04T02:56:32","slug":"heren-bomber-jas-van-imitatieleer-zwart-trr-48-versano","status":"publish","type":"product","link":"https:\/\/versano.nl\/es\/shop\/heren-bomber-jas-van-imitatieleer-zwart-trr-48-versano\/","title":{"rendered":"chaqueta bomber para hombre en polipiel negra TRR 48 Versano"},"content":{"rendered":"<h2>chaqueta bomber para hombre en polipiel negra TRR 48 Versano<\/h2>\n<p>Las chaquetas bomber siempre han formado parte del panorama de la moda, pero \u00faltimamente ves cada vez m\u00e1s estas chaquetas de piloto para hombre. Con la chaqueta bomber para hombre de polipiel negra TRR 48 Versano obtienes una bonita chaqueta b\u00e1sica que puedes llevar en todas las estaciones. Este robusto modelo est\u00e1 hecho completamente de cuero sint\u00e9tico flexible y tiene el t\u00edpico aspecto de motociclista en los hombros. Esta chaqueta se ajusta como un guante debido al ajuste perfecto. La chaqueta est\u00e1 equipada con 2 bolsillos con cremallera y acanalados en las mangas, el cuello alzado y la cintura. Con esta chaqueta puedes estar seguro de que pronto tendr\u00e1s una nueva chaqueta colgando de tus hombros en la que se te podr\u00e1 ver. Por lo tanto, le recomendamos que simplemente nos pida esta chaqueta y se asegure de haber comprado una bonita chaqueta nueva. \u00bfQuieres saber m\u00e1s sobre este producto? Entonces le recomendamos que simplemente env\u00ede un correo electr\u00f3nico a Versano.<\/p>\n<h2>Pida el modelo TRR 48 en negro<\/h2>\n<p>Con una chaqueta tan hermosa de Versano, puede estar seguro de que podr\u00e1 usarla durante todo el invierno. Puede pedir f\u00e1cilmente este modelo en la tienda web de Versano. Hemos reunido todas nuestras chaquetas aqu\u00ed para que pueda realizar un pedido f\u00e1cilmente. En Versano siempre puede estar seguro de que est\u00e1 comprando un hermoso abrigo que ha sido trabajado con mimo. Con nosotros, puede elegir f\u00e1cilmente el tama\u00f1o correcto seg\u00fan nuestros videos de instrucciones inteligentes. \u00bfTiene alguna pregunta o no est\u00e1 seguro de qu\u00e9 talla pedir? Entonces siempre puede contactarnos por correo o WhatsApp. \u00a1Nuestros empleados desean ayudarlo!<\/p>\n<p><a href=\"https:\/\/versano.nl\/\">Versano<\/a><br \/>\nMaterial: 100% de la PU<br \/>\nForro: 100% poli\u00e9ster<br \/>\nlongitud: corto<br \/>\nAjuste: corte ce\u00f1ido<br \/>\nCierre: cremallera<br \/>\nBolsillos: bolsillo con cremallera<br \/>\nCollar: de pie cuello<br \/>\ncapa externa de material: Muy alta calidad y cuero sint\u00e9tico suave<br \/>\nPlazo de entrega: 2-3 d\u00edas laborables<\/p>","protected":false},"excerpt":{"rendered":"<p style=\"margin: 0cm 0cm 11.25pt 0cm;\"><span style=\"font-family: 'Arial',sans-serif; color: red;\">Consejos de ajuste:\u00a0<\/span><span style=\"font-family: 'Arial',sans-serif;\">El ajuste de esta chaqueta es ajustado. Nuestro modelo mide 1,75 cm y lleva una talla M.<\/span><\/p>\n<p style=\"margin: 0cm 0cm 11.25pt 0cm;\"><span style=\"font-family: 'Arial',sans-serif;\">Si no est\u00e1 seguro de sus medidas, le recomendamos que primero mida las medidas de su talla y las compare con nuestra tabla de tallas. Si no tiene experiencia en medir tama\u00f1os de circunferencia, haga clic en\u00a0<\/span><a href=\"https:\/\/www.youtube.com\/watch?v=3ZSfY87v6pM\"><em><span style=\"font-family: 'Arial',sans-serif; color: windowtext; text-decoration: none; text-underline: none;\">AQU\u00cd<\/span><\/em><span style=\"font-family: 'Arial',sans-serif; color: windowtext; text-decoration: none; text-underline: none;\">\u00a0<\/span><\/a><span style=\"font-family: 'Arial',sans-serif;\">\u00a0para\u00a0<\/span><a href=\"https:\/\/www.youtube.com\/watch?v=3ZSfY87v6pM\"><em><span style=\"font-family: 'Arial',sans-serif; color: red; text-decoration: none; text-underline: none;\">VIDEO<\/span><\/em><\/a><span style=\"font-family: 'Arial',sans-serif;\">\u00a0 con instrucciones. \u00a1Tambi\u00e9n puede llamarnos o enviarnos una aplicaci\u00f3n directamente! Nuestros empleados est\u00e1n siempre disponibles para ayudar.<\/span><\/p>\n<p style=\"margin: 0cm;\"><strong><span style=\"font-family: 'Arial',sans-serif;\">EL TIEMPO DE ENTREGA :<\/span><\/strong><span style=\"font-family: 'Arial',sans-serif;\">\u00a02 a 3 d\u00edas laborables.<\/span><\/p>","protected":false},"featured_media":20748,"comment_status":"open","ping_status":"closed","template":"","meta":[],"product_brand":[],"product_cat":[1672,734,923,15,16,732,882],"product_tag":[1987,1015,1016,1971,1017,1953,1018,1983,1716,1990,1991,1856,1989,1986,1019,1988,1020],"class_list":{"0":"post-11095","1":"product","2":"type-product","3":"status-publish","4":"has-post-thumbnail","6":"product_cat-biker-jas-heren","7":"product_cat-heren-leatherlook-jassen-lederlook-jassen","8":"product_cat-imitatie-leren-jas","9":"product_cat-imitatieleren-jassen","10":"product_cat-imitatieleren-jassen-heren","11":"product_cat-leatherlook-jassen","12":"product_cat-versano","13":"product_tag-bomber-jas-van-imitatie-leer-heren","14":"product_tag-bomberjack-heren","15":"product_tag-heren-bomberjack-zwart","16":"product_tag-imitatie-leren-heren-jas-kopen","17":"product_tag-leren-heren-bomberjack","18":"product_tag-online-heren-imitatie-leren-jas-kopen","19":"product_tag-piloten-bomberjack","20":"product_tag-piloten-jas-heren","21":"product_tag-versano-heren-collectie","22":"product_tag-versano-heren-zomerjas","23":"product_tag-versano-jas-in-sale","24":"product_tag-versano-uitverkoop","25":"product_tag-zomerjas-voor-heren","26":"product_tag-zwarte-bomber-jas-heren","27":"product_tag-zwarte-bomberjack","28":"product_tag-zwarte-imitatie-leren-heren-jas","29":"product_tag-zwarte-leren-bomberjack","30":"product_shipping_class-verzendkosten-1","31":"tm-no-options","33":"first","34":"outofstock","35":"taxable","36":"shipping-taxable","37":"purchasable","38":"product-type-variable"},"yoast_head":"<!-- This site is optimized with the Yoast SEO plugin v27.2 - https:\/\/yoast.com\/product\/yoast-seo-wordpress\/ -->\n<title>heren bomber jas van imitatieleer zwart TRR 48 Versano<\/title>\n<meta name=\"description\" content=\"Bent u op zoek naar een heren bomber jas van imitatieleer zwart TRR 48 Versano? Dan bent u in de webshop van Versano aan het juist adres.\" \/>\n<meta name=\"robots\" content=\"index, follow, max-snippet:-1, max-image-preview:large, max-video-preview:-1\" \/>\n<link rel=\"canonical\" href=\"https:\/\/versano.nl\/es\/shop\/heren-bomber-jas-van-imitatieleer-zwart-trr-48-versano\/\" \/>\n<meta property=\"og:locale\" content=\"es_ES\" \/>\n<meta property=\"og:type\" content=\"article\" \/>\n<meta property=\"og:title\" content=\"heren bomber jas van imitatieleer zwart TRR 48 Versano\" \/>\n<meta property=\"og:description\" content=\"Bent u op zoek naar een heren bomber jas van imitatieleer zwart TRR 48 Versano? Dan bent u in de webshop van Versano aan het juist adres.\" \/>\n<meta property=\"og:url\" content=\"https:\/\/versano.nl\/es\/shop\/heren-bomber-jas-van-imitatieleer-zwart-trr-48-versano\/\" \/>\n<meta property=\"og:site_name\" content=\"Versano\" \/>\n<meta property=\"article:modified_time\" content=\"2025-03-04T02:56:32+00:00\" \/>\n<meta property=\"og:image\" content=\"https:\/\/versano.nl\/wp-content\/uploads\/2018\/06\/heren-bomberjack-leer-zwart-versano-tr48-model-voorkant3.jpg\" \/>\n\t<meta property=\"og:image:width\" content=\"900\" \/>\n\t<meta property=\"og:image:height\" content=\"1176\" \/>\n\t<meta property=\"og:image:type\" content=\"image\/jpeg\" \/>\n<meta name=\"twitter:card\" content=\"summary_large_image\" \/>\n<meta name=\"twitter:label1\" content=\"Tiempo de lectura\" \/>\n\t<meta name=\"twitter:data1\" content=\"2 minutos\" \/>\n<script type=\"application\/ld+json\" class=\"yoast-schema-graph\">{\"@context\":\"https:\/\/schema.org\",\"@graph\":[{\"@type\":\"WebPage\",\"@id\":\"https:\/\/versano.nl\/shop\/heren-bomber-jas-van-imitatieleer-zwart-trr-48-versano\/\",\"url\":\"https:\/\/versano.nl\/shop\/heren-bomber-jas-van-imitatieleer-zwart-trr-48-versano\/\",\"name\":\"heren bomber jas van imitatieleer zwart TRR 48 Versano\",\"isPartOf\":{\"@id\":\"https:\/\/versano.nl\/#website\"},\"primaryImageOfPage\":{\"@id\":\"https:\/\/versano.nl\/shop\/heren-bomber-jas-van-imitatieleer-zwart-trr-48-versano\/#primaryimage\"},\"image\":{\"@id\":\"https:\/\/versano.nl\/shop\/heren-bomber-jas-van-imitatieleer-zwart-trr-48-versano\/#primaryimage\"},\"thumbnailUrl\":\"https:\/\/versano.nl\/wp-content\/uploads\/2018\/06\/heren-bomberjack-leer-zwart-versano-tr48-model-voorkant3.jpg\",\"datePublished\":\"2019-02-02T19:42:43+00:00\",\"dateModified\":\"2025-03-04T02:56:32+00:00\",\"description\":\"Bent u op zoek naar een heren bomber jas van imitatieleer zwart TRR 48 Versano? Dan bent u in de webshop van Versano aan het juist adres.\",\"breadcrumb\":{\"@id\":\"https:\/\/versano.nl\/shop\/heren-bomber-jas-van-imitatieleer-zwart-trr-48-versano\/#breadcrumb\"},\"inLanguage\":\"es\",\"potentialAction\":[{\"@type\":\"ReadAction\",\"target\":[\"https:\/\/versano.nl\/shop\/heren-bomber-jas-van-imitatieleer-zwart-trr-48-versano\/\"]}]},{\"@type\":\"ImageObject\",\"inLanguage\":\"es\",\"@id\":\"https:\/\/versano.nl\/shop\/heren-bomber-jas-van-imitatieleer-zwart-trr-48-versano\/#primaryimage\",\"url\":\"https:\/\/versano.nl\/wp-content\/uploads\/2018\/06\/heren-bomberjack-leer-zwart-versano-tr48-model-voorkant3.jpg\",\"contentUrl\":\"https:\/\/versano.nl\/wp-content\/uploads\/2018\/06\/heren-bomberjack-leer-zwart-versano-tr48-model-voorkant3.jpg\",\"width\":900,\"height\":1176,\"caption\":\"heren-bomberjack-leer-zwart-versano-tr48\"},{\"@type\":\"BreadcrumbList\",\"@id\":\"https:\/\/versano.nl\/shop\/heren-bomber-jas-van-imitatieleer-zwart-trr-48-versano\/#breadcrumb\",\"itemListElement\":[{\"@type\":\"ListItem\",\"position\":1,\"name\":\"Home\",\"item\":\"https:\/\/versano.nl\/\"},{\"@type\":\"ListItem\",\"position\":2,\"name\":\"Shop\",\"item\":\"https:\/\/versano.nl\/shop\/\"},{\"@type\":\"ListItem\",\"position\":3,\"name\":\"heren bomber jas van imitatieleer zwart TRR 48 Versano\"}]},{\"@type\":\"WebSite\",\"@id\":\"https:\/\/versano.nl\/#website\",\"url\":\"https:\/\/versano.nl\/\",\"name\":\"Versano\",\"description\":\"winterjassen met bontkraag | leren dames jassen | leren heren jassen\",\"potentialAction\":[{\"@type\":\"SearchAction\",\"target\":{\"@type\":\"EntryPoint\",\"urlTemplate\":\"https:\/\/versano.nl\/?s={search_term_string}\"},\"query-input\":{\"@type\":\"PropertyValueSpecification\",\"valueRequired\":true,\"valueName\":\"search_term_string\"}}],\"inLanguage\":\"es\"}]}<\/script>\n<!-- \/ Yoast SEO plugin. -->","yoast_head_json":{"title":"chaqueta bomber para hombre en polipiel negra TRR 48 Versano","description":"\u00bfBuscas una cazadora bomber para hombre de polipiel negra TRR 48 Versano? Entonces ha venido al lugar correcto en la tienda web de Versano.","robots":{"index":"index","follow":"follow","max-snippet":"max-snippet:-1","max-image-preview":"max-image-preview:large","max-video-preview":"max-video-preview:-1"},"canonical":"https:\/\/versano.nl\/es\/shop\/heren-bomber-jas-van-imitatieleer-zwart-trr-48-versano\/","og_locale":"es_ES","og_type":"article","og_title":"heren bomber jas van imitatieleer zwart TRR 48 Versano","og_description":"Bent u op zoek naar een heren bomber jas van imitatieleer zwart TRR 48 Versano? Dan bent u in de webshop van Versano aan het juist adres.","og_url":"https:\/\/versano.nl\/es\/shop\/heren-bomber-jas-van-imitatieleer-zwart-trr-48-versano\/","og_site_name":"Versano","article_modified_time":"2025-03-04T02:56:32+00:00","og_image":[{"width":900,"height":1176,"url":"https:\/\/versano.nl\/wp-content\/uploads\/2018\/06\/heren-bomberjack-leer-zwart-versano-tr48-model-voorkant3.jpg","type":"image\/jpeg"}],"twitter_card":"summary_large_image","twitter_misc":{"Tiempo de lectura":"2 minutos"},"schema":{"@context":"https:\/\/schema.org","@graph":[{"@type":"WebPage","@id":"https:\/\/versano.nl\/shop\/heren-bomber-jas-van-imitatieleer-zwart-trr-48-versano\/","url":"https:\/\/versano.nl\/shop\/heren-bomber-jas-van-imitatieleer-zwart-trr-48-versano\/","name":"chaqueta bomber para hombre en polipiel negra TRR 48 Versano","isPartOf":{"@id":"https:\/\/versano.nl\/#website"},"primaryImageOfPage":{"@id":"https:\/\/versano.nl\/shop\/heren-bomber-jas-van-imitatieleer-zwart-trr-48-versano\/#primaryimage"},"image":{"@id":"https:\/\/versano.nl\/shop\/heren-bomber-jas-van-imitatieleer-zwart-trr-48-versano\/#primaryimage"},"thumbnailUrl":"https:\/\/versano.nl\/wp-content\/uploads\/2018\/06\/heren-bomberjack-leer-zwart-versano-tr48-model-voorkant3.jpg","datePublished":"2019-02-02T19:42:43+00:00","dateModified":"2025-03-04T02:56:32+00:00","description":"\u00bfBuscas una cazadora bomber para hombre de polipiel negra TRR 48 Versano? Entonces ha venido al lugar correcto en la tienda web de Versano.","breadcrumb":{"@id":"https:\/\/versano.nl\/shop\/heren-bomber-jas-van-imitatieleer-zwart-trr-48-versano\/#breadcrumb"},"inLanguage":"es","potentialAction":[{"@type":"ReadAction","target":["https:\/\/versano.nl\/shop\/heren-bomber-jas-van-imitatieleer-zwart-trr-48-versano\/"]}]},{"@type":"ImageObject","inLanguage":"es","@id":"https:\/\/versano.nl\/shop\/heren-bomber-jas-van-imitatieleer-zwart-trr-48-versano\/#primaryimage","url":"https:\/\/versano.nl\/wp-content\/uploads\/2018\/06\/heren-bomberjack-leer-zwart-versano-tr48-model-voorkant3.jpg","contentUrl":"https:\/\/versano.nl\/wp-content\/uploads\/2018\/06\/heren-bomberjack-leer-zwart-versano-tr48-model-voorkant3.jpg","width":900,"height":1176,"caption":"heren-bomberjack-leer-zwart-versano-tr48"},{"@type":"BreadcrumbList","@id":"https:\/\/versano.nl\/shop\/heren-bomber-jas-van-imitatieleer-zwart-trr-48-versano\/#breadcrumb","itemListElement":[{"@type":"ListItem","position":1,"name":"Home","item":"https:\/\/versano.nl\/"},{"@type":"ListItem","position":2,"name":"Shop","item":"https:\/\/versano.nl\/shop\/"},{"@type":"ListItem","position":3,"name":"heren bomber jas van imitatieleer zwart TRR 48 Versano"}]},{"@type":"WebSite","@id":"https:\/\/versano.nl\/#website","url":"https:\/\/versano.nl\/","name":"Versano","description":"abrigos de invierno con cuello de piel | chaquetas de cuero para mujer | chaquetas de cuero para hombre","potentialAction":[{"@type":"SearchAction","target":{"@type":"EntryPoint","urlTemplate":"https:\/\/versano.nl\/?s={search_term_string}"},"query-input":{"@type":"PropertyValueSpecification","valueRequired":true,"valueName":"search_term_string"}}],"inLanguage":"es"}]}},"_links":{"self":[{"href":"https:\/\/versano.nl\/es\/wp-json\/wp\/v2\/product\/11095","targetHints":{"allow":["GET"]}}],"collection":[{"href":"https:\/\/versano.nl\/es\/wp-json\/wp\/v2\/product"}],"about":[{"href":"https:\/\/versano.nl\/es\/wp-json\/wp\/v2\/types\/product"}],"replies":[{"embeddable":true,"href":"https:\/\/versano.nl\/es\/wp-json\/wp\/v2\/comments?post=11095"}],"wp:featuredmedia":[{"embeddable":true,"href":"https:\/\/versano.nl\/es\/wp-json\/wp\/v2\/media\/20748"}],"wp:attachment":[{"href":"https:\/\/versano.nl\/es\/wp-json\/wp\/v2\/media?parent=11095"}],"wp:term":[{"taxonomy":"product_brand","embeddable":true,"href":"https:\/\/versano.nl\/es\/wp-json\/wp\/v2\/product_brand?post=11095"},{"taxonomy":"product_cat","embeddable":true,"href":"https:\/\/versano.nl\/es\/wp-json\/wp\/v2\/product_cat?post=11095"},{"taxonomy":"product_tag","embeddable":true,"href":"https:\/\/versano.nl\/es\/wp-json\/wp\/v2\/product_tag?post=11095"}],"curies":[{"name":"wp","href":"https:\/\/api.w.org\/{rel}","templated":true}]}}