{"id":1065,"date":"2014-09-29T20:52:55","date_gmt":"2014-09-29T20:52:55","guid":{"rendered":"http:\/\/leathershopdoci.nl\/new\/?post_type=product&#038;p=2366"},"modified":"2019-10-11T16:25:51","modified_gmt":"2019-10-11T16:25:51","slug":"kunst-bontkraag-naturel","status":"publish","type":"product","link":"https:\/\/versano.nl\/es\/shop\/kunst-bontkraag-naturel\/","title":{"rendered":"Art Fur Collar Natural XL"},"content":{"rendered":"<p><strong>Art Fur Collar Natural XL<\/strong><\/p>\n<p>Material: 100% poli\u00e9ster<br \/>\nde fijaci\u00f3n: impresoras<\/p>\n<p>Tiempo de entrega: 2-3 d\u00edas<\/p>","protected":false},"excerpt":{"rendered":"<p>Si desea cualquier cuello de piel real en su chaqueta, a continuaci\u00f3n, los cuellos de piel artificial Versano ideal. Los collares no son realmente distinguibles y son de tama\u00f1o grande. Los collares se aseguran con broches o leng\u00fcetas el\u00e1sticas en el cap\u00f3.<\/p>\n<p><span style=\"color: #ff0000\">Este collar arte piel Versano es de 60 cm de largo y 16 cm de ancho<\/span><\/p>","protected":false},"featured_media":10424,"comment_status":"closed","ping_status":"closed","template":"","meta":[],"product_brand":[],"product_cat":[721],"product_tag":[276,277,281,282],"class_list":{"0":"post-1065","1":"product","2":"type-product","3":"status-publish","4":"has-post-thumbnail","6":"product_cat-capuchon-bontkragen","7":"product_tag-bontkraag","8":"product_tag-echte-bontkraag","9":"product_tag-nep-bontkraag","10":"product_tag-raccoon-bontkraag","11":"product_shipping_class-verzendkosten-1","12":"tm-no-options","14":"first","15":"outofstock","16":"taxable","17":"shipping-taxable","18":"purchasable","19":"product-type-simple"},"yoast_head":"<!-- This site is optimized with the Yoast SEO plugin v27.2 - https:\/\/yoast.com\/product\/yoast-seo-wordpress\/ -->\n<title>Kunst Bontkraag Naturel<\/title>\n<meta name=\"description\" content=\"Kunst Bontkraag Naturel. Als u geen echte bontkraag op uw jas wil, dan zijn de kunst bontkragen van Versano ideaal.\" \/>\n<meta name=\"robots\" content=\"index, follow, max-snippet:-1, max-image-preview:large, max-video-preview:-1\" \/>\n<link rel=\"canonical\" href=\"https:\/\/versano.nl\/es\/shop\/kunst-bontkraag-naturel\/\" \/>\n<meta property=\"og:locale\" content=\"es_ES\" \/>\n<meta property=\"og:type\" content=\"article\" \/>\n<meta property=\"og:title\" content=\"Kunst Bontkraag Naturel\" \/>\n<meta property=\"og:description\" content=\"Kunst Bontkraag Naturel. Als u geen echte bontkraag op uw jas wil, dan zijn de kunst bontkragen van Versano ideaal.\" \/>\n<meta property=\"og:url\" content=\"https:\/\/versano.nl\/es\/shop\/kunst-bontkraag-naturel\/\" \/>\n<meta property=\"og:site_name\" content=\"Versano\" \/>\n<meta property=\"article:modified_time\" content=\"2019-10-11T16:25:51+00:00\" \/>\n<meta property=\"og:image\" content=\"https:\/\/versano.nl\/wp-content\/uploads\/2014\/09\/neppe-bondkraag-naturel-XL.jpg\" \/>\n\t<meta property=\"og:image:width\" content=\"900\" \/>\n\t<meta property=\"og:image:height\" content=\"1197\" \/>\n\t<meta property=\"og:image:type\" content=\"image\/jpeg\" \/>\n<meta name=\"twitter:card\" content=\"summary_large_image\" \/>\n<script type=\"application\/ld+json\" class=\"yoast-schema-graph\">{\"@context\":\"https:\/\/schema.org\",\"@graph\":[{\"@type\":\"WebPage\",\"@id\":\"https:\/\/versano.nl\/shop\/kunst-bontkraag-naturel\/\",\"url\":\"https:\/\/versano.nl\/shop\/kunst-bontkraag-naturel\/\",\"name\":\"Kunst Bontkraag Naturel\",\"isPartOf\":{\"@id\":\"https:\/\/versano.nl\/#website\"},\"primaryImageOfPage\":{\"@id\":\"https:\/\/versano.nl\/shop\/kunst-bontkraag-naturel\/#primaryimage\"},\"image\":{\"@id\":\"https:\/\/versano.nl\/shop\/kunst-bontkraag-naturel\/#primaryimage\"},\"thumbnailUrl\":\"https:\/\/versano.nl\/wp-content\/uploads\/2014\/09\/neppe-bondkraag-naturel-XL.jpg\",\"datePublished\":\"2014-09-29T20:52:55+00:00\",\"dateModified\":\"2019-10-11T16:25:51+00:00\",\"description\":\"Kunst Bontkraag Naturel. Als u geen echte bontkraag op uw jas wil, dan zijn de kunst bontkragen van Versano ideaal.\",\"breadcrumb\":{\"@id\":\"https:\/\/versano.nl\/shop\/kunst-bontkraag-naturel\/#breadcrumb\"},\"inLanguage\":\"es\",\"potentialAction\":[{\"@type\":\"ReadAction\",\"target\":[\"https:\/\/versano.nl\/shop\/kunst-bontkraag-naturel\/\"]}]},{\"@type\":\"ImageObject\",\"inLanguage\":\"es\",\"@id\":\"https:\/\/versano.nl\/shop\/kunst-bontkraag-naturel\/#primaryimage\",\"url\":\"https:\/\/versano.nl\/wp-content\/uploads\/2014\/09\/neppe-bondkraag-naturel-XL.jpg\",\"contentUrl\":\"https:\/\/versano.nl\/wp-content\/uploads\/2014\/09\/neppe-bondkraag-naturel-XL.jpg\",\"width\":900,\"height\":1197,\"caption\":\"neppe-bondkraag-naturel-XL\"},{\"@type\":\"BreadcrumbList\",\"@id\":\"https:\/\/versano.nl\/shop\/kunst-bontkraag-naturel\/#breadcrumb\",\"itemListElement\":[{\"@type\":\"ListItem\",\"position\":1,\"name\":\"Home\",\"item\":\"https:\/\/versano.nl\/\"},{\"@type\":\"ListItem\",\"position\":2,\"name\":\"Shop\",\"item\":\"https:\/\/versano.nl\/shop\/\"},{\"@type\":\"ListItem\",\"position\":3,\"name\":\"Kunst Bontkraag Naturel XL\"}]},{\"@type\":\"WebSite\",\"@id\":\"https:\/\/versano.nl\/#website\",\"url\":\"https:\/\/versano.nl\/\",\"name\":\"Versano\",\"description\":\"winterjassen met bontkraag | leren dames jassen | leren heren jassen\",\"potentialAction\":[{\"@type\":\"SearchAction\",\"target\":{\"@type\":\"EntryPoint\",\"urlTemplate\":\"https:\/\/versano.nl\/?s={search_term_string}\"},\"query-input\":{\"@type\":\"PropertyValueSpecification\",\"valueRequired\":true,\"valueName\":\"search_term_string\"}}],\"inLanguage\":\"es\"}]}<\/script>\n<!-- \/ Yoast SEO plugin. -->","yoast_head_json":{"title":"Art Fur Collar Natural","description":"Collar Art Fur Natural. Si no quieres un collar de piel real en tu chaqueta, entonces los collares art\u00edsticos de Versano son ideales.","robots":{"index":"index","follow":"follow","max-snippet":"max-snippet:-1","max-image-preview":"max-image-preview:large","max-video-preview":"max-video-preview:-1"},"canonical":"https:\/\/versano.nl\/es\/shop\/kunst-bontkraag-naturel\/","og_locale":"es_ES","og_type":"article","og_title":"Kunst Bontkraag Naturel","og_description":"Kunst Bontkraag Naturel. Als u geen echte bontkraag op uw jas wil, dan zijn de kunst bontkragen van Versano ideaal.","og_url":"https:\/\/versano.nl\/es\/shop\/kunst-bontkraag-naturel\/","og_site_name":"Versano","article_modified_time":"2019-10-11T16:25:51+00:00","og_image":[{"width":900,"height":1197,"url":"https:\/\/versano.nl\/wp-content\/uploads\/2014\/09\/neppe-bondkraag-naturel-XL.jpg","type":"image\/jpeg"}],"twitter_card":"summary_large_image","schema":{"@context":"https:\/\/schema.org","@graph":[{"@type":"WebPage","@id":"https:\/\/versano.nl\/shop\/kunst-bontkraag-naturel\/","url":"https:\/\/versano.nl\/shop\/kunst-bontkraag-naturel\/","name":"Art Fur Collar Natural","isPartOf":{"@id":"https:\/\/versano.nl\/#website"},"primaryImageOfPage":{"@id":"https:\/\/versano.nl\/shop\/kunst-bontkraag-naturel\/#primaryimage"},"image":{"@id":"https:\/\/versano.nl\/shop\/kunst-bontkraag-naturel\/#primaryimage"},"thumbnailUrl":"https:\/\/versano.nl\/wp-content\/uploads\/2014\/09\/neppe-bondkraag-naturel-XL.jpg","datePublished":"2014-09-29T20:52:55+00:00","dateModified":"2019-10-11T16:25:51+00:00","description":"Collar Art Fur Natural. Si no quieres un collar de piel real en tu chaqueta, entonces los collares art\u00edsticos de Versano son ideales.","breadcrumb":{"@id":"https:\/\/versano.nl\/shop\/kunst-bontkraag-naturel\/#breadcrumb"},"inLanguage":"es","potentialAction":[{"@type":"ReadAction","target":["https:\/\/versano.nl\/shop\/kunst-bontkraag-naturel\/"]}]},{"@type":"ImageObject","inLanguage":"es","@id":"https:\/\/versano.nl\/shop\/kunst-bontkraag-naturel\/#primaryimage","url":"https:\/\/versano.nl\/wp-content\/uploads\/2014\/09\/neppe-bondkraag-naturel-XL.jpg","contentUrl":"https:\/\/versano.nl\/wp-content\/uploads\/2014\/09\/neppe-bondkraag-naturel-XL.jpg","width":900,"height":1197,"caption":"neppe-bondkraag-naturel-XL"},{"@type":"BreadcrumbList","@id":"https:\/\/versano.nl\/shop\/kunst-bontkraag-naturel\/#breadcrumb","itemListElement":[{"@type":"ListItem","position":1,"name":"Home","item":"https:\/\/versano.nl\/"},{"@type":"ListItem","position":2,"name":"Shop","item":"https:\/\/versano.nl\/shop\/"},{"@type":"ListItem","position":3,"name":"Kunst Bontkraag Naturel XL"}]},{"@type":"WebSite","@id":"https:\/\/versano.nl\/#website","url":"https:\/\/versano.nl\/","name":"Versano","description":"abrigos de invierno con cuello de piel | chaquetas de cuero para mujer | chaquetas de cuero para hombre","potentialAction":[{"@type":"SearchAction","target":{"@type":"EntryPoint","urlTemplate":"https:\/\/versano.nl\/?s={search_term_string}"},"query-input":{"@type":"PropertyValueSpecification","valueRequired":true,"valueName":"search_term_string"}}],"inLanguage":"es"}]}},"_links":{"self":[{"href":"https:\/\/versano.nl\/es\/wp-json\/wp\/v2\/product\/1065","targetHints":{"allow":["GET"]}}],"collection":[{"href":"https:\/\/versano.nl\/es\/wp-json\/wp\/v2\/product"}],"about":[{"href":"https:\/\/versano.nl\/es\/wp-json\/wp\/v2\/types\/product"}],"replies":[{"embeddable":true,"href":"https:\/\/versano.nl\/es\/wp-json\/wp\/v2\/comments?post=1065"}],"wp:featuredmedia":[{"embeddable":true,"href":"https:\/\/versano.nl\/es\/wp-json\/wp\/v2\/media\/10424"}],"wp:attachment":[{"href":"https:\/\/versano.nl\/es\/wp-json\/wp\/v2\/media?parent=1065"}],"wp:term":[{"taxonomy":"product_brand","embeddable":true,"href":"https:\/\/versano.nl\/es\/wp-json\/wp\/v2\/product_brand?post=1065"},{"taxonomy":"product_cat","embeddable":true,"href":"https:\/\/versano.nl\/es\/wp-json\/wp\/v2\/product_cat?post=1065"},{"taxonomy":"product_tag","embeddable":true,"href":"https:\/\/versano.nl\/es\/wp-json\/wp\/v2\/product_tag?post=1065"}],"curies":[{"name":"wp","href":"https:\/\/api.w.org\/{rel}","templated":true}]}}