{"id":7,"date":"2017-05-05T02:42:23","date_gmt":"2017-05-05T02:42:23","guid":{"rendered":"https:\/\/leathershopdoci.nl\/versano\/?page_id=7"},"modified":"2021-11-24T19:27:11","modified_gmt":"2021-11-24T19:27:11","slug":"contact","status":"publish","type":"page","link":"https:\/\/versano.nl\/es\/contact\/","title":{"rendered":"Preguntas frecuentes"},"content":{"rendered":"<div class=\"wpb-content-wrapper\"><div  class=\"sec_row container\"><div class=\"vc_row wpb_row vc_row-fluid\"><div class=\"wpb_column vc_column_container vc_col-sm-12 et-dark-column\"><div class=\"vc_column-inner\"><div class=\"wpb_wrapper\"><div class=\"vc_tta-container\" data-vc-action=\"collapse\"><div class=\"vc_general vc_tta vc_tta-accordion vc_tta-o-shape-group vc_tta-controls-align-default\"><div class=\"vc_tta-panels-container\"><div class=\"vc_tta-panels\"><div class=\"vc_tta-panel vc_active\" id=\"1615729175291-d880ea8b-de6b\" data-vc-content=\".vc_tta-panel-body\"><div class=\"vc_tta-panel-heading\"><h4 class=\"vc_tta-panel-title vc_tta-controls-icon-position-left\"><a href=\"#1615729175291-d880ea8b-de6b\" data-vc-accordion data-vc-container=\".vc_tta-container\"><span class=\"vc_tta-title-text\">Quiero comprobar el estado de mi pedido a trav\u00e9s del track &amp; trace, \u00bfd\u00f3nde puedo encontrar el track &amp; trace?<\/span><i class=\"vc_tta-controls-icon vc_tta-controls-icon-plus\"><\/i><\/a><\/h4><\/div><div class=\"vc_tta-panel-body\">\n\t<div class=\"wpb_text_column wpb_content_element\" >\n\t\t<div class=\"wpb_wrapper\">\n\t\t\t<p>Tan pronto como el paquete haya sido escaneado en PostNL, recibir\u00e1 un correo electr\u00f3nico nuestro por la noche con un c\u00f3digo de seguimiento y rastreo para seguir su env\u00edo. El pedido tambi\u00e9n se puede rastrear con el bot\u00f3n de seguimiento y rastreo en su cuenta en el sitio web. Puede crear f\u00e1cilmente una cuenta en nuestro sitio web.<\/p>\n<div id=\"gtx-trans\" style=\"position: absolute; left: -37px; top: 38px;\">\n<div class=\"gtx-trans-icon\"><\/div>\n<\/div>\n\n\t\t<\/div>\n\t<\/div>\n<\/div><\/div><div class=\"vc_tta-panel\" id=\"1615729383248-2802d0a5-e307\" data-vc-content=\".vc_tta-panel-body\"><div class=\"vc_tta-panel-heading\"><h4 class=\"vc_tta-panel-title vc_tta-controls-icon-position-left\"><a href=\"#1615729383248-2802d0a5-e307\" data-vc-accordion data-vc-container=\".vc_tta-container\"><span class=\"vc_tta-title-text\">Quiero cambiar mi pedido por un tama\u00f1o diferente, \u00bfc\u00f3mo puedo arreglarlo?<\/span><i class=\"vc_tta-controls-icon vc_tta-controls-icon-plus\"><\/i><\/a><\/h4><\/div><div class=\"vc_tta-panel-body\">\n\t<div class=\"wpb_text_column wpb_content_element\" >\n\t\t<div class=\"wpb_wrapper\">\n\t\t\t<p>1. Puede devolver el producto y volver a realizar un pedido. De esta manera, puede estar seguro de que el tama\u00f1o deseado todav\u00eda est\u00e1 disponible.<\/p>\n<p>2. Hemos enviado un formulario de devoluci\u00f3n \/ cambio con su pedido. Puedes rellenar este formulario con la informaci\u00f3n necesaria sobre tu cambio y devolverlo con el producto a nuestra direcci\u00f3n. Tan pronto como hayamos recibido su paquete, procesaremos y devolveremos el cambio lo antes posible. Tenga en cuenta que existe un peque\u00f1o riesgo de que el tama\u00f1o deseado ya no est\u00e9 disponible. En este caso, le reembolsaremos el importe de la compra de su pedido en su cuenta.<\/p>\n\n\t\t<\/div>\n\t<\/div>\n<\/div><\/div><div class=\"vc_tta-panel\" id=\"1615729689542-4f429bec-dbe5\" data-vc-content=\".vc_tta-panel-body\"><div class=\"vc_tta-panel-heading\"><h4 class=\"vc_tta-panel-title vc_tta-controls-icon-position-left\"><a href=\"#1615729689542-4f429bec-dbe5\" data-vc-accordion data-vc-container=\".vc_tta-container\"><span class=\"vc_tta-title-text\">Quiero devolver mi pedido, \u00bfc\u00f3mo puedo hacerlo?<\/span><i class=\"vc_tta-controls-icon vc_tta-controls-icon-plus\"><\/i><\/a><\/h4><\/div><div class=\"vc_tta-panel-body\">\n\t<div class=\"wpb_text_column wpb_content_element\" >\n\t\t<div class=\"wpb_wrapper\">\n\t\t\t<p>Puede devolver su pedido f\u00e1cilmente siguiendo los pasos a continuaci\u00f3n.<\/p>\n<p>1. Compruebe si su devoluci\u00f3n cumple con nuestras condiciones de devoluci\u00f3n.<\/p>\n<p>2. Complete el formulario de devoluci\u00f3n que recibi\u00f3 en el paquete y aseg\u00farese de que tanto los art\u00edculos como el formulario de devoluci\u00f3n se devuelvan bien embalados. (No podemos procesar su devoluci\u00f3n sin un formulario de devoluci\u00f3n).<\/p>\n<p>3. Siga los pasos a seguir y no olvide quitar la etiqueta de env\u00edo anterior de la caja.<\/p>\n<p>4. Conserve el comprobante de env\u00edo y Track &amp; Trace hasta que su devoluci\u00f3n se haya procesado y reembolsado por completo.<\/p>\n<p>Sin una prueba v\u00e1lida de env\u00edo con un c\u00f3digo Track &amp; Trace, no podemos iniciar una investigaci\u00f3n sobre las devoluciones y, por lo tanto, no reembolsaremos las devoluciones faltantes.<\/p>\n\n\t\t<\/div>\n\t<\/div>\n<\/div><\/div><div class=\"vc_tta-panel\" id=\"1615730006111-2f6b6c02-3930\" data-vc-content=\".vc_tta-panel-body\"><div class=\"vc_tta-panel-heading\"><h4 class=\"vc_tta-panel-title vc_tta-controls-icon-position-left\"><a href=\"#1615730006111-2f6b6c02-3930\" data-vc-accordion data-vc-container=\".vc_tta-container\"><span class=\"vc_tta-title-text\">He devuelto mi pedido, \u00bfcu\u00e1ndo recuperar\u00e9 mi dinero?<\/span><i class=\"vc_tta-controls-icon vc_tta-controls-icon-plus\"><\/i><\/a><\/h4><\/div><div class=\"vc_tta-panel-body\">\n\t<div class=\"wpb_text_column wpb_content_element\" >\n\t\t<div class=\"wpb_wrapper\">\n\t\t\t<p>Una vez procesada su devoluci\u00f3n, le reembolsaremos el importe de la compra. Por lo general, demora de 3 a 4 d\u00edas h\u00e1biles. Tenga en cuenta que debido a su propio tiempo de procesamiento bancario, pueden pasar algunos d\u00edas m\u00e1s hasta que el monto est\u00e9 realmente en su cuenta bancaria. Una vez que hayamos reembolsado el importe, siempre recibir\u00e1 un correo electr\u00f3nico con la confirmaci\u00f3n del reembolso.<\/p>\n<div id=\"gtx-trans\" style=\"position: absolute; left: 1277px; top: 38px;\">\n<div class=\"gtx-trans-icon\"><\/div>\n<\/div>\n\n\t\t<\/div>\n\t<\/div>\n<\/div><\/div><div class=\"vc_tta-panel\" id=\"1615730403408-dc3722c1-336e\" data-vc-content=\".vc_tta-panel-body\"><div class=\"vc_tta-panel-heading\"><h4 class=\"vc_tta-panel-title vc_tta-controls-icon-position-left\"><a href=\"#1615730403408-dc3722c1-336e\" data-vc-accordion data-vc-container=\".vc_tta-container\"><span class=\"vc_tta-title-text\">Hice un pedido a trav\u00e9s de Klarna y devolv\u00ed el env\u00edo, \u00bfc\u00f3mo debo lidiar con esto con Klarna?<\/span><i class=\"vc_tta-controls-icon vc_tta-controls-icon-plus\"><\/i><\/a><\/h4><\/div><div class=\"vc_tta-panel-body\">\n\t<div class=\"wpb_text_column wpb_content_element\" >\n\t\t<div class=\"wpb_wrapper\">\n\t\t\t<p>Tan pronto como hayamos recibido y procesado su devoluci\u00f3n, se realizar\u00e1 un ajuste en su factura. Por lo general, demora de 3 a 5 d\u00edas h\u00e1biles. El tiempo m\u00e1ximo de procesamiento entre nosotros y Klarna es de 14 d\u00edas. A continuaci\u00f3n, recibir\u00e1 una factura ajustada de Klarna, ajustada seg\u00fan su devoluci\u00f3n.<\/p>\n<p>Lo mejor de Klarna es que no tiene que pagar la factura completa por adelantado. Sin embargo, le recomendamos que pague su factura a tiempo para evitar un aumento en los costos.<\/p>\n<p>\u00bfYa pag\u00f3 su factura de Klarna y finalmente devolvi\u00f3 los art\u00edculos? En este caso, recibir\u00e1 un reembolso de Klarna una vez que hayamos recibido y procesado su devoluci\u00f3n.<\/p>\n<p>\u00bfYa est\u00e1s familiarizado con la aplicaci\u00f3n Klarna? Con la aplicaci\u00f3n Klarna, tiene una descripci\u00f3n general de sus pedidos y puede, entre otras cosas, poner su factura &#039;en espera&#039; o registrar devoluciones.<\/p>\n<p>Para obtener m\u00e1s informaci\u00f3n, visite https:\/\/www.klarna.nl<\/p>\n<div id=\"gtx-trans\" style=\"position: absolute; left: 1272px; top: -10px;\">\n<div class=\"gtx-trans-icon\"><\/div>\n<\/div>\n\n\t\t<\/div>\n\t<\/div>\n<\/div><\/div><div class=\"vc_tta-panel\" id=\"1615730876142-e2d7772e-24c7\" data-vc-content=\".vc_tta-panel-body\"><div class=\"vc_tta-panel-heading\"><h4 class=\"vc_tta-panel-title vc_tta-controls-icon-position-left\"><a href=\"#1615730876142-e2d7772e-24c7\" data-vc-accordion data-vc-container=\".vc_tta-container\"><span class=\"vc_tta-title-text\">Tengo una solicitud especial sobre mi pedido, \u00bfc\u00f3mo puedo transmitirla?<\/span><i class=\"vc_tta-controls-icon vc_tta-controls-icon-plus\"><\/i><\/a><\/h4><\/div><div class=\"vc_tta-panel-body\">\n\t<div class=\"wpb_text_column wpb_content_element\" >\n\t\t<div class=\"wpb_wrapper\">\n\t\t\t<p>Puede especificar su solicitud especial al realizar su pedido. Se colocar\u00e1 una nota de pedido aqu\u00ed al ingresar sus datos. Siempre puedes llamarnos.<\/p>\n<div id=\"gtx-trans\" style=\"position: absolute; left: -18px; top: 38px;\">\n<div class=\"gtx-trans-icon\"><\/div>\n<\/div>\n\n\t\t<\/div>\n\t<\/div>\n<\/div><\/div><div class=\"vc_tta-panel\" id=\"1615730972830-88355cff-a0cb\" data-vc-content=\".vc_tta-panel-body\"><div class=\"vc_tta-panel-heading\"><h4 class=\"vc_tta-panel-title vc_tta-controls-icon-position-left\"><a href=\"#1615730972830-88355cff-a0cb\" data-vc-accordion data-vc-container=\".vc_tta-container\"><span class=\"vc_tta-title-text\">\u00bfPor qu\u00e9 no es posible realizar un pedido?<\/span><i class=\"vc_tta-controls-icon vc_tta-controls-icon-plus\"><\/i><\/a><\/h4><\/div><div class=\"vc_tta-panel-body\">\n\t<div class=\"wpb_text_column wpb_content_element\" >\n\t\t<div class=\"wpb_wrapper\">\n\t\t\t<p>Esto puede tener varias causas. Le recomendamos que ingrese su direcci\u00f3n manualmente en el proceso de pago y no use la funci\u00f3n de autocompletar. Si a\u00fan no funciona despu\u00e9s de esto, le recomendamos que se ponga en contacto con nuestro servicio de atenci\u00f3n al cliente. Es \u00fatil enviar una captura de pantalla de todo el proceso de pago o del mensaje de error.<\/p>\n<div id=\"gtx-trans\" style=\"position: absolute; left: 1279px; top: -10px;\">\n<div class=\"gtx-trans-icon\"><\/div>\n<\/div>\n\n\t\t<\/div>\n\t<\/div>\n<\/div><\/div><div class=\"vc_tta-panel\" id=\"1617306640789-b5a13c63-d3ca\" data-vc-content=\".vc_tta-panel-body\"><div class=\"vc_tta-panel-heading\"><h4 class=\"vc_tta-panel-title vc_tta-controls-icon-position-left\"><a href=\"#1617306640789-b5a13c63-d3ca\" data-vc-accordion data-vc-container=\".vc_tta-container\"><span class=\"vc_tta-title-text\">Tengo una solicitud de reparaci\u00f3n o una queja sobre un art\u00edculo da\u00f1ado, \u00bfc\u00f3mo puedo arreglarlo?<\/span><i class=\"vc_tta-controls-icon vc_tta-controls-icon-plus\"><\/i><\/a><\/h4><\/div><div class=\"vc_tta-panel-body\">\n\t<div class=\"wpb_text_column wpb_content_element\" >\n\t\t<div class=\"wpb_wrapper\">\n\t\t\t<p>Puede enviar una queja o solicitud de reparaci\u00f3n a trav\u00e9s del formulario de contacto y nos comunicaremos con usted lo antes posible. Deje su nombre, n\u00famero de tel\u00e9fono y direcci\u00f3n de correo electr\u00f3nico y describa su queja o solicitud de reparaci\u00f3n con el mayor detalle posible.<\/p>\n\n\t\t<\/div>\n\t<\/div>\n<\/div><\/div><\/div><\/div><\/div><\/div>\n\t<div class=\"wpb_text_column wpb_content_element\" >\n\t\t<div class=\"wpb_wrapper\">\n\t\t\t<h5>Si su pregunta no aparece aqu\u00ed, puede enviarnos un mensaje utilizando el formulario de contacto a continuaci\u00f3n, responderemos su pregunta lo antes posible.<\/h5>\n\n\t\t<\/div>\n\t<\/div>\n<\/div><\/div><\/div><\/div><\/div><div  class=\"sec_row container\"><div class=\"vc_row wpb_row vc_row-fluid vc_custom_1614609582921\"><div class=\"wpb_column vc_column_container vc_col-sm-8 et-dark-column\"><div class=\"vc_column-inner\"><div class=\"wpb_wrapper\">\n<div class=\"wpcf7 no-js\" id=\"wpcf7-f5297-o1\" lang=\"nl-NL\" dir=\"ltr\" data-wpcf7-id=\"5297\">\n<div class=\"screen-reader-response\"><p role=\"status\" aria-live=\"polite\" aria-atomic=\"true\"><\/p> <ul><\/ul><\/div>\n<form action=\"\/es\/wp-json\/wp\/v2\/pages\/7#wpcf7-f5297-o1\" method=\"post\" class=\"wpcf7-form init\" aria-label=\"Contactformulier\" novalidate=\"novalidate\" data-status=\"init\" data-trp-original-action=\"\/es\/wp-json\/wp\/v2\/pages\/7#wpcf7-f5297-o1\">\n<fieldset class=\"hidden-fields-container\"><input type=\"hidden\" name=\"_wpcf7\" value=\"5297\" \/><input type=\"hidden\" name=\"_wpcf7_version\" value=\"6.1.5\" \/><input type=\"hidden\" name=\"_wpcf7_locale\" value=\"nl_NL\" \/><input type=\"hidden\" name=\"_wpcf7_unit_tag\" value=\"wpcf7-f5297-o1\" \/><input type=\"hidden\" name=\"_wpcf7_container_post\" value=\"0\" \/><input type=\"hidden\" name=\"_wpcf7_posted_data_hash\" value=\"\" \/>\n<\/fieldset>\n<div class=\"contact-form\">\n\t<div class=\"entry-header\">\n\t\t<h2 class=\"entry-title\">MANDANOS UN MENSAJE\n\t\t<\/h2>\n\t<\/div>\n\t<div class=\"row mb20\">\n\t\t<div class=\"col-sm-5 columns\">\n\t\t\t<p><label for=\"your-name\">nombre <span class=\"required\">*<\/span><\/label><span class=\"wpcf7-form-control-wrap\" data-name=\"your-name\"><input size=\"40\" maxlength=\"400\" class=\"wpcf7-form-control wpcf7-text wpcf7-validates-as-required input-text txt-large txt-trans txt-shadow\" aria-required=\"true\" aria-invalid=\"false\" value=\"\" type=\"text\" name=\"your-name\" \/><\/span>\n\t\t\t<\/p>\n\t\t\t<p><label for=\"your-telephone\">tel\u00e9fono <span class=\"required\">*<\/span><\/label><span class=\"wpcf7-form-control-wrap\" data-name=\"your-telephone\"><input size=\"40\" maxlength=\"400\" class=\"wpcf7-form-control wpcf7-text wpcf7-validates-as-required input-text txt-large txt-trans txt-shadow\" aria-required=\"true\" aria-invalid=\"false\" value=\"\" type=\"text\" name=\"your-telephone\" \/><\/span>\n\t\t\t<\/p>\n\t\t\t<p><label for=\"your-email\">esmalte <span class=\"required\">*<\/span><\/label><span class=\"wpcf7-form-control-wrap\" data-name=\"your-email\"><input size=\"40\" maxlength=\"400\" class=\"wpcf7-form-control wpcf7-email wpcf7-validates-as-required wpcf7-text wpcf7-validates-as-email input-text txt-large txt-trans txt-shadow\" aria-required=\"true\" aria-invalid=\"false\" value=\"\" type=\"email\" name=\"your-email\" \/><\/span>\n\t\t\t<\/p>\n\t\t\t<p><label for=\"your-subject\">sujeto <span class=\"required\">*<\/span><\/label><span class=\"wpcf7-form-control-wrap\" data-name=\"your-subject\"><input size=\"40\" maxlength=\"400\" class=\"wpcf7-form-control wpcf7-text input-text txt-large txt-trans txt-shadow\" aria-invalid=\"false\" value=\"\" type=\"text\" name=\"your-subject\" \/><\/span>\n\t\t\t<\/p>\n\t\t<\/div>\n\t\t<div class=\"col-sm-7 columns\">\n\t\t\t<p><label for=\"your-message\">mensaje <span class=\"required\">*<\/span><\/label><br \/>\n<span class=\"wpcf7-form-control-wrap\" data-name=\"your-message\"><textarea cols=\"40\" rows=\"10\" maxlength=\"2000\" class=\"wpcf7-form-control wpcf7-textarea txt-trans txt-shadow\" aria-invalid=\"false\" name=\"your-message\"><\/textarea><\/span>\n\t\t\t<\/p>\n\t\t\t<p>Escribir estas letras y n\u00fameros por debajo <input type=\"hidden\" name=\"_wpcf7_captcha_challenge_captcha-518\" value=\"1308524287\" \/><img loading=\"lazy\" decoding=\"async\" class=\"wpcf7-form-control wpcf7-captchac wpcf7-captcha-captcha-518\" width=\"72\" height=\"24\" alt=\"captcha\" src=\"https:\/\/versano.nl\/wp-content\/uploads\/wpcf7_captcha\/1308524287.png\" \/><br \/>\n<span class=\"wpcf7-form-control-wrap\" data-name=\"captcha-518\"><input size=\"40\" class=\"wpcf7-form-control wpcf7-captchar\" autocomplete=\"off\" aria-invalid=\"false\" value=\"\" type=\"text\" name=\"captcha-518\" \/><\/span>\n\t\t\t<\/p>\n\t\t<\/div>\n\t<\/div>\n\t<p><input class=\"wpcf7-form-control wpcf7-submit has-spinner button btn-large\" type=\"submit\" value=\"presentar\" \/>\n\t<\/p>\n<\/div><div class=\"wpcf7-response-output\" aria-hidden=\"true\"><\/div>\n<input type=\"hidden\" name=\"trp-form-language\" value=\"es\"\/><\/form>\n<\/div>\n<\/div><\/div><\/div><div class=\"wpb_column vc_column_container vc_col-sm-4 et-dark-column\"><div class=\"vc_column-inner\"><div class=\"wpb_wrapper\">\n\t<div class=\"wpb_text_column wpb_content_element   contact-info\" >\n\t\t<div class=\"wpb_wrapper\">\n\t\t\t<h3>INFORMACI\u00d3N:<\/h3>\n<div class=\"contact-cell border\">\n<h4>Mezam BV<br \/>\nKVK 68323719<br \/>\nNL.857392499.B01<\/h4>\n<\/div>\n<p>&nbsp;<\/p>\n<h3>DIRECCI\u00d3N:<\/h3>\n<div class=\"contact-cell border\">\n<h4>Nickel Street 23<br \/>\n4823 AE Breda<\/h4>\n<\/div>\n<p>&nbsp;<\/p>\n<div id=\"gtx-trans\" style=\"position: absolute; left: -7px; top: 340.219px;\">\n<div class=\"gtx-trans-icon\"><\/div>\n<\/div>\n\n\t\t<\/div>\n\t<\/div>\n<\/div><\/div><\/div><\/div><\/div>\n<\/div>","protected":false},"excerpt":{"rendered":"Ik wil de status van mijn bestelling checken via de track&amp;trace, waar kan ik de track&amp;trace vinden? Zodra het pakket is gescand bij PostNL, ontvangt u in de avond een e-mail van ons met daarin een track&amp;trace code om uw zending te volgen. De bestelling is overigens ook te volgen [...]","protected":false},"author":90,"featured_media":0,"parent":0,"menu_order":0,"comment_status":"closed","ping_status":"closed","template":"","meta":{"footnotes":""},"class_list":["post-7","page","type-page","status-publish","hentry"],"yoast_head":"<!-- This site is optimized with the Yoast SEO plugin v27.2 - https:\/\/yoast.com\/product\/yoast-seo-wordpress\/ -->\n<title>Meest gestelde vragen - Versano<\/title>\n<meta name=\"robots\" content=\"index, follow, max-snippet:-1, max-image-preview:large, max-video-preview:-1\" \/>\n<link rel=\"canonical\" href=\"https:\/\/versano.nl\/es\/contact\/\" \/>\n<meta property=\"og:locale\" content=\"es_ES\" \/>\n<meta property=\"og:type\" content=\"article\" \/>\n<meta property=\"og:title\" content=\"Meest gestelde vragen - Versano\" \/>\n<meta property=\"og:url\" content=\"https:\/\/versano.nl\/es\/contact\/\" \/>\n<meta property=\"og:site_name\" content=\"Versano\" \/>\n<meta property=\"article:modified_time\" content=\"2021-11-24T19:27:11+00:00\" \/>\n<meta name=\"twitter:card\" content=\"summary_large_image\" \/>\n<meta name=\"twitter:label1\" content=\"Tiempo de lectura\" \/>\n\t<meta name=\"twitter:data1\" content=\"4 minutos\" \/>\n<script type=\"application\/ld+json\" class=\"yoast-schema-graph\">{\"@context\":\"https:\/\/schema.org\",\"@graph\":[{\"@type\":\"WebPage\",\"@id\":\"https:\/\/versano.nl\/contact\/\",\"url\":\"https:\/\/versano.nl\/contact\/\",\"name\":\"Meest gestelde vragen - Versano\",\"isPartOf\":{\"@id\":\"https:\/\/versano.nl\/#website\"},\"datePublished\":\"2017-05-05T02:42:23+00:00\",\"dateModified\":\"2021-11-24T19:27:11+00:00\",\"breadcrumb\":{\"@id\":\"https:\/\/versano.nl\/contact\/#breadcrumb\"},\"inLanguage\":\"es\",\"potentialAction\":[{\"@type\":\"ReadAction\",\"target\":[\"https:\/\/versano.nl\/contact\/\"]}]},{\"@type\":\"BreadcrumbList\",\"@id\":\"https:\/\/versano.nl\/contact\/#breadcrumb\",\"itemListElement\":[{\"@type\":\"ListItem\",\"position\":1,\"name\":\"Home\",\"item\":\"https:\/\/versano.nl\/\"},{\"@type\":\"ListItem\",\"position\":2,\"name\":\"Meest gestelde vragen\"}]},{\"@type\":\"WebSite\",\"@id\":\"https:\/\/versano.nl\/#website\",\"url\":\"https:\/\/versano.nl\/\",\"name\":\"Versano\",\"description\":\"winterjassen met bontkraag | leren dames jassen | leren heren jassen\",\"potentialAction\":[{\"@type\":\"SearchAction\",\"target\":{\"@type\":\"EntryPoint\",\"urlTemplate\":\"https:\/\/versano.nl\/?s={search_term_string}\"},\"query-input\":{\"@type\":\"PropertyValueSpecification\",\"valueRequired\":true,\"valueName\":\"search_term_string\"}}],\"inLanguage\":\"es\"}]}<\/script>\n<!-- \/ Yoast SEO plugin. -->","yoast_head_json":{"title":"Preguntas frecuentes - Versano","robots":{"index":"index","follow":"follow","max-snippet":"max-snippet:-1","max-image-preview":"max-image-preview:large","max-video-preview":"max-video-preview:-1"},"canonical":"https:\/\/versano.nl\/es\/contact\/","og_locale":"es_ES","og_type":"article","og_title":"Meest gestelde vragen - Versano","og_url":"https:\/\/versano.nl\/es\/contact\/","og_site_name":"Versano","article_modified_time":"2021-11-24T19:27:11+00:00","twitter_card":"summary_large_image","twitter_misc":{"Tiempo de lectura":"4 minutos"},"schema":{"@context":"https:\/\/schema.org","@graph":[{"@type":"WebPage","@id":"https:\/\/versano.nl\/contact\/","url":"https:\/\/versano.nl\/contact\/","name":"Preguntas frecuentes - Versano","isPartOf":{"@id":"https:\/\/versano.nl\/#website"},"datePublished":"2017-05-05T02:42:23+00:00","dateModified":"2021-11-24T19:27:11+00:00","breadcrumb":{"@id":"https:\/\/versano.nl\/contact\/#breadcrumb"},"inLanguage":"es","potentialAction":[{"@type":"ReadAction","target":["https:\/\/versano.nl\/contact\/"]}]},{"@type":"BreadcrumbList","@id":"https:\/\/versano.nl\/contact\/#breadcrumb","itemListElement":[{"@type":"ListItem","position":1,"name":"Home","item":"https:\/\/versano.nl\/"},{"@type":"ListItem","position":2,"name":"Meest gestelde vragen"}]},{"@type":"WebSite","@id":"https:\/\/versano.nl\/#website","url":"https:\/\/versano.nl\/","name":"Versano","description":"abrigos de invierno con cuello de piel | chaquetas de cuero para mujer | chaquetas de cuero para hombre","potentialAction":[{"@type":"SearchAction","target":{"@type":"EntryPoint","urlTemplate":"https:\/\/versano.nl\/?s={search_term_string}"},"query-input":{"@type":"PropertyValueSpecification","valueRequired":true,"valueName":"search_term_string"}}],"inLanguage":"es"}]}},"_links":{"self":[{"href":"https:\/\/versano.nl\/es\/wp-json\/wp\/v2\/pages\/7","targetHints":{"allow":["GET"]}}],"collection":[{"href":"https:\/\/versano.nl\/es\/wp-json\/wp\/v2\/pages"}],"about":[{"href":"https:\/\/versano.nl\/es\/wp-json\/wp\/v2\/types\/page"}],"author":[{"embeddable":true,"href":"https:\/\/versano.nl\/es\/wp-json\/wp\/v2\/users\/90"}],"replies":[{"embeddable":true,"href":"https:\/\/versano.nl\/es\/wp-json\/wp\/v2\/comments?post=7"}],"version-history":[{"count":5,"href":"https:\/\/versano.nl\/es\/wp-json\/wp\/v2\/pages\/7\/revisions"}],"predecessor-version":[{"id":33462,"href":"https:\/\/versano.nl\/es\/wp-json\/wp\/v2\/pages\/7\/revisions\/33462"}],"wp:attachment":[{"href":"https:\/\/versano.nl\/es\/wp-json\/wp\/v2\/media?parent=7"}],"curies":[{"name":"wp","href":"https:\/\/api.w.org\/{rel}","templated":true}]}}