{"id":5470,"date":"2017-05-17T21:49:57","date_gmt":"2017-05-17T21:49:57","guid":{"rendered":"https:\/\/leathershopdoci.nl\/versano\/?page_id=5470"},"modified":"2018-02-12T23:17:20","modified_gmt":"2018-02-12T23:17:20","slug":"dames-jas-met-bontkraag","status":"publish","type":"page","link":"https:\/\/versano.nl\/es\/dames-jas-met-bontkraag\/","title":{"rendered":"La versi\u00f3n de mujer con cuello de piel"},"content":{"rendered":"<div class=\"wpb-content-wrapper\"><div  class=\"sec_row container\"><div class=\"vc_row wpb_row vc_row-fluid\"><div class=\"wpb_column vc_column_container vc_col-sm-12 et-dark-column\"><div class=\"vc_column-inner\"><div class=\"wpb_wrapper\">\n\t<div class=\"wpb_text_column wpb_content_element\" >\n\t\t<div class=\"wpb_wrapper\">\n\t\t\t<p><a href=\"https:\/\/versano.nl\/wp-content\/uploads\/sites\/2\/2018\/02\/dames-jas-met-bontkraag.jpg\"><img loading=\"lazy\" decoding=\"async\" class=\"size-full wp-image-7441 aligncenter\" src=\"https:\/\/versano.nl\/wp-content\/uploads\/sites\/2\/2018\/02\/dames-jas-met-bontkraag.jpg\" alt=\"capa de las mujeres con cuello de piel\" width=\"1200\" height=\"628\" srcset=\"https:\/\/versano.nl\/wp-content\/uploads\/2018\/02\/dames-jas-met-bontkraag.jpg 1200w, https:\/\/versano.nl\/wp-content\/uploads\/2018\/02\/dames-jas-met-bontkraag-600x314.jpg 600w, https:\/\/versano.nl\/wp-content\/uploads\/2018\/02\/dames-jas-met-bontkraag-900x471.jpg 900w, https:\/\/versano.nl\/wp-content\/uploads\/2018\/02\/dames-jas-met-bontkraag-300x157.jpg 300w, https:\/\/versano.nl\/wp-content\/uploads\/2018\/02\/dames-jas-met-bontkraag-768x402.jpg 768w, https:\/\/versano.nl\/wp-content\/uploads\/2018\/02\/dames-jas-met-bontkraag-1024x536.jpg 1024w\" sizes=\"auto, (max-width: 1200px) 100vw, 1200px\" \/><\/a><\/p>\n\n\t\t<\/div>\n\t<\/div>\n<\/div><\/div><\/div><\/div><\/div><div  class=\"sec_row container\"><div class=\"vc_row wpb_row vc_row-fluid vc_custom_1495031441109\"><div class=\"wpb_column vc_column_container vc_col-sm-12 et-dark-column\"><div class=\"vc_column-inner\"><div class=\"wpb_wrapper\">\n\t<div class=\"wpb_text_column wpb_content_element\" >\n\t\t<div class=\"wpb_wrapper\">\n\t\t\t<h1>La versi\u00f3n de mujer con cuello de piel<\/h1>\n<p>\u00bfDesea comprar una chaqueta nueva pero todav\u00eda no est\u00e1 seguro de qu\u00e9 tipo de abrigo est\u00e1 buscando? Luego eche un vistazo al sitio web de Versano. Esta es una marca holandesa en el campo de chaquetas de cuero y abrigos con cuello de piel. Aqu\u00ed encontrar\u00e1 abrigos de diferentes estilos, incluido el abrigo de mujer con cuello de piel. Tal hermosa chaqueta de mujer con cuello de piel puede caber perfectamente en cada momento posible. Ya sea que est\u00e9 pasando una tarde de compras con amigos o saliendo con su familia para salir por la noche, \u00a1vendemos el abrigo de mujer con cuello de piel que se ajusta! En Versano.nl tambi\u00e9n encontrar\u00e1s una amplia gama de otras capas.<\/p>\n<h2>Una chaqueta de mujer con cuello de piel de Versano<\/h2>\n<p>\u00bfDesea comprar una hermosa chaqueta de mujer con cuello de piel hecho del mejor material posible, pero donde no tenga que sentirse demasiado profundo para su billetera? Versano tiene la filosof\u00eda de que las hermosas capas de alta calidad no tienen que ser muy caras. Es por eso que solo encontrar\u00e1 chaquetas a precios competitivos en nuestro rango. No tiene que preocuparse por la calidad de nuestros productos. Tenemos nuestra propia curtidur\u00eda, as\u00ed como una f\u00e1brica donde se producen nuestros abrigos. Como tenemos cada paso del proceso en nuestras propias manos, podemos garantizar la calidad de nuestros abrigos.<\/p>\n<h2>\u00bfD\u00f3nde compro esa chaqueta de mujer con cuello de piel?<\/h2>\n<p>Para una chaqueta de alta calidad de Versano, visite nuestro sitio web, que hemos creado junto con Leather Shop Doci. En las tiendas de Leather Shop Doci tambi\u00e9n puedes comprar nuestros hermosos abrigos. Luego puede ajustarlo o recoger un pedido. \u00a1De modo que est\u00e1 seguro de que esta hermosa chaqueta de mujer con cuello de piel tambi\u00e9n se ajusta perfectamente y que es tan c\u00f3modo como usted ya pens\u00f3!<\/p>\n\n\t\t<\/div>\n\t<\/div>\n<\/div><\/div><\/div><\/div><\/div>\n<\/div>","protected":false},"excerpt":{"rendered":"Dames jas met bontkraag U wilt een nieuwe jas kopen maar weet nog niet zeker wat voor jas u precies zoekt? Neem dan eens een kijkje op de website van Versano. Dit is een Nederlands merk op het gebied van leren jassen en jassen met bontkraag. Hier vindt u jassen [...]","protected":false},"author":90,"featured_media":0,"parent":0,"menu_order":0,"comment_status":"closed","ping_status":"closed","template":"page-visual-composer.php","meta":{"footnotes":""},"class_list":["post-5470","page","type-page","status-publish","hentry"],"yoast_head":"<!-- This site is optimized with the Yoast SEO plugin v27.2 - https:\/\/yoast.com\/product\/yoast-seo-wordpress\/ -->\n<title>Dames jas met bontkraag, Damesjas met bontkraag | Versano<\/title>\n<meta name=\"description\" content=\"Bent u op zoek naar een dames jas met bontkraag? Bij Versano bent u aan het juiste adres voor o.a. een damesjas met bontkraag.\" \/>\n<meta name=\"robots\" content=\"index, follow, max-snippet:-1, max-image-preview:large, max-video-preview:-1\" \/>\n<link rel=\"canonical\" href=\"https:\/\/versano.nl\/es\/dames-jas-met-bontkraag\/\" \/>\n<meta property=\"og:locale\" content=\"es_ES\" \/>\n<meta property=\"og:type\" content=\"article\" \/>\n<meta property=\"og:title\" content=\"Dames jas met bontkraag, Damesjas met bontkraag | Versano\" \/>\n<meta property=\"og:description\" content=\"Bent u op zoek naar een dames jas met bontkraag? Bij Versano bent u aan het juiste adres voor o.a. een damesjas met bontkraag.\" \/>\n<meta property=\"og:url\" content=\"https:\/\/versano.nl\/es\/dames-jas-met-bontkraag\/\" \/>\n<meta property=\"og:site_name\" content=\"Versano\" \/>\n<meta property=\"article:modified_time\" content=\"2018-02-12T23:17:20+00:00\" \/>\n<meta property=\"og:image\" content=\"https:\/\/versano.nl\/wp-content\/uploads\/sites\/2\/2018\/02\/dames-jas-met-bontkraag.jpg\" \/>\n<meta name=\"twitter:card\" content=\"summary_large_image\" \/>\n<meta name=\"twitter:label1\" content=\"Tiempo de lectura\" \/>\n\t<meta name=\"twitter:data1\" content=\"2 minutos\" \/>\n<script type=\"application\/ld+json\" class=\"yoast-schema-graph\">{\"@context\":\"https:\/\/schema.org\",\"@graph\":[{\"@type\":\"WebPage\",\"@id\":\"https:\/\/versano.nl\/dames-jas-met-bontkraag\/\",\"url\":\"https:\/\/versano.nl\/dames-jas-met-bontkraag\/\",\"name\":\"Dames jas met bontkraag, Damesjas met bontkraag | Versano\",\"isPartOf\":{\"@id\":\"https:\/\/versano.nl\/#website\"},\"primaryImageOfPage\":{\"@id\":\"https:\/\/versano.nl\/dames-jas-met-bontkraag\/#primaryimage\"},\"image\":{\"@id\":\"https:\/\/versano.nl\/dames-jas-met-bontkraag\/#primaryimage\"},\"thumbnailUrl\":\"https:\/\/versano.nl\/wp-content\/uploads\/sites\/2\/2018\/02\/dames-jas-met-bontkraag.jpg\",\"datePublished\":\"2017-05-17T21:49:57+00:00\",\"dateModified\":\"2018-02-12T23:17:20+00:00\",\"description\":\"Bent u op zoek naar een dames jas met bontkraag? Bij Versano bent u aan het juiste adres voor o.a. een damesjas met bontkraag.\",\"breadcrumb\":{\"@id\":\"https:\/\/versano.nl\/dames-jas-met-bontkraag\/#breadcrumb\"},\"inLanguage\":\"es\",\"potentialAction\":[{\"@type\":\"ReadAction\",\"target\":[\"https:\/\/versano.nl\/dames-jas-met-bontkraag\/\"]}]},{\"@type\":\"ImageObject\",\"inLanguage\":\"es\",\"@id\":\"https:\/\/versano.nl\/dames-jas-met-bontkraag\/#primaryimage\",\"url\":\"https:\/\/versano.nl\/wp-content\/uploads\/sites\/2\/2018\/02\/dames-jas-met-bontkraag.jpg\",\"contentUrl\":\"https:\/\/versano.nl\/wp-content\/uploads\/sites\/2\/2018\/02\/dames-jas-met-bontkraag.jpg\"},{\"@type\":\"BreadcrumbList\",\"@id\":\"https:\/\/versano.nl\/dames-jas-met-bontkraag\/#breadcrumb\",\"itemListElement\":[{\"@type\":\"ListItem\",\"position\":1,\"name\":\"Home\",\"item\":\"https:\/\/versano.nl\/\"},{\"@type\":\"ListItem\",\"position\":2,\"name\":\"Dames jas met bontkraag\"}]},{\"@type\":\"WebSite\",\"@id\":\"https:\/\/versano.nl\/#website\",\"url\":\"https:\/\/versano.nl\/\",\"name\":\"Versano\",\"description\":\"winterjassen met bontkraag | leren dames jassen | leren heren jassen\",\"potentialAction\":[{\"@type\":\"SearchAction\",\"target\":{\"@type\":\"EntryPoint\",\"urlTemplate\":\"https:\/\/versano.nl\/?s={search_term_string}\"},\"query-input\":{\"@type\":\"PropertyValueSpecification\",\"valueRequired\":true,\"valueName\":\"search_term_string\"}}],\"inLanguage\":\"es\"}]}<\/script>\n<!-- \/ Yoast SEO plugin. -->","yoast_head_json":{"title":"Abrigo de mujer con cuello de piel, Abrigo de mujer con cuello de piel | Versano","description":"\u00bfBuscas un abrigo de mujer con cuello de piel? En Versano est\u00e1 en el lugar correcto para un abrigo de mujer con cuello de piel.","robots":{"index":"index","follow":"follow","max-snippet":"max-snippet:-1","max-image-preview":"max-image-preview:large","max-video-preview":"max-video-preview:-1"},"canonical":"https:\/\/versano.nl\/es\/dames-jas-met-bontkraag\/","og_locale":"es_ES","og_type":"article","og_title":"Dames jas met bontkraag, Damesjas met bontkraag | Versano","og_description":"Bent u op zoek naar een dames jas met bontkraag? Bij Versano bent u aan het juiste adres voor o.a. een damesjas met bontkraag.","og_url":"https:\/\/versano.nl\/es\/dames-jas-met-bontkraag\/","og_site_name":"Versano","article_modified_time":"2018-02-12T23:17:20+00:00","og_image":[{"url":"https:\/\/versano.nl\/wp-content\/uploads\/sites\/2\/2018\/02\/dames-jas-met-bontkraag.jpg","type":"","width":"","height":""}],"twitter_card":"summary_large_image","twitter_misc":{"Tiempo de lectura":"2 minutos"},"schema":{"@context":"https:\/\/schema.org","@graph":[{"@type":"WebPage","@id":"https:\/\/versano.nl\/dames-jas-met-bontkraag\/","url":"https:\/\/versano.nl\/dames-jas-met-bontkraag\/","name":"Abrigo de mujer con cuello de piel, Abrigo de mujer con cuello de piel | Versano","isPartOf":{"@id":"https:\/\/versano.nl\/#website"},"primaryImageOfPage":{"@id":"https:\/\/versano.nl\/dames-jas-met-bontkraag\/#primaryimage"},"image":{"@id":"https:\/\/versano.nl\/dames-jas-met-bontkraag\/#primaryimage"},"thumbnailUrl":"https:\/\/versano.nl\/wp-content\/uploads\/sites\/2\/2018\/02\/dames-jas-met-bontkraag.jpg","datePublished":"2017-05-17T21:49:57+00:00","dateModified":"2018-02-12T23:17:20+00:00","description":"\u00bfBuscas un abrigo de mujer con cuello de piel? En Versano est\u00e1 en el lugar correcto para un abrigo de mujer con cuello de piel.","breadcrumb":{"@id":"https:\/\/versano.nl\/dames-jas-met-bontkraag\/#breadcrumb"},"inLanguage":"es","potentialAction":[{"@type":"ReadAction","target":["https:\/\/versano.nl\/dames-jas-met-bontkraag\/"]}]},{"@type":"ImageObject","inLanguage":"es","@id":"https:\/\/versano.nl\/dames-jas-met-bontkraag\/#primaryimage","url":"https:\/\/versano.nl\/wp-content\/uploads\/sites\/2\/2018\/02\/dames-jas-met-bontkraag.jpg","contentUrl":"https:\/\/versano.nl\/wp-content\/uploads\/sites\/2\/2018\/02\/dames-jas-met-bontkraag.jpg"},{"@type":"BreadcrumbList","@id":"https:\/\/versano.nl\/dames-jas-met-bontkraag\/#breadcrumb","itemListElement":[{"@type":"ListItem","position":1,"name":"Home","item":"https:\/\/versano.nl\/"},{"@type":"ListItem","position":2,"name":"Dames jas met bontkraag"}]},{"@type":"WebSite","@id":"https:\/\/versano.nl\/#website","url":"https:\/\/versano.nl\/","name":"Versano","description":"abrigos de invierno con cuello de piel | chaquetas de cuero para mujer | chaquetas de cuero para hombre","potentialAction":[{"@type":"SearchAction","target":{"@type":"EntryPoint","urlTemplate":"https:\/\/versano.nl\/?s={search_term_string}"},"query-input":{"@type":"PropertyValueSpecification","valueRequired":true,"valueName":"search_term_string"}}],"inLanguage":"es"}]}},"_links":{"self":[{"href":"https:\/\/versano.nl\/es\/wp-json\/wp\/v2\/pages\/5470","targetHints":{"allow":["GET"]}}],"collection":[{"href":"https:\/\/versano.nl\/es\/wp-json\/wp\/v2\/pages"}],"about":[{"href":"https:\/\/versano.nl\/es\/wp-json\/wp\/v2\/types\/page"}],"author":[{"embeddable":true,"href":"https:\/\/versano.nl\/es\/wp-json\/wp\/v2\/users\/90"}],"replies":[{"embeddable":true,"href":"https:\/\/versano.nl\/es\/wp-json\/wp\/v2\/comments?post=5470"}],"version-history":[{"count":2,"href":"https:\/\/versano.nl\/es\/wp-json\/wp\/v2\/pages\/5470\/revisions"}],"predecessor-version":[{"id":7442,"href":"https:\/\/versano.nl\/es\/wp-json\/wp\/v2\/pages\/5470\/revisions\/7442"}],"wp:attachment":[{"href":"https:\/\/versano.nl\/es\/wp-json\/wp\/v2\/media?parent=5470"}],"curies":[{"name":"wp","href":"https:\/\/api.w.org\/{rel}","templated":true}]}}