{"id":27,"date":"2017-05-05T02:44:48","date_gmt":"2017-05-05T02:44:48","guid":{"rendered":"https:\/\/leathershopdoci.nl\/versano\/?page_id=27"},"modified":"2017-05-23T13:30:40","modified_gmt":"2017-05-23T13:30:40","slug":"privacy-policy","status":"publish","type":"page","link":"https:\/\/versano.nl\/es\/privacy-policy\/","title":{"rendered":"pol\u00edtica de privacidad"},"content":{"rendered":"<div class=\"wpb-content-wrapper\"><div  class=\"sec_row container\"><div class=\"vc_row wpb_row vc_row-fluid\"><div class=\"wpb_column vc_column_container vc_col-sm-12 et-dark-column\"><div class=\"vc_column-inner\"><div class=\"wpb_wrapper\">\n\t<div class=\"wpb_text_column wpb_content_element\" >\n\t\t<div class=\"wpb_wrapper\">\n\t\t\t<p>www.versano.nl privacidad<\/p>\n<p>Esta p\u00e1gina fue modificada por \u00faltima vez el 1 de diciembre el a\u00f1o 2016<\/p>\n<p>Somos conscientes de que se tiene confianza en nosotros. Consideramos que es nuestra responsabilidad de proteger su privacidad. Esta p\u00e1gina le permite saber qu\u00e9 informaci\u00f3n recopilamos cuando usted utiliza nuestro sitio web, \u00bfpor qu\u00e9 la recogemos y c\u00f3mo ayudar a mejorar su experiencia de usuario. Por lo que entiende exactamente c\u00f3mo trabajamos.<\/p>\n<p>Esta pol\u00edtica de privacidad se aplica a los servicios de www.versano.nl. Debe tener en cuenta que www.versano.nl no es responsable de las pr\u00e1cticas de privacidad de otros sitios y recursos. Mediante el uso de este sitio web usted acepta la pol\u00edtica de privacidad.<\/p>\n<p>www.versano.nl respeta la privacidad de todos los usuarios de su sitio y se asegura de que la informaci\u00f3n personal que proporcione es confidencial.<\/p>\n<p><strong>Nuestro uso de la informaci\u00f3n recopilada<\/strong><\/p>\n<p><strong>Usar nuestros servicios<\/strong><br \/>\nCuando se suscribe a cualquiera de nuestros servicios, le pedimos que nos proporcione informaci\u00f3n personal. Estos datos son utilizados para realizar el servicio. Los datos se almacenan en servidores seguros www.versano.nl o la de un tercero. No vamos a combinar estos datos con otros datos personales que tenemos.<\/p>\n<p><strong>comunicaciones<\/strong><br \/>\nAl enviar a nuestro correo electr\u00f3nico u otros mensajes, es posible que podamos conservar las comunicaciones. A veces le pedimos su informaci\u00f3n personal relevante para la situaci\u00f3n particular. Esto hace que sea posible para procesar sus preguntas y responder a sus peticiones. Los datos se almacenan en servidores seguros www.versano.nl o la de un tercero. No vamos a combinar estos datos con otros datos personales que tenemos.<\/p>\n<p><strong>prop\u00f3sitos<\/strong><br \/>\nRecopilar o utilizar la informaci\u00f3n para fines distintos de los fines descritos en esta pol\u00edtica de privacidad, a menos que tengamos su consentimiento previo obtenido previamente.<\/p>\n<p><strong>terceros<\/strong><br \/>\nLa informaci\u00f3n no es compartida con terceros, excepto para las aplicaciones web que utilizamos para el beneficio de nuestra tienda. Estas precauciones incluyen el sistema de clasificaci\u00f3n Webwinkelkeur. Estos datos s\u00f3lo ser\u00e1 utilizada para los fines de la aplicaci\u00f3n particular y no ser\u00e1 mayor propagaci\u00f3n. Adem\u00e1s se puede compartir la informaci\u00f3n internamente en algunos casos. Nuestros empleados est\u00e1n obligados a respetar la confidencialidad de su informaci\u00f3n.<\/p>\n<p><strong>cambios<\/strong><br \/>\nEsta declaraci\u00f3n de privacidad est\u00e1 dise\u00f1ada para el uso y capacidades de este sitio. Cualquier ajuste y \/ o cambios a este sitio, pueden conducir a cambios en esta declaraci\u00f3n de privacidad. Por tanto, es recomendable comprobar peri\u00f3dicamente esta declaraci\u00f3n de privacidad.<\/p>\n<p><strong>Las opciones para la informaci\u00f3n personal<\/strong><br \/>\nOfrecemos a todos los visitantes la oportunidad de ver, cambiar o borrar cualquier informaci\u00f3n personal proporcionada a nosotros en el tiempo.<\/p>\n<p>Editar \/ servicio de suscripci\u00f3n a las noticias<br \/>\nParte inferior de cada correo que va a encontrar la opci\u00f3n de cambiar sus datos o cerrar la sesi\u00f3n.<\/p>\n<p>Editar \/ comunicaci\u00f3n para darse de baja<br \/>\nSi desea cambiar sus datos o si desea obtener de nuestros archivos, por favor, p\u00f3ngase en contacto con nosotros. Ver datos de contacto de abajo.<\/p>\n<p><strong>desactivar las cookies<\/strong><br \/>\nLa mayor\u00eda de los navegadores est\u00e1n configurados para aceptar cookies, pero puede configurar su navegador para rechazar todas las cookies o para indicar cu\u00e1ndo se env\u00eda una cookie. Es posible que algunas funciones y servicios en nuestros sitios web y otros pueden no funcionar correctamente si las cookies est\u00e1n desactivadas en su navegador.<\/p>\n<p><strong>Preguntas y comentarios<\/strong><\/p>\n<p>Revisamos peri\u00f3dicamente nuestro cumplimiento de esta pol\u00edtica de privacidad. Si tiene alguna pregunta sobre esta pol\u00edtica de privacidad, por favor, p\u00f3ngase en contacto con nosotros:<\/p>\n<p>Versano (Mezam BV)<br \/>\nNell Bouwdewijn Calle 9<br \/>\n4822VV Breda<br \/>\n025 2514700<br \/>\nshop@versano.nl<\/p>\n\n\t\t<\/div>\n\t<\/div>\n<\/div><\/div><\/div><\/div><\/div>\n<\/div>","protected":false},"excerpt":{"rendered":"Privacybeleid www.versano.nl Deze pagina is voor het laatst aangepast op 1 december 2016 Wij zijn er van bewust dat u vertrouwen stelt in ons. Wij zien het dan ook als onze verantwoordelijkheid om uw privacy te beschermen. Op deze pagina laten we u weten welke gegevens we verzamelen als u [...]","protected":false},"author":90,"featured_media":0,"parent":0,"menu_order":0,"comment_status":"closed","ping_status":"closed","template":"","meta":{"footnotes":""},"class_list":["post-27","page","type-page","status-publish","hentry"],"yoast_head":"<!-- This site is optimized with the Yoast SEO plugin v27.2 - https:\/\/yoast.com\/product\/yoast-seo-wordpress\/ -->\n<title>Privacy Policy - Versano<\/title>\n<meta name=\"robots\" content=\"index, follow, max-snippet:-1, max-image-preview:large, max-video-preview:-1\" \/>\n<link rel=\"canonical\" href=\"https:\/\/versano.nl\/es\/privacy-policy\/\" \/>\n<meta property=\"og:locale\" content=\"es_ES\" \/>\n<meta property=\"og:type\" content=\"article\" \/>\n<meta property=\"og:title\" content=\"Privacy Policy - Versano\" \/>\n<meta property=\"og:url\" content=\"https:\/\/versano.nl\/es\/privacy-policy\/\" \/>\n<meta property=\"og:site_name\" content=\"Versano\" \/>\n<meta property=\"article:modified_time\" content=\"2017-05-23T13:30:40+00:00\" \/>\n<meta name=\"twitter:card\" content=\"summary_large_image\" \/>\n<meta name=\"twitter:label1\" content=\"Tiempo de lectura\" \/>\n\t<meta name=\"twitter:data1\" content=\"3 minutos\" \/>\n<script type=\"application\/ld+json\" class=\"yoast-schema-graph\">{\"@context\":\"https:\/\/schema.org\",\"@graph\":[{\"@type\":\"WebPage\",\"@id\":\"https:\/\/versano.nl\/privacy-policy\/\",\"url\":\"https:\/\/versano.nl\/privacy-policy\/\",\"name\":\"Privacy Policy - Versano\",\"isPartOf\":{\"@id\":\"https:\/\/versano.nl\/#website\"},\"datePublished\":\"2017-05-05T02:44:48+00:00\",\"dateModified\":\"2017-05-23T13:30:40+00:00\",\"breadcrumb\":{\"@id\":\"https:\/\/versano.nl\/privacy-policy\/#breadcrumb\"},\"inLanguage\":\"es\",\"potentialAction\":[{\"@type\":\"ReadAction\",\"target\":[\"https:\/\/versano.nl\/privacy-policy\/\"]}]},{\"@type\":\"BreadcrumbList\",\"@id\":\"https:\/\/versano.nl\/privacy-policy\/#breadcrumb\",\"itemListElement\":[{\"@type\":\"ListItem\",\"position\":1,\"name\":\"Home\",\"item\":\"https:\/\/versano.nl\/\"},{\"@type\":\"ListItem\",\"position\":2,\"name\":\"Privacy Policy\"}]},{\"@type\":\"WebSite\",\"@id\":\"https:\/\/versano.nl\/#website\",\"url\":\"https:\/\/versano.nl\/\",\"name\":\"Versano\",\"description\":\"winterjassen met bontkraag | leren dames jassen | leren heren jassen\",\"potentialAction\":[{\"@type\":\"SearchAction\",\"target\":{\"@type\":\"EntryPoint\",\"urlTemplate\":\"https:\/\/versano.nl\/?s={search_term_string}\"},\"query-input\":{\"@type\":\"PropertyValueSpecification\",\"valueRequired\":true,\"valueName\":\"search_term_string\"}}],\"inLanguage\":\"es\"}]}<\/script>\n<!-- \/ Yoast SEO plugin. -->","yoast_head_json":{"title":"Pol\u00edtica de privacidad - Versano","robots":{"index":"index","follow":"follow","max-snippet":"max-snippet:-1","max-image-preview":"max-image-preview:large","max-video-preview":"max-video-preview:-1"},"canonical":"https:\/\/versano.nl\/es\/privacy-policy\/","og_locale":"es_ES","og_type":"article","og_title":"Privacy Policy - Versano","og_url":"https:\/\/versano.nl\/es\/privacy-policy\/","og_site_name":"Versano","article_modified_time":"2017-05-23T13:30:40+00:00","twitter_card":"summary_large_image","twitter_misc":{"Tiempo de lectura":"3 minutos"},"schema":{"@context":"https:\/\/schema.org","@graph":[{"@type":"WebPage","@id":"https:\/\/versano.nl\/privacy-policy\/","url":"https:\/\/versano.nl\/privacy-policy\/","name":"Pol\u00edtica de privacidad - Versano","isPartOf":{"@id":"https:\/\/versano.nl\/#website"},"datePublished":"2017-05-05T02:44:48+00:00","dateModified":"2017-05-23T13:30:40+00:00","breadcrumb":{"@id":"https:\/\/versano.nl\/privacy-policy\/#breadcrumb"},"inLanguage":"es","potentialAction":[{"@type":"ReadAction","target":["https:\/\/versano.nl\/privacy-policy\/"]}]},{"@type":"BreadcrumbList","@id":"https:\/\/versano.nl\/privacy-policy\/#breadcrumb","itemListElement":[{"@type":"ListItem","position":1,"name":"Home","item":"https:\/\/versano.nl\/"},{"@type":"ListItem","position":2,"name":"Privacy Policy"}]},{"@type":"WebSite","@id":"https:\/\/versano.nl\/#website","url":"https:\/\/versano.nl\/","name":"Versano","description":"abrigos de invierno con cuello de piel | chaquetas de cuero para mujer | chaquetas de cuero para hombre","potentialAction":[{"@type":"SearchAction","target":{"@type":"EntryPoint","urlTemplate":"https:\/\/versano.nl\/?s={search_term_string}"},"query-input":{"@type":"PropertyValueSpecification","valueRequired":true,"valueName":"search_term_string"}}],"inLanguage":"es"}]}},"_links":{"self":[{"href":"https:\/\/versano.nl\/es\/wp-json\/wp\/v2\/pages\/27","targetHints":{"allow":["GET"]}}],"collection":[{"href":"https:\/\/versano.nl\/es\/wp-json\/wp\/v2\/pages"}],"about":[{"href":"https:\/\/versano.nl\/es\/wp-json\/wp\/v2\/types\/page"}],"author":[{"embeddable":true,"href":"https:\/\/versano.nl\/es\/wp-json\/wp\/v2\/users\/90"}],"replies":[{"embeddable":true,"href":"https:\/\/versano.nl\/es\/wp-json\/wp\/v2\/comments?post=27"}],"version-history":[{"count":2,"href":"https:\/\/versano.nl\/es\/wp-json\/wp\/v2\/pages\/27\/revisions"}],"predecessor-version":[{"id":5621,"href":"https:\/\/versano.nl\/es\/wp-json\/wp\/v2\/pages\/27\/revisions\/5621"}],"wp:attachment":[{"href":"https:\/\/versano.nl\/es\/wp-json\/wp\/v2\/media?parent=27"}],"curies":[{"name":"wp","href":"https:\/\/api.w.org\/{rel}","templated":true}]}}