{"id":9211,"date":"2015-03-21T13:39:59","date_gmt":"2015-03-21T13:39:59","guid":{"rendered":"http:\/\/leathershopdoci.nl\/shop\/leren-jas-heren-versano-tr36-blauw\/"},"modified":"2024-12-11T16:29:00","modified_gmt":"2024-12-11T16:29:00","slug":"leren-jas-heren-versano-tr36-blauw","status":"publish","type":"product","link":"https:\/\/versano.nl\/de\/shop\/leren-jas-heren-versano-tr36-blauw\/","title":{"rendered":"Lederjacke Herren blau TR36 Versano"},"content":{"rendered":"<h2>Lederjacke Herren blau TR36 Versano<\/h2>\n<p style=\"line-height: 18.0pt; margin: 0cm 0cm 16.5pt 0cm;\"><span style=\"font-size: 10.5pt; font-family: 'Arial',sans-serif; color: #282828;\">Wenn Sie auf der Suche nach einer Lederjacke sind, bei der Sie sich sicher sein k\u00f6nnen, dass sie bequem ist, dann schauen Sie einfach in unserem Sortiment vorbei. Bei My-Versano finden Sie wundersch\u00f6ne Jacken von Versano, einer Marke, die sich \u00fcber die Jahre einen guten Namen gemacht hat. Die <strong style=\"box-sizing: border-box;\"><span style=\"font-family: 'Arial',sans-serif; font-weight: normal;\">Lederjacke Herren blau TR36 Versano<\/span><\/strong>\u00a0ist eine weitere sch\u00f6ne Jacke, ein perfekt tailliertes Topmodell, das sich gut um Ihren K\u00f6rper schmiegt. Ein besonderes Basismodell dieser Jacke wurde von den talentierten Designern von Versano entworfen. Es ist eine Jacke mit zwei tiefen Seitentaschen mit Rei\u00dfverschluss, aber auch Taschen auf der Brust und den Armen. Eine sch\u00f6ne Innentasche ist bei diesem Modell nat\u00fcrlich auch dabei. Wir k\u00f6nnen Ihnen daher empfehlen, einen Blick in unser Sortiment dieser Jacke oder eines der vielen anderen Top-Modelle von Versano zu werfen.<\/span><\/p>\n<h2 style=\"box-sizing: border-box; margin: 11.25pt 0cm 11.25pt 0cm;\"><span style=\"font-size: 15pt; font-family: Arial, sans-serif; color: #282828;\">Modell TR36 in Blau bestellen<\/span><\/h2>\n<p style=\"line-height: 18.0pt; box-sizing: border-box; margin: 0cm 0cm 16.5pt 0cm;\"><span style=\"font-size: 10.5pt; font-family: 'Arial',sans-serif; color: #282828;\">Die Passform dieser Jacke ist schmal geschnitten und schmiegt sich somit perfekt an Ihren K\u00f6rper an. Dies ist ein wundersch\u00f6ner Mantel, der ganz im italienischen Stil ist. Mit anderen Worten, mit dieser Jacke m\u00fcssen Sie sich keine Sorgen machen, fehl am Platz zu wirken. Der TR36 ist in Schwarz, Blau und Cognac erh\u00e4ltlich. Wir empfehlen Ihnen daher, einfach zu schauen, welche Farbe Ihrer Meinung nach am besten zu Ihrem eigenen Stil passt. Bei uns k\u00f6nnen Sie ganz einfach die richtige Gr\u00f6\u00dfe anhand unserer smarten Anleitungsvideos ausw\u00e4hlen. Dann k\u00f6nnen Sie uns jederzeit per Mail oder WhatsApp kontaktieren. Unsere Mitarbeiter m\u00f6chten Ihnen helfen!<\/span><\/p>\n<p style=\"margin: 0cm; line-height: 18.0pt; box-sizing: border-box;\"><span style=\"font-size: 10.5pt; font-family: 'Arial',sans-serif; color: #282828;\">Marke:\u00a0<a style=\"box-sizing: border-box; color: inherit;\" href=\"https:\/\/versano.nl\/\"><span style=\"text-decoration: none; text-underline: none;\">Versano<\/span><\/a><br style=\"box-sizing: border-box;\" \/>Material: 100% Lammfell<br style=\"box-sizing: border-box;\" \/>Futter: 100% Polyester<br style=\"box-sizing: border-box;\" \/>L\u00e4nge: kurz<br style=\"box-sizing: border-box;\" \/>Passform: schmale Passform<br style=\"box-sizing: border-box;\" \/>Schlie\u00dfung: Rei\u00dfverschluss<br style=\"box-sizing: border-box;\" \/>Taschen: RV-Taschen<br style=\"box-sizing: border-box;\" \/>Kragen: Stehkragen<br style=\"box-sizing: border-box;\" \/>Material Au\u00dfenschicht: Sehr hohe Qualit\u00e4t und weiches Lammfell<br style=\"box-sizing: border-box;\" \/>Lieferzeit: 2-3 Werktage<\/span><\/p>","protected":false},"excerpt":{"rendered":"<p>W\u00c4HLEN SIE HIER EINE ANDERE FARBE<\/p>\n<p><a href=\"https:\/\/versano.nl\/shop\/leren-jas-heren-versano-tr36-zwart\/\"><img loading=\"lazy\" decoding=\"async\" class=\"alignnone size-full wp-image-19931\" src=\"https:\/\/versano.nl\/wp-content\/uploads\/sites\/2\/2016\/04\/heren-leren-jassen-zwart-versano-tr36-thumb.jpg\" alt=\"\" width=\"57\" height=\"75\" \/><\/a><a href=\"https:\/\/versano.nl\/shop\/leren-jas-heren-versano-tr36-cognac\/\"><img loading=\"lazy\" decoding=\"async\" class=\"alignnone size-full wp-image-19933\" src=\"https:\/\/versano.nl\/wp-content\/uploads\/sites\/2\/2016\/04\/leren-jassen-heren-cognac-versano-tr36-thumb.jpg\" alt=\"\" width=\"57\" height=\"75\" \/><\/a><\/p>\n<p style=\"margin: 0cm 0cm 11.25pt 0cm;\"><span style=\"font-size: 10.5pt; font-family: 'Arial',sans-serif; color: red;\">Fit Beratung:\u00a0<\/span><span style=\"font-size: 10.5pt; font-family: 'Arial',sans-serif; color: #5d5d5d;\">Die Passform dieser Jacke ist schmal geschnitten. Unser Model ist 1,75 cm gro\u00df und tr\u00e4gt Gr\u00f6\u00dfe M.<\/span><\/p>\n<p style=\"margin: 0cm 0cm 11.25pt 0cm;\"><span style=\"font-size: 10.5pt; font-family: 'Arial',sans-serif; color: #5d5d5d;\">Wenn Sie sich bei Ihren Ma\u00dfen nicht sicher sind, empfehlen wir Ihnen, zuerst Ihre Gr\u00f6\u00dfenma\u00dfe zu messen und sie mit unserer Gr\u00f6\u00dfentabelle zu vergleichen. Wenn Sie keine Erfahrung mit der Messung von Umfangsgr\u00f6\u00dfen haben, klicken Sie auf\u00a0<\/span><a href=\"https:\/\/www.youtube.com\/watch?v=3ZSfY87v6pM\"><em><span style=\"font-size: 10.5pt; font-family: 'Arial',sans-serif; text-decoration: none; text-underline: none;\">HIER<\/span><\/em><span style=\"font-size: 10.5pt; font-family: 'Arial',sans-serif; text-decoration: none; text-underline: none;\">\u00a0<\/span><\/a><span style=\"font-size: 10.5pt; font-family: 'Arial',sans-serif; color: #5d5d5d;\">\u00a0zu\u00a0<\/span><a href=\"https:\/\/www.youtube.com\/watch?v=3ZSfY87v6pM\"><em><span style=\"font-size: 10.5pt; font-family: 'Arial',sans-serif; color: red; text-decoration: none; text-underline: none;\">VIDEO<\/span><\/em><\/a><span style=\"font-size: 10.5pt; font-family: 'Arial',sans-serif; color: #5d5d5d;\">\u00a0 mit Anweisungen. Sie k\u00f6nnen uns auch direkt anrufen oder anrufen! Unsere Mitarbeiter stehen Ihnen jederzeit zur Verf\u00fcgung.<\/span><\/p>\n<p style=\"margin: 0cm;\"><strong><span style=\"font-size: 10.5pt; font-family: 'Arial',sans-serif; color: #5d5d5d;\">LIEFERZEIT :<\/span><\/strong><span style=\"font-size: 10.5pt; font-family: 'Arial',sans-serif; color: #5d5d5d;\">\u00a02 bis 3 Werktage.<\/span><\/p>","protected":false},"featured_media":20967,"comment_status":"closed","ping_status":"closed","template":"","meta":[],"product_brand":[],"product_cat":[1670,147,874,907,1671,908,1669,1712,913,910,882],"product_tag":[1691,1761,49,1692,1694,1776,1777,24,1721,1758,1708],"class_list":{"0":"post-9211","1":"product","2":"type-product","3":"status-publish","4":"has-post-thumbnail","6":"product_cat-heren-leren-jas","7":"product_cat-heren-leren-jassen","8":"product_cat-kort-leren-jasje","9":"product_cat-kort-leren-jasje-heren","10":"product_cat-leren-heren-jas","11":"product_cat-leren-heren-jassen","12":"product_cat-leren-jas-heren","13":"product_cat-leren-jassen","14":"product_cat-leren-jassen-heren-uitverkoop","15":"product_cat-leren-jassen-heren","16":"product_cat-versano","17":"product_tag-echt-leer-heren-jas","18":"product_tag-heren-jas-leer","19":"product_tag-heren-zwart","20":"product_tag-lamsleer-heren-jas","21":"product_tag-leren-heren-jas-in-sale","22":"product_tag-leren-jassen-versano","23":"product_tag-online-leren-jassen-heren","24":"product_tag-stoer-jasje-heren","25":"product_tag-uitverkoop-leren-heren-jas","26":"product_tag-versano-herencollectie","27":"product_tag-zomerjassen-heren","28":"tm-no-options","30":"first","31":"instock","32":"sale","33":"taxable","34":"shipping-taxable","35":"purchasable","36":"product-type-variable"},"yoast_head":"<!-- This site is optimized with the Yoast SEO plugin v27.2 - https:\/\/yoast.com\/product\/yoast-seo-wordpress\/ -->\n<title>Leren jas heren blauw TR36 Versano, Versano leren jassen voor heren<\/title>\n<meta name=\"description\" content=\"Op zoek naar een Leren jas heren blauw TR36 Versano? Dan bent u bij het bekede jassen merk Versano aan het juiste adres voor leren jassen.\" \/>\n<meta name=\"robots\" content=\"index, follow, max-snippet:-1, max-image-preview:large, max-video-preview:-1\" \/>\n<link rel=\"canonical\" href=\"https:\/\/versano.nl\/de\/shop\/leren-jas-heren-versano-tr36-blauw\/\" \/>\n<meta property=\"og:locale\" content=\"de_DE\" \/>\n<meta property=\"og:type\" content=\"article\" \/>\n<meta property=\"og:title\" content=\"Leren jas heren blauw TR36 Versano, Versano leren jassen voor heren\" \/>\n<meta property=\"og:description\" content=\"Op zoek naar een Leren jas heren blauw TR36 Versano? Dan bent u bij het bekede jassen merk Versano aan het juiste adres voor leren jassen.\" \/>\n<meta property=\"og:url\" content=\"https:\/\/versano.nl\/de\/shop\/leren-jas-heren-versano-tr36-blauw\/\" \/>\n<meta property=\"og:site_name\" content=\"Versano\" \/>\n<meta property=\"article:modified_time\" content=\"2024-12-11T16:29:00+00:00\" \/>\n<meta property=\"og:image\" content=\"https:\/\/versano.nl\/wp-content\/uploads\/2015\/03\/leren-heren-jassen-blauw-versano-tr36-voorkant.jpg\" \/>\n\t<meta property=\"og:image:width\" content=\"750\" \/>\n\t<meta property=\"og:image:height\" content=\"975\" \/>\n\t<meta property=\"og:image:type\" content=\"image\/jpeg\" \/>\n<meta name=\"twitter:card\" content=\"summary_large_image\" \/>\n<meta name=\"twitter:label1\" content=\"Gesch\u00e4tzte Lesezeit\" \/>\n\t<meta name=\"twitter:data1\" content=\"1\u00a0Minute\" \/>\n<script type=\"application\/ld+json\" class=\"yoast-schema-graph\">{\"@context\":\"https:\/\/schema.org\",\"@graph\":[{\"@type\":\"WebPage\",\"@id\":\"https:\/\/versano.nl\/shop\/leren-jas-heren-versano-tr36-blauw\/\",\"url\":\"https:\/\/versano.nl\/shop\/leren-jas-heren-versano-tr36-blauw\/\",\"name\":\"Leren jas heren blauw TR36 Versano, Versano leren jassen voor heren\",\"isPartOf\":{\"@id\":\"https:\/\/versano.nl\/#website\"},\"primaryImageOfPage\":{\"@id\":\"https:\/\/versano.nl\/shop\/leren-jas-heren-versano-tr36-blauw\/#primaryimage\"},\"image\":{\"@id\":\"https:\/\/versano.nl\/shop\/leren-jas-heren-versano-tr36-blauw\/#primaryimage\"},\"thumbnailUrl\":\"https:\/\/versano.nl\/wp-content\/uploads\/2015\/03\/leren-heren-jassen-blauw-versano-tr36-voorkant.jpg\",\"datePublished\":\"2015-03-21T13:39:59+00:00\",\"dateModified\":\"2024-12-11T16:29:00+00:00\",\"description\":\"Op zoek naar een Leren jas heren blauw TR36 Versano? Dan bent u bij het bekede jassen merk Versano aan het juiste adres voor leren jassen.\",\"breadcrumb\":{\"@id\":\"https:\/\/versano.nl\/shop\/leren-jas-heren-versano-tr36-blauw\/#breadcrumb\"},\"inLanguage\":\"de\",\"potentialAction\":[{\"@type\":\"ReadAction\",\"target\":[\"https:\/\/versano.nl\/shop\/leren-jas-heren-versano-tr36-blauw\/\"]}]},{\"@type\":\"ImageObject\",\"inLanguage\":\"de\",\"@id\":\"https:\/\/versano.nl\/shop\/leren-jas-heren-versano-tr36-blauw\/#primaryimage\",\"url\":\"https:\/\/versano.nl\/wp-content\/uploads\/2015\/03\/leren-heren-jassen-blauw-versano-tr36-voorkant.jpg\",\"contentUrl\":\"https:\/\/versano.nl\/wp-content\/uploads\/2015\/03\/leren-heren-jassen-blauw-versano-tr36-voorkant.jpg\",\"width\":750,\"height\":975,\"caption\":\"Leren jas heren blauw TR36 Versano\"},{\"@type\":\"BreadcrumbList\",\"@id\":\"https:\/\/versano.nl\/shop\/leren-jas-heren-versano-tr36-blauw\/#breadcrumb\",\"itemListElement\":[{\"@type\":\"ListItem\",\"position\":1,\"name\":\"Home\",\"item\":\"https:\/\/versano.nl\/\"},{\"@type\":\"ListItem\",\"position\":2,\"name\":\"Shop\",\"item\":\"https:\/\/versano.nl\/shop\/\"},{\"@type\":\"ListItem\",\"position\":3,\"name\":\"Leren jas heren blauw TR36 Versano\"}]},{\"@type\":\"WebSite\",\"@id\":\"https:\/\/versano.nl\/#website\",\"url\":\"https:\/\/versano.nl\/\",\"name\":\"Versano\",\"description\":\"winterjassen met bontkraag | leren dames jassen | leren heren jassen\",\"potentialAction\":[{\"@type\":\"SearchAction\",\"target\":{\"@type\":\"EntryPoint\",\"urlTemplate\":\"https:\/\/versano.nl\/?s={search_term_string}\"},\"query-input\":{\"@type\":\"PropertyValueSpecification\",\"valueRequired\":true,\"valueName\":\"search_term_string\"}}],\"inLanguage\":\"de\"}]}<\/script>\n<!-- \/ Yoast SEO plugin. -->","yoast_head_json":{"title":"Lederjacke Herren blau TR36 Versano, Versano Lederjacken f\u00fcr Herren","description":"Auf der Suche nach einer Lederjacke Herren blau TR36 Versano? Dann sind Sie bei der beschichteten Jackenmarke Versano f\u00fcr Lederjacken genau richtig.","robots":{"index":"index","follow":"follow","max-snippet":"max-snippet:-1","max-image-preview":"max-image-preview:large","max-video-preview":"max-video-preview:-1"},"canonical":"https:\/\/versano.nl\/de\/shop\/leren-jas-heren-versano-tr36-blauw\/","og_locale":"de_DE","og_type":"article","og_title":"Leren jas heren blauw TR36 Versano, Versano leren jassen voor heren","og_description":"Op zoek naar een Leren jas heren blauw TR36 Versano? Dan bent u bij het bekede jassen merk Versano aan het juiste adres voor leren jassen.","og_url":"https:\/\/versano.nl\/de\/shop\/leren-jas-heren-versano-tr36-blauw\/","og_site_name":"Versano","article_modified_time":"2024-12-11T16:29:00+00:00","og_image":[{"width":750,"height":975,"url":"https:\/\/versano.nl\/wp-content\/uploads\/2015\/03\/leren-heren-jassen-blauw-versano-tr36-voorkant.jpg","type":"image\/jpeg"}],"twitter_card":"summary_large_image","twitter_misc":{"Gesch\u00e4tzte Lesezeit":"1\u00a0Minute"},"schema":{"@context":"https:\/\/schema.org","@graph":[{"@type":"WebPage","@id":"https:\/\/versano.nl\/shop\/leren-jas-heren-versano-tr36-blauw\/","url":"https:\/\/versano.nl\/shop\/leren-jas-heren-versano-tr36-blauw\/","name":"Lederjacke Herren blau TR36 Versano, Versano Lederjacken f\u00fcr Herren","isPartOf":{"@id":"https:\/\/versano.nl\/#website"},"primaryImageOfPage":{"@id":"https:\/\/versano.nl\/shop\/leren-jas-heren-versano-tr36-blauw\/#primaryimage"},"image":{"@id":"https:\/\/versano.nl\/shop\/leren-jas-heren-versano-tr36-blauw\/#primaryimage"},"thumbnailUrl":"https:\/\/versano.nl\/wp-content\/uploads\/2015\/03\/leren-heren-jassen-blauw-versano-tr36-voorkant.jpg","datePublished":"2015-03-21T13:39:59+00:00","dateModified":"2024-12-11T16:29:00+00:00","description":"Auf der Suche nach einer Lederjacke Herren blau TR36 Versano? Dann sind Sie bei der beschichteten Jackenmarke Versano f\u00fcr Lederjacken genau richtig.","breadcrumb":{"@id":"https:\/\/versano.nl\/shop\/leren-jas-heren-versano-tr36-blauw\/#breadcrumb"},"inLanguage":"de","potentialAction":[{"@type":"ReadAction","target":["https:\/\/versano.nl\/shop\/leren-jas-heren-versano-tr36-blauw\/"]}]},{"@type":"ImageObject","inLanguage":"de","@id":"https:\/\/versano.nl\/shop\/leren-jas-heren-versano-tr36-blauw\/#primaryimage","url":"https:\/\/versano.nl\/wp-content\/uploads\/2015\/03\/leren-heren-jassen-blauw-versano-tr36-voorkant.jpg","contentUrl":"https:\/\/versano.nl\/wp-content\/uploads\/2015\/03\/leren-heren-jassen-blauw-versano-tr36-voorkant.jpg","width":750,"height":975,"caption":"Leren jas heren blauw TR36 Versano"},{"@type":"BreadcrumbList","@id":"https:\/\/versano.nl\/shop\/leren-jas-heren-versano-tr36-blauw\/#breadcrumb","itemListElement":[{"@type":"ListItem","position":1,"name":"Home","item":"https:\/\/versano.nl\/"},{"@type":"ListItem","position":2,"name":"Shop","item":"https:\/\/versano.nl\/shop\/"},{"@type":"ListItem","position":3,"name":"Leren jas heren blauw TR36 Versano"}]},{"@type":"WebSite","@id":"https:\/\/versano.nl\/#website","url":"https:\/\/versano.nl\/","name":"Versano","description":"Winterm\u00e4ntel mit Pelzkragen | Damen Lederjacken | Herren Lederjacken","potentialAction":[{"@type":"SearchAction","target":{"@type":"EntryPoint","urlTemplate":"https:\/\/versano.nl\/?s={search_term_string}"},"query-input":{"@type":"PropertyValueSpecification","valueRequired":true,"valueName":"search_term_string"}}],"inLanguage":"de"}]}},"_links":{"self":[{"href":"https:\/\/versano.nl\/de\/wp-json\/wp\/v2\/product\/9211","targetHints":{"allow":["GET"]}}],"collection":[{"href":"https:\/\/versano.nl\/de\/wp-json\/wp\/v2\/product"}],"about":[{"href":"https:\/\/versano.nl\/de\/wp-json\/wp\/v2\/types\/product"}],"replies":[{"embeddable":true,"href":"https:\/\/versano.nl\/de\/wp-json\/wp\/v2\/comments?post=9211"}],"wp:featuredmedia":[{"embeddable":true,"href":"https:\/\/versano.nl\/de\/wp-json\/wp\/v2\/media\/20967"}],"wp:attachment":[{"href":"https:\/\/versano.nl\/de\/wp-json\/wp\/v2\/media?parent=9211"}],"wp:term":[{"taxonomy":"product_brand","embeddable":true,"href":"https:\/\/versano.nl\/de\/wp-json\/wp\/v2\/product_brand?post=9211"},{"taxonomy":"product_cat","embeddable":true,"href":"https:\/\/versano.nl\/de\/wp-json\/wp\/v2\/product_cat?post=9211"},{"taxonomy":"product_tag","embeddable":true,"href":"https:\/\/versano.nl\/de\/wp-json\/wp\/v2\/product_tag?post=9211"}],"curies":[{"name":"wp","href":"https:\/\/api.w.org\/{rel}","templated":true}]}}