{"id":9178,"date":"2018-06-19T22:21:49","date_gmt":"2018-06-19T22:21:49","guid":{"rendered":"https:\/\/leathershopdoci.nl\/?post_type=product&#038;p=17492"},"modified":"2024-12-11T16:23:04","modified_gmt":"2024-12-11T16:23:04","slug":"heren-bomberjack-echt-leer-blauw-versano-tr-48","status":"publish","type":"product","link":"https:\/\/versano.nl\/de\/shop\/heren-bomberjack-echt-leer-blauw-versano-tr-48\/","title":{"rendered":"Bomberjacke Herren Leder TR48 blau Versano"},"content":{"rendered":"<h2>Bomberjacke Herren Leder TR48 blau Versano<\/h2>\n<p>Auf der Suche nach einer Alltagsjacke f\u00fcr jede Jahreszeit? Dann machen Sie mit der Bomberjacke Herren Leder TR48 blau Versano in Lammleder eine gute Figur. Bomberjacken waren schon immer Teil der Modeszene, aber in letzter Zeit sieht man diese Pilotenjacken f\u00fcr M\u00e4nner immer h\u00e4ufiger. Mit der TR48 von Versano bekommst du ein sch\u00f6nes Basic aber auch eine coole Leder Herrenjacke. Dieses coole Bomberjacken-Modell ist komplett aus geschmeidigem Lammleder gefertigt und hat den typischen Biker-Look an den Schultern. Diese Jacke passt wie angegossen durch das perfekte Lammleder. Die Jacke ist mit 2 Rei\u00dfverschlusstaschen ausgestattet und an den \u00c4rmeln, dem Stehkragen und der Taille gerippt. Wenn Sie die Bomberjacke in einer anderen Farbe bevorzugen, ist die Jacke auch in Gr\u00fcn und Schwarz erh\u00e4ltlich. Wir empfehlen daher, einfach mal zu schauen, welche Farbe Ihrer Meinung nach am besten zu Ihrem eigenen Stil passt.<\/p>\n<h2>Modell TR48 in Blau bestellen<\/h2>\n<p>Mit dieser Jacke kannst du dir sicher sein, dass dir schon bald eine neue Jacke um die Schultern h\u00e4ngt, in der du zu sehen bist. Dies ist eine sch\u00f6ne Slim-Fit-Jacke, die ganz im italienischen Stil ist. Mit anderen Worten, mit dieser Jacke m\u00fcssen Sie sich keine Sorgen machen, fehl am Platz zu wirken. Dieses Modell k\u00f6nnen Sie ganz einfach auf unserer Website in verschiedenen Farben bestellen. Haben Sie Fragen oder sind Sie sich nicht sicher, welche Gr\u00f6\u00dfe Sie bestellen sollen? Dann k\u00f6nnen Sie uns jederzeit per Mail oder WhatsApp kontaktieren. Unsere Mitarbeiter m\u00f6chten Ihnen helfen!<\/p>\n<p>Marke:\u00a0<a href=\"https:\/\/versano.nl\/\">Versano<\/a><br \/>\nMaterial: 100% Lammfell<br \/>\nFutter: 100% Polyester<br \/>\nL\u00e4nge: kurz<br \/>\nPassform: schmale Passform<br \/>\nSchlie\u00dfung: Rei\u00dfverschluss<br \/>\nTaschen: RV-Taschen<br \/>\nKragen: Stehkragen<br \/>\nMaterial Au\u00dfenschicht: Sehr hohe Qualit\u00e4t und weiches Lammfell<br \/>\nLieferzeit: 2-3 Werktage<\/p>","protected":false},"excerpt":{"rendered":"<p>W\u00c4HLEN SIE HIER EINE ANDERE FARBE<\/p>\n<p><a href=\"https:\/\/versano.nl\/shop\/heren-bomberjack-echt-leer-groen-versano-tr-48\/\"><img loading=\"lazy\" decoding=\"async\" class=\"alignnone size-full wp-image-19896\" src=\"https:\/\/versano.nl\/wp-content\/uploads\/sites\/2\/2018\/06\/heren-bomberjack-leer-groen-versano-tr48-thumb.jpg\" alt=\"\" width=\"57\" height=\"75\" \/><\/a><a href=\"https:\/\/versano.nl\/shop\/heren-bomberjack-zwart-echt-leer-versano-tr-48\/\"><img loading=\"lazy\" decoding=\"async\" class=\"alignnone size-full wp-image-19897\" src=\"https:\/\/versano.nl\/wp-content\/uploads\/sites\/2\/2018\/06\/heren-bomberjack-leer-zwart-versano-tr48-thumb.jpg\" alt=\"\" width=\"57\" height=\"75\" \/><\/a><\/p>\n<p><span style=\"color: #ff0000;\">Fit Beratung:<\/span>\u00a0Die Passform dieser Jacke ist schmal geschnitten. Unser Model ist 1,75 cm gro\u00df und tr\u00e4gt Gr\u00f6\u00dfe M.<\/p>\n<p>Wenn Sie sich bei Ihren Ma\u00dfen nicht sicher sind, empfehlen wir Ihnen, zuerst Ihre Gr\u00f6\u00dfenma\u00dfe zu messen und sie mit unserer Gr\u00f6\u00dfentabelle zu vergleichen. Wenn Sie keine Erfahrung mit der Messung von Umfangsgr\u00f6\u00dfen haben, klicken Sie auf\u00a0<a href=\"https:\/\/www.youtube.com\/watch?v=3ZSfY87v6pM\"><em>HIER<\/em>\u00a0<\/a>\u00a0zu\u00a0<span style=\"color: #ff0000;\"><a style=\"color: #ff0000;\" href=\"https:\/\/www.youtube.com\/watch?v=3ZSfY87v6pM\"><em>VIDEO<\/em><\/a>\u00a0<\/span> mit Anweisungen. Sie k\u00f6nnen uns auch direkt anrufen oder anrufen! Unsere Mitarbeiter stehen Ihnen jederzeit zur Verf\u00fcgung.<\/p>\n<p><strong>LIEFERZEIT :<\/strong>\u00a02 bis 3 Werktage.<\/p>","protected":false},"featured_media":20741,"comment_status":"open","ping_status":"closed","template":"","meta":[],"product_brand":[],"product_cat":[1672,1670,147,874,907,912,1671,908,1669,1712,913,910,882],"product_tag":[1028,1029,1015,1681,1682,1030,1685,1017,1031,1032,1684,1033,1034,1018,1683,105],"class_list":{"0":"post-9178","1":"product","2":"type-product","3":"status-publish","4":"has-post-thumbnail","6":"product_cat-biker-jas-heren","7":"product_cat-heren-leren-jas","8":"product_cat-heren-leren-jassen","9":"product_cat-kort-leren-jasje","10":"product_cat-kort-leren-jasje-heren","11":"product_cat-leren-bikerjacks-heren","12":"product_cat-leren-heren-jas","13":"product_cat-leren-heren-jassen","14":"product_cat-leren-jas-heren","15":"product_cat-leren-jassen","16":"product_cat-leren-jassen-heren-uitverkoop","17":"product_cat-leren-jassen-heren","18":"product_cat-versano","19":"product_tag-blauwe-bomberjack","20":"product_tag-blauwe-heren-bomberjack","21":"product_tag-bomberjack-heren","22":"product_tag-bomberjas-heren-leer","23":"product_tag-goedkope-leren-jassen","24":"product_tag-heren-bomberjack-blauw","25":"product_tag-italiaanse-leren-jassen","26":"product_tag-leren-heren-bomberjack","27":"product_tag-leren-heren-bomberjack-blauw","28":"product_tag-leren-heren-jack-blauw","29":"product_tag-leren-heren-jassen-in-sale","30":"product_tag-leren-jassen-blauw","31":"product_tag-leren-piloten-jas-blauw","32":"product_tag-piloten-bomberjack","33":"product_tag-uitverkoop-heren-leren-jassen","34":"product_tag-versano-leren-jassen","35":"product_shipping_class-verzendkosten-1","36":"tm-no-options","38":"first","39":"instock","40":"taxable","41":"shipping-taxable","42":"purchasable","43":"product-type-variable"},"yoast_head":"<!-- This site is optimized with the Yoast SEO plugin v27.2 - https:\/\/yoast.com\/product\/yoast-seo-wordpress\/ -->\n<title>Bomberjas heren leer TR48 blauw Versano, piloten bomberjas<\/title>\n<meta name=\"description\" content=\"Bent u op zoek naar een Bomberjas heren leer TR48 blauw Versano? Bij Versano bent u bij het juiste ades voor een leren heren jas.\" \/>\n<meta name=\"robots\" content=\"index, follow, max-snippet:-1, max-image-preview:large, max-video-preview:-1\" \/>\n<link rel=\"canonical\" href=\"https:\/\/versano.nl\/de\/shop\/heren-bomberjack-echt-leer-blauw-versano-tr-48\/\" \/>\n<meta property=\"og:locale\" content=\"de_DE\" \/>\n<meta property=\"og:type\" content=\"article\" \/>\n<meta property=\"og:title\" content=\"Bomberjas heren leer TR48 blauw Versano, piloten bomberjas\" \/>\n<meta property=\"og:description\" content=\"Bent u op zoek naar een Bomberjas heren leer TR48 blauw Versano? Bij Versano bent u bij het juiste ades voor een leren heren jas.\" \/>\n<meta property=\"og:url\" content=\"https:\/\/versano.nl\/de\/shop\/heren-bomberjack-echt-leer-blauw-versano-tr-48\/\" \/>\n<meta property=\"og:site_name\" content=\"Versano\" \/>\n<meta property=\"article:modified_time\" content=\"2024-12-11T16:23:04+00:00\" \/>\n<meta property=\"og:image\" content=\"https:\/\/versano.nl\/wp-content\/uploads\/2018\/06\/heren-bomberjack-leer-blauw-versano-tr48-model-voorkant4.jpg\" \/>\n\t<meta property=\"og:image:width\" content=\"900\" \/>\n\t<meta property=\"og:image:height\" content=\"1176\" \/>\n\t<meta property=\"og:image:type\" content=\"image\/jpeg\" \/>\n<meta name=\"twitter:card\" content=\"summary_large_image\" \/>\n<meta name=\"twitter:label1\" content=\"Gesch\u00e4tzte Lesezeit\" \/>\n\t<meta name=\"twitter:data1\" content=\"2\u00a0Minuten\" \/>\n<script type=\"application\/ld+json\" class=\"yoast-schema-graph\">{\"@context\":\"https:\/\/schema.org\",\"@graph\":[{\"@type\":\"WebPage\",\"@id\":\"https:\/\/versano.nl\/shop\/heren-bomberjack-echt-leer-blauw-versano-tr-48\/\",\"url\":\"https:\/\/versano.nl\/shop\/heren-bomberjack-echt-leer-blauw-versano-tr-48\/\",\"name\":\"Bomberjas heren leer TR48 blauw Versano, piloten bomberjas\",\"isPartOf\":{\"@id\":\"https:\/\/versano.nl\/#website\"},\"primaryImageOfPage\":{\"@id\":\"https:\/\/versano.nl\/shop\/heren-bomberjack-echt-leer-blauw-versano-tr-48\/#primaryimage\"},\"image\":{\"@id\":\"https:\/\/versano.nl\/shop\/heren-bomberjack-echt-leer-blauw-versano-tr-48\/#primaryimage\"},\"thumbnailUrl\":\"https:\/\/versano.nl\/wp-content\/uploads\/2018\/06\/heren-bomberjack-leer-blauw-versano-tr48-model-voorkant4.jpg\",\"datePublished\":\"2018-06-19T22:21:49+00:00\",\"dateModified\":\"2024-12-11T16:23:04+00:00\",\"description\":\"Bent u op zoek naar een Bomberjas heren leer TR48 blauw Versano? Bij Versano bent u bij het juiste ades voor een leren heren jas.\",\"breadcrumb\":{\"@id\":\"https:\/\/versano.nl\/shop\/heren-bomberjack-echt-leer-blauw-versano-tr-48\/#breadcrumb\"},\"inLanguage\":\"de\",\"potentialAction\":[{\"@type\":\"ReadAction\",\"target\":[\"https:\/\/versano.nl\/shop\/heren-bomberjack-echt-leer-blauw-versano-tr-48\/\"]}]},{\"@type\":\"ImageObject\",\"inLanguage\":\"de\",\"@id\":\"https:\/\/versano.nl\/shop\/heren-bomberjack-echt-leer-blauw-versano-tr-48\/#primaryimage\",\"url\":\"https:\/\/versano.nl\/wp-content\/uploads\/2018\/06\/heren-bomberjack-leer-blauw-versano-tr48-model-voorkant4.jpg\",\"contentUrl\":\"https:\/\/versano.nl\/wp-content\/uploads\/2018\/06\/heren-bomberjack-leer-blauw-versano-tr48-model-voorkant4.jpg\",\"width\":900,\"height\":1176,\"caption\":\"Bomberjas heren leer TR48 blauw Versano\"},{\"@type\":\"BreadcrumbList\",\"@id\":\"https:\/\/versano.nl\/shop\/heren-bomberjack-echt-leer-blauw-versano-tr-48\/#breadcrumb\",\"itemListElement\":[{\"@type\":\"ListItem\",\"position\":1,\"name\":\"Home\",\"item\":\"https:\/\/versano.nl\/\"},{\"@type\":\"ListItem\",\"position\":2,\"name\":\"Shop\",\"item\":\"https:\/\/versano.nl\/shop\/\"},{\"@type\":\"ListItem\",\"position\":3,\"name\":\"Bomberjas heren leer TR48 blauw Versano\"}]},{\"@type\":\"WebSite\",\"@id\":\"https:\/\/versano.nl\/#website\",\"url\":\"https:\/\/versano.nl\/\",\"name\":\"Versano\",\"description\":\"winterjassen met bontkraag | leren dames jassen | leren heren jassen\",\"potentialAction\":[{\"@type\":\"SearchAction\",\"target\":{\"@type\":\"EntryPoint\",\"urlTemplate\":\"https:\/\/versano.nl\/?s={search_term_string}\"},\"query-input\":{\"@type\":\"PropertyValueSpecification\",\"valueRequired\":true,\"valueName\":\"search_term_string\"}}],\"inLanguage\":\"de\"}]}<\/script>\n<!-- \/ Yoast SEO plugin. -->","yoast_head_json":{"title":"Bomberjacke Herren Leder TR48 blau Versano, Bomberjacke Pilot","description":"Suchen Sie eine Bomberjacke Herren Leder TR48 blau Versano? Bei Versano sind Sie an der richtigen Adresse f\u00fcr eine Lederjacke f\u00fcr Herren.","robots":{"index":"index","follow":"follow","max-snippet":"max-snippet:-1","max-image-preview":"max-image-preview:large","max-video-preview":"max-video-preview:-1"},"canonical":"https:\/\/versano.nl\/de\/shop\/heren-bomberjack-echt-leer-blauw-versano-tr-48\/","og_locale":"de_DE","og_type":"article","og_title":"Bomberjas heren leer TR48 blauw Versano, piloten bomberjas","og_description":"Bent u op zoek naar een Bomberjas heren leer TR48 blauw Versano? Bij Versano bent u bij het juiste ades voor een leren heren jas.","og_url":"https:\/\/versano.nl\/de\/shop\/heren-bomberjack-echt-leer-blauw-versano-tr-48\/","og_site_name":"Versano","article_modified_time":"2024-12-11T16:23:04+00:00","og_image":[{"width":900,"height":1176,"url":"https:\/\/versano.nl\/wp-content\/uploads\/2018\/06\/heren-bomberjack-leer-blauw-versano-tr48-model-voorkant4.jpg","type":"image\/jpeg"}],"twitter_card":"summary_large_image","twitter_misc":{"Gesch\u00e4tzte Lesezeit":"2\u00a0Minuten"},"schema":{"@context":"https:\/\/schema.org","@graph":[{"@type":"WebPage","@id":"https:\/\/versano.nl\/shop\/heren-bomberjack-echt-leer-blauw-versano-tr-48\/","url":"https:\/\/versano.nl\/shop\/heren-bomberjack-echt-leer-blauw-versano-tr-48\/","name":"Bomberjacke Herren Leder TR48 blau Versano, Bomberjacke Pilot","isPartOf":{"@id":"https:\/\/versano.nl\/#website"},"primaryImageOfPage":{"@id":"https:\/\/versano.nl\/shop\/heren-bomberjack-echt-leer-blauw-versano-tr-48\/#primaryimage"},"image":{"@id":"https:\/\/versano.nl\/shop\/heren-bomberjack-echt-leer-blauw-versano-tr-48\/#primaryimage"},"thumbnailUrl":"https:\/\/versano.nl\/wp-content\/uploads\/2018\/06\/heren-bomberjack-leer-blauw-versano-tr48-model-voorkant4.jpg","datePublished":"2018-06-19T22:21:49+00:00","dateModified":"2024-12-11T16:23:04+00:00","description":"Suchen Sie eine Bomberjacke Herren Leder TR48 blau Versano? Bei Versano sind Sie an der richtigen Adresse f\u00fcr eine Lederjacke f\u00fcr Herren.","breadcrumb":{"@id":"https:\/\/versano.nl\/shop\/heren-bomberjack-echt-leer-blauw-versano-tr-48\/#breadcrumb"},"inLanguage":"de","potentialAction":[{"@type":"ReadAction","target":["https:\/\/versano.nl\/shop\/heren-bomberjack-echt-leer-blauw-versano-tr-48\/"]}]},{"@type":"ImageObject","inLanguage":"de","@id":"https:\/\/versano.nl\/shop\/heren-bomberjack-echt-leer-blauw-versano-tr-48\/#primaryimage","url":"https:\/\/versano.nl\/wp-content\/uploads\/2018\/06\/heren-bomberjack-leer-blauw-versano-tr48-model-voorkant4.jpg","contentUrl":"https:\/\/versano.nl\/wp-content\/uploads\/2018\/06\/heren-bomberjack-leer-blauw-versano-tr48-model-voorkant4.jpg","width":900,"height":1176,"caption":"Bomberjas heren leer TR48 blauw Versano"},{"@type":"BreadcrumbList","@id":"https:\/\/versano.nl\/shop\/heren-bomberjack-echt-leer-blauw-versano-tr-48\/#breadcrumb","itemListElement":[{"@type":"ListItem","position":1,"name":"Home","item":"https:\/\/versano.nl\/"},{"@type":"ListItem","position":2,"name":"Shop","item":"https:\/\/versano.nl\/shop\/"},{"@type":"ListItem","position":3,"name":"Bomberjas heren leer TR48 blauw Versano"}]},{"@type":"WebSite","@id":"https:\/\/versano.nl\/#website","url":"https:\/\/versano.nl\/","name":"Versano","description":"Winterm\u00e4ntel mit Pelzkragen | Damen Lederjacken | Herren Lederjacken","potentialAction":[{"@type":"SearchAction","target":{"@type":"EntryPoint","urlTemplate":"https:\/\/versano.nl\/?s={search_term_string}"},"query-input":{"@type":"PropertyValueSpecification","valueRequired":true,"valueName":"search_term_string"}}],"inLanguage":"de"}]}},"_links":{"self":[{"href":"https:\/\/versano.nl\/de\/wp-json\/wp\/v2\/product\/9178","targetHints":{"allow":["GET"]}}],"collection":[{"href":"https:\/\/versano.nl\/de\/wp-json\/wp\/v2\/product"}],"about":[{"href":"https:\/\/versano.nl\/de\/wp-json\/wp\/v2\/types\/product"}],"replies":[{"embeddable":true,"href":"https:\/\/versano.nl\/de\/wp-json\/wp\/v2\/comments?post=9178"}],"wp:featuredmedia":[{"embeddable":true,"href":"https:\/\/versano.nl\/de\/wp-json\/wp\/v2\/media\/20741"}],"wp:attachment":[{"href":"https:\/\/versano.nl\/de\/wp-json\/wp\/v2\/media?parent=9178"}],"wp:term":[{"taxonomy":"product_brand","embeddable":true,"href":"https:\/\/versano.nl\/de\/wp-json\/wp\/v2\/product_brand?post=9178"},{"taxonomy":"product_cat","embeddable":true,"href":"https:\/\/versano.nl\/de\/wp-json\/wp\/v2\/product_cat?post=9178"},{"taxonomy":"product_tag","embeddable":true,"href":"https:\/\/versano.nl\/de\/wp-json\/wp\/v2\/product_tag?post=9178"}],"curies":[{"name":"wp","href":"https:\/\/api.w.org\/{rel}","templated":true}]}}