{"id":9149,"date":"2018-06-19T21:44:50","date_gmt":"2018-06-19T21:44:50","guid":{"rendered":"https:\/\/leathershopdoci.nl\/?post_type=product&#038;p=17473"},"modified":"2024-12-11T16:23:30","modified_gmt":"2024-12-11T16:23:30","slug":"korte-leren-heren-jas-tr48-groen-versano","status":"publish","type":"product","link":"https:\/\/versano.nl\/de\/shop\/korte-leren-heren-jas-tr48-groen-versano\/","title":{"rendered":"Kurze Leder Herrenjacke TR48 gr\u00fcn Versano"},"content":{"rendered":"<h2>Kurze Leder Herrenjacke TR48 gr\u00fcn Versano<\/h2>\n<p>Auf der Suche nach einer Alltagsjacke f\u00fcr jede Jahreszeit? Dann kannst du mit der Short Leder Herrenjacke TR48 gr\u00fcn Versano in Lammleder gut aussehen. Bomberjacken waren schon immer Teil der Modeszene, aber in letzter Zeit sieht man diese Herren Pilotenjacken immer h\u00e4ufiger. Mit der TR48 von Versano bekommst du ein sch\u00f6nes Basic aber auch eine coole Herren Lederjacke. Dieses coole Bomberjacken-Modell ist komplett aus geschmeidigem Lammleder gefertigt und hat den typischen Biker-Look an den Schultern. Durch das perfekte Lammleder sitzt diese Jacke wie angegossen. Die Jacke ist mit 2 Rei\u00dfverschlusstaschen ausgestattet und an \u00c4rmeln, Stehkragen und der Taille gerippt. Wenn Sie die Bomberjacke in einer anderen Farbe bevorzugen, ist die Jacke auch in Blau und Schwarz erh\u00e4ltlich. Wir empfehlen Ihnen daher, einfach zu schauen, welche Farbe Ihrer Meinung nach am besten zu Ihrem eigenen Stil passt.<\/p>\n<h2>Modell TR48 in gr\u00fcn bestellen<\/h2>\n<p>Mit dieser Jacke kannst du dir sicher sein, dass dir schon bald eine neue Jacke um die Schultern h\u00e4ngt, in der du zu sehen bist. Dies ist eine sch\u00f6ne Slim-Fit-Jacke, die ganz im italienischen Stil ist. Mit anderen Worten, mit dieser Jacke m\u00fcssen Sie sich keine Sorgen machen, fehl am Platz zu wirken. Dieses Modell k\u00f6nnen Sie ganz einfach auf unserer Website in verschiedenen Farben bestellen. Haben Sie Fragen oder sind Sie sich nicht sicher, welche Gr\u00f6\u00dfe Sie bestellen sollen? Dann k\u00f6nnen Sie uns jederzeit per Mail oder WhatsApp kontaktieren. Unsere Mitarbeiter m\u00f6chten Ihnen helfen!<\/p>\n<p>Marke:\u00a0<a href=\"https:\/\/versano.nl\/\">Versano<\/a><br \/>\nMaterial: 100% Lammfell<br \/>\nFutter: 100% Polyester<br \/>\nL\u00e4nge: kurz<br \/>\nPassform: schmale Passform<br \/>\nSchlie\u00dfung: Rei\u00dfverschluss<br \/>\nTaschen: RV-Taschen<br \/>\nKragen: Stehkragen<br \/>\nMaterial Au\u00dfenschicht: Sehr hohe Qualit\u00e4t und weiches Lammfell<br \/>\nLieferzeit: 2-3 Werktage<\/p>","protected":false},"excerpt":{"rendered":"<p>W\u00c4HLEN SIE HIER EINE ANDERE FARBE<\/p>\n<p><a href=\"https:\/\/versano.nl\/shop\/heren-bomberjack-echt-leer-blauw-versano-tr-48\/\"><img loading=\"lazy\" decoding=\"async\" class=\"alignnone size-full wp-image-19895\" src=\"https:\/\/versano.nl\/wp-content\/uploads\/sites\/2\/2018\/06\/heren-bomberjack-leer-blauw-versano-tr48-thumb.jpg\" alt=\"\" width=\"57\" height=\"75\" \/><\/a><a href=\"https:\/\/versano.nl\/shop\/heren-bomberjack-zwart-echt-leer-versano-tr-48\/\"><img loading=\"lazy\" decoding=\"async\" class=\"alignnone size-full wp-image-19897\" src=\"https:\/\/versano.nl\/wp-content\/uploads\/sites\/2\/2018\/06\/heren-bomberjack-leer-zwart-versano-tr48-thumb.jpg\" alt=\"\" width=\"57\" height=\"75\" \/><\/a><\/p>\n<p><span style=\"color: red;\">Fit Beratung:\u00a0<\/span>Die Passform dieser Jacke ist schmal geschnitten. Unser Model ist 1,75 cm gro\u00df und tr\u00e4gt Gr\u00f6\u00dfe M.<\/p>\n<p>Wenn Sie sich bei Ihren Ma\u00dfen nicht sicher sind, empfehlen wir Ihnen, zuerst Ihre Gr\u00f6\u00dfenma\u00dfe zu messen und sie mit unserer Gr\u00f6\u00dfentabelle zu vergleichen. Wenn Sie keine Erfahrung mit der Messung von Umfangsgr\u00f6\u00dfen haben, klicken Sie auf\u00a0<a href=\"https:\/\/www.youtube.com\/watch?v=3ZSfY87v6pM\"><em>HIER<\/em>\u00a0<\/a>\u00a0zu\u00a0<a href=\"https:\/\/www.youtube.com\/watch?v=3ZSfY87v6pM\"><em><span style=\"color: red;\">VIDEO<\/span><\/em><\/a>\u00a0 mit Anweisungen. Sie k\u00f6nnen uns auch direkt anrufen oder anrufen! Unsere Mitarbeiter stehen Ihnen jederzeit zur Verf\u00fcgung.<\/p>\n<p><strong>LIEFERZEIT :<\/strong>\u00a02 bis 3 Werktage.<\/p>","protected":false},"featured_media":16590,"comment_status":"open","ping_status":"closed","template":"","meta":[],"product_brand":[],"product_cat":[1672,1670,147,874,907,912,1671,908,1669,1712,913,910,882],"product_tag":[1015,1687,1691,1022,1023,1024,1025,1026,1689,1692,1017,702,1027,1018,1688,1651,1690],"class_list":{"0":"post-9149","1":"product","2":"type-product","3":"status-publish","4":"has-post-thumbnail","6":"product_cat-biker-jas-heren","7":"product_cat-heren-leren-jas","8":"product_cat-heren-leren-jassen","9":"product_cat-kort-leren-jasje","10":"product_cat-kort-leren-jasje-heren","11":"product_cat-leren-bikerjacks-heren","12":"product_cat-leren-heren-jas","13":"product_cat-leren-heren-jassen","14":"product_cat-leren-jas-heren","15":"product_cat-leren-jassen","16":"product_cat-leren-jassen-heren-uitverkoop","17":"product_cat-leren-jassen-heren","18":"product_cat-versano","19":"product_tag-bomberjack-heren","20":"product_tag-bomberjas-heren","21":"product_tag-echt-leer-heren-jas","22":"product_tag-groene-bomberjack","23":"product_tag-groene-leren-bomberjack","24":"product_tag-groene-leren-heren-jas","25":"product_tag-groenen-leren-jas","26":"product_tag-heren-bomberjack-groen","27":"product_tag-heren-leren-jas-sale","28":"product_tag-lamsleer-heren-jas","29":"product_tag-leren-heren-bomberjack","30":"product_tag-leren-jas-groen","31":"product_tag-leren-jassen-groen","32":"product_tag-piloten-bomberjack","33":"product_tag-uitverkoop-leren-jassen-heren","34":"product_tag-versano-heren-jassen","35":"product_tag-vesano-leren-jassen-heren","36":"tm-no-options","38":"first","39":"instock","40":"taxable","41":"shipping-taxable","42":"product-type-variable"},"yoast_head":"<!-- This site is optimized with the Yoast SEO plugin v27.2 - https:\/\/yoast.com\/product\/yoast-seo-wordpress\/ -->\n<title>Korte leren heren jas TR48 groen Versano, bomberjas heren<\/title>\n<meta name=\"description\" content=\"Bent u op zoek naar een Korte leren heren jas TR48 groen Versano? Bij Versano zit u goed, want hier treft u een ruime keuze leren jassen aan.\" \/>\n<meta name=\"robots\" content=\"index, follow, max-snippet:-1, max-image-preview:large, max-video-preview:-1\" \/>\n<link rel=\"canonical\" href=\"https:\/\/versano.nl\/de\/shop\/korte-leren-heren-jas-tr48-groen-versano\/\" \/>\n<meta property=\"og:locale\" content=\"de_DE\" \/>\n<meta property=\"og:type\" content=\"article\" \/>\n<meta property=\"og:title\" content=\"Korte leren heren jas TR48 groen Versano, bomberjas heren\" \/>\n<meta property=\"og:description\" content=\"Bent u op zoek naar een Korte leren heren jas TR48 groen Versano? Bij Versano zit u goed, want hier treft u een ruime keuze leren jassen aan.\" \/>\n<meta property=\"og:url\" content=\"https:\/\/versano.nl\/de\/shop\/korte-leren-heren-jas-tr48-groen-versano\/\" \/>\n<meta property=\"og:site_name\" content=\"Versano\" \/>\n<meta property=\"article:modified_time\" content=\"2024-12-11T16:23:30+00:00\" \/>\n<meta property=\"og:image\" content=\"https:\/\/versano.nl\/wp-content\/uploads\/2020\/07\/heren-bomberjack-leer-groen-versano-tr48-model-voorkant2.jpg\" \/>\n\t<meta property=\"og:image:width\" content=\"900\" \/>\n\t<meta property=\"og:image:height\" content=\"1176\" \/>\n\t<meta property=\"og:image:type\" content=\"image\/jpeg\" \/>\n<meta name=\"twitter:card\" content=\"summary_large_image\" \/>\n<meta name=\"twitter:label1\" content=\"Gesch\u00e4tzte Lesezeit\" \/>\n\t<meta name=\"twitter:data1\" content=\"2\u00a0Minuten\" \/>\n<script type=\"application\/ld+json\" class=\"yoast-schema-graph\">{\"@context\":\"https:\/\/schema.org\",\"@graph\":[{\"@type\":\"WebPage\",\"@id\":\"https:\/\/versano.nl\/shop\/korte-leren-heren-jas-tr48-groen-versano\/\",\"url\":\"https:\/\/versano.nl\/shop\/korte-leren-heren-jas-tr48-groen-versano\/\",\"name\":\"Korte leren heren jas TR48 groen Versano, bomberjas heren\",\"isPartOf\":{\"@id\":\"https:\/\/versano.nl\/#website\"},\"primaryImageOfPage\":{\"@id\":\"https:\/\/versano.nl\/shop\/korte-leren-heren-jas-tr48-groen-versano\/#primaryimage\"},\"image\":{\"@id\":\"https:\/\/versano.nl\/shop\/korte-leren-heren-jas-tr48-groen-versano\/#primaryimage\"},\"thumbnailUrl\":\"https:\/\/versano.nl\/wp-content\/uploads\/2020\/07\/heren-bomberjack-leer-groen-versano-tr48-model-voorkant2.jpg\",\"datePublished\":\"2018-06-19T21:44:50+00:00\",\"dateModified\":\"2024-12-11T16:23:30+00:00\",\"description\":\"Bent u op zoek naar een Korte leren heren jas TR48 groen Versano? Bij Versano zit u goed, want hier treft u een ruime keuze leren jassen aan.\",\"breadcrumb\":{\"@id\":\"https:\/\/versano.nl\/shop\/korte-leren-heren-jas-tr48-groen-versano\/#breadcrumb\"},\"inLanguage\":\"de\",\"potentialAction\":[{\"@type\":\"ReadAction\",\"target\":[\"https:\/\/versano.nl\/shop\/korte-leren-heren-jas-tr48-groen-versano\/\"]}]},{\"@type\":\"ImageObject\",\"inLanguage\":\"de\",\"@id\":\"https:\/\/versano.nl\/shop\/korte-leren-heren-jas-tr48-groen-versano\/#primaryimage\",\"url\":\"https:\/\/versano.nl\/wp-content\/uploads\/2020\/07\/heren-bomberjack-leer-groen-versano-tr48-model-voorkant2.jpg\",\"contentUrl\":\"https:\/\/versano.nl\/wp-content\/uploads\/2020\/07\/heren-bomberjack-leer-groen-versano-tr48-model-voorkant2.jpg\",\"width\":900,\"height\":1176,\"caption\":\"Korte leren heren jas TR48 groen Versano\"},{\"@type\":\"BreadcrumbList\",\"@id\":\"https:\/\/versano.nl\/shop\/korte-leren-heren-jas-tr48-groen-versano\/#breadcrumb\",\"itemListElement\":[{\"@type\":\"ListItem\",\"position\":1,\"name\":\"Home\",\"item\":\"https:\/\/versano.nl\/\"},{\"@type\":\"ListItem\",\"position\":2,\"name\":\"Shop\",\"item\":\"https:\/\/versano.nl\/shop\/\"},{\"@type\":\"ListItem\",\"position\":3,\"name\":\"Korte leren heren jas TR48 groen Versano\"}]},{\"@type\":\"WebSite\",\"@id\":\"https:\/\/versano.nl\/#website\",\"url\":\"https:\/\/versano.nl\/\",\"name\":\"Versano\",\"description\":\"winterjassen met bontkraag | leren dames jassen | leren heren jassen\",\"potentialAction\":[{\"@type\":\"SearchAction\",\"target\":{\"@type\":\"EntryPoint\",\"urlTemplate\":\"https:\/\/versano.nl\/?s={search_term_string}\"},\"query-input\":{\"@type\":\"PropertyValueSpecification\",\"valueRequired\":true,\"valueName\":\"search_term_string\"}}],\"inLanguage\":\"de\"}]}<\/script>\n<!-- \/ Yoast SEO plugin. -->","yoast_head_json":{"title":"Kurze Leder Herrenjacke TR48 gr\u00fcn Versano, Bomberjacke Herren","description":"Suchen Sie eine kurze Lederjacke f\u00fcr Herren TR48 gr\u00fcn Versano? Versano ist der richtige Ort f\u00fcr Sie, denn hier finden Sie eine gro\u00dfe Auswahl an Lederjacken.","robots":{"index":"index","follow":"follow","max-snippet":"max-snippet:-1","max-image-preview":"max-image-preview:large","max-video-preview":"max-video-preview:-1"},"canonical":"https:\/\/versano.nl\/de\/shop\/korte-leren-heren-jas-tr48-groen-versano\/","og_locale":"de_DE","og_type":"article","og_title":"Korte leren heren jas TR48 groen Versano, bomberjas heren","og_description":"Bent u op zoek naar een Korte leren heren jas TR48 groen Versano? Bij Versano zit u goed, want hier treft u een ruime keuze leren jassen aan.","og_url":"https:\/\/versano.nl\/de\/shop\/korte-leren-heren-jas-tr48-groen-versano\/","og_site_name":"Versano","article_modified_time":"2024-12-11T16:23:30+00:00","og_image":[{"width":900,"height":1176,"url":"https:\/\/versano.nl\/wp-content\/uploads\/2020\/07\/heren-bomberjack-leer-groen-versano-tr48-model-voorkant2.jpg","type":"image\/jpeg"}],"twitter_card":"summary_large_image","twitter_misc":{"Gesch\u00e4tzte Lesezeit":"2\u00a0Minuten"},"schema":{"@context":"https:\/\/schema.org","@graph":[{"@type":"WebPage","@id":"https:\/\/versano.nl\/shop\/korte-leren-heren-jas-tr48-groen-versano\/","url":"https:\/\/versano.nl\/shop\/korte-leren-heren-jas-tr48-groen-versano\/","name":"Kurze Leder Herrenjacke TR48 gr\u00fcn Versano, Bomberjacke Herren","isPartOf":{"@id":"https:\/\/versano.nl\/#website"},"primaryImageOfPage":{"@id":"https:\/\/versano.nl\/shop\/korte-leren-heren-jas-tr48-groen-versano\/#primaryimage"},"image":{"@id":"https:\/\/versano.nl\/shop\/korte-leren-heren-jas-tr48-groen-versano\/#primaryimage"},"thumbnailUrl":"https:\/\/versano.nl\/wp-content\/uploads\/2020\/07\/heren-bomberjack-leer-groen-versano-tr48-model-voorkant2.jpg","datePublished":"2018-06-19T21:44:50+00:00","dateModified":"2024-12-11T16:23:30+00:00","description":"Suchen Sie eine kurze Lederjacke f\u00fcr Herren TR48 gr\u00fcn Versano? Versano ist der richtige Ort f\u00fcr Sie, denn hier finden Sie eine gro\u00dfe Auswahl an Lederjacken.","breadcrumb":{"@id":"https:\/\/versano.nl\/shop\/korte-leren-heren-jas-tr48-groen-versano\/#breadcrumb"},"inLanguage":"de","potentialAction":[{"@type":"ReadAction","target":["https:\/\/versano.nl\/shop\/korte-leren-heren-jas-tr48-groen-versano\/"]}]},{"@type":"ImageObject","inLanguage":"de","@id":"https:\/\/versano.nl\/shop\/korte-leren-heren-jas-tr48-groen-versano\/#primaryimage","url":"https:\/\/versano.nl\/wp-content\/uploads\/2020\/07\/heren-bomberjack-leer-groen-versano-tr48-model-voorkant2.jpg","contentUrl":"https:\/\/versano.nl\/wp-content\/uploads\/2020\/07\/heren-bomberjack-leer-groen-versano-tr48-model-voorkant2.jpg","width":900,"height":1176,"caption":"Korte leren heren jas TR48 groen Versano"},{"@type":"BreadcrumbList","@id":"https:\/\/versano.nl\/shop\/korte-leren-heren-jas-tr48-groen-versano\/#breadcrumb","itemListElement":[{"@type":"ListItem","position":1,"name":"Home","item":"https:\/\/versano.nl\/"},{"@type":"ListItem","position":2,"name":"Shop","item":"https:\/\/versano.nl\/shop\/"},{"@type":"ListItem","position":3,"name":"Korte leren heren jas TR48 groen Versano"}]},{"@type":"WebSite","@id":"https:\/\/versano.nl\/#website","url":"https:\/\/versano.nl\/","name":"Versano","description":"Winterm\u00e4ntel mit Pelzkragen | Damen Lederjacken | Herren Lederjacken","potentialAction":[{"@type":"SearchAction","target":{"@type":"EntryPoint","urlTemplate":"https:\/\/versano.nl\/?s={search_term_string}"},"query-input":{"@type":"PropertyValueSpecification","valueRequired":true,"valueName":"search_term_string"}}],"inLanguage":"de"}]}},"_links":{"self":[{"href":"https:\/\/versano.nl\/de\/wp-json\/wp\/v2\/product\/9149","targetHints":{"allow":["GET"]}}],"collection":[{"href":"https:\/\/versano.nl\/de\/wp-json\/wp\/v2\/product"}],"about":[{"href":"https:\/\/versano.nl\/de\/wp-json\/wp\/v2\/types\/product"}],"replies":[{"embeddable":true,"href":"https:\/\/versano.nl\/de\/wp-json\/wp\/v2\/comments?post=9149"}],"wp:featuredmedia":[{"embeddable":true,"href":"https:\/\/versano.nl\/de\/wp-json\/wp\/v2\/media\/16590"}],"wp:attachment":[{"href":"https:\/\/versano.nl\/de\/wp-json\/wp\/v2\/media?parent=9149"}],"wp:term":[{"taxonomy":"product_brand","embeddable":true,"href":"https:\/\/versano.nl\/de\/wp-json\/wp\/v2\/product_brand?post=9149"},{"taxonomy":"product_cat","embeddable":true,"href":"https:\/\/versano.nl\/de\/wp-json\/wp\/v2\/product_cat?post=9149"},{"taxonomy":"product_tag","embeddable":true,"href":"https:\/\/versano.nl\/de\/wp-json\/wp\/v2\/product_tag?post=9149"}],"curies":[{"name":"wp","href":"https:\/\/api.w.org\/{rel}","templated":true}]}}