{"id":9012,"date":"2018-06-17T14:22:49","date_gmt":"2018-06-17T14:22:49","guid":{"rendered":"https:\/\/leathershopdoci.nl\/?post_type=product&#038;p=17420"},"modified":"2026-04-23T16:17:50","modified_gmt":"2026-04-23T16:17:50","slug":"lange-leren-dames-jas-blauw-versano-312","status":"publish","type":"product","link":"https:\/\/versano.nl\/de\/shop\/lange-leren-dames-jas-blauw-versano-312\/","title":{"rendered":"Leder Damenjacke lang 312 blau Versano"},"content":{"rendered":"<h2>Leder Damenjacke lang 312 blau Versano<\/h2>\n<p>Suchen Sie eine lange Lederjacke f\u00fcr Damen, ist die Farbe Blau, mit der Sie in mehreren Jahreszeiten gerne herumlaufen? Dann lernen Sie eines der neuen Modelle von Versano kennen, denn die Leder Damenjacke lang 312 blau von Versano wird Ihnen bestimmt gefallen. Dieser Mantel hat eine sch\u00f6ne italienische Taille und f\u00e4llt bis unter das Ges\u00e4\u00df. Diese halblange Lederjacke von Versano besteht aus strapazierf\u00e4higem Lammleder und ist mit 2 Rei\u00dfverschlusstaschen an der Seite und 2 Rei\u00dfverschlusstaschen an der Brust wundersch\u00f6n verarbeitet. Die \u00c4rmel sind auch sch\u00f6n mit Rei\u00dfverschl\u00fcssen am Handgelenk verarbeitet. Die Jacke hat vorne und hinten eine Teilungsnaht und ist in den Farben Cognac, Braun, Blau und Schwarz erh\u00e4ltlich. Wenn Sie die lange Lederjacke in einer anderen Farbe bestellen m\u00f6chten, finden Sie auf unserer Website verschiedene Farben.<\/p>\n<h2>lange lederjacke in der farbe blau bestellen<\/h2>\n<p>Suchen Sie eine l\u00e4ngere Damen Lederjacke? Dann empfehlen wir dieses Modell auf jeden Fall weiter und Sie werden es nie bereuen! Der 312 blue von Versano ist aus besten Materialien gefertigt und ist weich und anschmiegsam, da es sich um 100% Lammfell handelt. Wenn Sie diese Jacke bei uns bestellen, erhalten Sie eine Jacke, die ein Leben lang sch\u00f6n bleibt. Die sch\u00f6ne Farbe Petrolblau l\u00e4sst sich einfach kombinieren und passt zu fast allen deinen Outfits. Sein italienisches Design sorgt daf\u00fcr, dass die Jacke eng anliegt und trotzdem angenehm zu tragen ist. Dieses Modell ist nicht zu voll, was es zu einem Top-Klassiker macht.<\/p>\n<p>Marke: <a href=\"https:\/\/versano.nl\" target=\"_blank\" rel=\"noopener noreferrer\">Versano<\/a><br \/>\nMaterial: 100% Lammfell<br \/>\nFutter: 100% Polyester<br \/>\nL\u00e4nge: lang<br \/>\nPassform: fest sitzend<br \/>\nSchlie\u00dfung: Rei\u00dfverschluss<br \/>\nTaschen: RV-Taschen<br \/>\nKragen: liegender Kragen<br \/>\nMaterial Au\u00dfenschicht: hohe Qualit\u00e4t und weiches Lammfell<\/p>\n<p>Lieferzeit: 2 bis 3 Werktage<\/p>","protected":false},"excerpt":{"rendered":"<h4><strong>W\u00c4HLEN SIE HIER EINE ANDERE FARBE<\/strong><\/h4>\n<p><span style=\"color: red;\"><a href=\"https:\/\/versano.nl\/shop\/halflange-leren-jas-dames-cognac-versano-312\/\"><img loading=\"lazy\" decoding=\"async\" class=\"alignnone size-full wp-image-19865\" src=\"https:\/\/versano.nl\/wp-content\/uploads\/sites\/2\/2020\/04\/lange-leren-dames-cognac-versano-312-model1-thumb.jpg\" alt=\"\" width=\"57\" height=\"75\" \/><\/a><a href=\"https:\/\/versano.nl\/shop\/lange-dames-leren-jas-zwart-versano-312\/\"><img loading=\"lazy\" decoding=\"async\" class=\"alignnone size-full wp-image-19868\" src=\"https:\/\/versano.nl\/wp-content\/uploads\/sites\/2\/2020\/04\/lange-leren-dames-jas-zwart-versano-312-model2-thumb.jpg\" alt=\"\" width=\"57\" height=\"75\" \/><\/a><a href=\"https:\/\/versano.nl\/shop\/lange-leren-dames-jas-bruin\/\"><img loading=\"lazy\" decoding=\"async\" class=\"alignnone size-full wp-image-19867\" src=\"https:\/\/versano.nl\/wp-content\/uploads\/sites\/2\/2020\/04\/lange-leren-dames-jas-bruin-versano-312-zijkant-thumb.jpg\" alt=\"\" width=\"56\" height=\"75\" \/><\/a><\/span><\/p>\n<p><span style=\"color: red;\">Fit Beratung:<\/span> Die Passform dieser Jacke ist eng geschnitten. Unser Modell ist 1,68 cm gro\u00df und tr\u00e4gt eine Gr\u00f6\u00dfe M.<\/p>\n<p>Wenn Sie sich bei Ihren Ma\u00dfen nicht sicher sind, empfehlen wir Ihnen, zuerst Ihre Gr\u00f6\u00dfenma\u00dfe zu messen und sie mit unserer Gr\u00f6\u00dfentabelle zu vergleichen. Wenn Sie keine Erfahrung mit der Messung von Umfangsgr\u00f6\u00dfen haben, klicken Sie auf <a href=\"https:\/\/www.youtube.com\/watch?v=3ZSfY87v6pM\"><em><span style=\"text-decoration: none;\">HIER<\/span><\/em>\u00a0<\/a>\u00a0zu <span style=\"color: red;\"><a href=\"https:\/\/www.youtube.com\/watch?v=3ZSfY87v6pM\"><em><span style=\"color: red; text-decoration: none;\">VIDEO<\/span><\/em><\/a><\/span>\u00a0 mit Anweisungen. Sie k\u00f6nnen uns auch direkt anrufen oder anrufen! Unsere Mitarbeiter stehen Ihnen jederzeit zur Verf\u00fcgung.<\/p>\n<p><strong><span style=\"color: black;\">LIEFERZEIT :<\/span><\/strong> 2 bis 3 Werktage.<\/p>","protected":false},"featured_media":33530,"comment_status":"closed","ping_status":"closed","template":"","meta":[],"product_brand":[],"product_cat":[89,90,1248,955,996,1470,1247,879,1474,880,1712,881,878,882],"product_tag":[1000,1001,956,1002,957,958,960,961,142],"class_list":{"0":"post-9012","1":"product","2":"type-product","3":"status-publish","4":"has-post-thumbnail","6":"product_cat-dames","7":"product_cat-dames-leren-jassen","8":"product_cat-grote-maten-leren-dames-jassen","9":"product_cat-lange-leren-dames-jassen","10":"product_cat-lange-leren-jassen-dames","11":"product_cat-leren-dames-jas","12":"product_cat-leren-dames-jas-grote-maat","13":"product_cat-leren-dames-jassen","14":"product_cat-leren-jas-dames-grote-maten","15":"product_cat-leren-jasje-dames","16":"product_cat-leren-jassen","17":"product_cat-leren-jassen-dames","18":"product_cat-leren-jassen-dames-uitverkoop","19":"product_cat-versano","20":"product_tag-blauwe-lange-leren-dames-jas","21":"product_tag-blauwe-leren-dames-jas-blauw-lang-model","22":"product_tag-lange-leren-dames-jas","23":"product_tag-lange-leren-dames-jas-blauw","24":"product_tag-lange-leren-dames-jassen","25":"product_tag-lange-leren-jas","26":"product_tag-lange-leren-jassen","27":"product_tag-leren-dames-jas-lang-model","28":"product_tag-online-dames-leren-jassen","29":"tm-no-options","31":"first","32":"instock","33":"sale","34":"taxable","35":"shipping-taxable","36":"purchasable","37":"product-type-variable"},"yoast_head":"<!-- This site is optimized with the Yoast SEO plugin v27.2 - https:\/\/yoast.com\/product\/yoast-seo-wordpress\/ -->\n<title>leren dames jas lang 312 blauw Versano, dames leren jas<\/title>\n<meta name=\"description\" content=\"Ben je op zoek naar een leren dames jas lang 312 blauw Versano ? Dan ben je bij Versano aan het juiste adres voor een lange leren jas.\" \/>\n<meta name=\"robots\" content=\"index, follow, max-snippet:-1, max-image-preview:large, max-video-preview:-1\" \/>\n<link rel=\"canonical\" href=\"https:\/\/versano.nl\/de\/shop\/lange-leren-dames-jas-blauw-versano-312\/\" \/>\n<meta property=\"og:locale\" content=\"de_DE\" \/>\n<meta property=\"og:type\" content=\"article\" \/>\n<meta property=\"og:title\" content=\"leren dames jas lang 312 blauw Versano, dames leren jas\" \/>\n<meta property=\"og:description\" content=\"Ben je op zoek naar een leren dames jas lang 312 blauw Versano ? Dan ben je bij Versano aan het juiste adres voor een lange leren jas.\" \/>\n<meta property=\"og:url\" content=\"https:\/\/versano.nl\/de\/shop\/lange-leren-dames-jas-blauw-versano-312\/\" \/>\n<meta property=\"og:site_name\" content=\"Versano\" \/>\n<meta property=\"article:modified_time\" content=\"2026-04-23T16:17:50+00:00\" \/>\n<meta property=\"og:image\" content=\"https:\/\/versano.nl\/wp-content\/uploads\/2018\/06\/312-blauw.jpg\" \/>\n\t<meta property=\"og:image:width\" content=\"600\" \/>\n\t<meta property=\"og:image:height\" content=\"800\" \/>\n\t<meta property=\"og:image:type\" content=\"image\/jpeg\" \/>\n<meta name=\"twitter:card\" content=\"summary_large_image\" \/>\n<meta name=\"twitter:label1\" content=\"Gesch\u00e4tzte Lesezeit\" \/>\n\t<meta name=\"twitter:data1\" content=\"2\u00a0Minuten\" \/>\n<script type=\"application\/ld+json\" class=\"yoast-schema-graph\">{\"@context\":\"https:\/\/schema.org\",\"@graph\":[{\"@type\":\"WebPage\",\"@id\":\"https:\/\/versano.nl\/shop\/lange-leren-dames-jas-blauw-versano-312\/\",\"url\":\"https:\/\/versano.nl\/shop\/lange-leren-dames-jas-blauw-versano-312\/\",\"name\":\"leren dames jas lang 312 blauw Versano, dames leren jas\",\"isPartOf\":{\"@id\":\"https:\/\/versano.nl\/#website\"},\"primaryImageOfPage\":{\"@id\":\"https:\/\/versano.nl\/shop\/lange-leren-dames-jas-blauw-versano-312\/#primaryimage\"},\"image\":{\"@id\":\"https:\/\/versano.nl\/shop\/lange-leren-dames-jas-blauw-versano-312\/#primaryimage\"},\"thumbnailUrl\":\"https:\/\/versano.nl\/wp-content\/uploads\/2018\/06\/312-blauw.jpg\",\"datePublished\":\"2018-06-17T14:22:49+00:00\",\"dateModified\":\"2026-04-23T16:17:50+00:00\",\"description\":\"Ben je op zoek naar een leren dames jas lang 312 blauw Versano ? Dan ben je bij Versano aan het juiste adres voor een lange leren jas.\",\"breadcrumb\":{\"@id\":\"https:\/\/versano.nl\/shop\/lange-leren-dames-jas-blauw-versano-312\/#breadcrumb\"},\"inLanguage\":\"de\",\"potentialAction\":[{\"@type\":\"ReadAction\",\"target\":[\"https:\/\/versano.nl\/shop\/lange-leren-dames-jas-blauw-versano-312\/\"]}]},{\"@type\":\"ImageObject\",\"inLanguage\":\"de\",\"@id\":\"https:\/\/versano.nl\/shop\/lange-leren-dames-jas-blauw-versano-312\/#primaryimage\",\"url\":\"https:\/\/versano.nl\/wp-content\/uploads\/2018\/06\/312-blauw.jpg\",\"contentUrl\":\"https:\/\/versano.nl\/wp-content\/uploads\/2018\/06\/312-blauw.jpg\",\"width\":600,\"height\":800,\"caption\":\"312 blauw\"},{\"@type\":\"BreadcrumbList\",\"@id\":\"https:\/\/versano.nl\/shop\/lange-leren-dames-jas-blauw-versano-312\/#breadcrumb\",\"itemListElement\":[{\"@type\":\"ListItem\",\"position\":1,\"name\":\"Home\",\"item\":\"https:\/\/versano.nl\/\"},{\"@type\":\"ListItem\",\"position\":2,\"name\":\"Shop\",\"item\":\"https:\/\/versano.nl\/shop\/\"},{\"@type\":\"ListItem\",\"position\":3,\"name\":\"leren dames jas lang 312 blauw Versano\"}]},{\"@type\":\"WebSite\",\"@id\":\"https:\/\/versano.nl\/#website\",\"url\":\"https:\/\/versano.nl\/\",\"name\":\"Versano\",\"description\":\"winterjassen met bontkraag | leren dames jassen | leren heren jassen\",\"potentialAction\":[{\"@type\":\"SearchAction\",\"target\":{\"@type\":\"EntryPoint\",\"urlTemplate\":\"https:\/\/versano.nl\/?s={search_term_string}\"},\"query-input\":{\"@type\":\"PropertyValueSpecification\",\"valueRequired\":true,\"valueName\":\"search_term_string\"}}],\"inLanguage\":\"de\"}]}<\/script>\n<!-- \/ Yoast SEO plugin. -->","yoast_head_json":{"title":"Leder Damenjacke lang 312 blau Versano, Damen Lederjacke","description":"Suchen Sie eine Damen Lederjacke lang 312 blau Versano? Dann sind Sie bei Versano f\u00fcr eine lange Lederjacke genau richtig.","robots":{"index":"index","follow":"follow","max-snippet":"max-snippet:-1","max-image-preview":"max-image-preview:large","max-video-preview":"max-video-preview:-1"},"canonical":"https:\/\/versano.nl\/de\/shop\/lange-leren-dames-jas-blauw-versano-312\/","og_locale":"de_DE","og_type":"article","og_title":"leren dames jas lang 312 blauw Versano, dames leren jas","og_description":"Ben je op zoek naar een leren dames jas lang 312 blauw Versano ? Dan ben je bij Versano aan het juiste adres voor een lange leren jas.","og_url":"https:\/\/versano.nl\/de\/shop\/lange-leren-dames-jas-blauw-versano-312\/","og_site_name":"Versano","article_modified_time":"2026-04-23T16:17:50+00:00","og_image":[{"width":600,"height":800,"url":"https:\/\/versano.nl\/wp-content\/uploads\/2018\/06\/312-blauw.jpg","type":"image\/jpeg"}],"twitter_card":"summary_large_image","twitter_misc":{"Gesch\u00e4tzte Lesezeit":"2\u00a0Minuten"},"schema":{"@context":"https:\/\/schema.org","@graph":[{"@type":"WebPage","@id":"https:\/\/versano.nl\/shop\/lange-leren-dames-jas-blauw-versano-312\/","url":"https:\/\/versano.nl\/shop\/lange-leren-dames-jas-blauw-versano-312\/","name":"Leder Damenjacke lang 312 blau Versano, Damen Lederjacke","isPartOf":{"@id":"https:\/\/versano.nl\/#website"},"primaryImageOfPage":{"@id":"https:\/\/versano.nl\/shop\/lange-leren-dames-jas-blauw-versano-312\/#primaryimage"},"image":{"@id":"https:\/\/versano.nl\/shop\/lange-leren-dames-jas-blauw-versano-312\/#primaryimage"},"thumbnailUrl":"https:\/\/versano.nl\/wp-content\/uploads\/2018\/06\/312-blauw.jpg","datePublished":"2018-06-17T14:22:49+00:00","dateModified":"2026-04-23T16:17:50+00:00","description":"Suchen Sie eine Damen Lederjacke lang 312 blau Versano? Dann sind Sie bei Versano f\u00fcr eine lange Lederjacke genau richtig.","breadcrumb":{"@id":"https:\/\/versano.nl\/shop\/lange-leren-dames-jas-blauw-versano-312\/#breadcrumb"},"inLanguage":"de","potentialAction":[{"@type":"ReadAction","target":["https:\/\/versano.nl\/shop\/lange-leren-dames-jas-blauw-versano-312\/"]}]},{"@type":"ImageObject","inLanguage":"de","@id":"https:\/\/versano.nl\/shop\/lange-leren-dames-jas-blauw-versano-312\/#primaryimage","url":"https:\/\/versano.nl\/wp-content\/uploads\/2018\/06\/312-blauw.jpg","contentUrl":"https:\/\/versano.nl\/wp-content\/uploads\/2018\/06\/312-blauw.jpg","width":600,"height":800,"caption":"312 blauw"},{"@type":"BreadcrumbList","@id":"https:\/\/versano.nl\/shop\/lange-leren-dames-jas-blauw-versano-312\/#breadcrumb","itemListElement":[{"@type":"ListItem","position":1,"name":"Home","item":"https:\/\/versano.nl\/"},{"@type":"ListItem","position":2,"name":"Shop","item":"https:\/\/versano.nl\/shop\/"},{"@type":"ListItem","position":3,"name":"leren dames jas lang 312 blauw Versano"}]},{"@type":"WebSite","@id":"https:\/\/versano.nl\/#website","url":"https:\/\/versano.nl\/","name":"Versano","description":"Winterm\u00e4ntel mit Pelzkragen | Damen Lederjacken | Herren Lederjacken","potentialAction":[{"@type":"SearchAction","target":{"@type":"EntryPoint","urlTemplate":"https:\/\/versano.nl\/?s={search_term_string}"},"query-input":{"@type":"PropertyValueSpecification","valueRequired":true,"valueName":"search_term_string"}}],"inLanguage":"de"}]}},"_links":{"self":[{"href":"https:\/\/versano.nl\/de\/wp-json\/wp\/v2\/product\/9012","targetHints":{"allow":["GET"]}}],"collection":[{"href":"https:\/\/versano.nl\/de\/wp-json\/wp\/v2\/product"}],"about":[{"href":"https:\/\/versano.nl\/de\/wp-json\/wp\/v2\/types\/product"}],"replies":[{"embeddable":true,"href":"https:\/\/versano.nl\/de\/wp-json\/wp\/v2\/comments?post=9012"}],"wp:featuredmedia":[{"embeddable":true,"href":"https:\/\/versano.nl\/de\/wp-json\/wp\/v2\/media\/33530"}],"wp:attachment":[{"href":"https:\/\/versano.nl\/de\/wp-json\/wp\/v2\/media?parent=9012"}],"wp:term":[{"taxonomy":"product_brand","embeddable":true,"href":"https:\/\/versano.nl\/de\/wp-json\/wp\/v2\/product_brand?post=9012"},{"taxonomy":"product_cat","embeddable":true,"href":"https:\/\/versano.nl\/de\/wp-json\/wp\/v2\/product_cat?post=9012"},{"taxonomy":"product_tag","embeddable":true,"href":"https:\/\/versano.nl\/de\/wp-json\/wp\/v2\/product_tag?post=9012"}],"curies":[{"name":"wp","href":"https:\/\/api.w.org\/{rel}","templated":true}]}}