{"id":8676,"date":"2018-05-10T14:38:43","date_gmt":"2018-05-10T14:38:43","guid":{"rendered":"https:\/\/leathershopdoci.nl\/?post_type=product&#038;p=17154"},"modified":"2025-08-27T14:15:50","modified_gmt":"2025-08-27T14:15:50","slug":"leren-jasje-dames-biker-model-groen-versano-miami","status":"publish","type":"product","link":"https:\/\/versano.nl\/de\/shop\/leren-jasje-dames-biker-model-groen-versano-miami\/","title":{"rendered":"Leder Damenjacke Bikerlook Miami gr\u00fcn Versano"},"content":{"rendered":"<h2>Leder Damenjacke Bikerlook Miami gr\u00fcn Versano<\/h2>\n<p>Bei dieser Lederjacke von Versano hat man sich f\u00fcr den Namen Miami entschieden. Dies liegt daran, dass dies eine Jacke ist, die in dieser amerikanischen Stadt definitiv nicht fehl am Platz w\u00e4re. Aber seien wir mal ehrlich, egal wo du tr\u00e4gst die Leder Damenjacke Bikerlook Miami green Versano, sie steht dir \u00fcberall gut! Es ist eine Jacke, die aus sch\u00f6nem, geschmeidigem und weichem Lammleder gefertigt ist. So erhalten Sie eine Jacke, die wunderbar sitzt, perfekt aussieht und eine extrem sch\u00f6ne Waschung hat. Dies ist eines der Grundmodelle von Versano und als solches auch einer unserer Erfolge. Diese Jacke ist in strapazierf\u00e4higem Lammleder erh\u00e4ltlich, aber wenn Sie das lieber nicht tragen m\u00f6chten, gibt es auch verschiedene Modelle in Lederimitat.<\/p>\n<h2>Miami in der Farbe Gr\u00fcn bestellen<\/h2>\n<p>Bei Versano wissen sie, wie man eine coole Bikerjacke designt, die auch nicht zu viel ist. Mit anderen Worten, diese Jacke macht sich perfekt auf dem Motorrad, aber auch, wenn Sie abends ausgehen oder nachmittags einkaufen gehen. Diese Jacke ist nicht nur in Gr\u00fcn erh\u00e4ltlich, sondern auch in den Farben: Rot, Cognac, Schwarz, Blau und Braun. Wir empfehlen Ihnen daher, einfach zu schauen, welche Farbe Ihrer Meinung nach am besten zu Ihrem eigenen Stil passt. Wenn Sie diese Jacke bei uns bestellen, erhalten Sie eine Jacke, die ein Leben lang sch\u00f6n bleibt. Die Farbe l\u00e4sst sich gut kombinieren und passt zu fast allen Outfits. Sein italienisches Design sorgt daf\u00fcr, dass die Jacke eng anliegt und trotzdem angenehm zu tragen ist.<\/p>\n<p>Marke:\u00a0<a href=\"https:\/\/versano.nl\/\" target=\"_blank\" rel=\"noopener noreferrer\">Versano<\/a><br \/>\nMaterial: 100% Lammfell<br \/>\nFutter: 100% Polyester<br \/>\nL\u00e4nge: kurz<br \/>\nPassform: fest sitzend<br \/>\nSchlie\u00dfung: Rei\u00dfverschluss<br \/>\nTaschen: RV-Taschen<br \/>\nKragen: Stehkragen<br \/>\nMaterial Au\u00dfenschicht: hohe Qualit\u00e4t und weiches Lammfell<\/p>\n<p>Lieferzeit: 2-3 Werktage<\/p>","protected":false},"excerpt":{"rendered":"<p><strong>W\u00c4HLEN SIE HIER EINE ANDERE FARBE<\/strong><\/p>\n<p><span style=\"color: #ff0000;\"><a href=\"https:\/\/versano.nl\/shop\/leren-biker-jas-dames-blauw-miami-versano\/\"><img loading=\"lazy\" decoding=\"async\" class=\"alignnone size-full wp-image-19875\" src=\"https:\/\/versano.nl\/wp-content\/uploads\/sites\/2\/2020\/04\/leren-jas-dames-blauw-biker-jack-miami-versano-voorkant-thumb.jpg\" alt=\"\" width=\"57\" height=\"75\" \/><\/a><a href=\"https:\/\/versano.nl\/shop\/biker-jas-dames-leer-bruin-miami-versano\/\"><img loading=\"lazy\" decoding=\"async\" class=\"alignnone size-full wp-image-19876\" src=\"https:\/\/versano.nl\/wp-content\/uploads\/sites\/2\/2020\/04\/leren-jas-dames-bruin-biker-jack-miami-versano-voorkant-thumb.jpg\" alt=\"\" width=\"57\" height=\"75\" \/><\/a><a href=\"https:\/\/versano.nl\/shop\/dames-leren-jas-cognac-miami-versano\/\"><img loading=\"lazy\" decoding=\"async\" class=\"alignnone size-full wp-image-19877\" src=\"https:\/\/versano.nl\/wp-content\/uploads\/sites\/2\/2020\/04\/leren-jas-dames-cognac-biker-jack-miami-versano-voorkant-thumb.jpg\" alt=\"\" width=\"57\" height=\"75\" \/><\/a><a href=\"https:\/\/versano.nl\/shop\/leren-dames-jas-biker-model-zwart-versano-miami\/\"><img loading=\"lazy\" decoding=\"async\" class=\"alignnone size-full wp-image-19878\" src=\"https:\/\/versano.nl\/wp-content\/uploads\/sites\/2\/2020\/04\/leren-jas-dames-zwart-biker-jack-miami-versano-thumb.jpg\" alt=\"\" width=\"57\" height=\"75\" \/><\/a><a href=\"https:\/\/versano.nl\/shop\/dames-leren-jasje-versano-miami-rood\/\"><img loading=\"lazy\" decoding=\"async\" class=\"alignnone size-full wp-image-19874\" src=\"https:\/\/versano.nl\/wp-content\/uploads\/sites\/2\/2020\/04\/leren-dames-biker-jack-rood-miami-versano-thumb.jpg\" alt=\"\" width=\"56\" height=\"75\" \/><\/a><\/span><\/p>\n<p><span style=\"color: #ff0000;\">Fit Beratung:<\/span>\u00a0Die Passform dieser Jacke ist eng geschnitten. Unser Modell ist 1,68 cm gro\u00df und tr\u00e4gt eine Gr\u00f6\u00dfe S.<\/p>\n<p>Wenn Sie sich bei Ihren Ma\u00dfen nicht sicher sind, empfehlen wir Ihnen, zuerst Ihre Gr\u00f6\u00dfenma\u00dfe zu messen und sie mit unserer Gr\u00f6\u00dfentabelle zu vergleichen. Wenn Sie keine Erfahrung mit der Messung von Umfangsgr\u00f6\u00dfen haben, klicken Sie auf\u00a0<a href=\"https:\/\/www.youtube.com\/watch?v=3ZSfY87v6pM\"><em>HIER<\/em>\u00a0<\/a>\u00a0zu\u00a0<a href=\"https:\/\/www.youtube.com\/watch?v=3ZSfY87v6pM\"><em><span style=\"color: #ff0000;\">VIDEO<\/span><\/em><\/a>\u00a0 mit Anweisungen. Sie k\u00f6nnen uns auch direkt anrufen oder anrufen! Unsere Mitarbeiter stehen Ihnen jederzeit zur Verf\u00fcgung.<\/p>\n<p><strong>LIEFERZEIT :<\/strong>\u00a02 bis 3 Werktage.<\/p>","protected":false},"featured_media":33542,"comment_status":"open","ping_status":"closed","template":"","meta":[],"product_brand":[],"product_cat":[90,874,875,877,1470,879,1469,880,881,878,882],"product_tag":[1564,1527,1563,973,974,114,1565,975,1518,1566,115,1554,976,977],"class_list":{"0":"post-8676","1":"product","2":"type-product","3":"status-publish","4":"has-post-thumbnail","6":"product_cat-dames-leren-jassen","7":"product_cat-kort-leren-jasje","8":"product_cat-kort-leren-jasje-dames","9":"product_cat-leren-bikerjacks-dames","10":"product_cat-leren-dames-jas","11":"product_cat-leren-dames-jassen","12":"product_cat-leren-jas-dames","13":"product_cat-leren-jasje-dames","14":"product_cat-leren-jassen-dames","15":"product_cat-leren-jassen-dames-uitverkoop","16":"product_cat-versano","17":"product_tag-dames-jassen-lamsleer","18":"product_tag-dames-leren-biker-jas","19":"product_tag-goedkoper-leren-dames-jassen","20":"product_tag-groen-leren-dames-jasje","21":"product_tag-groene-lederen-dames-jassen","22":"product_tag-groene-leren-dames-jas","23":"product_tag-groene-leren-dames-jassen","24":"product_tag-groene-leren-jas-dames","25":"product_tag-leren-dames-jas-biker","26":"product_tag-leren-dames-jas-echt-leer","27":"product_tag-leren-dames-jas-groen","28":"product_tag-leren-dames-jassen-sale","29":"product_tag-leren-dames-jassen-uitverkoop","30":"product_tag-uitverkoop-leren-jassen","31":"tm-no-options","33":"first","34":"instock","35":"sale","36":"taxable","37":"shipping-taxable","38":"purchasable","39":"product-type-variable"},"yoast_head":"<!-- This site is optimized with the Yoast SEO plugin v27.2 - https:\/\/yoast.com\/product\/yoast-seo-wordpress\/ -->\n<title>leren dames jas bikerlook Miami groen Versano, groen leren jasje<\/title>\n<meta name=\"description\" content=\"Bent u op zoek naar een leren dames jas bikerlook Miami groen Versano? Dan bent u bij Versano aan het juiste adres voor een groene leren jas.\" \/>\n<meta name=\"robots\" content=\"index, follow, max-snippet:-1, max-image-preview:large, max-video-preview:-1\" \/>\n<link rel=\"canonical\" href=\"https:\/\/versano.nl\/de\/shop\/leren-jasje-dames-biker-model-groen-versano-miami\/\" \/>\n<meta property=\"og:locale\" content=\"de_DE\" \/>\n<meta property=\"og:type\" content=\"article\" \/>\n<meta property=\"og:title\" content=\"leren dames jas bikerlook Miami groen Versano, groen leren jasje\" \/>\n<meta property=\"og:description\" content=\"Bent u op zoek naar een leren dames jas bikerlook Miami groen Versano? Dan bent u bij Versano aan het juiste adres voor een groene leren jas.\" \/>\n<meta property=\"og:url\" content=\"https:\/\/versano.nl\/de\/shop\/leren-jasje-dames-biker-model-groen-versano-miami\/\" \/>\n<meta property=\"og:site_name\" content=\"Versano\" \/>\n<meta property=\"article:modified_time\" content=\"2025-08-27T14:15:50+00:00\" \/>\n<meta property=\"og:image\" content=\"https:\/\/versano.nl\/wp-content\/uploads\/2018\/05\/miami-groen.jpg\" \/>\n\t<meta property=\"og:image:width\" content=\"600\" \/>\n\t<meta property=\"og:image:height\" content=\"800\" \/>\n\t<meta property=\"og:image:type\" content=\"image\/jpeg\" \/>\n<meta name=\"twitter:card\" content=\"summary_large_image\" \/>\n<meta name=\"twitter:label1\" content=\"Gesch\u00e4tzte Lesezeit\" \/>\n\t<meta name=\"twitter:data1\" content=\"2\u00a0Minuten\" \/>\n<script type=\"application\/ld+json\" class=\"yoast-schema-graph\">{\"@context\":\"https:\/\/schema.org\",\"@graph\":[{\"@type\":\"WebPage\",\"@id\":\"https:\/\/versano.nl\/shop\/leren-jasje-dames-biker-model-groen-versano-miami\/\",\"url\":\"https:\/\/versano.nl\/shop\/leren-jasje-dames-biker-model-groen-versano-miami\/\",\"name\":\"leren dames jas bikerlook Miami groen Versano, groen leren jasje\",\"isPartOf\":{\"@id\":\"https:\/\/versano.nl\/#website\"},\"primaryImageOfPage\":{\"@id\":\"https:\/\/versano.nl\/shop\/leren-jasje-dames-biker-model-groen-versano-miami\/#primaryimage\"},\"image\":{\"@id\":\"https:\/\/versano.nl\/shop\/leren-jasje-dames-biker-model-groen-versano-miami\/#primaryimage\"},\"thumbnailUrl\":\"https:\/\/versano.nl\/wp-content\/uploads\/2018\/05\/miami-groen.jpg\",\"datePublished\":\"2018-05-10T14:38:43+00:00\",\"dateModified\":\"2025-08-27T14:15:50+00:00\",\"description\":\"Bent u op zoek naar een leren dames jas bikerlook Miami groen Versano? Dan bent u bij Versano aan het juiste adres voor een groene leren jas.\",\"breadcrumb\":{\"@id\":\"https:\/\/versano.nl\/shop\/leren-jasje-dames-biker-model-groen-versano-miami\/#breadcrumb\"},\"inLanguage\":\"de\",\"potentialAction\":[{\"@type\":\"ReadAction\",\"target\":[\"https:\/\/versano.nl\/shop\/leren-jasje-dames-biker-model-groen-versano-miami\/\"]}]},{\"@type\":\"ImageObject\",\"inLanguage\":\"de\",\"@id\":\"https:\/\/versano.nl\/shop\/leren-jasje-dames-biker-model-groen-versano-miami\/#primaryimage\",\"url\":\"https:\/\/versano.nl\/wp-content\/uploads\/2018\/05\/miami-groen.jpg\",\"contentUrl\":\"https:\/\/versano.nl\/wp-content\/uploads\/2018\/05\/miami-groen.jpg\",\"width\":600,\"height\":800,\"caption\":\"leren jas dames groen\"},{\"@type\":\"BreadcrumbList\",\"@id\":\"https:\/\/versano.nl\/shop\/leren-jasje-dames-biker-model-groen-versano-miami\/#breadcrumb\",\"itemListElement\":[{\"@type\":\"ListItem\",\"position\":1,\"name\":\"Home\",\"item\":\"https:\/\/versano.nl\/\"},{\"@type\":\"ListItem\",\"position\":2,\"name\":\"Shop\",\"item\":\"https:\/\/versano.nl\/shop\/\"},{\"@type\":\"ListItem\",\"position\":3,\"name\":\"leren dames jas bikerlook Miami groen Versano\"}]},{\"@type\":\"WebSite\",\"@id\":\"https:\/\/versano.nl\/#website\",\"url\":\"https:\/\/versano.nl\/\",\"name\":\"Versano\",\"description\":\"winterjassen met bontkraag | leren dames jassen | leren heren jassen\",\"potentialAction\":[{\"@type\":\"SearchAction\",\"target\":{\"@type\":\"EntryPoint\",\"urlTemplate\":\"https:\/\/versano.nl\/?s={search_term_string}\"},\"query-input\":{\"@type\":\"PropertyValueSpecification\",\"valueRequired\":true,\"valueName\":\"search_term_string\"}}],\"inLanguage\":\"de\"}]}<\/script>\n<!-- \/ Yoast SEO plugin. -->","yoast_head_json":{"title":"Leder Damenjacke Bikerlook Miami gr\u00fcn Versano, gr\u00fcne Lederjacke","description":"Suchen Sie eine Damen Lederjacke im Bikerlook Miami gr\u00fcn Versano? Dann sind Sie bei Versano f\u00fcr eine gr\u00fcne Lederjacke genau richtig.","robots":{"index":"index","follow":"follow","max-snippet":"max-snippet:-1","max-image-preview":"max-image-preview:large","max-video-preview":"max-video-preview:-1"},"canonical":"https:\/\/versano.nl\/de\/shop\/leren-jasje-dames-biker-model-groen-versano-miami\/","og_locale":"de_DE","og_type":"article","og_title":"leren dames jas bikerlook Miami groen Versano, groen leren jasje","og_description":"Bent u op zoek naar een leren dames jas bikerlook Miami groen Versano? Dan bent u bij Versano aan het juiste adres voor een groene leren jas.","og_url":"https:\/\/versano.nl\/de\/shop\/leren-jasje-dames-biker-model-groen-versano-miami\/","og_site_name":"Versano","article_modified_time":"2025-08-27T14:15:50+00:00","og_image":[{"width":600,"height":800,"url":"https:\/\/versano.nl\/wp-content\/uploads\/2018\/05\/miami-groen.jpg","type":"image\/jpeg"}],"twitter_card":"summary_large_image","twitter_misc":{"Gesch\u00e4tzte Lesezeit":"2\u00a0Minuten"},"schema":{"@context":"https:\/\/schema.org","@graph":[{"@type":"WebPage","@id":"https:\/\/versano.nl\/shop\/leren-jasje-dames-biker-model-groen-versano-miami\/","url":"https:\/\/versano.nl\/shop\/leren-jasje-dames-biker-model-groen-versano-miami\/","name":"Leder Damenjacke Bikerlook Miami gr\u00fcn Versano, gr\u00fcne Lederjacke","isPartOf":{"@id":"https:\/\/versano.nl\/#website"},"primaryImageOfPage":{"@id":"https:\/\/versano.nl\/shop\/leren-jasje-dames-biker-model-groen-versano-miami\/#primaryimage"},"image":{"@id":"https:\/\/versano.nl\/shop\/leren-jasje-dames-biker-model-groen-versano-miami\/#primaryimage"},"thumbnailUrl":"https:\/\/versano.nl\/wp-content\/uploads\/2018\/05\/miami-groen.jpg","datePublished":"2018-05-10T14:38:43+00:00","dateModified":"2025-08-27T14:15:50+00:00","description":"Suchen Sie eine Damen Lederjacke im Bikerlook Miami gr\u00fcn Versano? Dann sind Sie bei Versano f\u00fcr eine gr\u00fcne Lederjacke genau richtig.","breadcrumb":{"@id":"https:\/\/versano.nl\/shop\/leren-jasje-dames-biker-model-groen-versano-miami\/#breadcrumb"},"inLanguage":"de","potentialAction":[{"@type":"ReadAction","target":["https:\/\/versano.nl\/shop\/leren-jasje-dames-biker-model-groen-versano-miami\/"]}]},{"@type":"ImageObject","inLanguage":"de","@id":"https:\/\/versano.nl\/shop\/leren-jasje-dames-biker-model-groen-versano-miami\/#primaryimage","url":"https:\/\/versano.nl\/wp-content\/uploads\/2018\/05\/miami-groen.jpg","contentUrl":"https:\/\/versano.nl\/wp-content\/uploads\/2018\/05\/miami-groen.jpg","width":600,"height":800,"caption":"leren jas dames groen"},{"@type":"BreadcrumbList","@id":"https:\/\/versano.nl\/shop\/leren-jasje-dames-biker-model-groen-versano-miami\/#breadcrumb","itemListElement":[{"@type":"ListItem","position":1,"name":"Home","item":"https:\/\/versano.nl\/"},{"@type":"ListItem","position":2,"name":"Shop","item":"https:\/\/versano.nl\/shop\/"},{"@type":"ListItem","position":3,"name":"leren dames jas bikerlook Miami groen Versano"}]},{"@type":"WebSite","@id":"https:\/\/versano.nl\/#website","url":"https:\/\/versano.nl\/","name":"Versano","description":"Winterm\u00e4ntel mit Pelzkragen | Damen Lederjacken | Herren Lederjacken","potentialAction":[{"@type":"SearchAction","target":{"@type":"EntryPoint","urlTemplate":"https:\/\/versano.nl\/?s={search_term_string}"},"query-input":{"@type":"PropertyValueSpecification","valueRequired":true,"valueName":"search_term_string"}}],"inLanguage":"de"}]}},"_links":{"self":[{"href":"https:\/\/versano.nl\/de\/wp-json\/wp\/v2\/product\/8676","targetHints":{"allow":["GET"]}}],"collection":[{"href":"https:\/\/versano.nl\/de\/wp-json\/wp\/v2\/product"}],"about":[{"href":"https:\/\/versano.nl\/de\/wp-json\/wp\/v2\/types\/product"}],"replies":[{"embeddable":true,"href":"https:\/\/versano.nl\/de\/wp-json\/wp\/v2\/comments?post=8676"}],"wp:featuredmedia":[{"embeddable":true,"href":"https:\/\/versano.nl\/de\/wp-json\/wp\/v2\/media\/33542"}],"wp:attachment":[{"href":"https:\/\/versano.nl\/de\/wp-json\/wp\/v2\/media?parent=8676"}],"wp:term":[{"taxonomy":"product_brand","embeddable":true,"href":"https:\/\/versano.nl\/de\/wp-json\/wp\/v2\/product_brand?post=8676"},{"taxonomy":"product_cat","embeddable":true,"href":"https:\/\/versano.nl\/de\/wp-json\/wp\/v2\/product_cat?post=8676"},{"taxonomy":"product_tag","embeddable":true,"href":"https:\/\/versano.nl\/de\/wp-json\/wp\/v2\/product_tag?post=8676"}],"curies":[{"name":"wp","href":"https:\/\/api.w.org\/{rel}","templated":true}]}}