{"id":8479,"date":"2018-04-30T19:04:41","date_gmt":"2018-04-30T19:04:41","guid":{"rendered":"https:\/\/leathershopdoci.nl\/?post_type=product&#038;p=17032"},"modified":"2024-12-13T12:07:48","modified_gmt":"2024-12-13T12:07:48","slug":"leren-dames-jasje-basic-groen-versano-301","status":"publish","type":"product","link":"https:\/\/versano.nl\/de\/shop\/leren-dames-jasje-basic-groen-versano-301\/","title":{"rendered":"Leder Damenjacke gr\u00fcn Versano 301"},"content":{"rendered":"<h2>Leder Damenjacke gr\u00fcn Versano 301<\/h2>\n<p>Wenn Sie eine moderne Basic Lederjacke ohne Schnickschnack suchen, dann ist die gr\u00fcne Damen Lederjacke Basic Modell Versano 301 ein absolutes Muss. Diese Lammlederjacke von Versano hat eine tolle Passform mit Rundhalsausschnitt und passt zu jedem Anlass, egal ob zum Rock oder zur Jeans. Diese Lederjacke ist mit sch\u00f6nen N\u00e4hten perfekt verarbeitet und hat 2 Seitentaschen mit Druckkn\u00f6pfen. Dies ist eines der Grundmodelle von Versano und als solches auch einer unserer Erfolge. Diese Jacke ist in strapazierf\u00e4higem Lammleder erh\u00e4ltlich, aber wenn Sie es lieber nicht tragen m\u00f6chten, gibt es auch verschiedene Modelle in Lederimitat. Wenn Sie die Damen Lederjacke 301 gr\u00fcn in einer anderen Farbe bestellen m\u00f6chten, finden Sie auf unserer Website verschiedene Farben.<\/p>\n<h2>Bestellen Sie das Modell 301 in der Farbe Gr\u00fcn<\/h2>\n<p>Diese schicke Damen Lederjacke von Versano ist eines der besten Basic Modelle der italienischen Marke Versano. Die Jacke ist italienisch geschnitten mit guter Passform und auch in verschiedenen Farben erh\u00e4ltlich. Das strapazierf\u00e4hige Lammfell hat eine besonders sch\u00f6ne Waschung und verleiht einen Vintage-Look. Diese Damen Lederjacke ist auch in Schwarz und Cognac erh\u00e4ltlich. Dies ist eine Jacke, die, man kann es nicht leugnen, gro\u00dfartig aussieht. Das Finish ist absolut perfekt und alle Elemente sind sch\u00f6n aufeinander abgestimmt. Sein italienisches Design sorgt daf\u00fcr, dass die Jacke eng anliegt und trotzdem angenehm zu tragen ist. Dieses Modell ist nicht zu voll, was es zu einem Top-Klassiker macht. Sie k\u00f6nnen ganz einfach auf unserer Website bestellen.<\/p>\n<p>Marke: <a href=\"https:\/\/versano.nl\/\" target=\"_blank\" rel=\"noopener noreferrer\">Versano<\/a><br \/>\nMaterial: 100% Lammfell<br \/>\nFutter: 100% Polyester<br \/>\nL\u00e4nge: kurz<br \/>\nPassform: ausgestattet<br \/>\nSchlie\u00dfung: Rei\u00dfverschluss<br \/>\nTaschen: RV-Taschen<br \/>\nKragen: Stehkragen<br \/>\nMaterial Au\u00dfenschicht: hohe Qualit\u00e4t und weiches Lammfell<br \/>\nLieferzeit: 2-3 Werktage<\/p>","protected":false},"excerpt":{"rendered":"<p><strong>W\u00c4HLEN SIE HIER EINE ANDERE FARBE<\/strong><\/p>\n<p><span style=\"color: #ff0000;\"><a href=\"https:\/\/versano.nl\/shop\/leren-dames-jasje-basic-blauw-versano-301\"><img loading=\"lazy\" decoding=\"async\" class=\"alignnone size-full wp-image-19823\" src=\"https:\/\/versano.nl\/wp-content\/uploads\/sites\/2\/2018\/04\/blauw-leren-jasje-dames-versano-301-model2-thumb.jpg\" alt=\"\" width=\"57\" height=\"75\" \/><\/a><a href=\"https:\/\/versano.nl\/shop\/dames-leren-jas-cognac-versano-301\/\"><img loading=\"lazy\" decoding=\"async\" class=\"alignnone size-full wp-image-19825\" src=\"https:\/\/versano.nl\/wp-content\/uploads\/sites\/2\/2018\/04\/lamsleren-dames-jas-basic-ronde-kraag-cognac-versano-301-voorkant-thumb.jpg\" alt=\"\" width=\"57\" height=\"75\" \/><\/a><a href=\"https:\/\/versano.nl\/shop\/leren-dames-jas-basic-zwart-versano-301\/\"><img loading=\"lazy\" decoding=\"async\" class=\"alignnone size-full wp-image-19826\" src=\"https:\/\/versano.nl\/wp-content\/uploads\/sites\/2\/2018\/04\/zwart-leren-jasje-dames-versano-301-model2-thumb.jpg\" alt=\"\" width=\"57\" height=\"75\" \/><\/a><\/span><\/p>\n<p><span style=\"color: #ff0000;\">Fit Beratung:<\/span>\u00a0Die Passform dieser Jacke ist eng geschnitten. Unser Modell ist 1,68 cm gro\u00df und tr\u00e4gt eine Gr\u00f6\u00dfe S.<\/p>\n<p>Wenn Sie sich bei Ihren Ma\u00dfen nicht sicher sind, empfehlen wir Ihnen, zuerst Ihre Gr\u00f6\u00dfenma\u00dfe zu messen und sie mit unserer Gr\u00f6\u00dfentabelle zu vergleichen. Wenn Sie keine Erfahrung mit der Messung von Umfangsgr\u00f6\u00dfen haben, klicken Sie auf\u00a0<a href=\"https:\/\/www.youtube.com\/watch?v=3ZSfY87v6pM\"><em>HIER<\/em>\u00a0<\/a>\u00a0zu\u00a0<a href=\"https:\/\/www.youtube.com\/watch?v=3ZSfY87v6pM\"><em><span style=\"color: #ff0000;\">VIDEO<\/span><\/em><\/a>\u00a0 mit Anweisungen. Sie k\u00f6nnen uns auch direkt anrufen oder anrufen! Unsere Mitarbeiter stehen Ihnen jederzeit zur Verf\u00fcgung.<\/p>\n<p><strong>LIEFERZEIT :<\/strong>\u00a02 bis 3 Werktage.<\/p>","protected":false},"featured_media":20418,"comment_status":"closed","ping_status":"closed","template":"","meta":[],"product_brand":[],"product_cat":[90,1248,874,875,879,1469,1712,881,878,882],"product_tag":[110,111,112,113,114,95,115,116,98,101,105,106,107],"class_list":{"0":"post-8479","1":"product","2":"type-product","3":"status-publish","4":"has-post-thumbnail","6":"product_cat-dames-leren-jassen","7":"product_cat-grote-maten-leren-dames-jassen","8":"product_cat-kort-leren-jasje","9":"product_cat-kort-leren-jasje-dames","10":"product_cat-leren-dames-jassen","11":"product_cat-leren-jas-dames","12":"product_cat-leren-jassen","13":"product_cat-leren-jassen-dames","14":"product_cat-leren-jassen-dames-uitverkoop","15":"product_cat-versano","16":"product_tag-dames-leren-jas-groen","17":"product_tag-goedkope-dames-leren-jas-groen","18":"product_tag-goedkope-leren-dames-jas-groen","19":"product_tag-groene-dames-leren-jas","20":"product_tag-groene-leren-dames-jas","21":"product_tag-korte-leren-jassen","22":"product_tag-leren-dames-jas-groen","23":"product_tag-leren-groene-jas-dames","24":"product_tag-leren-jasje","25":"product_tag-online-leren-jassen","26":"product_tag-versano-leren-jassen","27":"product_tag-winter-leren-jassen","28":"product_tag-zomer-leren-jassen","29":"tm-no-options","31":"first","32":"instock","33":"taxable","34":"shipping-taxable","35":"purchasable","36":"product-type-variable"},"yoast_head":"<!-- This site is optimized with the Yoast SEO plugin v27.2 - https:\/\/yoast.com\/product\/yoast-seo-wordpress\/ -->\n<title>leren dames jasje groen Versano 301, groene leren dames jas<\/title>\n<meta name=\"description\" content=\"Met het leren dames jasje groen Versano 301 mag je echt gezien worden. Deze jas is gemaakt van soepel en zacht 100% lamsleer.\" \/>\n<meta name=\"robots\" content=\"index, follow, max-snippet:-1, max-image-preview:large, max-video-preview:-1\" \/>\n<link rel=\"canonical\" href=\"https:\/\/versano.nl\/de\/shop\/leren-dames-jasje-basic-groen-versano-301\/\" \/>\n<meta property=\"og:locale\" content=\"de_DE\" \/>\n<meta property=\"og:type\" content=\"article\" \/>\n<meta property=\"og:title\" content=\"leren dames jasje groen Versano 301, groene leren dames jas\" \/>\n<meta property=\"og:description\" content=\"Met het leren dames jasje groen Versano 301 mag je echt gezien worden. Deze jas is gemaakt van soepel en zacht 100% lamsleer.\" \/>\n<meta property=\"og:url\" content=\"https:\/\/versano.nl\/de\/shop\/leren-dames-jasje-basic-groen-versano-301\/\" \/>\n<meta property=\"og:site_name\" content=\"Versano\" \/>\n<meta property=\"article:modified_time\" content=\"2024-12-13T12:07:48+00:00\" \/>\n<meta property=\"og:image\" content=\"https:\/\/versano.nl\/wp-content\/uploads\/2018\/04\/groen-leren-jasje-dames-versano-301-model2-1.jpg\" \/>\n\t<meta property=\"og:image:width\" content=\"900\" \/>\n\t<meta property=\"og:image:height\" content=\"1176\" \/>\n\t<meta property=\"og:image:type\" content=\"image\/jpeg\" \/>\n<meta name=\"twitter:card\" content=\"summary_large_image\" \/>\n<meta name=\"twitter:label1\" content=\"Gesch\u00e4tzte Lesezeit\" \/>\n\t<meta name=\"twitter:data1\" content=\"2\u00a0Minuten\" \/>\n<script type=\"application\/ld+json\" class=\"yoast-schema-graph\">{\"@context\":\"https:\/\/schema.org\",\"@graph\":[{\"@type\":\"WebPage\",\"@id\":\"https:\/\/versano.nl\/shop\/leren-dames-jasje-basic-groen-versano-301\/\",\"url\":\"https:\/\/versano.nl\/shop\/leren-dames-jasje-basic-groen-versano-301\/\",\"name\":\"leren dames jasje groen Versano 301, groene leren dames jas\",\"isPartOf\":{\"@id\":\"https:\/\/versano.nl\/#website\"},\"primaryImageOfPage\":{\"@id\":\"https:\/\/versano.nl\/shop\/leren-dames-jasje-basic-groen-versano-301\/#primaryimage\"},\"image\":{\"@id\":\"https:\/\/versano.nl\/shop\/leren-dames-jasje-basic-groen-versano-301\/#primaryimage\"},\"thumbnailUrl\":\"https:\/\/versano.nl\/wp-content\/uploads\/2018\/04\/groen-leren-jasje-dames-versano-301-model2-1.jpg\",\"datePublished\":\"2018-04-30T19:04:41+00:00\",\"dateModified\":\"2024-12-13T12:07:48+00:00\",\"description\":\"Met het leren dames jasje groen Versano 301 mag je echt gezien worden. Deze jas is gemaakt van soepel en zacht 100% lamsleer.\",\"breadcrumb\":{\"@id\":\"https:\/\/versano.nl\/shop\/leren-dames-jasje-basic-groen-versano-301\/#breadcrumb\"},\"inLanguage\":\"de\",\"potentialAction\":[{\"@type\":\"ReadAction\",\"target\":[\"https:\/\/versano.nl\/shop\/leren-dames-jasje-basic-groen-versano-301\/\"]}]},{\"@type\":\"ImageObject\",\"inLanguage\":\"de\",\"@id\":\"https:\/\/versano.nl\/shop\/leren-dames-jasje-basic-groen-versano-301\/#primaryimage\",\"url\":\"https:\/\/versano.nl\/wp-content\/uploads\/2018\/04\/groen-leren-jasje-dames-versano-301-model2-1.jpg\",\"contentUrl\":\"https:\/\/versano.nl\/wp-content\/uploads\/2018\/04\/groen-leren-jasje-dames-versano-301-model2-1.jpg\",\"width\":900,\"height\":1176,\"caption\":\"leren dames jasje groen Versano 301\"},{\"@type\":\"BreadcrumbList\",\"@id\":\"https:\/\/versano.nl\/shop\/leren-dames-jasje-basic-groen-versano-301\/#breadcrumb\",\"itemListElement\":[{\"@type\":\"ListItem\",\"position\":1,\"name\":\"Home\",\"item\":\"https:\/\/versano.nl\/\"},{\"@type\":\"ListItem\",\"position\":2,\"name\":\"Shop\",\"item\":\"https:\/\/versano.nl\/shop\/\"},{\"@type\":\"ListItem\",\"position\":3,\"name\":\"Leren dames jasje groen Versano 301\"}]},{\"@type\":\"WebSite\",\"@id\":\"https:\/\/versano.nl\/#website\",\"url\":\"https:\/\/versano.nl\/\",\"name\":\"Versano\",\"description\":\"winterjassen met bontkraag | leren dames jassen | leren heren jassen\",\"potentialAction\":[{\"@type\":\"SearchAction\",\"target\":{\"@type\":\"EntryPoint\",\"urlTemplate\":\"https:\/\/versano.nl\/?s={search_term_string}\"},\"query-input\":{\"@type\":\"PropertyValueSpecification\",\"valueRequired\":true,\"valueName\":\"search_term_string\"}}],\"inLanguage\":\"de\"}]}<\/script>\n<!-- \/ Yoast SEO plugin. -->","yoast_head_json":{"title":"Damen Lederjacke Gr\u00fcn Versano 301, Gr\u00fcne Damen Lederjacke","description":"Mit der Damen Lederjacke Gr\u00fcn Versano 301 kann man sich wirklich sehen lassen. Diese Jacke ist aus anschmiegsamem und weichem 100% Lammleder gefertigt.","robots":{"index":"index","follow":"follow","max-snippet":"max-snippet:-1","max-image-preview":"max-image-preview:large","max-video-preview":"max-video-preview:-1"},"canonical":"https:\/\/versano.nl\/de\/shop\/leren-dames-jasje-basic-groen-versano-301\/","og_locale":"de_DE","og_type":"article","og_title":"leren dames jasje groen Versano 301, groene leren dames jas","og_description":"Met het leren dames jasje groen Versano 301 mag je echt gezien worden. Deze jas is gemaakt van soepel en zacht 100% lamsleer.","og_url":"https:\/\/versano.nl\/de\/shop\/leren-dames-jasje-basic-groen-versano-301\/","og_site_name":"Versano","article_modified_time":"2024-12-13T12:07:48+00:00","og_image":[{"width":900,"height":1176,"url":"https:\/\/versano.nl\/wp-content\/uploads\/2018\/04\/groen-leren-jasje-dames-versano-301-model2-1.jpg","type":"image\/jpeg"}],"twitter_card":"summary_large_image","twitter_misc":{"Gesch\u00e4tzte Lesezeit":"2\u00a0Minuten"},"schema":{"@context":"https:\/\/schema.org","@graph":[{"@type":"WebPage","@id":"https:\/\/versano.nl\/shop\/leren-dames-jasje-basic-groen-versano-301\/","url":"https:\/\/versano.nl\/shop\/leren-dames-jasje-basic-groen-versano-301\/","name":"Damen Lederjacke Gr\u00fcn Versano 301, Gr\u00fcne Damen Lederjacke","isPartOf":{"@id":"https:\/\/versano.nl\/#website"},"primaryImageOfPage":{"@id":"https:\/\/versano.nl\/shop\/leren-dames-jasje-basic-groen-versano-301\/#primaryimage"},"image":{"@id":"https:\/\/versano.nl\/shop\/leren-dames-jasje-basic-groen-versano-301\/#primaryimage"},"thumbnailUrl":"https:\/\/versano.nl\/wp-content\/uploads\/2018\/04\/groen-leren-jasje-dames-versano-301-model2-1.jpg","datePublished":"2018-04-30T19:04:41+00:00","dateModified":"2024-12-13T12:07:48+00:00","description":"Mit der Damen Lederjacke Gr\u00fcn Versano 301 kann man sich wirklich sehen lassen. Diese Jacke ist aus anschmiegsamem und weichem 100% Lammleder gefertigt.","breadcrumb":{"@id":"https:\/\/versano.nl\/shop\/leren-dames-jasje-basic-groen-versano-301\/#breadcrumb"},"inLanguage":"de","potentialAction":[{"@type":"ReadAction","target":["https:\/\/versano.nl\/shop\/leren-dames-jasje-basic-groen-versano-301\/"]}]},{"@type":"ImageObject","inLanguage":"de","@id":"https:\/\/versano.nl\/shop\/leren-dames-jasje-basic-groen-versano-301\/#primaryimage","url":"https:\/\/versano.nl\/wp-content\/uploads\/2018\/04\/groen-leren-jasje-dames-versano-301-model2-1.jpg","contentUrl":"https:\/\/versano.nl\/wp-content\/uploads\/2018\/04\/groen-leren-jasje-dames-versano-301-model2-1.jpg","width":900,"height":1176,"caption":"leren dames jasje groen Versano 301"},{"@type":"BreadcrumbList","@id":"https:\/\/versano.nl\/shop\/leren-dames-jasje-basic-groen-versano-301\/#breadcrumb","itemListElement":[{"@type":"ListItem","position":1,"name":"Home","item":"https:\/\/versano.nl\/"},{"@type":"ListItem","position":2,"name":"Shop","item":"https:\/\/versano.nl\/shop\/"},{"@type":"ListItem","position":3,"name":"Leren dames jasje groen Versano 301"}]},{"@type":"WebSite","@id":"https:\/\/versano.nl\/#website","url":"https:\/\/versano.nl\/","name":"Versano","description":"Winterm\u00e4ntel mit Pelzkragen | Damen Lederjacken | Herren Lederjacken","potentialAction":[{"@type":"SearchAction","target":{"@type":"EntryPoint","urlTemplate":"https:\/\/versano.nl\/?s={search_term_string}"},"query-input":{"@type":"PropertyValueSpecification","valueRequired":true,"valueName":"search_term_string"}}],"inLanguage":"de"}]}},"_links":{"self":[{"href":"https:\/\/versano.nl\/de\/wp-json\/wp\/v2\/product\/8479","targetHints":{"allow":["GET"]}}],"collection":[{"href":"https:\/\/versano.nl\/de\/wp-json\/wp\/v2\/product"}],"about":[{"href":"https:\/\/versano.nl\/de\/wp-json\/wp\/v2\/types\/product"}],"replies":[{"embeddable":true,"href":"https:\/\/versano.nl\/de\/wp-json\/wp\/v2\/comments?post=8479"}],"wp:featuredmedia":[{"embeddable":true,"href":"https:\/\/versano.nl\/de\/wp-json\/wp\/v2\/media\/20418"}],"wp:attachment":[{"href":"https:\/\/versano.nl\/de\/wp-json\/wp\/v2\/media?parent=8479"}],"wp:term":[{"taxonomy":"product_brand","embeddable":true,"href":"https:\/\/versano.nl\/de\/wp-json\/wp\/v2\/product_brand?post=8479"},{"taxonomy":"product_cat","embeddable":true,"href":"https:\/\/versano.nl\/de\/wp-json\/wp\/v2\/product_cat?post=8479"},{"taxonomy":"product_tag","embeddable":true,"href":"https:\/\/versano.nl\/de\/wp-json\/wp\/v2\/product_tag?post=8479"}],"curies":[{"name":"wp","href":"https:\/\/api.w.org\/{rel}","templated":true}]}}