{"id":8421,"date":"2018-04-29T17:25:01","date_gmt":"2018-04-29T17:25:01","guid":{"rendered":"https:\/\/leathershopdoci.nl\/?post_type=product&#038;p=16993"},"modified":"2025-09-19T18:38:30","modified_gmt":"2025-09-19T18:38:30","slug":"lamsleren-dames-jasje-zwart-versano-340","status":"publish","type":"product","link":"https:\/\/versano.nl\/de\/shop\/lamsleren-dames-jasje-zwart-versano-340\/","title":{"rendered":"Damen Lederjacke schwarz Versano 340"},"content":{"rendered":"<h2>Leder Damenjacke schwarz Versano 340<\/h2>\n<p>Suchen Sie den einen Mantel, den Sie \u00fcber mehrere Saisons hinweg tragen k\u00f6nnen? Dann k\u00f6nnen wir dir w\u00e4rmstens empfehlen, einen Blick auf die Damen Lederjacke schwarz Versano 340 zu werfen. Dieses sch\u00f6n geschnittene Modell ist perfekt f\u00fcr k\u00e4ltere und w\u00e4rmere Tage. Mit diesem Modell erhalten Sie eine Jacke, die komplett darauf abgestimmt ist, Ihnen so viel Komfort wie m\u00f6glich zu bieten. Es handelt sich um ein Modell mit zwei tiefen Seitentaschen und zwei Brusttaschen, die alle mit einem Rei\u00dfverschluss geschlossen werden k\u00f6nnen. Die Jacke hat auch eine gute Innentasche. Die Jacke ist aus wundersch\u00f6nem Lammleder gefertigt, das eine coole und stylische Waschung hat. Diese Damen Lederjacke ist bei Versano nicht nur in Schwarz, sondern auch in Blau und Cognac erh\u00e4ltlich.<\/p>\n<h2>Modell 340 in schwarz bestellen<\/h2>\n<p>Diese schicke Damenjacke von Versano ist eines der besten Basic-Modelle der italienischen Marke Versano. Es ist eine Jacke, die sich gut mit verschiedenen Arten von Kleidung kombinieren l\u00e4sst. Denken Sie an einen Rock, aber auch an eine coole Jeans. Das Finish ist absolut perfekt und alle Elemente sind sch\u00f6n aufeinander abgestimmt. Dieses Modell ist in mehreren Farben und auch in gr\u00f6\u00dferen Gr\u00f6\u00dfen bis 5xl erh\u00e4ltlich. Wenn Sie diese Jacke bei uns bestellen, erhalten Sie eine Jacke, die ein Leben lang sch\u00f6n bleibt. Die Farbe Blau l\u00e4sst sich gut kombinieren und passt zu fast allen Outfits. Sein italienisches Design sorgt daf\u00fcr, dass die Jacke eng anliegt und trotzdem angenehm zu tragen ist. Dieses Modell ist nicht zu voll, was es zu einem Top-Klassiker macht. Sie k\u00f6nnen bequem auf unserer Website bestellen.<\/p>\n<p>Marke:\u00a0<a href=\"https:\/\/versano.nl\/\" target=\"_blank\" rel=\"noopener noreferrer\">Versano<\/a><br \/>\nMaterial: 100% Lammfell<br \/>\nFutter: 100% Polyester<br \/>\nL\u00e4nge: kurz<br \/>\nPassform: fest sitzend<br \/>\nSchlie\u00dfung: Rei\u00dfverschluss<br \/>\nTaschen: RV-Taschen<br \/>\nKragen: Stehkragen<br \/>\nMaterial Au\u00dfenschicht: hohe Qualit\u00e4t und weiches Lammfell<br \/>\nLieferzeit: 2-3 Werktage<\/p>","protected":false},"excerpt":{"rendered":"<p><strong>W\u00c4HLEN SIE HIER EINE ANDERE FARBE<\/strong><\/p>\n<p><a href=\"https:\/\/versano.nl\/shop\/leren-dames-jasje-blauw-versano-340\/\"><img loading=\"lazy\" decoding=\"async\" class=\"alignnone size-full wp-image-19853\" src=\"https:\/\/versano.nl\/wp-content\/uploads\/sites\/2\/2018\/12\/leren-jasje-dames-donkerblauw-versano-340-model2-thumb.jpg\" alt=\"\" width=\"57\" height=\"75\" \/><\/a><a href=\"https:\/\/versano.nl\/shop\/dames-lederen-jas-cognac-340-versano\/\"><img loading=\"lazy\" decoding=\"async\" class=\"alignnone size-full wp-image-19852\" src=\"https:\/\/versano.nl\/wp-content\/uploads\/sites\/2\/2018\/12\/leren-jasje-dames-cognac-versano-340-model4-thumb.jpg\" alt=\"\" width=\"57\" height=\"75\" \/><\/a><\/p>\n<p><span style=\"color: #ff0000\">Fit Beratung:<\/span>\u00a0Die Passform dieser Jacke ist eng geschnitten. Unser Modell ist 1,68 cm gro\u00df und tr\u00e4gt eine Gr\u00f6\u00dfe S.<\/p>\n<p>Wenn Sie sich bei Ihren Ma\u00dfen nicht sicher sind, empfehlen wir Ihnen, zuerst Ihre Gr\u00f6\u00dfenma\u00dfe zu messen und sie mit unserer Gr\u00f6\u00dfentabelle zu vergleichen. Wenn Sie keine Erfahrung mit der Messung von Umfangsgr\u00f6\u00dfen haben, klicken Sie auf\u00a0<a href=\"https:\/\/www.youtube.com\/watch?v=3ZSfY87v6pM\"><em>HIER<\/em>\u00a0<\/a>\u00a0zu\u00a0<a href=\"https:\/\/www.youtube.com\/watch?v=3ZSfY87v6pM\"><em><span style=\"color: #ff0000\">VIDEO<\/span><\/em><\/a>\u00a0 mit Anweisungen. Sie k\u00f6nnen uns auch direkt anrufen oder anrufen! Unsere Mitarbeiter stehen Ihnen jederzeit zur Verf\u00fcgung.<\/p>\n<p><strong>LIEFERZEIT :<\/strong>\u00a02 bis 3 Werktage.<\/p>","protected":false},"featured_media":20595,"comment_status":"closed","ping_status":"closed","template":"","meta":[],"product_brand":[],"product_cat":[90,874,875,1470,879,1469,1474,880,1712,881,2051,878,882,890],"product_tag":[1556,1557,95,942,98,311,349,142,101,105,107,943,427],"class_list":{"0":"post-8421","1":"product","2":"type-product","3":"status-publish","4":"has-post-thumbnail","6":"product_cat-dames-leren-jassen","7":"product_cat-kort-leren-jasje","8":"product_cat-kort-leren-jasje-dames","9":"product_cat-leren-dames-jas","10":"product_cat-leren-dames-jassen","11":"product_cat-leren-jas-dames","12":"product_cat-leren-jas-dames-grote-maten","13":"product_cat-leren-jasje-dames","14":"product_cat-leren-jassen","15":"product_cat-leren-jassen-dames","16":"product_cat-leren-jassen-dames-grote-maten","17":"product_cat-leren-jassen-dames-uitverkoop","18":"product_cat-versano","19":"product_cat-zwarte-leren-jas-dames","20":"product_tag-dames-leren-jas-lamsleer","21":"product_tag-dames-leren-jassen-sale","22":"product_tag-korte-leren-jassen","23":"product_tag-leren-dames-jasje-zwart","24":"product_tag-leren-jasje","25":"product_tag-leren-jasje-zwart","26":"product_tag-leren-jassen","27":"product_tag-online-dames-leren-jassen","28":"product_tag-online-leren-jassen","29":"product_tag-versano-leren-jassen","30":"product_tag-zomer-leren-jassen","31":"product_tag-zwart-leren-dames-jasje","32":"product_tag-zwarte-leren-dames-jas","33":"tm-no-options","35":"first","36":"instock","37":"sale","38":"taxable","39":"shipping-taxable","40":"purchasable","41":"product-type-variable","42":"has-default-attributes"},"yoast_head":"<!-- This site is optimized with the Yoast SEO plugin v27.2 - https:\/\/yoast.com\/product\/yoast-seo-wordpress\/ -->\n<title>leren dames jasje zwart Versano 340, lamsleren jasje<\/title>\n<meta name=\"description\" content=\"Met dit leren dames jasje zwart Versano 340 mag je echt gezien worden. Deze jas is gemaakt van lamsleer, en heeft een uitstekende pasvorm.\" \/>\n<meta name=\"robots\" content=\"index, follow, max-snippet:-1, max-image-preview:large, max-video-preview:-1\" \/>\n<link rel=\"canonical\" href=\"https:\/\/versano.nl\/de\/shop\/lamsleren-dames-jasje-zwart-versano-340\/\" \/>\n<meta property=\"og:locale\" content=\"de_DE\" \/>\n<meta property=\"og:type\" content=\"article\" \/>\n<meta property=\"og:title\" content=\"leren dames jasje zwart Versano 340, lamsleren jasje\" \/>\n<meta property=\"og:description\" content=\"Met dit leren dames jasje zwart Versano 340 mag je echt gezien worden. Deze jas is gemaakt van lamsleer, en heeft een uitstekende pasvorm.\" \/>\n<meta property=\"og:url\" content=\"https:\/\/versano.nl\/de\/shop\/lamsleren-dames-jasje-zwart-versano-340\/\" \/>\n<meta property=\"og:site_name\" content=\"Versano\" \/>\n<meta property=\"article:modified_time\" content=\"2025-09-19T18:38:30+00:00\" \/>\n<meta property=\"og:image\" content=\"https:\/\/versano.nl\/wp-content\/uploads\/2018\/12\/leren-jasje-dames-zwart-versano-340-model2.jpg\" \/>\n\t<meta property=\"og:image:width\" content=\"900\" \/>\n\t<meta property=\"og:image:height\" content=\"1176\" \/>\n\t<meta property=\"og:image:type\" content=\"image\/jpeg\" \/>\n<meta name=\"twitter:card\" content=\"summary_large_image\" \/>\n<meta name=\"twitter:label1\" content=\"Gesch\u00e4tzte Lesezeit\" \/>\n\t<meta name=\"twitter:data1\" content=\"2\u00a0Minuten\" \/>\n<script type=\"application\/ld+json\" class=\"yoast-schema-graph\">{\"@context\":\"https:\/\/schema.org\",\"@graph\":[{\"@type\":\"WebPage\",\"@id\":\"https:\/\/versano.nl\/shop\/lamsleren-dames-jasje-zwart-versano-340\/\",\"url\":\"https:\/\/versano.nl\/shop\/lamsleren-dames-jasje-zwart-versano-340\/\",\"name\":\"leren dames jasje zwart Versano 340, lamsleren jasje\",\"isPartOf\":{\"@id\":\"https:\/\/versano.nl\/#website\"},\"primaryImageOfPage\":{\"@id\":\"https:\/\/versano.nl\/shop\/lamsleren-dames-jasje-zwart-versano-340\/#primaryimage\"},\"image\":{\"@id\":\"https:\/\/versano.nl\/shop\/lamsleren-dames-jasje-zwart-versano-340\/#primaryimage\"},\"thumbnailUrl\":\"https:\/\/versano.nl\/wp-content\/uploads\/2018\/12\/leren-jasje-dames-zwart-versano-340-model2.jpg\",\"datePublished\":\"2018-04-29T17:25:01+00:00\",\"dateModified\":\"2025-09-19T18:38:30+00:00\",\"description\":\"Met dit leren dames jasje zwart Versano 340 mag je echt gezien worden. Deze jas is gemaakt van lamsleer, en heeft een uitstekende pasvorm.\",\"breadcrumb\":{\"@id\":\"https:\/\/versano.nl\/shop\/lamsleren-dames-jasje-zwart-versano-340\/#breadcrumb\"},\"inLanguage\":\"de\",\"potentialAction\":[{\"@type\":\"ReadAction\",\"target\":[\"https:\/\/versano.nl\/shop\/lamsleren-dames-jasje-zwart-versano-340\/\"]}]},{\"@type\":\"ImageObject\",\"inLanguage\":\"de\",\"@id\":\"https:\/\/versano.nl\/shop\/lamsleren-dames-jasje-zwart-versano-340\/#primaryimage\",\"url\":\"https:\/\/versano.nl\/wp-content\/uploads\/2018\/12\/leren-jasje-dames-zwart-versano-340-model2.jpg\",\"contentUrl\":\"https:\/\/versano.nl\/wp-content\/uploads\/2018\/12\/leren-jasje-dames-zwart-versano-340-model2.jpg\",\"width\":900,\"height\":1176,\"caption\":\"dames imitatie leren jas 340 zwart Versano\"},{\"@type\":\"BreadcrumbList\",\"@id\":\"https:\/\/versano.nl\/shop\/lamsleren-dames-jasje-zwart-versano-340\/#breadcrumb\",\"itemListElement\":[{\"@type\":\"ListItem\",\"position\":1,\"name\":\"Home\",\"item\":\"https:\/\/versano.nl\/\"},{\"@type\":\"ListItem\",\"position\":2,\"name\":\"Shop\",\"item\":\"https:\/\/versano.nl\/shop\/\"},{\"@type\":\"ListItem\",\"position\":3,\"name\":\"leren dames jasje zwart Versano 340\"}]},{\"@type\":\"WebSite\",\"@id\":\"https:\/\/versano.nl\/#website\",\"url\":\"https:\/\/versano.nl\/\",\"name\":\"Versano\",\"description\":\"winterjassen met bontkraag | leren dames jassen | leren heren jassen\",\"potentialAction\":[{\"@type\":\"SearchAction\",\"target\":{\"@type\":\"EntryPoint\",\"urlTemplate\":\"https:\/\/versano.nl\/?s={search_term_string}\"},\"query-input\":{\"@type\":\"PropertyValueSpecification\",\"valueRequired\":true,\"valueName\":\"search_term_string\"}}],\"inLanguage\":\"de\"}]}<\/script>\n<!-- \/ Yoast SEO plugin. -->","yoast_head_json":{"title":"Damen Lederjacke schwarz Versano 340, Lederjacke aus Lammleder","description":"Mit dieser Leder Damenjacke schwarz Versano 340 k\u00f6nnen Sie sich wirklich sehen lassen. Diese Jacke ist aus Lammleder gefertigt und hat eine hervorragende Passform.","robots":{"index":"index","follow":"follow","max-snippet":"max-snippet:-1","max-image-preview":"max-image-preview:large","max-video-preview":"max-video-preview:-1"},"canonical":"https:\/\/versano.nl\/de\/shop\/lamsleren-dames-jasje-zwart-versano-340\/","og_locale":"de_DE","og_type":"article","og_title":"leren dames jasje zwart Versano 340, lamsleren jasje","og_description":"Met dit leren dames jasje zwart Versano 340 mag je echt gezien worden. Deze jas is gemaakt van lamsleer, en heeft een uitstekende pasvorm.","og_url":"https:\/\/versano.nl\/de\/shop\/lamsleren-dames-jasje-zwart-versano-340\/","og_site_name":"Versano","article_modified_time":"2025-09-19T18:38:30+00:00","og_image":[{"width":900,"height":1176,"url":"https:\/\/versano.nl\/wp-content\/uploads\/2018\/12\/leren-jasje-dames-zwart-versano-340-model2.jpg","type":"image\/jpeg"}],"twitter_card":"summary_large_image","twitter_misc":{"Gesch\u00e4tzte Lesezeit":"2\u00a0Minuten"},"schema":{"@context":"https:\/\/schema.org","@graph":[{"@type":"WebPage","@id":"https:\/\/versano.nl\/shop\/lamsleren-dames-jasje-zwart-versano-340\/","url":"https:\/\/versano.nl\/shop\/lamsleren-dames-jasje-zwart-versano-340\/","name":"Damen Lederjacke schwarz Versano 340, Lederjacke aus Lammleder","isPartOf":{"@id":"https:\/\/versano.nl\/#website"},"primaryImageOfPage":{"@id":"https:\/\/versano.nl\/shop\/lamsleren-dames-jasje-zwart-versano-340\/#primaryimage"},"image":{"@id":"https:\/\/versano.nl\/shop\/lamsleren-dames-jasje-zwart-versano-340\/#primaryimage"},"thumbnailUrl":"https:\/\/versano.nl\/wp-content\/uploads\/2018\/12\/leren-jasje-dames-zwart-versano-340-model2.jpg","datePublished":"2018-04-29T17:25:01+00:00","dateModified":"2025-09-19T18:38:30+00:00","description":"Mit dieser Leder Damenjacke schwarz Versano 340 k\u00f6nnen Sie sich wirklich sehen lassen. Diese Jacke ist aus Lammleder gefertigt und hat eine hervorragende Passform.","breadcrumb":{"@id":"https:\/\/versano.nl\/shop\/lamsleren-dames-jasje-zwart-versano-340\/#breadcrumb"},"inLanguage":"de","potentialAction":[{"@type":"ReadAction","target":["https:\/\/versano.nl\/shop\/lamsleren-dames-jasje-zwart-versano-340\/"]}]},{"@type":"ImageObject","inLanguage":"de","@id":"https:\/\/versano.nl\/shop\/lamsleren-dames-jasje-zwart-versano-340\/#primaryimage","url":"https:\/\/versano.nl\/wp-content\/uploads\/2018\/12\/leren-jasje-dames-zwart-versano-340-model2.jpg","contentUrl":"https:\/\/versano.nl\/wp-content\/uploads\/2018\/12\/leren-jasje-dames-zwart-versano-340-model2.jpg","width":900,"height":1176,"caption":"dames imitatie leren jas 340 zwart Versano"},{"@type":"BreadcrumbList","@id":"https:\/\/versano.nl\/shop\/lamsleren-dames-jasje-zwart-versano-340\/#breadcrumb","itemListElement":[{"@type":"ListItem","position":1,"name":"Home","item":"https:\/\/versano.nl\/"},{"@type":"ListItem","position":2,"name":"Shop","item":"https:\/\/versano.nl\/shop\/"},{"@type":"ListItem","position":3,"name":"leren dames jasje zwart Versano 340"}]},{"@type":"WebSite","@id":"https:\/\/versano.nl\/#website","url":"https:\/\/versano.nl\/","name":"Versano","description":"Winterm\u00e4ntel mit Pelzkragen | Damen Lederjacken | Herren Lederjacken","potentialAction":[{"@type":"SearchAction","target":{"@type":"EntryPoint","urlTemplate":"https:\/\/versano.nl\/?s={search_term_string}"},"query-input":{"@type":"PropertyValueSpecification","valueRequired":true,"valueName":"search_term_string"}}],"inLanguage":"de"}]}},"_links":{"self":[{"href":"https:\/\/versano.nl\/de\/wp-json\/wp\/v2\/product\/8421","targetHints":{"allow":["GET"]}}],"collection":[{"href":"https:\/\/versano.nl\/de\/wp-json\/wp\/v2\/product"}],"about":[{"href":"https:\/\/versano.nl\/de\/wp-json\/wp\/v2\/types\/product"}],"replies":[{"embeddable":true,"href":"https:\/\/versano.nl\/de\/wp-json\/wp\/v2\/comments?post=8421"}],"wp:featuredmedia":[{"embeddable":true,"href":"https:\/\/versano.nl\/de\/wp-json\/wp\/v2\/media\/20595"}],"wp:attachment":[{"href":"https:\/\/versano.nl\/de\/wp-json\/wp\/v2\/media?parent=8421"}],"wp:term":[{"taxonomy":"product_brand","embeddable":true,"href":"https:\/\/versano.nl\/de\/wp-json\/wp\/v2\/product_brand?post=8421"},{"taxonomy":"product_cat","embeddable":true,"href":"https:\/\/versano.nl\/de\/wp-json\/wp\/v2\/product_cat?post=8421"},{"taxonomy":"product_tag","embeddable":true,"href":"https:\/\/versano.nl\/de\/wp-json\/wp\/v2\/product_tag?post=8421"}],"curies":[{"name":"wp","href":"https:\/\/api.w.org\/{rel}","templated":true}]}}