{"id":8397,"date":"2018-04-29T16:09:15","date_gmt":"2018-04-29T16:09:15","guid":{"rendered":"https:\/\/leathershopdoci.nl\/?post_type=product&#038;p=16978"},"modified":"2020-03-27T15:20:06","modified_gmt":"2020-03-27T15:20:06","slug":"zwart-leren-dames-jasje-motor-look-versano-318","status":"publish","type":"product","link":"https:\/\/versano.nl\/de\/shop\/zwart-leren-dames-jasje-motor-look-versano-318\/","title":{"rendered":"Leder Damenjacke im schwarzen Biker-Modell 318"},"content":{"rendered":"<h2>Leder Damenjacke im schwarzen Biker-Modell 318<\/h2>\n<p>Diese Leder Damenjacke im Biker-Modell black 318 von Versano ist eine gepflegte Jacke im Biker-Look und ist sehr bequem. Diese schwarze Leder Damenjacke hat eine gute Passform und das strapazierf\u00e4hige Lammleder hat eine sehr sch\u00f6ne Waschung und sieht aus wie die Leder- und Kunstledervariante Miami. Der Unterschied liegt in den oberen Taschen, da im Miami die Taschen schr\u00e4g stehen. Die Jacke hat zwei tiefe Taschen, zwei Rei\u00dfverschlusstaschen auf der Brust und eine Innentasche. Dieser\u00a0<strong>Leder Damenjacke im schwarzen Biker-Modell<\/strong> 318 hat eine ausgezeichnete detaillierte Verarbeitung und ist italienisch ausgestattet. Die Farben, in denen diese Lederjacke verf\u00fcgbar ist, sind schwarz und dunkelblau.<\/p>\n<p><strong>Qualit\u00e4t Versano<\/strong><br \/>\nBei Versano wissen sie, wie man eine coole Biker-Jacke designt, die nicht sein soll. Mit anderen Worten, diese Jacke sieht perfekt auf dem Fahrrad aus, aber auch, wenn Sie zum Beispiel einen Abend ausgehen oder f\u00fcr einen Nachmittag einkaufen gehen. Diese Jacke ist nicht nur in schwarz und blau erh\u00e4ltlich, sondern kann auch in vier weiteren sch\u00f6nen Farben bestellt werden. Wir empfehlen Ihnen daher, einfach zu pr\u00fcfen, welche Farbe Ihnen am besten zu Ihrem eigenen Stil passt.<\/p>\n<p><a href=\"https:\/\/versano.nl\/\">Versano<\/a><br \/>\nMaterial: 100% Lammfell<br \/>\nFutter: 100% Polyester<br \/>\nL\u00e4nge: kurz<br \/>\nPassen: Ausgestattet Italienisch (Runs)<br \/>\nSchlie\u00dfung: Rei\u00dfverschluss<br \/>\nTaschen: RV-Taschen<br \/>\nKragen: Stehkragen<br \/>\nMaterial Au\u00dfenschicht: hohe Qualit\u00e4t und weiches Lammfell<br \/>\nZeit: 1-3 Tage<\/p>","protected":false},"excerpt":{"rendered":"<p>Leren dames jas in biker model zwart 318 Deze leren dames jas in biker model zwart 318 van Versano is een nette jas met een bikerlook\u00a0en is bijzonder comfortabel. Dit zwarte leren dames jasje heeft een goede pasvorm, en het duurzame lamsleer heeft een bijzonder mooie wassing en lijkt op [&hellip;]<\/p>\n","protected":false},"featured_media":14034,"comment_status":"closed","ping_status":"closed","template":"","meta":[],"product_brand":[],"product_cat":[90,874,875,877,879,880,881,878,882,890],"product_tag":[95,942,98,349,142,101,105,107,943,427,944],"class_list":{"0":"post-8397","1":"product","2":"type-product","3":"status-publish","4":"has-post-thumbnail","6":"product_cat-dames-leren-jassen","7":"product_cat-kort-leren-jasje","8":"product_cat-kort-leren-jasje-dames","9":"product_cat-leren-bikerjacks-dames","10":"product_cat-leren-dames-jassen","11":"product_cat-leren-jasje-dames","12":"product_cat-leren-jassen-dames","13":"product_cat-leren-jassen-dames-uitverkoop","14":"product_cat-versano","15":"product_cat-zwarte-leren-jas-dames","16":"product_tag-korte-leren-jassen","17":"product_tag-leren-dames-jasje-zwart","18":"product_tag-leren-jasje","19":"product_tag-leren-jassen","20":"product_tag-online-dames-leren-jassen","21":"product_tag-online-leren-jassen","22":"product_tag-versano-leren-jassen","23":"product_tag-zomer-leren-jassen","24":"product_tag-zwart-leren-dames-jasje","25":"product_tag-zwarte-leren-dames-jas","26":"product_tag-zwarte-leren-jasje","27":"tm-no-options","29":"first","30":"outofstock","31":"taxable","32":"shipping-taxable","33":"purchasable","34":"product-type-variable"},"yoast_head":"<!-- This site is optimized with the Yoast SEO plugin v27.2 - https:\/\/yoast.com\/product\/yoast-seo-wordpress\/ -->\n<title>Leren dames jas in biker model zwart 318, zwarte leren jas dames<\/title>\n<meta name=\"description\" content=\"Deze leren dames jas in biker model zwart 318 heeft een bikerlook en is bijzonder comfortabel. Het duurzame lamsleer heeft een bijzonder mooie wassing voor een ....\" \/>\n<meta name=\"robots\" content=\"index, follow, max-snippet:-1, max-image-preview:large, max-video-preview:-1\" \/>\n<link rel=\"canonical\" href=\"https:\/\/versano.nl\/de\/shop\/zwart-leren-dames-jasje-motor-look-versano-318\/\" \/>\n<meta property=\"og:locale\" content=\"de_DE\" \/>\n<meta property=\"og:type\" content=\"article\" \/>\n<meta property=\"og:title\" content=\"Leren dames jas in biker model zwart 318, zwarte leren jas dames\" \/>\n<meta property=\"og:description\" content=\"Deze leren dames jas in biker model zwart 318 heeft een bikerlook en is bijzonder comfortabel. Het duurzame lamsleer heeft een bijzonder mooie wassing voor een ....\" \/>\n<meta property=\"og:url\" content=\"https:\/\/versano.nl\/de\/shop\/zwart-leren-dames-jasje-motor-look-versano-318\/\" \/>\n<meta property=\"og:site_name\" content=\"Versano\" \/>\n<meta property=\"article:modified_time\" content=\"2020-03-27T15:20:06+00:00\" \/>\n<meta property=\"og:image\" content=\"https:\/\/versano.nl\/wp-content\/uploads\/2019\/11\/zwart-leren-jasje-dames-versano-318-model2.jpg\" \/>\n\t<meta property=\"og:image:width\" content=\"900\" \/>\n\t<meta property=\"og:image:height\" content=\"1176\" \/>\n\t<meta property=\"og:image:type\" content=\"image\/jpeg\" \/>\n<meta name=\"twitter:card\" content=\"summary_large_image\" \/>\n<meta name=\"twitter:label1\" content=\"Gesch\u00e4tzte Lesezeit\" \/>\n\t<meta name=\"twitter:data1\" content=\"1\u00a0Minute\" \/>\n<script type=\"application\/ld+json\" class=\"yoast-schema-graph\">{\"@context\":\"https:\/\/schema.org\",\"@graph\":[{\"@type\":\"WebPage\",\"@id\":\"https:\/\/versano.nl\/shop\/zwart-leren-dames-jasje-motor-look-versano-318\/\",\"url\":\"https:\/\/versano.nl\/shop\/zwart-leren-dames-jasje-motor-look-versano-318\/\",\"name\":\"Leren dames jas in biker model zwart 318, zwarte leren jas dames\",\"isPartOf\":{\"@id\":\"https:\/\/versano.nl\/#website\"},\"primaryImageOfPage\":{\"@id\":\"https:\/\/versano.nl\/shop\/zwart-leren-dames-jasje-motor-look-versano-318\/#primaryimage\"},\"image\":{\"@id\":\"https:\/\/versano.nl\/shop\/zwart-leren-dames-jasje-motor-look-versano-318\/#primaryimage\"},\"thumbnailUrl\":\"https:\/\/versano.nl\/wp-content\/uploads\/2019\/11\/zwart-leren-jasje-dames-versano-318-model2.jpg\",\"datePublished\":\"2018-04-29T16:09:15+00:00\",\"dateModified\":\"2020-03-27T15:20:06+00:00\",\"description\":\"Deze leren dames jas in biker model zwart 318 heeft een bikerlook en is bijzonder comfortabel. Het duurzame lamsleer heeft een bijzonder mooie wassing voor een ....\",\"breadcrumb\":{\"@id\":\"https:\/\/versano.nl\/shop\/zwart-leren-dames-jasje-motor-look-versano-318\/#breadcrumb\"},\"inLanguage\":\"de\",\"potentialAction\":[{\"@type\":\"ReadAction\",\"target\":[\"https:\/\/versano.nl\/shop\/zwart-leren-dames-jasje-motor-look-versano-318\/\"]}]},{\"@type\":\"ImageObject\",\"inLanguage\":\"de\",\"@id\":\"https:\/\/versano.nl\/shop\/zwart-leren-dames-jasje-motor-look-versano-318\/#primaryimage\",\"url\":\"https:\/\/versano.nl\/wp-content\/uploads\/2019\/11\/zwart-leren-jasje-dames-versano-318-model2.jpg\",\"contentUrl\":\"https:\/\/versano.nl\/wp-content\/uploads\/2019\/11\/zwart-leren-jasje-dames-versano-318-model2.jpg\",\"width\":900,\"height\":1176,\"caption\":\"zwart-leren-jasje-dames-versano-318-model2\"},{\"@type\":\"BreadcrumbList\",\"@id\":\"https:\/\/versano.nl\/shop\/zwart-leren-dames-jasje-motor-look-versano-318\/#breadcrumb\",\"itemListElement\":[{\"@type\":\"ListItem\",\"position\":1,\"name\":\"Home\",\"item\":\"https:\/\/versano.nl\/\"},{\"@type\":\"ListItem\",\"position\":2,\"name\":\"Shop\",\"item\":\"https:\/\/versano.nl\/shop\/\"},{\"@type\":\"ListItem\",\"position\":3,\"name\":\"Leren dames jas in biker model zwart 318\"}]},{\"@type\":\"WebSite\",\"@id\":\"https:\/\/versano.nl\/#website\",\"url\":\"https:\/\/versano.nl\/\",\"name\":\"Versano\",\"description\":\"winterjassen met bontkraag | leren dames jassen | leren heren jassen\",\"potentialAction\":[{\"@type\":\"SearchAction\",\"target\":{\"@type\":\"EntryPoint\",\"urlTemplate\":\"https:\/\/versano.nl\/?s={search_term_string}\"},\"query-input\":{\"@type\":\"PropertyValueSpecification\",\"valueRequired\":true,\"valueName\":\"search_term_string\"}}],\"inLanguage\":\"de\"}]}<\/script>\n<!-- \/ Yoast SEO plugin. -->","yoast_head_json":{"title":"Damen Lederjacke in Biker-Modell schwarz 318, schwarze Lederjacke Damen","description":"Diese Lederjacke in schwarzer Biker 318 hat einen Biker-Look und ist sehr bequem. Das strapazierf\u00e4hige Lammleder wirkt besonders sch\u00f6n ....","robots":{"index":"index","follow":"follow","max-snippet":"max-snippet:-1","max-image-preview":"max-image-preview:large","max-video-preview":"max-video-preview:-1"},"canonical":"https:\/\/versano.nl\/de\/shop\/zwart-leren-dames-jasje-motor-look-versano-318\/","og_locale":"de_DE","og_type":"article","og_title":"Leren dames jas in biker model zwart 318, zwarte leren jas dames","og_description":"Deze leren dames jas in biker model zwart 318 heeft een bikerlook en is bijzonder comfortabel. Het duurzame lamsleer heeft een bijzonder mooie wassing voor een ....","og_url":"https:\/\/versano.nl\/de\/shop\/zwart-leren-dames-jasje-motor-look-versano-318\/","og_site_name":"Versano","article_modified_time":"2020-03-27T15:20:06+00:00","og_image":[{"width":900,"height":1176,"url":"https:\/\/versano.nl\/wp-content\/uploads\/2019\/11\/zwart-leren-jasje-dames-versano-318-model2.jpg","type":"image\/jpeg"}],"twitter_card":"summary_large_image","twitter_misc":{"Gesch\u00e4tzte Lesezeit":"1\u00a0Minute"},"schema":{"@context":"https:\/\/schema.org","@graph":[{"@type":"WebPage","@id":"https:\/\/versano.nl\/shop\/zwart-leren-dames-jasje-motor-look-versano-318\/","url":"https:\/\/versano.nl\/shop\/zwart-leren-dames-jasje-motor-look-versano-318\/","name":"Damen Lederjacke in Biker-Modell schwarz 318, schwarze Lederjacke Damen","isPartOf":{"@id":"https:\/\/versano.nl\/#website"},"primaryImageOfPage":{"@id":"https:\/\/versano.nl\/shop\/zwart-leren-dames-jasje-motor-look-versano-318\/#primaryimage"},"image":{"@id":"https:\/\/versano.nl\/shop\/zwart-leren-dames-jasje-motor-look-versano-318\/#primaryimage"},"thumbnailUrl":"https:\/\/versano.nl\/wp-content\/uploads\/2019\/11\/zwart-leren-jasje-dames-versano-318-model2.jpg","datePublished":"2018-04-29T16:09:15+00:00","dateModified":"2020-03-27T15:20:06+00:00","description":"Diese Lederjacke in schwarzer Biker 318 hat einen Biker-Look und ist sehr bequem. Das strapazierf\u00e4hige Lammleder wirkt besonders sch\u00f6n ....","breadcrumb":{"@id":"https:\/\/versano.nl\/shop\/zwart-leren-dames-jasje-motor-look-versano-318\/#breadcrumb"},"inLanguage":"de","potentialAction":[{"@type":"ReadAction","target":["https:\/\/versano.nl\/shop\/zwart-leren-dames-jasje-motor-look-versano-318\/"]}]},{"@type":"ImageObject","inLanguage":"de","@id":"https:\/\/versano.nl\/shop\/zwart-leren-dames-jasje-motor-look-versano-318\/#primaryimage","url":"https:\/\/versano.nl\/wp-content\/uploads\/2019\/11\/zwart-leren-jasje-dames-versano-318-model2.jpg","contentUrl":"https:\/\/versano.nl\/wp-content\/uploads\/2019\/11\/zwart-leren-jasje-dames-versano-318-model2.jpg","width":900,"height":1176,"caption":"zwart-leren-jasje-dames-versano-318-model2"},{"@type":"BreadcrumbList","@id":"https:\/\/versano.nl\/shop\/zwart-leren-dames-jasje-motor-look-versano-318\/#breadcrumb","itemListElement":[{"@type":"ListItem","position":1,"name":"Home","item":"https:\/\/versano.nl\/"},{"@type":"ListItem","position":2,"name":"Shop","item":"https:\/\/versano.nl\/shop\/"},{"@type":"ListItem","position":3,"name":"Leren dames jas in biker model zwart 318"}]},{"@type":"WebSite","@id":"https:\/\/versano.nl\/#website","url":"https:\/\/versano.nl\/","name":"Versano","description":"Winterm\u00e4ntel mit Pelzkragen | Damen Lederjacken | Herren Lederjacken","potentialAction":[{"@type":"SearchAction","target":{"@type":"EntryPoint","urlTemplate":"https:\/\/versano.nl\/?s={search_term_string}"},"query-input":{"@type":"PropertyValueSpecification","valueRequired":true,"valueName":"search_term_string"}}],"inLanguage":"de"}]}},"_links":{"self":[{"href":"https:\/\/versano.nl\/de\/wp-json\/wp\/v2\/product\/8397","targetHints":{"allow":["GET"]}}],"collection":[{"href":"https:\/\/versano.nl\/de\/wp-json\/wp\/v2\/product"}],"about":[{"href":"https:\/\/versano.nl\/de\/wp-json\/wp\/v2\/types\/product"}],"replies":[{"embeddable":true,"href":"https:\/\/versano.nl\/de\/wp-json\/wp\/v2\/comments?post=8397"}],"wp:featuredmedia":[{"embeddable":true,"href":"https:\/\/versano.nl\/de\/wp-json\/wp\/v2\/media\/14034"}],"wp:attachment":[{"href":"https:\/\/versano.nl\/de\/wp-json\/wp\/v2\/media?parent=8397"}],"wp:term":[{"taxonomy":"product_brand","embeddable":true,"href":"https:\/\/versano.nl\/de\/wp-json\/wp\/v2\/product_brand?post=8397"},{"taxonomy":"product_cat","embeddable":true,"href":"https:\/\/versano.nl\/de\/wp-json\/wp\/v2\/product_cat?post=8397"},{"taxonomy":"product_tag","embeddable":true,"href":"https:\/\/versano.nl\/de\/wp-json\/wp\/v2\/product_tag?post=8397"}],"curies":[{"name":"wp","href":"https:\/\/api.w.org\/{rel}","templated":true}]}}