{"id":8177,"date":"2018-04-27T16:55:16","date_gmt":"2018-04-27T16:55:16","guid":{"rendered":"https:\/\/leathershopdoci.nl\/?post_type=product&#038;p=16879"},"modified":"2025-03-27T19:10:44","modified_gmt":"2025-03-27T19:10:44","slug":"bikerjack-heren-blauw-in-lamsleer-versano-tr-46","status":"publish","type":"product","link":"https:\/\/versano.nl\/de\/shop\/bikerjack-heren-blauw-in-lamsleer-versano-tr-46\/","title":{"rendered":"Bikerjacke Herren blau TR46 Versano"},"content":{"rendered":"<h2>Bikerjacke Herren blau TR46<\/h2>\n<p>Bikerjacken sind aus dem Stra\u00dfenbild nicht mehr wegzudenken und zeitlos. Diese Bikerjacke Herren blau TR46 Versano ist ein neues Modell in der coolen Kollektion der Herren Lederjacken von Versano. Wir haben es hier mit einer Jacke zu tun, die cool aussieht, dir aber auch sehr bequem sitzt. Diese Jacke hat einen elastischen Teil in der Taille, damit die Jacke auch ein Pfund mehr haben kann. Die Jacke hat zwei ger\u00e4umige Seitentaschen mit Rei\u00dfverschluss, mit einer Innentasche. Au\u00dferdem befinden sich bei dieser Jacke zwei Brusttaschen, die du zus\u00e4tzlich mit einem Rei\u00dfverschluss verschlie\u00dfen kannst. Die Passform dieser Jacke ist schmal geschnitten und schmiegt sich somit perfekt an Ihren K\u00f6rper an. Dies ist eine sch\u00f6ne Slim-Fit-Jacke, die ganz im italienischen Stil ist. Mit anderen Worten, mit der Bikerjacke Herren blau TR46 m\u00fcssen Sie sich keine Sorgen um Lackoptik machen. Dieses Modell k\u00f6nnen Sie ganz einfach auf unserer Website in verschiedenen Farben bestellen.<\/p>\n<h2>Modell TR46 in blau bestellen<\/h2>\n<p>Die Bikerjacke Herren blau TR46 ist in den Farben schwarz, blau und cognac erh\u00e4ltlich, dar\u00fcber hinaus haben wir auch einige Farben in Lederimitat angefertigt. Wir empfehlen Ihnen daher, einfach zu schauen, welche Farbe Ihrer Meinung nach am besten zu Ihrem eigenen Stil passt. Bei uns k\u00f6nnen Sie ganz einfach die richtige Gr\u00f6\u00dfe anhand unserer smarten Anleitungsvideos ausw\u00e4hlen. Haben Sie Fragen oder sind Sie sich nicht sicher, welche Gr\u00f6\u00dfe Sie bestellen sollen? Dann k\u00f6nnen Sie uns jederzeit per Mail oder WhatsApp kontaktieren. Unsere Mitarbeiter m\u00f6chten Ihnen helfen!<\/p>\n<p>Marke:\u00a0<a href=\"https:\/\/versano.nl\/\">Versano<\/a><br \/>\nMaterial: 100% Lammfell<br \/>\nFutter: 100% Polyester<br \/>\nL\u00e4nge: kurz<br \/>\nPassform: schmale Passform<br \/>\nSchlie\u00dfung: Rei\u00dfverschluss<br \/>\nTaschen: RV-Taschen<br \/>\nKragen: Stehkragen<br \/>\nMaterial Au\u00dfenschicht: Sehr hohe Qualit\u00e4t und weiches Lammfell<br \/>\nLieferzeit: 2-3 Werktage<\/p>","protected":false},"excerpt":{"rendered":"<p>W\u00c4HLEN SIE HIER EINE ANDERE FARBE<\/p>\n<p><a href=\"https:\/\/versano.nl\/shop\/bikerjack-heren-cognac-in-lamsleer-versano-tr-46\/\"><img loading=\"lazy\" decoding=\"async\" class=\"alignnone size-full wp-image-19899\" src=\"https:\/\/versano.nl\/wp-content\/uploads\/sites\/2\/2018\/04\/heren-leren-jas-zwart-cognac-TR46-thumb.jpg\" alt=\"\" width=\"57\" height=\"75\" \/><\/a><a href=\"https:\/\/versano.nl\/shop\/bikerjack-heren-zwart-in-lamsleer-versano-tr-46\/\"><img loading=\"lazy\" decoding=\"async\" class=\"alignnone size-full wp-image-19900\" src=\"https:\/\/versano.nl\/wp-content\/uploads\/sites\/2\/2018\/04\/leren-jas-heren-zwart-versano-TR46-thumb.jpg\" alt=\"\" width=\"57\" height=\"75\" \/><\/a><\/p>\n<p><span style=\"color: #ff0000;\">Fit Beratung<\/span> : Die Passform dieser Jacke ist schmal geschnitten. Unser Model ist 1,75 cm gro\u00df und tr\u00e4gt Gr\u00f6\u00dfe M.<\/p>\n<p>Wenn Sie sich bei Ihren Ma\u00dfen nicht sicher sind, empfehlen wir Ihnen, zuerst Ihre Gr\u00f6\u00dfenma\u00dfe zu messen und sie mit unserer Gr\u00f6\u00dfentabelle zu vergleichen. Wenn Sie keine Erfahrung mit der Messung von Umfangsgr\u00f6\u00dfen haben, klicken Sie auf\u00a0<a href=\"https:\/\/www.youtube.com\/watch?v=3ZSfY87v6pM\"><em>HIER<\/em>\u00a0<\/a>\u00a0zu\u00a0<span style=\"color: #ff0000;\"><a style=\"color: #ff0000;\" href=\"https:\/\/www.youtube.com\/watch?v=3ZSfY87v6pM\"><em>VIDEO<\/em><\/a>\u00a0<\/span> mit Anweisungen. Sie k\u00f6nnen uns auch direkt anrufen oder anrufen! Unsere Mitarbeiter stehen Ihnen jederzeit zur Verf\u00fcgung.<\/p>\n<p><strong>LIEFERZEIT :<\/strong>\u00a02 bis 3 Werktage.<\/p>","protected":false},"featured_media":20752,"comment_status":"open","ping_status":"closed","template":"","meta":[],"product_brand":[],"product_cat":[1672,146,1670,147,907,912,1671,908,1669,1712,913,910,882],"product_tag":[609,1730,1729,1728,300,930,302,931,932,649,590,413,921],"class_list":{"0":"post-8177","1":"product","2":"type-product","3":"status-publish","4":"has-post-thumbnail","6":"product_cat-biker-jas-heren","7":"product_cat-heren","8":"product_cat-heren-leren-jas","9":"product_cat-heren-leren-jassen","10":"product_cat-kort-leren-jasje-heren","11":"product_cat-leren-bikerjacks-heren","12":"product_cat-leren-heren-jas","13":"product_cat-leren-heren-jassen","14":"product_cat-leren-jas-heren","15":"product_cat-leren-jassen","16":"product_cat-leren-jassen-heren-uitverkoop","17":"product_cat-leren-jassen-heren","18":"product_cat-versano","19":"product_tag-biker-jas-blauw","20":"product_tag-biker-jas-heren-merk","21":"product_tag-biker-jas-heren-sale","22":"product_tag-biker-jas-heren-uitverkoop","23":"product_tag-bikerjack-heren","24":"product_tag-blauwe-heren-bikerjack","25":"product_tag-heren-bikerjack-blauw","26":"product_tag-heren-bikerjas","27":"product_tag-leren-bikerjack-heren","28":"product_tag-leren-heren-bikerjack","29":"product_tag-leren-heren-jas-blauw","30":"product_tag-leren-jas-blauw","31":"product_tag-leren-jasje-heren","32":"tm-no-options","34":"first","35":"instock","36":"sale","37":"taxable","38":"shipping-taxable","39":"purchasable","40":"product-type-variable","41":"has-default-attributes"},"yoast_head":"<!-- This site is optimized with the Yoast SEO plugin v27.2 - https:\/\/yoast.com\/product\/yoast-seo-wordpress\/ -->\n<title>Biker jas heren blauw Versano , bikerjacks heren versano<\/title>\n<meta name=\"description\" content=\"Bent u op zoek naar een Biker jas heren blauw Versano TR 46? Bij versano zit u goed, want hier treft u een ruime keuze lederen\" \/>\n<meta name=\"robots\" content=\"index, follow, max-snippet:-1, max-image-preview:large, max-video-preview:-1\" \/>\n<link rel=\"canonical\" href=\"https:\/\/versano.nl\/de\/shop\/bikerjack-heren-blauw-in-lamsleer-versano-tr-46\/\" \/>\n<meta property=\"og:locale\" content=\"de_DE\" \/>\n<meta property=\"og:type\" content=\"article\" \/>\n<meta property=\"og:title\" content=\"Biker jas heren blauw Versano , bikerjacks heren versano\" \/>\n<meta property=\"og:description\" content=\"Bent u op zoek naar een Biker jas heren blauw Versano TR 46? Bij versano zit u goed, want hier treft u een ruime keuze lederen\" \/>\n<meta property=\"og:url\" content=\"https:\/\/versano.nl\/de\/shop\/bikerjack-heren-blauw-in-lamsleer-versano-tr-46\/\" \/>\n<meta property=\"og:site_name\" content=\"Versano\" \/>\n<meta property=\"article:modified_time\" content=\"2025-03-27T19:10:44+00:00\" \/>\n<meta property=\"og:image\" content=\"https:\/\/versano.nl\/wp-content\/uploads\/2021\/03\/heren-leren-jas-blauw-TR46-model3.jpg\" \/>\n\t<meta property=\"og:image:width\" content=\"900\" \/>\n\t<meta property=\"og:image:height\" content=\"1176\" \/>\n\t<meta property=\"og:image:type\" content=\"image\/jpeg\" \/>\n<meta name=\"twitter:card\" content=\"summary_large_image\" \/>\n<meta name=\"twitter:label1\" content=\"Gesch\u00e4tzte Lesezeit\" \/>\n\t<meta name=\"twitter:data1\" content=\"2\u00a0Minuten\" \/>\n<script type=\"application\/ld+json\" class=\"yoast-schema-graph\">{\"@context\":\"https:\/\/schema.org\",\"@graph\":[{\"@type\":\"WebPage\",\"@id\":\"https:\/\/versano.nl\/shop\/bikerjack-heren-blauw-in-lamsleer-versano-tr-46\/\",\"url\":\"https:\/\/versano.nl\/shop\/bikerjack-heren-blauw-in-lamsleer-versano-tr-46\/\",\"name\":\"Biker jas heren blauw Versano , bikerjacks heren versano\",\"isPartOf\":{\"@id\":\"https:\/\/versano.nl\/#website\"},\"primaryImageOfPage\":{\"@id\":\"https:\/\/versano.nl\/shop\/bikerjack-heren-blauw-in-lamsleer-versano-tr-46\/#primaryimage\"},\"image\":{\"@id\":\"https:\/\/versano.nl\/shop\/bikerjack-heren-blauw-in-lamsleer-versano-tr-46\/#primaryimage\"},\"thumbnailUrl\":\"https:\/\/versano.nl\/wp-content\/uploads\/2021\/03\/heren-leren-jas-blauw-TR46-model3.jpg\",\"datePublished\":\"2018-04-27T16:55:16+00:00\",\"dateModified\":\"2025-03-27T19:10:44+00:00\",\"description\":\"Bent u op zoek naar een Biker jas heren blauw Versano TR 46? Bij versano zit u goed, want hier treft u een ruime keuze lederen\",\"breadcrumb\":{\"@id\":\"https:\/\/versano.nl\/shop\/bikerjack-heren-blauw-in-lamsleer-versano-tr-46\/#breadcrumb\"},\"inLanguage\":\"de\",\"potentialAction\":[{\"@type\":\"ReadAction\",\"target\":[\"https:\/\/versano.nl\/shop\/bikerjack-heren-blauw-in-lamsleer-versano-tr-46\/\"]}]},{\"@type\":\"ImageObject\",\"inLanguage\":\"de\",\"@id\":\"https:\/\/versano.nl\/shop\/bikerjack-heren-blauw-in-lamsleer-versano-tr-46\/#primaryimage\",\"url\":\"https:\/\/versano.nl\/wp-content\/uploads\/2021\/03\/heren-leren-jas-blauw-TR46-model3.jpg\",\"contentUrl\":\"https:\/\/versano.nl\/wp-content\/uploads\/2021\/03\/heren-leren-jas-blauw-TR46-model3.jpg\",\"width\":900,\"height\":1176,\"caption\":\"Biker jas heren blauw TR46 Versano\"},{\"@type\":\"BreadcrumbList\",\"@id\":\"https:\/\/versano.nl\/shop\/bikerjack-heren-blauw-in-lamsleer-versano-tr-46\/#breadcrumb\",\"itemListElement\":[{\"@type\":\"ListItem\",\"position\":1,\"name\":\"Home\",\"item\":\"https:\/\/versano.nl\/\"},{\"@type\":\"ListItem\",\"position\":2,\"name\":\"Shop\",\"item\":\"https:\/\/versano.nl\/shop\/\"},{\"@type\":\"ListItem\",\"position\":3,\"name\":\"Biker jas heren blauw TR46 Versano\"}]},{\"@type\":\"WebSite\",\"@id\":\"https:\/\/versano.nl\/#website\",\"url\":\"https:\/\/versano.nl\/\",\"name\":\"Versano\",\"description\":\"winterjassen met bontkraag | leren dames jassen | leren heren jassen\",\"potentialAction\":[{\"@type\":\"SearchAction\",\"target\":{\"@type\":\"EntryPoint\",\"urlTemplate\":\"https:\/\/versano.nl\/?s={search_term_string}\"},\"query-input\":{\"@type\":\"PropertyValueSpecification\",\"valueRequired\":true,\"valueName\":\"search_term_string\"}}],\"inLanguage\":\"de\"}]}<\/script>\n<!-- \/ Yoast SEO plugin. -->","yoast_head_json":{"title":"Bikerjacke Herren blau Versano, Bikerjacken Herren versano","description":"Suchen Sie eine Bikerjacke Herren blau Versano TR 46? Versano ist der richtige Ort f\u00fcr Sie, denn hier finden Sie eine gro\u00dfe Auswahl an Leder","robots":{"index":"index","follow":"follow","max-snippet":"max-snippet:-1","max-image-preview":"max-image-preview:large","max-video-preview":"max-video-preview:-1"},"canonical":"https:\/\/versano.nl\/de\/shop\/bikerjack-heren-blauw-in-lamsleer-versano-tr-46\/","og_locale":"de_DE","og_type":"article","og_title":"Biker jas heren blauw Versano , bikerjacks heren versano","og_description":"Bent u op zoek naar een Biker jas heren blauw Versano TR 46? Bij versano zit u goed, want hier treft u een ruime keuze lederen","og_url":"https:\/\/versano.nl\/de\/shop\/bikerjack-heren-blauw-in-lamsleer-versano-tr-46\/","og_site_name":"Versano","article_modified_time":"2025-03-27T19:10:44+00:00","og_image":[{"width":900,"height":1176,"url":"https:\/\/versano.nl\/wp-content\/uploads\/2021\/03\/heren-leren-jas-blauw-TR46-model3.jpg","type":"image\/jpeg"}],"twitter_card":"summary_large_image","twitter_misc":{"Gesch\u00e4tzte Lesezeit":"2\u00a0Minuten"},"schema":{"@context":"https:\/\/schema.org","@graph":[{"@type":"WebPage","@id":"https:\/\/versano.nl\/shop\/bikerjack-heren-blauw-in-lamsleer-versano-tr-46\/","url":"https:\/\/versano.nl\/shop\/bikerjack-heren-blauw-in-lamsleer-versano-tr-46\/","name":"Bikerjacke Herren blau Versano, Bikerjacken Herren versano","isPartOf":{"@id":"https:\/\/versano.nl\/#website"},"primaryImageOfPage":{"@id":"https:\/\/versano.nl\/shop\/bikerjack-heren-blauw-in-lamsleer-versano-tr-46\/#primaryimage"},"image":{"@id":"https:\/\/versano.nl\/shop\/bikerjack-heren-blauw-in-lamsleer-versano-tr-46\/#primaryimage"},"thumbnailUrl":"https:\/\/versano.nl\/wp-content\/uploads\/2021\/03\/heren-leren-jas-blauw-TR46-model3.jpg","datePublished":"2018-04-27T16:55:16+00:00","dateModified":"2025-03-27T19:10:44+00:00","description":"Suchen Sie eine Bikerjacke Herren blau Versano TR 46? Versano ist der richtige Ort f\u00fcr Sie, denn hier finden Sie eine gro\u00dfe Auswahl an Leder","breadcrumb":{"@id":"https:\/\/versano.nl\/shop\/bikerjack-heren-blauw-in-lamsleer-versano-tr-46\/#breadcrumb"},"inLanguage":"de","potentialAction":[{"@type":"ReadAction","target":["https:\/\/versano.nl\/shop\/bikerjack-heren-blauw-in-lamsleer-versano-tr-46\/"]}]},{"@type":"ImageObject","inLanguage":"de","@id":"https:\/\/versano.nl\/shop\/bikerjack-heren-blauw-in-lamsleer-versano-tr-46\/#primaryimage","url":"https:\/\/versano.nl\/wp-content\/uploads\/2021\/03\/heren-leren-jas-blauw-TR46-model3.jpg","contentUrl":"https:\/\/versano.nl\/wp-content\/uploads\/2021\/03\/heren-leren-jas-blauw-TR46-model3.jpg","width":900,"height":1176,"caption":"Biker jas heren blauw TR46 Versano"},{"@type":"BreadcrumbList","@id":"https:\/\/versano.nl\/shop\/bikerjack-heren-blauw-in-lamsleer-versano-tr-46\/#breadcrumb","itemListElement":[{"@type":"ListItem","position":1,"name":"Home","item":"https:\/\/versano.nl\/"},{"@type":"ListItem","position":2,"name":"Shop","item":"https:\/\/versano.nl\/shop\/"},{"@type":"ListItem","position":3,"name":"Biker jas heren blauw TR46 Versano"}]},{"@type":"WebSite","@id":"https:\/\/versano.nl\/#website","url":"https:\/\/versano.nl\/","name":"Versano","description":"Winterm\u00e4ntel mit Pelzkragen | Damen Lederjacken | Herren Lederjacken","potentialAction":[{"@type":"SearchAction","target":{"@type":"EntryPoint","urlTemplate":"https:\/\/versano.nl\/?s={search_term_string}"},"query-input":{"@type":"PropertyValueSpecification","valueRequired":true,"valueName":"search_term_string"}}],"inLanguage":"de"}]}},"_links":{"self":[{"href":"https:\/\/versano.nl\/de\/wp-json\/wp\/v2\/product\/8177","targetHints":{"allow":["GET"]}}],"collection":[{"href":"https:\/\/versano.nl\/de\/wp-json\/wp\/v2\/product"}],"about":[{"href":"https:\/\/versano.nl\/de\/wp-json\/wp\/v2\/types\/product"}],"replies":[{"embeddable":true,"href":"https:\/\/versano.nl\/de\/wp-json\/wp\/v2\/comments?post=8177"}],"wp:featuredmedia":[{"embeddable":true,"href":"https:\/\/versano.nl\/de\/wp-json\/wp\/v2\/media\/20752"}],"wp:attachment":[{"href":"https:\/\/versano.nl\/de\/wp-json\/wp\/v2\/media?parent=8177"}],"wp:term":[{"taxonomy":"product_brand","embeddable":true,"href":"https:\/\/versano.nl\/de\/wp-json\/wp\/v2\/product_brand?post=8177"},{"taxonomy":"product_cat","embeddable":true,"href":"https:\/\/versano.nl\/de\/wp-json\/wp\/v2\/product_cat?post=8177"},{"taxonomy":"product_tag","embeddable":true,"href":"https:\/\/versano.nl\/de\/wp-json\/wp\/v2\/product_tag?post=8177"}],"curies":[{"name":"wp","href":"https:\/\/api.w.org\/{rel}","templated":true}]}}